{"id":6827,"date":"2004-08-31T14:50:00","date_gmt":"2004-08-31T14:50:00","guid":{"rendered":"https:\/\/www.allgeier.com\/de\/?page_id=6827"},"modified":"2025-07-23T10:26:42","modified_gmt":"2025-07-23T10:26:42","slug":"aktienrueckkauf-vorstand-der-allgeier-holding-ag-beabsichtigt-erwerb-eigener-aktien-d-2","status":"publish","type":"page","link":"https:\/\/www.allgeier.com\/de\/investor-relations\/adhoc-announcements\/aktienrueckkauf-vorstand-der-allgeier-holding-ag-beabsichtigt-erwerb-eigener-aktien-d-2\/","title":{"rendered":"Aktienr\u00fcckkauf \/ Vorstand der Allgeier Holding AG beabsichtigt Erwerb eigener Aktien (D)"},"content":{"rendered":"<p><P class=\"fontstyle\">M\u00fcnchen, 31.8.2004. Der Vorstand der Allgeier Holding AG hat beschlossen, von der Erm\u00e4chtigung der Hauptversammlung vom 12. August 2004 zum Erwerb eigener Aktien der Gesellschaft gem\u00e4\u00df \u00a7 71 Abs. 1 Nr.8 AktG Gebrauch zu machen. Die Erm\u00e4chtigung ist auf den Zeitraum bis zum 11. Februar 2006 und auf einen Umfang bis zu 10% des Grundkapitals beschr\u00e4nkt. Der Beschluss des Vorstands sieht vor, ab dem 1. September 2004 in dem von der Erm\u00e4chtigung vorgegebenen Rahmen entsprechend der Marktgegebenheiten einmalig oder mehrmalig eigene Aktien der Gesellschaft zu erwerben. <\/P><\/p>\n","protected":false},"excerpt":{"rendered":"<p>M\u00fcnchen, 31.8.2004. Der Vorstand der Allgeier Holding AG hat beschlossen, von der Erm\u00e4chtigung der Hauptversammlung vom 12. August 2004 zum Erwerb eigener Aktien der Gesellschaft gem\u00e4\u00df \u00a7 71 Abs. 1 Nr.8 AktG Gebrauch zu machen. Die Erm\u00e4chtigung ist auf den Zeitraum bis zum 11. Februar 2006 und auf einen<\/p>\n","protected":false},"author":4,"featured_media":0,"parent":1155,"menu_order":0,"comment_status":"close","ping_status":"closed","template":"","meta":{"_acf_changed":false,"footnotes":""},"categories":[],"tags":[],"class_list":["post-6827","page","type-page","status-publish","hentry"],"acf":[],"yoast_head":"<!-- This site is optimized with the Yoast SEO plugin v27.4 - https:\/\/yoast.com\/product\/yoast-seo-wordpress\/ -->\n<title>Aktienr\u00fcckkauf \/ Vorstand der Allgeier Holding AG beabsichtigt Erwerb eigener Aktien (D) - Allgeier SE<\/title>\n<meta name=\"robots\" content=\"index, follow, max-snippet:-1, max-image-preview:large, max-video-preview:-1\" \/>\n<link rel=\"canonical\" href=\"https:\/\/www.allgeier.com\/de\/investor-relations\/adhoc-announcements\/aktienrueckkauf-vorstand-der-allgeier-holding-ag-beabsichtigt-erwerb-eigener-aktien-d-2\/\" \/>\n<meta property=\"og:locale\" content=\"de_DE\" \/>\n<meta property=\"og:type\" content=\"article\" \/>\n<meta property=\"og:title\" content=\"Aktienr\u00fcckkauf \/ Vorstand der Allgeier Holding AG beabsichtigt Erwerb eigener Aktien (D) - Allgeier SE\" \/>\n<meta property=\"og:description\" content=\"M\u00fcnchen, 31.8.2004. Der Vorstand der Allgeier Holding AG hat beschlossen, von der Erm\u00e4chtigung der Hauptversammlung vom 12. August 2004 zum Erwerb eigener Aktien der Gesellschaft gem\u00e4\u00df \u00a7 71 Abs. 1 Nr.8 AktG Gebrauch zu machen. Die Erm\u00e4chtigung ist auf den Zeitraum bis zum 11. Februar 2006 und auf einen\" \/>\n<meta property=\"og:url\" content=\"https:\/\/www.allgeier.com\/de\/investor-relations\/adhoc-announcements\/aktienrueckkauf-vorstand-der-allgeier-holding-ag-beabsichtigt-erwerb-eigener-aktien-d-2\/\" \/>\n<meta property=\"og:site_name\" content=\"Allgeier SE\" \/>\n<meta property=\"article:modified_time\" content=\"2025-07-23T10:26:42+00:00\" \/>\n<meta name=\"twitter:card\" content=\"summary_large_image\" \/>\n<script type=\"application\/ld+json\" class=\"yoast-schema-graph\">{\"@context\":\"https:\\\/\\\/schema.org\",\"@graph\":[{\"@type\":\"WebPage\",\"@id\":\"https:\\\/\\\/www.allgeier.com\\\/de\\\/investor-relations\\\/adhoc-announcements\\\/aktienrueckkauf-vorstand-der-allgeier-holding-ag-beabsichtigt-erwerb-eigener-aktien-d-2\\\/\",\"url\":\"https:\\\/\\\/www.allgeier.com\\\/de\\\/investor-relations\\\/adhoc-announcements\\\/aktienrueckkauf-vorstand-der-allgeier-holding-ag-beabsichtigt-erwerb-eigener-aktien-d-2\\\/\",\"name\":\"Aktienr\u00fcckkauf \\\/ Vorstand der Allgeier Holding AG beabsichtigt Erwerb eigener Aktien (D) - Allgeier SE\",\"isPartOf\":{\"@id\":\"https:\\\/\\\/www.allgeier.com\\\/de\\\/#website\"},\"datePublished\":\"2004-08-31T14:50:00+00:00\",\"dateModified\":\"2025-07-23T10:26:42+00:00\",\"breadcrumb\":{\"@id\":\"https:\\\/\\\/www.allgeier.com\\\/de\\\/investor-relations\\\/adhoc-announcements\\\/aktienrueckkauf-vorstand-der-allgeier-holding-ag-beabsichtigt-erwerb-eigener-aktien-d-2\\\/#breadcrumb\"},\"inLanguage\":\"de\",\"potentialAction\":[{\"@type\":\"ReadAction\",\"target\":[\"https:\\\/\\\/www.allgeier.com\\\/de\\\/investor-relations\\\/adhoc-announcements\\\/aktienrueckkauf-vorstand-der-allgeier-holding-ag-beabsichtigt-erwerb-eigener-aktien-d-2\\\/\"]}]},{\"@type\":\"BreadcrumbList\",\"@id\":\"https:\\\/\\\/www.allgeier.com\\\/de\\\/investor-relations\\\/adhoc-announcements\\\/aktienrueckkauf-vorstand-der-allgeier-holding-ag-beabsichtigt-erwerb-eigener-aktien-d-2\\\/#breadcrumb\",\"itemListElement\":[{\"@type\":\"ListItem\",\"position\":1,\"name\":\"Home\",\"item\":\"https:\\\/\\\/www.allgeier.com\\\/de\\\/\"},{\"@type\":\"ListItem\",\"position\":2,\"name\":\"Investor Relations\",\"item\":\"https:\\\/\\\/www.allgeier.com\\\/de\\\/investor-relations\\\/\"},{\"@type\":\"ListItem\",\"position\":3,\"name\":\"Ad hoc-Mitteilungen\",\"item\":\"https:\\\/\\\/www.allgeier.com\\\/de\\\/investor-relations\\\/adhoc-announcements\\\/\"},{\"@type\":\"ListItem\",\"position\":4,\"name\":\"Aktienr\u00fcckkauf \\\/ Vorstand der Allgeier Holding AG beabsichtigt Erwerb eigener Aktien (D)\"}]},{\"@type\":\"WebSite\",\"@id\":\"https:\\\/\\\/www.allgeier.com\\\/de\\\/#website\",\"url\":\"https:\\\/\\\/www.allgeier.com\\\/de\\\/\",\"name\":\"Allgeier SE\",\"description\":\"Software &amp; IT Services for digital transformation\",\"potentialAction\":[{\"@type\":\"SearchAction\",\"target\":{\"@type\":\"EntryPoint\",\"urlTemplate\":\"https:\\\/\\\/www.allgeier.com\\\/de\\\/?s={search_term_string}\"},\"query-input\":{\"@type\":\"PropertyValueSpecification\",\"valueRequired\":true,\"valueName\":\"search_term_string\"}}],\"inLanguage\":\"de\"}]}<\/script>\n<!-- \/ Yoast SEO plugin. -->","yoast_head_json":{"title":"Aktienr\u00fcckkauf \/ Vorstand der Allgeier Holding AG beabsichtigt Erwerb eigener Aktien (D) - Allgeier SE","robots":{"index":"index","follow":"follow","max-snippet":"max-snippet:-1","max-image-preview":"max-image-preview:large","max-video-preview":"max-video-preview:-1"},"canonical":"https:\/\/www.allgeier.com\/de\/investor-relations\/adhoc-announcements\/aktienrueckkauf-vorstand-der-allgeier-holding-ag-beabsichtigt-erwerb-eigener-aktien-d-2\/","og_locale":"de_DE","og_type":"article","og_title":"Aktienr\u00fcckkauf \/ Vorstand der Allgeier Holding AG beabsichtigt Erwerb eigener Aktien (D) - Allgeier SE","og_description":"M\u00fcnchen, 31.8.2004. Der Vorstand der Allgeier Holding AG hat beschlossen, von der Erm\u00e4chtigung der Hauptversammlung vom 12. August 2004 zum Erwerb eigener Aktien der Gesellschaft gem\u00e4\u00df \u00a7 71 Abs. 1 Nr.8 AktG Gebrauch zu machen. Die Erm\u00e4chtigung ist auf den Zeitraum bis zum 11. Februar 2006 und auf einen","og_url":"https:\/\/www.allgeier.com\/de\/investor-relations\/adhoc-announcements\/aktienrueckkauf-vorstand-der-allgeier-holding-ag-beabsichtigt-erwerb-eigener-aktien-d-2\/","og_site_name":"Allgeier SE","article_modified_time":"2025-07-23T10:26:42+00:00","twitter_card":"summary_large_image","schema":{"@context":"https:\/\/schema.org","@graph":[{"@type":"WebPage","@id":"https:\/\/www.allgeier.com\/de\/investor-relations\/adhoc-announcements\/aktienrueckkauf-vorstand-der-allgeier-holding-ag-beabsichtigt-erwerb-eigener-aktien-d-2\/","url":"https:\/\/www.allgeier.com\/de\/investor-relations\/adhoc-announcements\/aktienrueckkauf-vorstand-der-allgeier-holding-ag-beabsichtigt-erwerb-eigener-aktien-d-2\/","name":"Aktienr\u00fcckkauf \/ Vorstand der Allgeier Holding AG beabsichtigt Erwerb eigener Aktien (D) - Allgeier SE","isPartOf":{"@id":"https:\/\/www.allgeier.com\/de\/#website"},"datePublished":"2004-08-31T14:50:00+00:00","dateModified":"2025-07-23T10:26:42+00:00","breadcrumb":{"@id":"https:\/\/www.allgeier.com\/de\/investor-relations\/adhoc-announcements\/aktienrueckkauf-vorstand-der-allgeier-holding-ag-beabsichtigt-erwerb-eigener-aktien-d-2\/#breadcrumb"},"inLanguage":"de","potentialAction":[{"@type":"ReadAction","target":["https:\/\/www.allgeier.com\/de\/investor-relations\/adhoc-announcements\/aktienrueckkauf-vorstand-der-allgeier-holding-ag-beabsichtigt-erwerb-eigener-aktien-d-2\/"]}]},{"@type":"BreadcrumbList","@id":"https:\/\/www.allgeier.com\/de\/investor-relations\/adhoc-announcements\/aktienrueckkauf-vorstand-der-allgeier-holding-ag-beabsichtigt-erwerb-eigener-aktien-d-2\/#breadcrumb","itemListElement":[{"@type":"ListItem","position":1,"name":"Home","item":"https:\/\/www.allgeier.com\/de\/"},{"@type":"ListItem","position":2,"name":"Investor Relations","item":"https:\/\/www.allgeier.com\/de\/investor-relations\/"},{"@type":"ListItem","position":3,"name":"Ad hoc-Mitteilungen","item":"https:\/\/www.allgeier.com\/de\/investor-relations\/adhoc-announcements\/"},{"@type":"ListItem","position":4,"name":"Aktienr\u00fcckkauf \/ Vorstand der Allgeier Holding AG beabsichtigt Erwerb eigener Aktien (D)"}]},{"@type":"WebSite","@id":"https:\/\/www.allgeier.com\/de\/#website","url":"https:\/\/www.allgeier.com\/de\/","name":"Allgeier SE","description":"Software &amp; IT Services for digital transformation","potentialAction":[{"@type":"SearchAction","target":{"@type":"EntryPoint","urlTemplate":"https:\/\/www.allgeier.com\/de\/?s={search_term_string}"},"query-input":{"@type":"PropertyValueSpecification","valueRequired":true,"valueName":"search_term_string"}}],"inLanguage":"de"}]}},"_links":{"self":[{"href":"https:\/\/www.allgeier.com\/de\/wp-json\/wp\/v2\/pages\/6827","targetHints":{"allow":["GET"]}}],"collection":[{"href":"https:\/\/www.allgeier.com\/de\/wp-json\/wp\/v2\/pages"}],"about":[{"href":"https:\/\/www.allgeier.com\/de\/wp-json\/wp\/v2\/types\/page"}],"author":[{"embeddable":true,"href":"https:\/\/www.allgeier.com\/de\/wp-json\/wp\/v2\/users\/4"}],"replies":[{"embeddable":true,"href":"https:\/\/www.allgeier.com\/de\/wp-json\/wp\/v2\/comments?post=6827"}],"version-history":[{"count":1,"href":"https:\/\/www.allgeier.com\/de\/wp-json\/wp\/v2\/pages\/6827\/revisions"}],"predecessor-version":[{"id":6828,"href":"https:\/\/www.allgeier.com\/de\/wp-json\/wp\/v2\/pages\/6827\/revisions\/6828"}],"up":[{"embeddable":true,"href":"https:\/\/www.allgeier.com\/de\/wp-json\/wp\/v2\/pages\/1155"}],"wp:attachment":[{"href":"https:\/\/www.allgeier.com\/de\/wp-json\/wp\/v2\/media?parent=6827"}],"wp:term":[{"taxonomy":"category","embeddable":true,"href":"https:\/\/www.allgeier.com\/de\/wp-json\/wp\/v2\/categories?post=6827"},{"taxonomy":"post_tag","embeddable":true,"href":"https:\/\/www.allgeier.com\/de\/wp-json\/wp\/v2\/tags?post=6827"}],"curies":[{"name":"wp","href":"https:\/\/api.w.org\/{rel}","templated":true}]}}