{"id":6837,"date":"2005-02-18T17:17:31","date_gmt":"2005-02-18T18:17:31","guid":{"rendered":"https:\/\/www.allgeier.com\/de\/?page_id=6837"},"modified":"2025-07-23T10:26:43","modified_gmt":"2025-07-23T10:26:43","slug":"beabsichtigte-unternehmensakquisitionen-2","status":"publish","type":"page","link":"https:\/\/www.allgeier.com\/de\/investor-relations\/adhoc-announcements\/beabsichtigte-unternehmensakquisitionen-2\/","title":{"rendered":"Beabsichtigte Unternehmensakquisitionen"},"content":{"rendered":"<p><b>Allgeier Holding AG \/ Absichtserkl\u00e4rung<\/b><\/p>\n<p>Ad-hoc-Meldung nach \u00a7 15 WpHG \u00fcbermittelt durch die EquityStory AG.<br \/>F\u00fcr den Inhalt der Mitteilung ist der Emittent verantwortlich.<br \/>&#8212;&#8212;&#8212;&#8212;&#8212;&#8212;&#8212;&#8212;&#8212;&#8212;&#8212;&#8212;&#8212;&#8212;&#8212;&#8212;&#8212;&#8212;&#8212;&#8212;&#8212;&#8212;&#8212;&#8212;&#8212;&#8212;&#8211;<\/p>\n<p>Ad Hoc Meldung nach \u00a7 15 WpHG \u2013 Beabsichtigte Unternehmensakquisitionen <\/p>\n<p>M\u00fcnchen, 18. Februar 2005<\/p>\n<p>Allgeier Holding AG, M\u00fcnchen, ISIN DE 0005086300, teilt mit, dass die<br \/>Allgeier Holding AG eine Erweiterung der Gesch\u00e4ftst\u00e4tigkeit der Allgeier<br \/>Gruppe durch die Akquisition von Unternehmen beabsichtigt.<\/p>\n<p>Allgeier Holding AG hat in einem Letter of Intent die Grundz\u00fcge f\u00fcr den<br \/>Erwerb einer deutschen mittelst\u00e4ndischen Unternehmensgruppe im<br \/>Dienstleistungsbereich mit einem Umsatz von \u00fcber \u20ac 20 Mio. vereinbart.<br \/>Ferner hat Allgeier Holding AG ein Memorandum of Understanding zum Erwerb<br \/>einzelner Gesch\u00e4ftsbereiche, Umsatzvolumen ca. \u20ac 5-10 Mio., eines deutschen<br \/>mittelst\u00e4ndischen Unternehmens im Bereich IT-Solutions unterzeichnet.<\/p>\n<p>Hinsichtlich der weiteren Einzelheiten haben sich die Parteien jeweils zur<br \/>Vertraulichkeit verpflichtet. Der Fortgang der Transaktion h\u00e4ngt in beiden<br \/>F\u00e4llen von dem Ergebnis der noch durchzuf\u00fchrenden Due Diligence Pr\u00fcfungen,<br \/>dem Ausgang der zu f\u00fchrenden Vertragsverhandlungen und schlie\u00dflich der<br \/>Entscheidung von Vorstand und Aufsichtsrat der Allgeier Holding AG ab.<\/p>\n<p>Allgeier Holding AG<br \/>Vorstand<br \/>Wehrlestra\u00dfe 12<br \/>81679 M\u00fcnchen<\/p>\n<p>Kontakt:<br \/>Georg D\u00fcrschmidt<br \/>Vorstand<br \/>Tel. 089-998421-0<br \/>Fax  089-998421-11<\/p>\n<p>EquityStory AG 18.02.2005 <br \/>&#8212;&#8212;&#8212;&#8212;&#8212;&#8212;&#8212;&#8212;&#8212;&#8212;&#8212;&#8212;&#8212;&#8212;&#8212;&#8212;&#8212;&#8212;&#8212;&#8212;&#8212;&#8212;&#8212;&#8212;&#8212;&#8212;&#8211;<\/p>\n<p>Sprache:      Deutsch<br \/>Emittent:     Allgeier Holding AG<br \/>              Wehrlestrasse 12<br \/>              81679 M\u00fcnchen Deutschland<br \/>Telefon:      +49 (0)89 998 421-0<br \/>Fax:          +49 (0)89 998 421-11<br \/>Email:        info@allgeier.com<br \/>WWW:          www.allgeier-holding.com<br \/>ISIN:         DE0005086300<br \/>WKN:          508630<br \/>Indizes:      CDAX<br \/>B\u00f6rsen:       Geregelter Markt in Frankfurt; Freiverkehr in Berlin-Bremen,<br \/>              Hannover, Hamburg, D\u00fcsseldorf, Stuttgart<\/p>\n<p>Ende der Mitteilung                             EQS News-Service<\/p>\n<p>&#8212;&#8212;&#8212;&#8212;&#8212;&#8212;&#8212;&#8212;&#8212;&#8212;&#8212;&#8212;&#8212;&#8212;&#8212;&#8212;&#8212;&#8212;&#8212;&#8212;&#8212;&#8212;&#8212;&#8212;&#8212;<\/p>\n","protected":false},"excerpt":{"rendered":"<p>Ad Hoc Meldung nach \u00a7 15 WpHG \u2013 Beabsichtigte Unternehmensakquisitionen  M\u00fcnchen, 18. Februar 2005 Allgeier Holding AG, M\u00fcnchen, ISIN DE 0005086300, teilt mit, dass die Allgeier Holding AG eine Erweiterung der Gesch\u00e4ftst\u00e4tigkeit der Allgeier Gruppe durch die Akquisition von Unternehmen beabsichti<\/p>\n","protected":false},"author":4,"featured_media":0,"parent":1155,"menu_order":0,"comment_status":"close","ping_status":"closed","template":"","meta":{"_acf_changed":false,"footnotes":""},"categories":[],"tags":[],"class_list":["post-6837","page","type-page","status-publish","hentry"],"acf":[],"yoast_head":"<!-- This site is optimized with the Yoast SEO plugin v27.4 - https:\/\/yoast.com\/product\/yoast-seo-wordpress\/ -->\n<title>Beabsichtigte Unternehmensakquisitionen - Allgeier SE<\/title>\n<meta name=\"robots\" content=\"index, follow, max-snippet:-1, max-image-preview:large, max-video-preview:-1\" \/>\n<link rel=\"canonical\" href=\"https:\/\/www.allgeier.com\/de\/investor-relations\/adhoc-announcements\/beabsichtigte-unternehmensakquisitionen-2\/\" \/>\n<meta property=\"og:locale\" content=\"de_DE\" \/>\n<meta property=\"og:type\" content=\"article\" \/>\n<meta property=\"og:title\" content=\"Beabsichtigte Unternehmensakquisitionen - Allgeier SE\" \/>\n<meta property=\"og:description\" content=\"Ad Hoc Meldung nach \u00a7 15 WpHG \u2013 Beabsichtigte Unternehmensakquisitionen M\u00fcnchen, 18. Februar 2005 Allgeier Holding AG, M\u00fcnchen, ISIN DE 0005086300, teilt mit, dass die Allgeier Holding AG eine Erweiterung der Gesch\u00e4ftst\u00e4tigkeit der Allgeier Gruppe durch die Akquisition von Unternehmen beabsichti\" \/>\n<meta property=\"og:url\" content=\"https:\/\/www.allgeier.com\/de\/investor-relations\/adhoc-announcements\/beabsichtigte-unternehmensakquisitionen-2\/\" \/>\n<meta property=\"og:site_name\" content=\"Allgeier SE\" \/>\n<meta property=\"article:modified_time\" content=\"2025-07-23T10:26:43+00:00\" \/>\n<meta name=\"twitter:card\" content=\"summary_large_image\" \/>\n<meta name=\"twitter:label1\" content=\"Gesch\u00e4tzte Lesezeit\" \/>\n\t<meta name=\"twitter:data1\" content=\"1\u00a0Minute\" \/>\n<script type=\"application\/ld+json\" class=\"yoast-schema-graph\">{\"@context\":\"https:\\\/\\\/schema.org\",\"@graph\":[{\"@type\":\"WebPage\",\"@id\":\"https:\\\/\\\/www.allgeier.com\\\/de\\\/investor-relations\\\/adhoc-announcements\\\/beabsichtigte-unternehmensakquisitionen-2\\\/\",\"url\":\"https:\\\/\\\/www.allgeier.com\\\/de\\\/investor-relations\\\/adhoc-announcements\\\/beabsichtigte-unternehmensakquisitionen-2\\\/\",\"name\":\"Beabsichtigte Unternehmensakquisitionen - Allgeier SE\",\"isPartOf\":{\"@id\":\"https:\\\/\\\/www.allgeier.com\\\/de\\\/#website\"},\"datePublished\":\"2005-02-18T18:17:31+00:00\",\"dateModified\":\"2025-07-23T10:26:43+00:00\",\"breadcrumb\":{\"@id\":\"https:\\\/\\\/www.allgeier.com\\\/de\\\/investor-relations\\\/adhoc-announcements\\\/beabsichtigte-unternehmensakquisitionen-2\\\/#breadcrumb\"},\"inLanguage\":\"de\",\"potentialAction\":[{\"@type\":\"ReadAction\",\"target\":[\"https:\\\/\\\/www.allgeier.com\\\/de\\\/investor-relations\\\/adhoc-announcements\\\/beabsichtigte-unternehmensakquisitionen-2\\\/\"]}]},{\"@type\":\"BreadcrumbList\",\"@id\":\"https:\\\/\\\/www.allgeier.com\\\/de\\\/investor-relations\\\/adhoc-announcements\\\/beabsichtigte-unternehmensakquisitionen-2\\\/#breadcrumb\",\"itemListElement\":[{\"@type\":\"ListItem\",\"position\":1,\"name\":\"Home\",\"item\":\"https:\\\/\\\/www.allgeier.com\\\/de\\\/\"},{\"@type\":\"ListItem\",\"position\":2,\"name\":\"Investor Relations\",\"item\":\"https:\\\/\\\/www.allgeier.com\\\/de\\\/investor-relations\\\/\"},{\"@type\":\"ListItem\",\"position\":3,\"name\":\"Ad hoc-Mitteilungen\",\"item\":\"https:\\\/\\\/www.allgeier.com\\\/de\\\/investor-relations\\\/adhoc-announcements\\\/\"},{\"@type\":\"ListItem\",\"position\":4,\"name\":\"Beabsichtigte Unternehmensakquisitionen\"}]},{\"@type\":\"WebSite\",\"@id\":\"https:\\\/\\\/www.allgeier.com\\\/de\\\/#website\",\"url\":\"https:\\\/\\\/www.allgeier.com\\\/de\\\/\",\"name\":\"Allgeier SE\",\"description\":\"Software &amp; IT Services for digital transformation\",\"potentialAction\":[{\"@type\":\"SearchAction\",\"target\":{\"@type\":\"EntryPoint\",\"urlTemplate\":\"https:\\\/\\\/www.allgeier.com\\\/de\\\/?s={search_term_string}\"},\"query-input\":{\"@type\":\"PropertyValueSpecification\",\"valueRequired\":true,\"valueName\":\"search_term_string\"}}],\"inLanguage\":\"de\"}]}<\/script>\n<!-- \/ Yoast SEO plugin. -->","yoast_head_json":{"title":"Beabsichtigte Unternehmensakquisitionen - Allgeier SE","robots":{"index":"index","follow":"follow","max-snippet":"max-snippet:-1","max-image-preview":"max-image-preview:large","max-video-preview":"max-video-preview:-1"},"canonical":"https:\/\/www.allgeier.com\/de\/investor-relations\/adhoc-announcements\/beabsichtigte-unternehmensakquisitionen-2\/","og_locale":"de_DE","og_type":"article","og_title":"Beabsichtigte Unternehmensakquisitionen - Allgeier SE","og_description":"Ad Hoc Meldung nach \u00a7 15 WpHG \u2013 Beabsichtigte Unternehmensakquisitionen M\u00fcnchen, 18. Februar 2005 Allgeier Holding AG, M\u00fcnchen, ISIN DE 0005086300, teilt mit, dass die Allgeier Holding AG eine Erweiterung der Gesch\u00e4ftst\u00e4tigkeit der Allgeier Gruppe durch die Akquisition von Unternehmen beabsichti","og_url":"https:\/\/www.allgeier.com\/de\/investor-relations\/adhoc-announcements\/beabsichtigte-unternehmensakquisitionen-2\/","og_site_name":"Allgeier SE","article_modified_time":"2025-07-23T10:26:43+00:00","twitter_card":"summary_large_image","twitter_misc":{"Gesch\u00e4tzte Lesezeit":"1\u00a0Minute"},"schema":{"@context":"https:\/\/schema.org","@graph":[{"@type":"WebPage","@id":"https:\/\/www.allgeier.com\/de\/investor-relations\/adhoc-announcements\/beabsichtigte-unternehmensakquisitionen-2\/","url":"https:\/\/www.allgeier.com\/de\/investor-relations\/adhoc-announcements\/beabsichtigte-unternehmensakquisitionen-2\/","name":"Beabsichtigte Unternehmensakquisitionen - Allgeier SE","isPartOf":{"@id":"https:\/\/www.allgeier.com\/de\/#website"},"datePublished":"2005-02-18T18:17:31+00:00","dateModified":"2025-07-23T10:26:43+00:00","breadcrumb":{"@id":"https:\/\/www.allgeier.com\/de\/investor-relations\/adhoc-announcements\/beabsichtigte-unternehmensakquisitionen-2\/#breadcrumb"},"inLanguage":"de","potentialAction":[{"@type":"ReadAction","target":["https:\/\/www.allgeier.com\/de\/investor-relations\/adhoc-announcements\/beabsichtigte-unternehmensakquisitionen-2\/"]}]},{"@type":"BreadcrumbList","@id":"https:\/\/www.allgeier.com\/de\/investor-relations\/adhoc-announcements\/beabsichtigte-unternehmensakquisitionen-2\/#breadcrumb","itemListElement":[{"@type":"ListItem","position":1,"name":"Home","item":"https:\/\/www.allgeier.com\/de\/"},{"@type":"ListItem","position":2,"name":"Investor Relations","item":"https:\/\/www.allgeier.com\/de\/investor-relations\/"},{"@type":"ListItem","position":3,"name":"Ad hoc-Mitteilungen","item":"https:\/\/www.allgeier.com\/de\/investor-relations\/adhoc-announcements\/"},{"@type":"ListItem","position":4,"name":"Beabsichtigte Unternehmensakquisitionen"}]},{"@type":"WebSite","@id":"https:\/\/www.allgeier.com\/de\/#website","url":"https:\/\/www.allgeier.com\/de\/","name":"Allgeier SE","description":"Software &amp; IT Services for digital transformation","potentialAction":[{"@type":"SearchAction","target":{"@type":"EntryPoint","urlTemplate":"https:\/\/www.allgeier.com\/de\/?s={search_term_string}"},"query-input":{"@type":"PropertyValueSpecification","valueRequired":true,"valueName":"search_term_string"}}],"inLanguage":"de"}]}},"_links":{"self":[{"href":"https:\/\/www.allgeier.com\/de\/wp-json\/wp\/v2\/pages\/6837","targetHints":{"allow":["GET"]}}],"collection":[{"href":"https:\/\/www.allgeier.com\/de\/wp-json\/wp\/v2\/pages"}],"about":[{"href":"https:\/\/www.allgeier.com\/de\/wp-json\/wp\/v2\/types\/page"}],"author":[{"embeddable":true,"href":"https:\/\/www.allgeier.com\/de\/wp-json\/wp\/v2\/users\/4"}],"replies":[{"embeddable":true,"href":"https:\/\/www.allgeier.com\/de\/wp-json\/wp\/v2\/comments?post=6837"}],"version-history":[{"count":1,"href":"https:\/\/www.allgeier.com\/de\/wp-json\/wp\/v2\/pages\/6837\/revisions"}],"predecessor-version":[{"id":6838,"href":"https:\/\/www.allgeier.com\/de\/wp-json\/wp\/v2\/pages\/6837\/revisions\/6838"}],"up":[{"embeddable":true,"href":"https:\/\/www.allgeier.com\/de\/wp-json\/wp\/v2\/pages\/1155"}],"wp:attachment":[{"href":"https:\/\/www.allgeier.com\/de\/wp-json\/wp\/v2\/media?parent=6837"}],"wp:term":[{"taxonomy":"category","embeddable":true,"href":"https:\/\/www.allgeier.com\/de\/wp-json\/wp\/v2\/categories?post=6837"},{"taxonomy":"post_tag","embeddable":true,"href":"https:\/\/www.allgeier.com\/de\/wp-json\/wp\/v2\/tags?post=6837"}],"curies":[{"name":"wp","href":"https:\/\/api.w.org\/{rel}","templated":true}]}}