{"id":6839,"date":"2005-03-11T17:28:35","date_gmt":"2005-03-11T18:28:35","guid":{"rendered":"https:\/\/www.allgeier.com\/de\/?page_id=6839"},"modified":"2025-07-23T10:26:43","modified_gmt":"2025-07-23T10:26:43","slug":"vorlaeufige-ergebnisse-2004-2","status":"publish","type":"page","link":"https:\/\/www.allgeier.com\/de\/investor-relations\/adhoc-announcements\/vorlaeufige-ergebnisse-2004-2\/","title":{"rendered":"Vorl\u00e4ufige Ergebnisse 2004"},"content":{"rendered":"<p><b>Allgeier Holding AG \/ Jahresergebnis<\/b><\/p>\n<p>Ad-hoc-Meldung nach \u00a7 15 WpHG \u00fcbermittelt durch die EquityStory AG.<br \/>\nF\u00fcr den Inhalt der Mitteilung ist der Emittent verantwortlich.<br \/>\n&#8212;&#8212;&#8212;&#8212;&#8212;&#8212;&#8212;&#8212;&#8212;&#8212;&#8212;&#8212;&#8212;&#8212;&#8212;&#8212;&#8212;&#8212;&#8212;&#8212;&#8212;&#8212;&#8212;&#8212;&#8212;<\/p>\n<p>Allgeier Holding AG: Vorl\u00e4ufige Ergebnisse 2004<\/p>\n<p>Ungepr\u00fcfter, vorl\u00e4ufiger Konzernumsatz  EUR 39,6 Mio., operatives<br \/>\nKonzernergebnis (IFRS) vor Sonderbelastungen positiv, Abschreibungen auf<br \/>\nFirmenwerte im Konzern (IFRS) EUR 3,6 Mio., Konzernverlust nach<br \/>\nAbschreibungen (IFRS) bei EUR 1,0 Mio.<\/p>\n<p>M\u00fcnchen, 11.3.2005 &#8211; Gem\u00e4\u00df den vorl\u00e4ufigen, ungepr\u00fcften Konzernzahlen nach<br \/>\nIFRS wird Allgeier Holding AG das Gesch\u00e4ftsjahr 2004 voraussichtlich bei<br \/>\neinem Konzernumsatz von 39,6 Mio. EUR (Vorjahr 39,1 Mio. EUR) mit einem<br \/>\noperativen Konzernergebnis vor Abschreibungen (EBITDA) von ca. 2,9 Mio. EUR<br \/>\n(Vorjahr: -1,2 Mio. EUR) abschlie\u00dfen. Nach betrieblichen Abschreibungen von<br \/>\n1,9 Mio. EUR und Abschreibungen auf Firmenwerte von 3,6 Mio. EUR entsteht<br \/>\nim Konzern ein vorl\u00e4ufiges Ergebnis vor Zinsen und Steuern (EBIT) von &#8211; 2,6<br \/>\nMio. EUR und ein Konzernverlust von 1,0 Mio. EUR.<\/p>\n<p>Urs\u00e4chlich f\u00fcr das negative Konzernergebnis sind eine Reihe von Belastungen<br \/>\nim Gesch\u00e4ftsbereich Basistechnologie im 4. Quartal 2004. Unter anderem<br \/>\nbelasteten Aufwendungen zur Zuf\u00fchrung zu R\u00fcckstellungen f\u00fcr Abfindungen,<br \/>\nsonstige Personalma\u00dfnahmen und Abschreibungen auf Firmenwerte das Ergebnis<br \/>\ndes Gesch\u00e4ftsbereichs und damit das Konzernergebnis. Nach Bereinigung um<br \/>\nverschiedene Einmalbelastungen aus Zuf\u00fchrungen zu R\u00fcckstellungen und<br \/>\nFirmenwertabschreibungen liegt das operative Ergebnis des erw\u00e4hnten<br \/>\nGesch\u00e4ftsbereichs und des Konzerns insgesamt im positiven Bereich.<br \/>\nInsbesondere der Gesch\u00e4ftsbereich IT schlie\u00dft mit einem positiven Ergebnis<br \/>\nab. Der Cash Flow der Gruppe war positiv.<\/p>\n<p>Der Gesch\u00e4ftsbereich IT-Solutions der Allgeier Holding AG schlie\u00dft mit<br \/>\neinem Umsatzwachstum von ca. 10% positiv ab, die in 2004 neu erworbene<br \/>\nGesellschaft GFU  wurde anteilig f\u00fcr einen Zeitraum von 8 Monaten<br \/>\nkonsolidiert und hat zum Konzernwachstum und der Konzernergebnislage<br \/>\nbeigetragen. Die im Dezember 2004 erworbene ICC GmbH wird nur in der Bilanz<br \/>\nkonsolidiert, eine Konsolidierung der Gewinn- und Verlustrechnung erfolgt<br \/>\naufgrund des Erwerbszeitpunkts 30.12.2004 nicht.<\/p>\n<p>Der Gesch\u00e4ftsbereich Basistechnologie schlie\u00dft trotz fr\u00fchzeitig<br \/>\neingeleiteter Restrukturierungsma\u00dfnahmen mit Verlust. Der zunehmende<br \/>\nPreiskampf im Sektor Telekom und die deshalb zur Jahresmitte 2004<br \/>\ndurchgef\u00fchrte Auslagerung des Gesch\u00e4ftsbereichs Telekom in ein Joint<br \/>\nVenture f\u00fchrte zu Umsatzeinbussen in 2004 von ca. 9 Mio. EUR. In diesem<br \/>\nZusammenhang waren Restrukturierungsschritte notwendig geworden. Diese<br \/>\nl\u00f6sten zus\u00e4tzliche Kosten aus, die sich insbesondere im 4. Quartal<br \/>\nauswirkten. Zwar konnte trotz des Umsatzr\u00fcckgangs eine Verbesserung der<br \/>\noperativen Ergebnislage erreicht werden, das EBITDA stieg nach Verlust in<br \/>\n2003 auf einen positiven Wert in 2004, nach Abschreibungen, Zinsen und<br \/>\nSteuern bleibt aber ein substantieller Verlust. Dar\u00fcber hinaus rechnen wir<br \/>\nf\u00fcr 2005 mit einem weiteren Umsatzr\u00fcckgang von ca. 9 Mio. EUR.<\/p>\n<p>Die wirtschaftliche Lage der Allgeier Gruppe ist trotz des durch<br \/>\nSondereffekte beeinflussten negativen Ergebnisses insgesamt stabil positiv.<\/p>\n<p>Aufgrund des negativen Gesamtergebnisses der Allgeier Holding AG wird f\u00fcr<br \/>\ndas Gesch\u00e4ftsjahr 2004 eine Dividendenaussch\u00fcttung nicht m\u00f6glich sein.<\/p>\n<p>Weitere Informationen im Internet unter http:\/\/www.allgeier-holding.de<\/p>\n<p>Kontakt:<br \/>\nGeorg D\u00fcrschmidt<br \/>\nVorstand<br \/>\nTel. 089-998421-0<br \/>\nFax  089-998421-11<\/p>\n<p>EquityStory AG 11.03.2005<br \/>\n&#8212;&#8212;&#8212;&#8212;&#8212;&#8212;&#8212;&#8212;&#8212;&#8212;&#8212;&#8212;&#8212;&#8212;&#8212;&#8212;&#8212;&#8212;&#8212;&#8212;&#8212;&#8212;&#8212;&#8212;&#8212;<\/p>\n<p>Sprache:      Deutsch<br \/>\nEmittent:     Allgeier Holding AG<br \/>\n              Wehrlestrasse 12<br \/>\n              81679 M\u00fcnchen Deutschland<br \/>\nTelefon:      +49 (0)89 998 421-0<br \/>\nFax:          +49 (0)89 998 421-11<br \/>\nEmail:        info@allgeier.com<br \/>\nWWW:          www.allgeier-holding.com<br \/>\nISIN:         DE0005086300<br \/>\nWKN:          508630<br \/>\nIndizes:      CDAX<br \/>\nB\u00f6rsen:       Geregelter Markt in Frankfurt; Freiverkehr in Berlin-Bremen,<br \/>\n              Hannover, Hamburg, D\u00fcsseldorf, Stuttgart<\/p>\n<p>Ende der Mitteilung                             EQS News-Service<\/p>\n<p>&#8212;&#8212;&#8212;&#8212;&#8212;&#8212;&#8212;&#8212;&#8212;&#8212;&#8212;&#8212;&#8212;&#8212;&#8212;&#8212;&#8212;&#8212;&#8212;&#8212;&#8212;&#8212;&#8212;&#8212;&#8212;<\/p>\n","protected":false},"excerpt":{"rendered":"<p>Allgeier Holding AG: Vorl\u00e4ufige Ergebnisse 2004 Ungepr\u00fcfter, vorl\u00e4ufiger Konzernumsatz EUR 39,6 Mio., operatives Konzernergebnis (IFRS) vor Sonderbelastungen positiv, Abschreibungen auf Firmenwerte im Konzern (IFRS) EUR 3,6 Mio., Konzernverlust nach Abschreibungen (IFRS) bei EUR 1,0 Mio.  M\u00fcnchen,<\/p>\n","protected":false},"author":4,"featured_media":0,"parent":1155,"menu_order":0,"comment_status":"close","ping_status":"closed","template":"","meta":{"_acf_changed":false,"footnotes":""},"categories":[],"tags":[],"class_list":["post-6839","page","type-page","status-publish","hentry"],"acf":[],"yoast_head":"<!-- This site is optimized with the Yoast SEO plugin v27.4 - https:\/\/yoast.com\/product\/yoast-seo-wordpress\/ -->\n<title>Vorl\u00e4ufige Ergebnisse 2004 - Allgeier SE<\/title>\n<meta name=\"robots\" content=\"index, follow, max-snippet:-1, max-image-preview:large, max-video-preview:-1\" \/>\n<link rel=\"canonical\" href=\"https:\/\/www.allgeier.com\/de\/investor-relations\/adhoc-announcements\/vorlaeufige-ergebnisse-2004-2\/\" \/>\n<meta property=\"og:locale\" content=\"de_DE\" \/>\n<meta property=\"og:type\" content=\"article\" \/>\n<meta property=\"og:title\" content=\"Vorl\u00e4ufige Ergebnisse 2004 - Allgeier SE\" \/>\n<meta property=\"og:description\" content=\"Allgeier Holding AG: Vorl\u00e4ufige Ergebnisse 2004 Ungepr\u00fcfter, vorl\u00e4ufiger Konzernumsatz EUR 39,6 Mio., operatives Konzernergebnis (IFRS) vor Sonderbelastungen positiv, Abschreibungen auf Firmenwerte im Konzern (IFRS) EUR 3,6 Mio., Konzernverlust nach Abschreibungen (IFRS) bei EUR 1,0 Mio. M\u00fcnchen,\" \/>\n<meta property=\"og:url\" content=\"https:\/\/www.allgeier.com\/de\/investor-relations\/adhoc-announcements\/vorlaeufige-ergebnisse-2004-2\/\" \/>\n<meta property=\"og:site_name\" content=\"Allgeier SE\" \/>\n<meta property=\"article:modified_time\" content=\"2025-07-23T10:26:43+00:00\" \/>\n<meta name=\"twitter:card\" content=\"summary_large_image\" \/>\n<meta name=\"twitter:label1\" content=\"Gesch\u00e4tzte Lesezeit\" \/>\n\t<meta name=\"twitter:data1\" content=\"3\u00a0Minuten\" \/>\n<script type=\"application\/ld+json\" class=\"yoast-schema-graph\">{\"@context\":\"https:\\\/\\\/schema.org\",\"@graph\":[{\"@type\":\"WebPage\",\"@id\":\"https:\\\/\\\/www.allgeier.com\\\/de\\\/investor-relations\\\/adhoc-announcements\\\/vorlaeufige-ergebnisse-2004-2\\\/\",\"url\":\"https:\\\/\\\/www.allgeier.com\\\/de\\\/investor-relations\\\/adhoc-announcements\\\/vorlaeufige-ergebnisse-2004-2\\\/\",\"name\":\"Vorl\u00e4ufige Ergebnisse 2004 - Allgeier SE\",\"isPartOf\":{\"@id\":\"https:\\\/\\\/www.allgeier.com\\\/de\\\/#website\"},\"datePublished\":\"2005-03-11T18:28:35+00:00\",\"dateModified\":\"2025-07-23T10:26:43+00:00\",\"breadcrumb\":{\"@id\":\"https:\\\/\\\/www.allgeier.com\\\/de\\\/investor-relations\\\/adhoc-announcements\\\/vorlaeufige-ergebnisse-2004-2\\\/#breadcrumb\"},\"inLanguage\":\"de\",\"potentialAction\":[{\"@type\":\"ReadAction\",\"target\":[\"https:\\\/\\\/www.allgeier.com\\\/de\\\/investor-relations\\\/adhoc-announcements\\\/vorlaeufige-ergebnisse-2004-2\\\/\"]}]},{\"@type\":\"BreadcrumbList\",\"@id\":\"https:\\\/\\\/www.allgeier.com\\\/de\\\/investor-relations\\\/adhoc-announcements\\\/vorlaeufige-ergebnisse-2004-2\\\/#breadcrumb\",\"itemListElement\":[{\"@type\":\"ListItem\",\"position\":1,\"name\":\"Home\",\"item\":\"https:\\\/\\\/www.allgeier.com\\\/de\\\/\"},{\"@type\":\"ListItem\",\"position\":2,\"name\":\"Investor Relations\",\"item\":\"https:\\\/\\\/www.allgeier.com\\\/de\\\/investor-relations\\\/\"},{\"@type\":\"ListItem\",\"position\":3,\"name\":\"Ad hoc-Mitteilungen\",\"item\":\"https:\\\/\\\/www.allgeier.com\\\/de\\\/investor-relations\\\/adhoc-announcements\\\/\"},{\"@type\":\"ListItem\",\"position\":4,\"name\":\"Vorl\u00e4ufige Ergebnisse 2004\"}]},{\"@type\":\"WebSite\",\"@id\":\"https:\\\/\\\/www.allgeier.com\\\/de\\\/#website\",\"url\":\"https:\\\/\\\/www.allgeier.com\\\/de\\\/\",\"name\":\"Allgeier SE\",\"description\":\"Software &amp; IT Services for digital transformation\",\"potentialAction\":[{\"@type\":\"SearchAction\",\"target\":{\"@type\":\"EntryPoint\",\"urlTemplate\":\"https:\\\/\\\/www.allgeier.com\\\/de\\\/?s={search_term_string}\"},\"query-input\":{\"@type\":\"PropertyValueSpecification\",\"valueRequired\":true,\"valueName\":\"search_term_string\"}}],\"inLanguage\":\"de\"}]}<\/script>\n<!-- \/ Yoast SEO plugin. -->","yoast_head_json":{"title":"Vorl\u00e4ufige Ergebnisse 2004 - Allgeier SE","robots":{"index":"index","follow":"follow","max-snippet":"max-snippet:-1","max-image-preview":"max-image-preview:large","max-video-preview":"max-video-preview:-1"},"canonical":"https:\/\/www.allgeier.com\/de\/investor-relations\/adhoc-announcements\/vorlaeufige-ergebnisse-2004-2\/","og_locale":"de_DE","og_type":"article","og_title":"Vorl\u00e4ufige Ergebnisse 2004 - Allgeier SE","og_description":"Allgeier Holding AG: Vorl\u00e4ufige Ergebnisse 2004 Ungepr\u00fcfter, vorl\u00e4ufiger Konzernumsatz EUR 39,6 Mio., operatives Konzernergebnis (IFRS) vor Sonderbelastungen positiv, Abschreibungen auf Firmenwerte im Konzern (IFRS) EUR 3,6 Mio., Konzernverlust nach Abschreibungen (IFRS) bei EUR 1,0 Mio. M\u00fcnchen,","og_url":"https:\/\/www.allgeier.com\/de\/investor-relations\/adhoc-announcements\/vorlaeufige-ergebnisse-2004-2\/","og_site_name":"Allgeier SE","article_modified_time":"2025-07-23T10:26:43+00:00","twitter_card":"summary_large_image","twitter_misc":{"Gesch\u00e4tzte Lesezeit":"3\u00a0Minuten"},"schema":{"@context":"https:\/\/schema.org","@graph":[{"@type":"WebPage","@id":"https:\/\/www.allgeier.com\/de\/investor-relations\/adhoc-announcements\/vorlaeufige-ergebnisse-2004-2\/","url":"https:\/\/www.allgeier.com\/de\/investor-relations\/adhoc-announcements\/vorlaeufige-ergebnisse-2004-2\/","name":"Vorl\u00e4ufige Ergebnisse 2004 - Allgeier SE","isPartOf":{"@id":"https:\/\/www.allgeier.com\/de\/#website"},"datePublished":"2005-03-11T18:28:35+00:00","dateModified":"2025-07-23T10:26:43+00:00","breadcrumb":{"@id":"https:\/\/www.allgeier.com\/de\/investor-relations\/adhoc-announcements\/vorlaeufige-ergebnisse-2004-2\/#breadcrumb"},"inLanguage":"de","potentialAction":[{"@type":"ReadAction","target":["https:\/\/www.allgeier.com\/de\/investor-relations\/adhoc-announcements\/vorlaeufige-ergebnisse-2004-2\/"]}]},{"@type":"BreadcrumbList","@id":"https:\/\/www.allgeier.com\/de\/investor-relations\/adhoc-announcements\/vorlaeufige-ergebnisse-2004-2\/#breadcrumb","itemListElement":[{"@type":"ListItem","position":1,"name":"Home","item":"https:\/\/www.allgeier.com\/de\/"},{"@type":"ListItem","position":2,"name":"Investor Relations","item":"https:\/\/www.allgeier.com\/de\/investor-relations\/"},{"@type":"ListItem","position":3,"name":"Ad hoc-Mitteilungen","item":"https:\/\/www.allgeier.com\/de\/investor-relations\/adhoc-announcements\/"},{"@type":"ListItem","position":4,"name":"Vorl\u00e4ufige Ergebnisse 2004"}]},{"@type":"WebSite","@id":"https:\/\/www.allgeier.com\/de\/#website","url":"https:\/\/www.allgeier.com\/de\/","name":"Allgeier SE","description":"Software &amp; IT Services for digital transformation","potentialAction":[{"@type":"SearchAction","target":{"@type":"EntryPoint","urlTemplate":"https:\/\/www.allgeier.com\/de\/?s={search_term_string}"},"query-input":{"@type":"PropertyValueSpecification","valueRequired":true,"valueName":"search_term_string"}}],"inLanguage":"de"}]}},"_links":{"self":[{"href":"https:\/\/www.allgeier.com\/de\/wp-json\/wp\/v2\/pages\/6839","targetHints":{"allow":["GET"]}}],"collection":[{"href":"https:\/\/www.allgeier.com\/de\/wp-json\/wp\/v2\/pages"}],"about":[{"href":"https:\/\/www.allgeier.com\/de\/wp-json\/wp\/v2\/types\/page"}],"author":[{"embeddable":true,"href":"https:\/\/www.allgeier.com\/de\/wp-json\/wp\/v2\/users\/4"}],"replies":[{"embeddable":true,"href":"https:\/\/www.allgeier.com\/de\/wp-json\/wp\/v2\/comments?post=6839"}],"version-history":[{"count":1,"href":"https:\/\/www.allgeier.com\/de\/wp-json\/wp\/v2\/pages\/6839\/revisions"}],"predecessor-version":[{"id":6840,"href":"https:\/\/www.allgeier.com\/de\/wp-json\/wp\/v2\/pages\/6839\/revisions\/6840"}],"up":[{"embeddable":true,"href":"https:\/\/www.allgeier.com\/de\/wp-json\/wp\/v2\/pages\/1155"}],"wp:attachment":[{"href":"https:\/\/www.allgeier.com\/de\/wp-json\/wp\/v2\/media?parent=6839"}],"wp:term":[{"taxonomy":"category","embeddable":true,"href":"https:\/\/www.allgeier.com\/de\/wp-json\/wp\/v2\/categories?post=6839"},{"taxonomy":"post_tag","embeddable":true,"href":"https:\/\/www.allgeier.com\/de\/wp-json\/wp\/v2\/tags?post=6839"}],"curies":[{"name":"wp","href":"https:\/\/api.w.org\/{rel}","templated":true}]}}