{"id":6843,"date":"2005-04-19T19:45:29","date_gmt":"2005-04-19T19:45:29","guid":{"rendered":"https:\/\/www.allgeier.com\/de\/?page_id=6843"},"modified":"2025-07-23T10:26:44","modified_gmt":"2025-07-23T10:26:44","slug":"einigung-ueber-den-erwerb-von-vermoegensgegenstaenden-der-bog-informationstechnologie-services-gmbh-co-kg-2","status":"publish","type":"page","link":"https:\/\/www.allgeier.com\/de\/investor-relations\/adhoc-announcements\/einigung-ueber-den-erwerb-von-vermoegensgegenstaenden-der-bog-informationstechnologie-services-gmbh-co-kg-2\/","title":{"rendered":"Einigung \u00fcber den Erwerb von Verm\u00f6gensgegenst\u00e4nden der BOG Informationstechnologie &amp; Services GmbH &amp; Co. KG"},"content":{"rendered":"<p><SPAN class=\"fontstyle\">Allgeier Holding AG, M\u00fcnchen, den 19.04.2005 <BR \/><BR \/>Einigung \u00fcber den Erwerb von Verm\u00f6gensgegenst\u00e4nden der BOG Informationstechnologie &amp; Services GmbH &amp; Co. KG <BR \/><BR \/>Allgeier Holding AG, M\u00fcnchen, ISIN DE 0005086300, teilt mit, dass die Axol IT Kommunikations GmbH, Bremen, eine 100 % Tochter der Allgeier Holding AG, sich mit der in vorl\u00e4ufiger Insolvenz befindlichen BOG Informationstechnologie &amp; Services GmbH &amp; Co. KG, M\u00fcnster, \u00fcber den Erwerb von einzelnen Verm\u00f6gensgegenst\u00e4nden und Vertragsbeziehungen aus dem Gesch\u00e4ftsbereich ERP Navision geeinigt hat. Ein entsprechender Vertrag, dessen Wirksamkeit u. a. noch von der Zustimmung des vorl\u00e4ufigen Gl\u00e4ubigerausschusses abh\u00e4ngt, wurde heute am 19.4.2005 unterzeichnet. In der Ad-hoc-Mitteilung vom 18.2.2005 hatte die Allgeier Holding AG \u00fcber die Unterzeichnung eines Memorandum of Understanding zum Erwerb einzelner <BR \/>Gesch\u00e4ftsbereiche eines mittelst\u00e4ndischen IT Unternehmens berichtet. Die Verhandlungen wurden dadurch beeinflusst, dass BOG Informationstechnologie &amp; Services GmbH &amp; Co. KG in der Zwischenzeit Insolvenzantrag gestellt hat. Die beabsichtigte Transaktion wird mit dem Abschluss des Kaufvertrages nun teilweise umgesetzt. F\u00fcr die Allgeier Group stellt der Erwerb der Verm\u00f6gensgegenst\u00e4nde des auf ERP Navision Handelsl\u00f6sungen ausgerichteten Gesch\u00e4fts eine Erg\u00e4nzung ihrer eigenen Mittelstandsl\u00f6sung dar. Dar\u00fcber hinaus finden Verhandlungen zwischen Allgeier Holding AG und dem vorl\u00e4ufigen Insolvenzverwalter der BOG Informationstechnologie &amp; Services GmbH &amp; Co. KG \u00fcber den Erwerb weiterer Verm\u00f6gensgegenst\u00e4nde aus Gesch\u00e4ftsbereichen der BOG Informationstechnologie &amp; Services GmbH &amp; Co. KG <BR \/>statt. <BR \/><BR \/>Allgeier Holding AG <BR \/>Vorstand <BR \/>Wehrlestra\u00dfe 12 <BR \/>81679 M\u00fcnchen <BR \/><BR \/><BR \/>Kontakt: <BR \/>Georg D\u00fcrschmidt <BR \/>Vorstand <BR \/>Tel. 089-998421-0 <BR \/>Fax 089-998421-11 <\/SPAN><\/p>\n","protected":false},"excerpt":{"rendered":"<p>Allgeier Holding AG, M\u00fcnchen, den 19.04.2005 Einigung \u00fcber den Erwerb von Verm\u00f6gensgegenst\u00e4nden der BOG Informationstechnologie &#038; Services GmbH &#038; Co. KG Allgeier Holding AG, M\u00fcnchen, ISIN DE 0005086300, teilt mit, dass die Axol IT Kommunikations GmbH, Bremen, eine 100 % Tochter der Allgeier Holding AG,<\/p>\n","protected":false},"author":4,"featured_media":0,"parent":1155,"menu_order":0,"comment_status":"close","ping_status":"closed","template":"","meta":{"_acf_changed":false,"footnotes":""},"categories":[],"tags":[],"class_list":["post-6843","page","type-page","status-publish","hentry"],"acf":[],"yoast_head":"<!-- This site is optimized with the Yoast SEO plugin v27.4 - https:\/\/yoast.com\/product\/yoast-seo-wordpress\/ -->\n<title>Einigung \u00fcber den Erwerb von Verm\u00f6gensgegenst\u00e4nden der BOG Informationstechnologie &amp; Services GmbH &amp; Co. KG - Allgeier SE<\/title>\n<meta name=\"robots\" content=\"index, follow, max-snippet:-1, max-image-preview:large, max-video-preview:-1\" \/>\n<link rel=\"canonical\" href=\"https:\/\/www.allgeier.com\/de\/investor-relations\/adhoc-announcements\/einigung-ueber-den-erwerb-von-vermoegensgegenstaenden-der-bog-informationstechnologie-services-gmbh-co-kg-2\/\" \/>\n<meta property=\"og:locale\" content=\"de_DE\" \/>\n<meta property=\"og:type\" content=\"article\" \/>\n<meta property=\"og:title\" content=\"Einigung \u00fcber den Erwerb von Verm\u00f6gensgegenst\u00e4nden der BOG Informationstechnologie &amp; Services GmbH &amp; Co. KG - Allgeier SE\" \/>\n<meta property=\"og:description\" content=\"Allgeier Holding AG, M\u00fcnchen, den 19.04.2005 Einigung \u00fcber den Erwerb von Verm\u00f6gensgegenst\u00e4nden der BOG Informationstechnologie &amp; Services GmbH &amp; Co. KG Allgeier Holding AG, M\u00fcnchen, ISIN DE 0005086300, teilt mit, dass die Axol IT Kommunikations GmbH, Bremen, eine 100 % Tochter der Allgeier Holding AG,\" \/>\n<meta property=\"og:url\" content=\"https:\/\/www.allgeier.com\/de\/investor-relations\/adhoc-announcements\/einigung-ueber-den-erwerb-von-vermoegensgegenstaenden-der-bog-informationstechnologie-services-gmbh-co-kg-2\/\" \/>\n<meta property=\"og:site_name\" content=\"Allgeier SE\" \/>\n<meta property=\"article:modified_time\" content=\"2025-07-23T10:26:44+00:00\" \/>\n<meta name=\"twitter:card\" content=\"summary_large_image\" \/>\n<meta name=\"twitter:label1\" content=\"Gesch\u00e4tzte Lesezeit\" \/>\n\t<meta name=\"twitter:data1\" content=\"1\u00a0Minute\" \/>\n<script type=\"application\/ld+json\" class=\"yoast-schema-graph\">{\"@context\":\"https:\\\/\\\/schema.org\",\"@graph\":[{\"@type\":\"WebPage\",\"@id\":\"https:\\\/\\\/www.allgeier.com\\\/de\\\/investor-relations\\\/adhoc-announcements\\\/einigung-ueber-den-erwerb-von-vermoegensgegenstaenden-der-bog-informationstechnologie-services-gmbh-co-kg-2\\\/\",\"url\":\"https:\\\/\\\/www.allgeier.com\\\/de\\\/investor-relations\\\/adhoc-announcements\\\/einigung-ueber-den-erwerb-von-vermoegensgegenstaenden-der-bog-informationstechnologie-services-gmbh-co-kg-2\\\/\",\"name\":\"Einigung \u00fcber den Erwerb von Verm\u00f6gensgegenst\u00e4nden der BOG Informationstechnologie &amp; Services GmbH &amp; Co. KG - Allgeier SE\",\"isPartOf\":{\"@id\":\"https:\\\/\\\/www.allgeier.com\\\/de\\\/#website\"},\"datePublished\":\"2005-04-19T19:45:29+00:00\",\"dateModified\":\"2025-07-23T10:26:44+00:00\",\"breadcrumb\":{\"@id\":\"https:\\\/\\\/www.allgeier.com\\\/de\\\/investor-relations\\\/adhoc-announcements\\\/einigung-ueber-den-erwerb-von-vermoegensgegenstaenden-der-bog-informationstechnologie-services-gmbh-co-kg-2\\\/#breadcrumb\"},\"inLanguage\":\"de\",\"potentialAction\":[{\"@type\":\"ReadAction\",\"target\":[\"https:\\\/\\\/www.allgeier.com\\\/de\\\/investor-relations\\\/adhoc-announcements\\\/einigung-ueber-den-erwerb-von-vermoegensgegenstaenden-der-bog-informationstechnologie-services-gmbh-co-kg-2\\\/\"]}]},{\"@type\":\"BreadcrumbList\",\"@id\":\"https:\\\/\\\/www.allgeier.com\\\/de\\\/investor-relations\\\/adhoc-announcements\\\/einigung-ueber-den-erwerb-von-vermoegensgegenstaenden-der-bog-informationstechnologie-services-gmbh-co-kg-2\\\/#breadcrumb\",\"itemListElement\":[{\"@type\":\"ListItem\",\"position\":1,\"name\":\"Home\",\"item\":\"https:\\\/\\\/www.allgeier.com\\\/de\\\/\"},{\"@type\":\"ListItem\",\"position\":2,\"name\":\"Investor Relations\",\"item\":\"https:\\\/\\\/www.allgeier.com\\\/de\\\/investor-relations\\\/\"},{\"@type\":\"ListItem\",\"position\":3,\"name\":\"Ad hoc-Mitteilungen\",\"item\":\"https:\\\/\\\/www.allgeier.com\\\/de\\\/investor-relations\\\/adhoc-announcements\\\/\"},{\"@type\":\"ListItem\",\"position\":4,\"name\":\"Einigung \u00fcber den Erwerb von Verm\u00f6gensgegenst\u00e4nden der BOG Informationstechnologie &amp; Services GmbH &amp; Co. KG\"}]},{\"@type\":\"WebSite\",\"@id\":\"https:\\\/\\\/www.allgeier.com\\\/de\\\/#website\",\"url\":\"https:\\\/\\\/www.allgeier.com\\\/de\\\/\",\"name\":\"Allgeier SE\",\"description\":\"Software &amp; IT Services for digital transformation\",\"potentialAction\":[{\"@type\":\"SearchAction\",\"target\":{\"@type\":\"EntryPoint\",\"urlTemplate\":\"https:\\\/\\\/www.allgeier.com\\\/de\\\/?s={search_term_string}\"},\"query-input\":{\"@type\":\"PropertyValueSpecification\",\"valueRequired\":true,\"valueName\":\"search_term_string\"}}],\"inLanguage\":\"de\"}]}<\/script>\n<!-- \/ Yoast SEO plugin. -->","yoast_head_json":{"title":"Einigung \u00fcber den Erwerb von Verm\u00f6gensgegenst\u00e4nden der BOG Informationstechnologie &amp; Services GmbH &amp; Co. KG - Allgeier SE","robots":{"index":"index","follow":"follow","max-snippet":"max-snippet:-1","max-image-preview":"max-image-preview:large","max-video-preview":"max-video-preview:-1"},"canonical":"https:\/\/www.allgeier.com\/de\/investor-relations\/adhoc-announcements\/einigung-ueber-den-erwerb-von-vermoegensgegenstaenden-der-bog-informationstechnologie-services-gmbh-co-kg-2\/","og_locale":"de_DE","og_type":"article","og_title":"Einigung \u00fcber den Erwerb von Verm\u00f6gensgegenst\u00e4nden der BOG Informationstechnologie &amp; Services GmbH &amp; Co. KG - Allgeier SE","og_description":"Allgeier Holding AG, M\u00fcnchen, den 19.04.2005 Einigung \u00fcber den Erwerb von Verm\u00f6gensgegenst\u00e4nden der BOG Informationstechnologie & Services GmbH & Co. KG Allgeier Holding AG, M\u00fcnchen, ISIN DE 0005086300, teilt mit, dass die Axol IT Kommunikations GmbH, Bremen, eine 100 % Tochter der Allgeier Holding AG,","og_url":"https:\/\/www.allgeier.com\/de\/investor-relations\/adhoc-announcements\/einigung-ueber-den-erwerb-von-vermoegensgegenstaenden-der-bog-informationstechnologie-services-gmbh-co-kg-2\/","og_site_name":"Allgeier SE","article_modified_time":"2025-07-23T10:26:44+00:00","twitter_card":"summary_large_image","twitter_misc":{"Gesch\u00e4tzte Lesezeit":"1\u00a0Minute"},"schema":{"@context":"https:\/\/schema.org","@graph":[{"@type":"WebPage","@id":"https:\/\/www.allgeier.com\/de\/investor-relations\/adhoc-announcements\/einigung-ueber-den-erwerb-von-vermoegensgegenstaenden-der-bog-informationstechnologie-services-gmbh-co-kg-2\/","url":"https:\/\/www.allgeier.com\/de\/investor-relations\/adhoc-announcements\/einigung-ueber-den-erwerb-von-vermoegensgegenstaenden-der-bog-informationstechnologie-services-gmbh-co-kg-2\/","name":"Einigung \u00fcber den Erwerb von Verm\u00f6gensgegenst\u00e4nden der BOG Informationstechnologie &amp; Services GmbH &amp; Co. KG - Allgeier SE","isPartOf":{"@id":"https:\/\/www.allgeier.com\/de\/#website"},"datePublished":"2005-04-19T19:45:29+00:00","dateModified":"2025-07-23T10:26:44+00:00","breadcrumb":{"@id":"https:\/\/www.allgeier.com\/de\/investor-relations\/adhoc-announcements\/einigung-ueber-den-erwerb-von-vermoegensgegenstaenden-der-bog-informationstechnologie-services-gmbh-co-kg-2\/#breadcrumb"},"inLanguage":"de","potentialAction":[{"@type":"ReadAction","target":["https:\/\/www.allgeier.com\/de\/investor-relations\/adhoc-announcements\/einigung-ueber-den-erwerb-von-vermoegensgegenstaenden-der-bog-informationstechnologie-services-gmbh-co-kg-2\/"]}]},{"@type":"BreadcrumbList","@id":"https:\/\/www.allgeier.com\/de\/investor-relations\/adhoc-announcements\/einigung-ueber-den-erwerb-von-vermoegensgegenstaenden-der-bog-informationstechnologie-services-gmbh-co-kg-2\/#breadcrumb","itemListElement":[{"@type":"ListItem","position":1,"name":"Home","item":"https:\/\/www.allgeier.com\/de\/"},{"@type":"ListItem","position":2,"name":"Investor Relations","item":"https:\/\/www.allgeier.com\/de\/investor-relations\/"},{"@type":"ListItem","position":3,"name":"Ad hoc-Mitteilungen","item":"https:\/\/www.allgeier.com\/de\/investor-relations\/adhoc-announcements\/"},{"@type":"ListItem","position":4,"name":"Einigung \u00fcber den Erwerb von Verm\u00f6gensgegenst\u00e4nden der BOG Informationstechnologie &amp; Services GmbH &amp; Co. KG"}]},{"@type":"WebSite","@id":"https:\/\/www.allgeier.com\/de\/#website","url":"https:\/\/www.allgeier.com\/de\/","name":"Allgeier SE","description":"Software &amp; IT Services for digital transformation","potentialAction":[{"@type":"SearchAction","target":{"@type":"EntryPoint","urlTemplate":"https:\/\/www.allgeier.com\/de\/?s={search_term_string}"},"query-input":{"@type":"PropertyValueSpecification","valueRequired":true,"valueName":"search_term_string"}}],"inLanguage":"de"}]}},"_links":{"self":[{"href":"https:\/\/www.allgeier.com\/de\/wp-json\/wp\/v2\/pages\/6843","targetHints":{"allow":["GET"]}}],"collection":[{"href":"https:\/\/www.allgeier.com\/de\/wp-json\/wp\/v2\/pages"}],"about":[{"href":"https:\/\/www.allgeier.com\/de\/wp-json\/wp\/v2\/types\/page"}],"author":[{"embeddable":true,"href":"https:\/\/www.allgeier.com\/de\/wp-json\/wp\/v2\/users\/4"}],"replies":[{"embeddable":true,"href":"https:\/\/www.allgeier.com\/de\/wp-json\/wp\/v2\/comments?post=6843"}],"version-history":[{"count":1,"href":"https:\/\/www.allgeier.com\/de\/wp-json\/wp\/v2\/pages\/6843\/revisions"}],"predecessor-version":[{"id":6845,"href":"https:\/\/www.allgeier.com\/de\/wp-json\/wp\/v2\/pages\/6843\/revisions\/6845"}],"up":[{"embeddable":true,"href":"https:\/\/www.allgeier.com\/de\/wp-json\/wp\/v2\/pages\/1155"}],"wp:attachment":[{"href":"https:\/\/www.allgeier.com\/de\/wp-json\/wp\/v2\/media?parent=6843"}],"wp:term":[{"taxonomy":"category","embeddable":true,"href":"https:\/\/www.allgeier.com\/de\/wp-json\/wp\/v2\/categories?post=6843"},{"taxonomy":"post_tag","embeddable":true,"href":"https:\/\/www.allgeier.com\/de\/wp-json\/wp\/v2\/tags?post=6843"}],"curies":[{"name":"wp","href":"https:\/\/api.w.org\/{rel}","templated":true}]}}