{"id":6855,"date":"2006-04-26T17:11:03","date_gmt":"2006-04-26T17:11:03","guid":{"rendered":"https:\/\/www.allgeier.com\/de\/?page_id=6855"},"modified":"2025-07-23T10:26:44","modified_gmt":"2025-07-23T10:26:44","slug":"teilnahme-am-finanzierungsprogramm-fuer-mittelstaendische-unternehmen-preps-2006-1-2","status":"publish","type":"page","link":"https:\/\/www.allgeier.com\/de\/investor-relations\/adhoc-announcements\/teilnahme-am-finanzierungsprogramm-fuer-mittelstaendische-unternehmen-preps-2006-1-2\/","title":{"rendered":"Teilnahme am Finanzierungsprogramm f\u00fcr mittelst\u00e4ndische Unternehmen PREPS 2006-1"},"content":{"rendered":"<p><b>Allgeier Holding AG \/ Sonstiges<\/b><\/p>\n<p>Ad-hoc-Meldung nach \u00a7 15 WpHG \u00fcbermittelt durch die DGAP &#8211; ein Unternehmen der EquityStory AG.<br \/>\nF\u00fcr den Inhalt der Mitteilung ist der Emittent verantwortlich.<br \/>\n&#8212;&#8212;&#8212;&#8212;&#8212;&#8212;&#8212;&#8212;&#8212;&#8212;&#8212;&#8212;&#8212;&#8212;&#8212;&#8212;&#8212;&#8212;&#8212;&#8212;&#8212;&#8212;&#8212;&#8212;&#8212;<\/p>\n<p>M\u00fcnchen, 26.04.2006 \u2013 Vor dem Hintergrund des weiteren<br \/>\nUnternehmenswachstums beabsichtigt Allgeier Holding AG wie bereits in den<br \/>\nJahren 2004 und 2005 an dem neu aufgelegten Finanzierungsprogramm f\u00fcr<br \/>\nmittelst\u00e4ndische Unternehmen \u2013 PREPS 2006-1 teilzunehmen und hat am<br \/>\nheutigen Tag eine entsprechende Mandatsvereinbarung mit den Initiatoren des<br \/>\nFinanzierungsprogramms, Capital Efficiency Group AG mit Sitz in Zug,<br \/>\nSchweiz, unterzeichnet. Die Mandatsvereinbarung enth\u00e4lt zun\u00e4chst das<br \/>\nAngebot zum Abschluss einer Vereinbarung \u00fcber die Gew\u00e4hrung eines<br \/>\nNachrangdarlehens in H\u00f6he von EUR 7,0 Mio. an die Allgeier Holding AG. Nach<br \/>\nErteilung einer entsprechenden Erm\u00e4chtigung durch die Hauptversammlung der<br \/>\nAllgeier Holding AG kann das Nachrangdarlehen in Genussrechte der Allgeier<br \/>\nHolding AG gewandelt werden. Die Teilnahme an dem Finanzierungsprogramm<br \/>\nsteht unter dem Vorbehalt des Zustandekommens des gesamten<br \/>\nFinanzierungsprogramms PREPS 2006-1.<\/p>\n<p>Kontakt:<br \/>\nAllgeier Holding AG<br \/>\nChristian Eggenberger<br \/>\nVorstand<br \/>\nWehrlestr. 12<br \/>\n81679 M\u00fcnchen<br \/>\nTel. 089 \u2013 998421-0<br \/>\nFax 089 \u2013 998421-11<br \/>\nE-Mail: ir@allgeier-holding.de<br \/>\nwww.allgeier-holding.de<\/p>\n<p>Das Unternehmen<br \/>\nDie Allgeier Holding AG fungiert als F\u00fchrungsholding einer europaweit<br \/>\nagierenden Unternehmensgruppe, die sich auf zwei wachstumsstarke M\u00e4rkte<br \/>\nkonzentriert: IT-Services und Personal-Services. Mit unseren IT-Services<br \/>\nunterst\u00fctzen wir Unternehmen bei der Umsetzung von Innovationen, der<br \/>\nVerbesserung des Informationsflusses und der Optimierung von<br \/>\nGesch\u00e4ftsabl\u00e4ufen. Die on-demand Personal-Services helfen unseren Kunden,<br \/>\nihre Prozesse und Kapazit\u00e4ten flexibel an die Auftragslage anzupassen. Ende<br \/>\n2005 besch\u00e4ftigte die Allgeier-Gruppe \u00fcber 2000 Mitarbeiter in neun<br \/>\neigenst\u00e4ndigen, leistungsf\u00e4higen Mittelstands-Unternehmen. Die Allgeier<br \/>\nHolding AG hat ihren Sitz in M\u00fcnchen und ist am geregelten Markt der<br \/>\nFrankfurter B\u00f6rse im Segment General Standard notiert (WKN 508630\/ISIN DE<br \/>\n000508630).<\/p>\n<p>Wichtiger Hinweis:<br \/>\nDiese Ad-hoc Mitteilung\/Pressemitteilung enth\u00e4lt in die Zukunft gerichtete<br \/>\nAussagen, die auf Annahmen und Sch\u00e4tzungen der Unternehmensleitung der<br \/>\nAllgeier Holding AG beruhen. Auch wenn die Unternehmensleitung der Ansicht<br \/>\nist, dass diese Annahmen und Sch\u00e4tzungen zutreffend sind, k\u00f6nnen die<br \/>\nk\u00fcnftige tats\u00e4chliche Entwicklung und die k\u00fcnftigen tats\u00e4chlichen<br \/>\nErgebnisse von diesen Annahmen und Sch\u00e4tzungen aufgrund vielf\u00e4ltiger<br \/>\nFaktoren erheblich abweichen. Zu diesen Faktoren k\u00f6nnen beispielsweise die<br \/>\nVer\u00e4nderung der gesamtwirtschaftlichen Lage, der Wechselkurse, der<br \/>\nZinss\u00e4tze sowie Ver\u00e4nderungen innerhalb der Marktentwicklung und der sich<br \/>\nver\u00e4nderten Wettbewerbssituation geh\u00f6ren. Die Allgeier Holding AG \u00fcbernimmt<br \/>\nkeine Gew\u00e4hrleistung und keine Haftung daf\u00fcr, dass die k\u00fcnftige Entwicklung<br \/>\nund die k\u00fcnftig erzielten tats\u00e4chlichen Ergebnisse mit den in dieser Ad-hoc<br \/>\nMitteilung\/Pressemitteilung ge\u00e4u\u00dferten Annahmen und Sch\u00e4tzungen<br \/>\n\u00fcbereinstimmen werden.<\/p>\n<p>DGAP 26.04.2006<br \/>\n&#8212;&#8212;&#8212;&#8212;&#8212;&#8212;&#8212;&#8212;&#8212;&#8212;&#8212;&#8212;&#8212;&#8212;&#8212;&#8212;&#8212;&#8212;&#8212;&#8212;&#8212;&#8212;&#8212;&#8212;&#8212;<\/p>\n<p>Sprache:      Deutsch<br \/>\nEmittent:     Allgeier Holding AG<br \/>\n              Wehrlestrasse 12<br \/>\n              81679 M\u00fcnchen Deutschland<br \/>\nTelefon:      +49 (0)89 998 421-0<br \/>\nFax:          +49 (0)89 998 421-11<br \/>\nEmail:        info@allgeier.com<br \/>\nWWW:          www.allgeier-holding.com<br \/>\nISIN:         DE0005086300<br \/>\nWKN:          508630<br \/>\nIndizes:      CDAX<br \/>\nB\u00f6rsen:       Geregelter Markt in Frankfurt (General Standard); Freiverkehr<br \/>\n              in Berlin-Bremen, Hannover, D\u00fcsseldorf, Hamburg, Stuttgart<\/p>\n<p>Ende der Mitteilung                             DGAP News-Service<\/p>\n<p>&#8212;&#8212;&#8212;&#8212;&#8212;&#8212;&#8212;&#8212;&#8212;&#8212;&#8212;&#8212;&#8212;&#8212;&#8212;&#8212;&#8212;&#8212;&#8212;&#8212;&#8212;&#8212;&#8212;&#8212;&#8212;<\/p>\n","protected":false},"excerpt":{"rendered":"<p>M\u00fcnchen, 26.04.2006 \u2013 Vor dem Hintergrund des weiteren Unternehmenswachstums beabsichtigt Allgeier Holding AG wie bereits in den Jahren 2004 und 2005 an dem neu aufgelegten Finanzierungsprogramm f\u00fcr mittelst\u00e4ndische Unternehmen \u2013 PREPS 2006-1 teilzunehmen und hat am heutigen Tag eine entsprechende Mandatsvereinbarung<\/p>\n","protected":false},"author":4,"featured_media":0,"parent":1155,"menu_order":0,"comment_status":"close","ping_status":"closed","template":"","meta":{"_acf_changed":false,"footnotes":""},"categories":[],"tags":[],"class_list":["post-6855","page","type-page","status-publish","hentry"],"acf":[],"yoast_head":"<!-- This site is optimized with the Yoast SEO plugin v27.4 - https:\/\/yoast.com\/product\/yoast-seo-wordpress\/ -->\n<title>Teilnahme am Finanzierungsprogramm f\u00fcr mittelst\u00e4ndische Unternehmen PREPS 2006-1 - Allgeier SE<\/title>\n<meta name=\"robots\" content=\"index, follow, max-snippet:-1, max-image-preview:large, max-video-preview:-1\" \/>\n<link rel=\"canonical\" href=\"https:\/\/www.allgeier.com\/de\/investor-relations\/adhoc-announcements\/teilnahme-am-finanzierungsprogramm-fuer-mittelstaendische-unternehmen-preps-2006-1-2\/\" \/>\n<meta property=\"og:locale\" content=\"de_DE\" \/>\n<meta property=\"og:type\" content=\"article\" \/>\n<meta property=\"og:title\" content=\"Teilnahme am Finanzierungsprogramm f\u00fcr mittelst\u00e4ndische Unternehmen PREPS 2006-1 - Allgeier SE\" \/>\n<meta property=\"og:description\" content=\"M\u00fcnchen, 26.04.2006 \u2013 Vor dem Hintergrund des weiteren Unternehmenswachstums beabsichtigt Allgeier Holding AG wie bereits in den Jahren 2004 und 2005 an dem neu aufgelegten Finanzierungsprogramm f\u00fcr mittelst\u00e4ndische Unternehmen \u2013 PREPS 2006-1 teilzunehmen und hat am heutigen Tag eine entsprechende Mandatsvereinbarung\" \/>\n<meta property=\"og:url\" content=\"https:\/\/www.allgeier.com\/de\/investor-relations\/adhoc-announcements\/teilnahme-am-finanzierungsprogramm-fuer-mittelstaendische-unternehmen-preps-2006-1-2\/\" \/>\n<meta property=\"og:site_name\" content=\"Allgeier SE\" \/>\n<meta property=\"article:modified_time\" content=\"2025-07-23T10:26:44+00:00\" \/>\n<meta name=\"twitter:card\" content=\"summary_large_image\" \/>\n<meta name=\"twitter:label1\" content=\"Gesch\u00e4tzte Lesezeit\" \/>\n\t<meta name=\"twitter:data1\" content=\"2\u00a0Minuten\" \/>\n<script type=\"application\/ld+json\" class=\"yoast-schema-graph\">{\"@context\":\"https:\\\/\\\/schema.org\",\"@graph\":[{\"@type\":\"WebPage\",\"@id\":\"https:\\\/\\\/www.allgeier.com\\\/de\\\/investor-relations\\\/adhoc-announcements\\\/teilnahme-am-finanzierungsprogramm-fuer-mittelstaendische-unternehmen-preps-2006-1-2\\\/\",\"url\":\"https:\\\/\\\/www.allgeier.com\\\/de\\\/investor-relations\\\/adhoc-announcements\\\/teilnahme-am-finanzierungsprogramm-fuer-mittelstaendische-unternehmen-preps-2006-1-2\\\/\",\"name\":\"Teilnahme am Finanzierungsprogramm f\u00fcr mittelst\u00e4ndische Unternehmen PREPS 2006-1 - Allgeier SE\",\"isPartOf\":{\"@id\":\"https:\\\/\\\/www.allgeier.com\\\/de\\\/#website\"},\"datePublished\":\"2006-04-26T17:11:03+00:00\",\"dateModified\":\"2025-07-23T10:26:44+00:00\",\"breadcrumb\":{\"@id\":\"https:\\\/\\\/www.allgeier.com\\\/de\\\/investor-relations\\\/adhoc-announcements\\\/teilnahme-am-finanzierungsprogramm-fuer-mittelstaendische-unternehmen-preps-2006-1-2\\\/#breadcrumb\"},\"inLanguage\":\"de\",\"potentialAction\":[{\"@type\":\"ReadAction\",\"target\":[\"https:\\\/\\\/www.allgeier.com\\\/de\\\/investor-relations\\\/adhoc-announcements\\\/teilnahme-am-finanzierungsprogramm-fuer-mittelstaendische-unternehmen-preps-2006-1-2\\\/\"]}]},{\"@type\":\"BreadcrumbList\",\"@id\":\"https:\\\/\\\/www.allgeier.com\\\/de\\\/investor-relations\\\/adhoc-announcements\\\/teilnahme-am-finanzierungsprogramm-fuer-mittelstaendische-unternehmen-preps-2006-1-2\\\/#breadcrumb\",\"itemListElement\":[{\"@type\":\"ListItem\",\"position\":1,\"name\":\"Home\",\"item\":\"https:\\\/\\\/www.allgeier.com\\\/de\\\/\"},{\"@type\":\"ListItem\",\"position\":2,\"name\":\"Investor Relations\",\"item\":\"https:\\\/\\\/www.allgeier.com\\\/de\\\/investor-relations\\\/\"},{\"@type\":\"ListItem\",\"position\":3,\"name\":\"Ad hoc-Mitteilungen\",\"item\":\"https:\\\/\\\/www.allgeier.com\\\/de\\\/investor-relations\\\/adhoc-announcements\\\/\"},{\"@type\":\"ListItem\",\"position\":4,\"name\":\"Teilnahme am Finanzierungsprogramm f\u00fcr mittelst\u00e4ndische Unternehmen PREPS 2006-1\"}]},{\"@type\":\"WebSite\",\"@id\":\"https:\\\/\\\/www.allgeier.com\\\/de\\\/#website\",\"url\":\"https:\\\/\\\/www.allgeier.com\\\/de\\\/\",\"name\":\"Allgeier SE\",\"description\":\"Software &amp; IT Services for digital transformation\",\"potentialAction\":[{\"@type\":\"SearchAction\",\"target\":{\"@type\":\"EntryPoint\",\"urlTemplate\":\"https:\\\/\\\/www.allgeier.com\\\/de\\\/?s={search_term_string}\"},\"query-input\":{\"@type\":\"PropertyValueSpecification\",\"valueRequired\":true,\"valueName\":\"search_term_string\"}}],\"inLanguage\":\"de\"}]}<\/script>\n<!-- \/ Yoast SEO plugin. -->","yoast_head_json":{"title":"Teilnahme am Finanzierungsprogramm f\u00fcr mittelst\u00e4ndische Unternehmen PREPS 2006-1 - Allgeier SE","robots":{"index":"index","follow":"follow","max-snippet":"max-snippet:-1","max-image-preview":"max-image-preview:large","max-video-preview":"max-video-preview:-1"},"canonical":"https:\/\/www.allgeier.com\/de\/investor-relations\/adhoc-announcements\/teilnahme-am-finanzierungsprogramm-fuer-mittelstaendische-unternehmen-preps-2006-1-2\/","og_locale":"de_DE","og_type":"article","og_title":"Teilnahme am Finanzierungsprogramm f\u00fcr mittelst\u00e4ndische Unternehmen PREPS 2006-1 - Allgeier SE","og_description":"M\u00fcnchen, 26.04.2006 \u2013 Vor dem Hintergrund des weiteren Unternehmenswachstums beabsichtigt Allgeier Holding AG wie bereits in den Jahren 2004 und 2005 an dem neu aufgelegten Finanzierungsprogramm f\u00fcr mittelst\u00e4ndische Unternehmen \u2013 PREPS 2006-1 teilzunehmen und hat am heutigen Tag eine entsprechende Mandatsvereinbarung","og_url":"https:\/\/www.allgeier.com\/de\/investor-relations\/adhoc-announcements\/teilnahme-am-finanzierungsprogramm-fuer-mittelstaendische-unternehmen-preps-2006-1-2\/","og_site_name":"Allgeier SE","article_modified_time":"2025-07-23T10:26:44+00:00","twitter_card":"summary_large_image","twitter_misc":{"Gesch\u00e4tzte Lesezeit":"2\u00a0Minuten"},"schema":{"@context":"https:\/\/schema.org","@graph":[{"@type":"WebPage","@id":"https:\/\/www.allgeier.com\/de\/investor-relations\/adhoc-announcements\/teilnahme-am-finanzierungsprogramm-fuer-mittelstaendische-unternehmen-preps-2006-1-2\/","url":"https:\/\/www.allgeier.com\/de\/investor-relations\/adhoc-announcements\/teilnahme-am-finanzierungsprogramm-fuer-mittelstaendische-unternehmen-preps-2006-1-2\/","name":"Teilnahme am Finanzierungsprogramm f\u00fcr mittelst\u00e4ndische Unternehmen PREPS 2006-1 - Allgeier SE","isPartOf":{"@id":"https:\/\/www.allgeier.com\/de\/#website"},"datePublished":"2006-04-26T17:11:03+00:00","dateModified":"2025-07-23T10:26:44+00:00","breadcrumb":{"@id":"https:\/\/www.allgeier.com\/de\/investor-relations\/adhoc-announcements\/teilnahme-am-finanzierungsprogramm-fuer-mittelstaendische-unternehmen-preps-2006-1-2\/#breadcrumb"},"inLanguage":"de","potentialAction":[{"@type":"ReadAction","target":["https:\/\/www.allgeier.com\/de\/investor-relations\/adhoc-announcements\/teilnahme-am-finanzierungsprogramm-fuer-mittelstaendische-unternehmen-preps-2006-1-2\/"]}]},{"@type":"BreadcrumbList","@id":"https:\/\/www.allgeier.com\/de\/investor-relations\/adhoc-announcements\/teilnahme-am-finanzierungsprogramm-fuer-mittelstaendische-unternehmen-preps-2006-1-2\/#breadcrumb","itemListElement":[{"@type":"ListItem","position":1,"name":"Home","item":"https:\/\/www.allgeier.com\/de\/"},{"@type":"ListItem","position":2,"name":"Investor Relations","item":"https:\/\/www.allgeier.com\/de\/investor-relations\/"},{"@type":"ListItem","position":3,"name":"Ad hoc-Mitteilungen","item":"https:\/\/www.allgeier.com\/de\/investor-relations\/adhoc-announcements\/"},{"@type":"ListItem","position":4,"name":"Teilnahme am Finanzierungsprogramm f\u00fcr mittelst\u00e4ndische Unternehmen PREPS 2006-1"}]},{"@type":"WebSite","@id":"https:\/\/www.allgeier.com\/de\/#website","url":"https:\/\/www.allgeier.com\/de\/","name":"Allgeier SE","description":"Software &amp; IT Services for digital transformation","potentialAction":[{"@type":"SearchAction","target":{"@type":"EntryPoint","urlTemplate":"https:\/\/www.allgeier.com\/de\/?s={search_term_string}"},"query-input":{"@type":"PropertyValueSpecification","valueRequired":true,"valueName":"search_term_string"}}],"inLanguage":"de"}]}},"_links":{"self":[{"href":"https:\/\/www.allgeier.com\/de\/wp-json\/wp\/v2\/pages\/6855","targetHints":{"allow":["GET"]}}],"collection":[{"href":"https:\/\/www.allgeier.com\/de\/wp-json\/wp\/v2\/pages"}],"about":[{"href":"https:\/\/www.allgeier.com\/de\/wp-json\/wp\/v2\/types\/page"}],"author":[{"embeddable":true,"href":"https:\/\/www.allgeier.com\/de\/wp-json\/wp\/v2\/users\/4"}],"replies":[{"embeddable":true,"href":"https:\/\/www.allgeier.com\/de\/wp-json\/wp\/v2\/comments?post=6855"}],"version-history":[{"count":1,"href":"https:\/\/www.allgeier.com\/de\/wp-json\/wp\/v2\/pages\/6855\/revisions"}],"predecessor-version":[{"id":6856,"href":"https:\/\/www.allgeier.com\/de\/wp-json\/wp\/v2\/pages\/6855\/revisions\/6856"}],"up":[{"embeddable":true,"href":"https:\/\/www.allgeier.com\/de\/wp-json\/wp\/v2\/pages\/1155"}],"wp:attachment":[{"href":"https:\/\/www.allgeier.com\/de\/wp-json\/wp\/v2\/media?parent=6855"}],"wp:term":[{"taxonomy":"category","embeddable":true,"href":"https:\/\/www.allgeier.com\/de\/wp-json\/wp\/v2\/categories?post=6855"},{"taxonomy":"post_tag","embeddable":true,"href":"https:\/\/www.allgeier.com\/de\/wp-json\/wp\/v2\/tags?post=6855"}],"curies":[{"name":"wp","href":"https:\/\/api.w.org\/{rel}","templated":true}]}}