{"id":6869,"date":"2006-02-03T17:30:59","date_gmt":"2006-02-03T18:30:59","guid":{"rendered":"https:\/\/www.allgeier.com\/de\/?page_id=6869"},"modified":"2025-07-23T10:26:45","modified_gmt":"2025-07-23T10:26:45","slug":"vorlaeufige-zahlen-zeigen-gewinnsprung-bei-allgeier-fuer-2005-2","status":"publish","type":"page","link":"https:\/\/www.allgeier.com\/de\/investor-relations\/adhoc-announcements\/vorlaeufige-zahlen-zeigen-gewinnsprung-bei-allgeier-fuer-2005-2\/","title":{"rendered":"Vorl\u00e4ufige Zahlen zeigen Gewinnsprung bei Allgeier f\u00fcr 2005"},"content":{"rendered":"<p><b>Allgeier Holding AG \/ Vorl\u00e4ufiges Ergebnis<\/b><\/p>\n<p>Ad-hoc-Meldung nach \u00a7 15 WpHG \u00fcbermittelt durch die DGAP &#8211; ein Unternehmen der EquityStory AG.<br \/>\nF\u00fcr den Inhalt der Mitteilung ist der Emittent verantwortlich.<br \/>\n&#8212;&#8212;&#8212;&#8212;&#8212;&#8212;&#8212;&#8212;&#8212;&#8212;&#8212;&#8212;&#8212;&#8212;&#8212;&#8212;&#8212;&#8212;&#8212;&#8212;&#8212;&#8212;&#8212;&#8212;&#8212;<\/p>\n<p>Allgeier Holding AG: Vorl\u00e4ufige Ergebnisse 2005 nach IFRS; Weitere<br \/>\nAkquisitionen<\/p>\n<p>Ungepr\u00fcfter, vorl\u00e4ufiger Konzernumsatz EUR 72,9 Mio.<br \/>\nOperatives Konzernergebnis vor Abschreibungen (EBITDA) ca. EUR 6,5 Mio.<br \/>\nErgebnis vor Zinsen (EBIT) ca. EUR 4,7 Mio.<br \/>\nKonzernergebnis vor Steuern (EBT) ca. EUR 3,7 Mio.<\/p>\n<p>M\u00fcnchen, 3.2.2006 \u2013 Die Allgeier Holding AG wird die bisherigen Prognosen<br \/>\nf\u00fcr das Gesch\u00e4ftsjahr 2005 deutlich \u00fcbertreffen. Gem\u00e4\u00df der vorl\u00e4ufigen,<br \/>\nungepr\u00fcften Konzernzahlen nach IFRS 2005 stieg der Umsatz um 84%, von 39,6<br \/>\nMio. EUR 2004 auf 72,9 Mio. EUR 2005. Das operative Konzernergebnis vor<br \/>\nAbschreibungen (EBITDA) wuchs um 117%, von 3,0 Mio. EUR 2004 auf ca. 6,5<br \/>\nMio. EUR 2005. Nach betrieblichen Abschreibungen von ca. 1,8 Mio. EUR<br \/>\nentsteht im Konzern ein vorl\u00e4ufiges Ergebnis vor Zinsen und Steuern (EBIT)<br \/>\nvon ca. 4,7 Mio. EUR (Vorjahr &#8211; 2,6 Mio. EUR) und ein Konzernergebnis vor<br \/>\nSteuern (EBT) von ca. 3,7 Mio. EUR. Aufgrund der komplexen Berechnung der<br \/>\nSteuern im Konzern macht Allgeier vor abschlie\u00dfender Pr\u00fcfung keine Aussage<br \/>\nzum Ergebnis nach Steuern. Der Vorstand geht jedoch davon aus, dass das<br \/>\nJahresergebnis erstmals in der Geschichte der AG positiv sein wird.<\/p>\n<p>Mit der erfolgreichen Entwicklung von operativem Gesch\u00e4ft und Cash Flow<br \/>\nsowie der im Herbst 2005 erfolgten Platzierung von Genussrechtskapital in<br \/>\nH\u00f6he von 6 Mio. EUR ist die Kapital- und Liquidit\u00e4tsausstattung der Gruppe<br \/>\nkomfortabel. Die liquiden Mittel des Konzerns betragen zum 31.12.2005 ca.<br \/>\n14 Mio. EUR.<\/p>\n<p>Die deutliche Verbesserung von Konzernleistung und Ergebnis ist<br \/>\nzur\u00fcckzuf\u00fchren auf die anhaltend gute Entwicklung der operativen<br \/>\nGesellschaften der Allgeier-Gruppe. Alle Gesch\u00e4ftsbereiche trugen zur<br \/>\npositiven Entwicklung bei. Die im September 2005 neu erworbenen<br \/>\nBeteiligungen an der Softcon AG, M\u00fcnchen, (80%) sowie an den<br \/>\nPersonalservice-Unternehmensgruppen MR und IP, beide Mannheim, (90%) wurden<br \/>\nzeitanteilig ab September 2005 mit 4 Monaten konsolidiert.<\/p>\n<p>Die Aussichten f\u00fcr das Gesch\u00e4ftsjahr 2006 sind vor dem Hintergrund der<br \/>\nguten Entwicklung der operativen Gesellschaften positiv einzusch\u00e4tzen. Nach<br \/>\nder vorliegenden Unternehmensplanung rechnet der Vorstand f\u00fcr das<br \/>\nGesch\u00e4ftsjahr 2006 auf Basis eines unver\u00e4nderten Konsolidierungskreises mit<br \/>\neinem Konzernumsatz von ca. 110 Mio. EUR und einem Konzern-EBIT von \u00fcber 8<br \/>\nMio. EUR.<\/p>\n<p>Die erwartet gute Entwicklung der Gruppe soll auch 2006 durch weitere<br \/>\nAkquisitionen gest\u00e4rkt werden. Aktuell erwartet der Vorstand die<br \/>\nerfolgreiche Verhandlung und Durchf\u00fchrung einer Akquisition eines im<br \/>\nBereich IT-Services t\u00e4tigen Unternehmens mit einem voraussichtlichen<br \/>\nJahresumsatz in 2005 von ca. EUR 14,5 Mio. und einem voraussichtlichen EBIT<br \/>\n2005 von ca. EUR 2 Mio. Ein entsprechender Kaufvertrag wird derzeit auf der<br \/>\nGrundlage eines unterzeichneten Letter of Intent noch verhandelt und soll<br \/>\nvoraussichtlich innerhalb der n\u00e4chsten f\u00fcnf Wochen abgeschlossen werden.<\/p>\n<p>Kontakt:<br \/>\nAllgeier Holding AG<br \/>\nCarl Georg D\u00fcrschmidt<br \/>\nVorstand<br \/>\nWehrlestr. 12<br \/>\n81679 M\u00fcnchen<br \/>\nTel. 089-998421-0<br \/>\nFax  089-998421-11<br \/>\nwww.allgeier-holding.de<\/p>\n<p>Das Unternehmen<\/p>\n<p>Die Allgeier Holding AG fungiert als F\u00fchrungsholding einer europaweit<br \/>\nagierenden Unternehmensgruppe, die sich auf zwei wachstumsstarke M\u00e4rkte<br \/>\nkonzentriert: IT-Services und Personal-Services. Mit unseren IT-Services<br \/>\nunterst\u00fctzen wir Unternehmen bei der Umsetzung von Innovationen, der<br \/>\nVerbesserung des Informationsflusses und der Optimierung von<br \/>\nGesch\u00e4ftsabl\u00e4ufen. Die on-demand Personal-Services helfen unseren Kunden,<br \/>\nihre Prozesse und Kapazit\u00e4ten flexibel an die Auftragslage anzupassen. Ende<br \/>\n2005 besch\u00e4ftigte die Allgeier-Gruppe \u00fcber 2000 Mitarbeiter in neun<br \/>\neigenst\u00e4ndigen, leistungsf\u00e4higen Mittelstands-Unternehmen. Die Allgeier<br \/>\nHolding AG hat ihren Sitz in M\u00fcnchen und ist an der Frankfurter B\u00f6rse im<br \/>\nSegment General Standard notiert (WKN 508630\/ISIN DE 000508630).<\/p>\n<p>Wichtiger Hinweis:<br \/>\nDiese Ad-hoc Mitteilung\/Pressemitteilung enth\u00e4lt in die Zukunft gerichtete<br \/>\nAussagen, die auf Annahmen und Sch\u00e4tzungen der Unternehmensleitung der<br \/>\nAllgeier Holding AG beruhen. Auch wenn die Unternehmensleitung der Ansicht<br \/>\nist, dass diese Annahmen und Sch\u00e4tzungen zutreffend sind, k\u00f6nnen die<br \/>\nk\u00fcnftige tats\u00e4chliche Entwicklung und die k\u00fcnftigen tats\u00e4chlichen<br \/>\nErgebnisse von diesen Annahmen und Sch\u00e4tzungen aufgrund vielf\u00e4ltiger<br \/>\nFaktoren erheblich abweichen. Zu diesen Faktoren k\u00f6nnen beispielsweise die<br \/>\nVer\u00e4nderung der gesamtwirtschaftlichen Lage, der Wechselkurse, der<br \/>\nZinss\u00e4tze sowie Ver\u00e4nderungen innerhalb der Marktentwicklung und der sich<br \/>\nver\u00e4nderten Wettbewerbssituation geh\u00f6ren. Die Allgeier Holding AG \u00fcbernimmt<br \/>\nkeine Gew\u00e4hrleistung und keine Haftung daf\u00fcr, dass die k\u00fcnftige Entwicklung<br \/>\nund die k\u00fcnftig erzielten tats\u00e4chlichen Ergebnisse mit den in dieser Ad-hoc<br \/>\nMitteilung\/Pressemitteilung ge\u00e4u\u00dferten Annahmen und Sch\u00e4tzungen<br \/>\n\u00fcbereinstimmen werden.<\/p>\n<p>DGAP 03.02.2006<br \/>\n&#8212;&#8212;&#8212;&#8212;&#8212;&#8212;&#8212;&#8212;&#8212;&#8212;&#8212;&#8212;&#8212;&#8212;&#8212;&#8212;&#8212;&#8212;&#8212;&#8212;&#8212;&#8212;&#8212;&#8212;&#8212;<\/p>\n<p>Sprache:      Deutsch<br \/>\nEmittent:     Allgeier Holding AG<br \/>\n              Wehrlestrasse 12<br \/>\n              81679 M\u00fcnchen Deutschland<br \/>\nTelefon:      +49 (0)89 998 421-0<br \/>\nFax:          +49 (0)89 998 421-11<br \/>\nEmail:        info@allgeier.com<br \/>\nWWW:          www.allgeier-holding.com<br \/>\nISIN:         DE0005086300<br \/>\nWKN:          508630<br \/>\nIndizes:      CDAX<br \/>\nB\u00f6rsen:       Geregelter Markt in Frankfurt; Freiverkehr in Berlin-Bremen,<br \/>\n              Hannover, D\u00fcsseldorf, Hamburg, Stuttgart<\/p>\n<p>Ende der Mitteilung                             DGAP News-Service<\/p>\n<p>&#8212;&#8212;&#8212;&#8212;&#8212;&#8212;&#8212;&#8212;&#8212;&#8212;&#8212;&#8212;&#8212;&#8212;&#8212;&#8212;&#8212;&#8212;&#8212;&#8212;&#8212;&#8212;&#8212;&#8212;&#8212;<\/p>\n","protected":false},"excerpt":{"rendered":"<p>Allgeier Holding AG: Vorl\u00e4ufige Ergebnisse 2005 nach IFRS; Weitere Akquisitionen Ungepr\u00fcfter, vorl\u00e4ufiger Konzernumsatz EUR 72,9 Mio. Operatives Konzernergebnis vor Abschreibungen (EBITDA) ca. EUR 6,5 Mio. Ergebnis vor Zinsen (EBIT) ca. EUR 4,7 Mio. Konzernergebnis vor Steuern (EBT) ca. EUR 3,7 Mio.<\/p>\n","protected":false},"author":4,"featured_media":0,"parent":1155,"menu_order":0,"comment_status":"close","ping_status":"closed","template":"","meta":{"_acf_changed":false,"footnotes":""},"categories":[],"tags":[],"class_list":["post-6869","page","type-page","status-publish","hentry"],"acf":[],"yoast_head":"<!-- This site is optimized with the Yoast SEO plugin v27.4 - https:\/\/yoast.com\/product\/yoast-seo-wordpress\/ -->\n<title>Vorl\u00e4ufige Zahlen zeigen Gewinnsprung bei Allgeier f\u00fcr 2005 - Allgeier SE<\/title>\n<meta name=\"robots\" content=\"index, follow, max-snippet:-1, max-image-preview:large, max-video-preview:-1\" \/>\n<link rel=\"canonical\" href=\"https:\/\/www.allgeier.com\/de\/investor-relations\/adhoc-announcements\/vorlaeufige-zahlen-zeigen-gewinnsprung-bei-allgeier-fuer-2005-2\/\" \/>\n<meta property=\"og:locale\" content=\"de_DE\" \/>\n<meta property=\"og:type\" content=\"article\" \/>\n<meta property=\"og:title\" content=\"Vorl\u00e4ufige Zahlen zeigen Gewinnsprung bei Allgeier f\u00fcr 2005 - Allgeier SE\" \/>\n<meta property=\"og:description\" content=\"Allgeier Holding AG: Vorl\u00e4ufige Ergebnisse 2005 nach IFRS; Weitere Akquisitionen Ungepr\u00fcfter, vorl\u00e4ufiger Konzernumsatz EUR 72,9 Mio. Operatives Konzernergebnis vor Abschreibungen (EBITDA) ca. EUR 6,5 Mio. Ergebnis vor Zinsen (EBIT) ca. EUR 4,7 Mio. Konzernergebnis vor Steuern (EBT) ca. EUR 3,7 Mio.\" \/>\n<meta property=\"og:url\" content=\"https:\/\/www.allgeier.com\/de\/investor-relations\/adhoc-announcements\/vorlaeufige-zahlen-zeigen-gewinnsprung-bei-allgeier-fuer-2005-2\/\" \/>\n<meta property=\"og:site_name\" content=\"Allgeier SE\" \/>\n<meta property=\"article:modified_time\" content=\"2025-07-23T10:26:45+00:00\" \/>\n<meta name=\"twitter:card\" content=\"summary_large_image\" \/>\n<meta name=\"twitter:label1\" content=\"Gesch\u00e4tzte Lesezeit\" \/>\n\t<meta name=\"twitter:data1\" content=\"4\u00a0Minuten\" \/>\n<script type=\"application\/ld+json\" class=\"yoast-schema-graph\">{\"@context\":\"https:\\\/\\\/schema.org\",\"@graph\":[{\"@type\":\"WebPage\",\"@id\":\"https:\\\/\\\/www.allgeier.com\\\/de\\\/investor-relations\\\/adhoc-announcements\\\/vorlaeufige-zahlen-zeigen-gewinnsprung-bei-allgeier-fuer-2005-2\\\/\",\"url\":\"https:\\\/\\\/www.allgeier.com\\\/de\\\/investor-relations\\\/adhoc-announcements\\\/vorlaeufige-zahlen-zeigen-gewinnsprung-bei-allgeier-fuer-2005-2\\\/\",\"name\":\"Vorl\u00e4ufige Zahlen zeigen Gewinnsprung bei Allgeier f\u00fcr 2005 - Allgeier SE\",\"isPartOf\":{\"@id\":\"https:\\\/\\\/www.allgeier.com\\\/de\\\/#website\"},\"datePublished\":\"2006-02-03T18:30:59+00:00\",\"dateModified\":\"2025-07-23T10:26:45+00:00\",\"breadcrumb\":{\"@id\":\"https:\\\/\\\/www.allgeier.com\\\/de\\\/investor-relations\\\/adhoc-announcements\\\/vorlaeufige-zahlen-zeigen-gewinnsprung-bei-allgeier-fuer-2005-2\\\/#breadcrumb\"},\"inLanguage\":\"de\",\"potentialAction\":[{\"@type\":\"ReadAction\",\"target\":[\"https:\\\/\\\/www.allgeier.com\\\/de\\\/investor-relations\\\/adhoc-announcements\\\/vorlaeufige-zahlen-zeigen-gewinnsprung-bei-allgeier-fuer-2005-2\\\/\"]}]},{\"@type\":\"BreadcrumbList\",\"@id\":\"https:\\\/\\\/www.allgeier.com\\\/de\\\/investor-relations\\\/adhoc-announcements\\\/vorlaeufige-zahlen-zeigen-gewinnsprung-bei-allgeier-fuer-2005-2\\\/#breadcrumb\",\"itemListElement\":[{\"@type\":\"ListItem\",\"position\":1,\"name\":\"Home\",\"item\":\"https:\\\/\\\/www.allgeier.com\\\/de\\\/\"},{\"@type\":\"ListItem\",\"position\":2,\"name\":\"Investor Relations\",\"item\":\"https:\\\/\\\/www.allgeier.com\\\/de\\\/investor-relations\\\/\"},{\"@type\":\"ListItem\",\"position\":3,\"name\":\"Ad hoc-Mitteilungen\",\"item\":\"https:\\\/\\\/www.allgeier.com\\\/de\\\/investor-relations\\\/adhoc-announcements\\\/\"},{\"@type\":\"ListItem\",\"position\":4,\"name\":\"Vorl\u00e4ufige Zahlen zeigen Gewinnsprung bei Allgeier f\u00fcr 2005\"}]},{\"@type\":\"WebSite\",\"@id\":\"https:\\\/\\\/www.allgeier.com\\\/de\\\/#website\",\"url\":\"https:\\\/\\\/www.allgeier.com\\\/de\\\/\",\"name\":\"Allgeier SE\",\"description\":\"Software &amp; IT Services for digital transformation\",\"potentialAction\":[{\"@type\":\"SearchAction\",\"target\":{\"@type\":\"EntryPoint\",\"urlTemplate\":\"https:\\\/\\\/www.allgeier.com\\\/de\\\/?s={search_term_string}\"},\"query-input\":{\"@type\":\"PropertyValueSpecification\",\"valueRequired\":true,\"valueName\":\"search_term_string\"}}],\"inLanguage\":\"de\"}]}<\/script>\n<!-- \/ Yoast SEO plugin. -->","yoast_head_json":{"title":"Vorl\u00e4ufige Zahlen zeigen Gewinnsprung bei Allgeier f\u00fcr 2005 - Allgeier SE","robots":{"index":"index","follow":"follow","max-snippet":"max-snippet:-1","max-image-preview":"max-image-preview:large","max-video-preview":"max-video-preview:-1"},"canonical":"https:\/\/www.allgeier.com\/de\/investor-relations\/adhoc-announcements\/vorlaeufige-zahlen-zeigen-gewinnsprung-bei-allgeier-fuer-2005-2\/","og_locale":"de_DE","og_type":"article","og_title":"Vorl\u00e4ufige Zahlen zeigen Gewinnsprung bei Allgeier f\u00fcr 2005 - Allgeier SE","og_description":"Allgeier Holding AG: Vorl\u00e4ufige Ergebnisse 2005 nach IFRS; Weitere Akquisitionen Ungepr\u00fcfter, vorl\u00e4ufiger Konzernumsatz EUR 72,9 Mio. Operatives Konzernergebnis vor Abschreibungen (EBITDA) ca. EUR 6,5 Mio. Ergebnis vor Zinsen (EBIT) ca. EUR 4,7 Mio. Konzernergebnis vor Steuern (EBT) ca. EUR 3,7 Mio.","og_url":"https:\/\/www.allgeier.com\/de\/investor-relations\/adhoc-announcements\/vorlaeufige-zahlen-zeigen-gewinnsprung-bei-allgeier-fuer-2005-2\/","og_site_name":"Allgeier SE","article_modified_time":"2025-07-23T10:26:45+00:00","twitter_card":"summary_large_image","twitter_misc":{"Gesch\u00e4tzte Lesezeit":"4\u00a0Minuten"},"schema":{"@context":"https:\/\/schema.org","@graph":[{"@type":"WebPage","@id":"https:\/\/www.allgeier.com\/de\/investor-relations\/adhoc-announcements\/vorlaeufige-zahlen-zeigen-gewinnsprung-bei-allgeier-fuer-2005-2\/","url":"https:\/\/www.allgeier.com\/de\/investor-relations\/adhoc-announcements\/vorlaeufige-zahlen-zeigen-gewinnsprung-bei-allgeier-fuer-2005-2\/","name":"Vorl\u00e4ufige Zahlen zeigen Gewinnsprung bei Allgeier f\u00fcr 2005 - Allgeier SE","isPartOf":{"@id":"https:\/\/www.allgeier.com\/de\/#website"},"datePublished":"2006-02-03T18:30:59+00:00","dateModified":"2025-07-23T10:26:45+00:00","breadcrumb":{"@id":"https:\/\/www.allgeier.com\/de\/investor-relations\/adhoc-announcements\/vorlaeufige-zahlen-zeigen-gewinnsprung-bei-allgeier-fuer-2005-2\/#breadcrumb"},"inLanguage":"de","potentialAction":[{"@type":"ReadAction","target":["https:\/\/www.allgeier.com\/de\/investor-relations\/adhoc-announcements\/vorlaeufige-zahlen-zeigen-gewinnsprung-bei-allgeier-fuer-2005-2\/"]}]},{"@type":"BreadcrumbList","@id":"https:\/\/www.allgeier.com\/de\/investor-relations\/adhoc-announcements\/vorlaeufige-zahlen-zeigen-gewinnsprung-bei-allgeier-fuer-2005-2\/#breadcrumb","itemListElement":[{"@type":"ListItem","position":1,"name":"Home","item":"https:\/\/www.allgeier.com\/de\/"},{"@type":"ListItem","position":2,"name":"Investor Relations","item":"https:\/\/www.allgeier.com\/de\/investor-relations\/"},{"@type":"ListItem","position":3,"name":"Ad hoc-Mitteilungen","item":"https:\/\/www.allgeier.com\/de\/investor-relations\/adhoc-announcements\/"},{"@type":"ListItem","position":4,"name":"Vorl\u00e4ufige Zahlen zeigen Gewinnsprung bei Allgeier f\u00fcr 2005"}]},{"@type":"WebSite","@id":"https:\/\/www.allgeier.com\/de\/#website","url":"https:\/\/www.allgeier.com\/de\/","name":"Allgeier SE","description":"Software &amp; IT Services for digital transformation","potentialAction":[{"@type":"SearchAction","target":{"@type":"EntryPoint","urlTemplate":"https:\/\/www.allgeier.com\/de\/?s={search_term_string}"},"query-input":{"@type":"PropertyValueSpecification","valueRequired":true,"valueName":"search_term_string"}}],"inLanguage":"de"}]}},"_links":{"self":[{"href":"https:\/\/www.allgeier.com\/de\/wp-json\/wp\/v2\/pages\/6869","targetHints":{"allow":["GET"]}}],"collection":[{"href":"https:\/\/www.allgeier.com\/de\/wp-json\/wp\/v2\/pages"}],"about":[{"href":"https:\/\/www.allgeier.com\/de\/wp-json\/wp\/v2\/types\/page"}],"author":[{"embeddable":true,"href":"https:\/\/www.allgeier.com\/de\/wp-json\/wp\/v2\/users\/4"}],"replies":[{"embeddable":true,"href":"https:\/\/www.allgeier.com\/de\/wp-json\/wp\/v2\/comments?post=6869"}],"version-history":[{"count":1,"href":"https:\/\/www.allgeier.com\/de\/wp-json\/wp\/v2\/pages\/6869\/revisions"}],"predecessor-version":[{"id":6870,"href":"https:\/\/www.allgeier.com\/de\/wp-json\/wp\/v2\/pages\/6869\/revisions\/6870"}],"up":[{"embeddable":true,"href":"https:\/\/www.allgeier.com\/de\/wp-json\/wp\/v2\/pages\/1155"}],"wp:attachment":[{"href":"https:\/\/www.allgeier.com\/de\/wp-json\/wp\/v2\/media?parent=6869"}],"wp:term":[{"taxonomy":"category","embeddable":true,"href":"https:\/\/www.allgeier.com\/de\/wp-json\/wp\/v2\/categories?post=6869"},{"taxonomy":"post_tag","embeddable":true,"href":"https:\/\/www.allgeier.com\/de\/wp-json\/wp\/v2\/tags?post=6869"}],"curies":[{"name":"wp","href":"https:\/\/api.w.org\/{rel}","templated":true}]}}