{"id":6871,"date":"2006-01-20T13:48:37","date_gmt":"2006-01-20T14:48:37","guid":{"rendered":"https:\/\/www.allgeier.com\/de\/?page_id=6871"},"modified":"2025-07-23T10:26:45","modified_gmt":"2025-07-23T10:26:45","slug":"allgeier-konzentriert-sich-ganz-auf-it-und-personal-services-verbleibende-beteiligung-an-ea-gesellschaften-verkauft-2","status":"publish","type":"page","link":"https:\/\/www.allgeier.com\/de\/investor-relations\/adhoc-announcements\/allgeier-konzentriert-sich-ganz-auf-it-und-personal-services-verbleibende-beteiligung-an-ea-gesellschaften-verkauft-2\/","title":{"rendered":"Allgeier konzentriert sich ganz auf IT- und Personal-Services \/ Verbleibende Beteiligung an EA Gesellschaften verkauft"},"content":{"rendered":"<p><b>Allgeier Holding AG \/ Verkauf<\/b><\/p>\n<p>Ad-hoc-Meldung nach \u00a7 15 WpHG \u00fcbermittelt durch die EquityStory AG.<br \/>\nF\u00fcr den Inhalt der Mitteilung ist der Emittent verantwortlich.<br \/>\n&#8212;&#8212;&#8212;&#8212;&#8212;&#8212;&#8212;&#8212;&#8212;&#8212;&#8212;&#8212;&#8212;&#8212;&#8212;&#8212;&#8212;&#8212;&#8212;&#8212;&#8212;&#8212;&#8212;&#8212;&#8212;<\/p>\n<p>M\u00fcnchen 20.01.2006 &#8211; In der Ad-hoc-Meldung vom 9.12.2005 berichtete<br \/>\nAllgeier \u00fcber die Neuordnung der Beteiligungen an den EA Gesellschaften.<br \/>\nHeute wurden 100 % der Anteile an EA-Schaltnetzger\u00e4te GmbH, Bremen und die<br \/>\n51%-Beteiligung an der EA Elektro-Automatik Ltd., Salisbury (UK) im Rahmen<br \/>\neines Management-Buyouts ver\u00e4u\u00dfert. Der Kaufpreis liegt im knapp<br \/>\nsiebenstelligen Bereich. Verk\u00e4uferin war die Allgeier Beteiligungen GmbH,<br \/>\neine 100%-Tochter der Allgeier Holding AG.<\/p>\n<p>Mit diesem Verkauf hat sich der Allgeier Konzern vollst\u00e4ndig von seinem<br \/>\nehemaligen Gesch\u00e4ftsbereich Basistechnologie getrennt und ist nun komplett<br \/>\nauf die profitablen Kernbereiche IT- und Personal-Services fokussiert. Der<br \/>\nim Zuge des Verkaufs voraussichtlich entstehende Endkonsolidierungsaufwand<br \/>\nwird das Konzernergebnis 2006 nicht wesentlich belasten.<\/p>\n<p>Kontakt:<br \/>\nAllgeier Holding AG<br \/>\nCarl Georg D\u00fcrschmidt<br \/>\nVorstand<br \/>\nWehrlestr. 12<br \/>\n81679 M\u00fcnchen<br \/>\nTel. 089-998421-0<br \/>\nFax  089-998421-11<br \/>\nwww.allgeier-holding.de<\/p>\n<p>EquityStory AG 20.01.2006<br \/>\n&#8212;&#8212;&#8212;&#8212;&#8212;&#8212;&#8212;&#8212;&#8212;&#8212;&#8212;&#8212;&#8212;&#8212;&#8212;&#8212;&#8212;&#8212;&#8212;&#8212;&#8212;&#8212;&#8212;&#8212;&#8212;<\/p>\n<p>Sprache:      Deutsch<br \/>\nEmittent:     Allgeier Holding AG<br \/>\n              Wehrlestrasse 12<br \/>\n              81679 M\u00fcnchen Deutschland<br \/>\nTelefon:      +49 (0)89 998 421-0<br \/>\nFax:          +49 (0)89 998 421-11<br \/>\nEmail:        info@allgeier.com<br \/>\nWWW:          www.allgeier-holding.com<br \/>\nISIN:         DE0005086300<br \/>\nWKN:          508630<br \/>\nIndizes:      CDAX<br \/>\nB\u00f6rsen:       Geregelter Markt in Frankfurt; Freiverkehr in Berlin-Bremen,<br \/>\n              Hannover, D\u00fcsseldorf, Hamburg, Stuttgart<\/p>\n<p>Ende der Mitteilung                             EQS News-Service<\/p>\n<p>&#8212;&#8212;&#8212;&#8212;&#8212;&#8212;&#8212;&#8212;&#8212;&#8212;&#8212;&#8212;&#8212;&#8212;&#8212;&#8212;&#8212;&#8212;&#8212;&#8212;&#8212;&#8212;&#8212;&#8212;&#8212;<\/p>\n","protected":false},"excerpt":{"rendered":"<p>M\u00fcnchen 20.01.2006 &#8211; In der Ad-hoc-Meldung vom 9.12.2005 berichtete Allgeier \u00fcber die Neuordnung der Beteiligungen an den EA Gesellschaften. Heute wurden 100 % der Anteile an EA-Schaltnetzger\u00e4te GmbH, Bremen und die 51%-Beteiligung an der EA Elektro-Automatik Ltd., Salisbury (UK) im Rahmen eines Management-Buyouts<\/p>\n","protected":false},"author":4,"featured_media":0,"parent":1155,"menu_order":0,"comment_status":"close","ping_status":"closed","template":"","meta":{"_acf_changed":false,"footnotes":""},"categories":[],"tags":[],"class_list":["post-6871","page","type-page","status-publish","hentry"],"acf":[],"yoast_head":"<!-- This site is optimized with the Yoast SEO plugin v27.4 - https:\/\/yoast.com\/product\/yoast-seo-wordpress\/ -->\n<title>Allgeier konzentriert sich ganz auf IT- und Personal-Services \/ Verbleibende Beteiligung an EA Gesellschaften verkauft - Allgeier SE<\/title>\n<meta name=\"robots\" content=\"index, follow, max-snippet:-1, max-image-preview:large, max-video-preview:-1\" \/>\n<link rel=\"canonical\" href=\"https:\/\/www.allgeier.com\/de\/investor-relations\/adhoc-announcements\/allgeier-konzentriert-sich-ganz-auf-it-und-personal-services-verbleibende-beteiligung-an-ea-gesellschaften-verkauft-2\/\" \/>\n<meta property=\"og:locale\" content=\"de_DE\" \/>\n<meta property=\"og:type\" content=\"article\" \/>\n<meta property=\"og:title\" content=\"Allgeier konzentriert sich ganz auf IT- und Personal-Services \/ Verbleibende Beteiligung an EA Gesellschaften verkauft - Allgeier SE\" \/>\n<meta property=\"og:description\" content=\"M\u00fcnchen 20.01.2006 - In der Ad-hoc-Meldung vom 9.12.2005 berichtete Allgeier \u00fcber die Neuordnung der Beteiligungen an den EA Gesellschaften. Heute wurden 100 % der Anteile an EA-Schaltnetzger\u00e4te GmbH, Bremen und die 51%-Beteiligung an der EA Elektro-Automatik Ltd., Salisbury (UK) im Rahmen eines Management-Buyouts\" \/>\n<meta property=\"og:url\" content=\"https:\/\/www.allgeier.com\/de\/investor-relations\/adhoc-announcements\/allgeier-konzentriert-sich-ganz-auf-it-und-personal-services-verbleibende-beteiligung-an-ea-gesellschaften-verkauft-2\/\" \/>\n<meta property=\"og:site_name\" content=\"Allgeier SE\" \/>\n<meta property=\"article:modified_time\" content=\"2025-07-23T10:26:45+00:00\" \/>\n<meta name=\"twitter:card\" content=\"summary_large_image\" \/>\n<meta name=\"twitter:label1\" content=\"Gesch\u00e4tzte Lesezeit\" \/>\n\t<meta name=\"twitter:data1\" content=\"1\u00a0Minute\" \/>\n<script type=\"application\/ld+json\" class=\"yoast-schema-graph\">{\"@context\":\"https:\\\/\\\/schema.org\",\"@graph\":[{\"@type\":\"WebPage\",\"@id\":\"https:\\\/\\\/www.allgeier.com\\\/de\\\/investor-relations\\\/adhoc-announcements\\\/allgeier-konzentriert-sich-ganz-auf-it-und-personal-services-verbleibende-beteiligung-an-ea-gesellschaften-verkauft-2\\\/\",\"url\":\"https:\\\/\\\/www.allgeier.com\\\/de\\\/investor-relations\\\/adhoc-announcements\\\/allgeier-konzentriert-sich-ganz-auf-it-und-personal-services-verbleibende-beteiligung-an-ea-gesellschaften-verkauft-2\\\/\",\"name\":\"Allgeier konzentriert sich ganz auf IT- und Personal-Services \\\/ Verbleibende Beteiligung an EA Gesellschaften verkauft - Allgeier SE\",\"isPartOf\":{\"@id\":\"https:\\\/\\\/www.allgeier.com\\\/de\\\/#website\"},\"datePublished\":\"2006-01-20T14:48:37+00:00\",\"dateModified\":\"2025-07-23T10:26:45+00:00\",\"breadcrumb\":{\"@id\":\"https:\\\/\\\/www.allgeier.com\\\/de\\\/investor-relations\\\/adhoc-announcements\\\/allgeier-konzentriert-sich-ganz-auf-it-und-personal-services-verbleibende-beteiligung-an-ea-gesellschaften-verkauft-2\\\/#breadcrumb\"},\"inLanguage\":\"de\",\"potentialAction\":[{\"@type\":\"ReadAction\",\"target\":[\"https:\\\/\\\/www.allgeier.com\\\/de\\\/investor-relations\\\/adhoc-announcements\\\/allgeier-konzentriert-sich-ganz-auf-it-und-personal-services-verbleibende-beteiligung-an-ea-gesellschaften-verkauft-2\\\/\"]}]},{\"@type\":\"BreadcrumbList\",\"@id\":\"https:\\\/\\\/www.allgeier.com\\\/de\\\/investor-relations\\\/adhoc-announcements\\\/allgeier-konzentriert-sich-ganz-auf-it-und-personal-services-verbleibende-beteiligung-an-ea-gesellschaften-verkauft-2\\\/#breadcrumb\",\"itemListElement\":[{\"@type\":\"ListItem\",\"position\":1,\"name\":\"Home\",\"item\":\"https:\\\/\\\/www.allgeier.com\\\/de\\\/\"},{\"@type\":\"ListItem\",\"position\":2,\"name\":\"Investor Relations\",\"item\":\"https:\\\/\\\/www.allgeier.com\\\/de\\\/investor-relations\\\/\"},{\"@type\":\"ListItem\",\"position\":3,\"name\":\"Ad hoc-Mitteilungen\",\"item\":\"https:\\\/\\\/www.allgeier.com\\\/de\\\/investor-relations\\\/adhoc-announcements\\\/\"},{\"@type\":\"ListItem\",\"position\":4,\"name\":\"Allgeier konzentriert sich ganz auf IT- und Personal-Services \\\/ Verbleibende Beteiligung an EA Gesellschaften verkauft\"}]},{\"@type\":\"WebSite\",\"@id\":\"https:\\\/\\\/www.allgeier.com\\\/de\\\/#website\",\"url\":\"https:\\\/\\\/www.allgeier.com\\\/de\\\/\",\"name\":\"Allgeier SE\",\"description\":\"Software &amp; IT Services for digital transformation\",\"potentialAction\":[{\"@type\":\"SearchAction\",\"target\":{\"@type\":\"EntryPoint\",\"urlTemplate\":\"https:\\\/\\\/www.allgeier.com\\\/de\\\/?s={search_term_string}\"},\"query-input\":{\"@type\":\"PropertyValueSpecification\",\"valueRequired\":true,\"valueName\":\"search_term_string\"}}],\"inLanguage\":\"de\"}]}<\/script>\n<!-- \/ Yoast SEO plugin. -->","yoast_head_json":{"title":"Allgeier konzentriert sich ganz auf IT- und Personal-Services \/ Verbleibende Beteiligung an EA Gesellschaften verkauft - Allgeier SE","robots":{"index":"index","follow":"follow","max-snippet":"max-snippet:-1","max-image-preview":"max-image-preview:large","max-video-preview":"max-video-preview:-1"},"canonical":"https:\/\/www.allgeier.com\/de\/investor-relations\/adhoc-announcements\/allgeier-konzentriert-sich-ganz-auf-it-und-personal-services-verbleibende-beteiligung-an-ea-gesellschaften-verkauft-2\/","og_locale":"de_DE","og_type":"article","og_title":"Allgeier konzentriert sich ganz auf IT- und Personal-Services \/ Verbleibende Beteiligung an EA Gesellschaften verkauft - Allgeier SE","og_description":"M\u00fcnchen 20.01.2006 - In der Ad-hoc-Meldung vom 9.12.2005 berichtete Allgeier \u00fcber die Neuordnung der Beteiligungen an den EA Gesellschaften. Heute wurden 100 % der Anteile an EA-Schaltnetzger\u00e4te GmbH, Bremen und die 51%-Beteiligung an der EA Elektro-Automatik Ltd., Salisbury (UK) im Rahmen eines Management-Buyouts","og_url":"https:\/\/www.allgeier.com\/de\/investor-relations\/adhoc-announcements\/allgeier-konzentriert-sich-ganz-auf-it-und-personal-services-verbleibende-beteiligung-an-ea-gesellschaften-verkauft-2\/","og_site_name":"Allgeier SE","article_modified_time":"2025-07-23T10:26:45+00:00","twitter_card":"summary_large_image","twitter_misc":{"Gesch\u00e4tzte Lesezeit":"1\u00a0Minute"},"schema":{"@context":"https:\/\/schema.org","@graph":[{"@type":"WebPage","@id":"https:\/\/www.allgeier.com\/de\/investor-relations\/adhoc-announcements\/allgeier-konzentriert-sich-ganz-auf-it-und-personal-services-verbleibende-beteiligung-an-ea-gesellschaften-verkauft-2\/","url":"https:\/\/www.allgeier.com\/de\/investor-relations\/adhoc-announcements\/allgeier-konzentriert-sich-ganz-auf-it-und-personal-services-verbleibende-beteiligung-an-ea-gesellschaften-verkauft-2\/","name":"Allgeier konzentriert sich ganz auf IT- und Personal-Services \/ Verbleibende Beteiligung an EA Gesellschaften verkauft - Allgeier SE","isPartOf":{"@id":"https:\/\/www.allgeier.com\/de\/#website"},"datePublished":"2006-01-20T14:48:37+00:00","dateModified":"2025-07-23T10:26:45+00:00","breadcrumb":{"@id":"https:\/\/www.allgeier.com\/de\/investor-relations\/adhoc-announcements\/allgeier-konzentriert-sich-ganz-auf-it-und-personal-services-verbleibende-beteiligung-an-ea-gesellschaften-verkauft-2\/#breadcrumb"},"inLanguage":"de","potentialAction":[{"@type":"ReadAction","target":["https:\/\/www.allgeier.com\/de\/investor-relations\/adhoc-announcements\/allgeier-konzentriert-sich-ganz-auf-it-und-personal-services-verbleibende-beteiligung-an-ea-gesellschaften-verkauft-2\/"]}]},{"@type":"BreadcrumbList","@id":"https:\/\/www.allgeier.com\/de\/investor-relations\/adhoc-announcements\/allgeier-konzentriert-sich-ganz-auf-it-und-personal-services-verbleibende-beteiligung-an-ea-gesellschaften-verkauft-2\/#breadcrumb","itemListElement":[{"@type":"ListItem","position":1,"name":"Home","item":"https:\/\/www.allgeier.com\/de\/"},{"@type":"ListItem","position":2,"name":"Investor Relations","item":"https:\/\/www.allgeier.com\/de\/investor-relations\/"},{"@type":"ListItem","position":3,"name":"Ad hoc-Mitteilungen","item":"https:\/\/www.allgeier.com\/de\/investor-relations\/adhoc-announcements\/"},{"@type":"ListItem","position":4,"name":"Allgeier konzentriert sich ganz auf IT- und Personal-Services \/ Verbleibende Beteiligung an EA Gesellschaften verkauft"}]},{"@type":"WebSite","@id":"https:\/\/www.allgeier.com\/de\/#website","url":"https:\/\/www.allgeier.com\/de\/","name":"Allgeier SE","description":"Software &amp; IT Services for digital transformation","potentialAction":[{"@type":"SearchAction","target":{"@type":"EntryPoint","urlTemplate":"https:\/\/www.allgeier.com\/de\/?s={search_term_string}"},"query-input":{"@type":"PropertyValueSpecification","valueRequired":true,"valueName":"search_term_string"}}],"inLanguage":"de"}]}},"_links":{"self":[{"href":"https:\/\/www.allgeier.com\/de\/wp-json\/wp\/v2\/pages\/6871","targetHints":{"allow":["GET"]}}],"collection":[{"href":"https:\/\/www.allgeier.com\/de\/wp-json\/wp\/v2\/pages"}],"about":[{"href":"https:\/\/www.allgeier.com\/de\/wp-json\/wp\/v2\/types\/page"}],"author":[{"embeddable":true,"href":"https:\/\/www.allgeier.com\/de\/wp-json\/wp\/v2\/users\/4"}],"replies":[{"embeddable":true,"href":"https:\/\/www.allgeier.com\/de\/wp-json\/wp\/v2\/comments?post=6871"}],"version-history":[{"count":1,"href":"https:\/\/www.allgeier.com\/de\/wp-json\/wp\/v2\/pages\/6871\/revisions"}],"predecessor-version":[{"id":6872,"href":"https:\/\/www.allgeier.com\/de\/wp-json\/wp\/v2\/pages\/6871\/revisions\/6872"}],"up":[{"embeddable":true,"href":"https:\/\/www.allgeier.com\/de\/wp-json\/wp\/v2\/pages\/1155"}],"wp:attachment":[{"href":"https:\/\/www.allgeier.com\/de\/wp-json\/wp\/v2\/media?parent=6871"}],"wp:term":[{"taxonomy":"category","embeddable":true,"href":"https:\/\/www.allgeier.com\/de\/wp-json\/wp\/v2\/categories?post=6871"},{"taxonomy":"post_tag","embeddable":true,"href":"https:\/\/www.allgeier.com\/de\/wp-json\/wp\/v2\/tags?post=6871"}],"curies":[{"name":"wp","href":"https:\/\/api.w.org\/{rel}","templated":true}]}}