{"id":6873,"date":"2005-11-28T14:25:00","date_gmt":"2005-11-28T15:25:00","guid":{"rendered":"https:\/\/www.allgeier.com\/de\/?page_id=6873"},"modified":"2025-07-23T10:26:46","modified_gmt":"2025-07-23T10:26:46","slug":"umstrukturierung-der-allgeier-gruppe-2","status":"publish","type":"page","link":"https:\/\/www.allgeier.com\/de\/investor-relations\/adhoc-announcements\/umstrukturierung-der-allgeier-gruppe-2\/","title":{"rendered":"Umstrukturierung der Allgeier Gruppe"},"content":{"rendered":"<p><b>Allgeier Holding AG \/ Diverses<\/b><\/p>\n<p>Ad-hoc-Meldung nach \u00a7 15 WpHG \u00fcbermittelt durch die EquityStory AG.<br \/>\nF\u00fcr den Inhalt der Mitteilung ist der Emittent verantwortlich.<br \/>\n&#8212;&#8212;&#8212;&#8212;&#8212;&#8212;&#8212;&#8212;&#8212;&#8212;&#8212;&#8212;&#8212;&#8212;&#8212;&#8212;&#8212;&#8212;&#8212;&#8212;&#8212;&#8212;&#8212;&#8212;&#8212;<\/p>\n<p>Vorstand und Aufsichtsrat der Allgeier Holding AG haben beschlossen das<br \/>\nBeteiligungsportfolio neu zu gliedern. Die IT Einheit soll k\u00fcnftig in zwei<br \/>\nUntereinheiten, die Gesch\u00e4ftseinheit IT Solutions und die Gesch\u00e4ftseinheit<br \/>\nIT Services, gegliedert werden. Zu diesem Zwecke werden die Gesellschaften<br \/>\nAllgeier IT Solutions GmbH, BOG IT Solutions GmbH, Allgeier Computer BV und<br \/>\nAllgeier Computer NV im Wege einer Kapitalerh\u00f6hung gegen Sacheinlage mit<br \/>\nWirkung zum 31. Dezember 2005 in die 4 TEKK Software AG eingebracht. Die<br \/>\nGesellschaften GFU Kiefer + Partner GmbH, ICC InfoTeSys Computer Consulting<br \/>\nGmbH und Softcon MBO GmbH werden ebenfalls im Wege einer Kapitalerh\u00f6hung<br \/>\ngegen Sacheinlage mit Wirkung zum 31. Dezember 2005 in die Allgeier IT<br \/>\nServices AG eingebracht. Die Einbringungsvorg\u00e4nge werden in der Allgeier<br \/>\nHolding AG zu Ertr\u00e4gen von ca. \u20ac 21 Mio. f\u00fchren. Diese werden auf der Ebene<br \/>\ndes Gesamtkonzerns in der Konsolidierung neutralisiert und werden das<br \/>\nErgebnis im IFRS Konzernabschluss nicht beeinflussen. <\/p>\n<p>Kontakt:<br \/>\nGeorg D\u00fcrschmidt<br \/>\nVorstand<br \/>\nTel. 089-998421-0<br \/>\nFax  089-998421-11<\/p>\n<p>EquityStory AG 28.11.2005<br \/>\n&#8212;&#8212;&#8212;&#8212;&#8212;&#8212;&#8212;&#8212;&#8212;&#8212;&#8212;&#8212;&#8212;&#8212;&#8212;&#8212;&#8212;&#8212;&#8212;&#8212;&#8212;&#8212;&#8212;&#8212;&#8212;<\/p>\n<p>Sprache:      Deutsch<br \/>\nEmittent:     Allgeier Holding AG<br \/>\n              Wehrlestrasse 12<br \/>\n              81679 M\u00fcnchen Deutschland<br \/>\nTelefon:      +49 (0)89 998 421-0<br \/>\nFax:          +49 (0)89 998 421-11<br \/>\nEmail:        info@allgeier.com<br \/>\nWWW:          www.allgeier-holding.com<br \/>\nISIN:         DE0005086300<br \/>\nWKN:          508630<br \/>\nIndizes:      CDAX<br \/>\nB\u00f6rsen:       Geregelter Markt in Frankfurt; Freiverkehr in Berlin-Bremen,<br \/>\n              Hannover, D\u00fcsseldorf, Hamburg, Stuttgart<\/p>\n<p>Ende der Mitteilung                             EQS News-Service<\/p>\n<p>&#8212;&#8212;&#8212;&#8212;&#8212;&#8212;&#8212;&#8212;&#8212;&#8212;&#8212;&#8212;&#8212;&#8212;&#8212;&#8212;&#8212;&#8212;&#8212;&#8212;&#8212;&#8212;&#8212;&#8212;&#8212;<\/p>\n","protected":false},"excerpt":{"rendered":"<p>Vorstand und Aufsichtsrat der Allgeier Holding AG haben beschlossen das Beteiligungsportfolio neu zu gliedern. Die IT Einheit soll k\u00fcnftig in zwei Untereinheiten, die Gesch\u00e4ftseinheit IT Solutions und die Gesch\u00e4ftseinheit IT Services, gegliedert werden. Zu diesem Zwecke werden die Gesellschaften Allgeier<\/p>\n","protected":false},"author":4,"featured_media":0,"parent":1155,"menu_order":0,"comment_status":"close","ping_status":"closed","template":"","meta":{"_acf_changed":false,"footnotes":""},"categories":[],"tags":[],"class_list":["post-6873","page","type-page","status-publish","hentry"],"acf":[],"yoast_head":"<!-- This site is optimized with the Yoast SEO plugin v27.4 - https:\/\/yoast.com\/product\/yoast-seo-wordpress\/ -->\n<title>Umstrukturierung der Allgeier Gruppe - Allgeier SE<\/title>\n<meta name=\"robots\" content=\"index, follow, max-snippet:-1, max-image-preview:large, max-video-preview:-1\" \/>\n<link rel=\"canonical\" href=\"https:\/\/www.allgeier.com\/de\/investor-relations\/adhoc-announcements\/umstrukturierung-der-allgeier-gruppe-2\/\" \/>\n<meta property=\"og:locale\" content=\"de_DE\" \/>\n<meta property=\"og:type\" content=\"article\" \/>\n<meta property=\"og:title\" content=\"Umstrukturierung der Allgeier Gruppe - Allgeier SE\" \/>\n<meta property=\"og:description\" content=\"Vorstand und Aufsichtsrat der Allgeier Holding AG haben beschlossen das Beteiligungsportfolio neu zu gliedern. Die IT Einheit soll k\u00fcnftig in zwei Untereinheiten, die Gesch\u00e4ftseinheit IT Solutions und die Gesch\u00e4ftseinheit IT Services, gegliedert werden. Zu diesem Zwecke werden die Gesellschaften Allgeier\" \/>\n<meta property=\"og:url\" content=\"https:\/\/www.allgeier.com\/de\/investor-relations\/adhoc-announcements\/umstrukturierung-der-allgeier-gruppe-2\/\" \/>\n<meta property=\"og:site_name\" content=\"Allgeier SE\" \/>\n<meta property=\"article:modified_time\" content=\"2025-07-23T10:26:46+00:00\" \/>\n<meta name=\"twitter:card\" content=\"summary_large_image\" \/>\n<meta name=\"twitter:label1\" content=\"Gesch\u00e4tzte Lesezeit\" \/>\n\t<meta name=\"twitter:data1\" content=\"1\u00a0Minute\" \/>\n<script type=\"application\/ld+json\" class=\"yoast-schema-graph\">{\"@context\":\"https:\\\/\\\/schema.org\",\"@graph\":[{\"@type\":\"WebPage\",\"@id\":\"https:\\\/\\\/www.allgeier.com\\\/de\\\/investor-relations\\\/adhoc-announcements\\\/umstrukturierung-der-allgeier-gruppe-2\\\/\",\"url\":\"https:\\\/\\\/www.allgeier.com\\\/de\\\/investor-relations\\\/adhoc-announcements\\\/umstrukturierung-der-allgeier-gruppe-2\\\/\",\"name\":\"Umstrukturierung der Allgeier Gruppe - Allgeier SE\",\"isPartOf\":{\"@id\":\"https:\\\/\\\/www.allgeier.com\\\/de\\\/#website\"},\"datePublished\":\"2005-11-28T15:25:00+00:00\",\"dateModified\":\"2025-07-23T10:26:46+00:00\",\"breadcrumb\":{\"@id\":\"https:\\\/\\\/www.allgeier.com\\\/de\\\/investor-relations\\\/adhoc-announcements\\\/umstrukturierung-der-allgeier-gruppe-2\\\/#breadcrumb\"},\"inLanguage\":\"de\",\"potentialAction\":[{\"@type\":\"ReadAction\",\"target\":[\"https:\\\/\\\/www.allgeier.com\\\/de\\\/investor-relations\\\/adhoc-announcements\\\/umstrukturierung-der-allgeier-gruppe-2\\\/\"]}]},{\"@type\":\"BreadcrumbList\",\"@id\":\"https:\\\/\\\/www.allgeier.com\\\/de\\\/investor-relations\\\/adhoc-announcements\\\/umstrukturierung-der-allgeier-gruppe-2\\\/#breadcrumb\",\"itemListElement\":[{\"@type\":\"ListItem\",\"position\":1,\"name\":\"Home\",\"item\":\"https:\\\/\\\/www.allgeier.com\\\/de\\\/\"},{\"@type\":\"ListItem\",\"position\":2,\"name\":\"Investor Relations\",\"item\":\"https:\\\/\\\/www.allgeier.com\\\/de\\\/investor-relations\\\/\"},{\"@type\":\"ListItem\",\"position\":3,\"name\":\"Ad hoc-Mitteilungen\",\"item\":\"https:\\\/\\\/www.allgeier.com\\\/de\\\/investor-relations\\\/adhoc-announcements\\\/\"},{\"@type\":\"ListItem\",\"position\":4,\"name\":\"Umstrukturierung der Allgeier Gruppe\"}]},{\"@type\":\"WebSite\",\"@id\":\"https:\\\/\\\/www.allgeier.com\\\/de\\\/#website\",\"url\":\"https:\\\/\\\/www.allgeier.com\\\/de\\\/\",\"name\":\"Allgeier SE\",\"description\":\"Software &amp; IT Services for digital transformation\",\"potentialAction\":[{\"@type\":\"SearchAction\",\"target\":{\"@type\":\"EntryPoint\",\"urlTemplate\":\"https:\\\/\\\/www.allgeier.com\\\/de\\\/?s={search_term_string}\"},\"query-input\":{\"@type\":\"PropertyValueSpecification\",\"valueRequired\":true,\"valueName\":\"search_term_string\"}}],\"inLanguage\":\"de\"}]}<\/script>\n<!-- \/ Yoast SEO plugin. -->","yoast_head_json":{"title":"Umstrukturierung der Allgeier Gruppe - Allgeier SE","robots":{"index":"index","follow":"follow","max-snippet":"max-snippet:-1","max-image-preview":"max-image-preview:large","max-video-preview":"max-video-preview:-1"},"canonical":"https:\/\/www.allgeier.com\/de\/investor-relations\/adhoc-announcements\/umstrukturierung-der-allgeier-gruppe-2\/","og_locale":"de_DE","og_type":"article","og_title":"Umstrukturierung der Allgeier Gruppe - Allgeier SE","og_description":"Vorstand und Aufsichtsrat der Allgeier Holding AG haben beschlossen das Beteiligungsportfolio neu zu gliedern. Die IT Einheit soll k\u00fcnftig in zwei Untereinheiten, die Gesch\u00e4ftseinheit IT Solutions und die Gesch\u00e4ftseinheit IT Services, gegliedert werden. Zu diesem Zwecke werden die Gesellschaften Allgeier","og_url":"https:\/\/www.allgeier.com\/de\/investor-relations\/adhoc-announcements\/umstrukturierung-der-allgeier-gruppe-2\/","og_site_name":"Allgeier SE","article_modified_time":"2025-07-23T10:26:46+00:00","twitter_card":"summary_large_image","twitter_misc":{"Gesch\u00e4tzte Lesezeit":"1\u00a0Minute"},"schema":{"@context":"https:\/\/schema.org","@graph":[{"@type":"WebPage","@id":"https:\/\/www.allgeier.com\/de\/investor-relations\/adhoc-announcements\/umstrukturierung-der-allgeier-gruppe-2\/","url":"https:\/\/www.allgeier.com\/de\/investor-relations\/adhoc-announcements\/umstrukturierung-der-allgeier-gruppe-2\/","name":"Umstrukturierung der Allgeier Gruppe - Allgeier SE","isPartOf":{"@id":"https:\/\/www.allgeier.com\/de\/#website"},"datePublished":"2005-11-28T15:25:00+00:00","dateModified":"2025-07-23T10:26:46+00:00","breadcrumb":{"@id":"https:\/\/www.allgeier.com\/de\/investor-relations\/adhoc-announcements\/umstrukturierung-der-allgeier-gruppe-2\/#breadcrumb"},"inLanguage":"de","potentialAction":[{"@type":"ReadAction","target":["https:\/\/www.allgeier.com\/de\/investor-relations\/adhoc-announcements\/umstrukturierung-der-allgeier-gruppe-2\/"]}]},{"@type":"BreadcrumbList","@id":"https:\/\/www.allgeier.com\/de\/investor-relations\/adhoc-announcements\/umstrukturierung-der-allgeier-gruppe-2\/#breadcrumb","itemListElement":[{"@type":"ListItem","position":1,"name":"Home","item":"https:\/\/www.allgeier.com\/de\/"},{"@type":"ListItem","position":2,"name":"Investor Relations","item":"https:\/\/www.allgeier.com\/de\/investor-relations\/"},{"@type":"ListItem","position":3,"name":"Ad hoc-Mitteilungen","item":"https:\/\/www.allgeier.com\/de\/investor-relations\/adhoc-announcements\/"},{"@type":"ListItem","position":4,"name":"Umstrukturierung der Allgeier Gruppe"}]},{"@type":"WebSite","@id":"https:\/\/www.allgeier.com\/de\/#website","url":"https:\/\/www.allgeier.com\/de\/","name":"Allgeier SE","description":"Software &amp; IT Services for digital transformation","potentialAction":[{"@type":"SearchAction","target":{"@type":"EntryPoint","urlTemplate":"https:\/\/www.allgeier.com\/de\/?s={search_term_string}"},"query-input":{"@type":"PropertyValueSpecification","valueRequired":true,"valueName":"search_term_string"}}],"inLanguage":"de"}]}},"_links":{"self":[{"href":"https:\/\/www.allgeier.com\/de\/wp-json\/wp\/v2\/pages\/6873","targetHints":{"allow":["GET"]}}],"collection":[{"href":"https:\/\/www.allgeier.com\/de\/wp-json\/wp\/v2\/pages"}],"about":[{"href":"https:\/\/www.allgeier.com\/de\/wp-json\/wp\/v2\/types\/page"}],"author":[{"embeddable":true,"href":"https:\/\/www.allgeier.com\/de\/wp-json\/wp\/v2\/users\/4"}],"replies":[{"embeddable":true,"href":"https:\/\/www.allgeier.com\/de\/wp-json\/wp\/v2\/comments?post=6873"}],"version-history":[{"count":1,"href":"https:\/\/www.allgeier.com\/de\/wp-json\/wp\/v2\/pages\/6873\/revisions"}],"predecessor-version":[{"id":6874,"href":"https:\/\/www.allgeier.com\/de\/wp-json\/wp\/v2\/pages\/6873\/revisions\/6874"}],"up":[{"embeddable":true,"href":"https:\/\/www.allgeier.com\/de\/wp-json\/wp\/v2\/pages\/1155"}],"wp:attachment":[{"href":"https:\/\/www.allgeier.com\/de\/wp-json\/wp\/v2\/media?parent=6873"}],"wp:term":[{"taxonomy":"category","embeddable":true,"href":"https:\/\/www.allgeier.com\/de\/wp-json\/wp\/v2\/categories?post=6873"},{"taxonomy":"post_tag","embeddable":true,"href":"https:\/\/www.allgeier.com\/de\/wp-json\/wp\/v2\/tags?post=6873"}],"curies":[{"name":"wp","href":"https:\/\/api.w.org\/{rel}","templated":true}]}}