{"id":6875,"date":"2005-06-10T15:57:36","date_gmt":"2005-06-10T15:57:36","guid":{"rendered":"https:\/\/www.allgeier.com\/de\/?page_id=6875"},"modified":"2025-07-23T10:26:46","modified_gmt":"2025-07-23T10:26:46","slug":"beabsichtigte-unternehmensakquisition-2","status":"publish","type":"page","link":"https:\/\/www.allgeier.com\/de\/investor-relations\/adhoc-announcements\/beabsichtigte-unternehmensakquisition-2\/","title":{"rendered":"Beabsichtigte Unternehmensakquisition"},"content":{"rendered":"<p><SPAN class=\"fontstyle\">Allgeier schlie\u00dft Letter of Intent zu dem Erwerb einer mittelst\u00e4ndischen Unternehmensgruppe im Sektor Dienstleistungen <BR \/><BR \/>10.06.2005 &#8211; Ad-hoc Mitteilung <BR \/><BR \/>Ad-hoc-Meldung nach \u00a7 15 WpHG: Allgeier Holding AG, M\u00fcnchen, ISIN DE 0005086300, teilt mit, dass die Allgeier Holding AG eine Erweiterung der Gesch\u00e4ftst\u00e4tigkeit der Allgeier Gruppe durch die Akquisition eines Unternehmens beabsichtigt. <BR \/><BR \/>Allgeier Holding AG hat in einem Letter of Intent die Grundz\u00fcge f\u00fcr den Erwerb einer deutschen mittelst\u00e4ndischen Unternehmensgruppe im Dienstleistungsbereich mit einem j\u00e4hrlichen Umsatz von ca. \u20ac 30 Mio. vereinbart. Die Transaktion soll in den n\u00e4chsten Wochen weiter verhandelt und durchgef\u00fchrt werden. <BR \/><BR \/>Hinsichtlich der weiteren Einzelheiten haben sich die Parteien jeweils zur Vertraulichkeit verpflichtet. Der Fortgang der Transaktion h\u00e4ngt von dem Ergebnis der noch durchzuf\u00fchrenden Due Diligence Pr\u00fcfungen, dem Ausgang der zu f\u00fchrenden Vertragsverhandlungen und schlie\u00dflich der Entscheidung von Vorstand und Aufsichtsrat der Allgeier Holding AG ab. <BR \/><BR \/>Allgeier Holding AG <BR \/>Vorstand <BR \/>Wehrlestr. 12 <BR \/>81679 M\u00fcnchen <BR \/><BR \/><BR \/>Kontakt: <BR \/>Georg D\u00fcrschmidt <BR \/>Vorstand <BR \/>Tel. 089-998421-0 <BR \/>Fax 089-998421-11 <BR \/><BR \/><BR \/><\/SPAN><\/p>\n","protected":false},"excerpt":{"rendered":"<p>Allgeier schlie\u00dft Letter of Intent zu dem Erwerb einer mittelst\u00e4ndischen Unternehmensgruppe im Sektor Dienstleistungen 10.06.2005 &#8211; Ad-hoc Mitteilung Ad-hoc-Meldung nach \u00a7 15 WpHG: Allgeier Holding AG, M\u00fcnchen, ISIN DE 0005086300, teilt mit, dass die Allgeier Holding AG eine Erweiterung der Gesch\u00e4ftst\u00e4tigkeit<\/p>\n","protected":false},"author":4,"featured_media":0,"parent":1155,"menu_order":0,"comment_status":"close","ping_status":"closed","template":"","meta":{"_acf_changed":false,"footnotes":""},"categories":[],"tags":[],"class_list":["post-6875","page","type-page","status-publish","hentry"],"acf":[],"yoast_head":"<!-- This site is optimized with the Yoast SEO plugin v27.4 - https:\/\/yoast.com\/product\/yoast-seo-wordpress\/ -->\n<title>Beabsichtigte Unternehmensakquisition - Allgeier SE<\/title>\n<meta name=\"robots\" content=\"index, follow, max-snippet:-1, max-image-preview:large, max-video-preview:-1\" \/>\n<link rel=\"canonical\" href=\"https:\/\/www.allgeier.com\/de\/investor-relations\/adhoc-announcements\/beabsichtigte-unternehmensakquisition-2\/\" \/>\n<meta property=\"og:locale\" content=\"de_DE\" \/>\n<meta property=\"og:type\" content=\"article\" \/>\n<meta property=\"og:title\" content=\"Beabsichtigte Unternehmensakquisition - Allgeier SE\" \/>\n<meta property=\"og:description\" content=\"Allgeier schlie\u00dft Letter of Intent zu dem Erwerb einer mittelst\u00e4ndischen Unternehmensgruppe im Sektor Dienstleistungen 10.06.2005 - Ad-hoc Mitteilung Ad-hoc-Meldung nach \u00a7 15 WpHG: Allgeier Holding AG, M\u00fcnchen, ISIN DE 0005086300, teilt mit, dass die Allgeier Holding AG eine Erweiterung der Gesch\u00e4ftst\u00e4tigkeit\" \/>\n<meta property=\"og:url\" content=\"https:\/\/www.allgeier.com\/de\/investor-relations\/adhoc-announcements\/beabsichtigte-unternehmensakquisition-2\/\" \/>\n<meta property=\"og:site_name\" content=\"Allgeier SE\" \/>\n<meta property=\"article:modified_time\" content=\"2025-07-23T10:26:46+00:00\" \/>\n<meta name=\"twitter:card\" content=\"summary_large_image\" \/>\n<meta name=\"twitter:label1\" content=\"Gesch\u00e4tzte Lesezeit\" \/>\n\t<meta name=\"twitter:data1\" content=\"1\u00a0Minute\" \/>\n<script type=\"application\/ld+json\" class=\"yoast-schema-graph\">{\"@context\":\"https:\\\/\\\/schema.org\",\"@graph\":[{\"@type\":\"WebPage\",\"@id\":\"https:\\\/\\\/www.allgeier.com\\\/de\\\/investor-relations\\\/adhoc-announcements\\\/beabsichtigte-unternehmensakquisition-2\\\/\",\"url\":\"https:\\\/\\\/www.allgeier.com\\\/de\\\/investor-relations\\\/adhoc-announcements\\\/beabsichtigte-unternehmensakquisition-2\\\/\",\"name\":\"Beabsichtigte Unternehmensakquisition - Allgeier SE\",\"isPartOf\":{\"@id\":\"https:\\\/\\\/www.allgeier.com\\\/de\\\/#website\"},\"datePublished\":\"2005-06-10T15:57:36+00:00\",\"dateModified\":\"2025-07-23T10:26:46+00:00\",\"breadcrumb\":{\"@id\":\"https:\\\/\\\/www.allgeier.com\\\/de\\\/investor-relations\\\/adhoc-announcements\\\/beabsichtigte-unternehmensakquisition-2\\\/#breadcrumb\"},\"inLanguage\":\"de\",\"potentialAction\":[{\"@type\":\"ReadAction\",\"target\":[\"https:\\\/\\\/www.allgeier.com\\\/de\\\/investor-relations\\\/adhoc-announcements\\\/beabsichtigte-unternehmensakquisition-2\\\/\"]}]},{\"@type\":\"BreadcrumbList\",\"@id\":\"https:\\\/\\\/www.allgeier.com\\\/de\\\/investor-relations\\\/adhoc-announcements\\\/beabsichtigte-unternehmensakquisition-2\\\/#breadcrumb\",\"itemListElement\":[{\"@type\":\"ListItem\",\"position\":1,\"name\":\"Home\",\"item\":\"https:\\\/\\\/www.allgeier.com\\\/de\\\/\"},{\"@type\":\"ListItem\",\"position\":2,\"name\":\"Investor Relations\",\"item\":\"https:\\\/\\\/www.allgeier.com\\\/de\\\/investor-relations\\\/\"},{\"@type\":\"ListItem\",\"position\":3,\"name\":\"Ad hoc-Mitteilungen\",\"item\":\"https:\\\/\\\/www.allgeier.com\\\/de\\\/investor-relations\\\/adhoc-announcements\\\/\"},{\"@type\":\"ListItem\",\"position\":4,\"name\":\"Beabsichtigte Unternehmensakquisition\"}]},{\"@type\":\"WebSite\",\"@id\":\"https:\\\/\\\/www.allgeier.com\\\/de\\\/#website\",\"url\":\"https:\\\/\\\/www.allgeier.com\\\/de\\\/\",\"name\":\"Allgeier SE\",\"description\":\"Software &amp; IT Services for digital transformation\",\"potentialAction\":[{\"@type\":\"SearchAction\",\"target\":{\"@type\":\"EntryPoint\",\"urlTemplate\":\"https:\\\/\\\/www.allgeier.com\\\/de\\\/?s={search_term_string}\"},\"query-input\":{\"@type\":\"PropertyValueSpecification\",\"valueRequired\":true,\"valueName\":\"search_term_string\"}}],\"inLanguage\":\"de\"}]}<\/script>\n<!-- \/ Yoast SEO plugin. -->","yoast_head_json":{"title":"Beabsichtigte Unternehmensakquisition - Allgeier SE","robots":{"index":"index","follow":"follow","max-snippet":"max-snippet:-1","max-image-preview":"max-image-preview:large","max-video-preview":"max-video-preview:-1"},"canonical":"https:\/\/www.allgeier.com\/de\/investor-relations\/adhoc-announcements\/beabsichtigte-unternehmensakquisition-2\/","og_locale":"de_DE","og_type":"article","og_title":"Beabsichtigte Unternehmensakquisition - Allgeier SE","og_description":"Allgeier schlie\u00dft Letter of Intent zu dem Erwerb einer mittelst\u00e4ndischen Unternehmensgruppe im Sektor Dienstleistungen 10.06.2005 - Ad-hoc Mitteilung Ad-hoc-Meldung nach \u00a7 15 WpHG: Allgeier Holding AG, M\u00fcnchen, ISIN DE 0005086300, teilt mit, dass die Allgeier Holding AG eine Erweiterung der Gesch\u00e4ftst\u00e4tigkeit","og_url":"https:\/\/www.allgeier.com\/de\/investor-relations\/adhoc-announcements\/beabsichtigte-unternehmensakquisition-2\/","og_site_name":"Allgeier SE","article_modified_time":"2025-07-23T10:26:46+00:00","twitter_card":"summary_large_image","twitter_misc":{"Gesch\u00e4tzte Lesezeit":"1\u00a0Minute"},"schema":{"@context":"https:\/\/schema.org","@graph":[{"@type":"WebPage","@id":"https:\/\/www.allgeier.com\/de\/investor-relations\/adhoc-announcements\/beabsichtigte-unternehmensakquisition-2\/","url":"https:\/\/www.allgeier.com\/de\/investor-relations\/adhoc-announcements\/beabsichtigte-unternehmensakquisition-2\/","name":"Beabsichtigte Unternehmensakquisition - Allgeier SE","isPartOf":{"@id":"https:\/\/www.allgeier.com\/de\/#website"},"datePublished":"2005-06-10T15:57:36+00:00","dateModified":"2025-07-23T10:26:46+00:00","breadcrumb":{"@id":"https:\/\/www.allgeier.com\/de\/investor-relations\/adhoc-announcements\/beabsichtigte-unternehmensakquisition-2\/#breadcrumb"},"inLanguage":"de","potentialAction":[{"@type":"ReadAction","target":["https:\/\/www.allgeier.com\/de\/investor-relations\/adhoc-announcements\/beabsichtigte-unternehmensakquisition-2\/"]}]},{"@type":"BreadcrumbList","@id":"https:\/\/www.allgeier.com\/de\/investor-relations\/adhoc-announcements\/beabsichtigte-unternehmensakquisition-2\/#breadcrumb","itemListElement":[{"@type":"ListItem","position":1,"name":"Home","item":"https:\/\/www.allgeier.com\/de\/"},{"@type":"ListItem","position":2,"name":"Investor Relations","item":"https:\/\/www.allgeier.com\/de\/investor-relations\/"},{"@type":"ListItem","position":3,"name":"Ad hoc-Mitteilungen","item":"https:\/\/www.allgeier.com\/de\/investor-relations\/adhoc-announcements\/"},{"@type":"ListItem","position":4,"name":"Beabsichtigte Unternehmensakquisition"}]},{"@type":"WebSite","@id":"https:\/\/www.allgeier.com\/de\/#website","url":"https:\/\/www.allgeier.com\/de\/","name":"Allgeier SE","description":"Software &amp; IT Services for digital transformation","potentialAction":[{"@type":"SearchAction","target":{"@type":"EntryPoint","urlTemplate":"https:\/\/www.allgeier.com\/de\/?s={search_term_string}"},"query-input":{"@type":"PropertyValueSpecification","valueRequired":true,"valueName":"search_term_string"}}],"inLanguage":"de"}]}},"_links":{"self":[{"href":"https:\/\/www.allgeier.com\/de\/wp-json\/wp\/v2\/pages\/6875","targetHints":{"allow":["GET"]}}],"collection":[{"href":"https:\/\/www.allgeier.com\/de\/wp-json\/wp\/v2\/pages"}],"about":[{"href":"https:\/\/www.allgeier.com\/de\/wp-json\/wp\/v2\/types\/page"}],"author":[{"embeddable":true,"href":"https:\/\/www.allgeier.com\/de\/wp-json\/wp\/v2\/users\/4"}],"replies":[{"embeddable":true,"href":"https:\/\/www.allgeier.com\/de\/wp-json\/wp\/v2\/comments?post=6875"}],"version-history":[{"count":1,"href":"https:\/\/www.allgeier.com\/de\/wp-json\/wp\/v2\/pages\/6875\/revisions"}],"predecessor-version":[{"id":6876,"href":"https:\/\/www.allgeier.com\/de\/wp-json\/wp\/v2\/pages\/6875\/revisions\/6876"}],"up":[{"embeddable":true,"href":"https:\/\/www.allgeier.com\/de\/wp-json\/wp\/v2\/pages\/1155"}],"wp:attachment":[{"href":"https:\/\/www.allgeier.com\/de\/wp-json\/wp\/v2\/media?parent=6875"}],"wp:term":[{"taxonomy":"category","embeddable":true,"href":"https:\/\/www.allgeier.com\/de\/wp-json\/wp\/v2\/categories?post=6875"},{"taxonomy":"post_tag","embeddable":true,"href":"https:\/\/www.allgeier.com\/de\/wp-json\/wp\/v2\/tags?post=6875"}],"curies":[{"name":"wp","href":"https:\/\/api.w.org\/{rel}","templated":true}]}}