{"id":6877,"date":"2005-11-14T18:17:13","date_gmt":"2005-11-14T19:17:13","guid":{"rendered":"https:\/\/www.allgeier.com\/de\/?page_id=6877"},"modified":"2025-07-23T10:26:46","modified_gmt":"2025-07-23T10:26:46","slug":"allgeier-setzt-positive-geschaeftsentwicklung-im-3-quartal-fort-2","status":"publish","type":"page","link":"https:\/\/www.allgeier.com\/de\/investor-relations\/adhoc-announcements\/allgeier-setzt-positive-geschaeftsentwicklung-im-3-quartal-fort-2\/","title":{"rendered":"Allgeier setzt positive Gesch\u00e4ftsentwicklung im 3. Quartal fort"},"content":{"rendered":"<p><b>Allgeier Holding AG \/ Quartalsergebnis<\/b><\/p>\n<p>Ad-hoc-Meldung nach \u00a7 15 WpHG \u00fcbermittelt durch die EquityStory AG.<br \/>\nF\u00fcr den Inhalt der Mitteilung ist der Emittent verantwortlich.<br \/>\n&#8212;&#8212;&#8212;&#8212;&#8212;&#8212;&#8212;&#8212;&#8212;&#8212;&#8212;&#8212;&#8212;&#8212;&#8212;&#8212;&#8212;&#8212;&#8212;&#8212;&#8212;&#8212;&#8212;&#8212;&#8212;<\/p>\n<p>M\u00fcnchen, 14. November 2005<\/p>\n<p>Allgeier Holding AG setzt die positive Gesch\u00e4ftsentwicklung auch im 3.<br \/>\nQuartal fort.<\/p>\n<p>Die Allgeier Holding AG ist in dem 9-Monatszeitraum 2005 erheblich<br \/>\ngewachsen und legte sowohl im Umsatz als auch im Ergebnis zu.<\/p>\n<p>Der Konzernumsatz lag in den ersten neun Monaten bei EUR 43,9 Mio., was<br \/>\neiner Steigerung von 50% gegen\u00fcber dem entsprechenden Vorjahreszeitraum<br \/>\n(EUR 29,3 Mio.) entspricht. Das Betriebsergebnis vor Abschreibungen<br \/>\n(EBITDA) erh\u00f6hte sich gegen\u00fcber Vorjahr (EUR 3,3 Mio.) um 28% auf EUR 4,2<br \/>\nMio. und das Ergebnis vor Steuern (EBT) lag bei EUR 2,3 Mio. (Vorjahr EUR<br \/>\n1,4 Mio.). Zu dieser positiven Gesch\u00e4ftsentwicklung trug insbesondere der<br \/>\nGesch\u00e4ftsbereich IT sowie der im September erstmalig konsolidierte<br \/>\nGesch\u00e4ftsbereich Personaldienstleistungen bei.<\/p>\n<p>Kontakt:<br \/>\nGeorg D\u00fcrschmidt<br \/>\nVorstand<br \/>\nTel. 089-998421-0<br \/>\nFax  089-998421-11<\/p>\n<p>EquityStory AG 14.11.2005<br \/>\n&#8212;&#8212;&#8212;&#8212;&#8212;&#8212;&#8212;&#8212;&#8212;&#8212;&#8212;&#8212;&#8212;&#8212;&#8212;&#8212;&#8212;&#8212;&#8212;&#8212;&#8212;&#8212;&#8212;&#8212;&#8212;<\/p>\n<p>Sprache:      Deutsch<br \/>\nEmittent:     Allgeier Holding AG<br \/>\n              Wehrlestrasse 12<br \/>\n              81679 M\u00fcnchen Deutschland<br \/>\nTelefon:      +49 (0)89 998 421-0<br \/>\nFax:          +49 (0)89 998 421-11<br \/>\nEmail:        info@allgeier.com<br \/>\nWWW:          www.allgeier-holding.com<br \/>\nISIN:         DE0005086300<br \/>\nWKN:          508630<br \/>\nIndizes:      CDAX<br \/>\nB\u00f6rsen:       Geregelter Markt in Frankfurt; Freiverkehr in Berlin-Bremen,<br \/>\n              Hannover, D\u00fcsseldorf, Hamburg, Stuttgart<\/p>\n<p>Ende der Mitteilung                             EQS News-Service<\/p>\n<p>&#8212;&#8212;&#8212;&#8212;&#8212;&#8212;&#8212;&#8212;&#8212;&#8212;&#8212;&#8212;&#8212;&#8212;&#8212;&#8212;&#8212;&#8212;&#8212;&#8212;&#8212;&#8212;&#8212;&#8212;&#8212;<\/p>\n","protected":false},"excerpt":{"rendered":"<p>M\u00fcnchen, 14. November 2005 Allgeier Holding AG setzt die positive Gesch\u00e4ftsentwicklung auch im 3. Quartal fort. Die Allgeier Holding AG ist in dem 9-Monatszeitraum 2005 erheblich gewachsen und legte sowohl im Umsatz als auch im Ergebnis zu. Der Konzernumsatz lag in den ersten neun Monaten bei EUR<\/p>\n","protected":false},"author":4,"featured_media":0,"parent":1155,"menu_order":0,"comment_status":"close","ping_status":"closed","template":"","meta":{"_acf_changed":false,"footnotes":""},"categories":[],"tags":[],"class_list":["post-6877","page","type-page","status-publish","hentry"],"acf":[],"yoast_head":"<!-- This site is optimized with the Yoast SEO plugin v27.4 - https:\/\/yoast.com\/product\/yoast-seo-wordpress\/ -->\n<title>Allgeier setzt positive Gesch\u00e4ftsentwicklung im 3. Quartal fort - Allgeier SE<\/title>\n<meta name=\"robots\" content=\"index, follow, max-snippet:-1, max-image-preview:large, max-video-preview:-1\" \/>\n<link rel=\"canonical\" href=\"https:\/\/www.allgeier.com\/de\/investor-relations\/adhoc-announcements\/allgeier-setzt-positive-geschaeftsentwicklung-im-3-quartal-fort-2\/\" \/>\n<meta property=\"og:locale\" content=\"de_DE\" \/>\n<meta property=\"og:type\" content=\"article\" \/>\n<meta property=\"og:title\" content=\"Allgeier setzt positive Gesch\u00e4ftsentwicklung im 3. Quartal fort - Allgeier SE\" \/>\n<meta property=\"og:description\" content=\"M\u00fcnchen, 14. November 2005 Allgeier Holding AG setzt die positive Gesch\u00e4ftsentwicklung auch im 3. Quartal fort. Die Allgeier Holding AG ist in dem 9-Monatszeitraum 2005 erheblich gewachsen und legte sowohl im Umsatz als auch im Ergebnis zu. Der Konzernumsatz lag in den ersten neun Monaten bei EUR\" \/>\n<meta property=\"og:url\" content=\"https:\/\/www.allgeier.com\/de\/investor-relations\/adhoc-announcements\/allgeier-setzt-positive-geschaeftsentwicklung-im-3-quartal-fort-2\/\" \/>\n<meta property=\"og:site_name\" content=\"Allgeier SE\" \/>\n<meta property=\"article:modified_time\" content=\"2025-07-23T10:26:46+00:00\" \/>\n<meta name=\"twitter:card\" content=\"summary_large_image\" \/>\n<meta name=\"twitter:label1\" content=\"Gesch\u00e4tzte Lesezeit\" \/>\n\t<meta name=\"twitter:data1\" content=\"1\u00a0Minute\" \/>\n<script type=\"application\/ld+json\" class=\"yoast-schema-graph\">{\"@context\":\"https:\\\/\\\/schema.org\",\"@graph\":[{\"@type\":\"WebPage\",\"@id\":\"https:\\\/\\\/www.allgeier.com\\\/de\\\/investor-relations\\\/adhoc-announcements\\\/allgeier-setzt-positive-geschaeftsentwicklung-im-3-quartal-fort-2\\\/\",\"url\":\"https:\\\/\\\/www.allgeier.com\\\/de\\\/investor-relations\\\/adhoc-announcements\\\/allgeier-setzt-positive-geschaeftsentwicklung-im-3-quartal-fort-2\\\/\",\"name\":\"Allgeier setzt positive Gesch\u00e4ftsentwicklung im 3. Quartal fort - Allgeier SE\",\"isPartOf\":{\"@id\":\"https:\\\/\\\/www.allgeier.com\\\/de\\\/#website\"},\"datePublished\":\"2005-11-14T19:17:13+00:00\",\"dateModified\":\"2025-07-23T10:26:46+00:00\",\"breadcrumb\":{\"@id\":\"https:\\\/\\\/www.allgeier.com\\\/de\\\/investor-relations\\\/adhoc-announcements\\\/allgeier-setzt-positive-geschaeftsentwicklung-im-3-quartal-fort-2\\\/#breadcrumb\"},\"inLanguage\":\"de\",\"potentialAction\":[{\"@type\":\"ReadAction\",\"target\":[\"https:\\\/\\\/www.allgeier.com\\\/de\\\/investor-relations\\\/adhoc-announcements\\\/allgeier-setzt-positive-geschaeftsentwicklung-im-3-quartal-fort-2\\\/\"]}]},{\"@type\":\"BreadcrumbList\",\"@id\":\"https:\\\/\\\/www.allgeier.com\\\/de\\\/investor-relations\\\/adhoc-announcements\\\/allgeier-setzt-positive-geschaeftsentwicklung-im-3-quartal-fort-2\\\/#breadcrumb\",\"itemListElement\":[{\"@type\":\"ListItem\",\"position\":1,\"name\":\"Home\",\"item\":\"https:\\\/\\\/www.allgeier.com\\\/de\\\/\"},{\"@type\":\"ListItem\",\"position\":2,\"name\":\"Investor Relations\",\"item\":\"https:\\\/\\\/www.allgeier.com\\\/de\\\/investor-relations\\\/\"},{\"@type\":\"ListItem\",\"position\":3,\"name\":\"Ad hoc-Mitteilungen\",\"item\":\"https:\\\/\\\/www.allgeier.com\\\/de\\\/investor-relations\\\/adhoc-announcements\\\/\"},{\"@type\":\"ListItem\",\"position\":4,\"name\":\"Allgeier setzt positive Gesch\u00e4ftsentwicklung im 3. Quartal fort\"}]},{\"@type\":\"WebSite\",\"@id\":\"https:\\\/\\\/www.allgeier.com\\\/de\\\/#website\",\"url\":\"https:\\\/\\\/www.allgeier.com\\\/de\\\/\",\"name\":\"Allgeier SE\",\"description\":\"Software &amp; IT Services for digital transformation\",\"potentialAction\":[{\"@type\":\"SearchAction\",\"target\":{\"@type\":\"EntryPoint\",\"urlTemplate\":\"https:\\\/\\\/www.allgeier.com\\\/de\\\/?s={search_term_string}\"},\"query-input\":{\"@type\":\"PropertyValueSpecification\",\"valueRequired\":true,\"valueName\":\"search_term_string\"}}],\"inLanguage\":\"de\"}]}<\/script>\n<!-- \/ Yoast SEO plugin. -->","yoast_head_json":{"title":"Allgeier setzt positive Gesch\u00e4ftsentwicklung im 3. Quartal fort - Allgeier SE","robots":{"index":"index","follow":"follow","max-snippet":"max-snippet:-1","max-image-preview":"max-image-preview:large","max-video-preview":"max-video-preview:-1"},"canonical":"https:\/\/www.allgeier.com\/de\/investor-relations\/adhoc-announcements\/allgeier-setzt-positive-geschaeftsentwicklung-im-3-quartal-fort-2\/","og_locale":"de_DE","og_type":"article","og_title":"Allgeier setzt positive Gesch\u00e4ftsentwicklung im 3. Quartal fort - Allgeier SE","og_description":"M\u00fcnchen, 14. November 2005 Allgeier Holding AG setzt die positive Gesch\u00e4ftsentwicklung auch im 3. Quartal fort. Die Allgeier Holding AG ist in dem 9-Monatszeitraum 2005 erheblich gewachsen und legte sowohl im Umsatz als auch im Ergebnis zu. Der Konzernumsatz lag in den ersten neun Monaten bei EUR","og_url":"https:\/\/www.allgeier.com\/de\/investor-relations\/adhoc-announcements\/allgeier-setzt-positive-geschaeftsentwicklung-im-3-quartal-fort-2\/","og_site_name":"Allgeier SE","article_modified_time":"2025-07-23T10:26:46+00:00","twitter_card":"summary_large_image","twitter_misc":{"Gesch\u00e4tzte Lesezeit":"1\u00a0Minute"},"schema":{"@context":"https:\/\/schema.org","@graph":[{"@type":"WebPage","@id":"https:\/\/www.allgeier.com\/de\/investor-relations\/adhoc-announcements\/allgeier-setzt-positive-geschaeftsentwicklung-im-3-quartal-fort-2\/","url":"https:\/\/www.allgeier.com\/de\/investor-relations\/adhoc-announcements\/allgeier-setzt-positive-geschaeftsentwicklung-im-3-quartal-fort-2\/","name":"Allgeier setzt positive Gesch\u00e4ftsentwicklung im 3. Quartal fort - Allgeier SE","isPartOf":{"@id":"https:\/\/www.allgeier.com\/de\/#website"},"datePublished":"2005-11-14T19:17:13+00:00","dateModified":"2025-07-23T10:26:46+00:00","breadcrumb":{"@id":"https:\/\/www.allgeier.com\/de\/investor-relations\/adhoc-announcements\/allgeier-setzt-positive-geschaeftsentwicklung-im-3-quartal-fort-2\/#breadcrumb"},"inLanguage":"de","potentialAction":[{"@type":"ReadAction","target":["https:\/\/www.allgeier.com\/de\/investor-relations\/adhoc-announcements\/allgeier-setzt-positive-geschaeftsentwicklung-im-3-quartal-fort-2\/"]}]},{"@type":"BreadcrumbList","@id":"https:\/\/www.allgeier.com\/de\/investor-relations\/adhoc-announcements\/allgeier-setzt-positive-geschaeftsentwicklung-im-3-quartal-fort-2\/#breadcrumb","itemListElement":[{"@type":"ListItem","position":1,"name":"Home","item":"https:\/\/www.allgeier.com\/de\/"},{"@type":"ListItem","position":2,"name":"Investor Relations","item":"https:\/\/www.allgeier.com\/de\/investor-relations\/"},{"@type":"ListItem","position":3,"name":"Ad hoc-Mitteilungen","item":"https:\/\/www.allgeier.com\/de\/investor-relations\/adhoc-announcements\/"},{"@type":"ListItem","position":4,"name":"Allgeier setzt positive Gesch\u00e4ftsentwicklung im 3. Quartal fort"}]},{"@type":"WebSite","@id":"https:\/\/www.allgeier.com\/de\/#website","url":"https:\/\/www.allgeier.com\/de\/","name":"Allgeier SE","description":"Software &amp; IT Services for digital transformation","potentialAction":[{"@type":"SearchAction","target":{"@type":"EntryPoint","urlTemplate":"https:\/\/www.allgeier.com\/de\/?s={search_term_string}"},"query-input":{"@type":"PropertyValueSpecification","valueRequired":true,"valueName":"search_term_string"}}],"inLanguage":"de"}]}},"_links":{"self":[{"href":"https:\/\/www.allgeier.com\/de\/wp-json\/wp\/v2\/pages\/6877","targetHints":{"allow":["GET"]}}],"collection":[{"href":"https:\/\/www.allgeier.com\/de\/wp-json\/wp\/v2\/pages"}],"about":[{"href":"https:\/\/www.allgeier.com\/de\/wp-json\/wp\/v2\/types\/page"}],"author":[{"embeddable":true,"href":"https:\/\/www.allgeier.com\/de\/wp-json\/wp\/v2\/users\/4"}],"replies":[{"embeddable":true,"href":"https:\/\/www.allgeier.com\/de\/wp-json\/wp\/v2\/comments?post=6877"}],"version-history":[{"count":1,"href":"https:\/\/www.allgeier.com\/de\/wp-json\/wp\/v2\/pages\/6877\/revisions"}],"predecessor-version":[{"id":6878,"href":"https:\/\/www.allgeier.com\/de\/wp-json\/wp\/v2\/pages\/6877\/revisions\/6878"}],"up":[{"embeddable":true,"href":"https:\/\/www.allgeier.com\/de\/wp-json\/wp\/v2\/pages\/1155"}],"wp:attachment":[{"href":"https:\/\/www.allgeier.com\/de\/wp-json\/wp\/v2\/media?parent=6877"}],"wp:term":[{"taxonomy":"category","embeddable":true,"href":"https:\/\/www.allgeier.com\/de\/wp-json\/wp\/v2\/categories?post=6877"},{"taxonomy":"post_tag","embeddable":true,"href":"https:\/\/www.allgeier.com\/de\/wp-json\/wp\/v2\/tags?post=6877"}],"curies":[{"name":"wp","href":"https:\/\/api.w.org\/{rel}","templated":true}]}}