{"id":6881,"date":"2005-09-30T17:11:38","date_gmt":"2005-09-30T17:11:38","guid":{"rendered":"https:\/\/www.allgeier.com\/de\/?page_id=6881"},"modified":"2025-07-23T10:26:46","modified_gmt":"2025-07-23T10:26:46","slug":"allgeier-konkretisiert-september-meldungen-ueber-unternehmensakquisitionen-und-verdeutlicht-die-auswirkungen-auf-den-konzern-2","status":"publish","type":"page","link":"https:\/\/www.allgeier.com\/de\/investor-relations\/adhoc-announcements\/allgeier-konkretisiert-september-meldungen-ueber-unternehmensakquisitionen-und-verdeutlicht-die-auswirkungen-auf-den-konzern-2\/","title":{"rendered":"Allgeier konkretisiert September-Meldungen \u00fcber Unternehmensakquisitionen und verdeutlicht die Auswirkungen auf den Konzern"},"content":{"rendered":"<p><b>Allgeier Holding AG \/ Diverses<\/b><\/p>\n<p>Ad-hoc-Meldung nach \u00a7 15 WpHG \u00fcbermittelt durch die EquityStory AG.<br \/>\nF\u00fcr den Inhalt der Mitteilung ist der Emittent verantwortlich.<br \/>\n&#8212;&#8212;&#8212;&#8212;&#8212;&#8212;&#8212;&#8212;&#8212;&#8212;&#8212;&#8212;&#8212;&#8212;&#8212;&#8212;&#8212;&#8212;&#8212;&#8212;&#8212;&#8212;&#8212;&#8212;&#8212;<\/p>\n<p>Ad-hoc Mitteilung gem\u00e4\u00df \u00a7 15 WpHG<\/p>\n<p>Allgeier konkretisiert September-Meldungen \u00fcber Unternehmensakquisitionen<br \/>\nund verdeutlicht die Auswirkungen auf den Konzern, Allgeier IT Umsatz<br \/>\nw\u00e4chst auf \u00fcber EUR 40 Mio.,  Einstieg in Gesch\u00e4ftsbereich Personal<br \/>\nServices, Wachstum des Gruppenumsatzes in 2006 auf \u00fcber EUR 100 Mio.<\/p>\n<p>M\u00fcnchen, 30. September 2005. <\/p>\n<p>Die Allgeier Holding AG, M\u00fcnchen meldete zuletzt Ad-hoc am 7. und 8.<br \/>\nSeptember  die Unterzeichnung von zwei Unternehmensakquisitionen. Die<br \/>\nTransaktionen sind mittlerweile umgesetzt. Die vorliegende Ad-hoc<br \/>\nMitteilung dient der Darlegung der Auswirkungen der neuen Beteiligungen auf<br \/>\nden Konzern.<\/p>\n<p>Auswirkungen auf den Gesch\u00e4ftsbereich IT<br \/>\nAm 7. September wurde berichtet, dass die Allgeier Holding AG \u00fcber die<br \/>\nTochtergesellschaft Softcon MBO GmbH 90% der Aktien der Softcon AG, M\u00fcnchen<br \/>\nerworben hat. Die Aktien\u00fcbertragung war seinerzeit aufschiebend bedingt,<br \/>\nmittlerweile konnten 100% der Aktien erworben und \u00fcbertragen werden.<br \/>\nSoftcon AG und die 100 %ige Tochtergesellschaft Softcon IT-Service GmbH<br \/>\nerbringen mit ca. 100 freiberuflichen und fest angestellten Mitarbeitern<br \/>\nDienst- und Entwicklungsleistungen im Bereich komplexer IT &#8211; Anwendungen.<br \/>\nIm Gesch\u00e4ftsjahr 2004 hat die Softcon AG Ums\u00e4tze in H\u00f6he von ca. EUR 10,7<br \/>\nMio. erzielt und arbeitet seit Jahren profitabel. Die neue Beteiligung<br \/>\nSoftcon AG verst\u00e4rkt Allgeier im Gesch\u00e4ftsbereich IT.<\/p>\n<p>Der im Mai f\u00fcr den IT Bereich bekannt gemachte Forecast f\u00fcr 2005 (FC Mai)<br \/>\nwird aufgrund der Entwicklungen der Gruppe und der zeitanteiligen<br \/>\nKonsolidierung der neuen Beteiligung ab 1. September angehoben. Die<br \/>\nGesellschaft erwartet einen Umsatz von &#8218;\u00fcber EUR 36 Mio\u201c auf EUR 42 Mio.,<br \/>\nErgebnis vor Steuern (Ebt) von &#8218;gr\u00f6\u00dfer 2,8\u201c auf EUR 3,2 Mio.<\/p>\n<p>Allgeier<br \/>\nGesch\u00e4ftsbereich<br \/>\nIT<br \/>\n                   2004     2005     2005      2006     2005     2006<\/p>\n<p>                             FC       FC       Plan     %Vorjahr %Vorjahr<br \/>\nin Mio \u20ac                     Mai      Sept     2006<br \/>\nUmsatz             16,8     &gt; 36      42       60       150%     30%<br \/>\nEbt                2,0      &gt; 2,8     3,2      6,0      60%      47%<\/p>\n<p>Der IT Bereich der Allgeier Group erwartet f\u00fcr 2005 ein Umsatzwachstum von<br \/>\n150% und ein Wachstum des Ergebnisses vor Steuern um ca. 60%. F\u00fcr 2006 wird<br \/>\nmit einem Umsatz von ca. EUR 60 Mio. und Ertr\u00e4gen vor Steuern von ca. EUR 6<br \/>\nMio. gerechnet.<\/p>\n<p>Neues Gesch\u00e4ftsfeld Personal Dienstleistungen<br \/>\nAm 8. September wurde berichtet, dass 100% der Gesch\u00e4ftsanteile der<br \/>\nUnternehmensgruppen MR Wirtschaftberatung und IP Interim-Plan, beide<br \/>\nMannheim erworben wurden. Die Transaktion ist mittlerweile umgesetzt. Die<br \/>\nGruppe wird ab 1. September 2005 konsolidiert, und  wird 2006 einen<br \/>\nnachhaltigen Betrag zur St\u00e4rkung der Konzernzahlen leisten. Die<br \/>\nUnternehmensgruppen MR und Interim-Plan erbringen mit ca. 1.500<br \/>\nMitarbeitern hochwertige Personaldienstleistungen. Im Gesch\u00e4ftsjahr 2004<br \/>\nhaben die beiden Unternehmensgruppen MR und Interim-Plan insgesamt einen<br \/>\nUmsatz von ca. EUR 40 Mio. erzielt.  Allgeier legt mit dieser Akquisition<br \/>\ndie Basis f\u00fcr den neuen Gesch\u00e4ftsbereich Personal Services und weitet damit<br \/>\nsein Service Portfolio \u00fcber den bestehenden Bereich IT Dienstleistungen<br \/>\nhinaus weiter aus.<\/p>\n<p>Auswirkungen auf den Konzern<br \/>\nDer Konzern wird mit den Akquisitionen 2005 und 2006 erheblich wachsen. Der<br \/>\nForecast f\u00fcr Konzernumsatz und Konzernergebnis wird deshalb angehoben.<br \/>\nAllgeier erwartet 2005 ein Umsatzwachstum von \u00fcber 70% auf ca. EUR 70 Mio.<br \/>\nund ein Wachstum des Ergebnisses vor Steuer von \u00fcber EUR 4 Mio. auf einen<br \/>\npositiven Wert von ca. EUR 2 Mio.<\/p>\n<p>Konzern<br \/>\n                   2004     2005     2005     2006     2005     2006<\/p>\n<p>                            FC       FC       Plan     %Vorjahr %Vorjahr<br \/>\nin Mio \u20ac                    Mai      Sept     2006<br \/>\nUmsatz             39,6     ~ 50     70       100      77%      30%<br \/>\nEbt                -2,8     1,4      2,0      6,0      171%     67%<\/p>\n<p>2006 ist mit weiteren deutlichen Steigerungen bei Umsatz und Ergebnis zu<br \/>\nrechnen. Der Konzernumsatz wird voraussichtlich die EUR 100 Mio. Schwelle<br \/>\n\u00fcbersteigen, das Ergebnis vor Steuern wird auf EUR 6 Mio. gesch\u00e4tzt.<\/p>\n<p>Mit der \u00dcbernahme von Teilen der BOG, M\u00fcnster im Mai 2005 und den<br \/>\nAkquisitionen Softcon und MR\/IP investierte Allgeier im Gesch\u00e4ftsjahr 2005<br \/>\nbisher ca. EUR 18 Mio.<\/p>\n<p>Das Rating der Allgeier Holding AG wurde gem\u00e4\u00df der letzten Pr\u00fcfung durch<br \/>\nMoody\u2019s Riskcalk von &#8218;baa2\u201c auf &#8218;baa1\u201c angehoben.<\/p>\n<p>Kontakt:<br \/>\nGeorg D\u00fcrschmidt<br \/>\nVorstand<br \/>\nTel. 089-998421-0<br \/>\nFax  089-998421-11<\/p>\n<p>EquityStory AG 30.09.2005<br \/>\n&#8212;&#8212;&#8212;&#8212;&#8212;&#8212;&#8212;&#8212;&#8212;&#8212;&#8212;&#8212;&#8212;&#8212;&#8212;&#8212;&#8212;&#8212;&#8212;&#8212;&#8212;&#8212;&#8212;&#8212;&#8212;<\/p>\n<p>Sprache:      Deutsch<br \/>\nEmittent:     Allgeier Holding AG<br \/>\n              Wehrlestrasse 12<br \/>\n              81679 M\u00fcnchen Deutschland<br \/>\nTelefon:      +49 (0)89 998 421-0<br \/>\nFax:          +49 (0)89 998 421-11<br \/>\nEmail:        info@allgeier.com<br \/>\nWWW:          www.allgeier-holding.com<br \/>\nISIN:         DE0005086300<br \/>\nWKN:          508630<br \/>\nIndizes:      CDAX<br \/>\nB\u00f6rsen:       Geregelter Markt in Frankfurt; Freiverkehr in Berlin-Bremen,<br \/>\n              Hannover, D\u00fcsseldorf, Hamburg, Stuttgart<\/p>\n<p>Ende der Mitteilung                             EQS News-Service<\/p>\n<p>&#8212;&#8212;&#8212;&#8212;&#8212;&#8212;&#8212;&#8212;&#8212;&#8212;&#8212;&#8212;&#8212;&#8212;&#8212;&#8212;&#8212;&#8212;&#8212;&#8212;&#8212;&#8212;&#8212;&#8212;&#8212;<\/p>\n","protected":false},"excerpt":{"rendered":"<p>Ad-hoc Mitteilung gem\u00e4\u00df \u00a7 15 WpHG Allgeier konkretisiert September-Meldungen \u00fcber Unternehmensakquisitionen und verdeutlicht die Auswirkungen auf den Konzern, Allgeier IT Umsatz w\u00e4chst auf \u00fcber EUR 40 Mio., Einstieg in Gesch\u00e4ftsbereich Personal Services, Wachstum des Gruppenumsatzes in 2006 auf \u00fcber<\/p>\n","protected":false},"author":4,"featured_media":0,"parent":1155,"menu_order":0,"comment_status":"close","ping_status":"closed","template":"","meta":{"_acf_changed":false,"footnotes":""},"categories":[],"tags":[],"class_list":["post-6881","page","type-page","status-publish","hentry"],"acf":[],"yoast_head":"<!-- This site is optimized with the Yoast SEO plugin v27.4 - https:\/\/yoast.com\/product\/yoast-seo-wordpress\/ -->\n<title>Allgeier konkretisiert September-Meldungen \u00fcber Unternehmensakquisitionen und verdeutlicht die Auswirkungen auf den Konzern - Allgeier SE<\/title>\n<meta name=\"robots\" content=\"index, follow, max-snippet:-1, max-image-preview:large, max-video-preview:-1\" \/>\n<link rel=\"canonical\" href=\"https:\/\/www.allgeier.com\/de\/investor-relations\/adhoc-announcements\/allgeier-konkretisiert-september-meldungen-ueber-unternehmensakquisitionen-und-verdeutlicht-die-auswirkungen-auf-den-konzern-2\/\" \/>\n<meta property=\"og:locale\" content=\"de_DE\" \/>\n<meta property=\"og:type\" content=\"article\" \/>\n<meta property=\"og:title\" content=\"Allgeier konkretisiert September-Meldungen \u00fcber Unternehmensakquisitionen und verdeutlicht die Auswirkungen auf den Konzern - Allgeier SE\" \/>\n<meta property=\"og:description\" content=\"Ad-hoc Mitteilung gem\u00e4\u00df \u00a7 15 WpHG Allgeier konkretisiert September-Meldungen \u00fcber Unternehmensakquisitionen und verdeutlicht die Auswirkungen auf den Konzern, Allgeier IT Umsatz w\u00e4chst auf \u00fcber EUR 40 Mio., Einstieg in Gesch\u00e4ftsbereich Personal Services, Wachstum des Gruppenumsatzes in 2006 auf \u00fcber\" \/>\n<meta property=\"og:url\" content=\"https:\/\/www.allgeier.com\/de\/investor-relations\/adhoc-announcements\/allgeier-konkretisiert-september-meldungen-ueber-unternehmensakquisitionen-und-verdeutlicht-die-auswirkungen-auf-den-konzern-2\/\" \/>\n<meta property=\"og:site_name\" content=\"Allgeier SE\" \/>\n<meta property=\"article:modified_time\" content=\"2025-07-23T10:26:46+00:00\" \/>\n<meta name=\"twitter:card\" content=\"summary_large_image\" \/>\n<meta name=\"twitter:label1\" content=\"Gesch\u00e4tzte Lesezeit\" \/>\n\t<meta name=\"twitter:data1\" content=\"3\u00a0Minuten\" \/>\n<script type=\"application\/ld+json\" class=\"yoast-schema-graph\">{\"@context\":\"https:\\\/\\\/schema.org\",\"@graph\":[{\"@type\":\"WebPage\",\"@id\":\"https:\\\/\\\/www.allgeier.com\\\/de\\\/investor-relations\\\/adhoc-announcements\\\/allgeier-konkretisiert-september-meldungen-ueber-unternehmensakquisitionen-und-verdeutlicht-die-auswirkungen-auf-den-konzern-2\\\/\",\"url\":\"https:\\\/\\\/www.allgeier.com\\\/de\\\/investor-relations\\\/adhoc-announcements\\\/allgeier-konkretisiert-september-meldungen-ueber-unternehmensakquisitionen-und-verdeutlicht-die-auswirkungen-auf-den-konzern-2\\\/\",\"name\":\"Allgeier konkretisiert September-Meldungen \u00fcber Unternehmensakquisitionen und verdeutlicht die Auswirkungen auf den Konzern - Allgeier SE\",\"isPartOf\":{\"@id\":\"https:\\\/\\\/www.allgeier.com\\\/de\\\/#website\"},\"datePublished\":\"2005-09-30T17:11:38+00:00\",\"dateModified\":\"2025-07-23T10:26:46+00:00\",\"breadcrumb\":{\"@id\":\"https:\\\/\\\/www.allgeier.com\\\/de\\\/investor-relations\\\/adhoc-announcements\\\/allgeier-konkretisiert-september-meldungen-ueber-unternehmensakquisitionen-und-verdeutlicht-die-auswirkungen-auf-den-konzern-2\\\/#breadcrumb\"},\"inLanguage\":\"de\",\"potentialAction\":[{\"@type\":\"ReadAction\",\"target\":[\"https:\\\/\\\/www.allgeier.com\\\/de\\\/investor-relations\\\/adhoc-announcements\\\/allgeier-konkretisiert-september-meldungen-ueber-unternehmensakquisitionen-und-verdeutlicht-die-auswirkungen-auf-den-konzern-2\\\/\"]}]},{\"@type\":\"BreadcrumbList\",\"@id\":\"https:\\\/\\\/www.allgeier.com\\\/de\\\/investor-relations\\\/adhoc-announcements\\\/allgeier-konkretisiert-september-meldungen-ueber-unternehmensakquisitionen-und-verdeutlicht-die-auswirkungen-auf-den-konzern-2\\\/#breadcrumb\",\"itemListElement\":[{\"@type\":\"ListItem\",\"position\":1,\"name\":\"Home\",\"item\":\"https:\\\/\\\/www.allgeier.com\\\/de\\\/\"},{\"@type\":\"ListItem\",\"position\":2,\"name\":\"Investor Relations\",\"item\":\"https:\\\/\\\/www.allgeier.com\\\/de\\\/investor-relations\\\/\"},{\"@type\":\"ListItem\",\"position\":3,\"name\":\"Ad hoc-Mitteilungen\",\"item\":\"https:\\\/\\\/www.allgeier.com\\\/de\\\/investor-relations\\\/adhoc-announcements\\\/\"},{\"@type\":\"ListItem\",\"position\":4,\"name\":\"Allgeier konkretisiert September-Meldungen \u00fcber Unternehmensakquisitionen und verdeutlicht die Auswirkungen auf den Konzern\"}]},{\"@type\":\"WebSite\",\"@id\":\"https:\\\/\\\/www.allgeier.com\\\/de\\\/#website\",\"url\":\"https:\\\/\\\/www.allgeier.com\\\/de\\\/\",\"name\":\"Allgeier SE\",\"description\":\"Software &amp; IT Services for digital transformation\",\"potentialAction\":[{\"@type\":\"SearchAction\",\"target\":{\"@type\":\"EntryPoint\",\"urlTemplate\":\"https:\\\/\\\/www.allgeier.com\\\/de\\\/?s={search_term_string}\"},\"query-input\":{\"@type\":\"PropertyValueSpecification\",\"valueRequired\":true,\"valueName\":\"search_term_string\"}}],\"inLanguage\":\"de\"}]}<\/script>\n<!-- \/ Yoast SEO plugin. -->","yoast_head_json":{"title":"Allgeier konkretisiert September-Meldungen \u00fcber Unternehmensakquisitionen und verdeutlicht die Auswirkungen auf den Konzern - Allgeier SE","robots":{"index":"index","follow":"follow","max-snippet":"max-snippet:-1","max-image-preview":"max-image-preview:large","max-video-preview":"max-video-preview:-1"},"canonical":"https:\/\/www.allgeier.com\/de\/investor-relations\/adhoc-announcements\/allgeier-konkretisiert-september-meldungen-ueber-unternehmensakquisitionen-und-verdeutlicht-die-auswirkungen-auf-den-konzern-2\/","og_locale":"de_DE","og_type":"article","og_title":"Allgeier konkretisiert September-Meldungen \u00fcber Unternehmensakquisitionen und verdeutlicht die Auswirkungen auf den Konzern - Allgeier SE","og_description":"Ad-hoc Mitteilung gem\u00e4\u00df \u00a7 15 WpHG Allgeier konkretisiert September-Meldungen \u00fcber Unternehmensakquisitionen und verdeutlicht die Auswirkungen auf den Konzern, Allgeier IT Umsatz w\u00e4chst auf \u00fcber EUR 40 Mio., Einstieg in Gesch\u00e4ftsbereich Personal Services, Wachstum des Gruppenumsatzes in 2006 auf \u00fcber","og_url":"https:\/\/www.allgeier.com\/de\/investor-relations\/adhoc-announcements\/allgeier-konkretisiert-september-meldungen-ueber-unternehmensakquisitionen-und-verdeutlicht-die-auswirkungen-auf-den-konzern-2\/","og_site_name":"Allgeier SE","article_modified_time":"2025-07-23T10:26:46+00:00","twitter_card":"summary_large_image","twitter_misc":{"Gesch\u00e4tzte Lesezeit":"3\u00a0Minuten"},"schema":{"@context":"https:\/\/schema.org","@graph":[{"@type":"WebPage","@id":"https:\/\/www.allgeier.com\/de\/investor-relations\/adhoc-announcements\/allgeier-konkretisiert-september-meldungen-ueber-unternehmensakquisitionen-und-verdeutlicht-die-auswirkungen-auf-den-konzern-2\/","url":"https:\/\/www.allgeier.com\/de\/investor-relations\/adhoc-announcements\/allgeier-konkretisiert-september-meldungen-ueber-unternehmensakquisitionen-und-verdeutlicht-die-auswirkungen-auf-den-konzern-2\/","name":"Allgeier konkretisiert September-Meldungen \u00fcber Unternehmensakquisitionen und verdeutlicht die Auswirkungen auf den Konzern - Allgeier SE","isPartOf":{"@id":"https:\/\/www.allgeier.com\/de\/#website"},"datePublished":"2005-09-30T17:11:38+00:00","dateModified":"2025-07-23T10:26:46+00:00","breadcrumb":{"@id":"https:\/\/www.allgeier.com\/de\/investor-relations\/adhoc-announcements\/allgeier-konkretisiert-september-meldungen-ueber-unternehmensakquisitionen-und-verdeutlicht-die-auswirkungen-auf-den-konzern-2\/#breadcrumb"},"inLanguage":"de","potentialAction":[{"@type":"ReadAction","target":["https:\/\/www.allgeier.com\/de\/investor-relations\/adhoc-announcements\/allgeier-konkretisiert-september-meldungen-ueber-unternehmensakquisitionen-und-verdeutlicht-die-auswirkungen-auf-den-konzern-2\/"]}]},{"@type":"BreadcrumbList","@id":"https:\/\/www.allgeier.com\/de\/investor-relations\/adhoc-announcements\/allgeier-konkretisiert-september-meldungen-ueber-unternehmensakquisitionen-und-verdeutlicht-die-auswirkungen-auf-den-konzern-2\/#breadcrumb","itemListElement":[{"@type":"ListItem","position":1,"name":"Home","item":"https:\/\/www.allgeier.com\/de\/"},{"@type":"ListItem","position":2,"name":"Investor Relations","item":"https:\/\/www.allgeier.com\/de\/investor-relations\/"},{"@type":"ListItem","position":3,"name":"Ad hoc-Mitteilungen","item":"https:\/\/www.allgeier.com\/de\/investor-relations\/adhoc-announcements\/"},{"@type":"ListItem","position":4,"name":"Allgeier konkretisiert September-Meldungen \u00fcber Unternehmensakquisitionen und verdeutlicht die Auswirkungen auf den Konzern"}]},{"@type":"WebSite","@id":"https:\/\/www.allgeier.com\/de\/#website","url":"https:\/\/www.allgeier.com\/de\/","name":"Allgeier SE","description":"Software &amp; IT Services for digital transformation","potentialAction":[{"@type":"SearchAction","target":{"@type":"EntryPoint","urlTemplate":"https:\/\/www.allgeier.com\/de\/?s={search_term_string}"},"query-input":{"@type":"PropertyValueSpecification","valueRequired":true,"valueName":"search_term_string"}}],"inLanguage":"de"}]}},"_links":{"self":[{"href":"https:\/\/www.allgeier.com\/de\/wp-json\/wp\/v2\/pages\/6881","targetHints":{"allow":["GET"]}}],"collection":[{"href":"https:\/\/www.allgeier.com\/de\/wp-json\/wp\/v2\/pages"}],"about":[{"href":"https:\/\/www.allgeier.com\/de\/wp-json\/wp\/v2\/types\/page"}],"author":[{"embeddable":true,"href":"https:\/\/www.allgeier.com\/de\/wp-json\/wp\/v2\/users\/4"}],"replies":[{"embeddable":true,"href":"https:\/\/www.allgeier.com\/de\/wp-json\/wp\/v2\/comments?post=6881"}],"version-history":[{"count":1,"href":"https:\/\/www.allgeier.com\/de\/wp-json\/wp\/v2\/pages\/6881\/revisions"}],"predecessor-version":[{"id":6882,"href":"https:\/\/www.allgeier.com\/de\/wp-json\/wp\/v2\/pages\/6881\/revisions\/6882"}],"up":[{"embeddable":true,"href":"https:\/\/www.allgeier.com\/de\/wp-json\/wp\/v2\/pages\/1155"}],"wp:attachment":[{"href":"https:\/\/www.allgeier.com\/de\/wp-json\/wp\/v2\/media?parent=6881"}],"wp:term":[{"taxonomy":"category","embeddable":true,"href":"https:\/\/www.allgeier.com\/de\/wp-json\/wp\/v2\/categories?post=6881"},{"taxonomy":"post_tag","embeddable":true,"href":"https:\/\/www.allgeier.com\/de\/wp-json\/wp\/v2\/tags?post=6881"}],"curies":[{"name":"wp","href":"https:\/\/api.w.org\/{rel}","templated":true}]}}