{"id":6893,"date":"2011-04-15T12:35:12","date_gmt":"2011-04-15T12:35:12","guid":{"rendered":"https:\/\/www.allgeier.com\/de\/?page_id=6893"},"modified":"2025-07-23T10:26:47","modified_gmt":"2025-07-23T10:26:47","slug":"allgeier-holding-ag-aufsichtsrat-stellt-jahresabschluss-fest-und-schlaegt-dividende-vor-6","status":"publish","type":"page","link":"https:\/\/www.allgeier.com\/de\/investor-relations\/adhoc-announcements\/allgeier-holding-ag-aufsichtsrat-stellt-jahresabschluss-fest-und-schlaegt-dividende-vor-6\/","title":{"rendered":"ALLGEIER HOLDING AG: Aufsichtsrat stellt Jahresabschluss fest und schl\u00e4gt Dividende vor"},"content":{"rendered":"<p><b>ALLGEIER HOLDING AG  \/ Schlagwort(e): Jahresergebnis<\/b><\/p>\n<p>15.04.2011 14:35<\/p>\n<p>Ver\u00f6ffentlichung einer Ad-hoc-Mitteilung nach \u00a7 15 WpHG, \u00fcbermittelt durch<br \/>\ndie DGAP &#8211; ein Unternehmen der EquityStory AG.<br \/>\nF\u00fcr den Inhalt der Mitteilung ist der Emittent verantwortlich.<\/p>\n<p>&#8212;&#8212;&#8212;&#8212;&#8212;&#8212;&#8212;&#8212;&#8212;&#8212;&#8212;&#8212;&#8212;&#8212;&#8212;&#8212;&#8212;&#8212;&#8212;&#8212;&#8212;&#8212;&#8212;&#8212;&#8212;<\/p>\n<p>M\u00fcnchen, 15. April 2011 &#8211; Der Aufsichtsrat der Allgeier Holding AG (ISIN<br \/>\nDE000508630 \/ WKN 508630) hat in seiner Sitzung am 15. April 2011 den<br \/>\ntestierten Jahres- und Konzernabschluss der Allgeier Holding AG f\u00fcr das<br \/>\nGesch\u00e4ftsjahr 2010 gebilligt. Der Jahresabschluss ist damit festgestellt.<br \/>\nDie finalen Konzernzahlen entsprechen im Wesentlichen den in der<br \/>\nAd-hoc-Mitteilung vom 18. Februar 2011 angek\u00fcndigten vorl\u00e4ufigen Zahlen.<\/p>\n<p>Umsatz und Ergebnisentwicklung gem\u00e4\u00df IFRS<\/p>\n<p>Der Konzernumsatz per 31. Dezember 2010 nach IFRS stieg um 38% auf 308,7<br \/>\nMio. EUR (Vorjahr: 223,5 Mio. EUR). Das Ergebnis vor Zinsen, Steuern sowie<br \/>\nAbschreibungen auf Firmenwerte und Kaufpreisallokationen (EBITA) wuchs um<br \/>\n21% auf 15,6 Mio. EUR (Vorjahr: 12,8 Mio. EUR). Das Ergebnis vor Zinsen und<br \/>\nSteuern (EBIT) legte um 38% auf 11,0 Mio. EUR (Vorjahr: 8,0 Mio. EUR) zu.<\/p>\n<p>Eckdaten der Bilanz<\/p>\n<p>Die Bilanzsumme liegt bei 204,1 Mio. EUR (Vorjahr: 160,1 Mio. EUR). Das<br \/>\nEigenkapital des Konzerns per 31. Dezember 2010 betr\u00e4gt 85,5 Mio. EUR<br \/>\n(Vorjahr: 79,5 Mio. EUR), die Eigenkapitalquote ging im Gesch\u00e4ftsjahr 2010<br \/>\naufgrund des Anstiegs der Bilanzsumme von 50% auf 42% am 31. Dezember 2010<br \/>\nzur\u00fcck. Die langfristigen und kurzfristigen Finanzschulden im Konzern<br \/>\nstiegen zum 31. Dezember 2010 auf 32,5 Mio. EUR (Vorjahr: 8,8 Mio. EUR)<br \/>\nzuz\u00fcglich Genussrechtskapital von 13,0 Mio. EUR. Die liquiden Mittel<br \/>\nerh\u00f6hten sich auf 61,3 Mio. EUR (Vorjahr: 49,2 Mio. EUR).<\/p>\n<p>Gewinnverwendung<\/p>\n<p>Vorstand und Aufsichtsrat haben heute, am 15. April 2011, beschlossen, der<br \/>\nHauptversammlung vorzuschlagen, aus dem im Jahresabschluss der Allgeier<br \/>\nHolding AG ausgewiesenen Bilanzgewinn per 31. Dezember 2010 in H\u00f6he von<br \/>\n46.821.753,34 EUR eine Dividende in H\u00f6he von 0,50 EUR je Aktie an die<br \/>\nAktion\u00e4re auszusch\u00fctten. Der verbleibende Bilanzgewinn soll auf neue<br \/>\nRechnung vorgetragen werden.<\/p>\n<p>Der Gesch\u00e4ftsbericht 2010 wird am 29. April 2011 ver\u00f6ffentlicht und ist<br \/>\ndann unter www.allgeier.com einzusehen.<\/p>\n<p>Kontakt:<br \/>\nAllgeier Holding AG<br \/>\nWehrlestr. 12<br \/>\n81679 M\u00fcnchen<br \/>\nTel. 089\/998421-0<br \/>\nFax  089\/998421-11<br \/>\nwww.allgeier.com<\/p>\n<p>Die Allgeier Holding AG mit Sitz in M\u00fcnchen bildet mit ihren<br \/>\nGruppengesellschaften eine auf den wachsenden Markt f\u00fcr IT Dienstleistungen<br \/>\nfokussierte b\u00f6rsennotierte Dienstleistungsgruppe. Die Unternehmen der<br \/>\nAllgeier Gruppe bieten in den drei Gesch\u00e4ftsbereichen IT Solutions, IT<br \/>\nServices und Recruiting einen Full-Services-Ansatz von der Konzeption \u00fcber<br \/>\ndie Umsetzung bis hin zum Betrieb von IT Landschaften. Die Allgeier Gruppe<br \/>\numfasst 15 operative Tochtergesellschaften mit rund 1.250 festen<br \/>\nMitarbeitern sowie 1.300 freiberuflichen Experten und betreut \u00fcber 2.500<br \/>\nKunden aus allen Branchen. In Deutschland verf\u00fcgt die Gruppe \u00fcber 43<br \/>\nNiederlassungen und 14 weitere in Belgien, Frankreich, Niederlanden,<br \/>\n\u00d6sterreich, Rum\u00e4nien und der Schweiz. Allgeier erzielte im Gesch\u00e4ftsjahr<br \/>\n2009 einen Umsatz von 223,5 Mio. Euro. Damit ist Allgeier laut der<br \/>\nL\u00fcnendonk Marktsegmentstudie 2010 Nummer 2 bei den mittelst\u00e4ndischen IT<br \/>\nServiceunternehmen und Nummer 2 bei den IT Recruiting-Unternehmen in<br \/>\nDeutschland. Die Gesellschaft ist am Regulierten Markt der Frankfurter<br \/>\nWertpapierb\u00f6rse im General Standard gelistet.<\/p>\n<p>15.04.2011 Die DGAP Distributionsservices umfassen gesetzliche<br \/>\nMeldepflichten, Corporate News\/Finanznachrichten und Pressemitteilungen.<br \/>\nDGAP-Medienarchive unter www.dgap-medientreff.de und www.dgap.de<\/p>\n<p>&#8212;&#8212;&#8212;&#8212;&#8212;&#8212;&#8212;&#8212;&#8212;&#8212;&#8212;&#8212;&#8212;&#8212;&#8212;&#8212;&#8212;&#8212;&#8212;&#8212;&#8212;&#8212;&#8212;&#8212;&#8212;<\/p>\n<p>Sprache:      Deutsch<br \/>\nUnternehmen:  ALLGEIER HOLDING AG<br \/>\n              Wehrlestra\u00dfe 12<br \/>\n              81679 M\u00fcnchen<br \/>\n              Deutschland<br \/>\nTelefon:      +49 (0) 89 &#8211; 99 84 21 0<br \/>\nFax:          +49 (0) 89 &#8211; 99 84 21 11<br \/>\nE-Mail:       info@allgeier.com<br \/>\nInternet:     http:\/\/www.allgeier.com<br \/>\nISIN:         DE0005086300<br \/>\nWKN:          508630<br \/>\nIndizes:      CDAX<br \/>\nB\u00f6rsen:       Regulierter Markt in Frankfurt (General Standard);<br \/>\n              Freiverkehr in Berlin, D\u00fcsseldorf, Hamburg, Stuttgart<\/p>\n<p>Ende der Mitteilung                             DGAP News-Service<\/p>\n<p>&#8212;&#8212;&#8212;&#8212;&#8212;&#8212;&#8212;&#8212;&#8212;&#8212;&#8212;&#8212;&#8212;&#8212;&#8212;&#8212;&#8212;&#8212;&#8212;&#8212;&#8212;&#8212;&#8212;&#8212;&#8212;<\/p>\n","protected":false},"excerpt":{"rendered":"<p>M\u00fcnchen, 15. April 2011 &#8211; Der Aufsichtsrat der Allgeier Holding AG (ISIN DE000508630 \/ WKN 508630) hat in seiner Sitzung am 15. April 2011 den testierten Jahres- und Konzernabschluss der Allgeier Holding AG f\u00fcr das Gesch\u00e4ftsjahr 2010 gebilligt. Der Jah<\/p>\n","protected":false},"author":4,"featured_media":0,"parent":1155,"menu_order":0,"comment_status":"close","ping_status":"closed","template":"","meta":{"_acf_changed":false,"footnotes":""},"categories":[],"tags":[],"class_list":["post-6893","page","type-page","status-publish","hentry"],"acf":[],"yoast_head":"<!-- This site is optimized with the Yoast SEO plugin v27.4 - https:\/\/yoast.com\/product\/yoast-seo-wordpress\/ -->\n<title>ALLGEIER HOLDING AG: Aufsichtsrat stellt Jahresabschluss fest und schl\u00e4gt Dividende vor - Allgeier SE<\/title>\n<meta name=\"robots\" content=\"index, follow, max-snippet:-1, max-image-preview:large, max-video-preview:-1\" \/>\n<link rel=\"canonical\" href=\"https:\/\/www.allgeier.com\/de\/investor-relations\/adhoc-announcements\/allgeier-holding-ag-aufsichtsrat-stellt-jahresabschluss-fest-und-schlaegt-dividende-vor-6\/\" \/>\n<meta property=\"og:locale\" content=\"de_DE\" \/>\n<meta property=\"og:type\" content=\"article\" \/>\n<meta property=\"og:title\" content=\"ALLGEIER HOLDING AG: Aufsichtsrat stellt Jahresabschluss fest und schl\u00e4gt Dividende vor - Allgeier SE\" \/>\n<meta property=\"og:description\" content=\"M\u00fcnchen, 15. April 2011 - Der Aufsichtsrat der Allgeier Holding AG (ISIN DE000508630 \/ WKN 508630) hat in seiner Sitzung am 15. April 2011 den testierten Jahres- und Konzernabschluss der Allgeier Holding AG f\u00fcr das Gesch\u00e4ftsjahr 2010 gebilligt. Der Jah\" \/>\n<meta property=\"og:url\" content=\"https:\/\/www.allgeier.com\/de\/investor-relations\/adhoc-announcements\/allgeier-holding-ag-aufsichtsrat-stellt-jahresabschluss-fest-und-schlaegt-dividende-vor-6\/\" \/>\n<meta property=\"og:site_name\" content=\"Allgeier SE\" \/>\n<meta property=\"article:modified_time\" content=\"2025-07-23T10:26:47+00:00\" \/>\n<meta name=\"twitter:card\" content=\"summary_large_image\" \/>\n<meta name=\"twitter:label1\" content=\"Gesch\u00e4tzte Lesezeit\" \/>\n\t<meta name=\"twitter:data1\" content=\"3\u00a0Minuten\" \/>\n<script type=\"application\/ld+json\" class=\"yoast-schema-graph\">{\"@context\":\"https:\\\/\\\/schema.org\",\"@graph\":[{\"@type\":\"WebPage\",\"@id\":\"https:\\\/\\\/www.allgeier.com\\\/de\\\/investor-relations\\\/adhoc-announcements\\\/allgeier-holding-ag-aufsichtsrat-stellt-jahresabschluss-fest-und-schlaegt-dividende-vor-6\\\/\",\"url\":\"https:\\\/\\\/www.allgeier.com\\\/de\\\/investor-relations\\\/adhoc-announcements\\\/allgeier-holding-ag-aufsichtsrat-stellt-jahresabschluss-fest-und-schlaegt-dividende-vor-6\\\/\",\"name\":\"ALLGEIER HOLDING AG: Aufsichtsrat stellt Jahresabschluss fest und schl\u00e4gt Dividende vor - Allgeier SE\",\"isPartOf\":{\"@id\":\"https:\\\/\\\/www.allgeier.com\\\/de\\\/#website\"},\"datePublished\":\"2011-04-15T12:35:12+00:00\",\"dateModified\":\"2025-07-23T10:26:47+00:00\",\"breadcrumb\":{\"@id\":\"https:\\\/\\\/www.allgeier.com\\\/de\\\/investor-relations\\\/adhoc-announcements\\\/allgeier-holding-ag-aufsichtsrat-stellt-jahresabschluss-fest-und-schlaegt-dividende-vor-6\\\/#breadcrumb\"},\"inLanguage\":\"de\",\"potentialAction\":[{\"@type\":\"ReadAction\",\"target\":[\"https:\\\/\\\/www.allgeier.com\\\/de\\\/investor-relations\\\/adhoc-announcements\\\/allgeier-holding-ag-aufsichtsrat-stellt-jahresabschluss-fest-und-schlaegt-dividende-vor-6\\\/\"]}]},{\"@type\":\"BreadcrumbList\",\"@id\":\"https:\\\/\\\/www.allgeier.com\\\/de\\\/investor-relations\\\/adhoc-announcements\\\/allgeier-holding-ag-aufsichtsrat-stellt-jahresabschluss-fest-und-schlaegt-dividende-vor-6\\\/#breadcrumb\",\"itemListElement\":[{\"@type\":\"ListItem\",\"position\":1,\"name\":\"Home\",\"item\":\"https:\\\/\\\/www.allgeier.com\\\/de\\\/\"},{\"@type\":\"ListItem\",\"position\":2,\"name\":\"Investor Relations\",\"item\":\"https:\\\/\\\/www.allgeier.com\\\/de\\\/investor-relations\\\/\"},{\"@type\":\"ListItem\",\"position\":3,\"name\":\"Ad hoc-Mitteilungen\",\"item\":\"https:\\\/\\\/www.allgeier.com\\\/de\\\/investor-relations\\\/adhoc-announcements\\\/\"},{\"@type\":\"ListItem\",\"position\":4,\"name\":\"ALLGEIER HOLDING AG: Aufsichtsrat stellt Jahresabschluss fest und schl\u00e4gt Dividende vor\"}]},{\"@type\":\"WebSite\",\"@id\":\"https:\\\/\\\/www.allgeier.com\\\/de\\\/#website\",\"url\":\"https:\\\/\\\/www.allgeier.com\\\/de\\\/\",\"name\":\"Allgeier SE\",\"description\":\"Software &amp; IT Services for digital transformation\",\"potentialAction\":[{\"@type\":\"SearchAction\",\"target\":{\"@type\":\"EntryPoint\",\"urlTemplate\":\"https:\\\/\\\/www.allgeier.com\\\/de\\\/?s={search_term_string}\"},\"query-input\":{\"@type\":\"PropertyValueSpecification\",\"valueRequired\":true,\"valueName\":\"search_term_string\"}}],\"inLanguage\":\"de\"}]}<\/script>\n<!-- \/ Yoast SEO plugin. -->","yoast_head_json":{"title":"ALLGEIER HOLDING AG: Aufsichtsrat stellt Jahresabschluss fest und schl\u00e4gt Dividende vor - Allgeier SE","robots":{"index":"index","follow":"follow","max-snippet":"max-snippet:-1","max-image-preview":"max-image-preview:large","max-video-preview":"max-video-preview:-1"},"canonical":"https:\/\/www.allgeier.com\/de\/investor-relations\/adhoc-announcements\/allgeier-holding-ag-aufsichtsrat-stellt-jahresabschluss-fest-und-schlaegt-dividende-vor-6\/","og_locale":"de_DE","og_type":"article","og_title":"ALLGEIER HOLDING AG: Aufsichtsrat stellt Jahresabschluss fest und schl\u00e4gt Dividende vor - Allgeier SE","og_description":"M\u00fcnchen, 15. April 2011 - Der Aufsichtsrat der Allgeier Holding AG (ISIN DE000508630 \/ WKN 508630) hat in seiner Sitzung am 15. April 2011 den testierten Jahres- und Konzernabschluss der Allgeier Holding AG f\u00fcr das Gesch\u00e4ftsjahr 2010 gebilligt. Der Jah","og_url":"https:\/\/www.allgeier.com\/de\/investor-relations\/adhoc-announcements\/allgeier-holding-ag-aufsichtsrat-stellt-jahresabschluss-fest-und-schlaegt-dividende-vor-6\/","og_site_name":"Allgeier SE","article_modified_time":"2025-07-23T10:26:47+00:00","twitter_card":"summary_large_image","twitter_misc":{"Gesch\u00e4tzte Lesezeit":"3\u00a0Minuten"},"schema":{"@context":"https:\/\/schema.org","@graph":[{"@type":"WebPage","@id":"https:\/\/www.allgeier.com\/de\/investor-relations\/adhoc-announcements\/allgeier-holding-ag-aufsichtsrat-stellt-jahresabschluss-fest-und-schlaegt-dividende-vor-6\/","url":"https:\/\/www.allgeier.com\/de\/investor-relations\/adhoc-announcements\/allgeier-holding-ag-aufsichtsrat-stellt-jahresabschluss-fest-und-schlaegt-dividende-vor-6\/","name":"ALLGEIER HOLDING AG: Aufsichtsrat stellt Jahresabschluss fest und schl\u00e4gt Dividende vor - Allgeier SE","isPartOf":{"@id":"https:\/\/www.allgeier.com\/de\/#website"},"datePublished":"2011-04-15T12:35:12+00:00","dateModified":"2025-07-23T10:26:47+00:00","breadcrumb":{"@id":"https:\/\/www.allgeier.com\/de\/investor-relations\/adhoc-announcements\/allgeier-holding-ag-aufsichtsrat-stellt-jahresabschluss-fest-und-schlaegt-dividende-vor-6\/#breadcrumb"},"inLanguage":"de","potentialAction":[{"@type":"ReadAction","target":["https:\/\/www.allgeier.com\/de\/investor-relations\/adhoc-announcements\/allgeier-holding-ag-aufsichtsrat-stellt-jahresabschluss-fest-und-schlaegt-dividende-vor-6\/"]}]},{"@type":"BreadcrumbList","@id":"https:\/\/www.allgeier.com\/de\/investor-relations\/adhoc-announcements\/allgeier-holding-ag-aufsichtsrat-stellt-jahresabschluss-fest-und-schlaegt-dividende-vor-6\/#breadcrumb","itemListElement":[{"@type":"ListItem","position":1,"name":"Home","item":"https:\/\/www.allgeier.com\/de\/"},{"@type":"ListItem","position":2,"name":"Investor Relations","item":"https:\/\/www.allgeier.com\/de\/investor-relations\/"},{"@type":"ListItem","position":3,"name":"Ad hoc-Mitteilungen","item":"https:\/\/www.allgeier.com\/de\/investor-relations\/adhoc-announcements\/"},{"@type":"ListItem","position":4,"name":"ALLGEIER HOLDING AG: Aufsichtsrat stellt Jahresabschluss fest und schl\u00e4gt Dividende vor"}]},{"@type":"WebSite","@id":"https:\/\/www.allgeier.com\/de\/#website","url":"https:\/\/www.allgeier.com\/de\/","name":"Allgeier SE","description":"Software &amp; IT Services for digital transformation","potentialAction":[{"@type":"SearchAction","target":{"@type":"EntryPoint","urlTemplate":"https:\/\/www.allgeier.com\/de\/?s={search_term_string}"},"query-input":{"@type":"PropertyValueSpecification","valueRequired":true,"valueName":"search_term_string"}}],"inLanguage":"de"}]}},"_links":{"self":[{"href":"https:\/\/www.allgeier.com\/de\/wp-json\/wp\/v2\/pages\/6893","targetHints":{"allow":["GET"]}}],"collection":[{"href":"https:\/\/www.allgeier.com\/de\/wp-json\/wp\/v2\/pages"}],"about":[{"href":"https:\/\/www.allgeier.com\/de\/wp-json\/wp\/v2\/types\/page"}],"author":[{"embeddable":true,"href":"https:\/\/www.allgeier.com\/de\/wp-json\/wp\/v2\/users\/4"}],"replies":[{"embeddable":true,"href":"https:\/\/www.allgeier.com\/de\/wp-json\/wp\/v2\/comments?post=6893"}],"version-history":[{"count":1,"href":"https:\/\/www.allgeier.com\/de\/wp-json\/wp\/v2\/pages\/6893\/revisions"}],"predecessor-version":[{"id":6894,"href":"https:\/\/www.allgeier.com\/de\/wp-json\/wp\/v2\/pages\/6893\/revisions\/6894"}],"up":[{"embeddable":true,"href":"https:\/\/www.allgeier.com\/de\/wp-json\/wp\/v2\/pages\/1155"}],"wp:attachment":[{"href":"https:\/\/www.allgeier.com\/de\/wp-json\/wp\/v2\/media?parent=6893"}],"wp:term":[{"taxonomy":"category","embeddable":true,"href":"https:\/\/www.allgeier.com\/de\/wp-json\/wp\/v2\/categories?post=6893"},{"taxonomy":"post_tag","embeddable":true,"href":"https:\/\/www.allgeier.com\/de\/wp-json\/wp\/v2\/tags?post=6893"}],"curies":[{"name":"wp","href":"https:\/\/api.w.org\/{rel}","templated":true}]}}