{"id":6922,"date":"2021-06-29T13:31:48","date_gmt":"2021-06-29T13:31:48","guid":{"rendered":"https:\/\/www.allgeier.com\/de\/?page_id=6922"},"modified":"2025-07-23T10:26:54","modified_gmt":"2025-07-23T10:26:54","slug":"allgeier-se-akquisition-von-digitalisierungsspezialist-fuer-open-source-basierte-softwareloesungen-im-geschaeftsbereich-enterprise-it-2","status":"publish","type":"page","link":"https:\/\/www.allgeier.com\/de\/investor-relations\/adhoc-announcements\/allgeier-se-akquisition-von-digitalisierungsspezialist-fuer-open-source-basierte-softwareloesungen-im-geschaeftsbereich-enterprise-it-2\/","title":{"rendered":"Allgeier SE: Akquisition von Digitalisierungsspezialist f\u00fcr Open Source-basierte Softwarel\u00f6sungen im Gesch\u00e4ftsbereich Enterprise IT"},"content":{"rendered":"<table border=\"0\">\n<tr>\n<td>\n<p>ALLGEIER SE \/ Schlagwort(e): Firmen\u00fcbernahme<\/p>\n<p>Allgeier SE: Akquisition von Digitalisierungsspezialist f\u00fcr Open Source-basierte Softwarel\u00f6sungen im Gesch\u00e4ftsbereich Enterprise IT  <\/p>\n<p>29.06.2021 \/ 15:31 CET\/CEST<\/p>\n<p>Ver\u00f6ffentlichung einer Insiderinformation nach Artikel 17 der Verordnung (EU) Nr. 596\/2014, \u00fcbermittelt durch DGAP &#8211; ein Service der EQS Group AG.<\/p>\n<p>F\u00fcr den Inhalt der Mitteilung ist der Emittent \/ Herausgeber verantwortlich.<\/p>\n<hr \/>\n<div>\n<p><i>M\u00fcnchen, 29. Juni 2021 &#8211;<\/i> Die Allgeier SE (ISIN DE000A2GS633, WKN A2GS63), M\u00fcnchen, hat am heutigen Tag \u00fcber eine Konzerngesellschaft einen Kaufvertrag zum Erwerb der Gesch\u00e4ftsanteile der it-novum GmbH, Fulda, (&#8222;it-novum&#8220;) unterzeichnet. Ver\u00e4u\u00dferin ist eine Tochtergesellschaft der KAP AG, eine b\u00f6rsennotierte, mittelst\u00e4ndische Industrieholding. Nach den \u00dcbernahmen der publicplan GmbH zum Jahresanfang und der Cloudical GmbH am 18. Juni st\u00e4rkt Allgeier mit der Akquisition der it-novum die Kompetenz im Feld Open Source-basierter Softwarel\u00f6sungen sowie das Gesch\u00e4ft mit \u00f6ffentlichen Auftraggebern weiter. Der Kaufpreis bel\u00e4uft sich auf einen Betrag im unteren zweistelligen Millionen Euro-Bereich. Das Closing der Transaktion wird in den kommenden Tagen erwartet.<\/p>\n<p>it-novum ist ein Spezialist f\u00fcr Open Source-basierte Softwarel\u00f6sungen in den Bereichen Enterprise Information Management und Big Data Analytics mit Niederlassungen in Deutschland, \u00d6sterreich und der Schweiz. Der Digitalisierungs- und Big Data-Experte verf\u00fcgt \u00fcber 20 Jahre Projekterfahrung im Business Open Source-Umfeld und ist einer der f\u00fchrenden Beratungs- und Integrationspartner f\u00fcr Open Source-Produkte und -Technologien f\u00fcr die \u00f6ffentliche Hand sowie namhafte Konzerne und Unternehmen des gehobenen Mittelstands. Im vergangenen Gesch\u00e4ftsjahr 2020 erzielte die Gesellschaft eine Gesamtleistung von 12,4 Mio. Euro bei einem EBITDA von 2,3 Mio. Euro.<\/p>\n<p>Allgeier ist im deutschsprachigen Raum einer der gro\u00dfen Full-Service-Anbieter f\u00fcr Softwarel\u00f6sungen und IT-Dienstleistungen mit eigenen Softwareprodukten. Basierend auf einem breiten Stamm von mehr als 2.000 Kunden aus dem \u00d6ffentlichem Sektor, Konzernen sowie Markt- und Branchenf\u00fchrern sowie \u00fcber 3.000 Mitarbeitern setzt Allgeier seine fokussierte Wachstumsstrategie mit dem seit vielen Jahren erfolgreichen Buy-and-Build-Ansatz fort.<\/p>\n<p>Kontakt:<\/p>\n<p>Allgeier SE<br \/>\nCorporate Communications &amp; Investor Relations<br \/>\nDr. Christopher Gro\u00dfe<br \/>\nEinsteinstra\u00dfe 172<br \/>\n81677 M\u00fcnchen<br \/>\nTel.: +49 (0)89\/998421-0<br \/>\nFax: +49 (0)89\/998421-11<br \/>\nE-Mail: ir@allgeier.com<br \/>\nWeb: www.allgeier.com<\/p>\n<p>Allgeier SE ist eines der f\u00fchrenden Technologie-Unternehmen f\u00fcr digitale Transformation: Die stark wachsende Gruppe mit Hauptsitz in M\u00fcnchen f\u00fchrt ihre Kunden durch die Herausforderungen des digitalen Wandels, um deren zuk\u00fcnftigen Erfolg sicherzustellen. Allgeier verf\u00fcgt \u00fcber eine breite und stabile Kundenbasis aus global agierenden Konzernen, leistungsstarken mittelst\u00e4ndischen Unternehmen sowie Auftraggebern des \u00f6ffentlichen Sektors. Den \u00fcber 2.000 Kunden bietet Allgeier ein vollumf\u00e4ngliches IT- und Software-Services-Portfolio, das von High-End-Softwareentwicklung bis hin zu Business Efficiency Solutions zur Unterst\u00fctzung der Digitalisierung und Transformation gesch\u00e4ftskritischer Prozesse reicht. Allgeier erzielt dabei Durchbr\u00fcche hin zu neuen digitalen Gesch\u00e4ftsmodellen, definiert strategische Priorit\u00e4ten und realisiert mit hoher Flexibilit\u00e4t und Skalierbarkeit bahnbrechende Projekte, um agile und intelligente Organisationen f\u00fcr das digitale Zeitalter zu gestalten. In den Segmenten Enterprise IT und mgm technology partners sind rund 2.400 angestellte Mitarbeiter und \u00fcber 800 freiberufliche Experten in insgesamt 65 Niederlassungen in der DACH-Region, in Frankreich und der Tschechischen Republik sowie in den USA und in Vietnam t\u00e4tig. Im Gesch\u00e4ftsjahr 2020 erzielte Allgeier im fortgef\u00fchrten Gesch\u00e4ft einen Umsatz von 352 Mio. Euro. Gem\u00e4\u00df L\u00fcnendonk(R)-Liste 2021 z\u00e4hlt Allgeier zu den f\u00fchrenden IT-Beratungs- und Systemintegrations-Unternehmen in Deutschland. Allgeier SE ist am Regulierten Markt der Frankfurter Wertpapierb\u00f6rse im General Standard gelistet (WKN A2GS63, ISIN DE000A2GS633). Weitere Informationen unter: www.allgeier.com<\/p>\n<\/div>\n<hr \/>\n<p>\n29.06.2021 CET\/CEST Die DGAP Distributionsservices umfassen gesetzliche Meldepflichten, Corporate News\/Finanznachrichten und Pressemitteilungen. <br \/>Medienarchiv unter http:\/\/www.dgap.de<\/p>\n<hr \/>\n<\/td>\n<\/tr>\n<\/table>\n<table>\n<tr>\n<td align=\"left\" valign=\"top\">Sprache:<\/td>\n<td align=\"left\" valign=\"top\">Deutsch<\/td>\n<\/tr>\n<tr>\n<td align=\"left\" valign=\"top\">Unternehmen:<\/td>\n<td align=\"left\" valign=\"top\">ALLGEIER SE<\/td>\n<\/tr>\n<tr>\n<td align=\"left\" valign=\"top\" \/>\n<td align=\"left\" valign=\"top\">Einsteinstra\u00dfe 172<\/td>\n<\/tr>\n<tr>\n<td align=\"left\" valign=\"top\" \/>\n<td align=\"left\" valign=\"top\">81677 M\u00fcnchen<\/td>\n<\/tr>\n<tr>\n<td align=\"left\" valign=\"top\" \/>\n<td align=\"left\" valign=\"top\">Deutschland<\/td>\n<\/tr>\n<tr>\n<td align=\"left\" valign=\"top\">Telefon:<\/td>\n<td align=\"left\" valign=\"top\">+49 (0) 89 &#8211; 99 84 21 0<\/td>\n<\/tr>\n<tr>\n<td align=\"left\" valign=\"top\">Fax:<\/td>\n<td align=\"left\" valign=\"top\">+49 (0) 89 &#8211; 99 84 21 11<\/td>\n<\/tr>\n<tr>\n<td align=\"left\" valign=\"top\">E-Mail:<\/td>\n<td align=\"left\" valign=\"top\">info@allgeier.com<\/td>\n<\/tr>\n<tr>\n<td align=\"left\" valign=\"top\">Internet:<\/td>\n<td align=\"left\" valign=\"top\">http:\/\/www.allgeier.com<\/td>\n<\/tr>\n<tr>\n<td align=\"left\" valign=\"top\">ISIN:<\/td>\n<td align=\"left\" valign=\"top\">DE000A2GS633<\/td>\n<\/tr>\n<tr>\n<td align=\"left\" valign=\"top\">WKN:<\/td>\n<td align=\"left\" valign=\"top\">A2GS63<\/td>\n<\/tr>\n<tr>\n<td align=\"left\" valign=\"top\">Indizes:<\/td>\n<td align=\"left\" valign=\"top\">CDAX<\/td>\n<\/tr>\n<tr>\n<td align=\"left\" valign=\"top\">B\u00f6rsen:<\/td>\n<td align=\"left\" valign=\"top\">Regulierter Markt in Frankfurt (General Standard); Freiverkehr in Berlin, D\u00fcsseldorf, Hamburg, Stuttgart, Tradegate Exchange<\/td>\n<\/tr>\n<tr>\n<td align=\"left\" valign=\"top\">EQS News ID:<\/td>\n<td align=\"left\" valign=\"top\">1213319<\/td>\n<\/tr>\n<\/table>\n<p><\/p>\n<table border=\"0\">\n<tr>\n<td align=\"left\" valign=\"top\" colspan=\"2\" \/>\n<\/tr>\n<\/table>\n<table border=\"0\">\n<tr>\n<td align=\"left\" valign=\"top\" colspan=\"2\">\u00a0<\/td>\n<\/tr>\n<tr>\n<td align=\"left\" valign=\"top\">Ende der Mitteilung<\/td>\n<td align=\"left\" valign=\"top\">DGAP News-Service<\/td>\n<\/tr>\n<\/table>\n<table border=\"0\">\n<tr>\n<td>\n<hr \/>\n<\/td>\n<\/tr>\n<\/table>\n<div>\n<p>1213319\u00a0\u00a029.06.2021\u00a0CET\/CEST<\/p>\n<\/div>\n","protected":false},"excerpt":{"rendered":"<p>ALLGEIER SE \/ Schlagwort(e): Firmen\u00fcbernahme  Allgeier SE: Akquisition von Digitalisierungsspezialist f\u00fcr Open Source-basierte Softwarel\u00f6sungen im Gesch\u00e4ftsbereich Enterprise IT   29.06.2021 \/ 15:31 CET\/CEST  Ver\u00f6ffentlichung einer Insiderinformation nach Artikel 17 der Verordnung (EU) Nr. 596\/2014,<\/p>\n","protected":false},"author":4,"featured_media":0,"parent":1155,"menu_order":0,"comment_status":"close","ping_status":"closed","template":"","meta":{"_acf_changed":false,"footnotes":""},"categories":[],"tags":[],"class_list":["post-6922","page","type-page","status-publish","hentry"],"acf":[],"yoast_head":"<!-- This site is optimized with the Yoast SEO plugin v27.4 - https:\/\/yoast.com\/product\/yoast-seo-wordpress\/ -->\n<title>Allgeier SE: Akquisition von Digitalisierungsspezialist f\u00fcr Open Source-basierte Softwarel\u00f6sungen im Gesch\u00e4ftsbereich Enterprise IT - Allgeier SE<\/title>\n<meta name=\"robots\" content=\"index, follow, max-snippet:-1, max-image-preview:large, max-video-preview:-1\" \/>\n<link rel=\"canonical\" href=\"https:\/\/www.allgeier.com\/de\/investor-relations\/adhoc-announcements\/allgeier-se-akquisition-von-digitalisierungsspezialist-fuer-open-source-basierte-softwareloesungen-im-geschaeftsbereich-enterprise-it-2\/\" \/>\n<meta property=\"og:locale\" content=\"de_DE\" \/>\n<meta property=\"og:type\" content=\"article\" \/>\n<meta property=\"og:title\" content=\"Allgeier SE: Akquisition von Digitalisierungsspezialist f\u00fcr Open Source-basierte Softwarel\u00f6sungen im Gesch\u00e4ftsbereich Enterprise IT - Allgeier SE\" \/>\n<meta property=\"og:description\" content=\"ALLGEIER SE \/ Schlagwort(e): Firmen\u00fcbernahme Allgeier SE: Akquisition von Digitalisierungsspezialist f\u00fcr Open Source-basierte Softwarel\u00f6sungen im Gesch\u00e4ftsbereich Enterprise IT  29.06.2021 \/ 15:31 CET\/CEST Ver\u00f6ffentlichung einer Insiderinformation nach Artikel 17 der Verordnung (EU) Nr. 596\/2014,\" \/>\n<meta property=\"og:url\" content=\"https:\/\/www.allgeier.com\/de\/investor-relations\/adhoc-announcements\/allgeier-se-akquisition-von-digitalisierungsspezialist-fuer-open-source-basierte-softwareloesungen-im-geschaeftsbereich-enterprise-it-2\/\" \/>\n<meta property=\"og:site_name\" content=\"Allgeier SE\" \/>\n<meta property=\"article:modified_time\" content=\"2025-07-23T10:26:54+00:00\" \/>\n<meta name=\"twitter:card\" content=\"summary_large_image\" \/>\n<meta name=\"twitter:label1\" content=\"Gesch\u00e4tzte Lesezeit\" \/>\n\t<meta name=\"twitter:data1\" content=\"3\u00a0Minuten\" \/>\n<script type=\"application\/ld+json\" class=\"yoast-schema-graph\">{\"@context\":\"https:\\\/\\\/schema.org\",\"@graph\":[{\"@type\":\"WebPage\",\"@id\":\"https:\\\/\\\/www.allgeier.com\\\/de\\\/investor-relations\\\/adhoc-announcements\\\/allgeier-se-akquisition-von-digitalisierungsspezialist-fuer-open-source-basierte-softwareloesungen-im-geschaeftsbereich-enterprise-it-2\\\/\",\"url\":\"https:\\\/\\\/www.allgeier.com\\\/de\\\/investor-relations\\\/adhoc-announcements\\\/allgeier-se-akquisition-von-digitalisierungsspezialist-fuer-open-source-basierte-softwareloesungen-im-geschaeftsbereich-enterprise-it-2\\\/\",\"name\":\"Allgeier SE: Akquisition von Digitalisierungsspezialist f\u00fcr Open Source-basierte Softwarel\u00f6sungen im Gesch\u00e4ftsbereich Enterprise IT - Allgeier SE\",\"isPartOf\":{\"@id\":\"https:\\\/\\\/www.allgeier.com\\\/de\\\/#website\"},\"datePublished\":\"2021-06-29T13:31:48+00:00\",\"dateModified\":\"2025-07-23T10:26:54+00:00\",\"breadcrumb\":{\"@id\":\"https:\\\/\\\/www.allgeier.com\\\/de\\\/investor-relations\\\/adhoc-announcements\\\/allgeier-se-akquisition-von-digitalisierungsspezialist-fuer-open-source-basierte-softwareloesungen-im-geschaeftsbereich-enterprise-it-2\\\/#breadcrumb\"},\"inLanguage\":\"de\",\"potentialAction\":[{\"@type\":\"ReadAction\",\"target\":[\"https:\\\/\\\/www.allgeier.com\\\/de\\\/investor-relations\\\/adhoc-announcements\\\/allgeier-se-akquisition-von-digitalisierungsspezialist-fuer-open-source-basierte-softwareloesungen-im-geschaeftsbereich-enterprise-it-2\\\/\"]}]},{\"@type\":\"BreadcrumbList\",\"@id\":\"https:\\\/\\\/www.allgeier.com\\\/de\\\/investor-relations\\\/adhoc-announcements\\\/allgeier-se-akquisition-von-digitalisierungsspezialist-fuer-open-source-basierte-softwareloesungen-im-geschaeftsbereich-enterprise-it-2\\\/#breadcrumb\",\"itemListElement\":[{\"@type\":\"ListItem\",\"position\":1,\"name\":\"Home\",\"item\":\"https:\\\/\\\/www.allgeier.com\\\/de\\\/\"},{\"@type\":\"ListItem\",\"position\":2,\"name\":\"Investor Relations\",\"item\":\"https:\\\/\\\/www.allgeier.com\\\/de\\\/investor-relations\\\/\"},{\"@type\":\"ListItem\",\"position\":3,\"name\":\"Ad hoc-Mitteilungen\",\"item\":\"https:\\\/\\\/www.allgeier.com\\\/de\\\/investor-relations\\\/adhoc-announcements\\\/\"},{\"@type\":\"ListItem\",\"position\":4,\"name\":\"Allgeier SE: Akquisition von Digitalisierungsspezialist f\u00fcr Open Source-basierte Softwarel\u00f6sungen im Gesch\u00e4ftsbereich Enterprise IT\"}]},{\"@type\":\"WebSite\",\"@id\":\"https:\\\/\\\/www.allgeier.com\\\/de\\\/#website\",\"url\":\"https:\\\/\\\/www.allgeier.com\\\/de\\\/\",\"name\":\"Allgeier SE\",\"description\":\"Software &amp; IT Services for digital transformation\",\"potentialAction\":[{\"@type\":\"SearchAction\",\"target\":{\"@type\":\"EntryPoint\",\"urlTemplate\":\"https:\\\/\\\/www.allgeier.com\\\/de\\\/?s={search_term_string}\"},\"query-input\":{\"@type\":\"PropertyValueSpecification\",\"valueRequired\":true,\"valueName\":\"search_term_string\"}}],\"inLanguage\":\"de\"}]}<\/script>\n<!-- \/ Yoast SEO plugin. -->","yoast_head_json":{"title":"Allgeier SE: Akquisition von Digitalisierungsspezialist f\u00fcr Open Source-basierte Softwarel\u00f6sungen im Gesch\u00e4ftsbereich Enterprise IT - Allgeier SE","robots":{"index":"index","follow":"follow","max-snippet":"max-snippet:-1","max-image-preview":"max-image-preview:large","max-video-preview":"max-video-preview:-1"},"canonical":"https:\/\/www.allgeier.com\/de\/investor-relations\/adhoc-announcements\/allgeier-se-akquisition-von-digitalisierungsspezialist-fuer-open-source-basierte-softwareloesungen-im-geschaeftsbereich-enterprise-it-2\/","og_locale":"de_DE","og_type":"article","og_title":"Allgeier SE: Akquisition von Digitalisierungsspezialist f\u00fcr Open Source-basierte Softwarel\u00f6sungen im Gesch\u00e4ftsbereich Enterprise IT - Allgeier SE","og_description":"ALLGEIER SE \/ Schlagwort(e): Firmen\u00fcbernahme Allgeier SE: Akquisition von Digitalisierungsspezialist f\u00fcr Open Source-basierte Softwarel\u00f6sungen im Gesch\u00e4ftsbereich Enterprise IT  29.06.2021 \/ 15:31 CET\/CEST Ver\u00f6ffentlichung einer Insiderinformation nach Artikel 17 der Verordnung (EU) Nr. 596\/2014,","og_url":"https:\/\/www.allgeier.com\/de\/investor-relations\/adhoc-announcements\/allgeier-se-akquisition-von-digitalisierungsspezialist-fuer-open-source-basierte-softwareloesungen-im-geschaeftsbereich-enterprise-it-2\/","og_site_name":"Allgeier SE","article_modified_time":"2025-07-23T10:26:54+00:00","twitter_card":"summary_large_image","twitter_misc":{"Gesch\u00e4tzte Lesezeit":"3\u00a0Minuten"},"schema":{"@context":"https:\/\/schema.org","@graph":[{"@type":"WebPage","@id":"https:\/\/www.allgeier.com\/de\/investor-relations\/adhoc-announcements\/allgeier-se-akquisition-von-digitalisierungsspezialist-fuer-open-source-basierte-softwareloesungen-im-geschaeftsbereich-enterprise-it-2\/","url":"https:\/\/www.allgeier.com\/de\/investor-relations\/adhoc-announcements\/allgeier-se-akquisition-von-digitalisierungsspezialist-fuer-open-source-basierte-softwareloesungen-im-geschaeftsbereich-enterprise-it-2\/","name":"Allgeier SE: Akquisition von Digitalisierungsspezialist f\u00fcr Open Source-basierte Softwarel\u00f6sungen im Gesch\u00e4ftsbereich Enterprise IT - Allgeier SE","isPartOf":{"@id":"https:\/\/www.allgeier.com\/de\/#website"},"datePublished":"2021-06-29T13:31:48+00:00","dateModified":"2025-07-23T10:26:54+00:00","breadcrumb":{"@id":"https:\/\/www.allgeier.com\/de\/investor-relations\/adhoc-announcements\/allgeier-se-akquisition-von-digitalisierungsspezialist-fuer-open-source-basierte-softwareloesungen-im-geschaeftsbereich-enterprise-it-2\/#breadcrumb"},"inLanguage":"de","potentialAction":[{"@type":"ReadAction","target":["https:\/\/www.allgeier.com\/de\/investor-relations\/adhoc-announcements\/allgeier-se-akquisition-von-digitalisierungsspezialist-fuer-open-source-basierte-softwareloesungen-im-geschaeftsbereich-enterprise-it-2\/"]}]},{"@type":"BreadcrumbList","@id":"https:\/\/www.allgeier.com\/de\/investor-relations\/adhoc-announcements\/allgeier-se-akquisition-von-digitalisierungsspezialist-fuer-open-source-basierte-softwareloesungen-im-geschaeftsbereich-enterprise-it-2\/#breadcrumb","itemListElement":[{"@type":"ListItem","position":1,"name":"Home","item":"https:\/\/www.allgeier.com\/de\/"},{"@type":"ListItem","position":2,"name":"Investor Relations","item":"https:\/\/www.allgeier.com\/de\/investor-relations\/"},{"@type":"ListItem","position":3,"name":"Ad hoc-Mitteilungen","item":"https:\/\/www.allgeier.com\/de\/investor-relations\/adhoc-announcements\/"},{"@type":"ListItem","position":4,"name":"Allgeier SE: Akquisition von Digitalisierungsspezialist f\u00fcr Open Source-basierte Softwarel\u00f6sungen im Gesch\u00e4ftsbereich Enterprise IT"}]},{"@type":"WebSite","@id":"https:\/\/www.allgeier.com\/de\/#website","url":"https:\/\/www.allgeier.com\/de\/","name":"Allgeier SE","description":"Software &amp; IT Services for digital transformation","potentialAction":[{"@type":"SearchAction","target":{"@type":"EntryPoint","urlTemplate":"https:\/\/www.allgeier.com\/de\/?s={search_term_string}"},"query-input":{"@type":"PropertyValueSpecification","valueRequired":true,"valueName":"search_term_string"}}],"inLanguage":"de"}]}},"_links":{"self":[{"href":"https:\/\/www.allgeier.com\/de\/wp-json\/wp\/v2\/pages\/6922","targetHints":{"allow":["GET"]}}],"collection":[{"href":"https:\/\/www.allgeier.com\/de\/wp-json\/wp\/v2\/pages"}],"about":[{"href":"https:\/\/www.allgeier.com\/de\/wp-json\/wp\/v2\/types\/page"}],"author":[{"embeddable":true,"href":"https:\/\/www.allgeier.com\/de\/wp-json\/wp\/v2\/users\/4"}],"replies":[{"embeddable":true,"href":"https:\/\/www.allgeier.com\/de\/wp-json\/wp\/v2\/comments?post=6922"}],"version-history":[{"count":1,"href":"https:\/\/www.allgeier.com\/de\/wp-json\/wp\/v2\/pages\/6922\/revisions"}],"predecessor-version":[{"id":6924,"href":"https:\/\/www.allgeier.com\/de\/wp-json\/wp\/v2\/pages\/6922\/revisions\/6924"}],"up":[{"embeddable":true,"href":"https:\/\/www.allgeier.com\/de\/wp-json\/wp\/v2\/pages\/1155"}],"wp:attachment":[{"href":"https:\/\/www.allgeier.com\/de\/wp-json\/wp\/v2\/media?parent=6922"}],"wp:term":[{"taxonomy":"category","embeddable":true,"href":"https:\/\/www.allgeier.com\/de\/wp-json\/wp\/v2\/categories?post=6922"},{"taxonomy":"post_tag","embeddable":true,"href":"https:\/\/www.allgeier.com\/de\/wp-json\/wp\/v2\/tags?post=6922"}],"curies":[{"name":"wp","href":"https:\/\/api.w.org\/{rel}","templated":true}]}}