{"id":6963,"date":"2021-10-25T13:28:51","date_gmt":"2021-10-25T13:28:51","guid":{"rendered":"https:\/\/www.allgeier.com\/de\/?page_id=6963"},"modified":"2025-07-23T10:27:01","modified_gmt":"2025-07-23T10:27:01","slug":"allgeier-erhoeht-profitabilitaet-und-waechst-in-den-ersten-neun-monaten-2021-zweistellig-in-umsatz-und-ergebnis-2","status":"publish","type":"page","link":"https:\/\/www.allgeier.com\/de\/investor-relations\/adhoc-announcements\/allgeier-erhoeht-profitabilitaet-und-waechst-in-den-ersten-neun-monaten-2021-zweistellig-in-umsatz-und-ergebnis-2\/","title":{"rendered":"Allgeier erh\u00f6ht Profitabilit\u00e4t und w\u00e4chst in den ersten neun Monaten 2021 zweistellig in Umsatz und Ergebnis"},"content":{"rendered":"<table border=\"0\">\n<tr>\n<td>\n<p>ALLGEIER SE \/ Schlagwort(e): 9-Monatszahlen<\/p>\n<p>Allgeier erh\u00f6ht Profitabilit\u00e4t und w\u00e4chst in den ersten neun Monaten 2021 zweistellig in Umsatz und Ergebnis <\/p>\n<p>25.10.2021 \/ 15:28 CET\/CEST<\/p>\n<p>Ver\u00f6ffentlichung einer Insiderinformation nach Artikel 17 der Verordnung (EU) Nr. 596\/2014, \u00fcbermittelt durch DGAP &#8211; ein Service der EQS Group AG.<\/p>\n<p>F\u00fcr den Inhalt der Mitteilung ist der Emittent \/ Herausgeber verantwortlich.<\/p>\n<hr \/>\n<div>\n<p><i>M\u00fcnchen, 25. Oktober 2021 &#8211;<\/i> Allgeier SE (ISIN DE000A2GS633, WKN A2GS63) hat in den ersten neun Monaten 2021 (01. Januar 2021 &#8211; 30. September 2021) gem\u00e4\u00df vorl\u00e4ufiger Zahlen ein Umsatzwachstum von 11 Prozent bei einer deutlich \u00fcberproportionalen Steigerung des Ergebnisses erzielt. Im dritten Quartal 2021 hat der Konzern den Umsatz um 17 Prozent gesteigert. Die bereinigte EBITDA-Marge wuchs im dritten Quartal auf 11 Prozent.<\/p>\n<p>Gesch\u00e4ftsentwicklung des fortgef\u00fchrten Gesch\u00e4fts in den ersten neun Monaten 2021<\/p>\n<p>In Summe stieg der Umsatz im fortgef\u00fchrten Gesch\u00e4ft des Allgeier Konzerns in den ersten neun Monaten 2021 gegen\u00fcber den ersten neun Monaten des Jahres 2020 um 11 Prozent auf 291,2 Mio. Euro (Vorjahr: 263,1 Mio. Euro). Die Wertsch\u00f6pfung (definiert als Gesamtleistung abz\u00fcglich der den Ums\u00e4tzen direkt zurechenbaren Umsatz- und Personalkosten) erh\u00f6hte sich in diesem Zeitraum um 19 Prozent auf 89,3 Mio. Euro (Vorjahr: 74,9 Mio. Euro), was einer Rohmarge von 31 Prozent entspricht. Das bereinigte EBITDA (Ergebnis vor Abschreibungen auf Sachanlagen und Abschreibungen auf immaterielle Verm\u00f6gensgegenst\u00e4nde, Zinsen und Steuern, bereinigt um au\u00dferordentliche und periodenfremde Positionen) stieg um 41 Prozent auf 28,7 Mio. Euro (Vorjahr: 20,3 Mio. Euro), entsprechend einer bereinigten EBITDA-Marge von 10 Prozent. Die Bereinigungen umfassen insbesondere eine au\u00dferordentliche Position aus dem zweiten Quartal 2021 mit einem Gesamtbetrag von 6,1 Mio. Euro, die aus der Bewertung von 900.000 im Juni 2021 ausgegebenen Aktienoptionen mit einer Laufzeit von zehn Jahren resultiert. Dieser Betrag wird den Personalkosten zugeordnet und reduziert damit die Ergebnispositionen im zweiten Quartal 2021, ist jedoch nicht cash-relevant, da f\u00fcr die sp\u00e4tere Aus\u00fcbung der Optionsrechte ein entsprechendes bedingtes Kapital besteht. Das EBITDA wuchs im Berichtszeitraum nach den au\u00dferordentlichen Positionen um 53 Prozent auf 22,4 Mio. Euro (Vorjahr: 14,6 Mio. Euro). Das EBIT der Periode (Ergebnis vor Zinsen und Steuern) betrug 9,5 Mio. Euro (Vorjahr: 3,5 Mio. Euro), entsprechend einer Steigerung um 172 Prozent. Das bereinigte EBIT der ersten drei Quartale 2021 belief sich auf 17,7 Mio. Euro (Vorjahr: 9,9 Mio. Euro).<\/p>\n<table border=\"0\">\n<tr>\n<td valign=\"top\">Wichtige Konzernkennzahlen*<\/td>\n<td valign=\"top\">Q1-Q3 2021<\/td>\n<td valign=\"top\">Q1-Q3 2020<\/td>\n<td valign=\"top\">Ver\u00e4nderung<\/td>\n<\/tr>\n<tr>\n<td valign=\"top\">Umsatzerl\u00f6se<\/td>\n<td valign=\"top\">291,2<\/td>\n<td valign=\"top\">263,1<\/td>\n<td valign=\"top\">+ 11 %<\/td>\n<\/tr>\n<tr>\n<td valign=\"top\">Wertsch\u00f6pfung<\/td>\n<td valign=\"top\">89,3<\/td>\n<td valign=\"top\">74,9<\/td>\n<td valign=\"top\">+ 19 %<\/td>\n<\/tr>\n<tr>\n<td valign=\"top\">Bereinigtes EBITDA<\/td>\n<td valign=\"top\">28,7<\/td>\n<td valign=\"top\">20,3<\/td>\n<td valign=\"top\">+ 41 %<\/td>\n<\/tr>\n<tr>\n<td valign=\"top\">EBITDA<\/td>\n<td valign=\"top\">22,4<\/td>\n<td valign=\"top\">14,6<\/td>\n<td valign=\"top\">+ 53 %<\/td>\n<\/tr>\n<tr>\n<td valign=\"top\">Bereinigtes EBIT<\/td>\n<td valign=\"top\">17,7<\/td>\n<td valign=\"top\">9,9<\/td>\n<td valign=\"top\">+ 79 %<\/td>\n<\/tr>\n<tr>\n<td valign=\"top\">EBIT<\/td>\n<td valign=\"top\">9,5<\/td>\n<td valign=\"top\">3,5<\/td>\n<td valign=\"top\">+ 172 %<\/td>\n<\/tr>\n<\/table>\n<div>\u00a0<\/div>\n<p>*Fortgef\u00fchrtes Gesch\u00e4ft nach IFRS, Angaben in Mio. Euro (soweit nicht anders vermerkt)<\/p>\n<p>Gesch\u00e4ftsentwicklung des fortgef\u00fchrten Gesch\u00e4fts im dritten Quartal 2021<\/p>\n<p>Im dritten Quartal 2021 (01. Juli 2021 &#8211; 30. September 2021) steigerte der Allgeier Konzern im fortgef\u00fchrten Gesch\u00e4ft den Umsatz gegen\u00fcber dem Vergleichszeitraum des Vorjahres um 17 Prozent auf 98,8 Mio. Euro (Vorjahr: 84,6 Mio. Euro). Im selben Zeitraum stieg die Wertsch\u00f6pfung um 12 Prozent auf 31,8 Mio. Euro (Vorjahr: 28,3 Mio. Euro), entsprechend einer Rohmarge von 32 Prozent. Das bereinigte EBITDA lag mit 10,7 Mio. Euro um 6 Prozent \u00fcber dem Ergebnis der Vorjahresperiode (Vorjahr: 10,1 Mio. Euro). Dies entspricht einer bereinigten EBITDA-Marge von 11 Prozent. Das EBITDA des dritten Quartals betrug 10,4 Mio. Euro (Vorjahr: 6,6 Mio. Euro), entsprechend einer Steigerung um 58 Prozent gegen\u00fcber dem Vergleichszeitraum des Vorjahres. Das EBIT wuchs um 112 Prozent auf 5,7 Mio. Euro (Vorjahr: 2,7 Mio. Euro). Das bereinigte EBIT lag bei 6,7 Mio. Euro (Vorjahr: 6,5 Mio. Euro).<\/p>\n<p>Eckdaten der Bilanz zum 30. September 2021<\/p>\n<p>Das Eigenkapital des Allgeier Konzerns erh\u00f6hte sich zum Bilanzstichtag 30. September 2021 gem\u00e4\u00df vorl\u00e4ufiger Zahlen auf 112,1 Mio. Euro (31. Dezember 2020: 105,5 Mio. Euro). Dem Konzern standen zum Ende des dritten Quartals 2021 liquide Mittel in H\u00f6he von 57,2 Mio. Euro zur Verf\u00fcgung (31. Dezember 2020: 60,8 Mio. Euro). Die Nettofinanzverbindlichkeiten des Konzerns (inkl. der Verbindlichkeiten aus Miet- und Leasingvertr\u00e4gen) beliefen sich zum Stichtag auf 65,4 Mio. Euro (31. Dezember 2020: Net Cash von 1,2 Mio. Euro). Insbesondere aufgrund der Akquitisionst\u00e4tigkeit in den ersten neun Monaten des Gesch\u00e4ftsjahres erh\u00f6hten sich die kurz- und langfristigen Finanzschulden zum Bilanzstichtag auf 80,0 Mio. Euro (31. Dezember 2020: 28,6 Mio. Euro). Die Bilanzsumme betrug zum 30. September 2021 326,3 Mio. Euro (31. Dezember 2020: 243,9 Mio. Euro).<\/p>\n<p>Ausblick auf das vierte Quartal 2021<\/p>\n<p>Die Allgeier SE best\u00e4tigt Stand heute die angepasste Guidance f\u00fcr das Gesch\u00e4ftsjahr 2021, die in der Ad-hoc-Mitteilung vom 29. Juli 2021 sowie im Halbjahresfinanzbericht 2021 ver\u00f6ffentlicht wurde.<\/p>\n<p>Hinweise<\/p>\n<p>Die freiwillige Zwischeninformation zum 30. September 2021 der Allgeier SE wird am 12. November 2021 ver\u00f6ffentlicht und ist dann unter www.allgeier.com einzusehen.<\/p>\n<p>Alle genannten Zahlen wurden gem\u00e4\u00df IFRS erstellt, sind vorl\u00e4ufig und nicht auditiert.<\/p>\n<p>Es wird ferner darauf hingewiesen, dass Angaben f\u00fcr Zeitr\u00e4ume nach dem 30. September 2021 auf Annahmen und Sch\u00e4tzungen beruhende Erwartungen des Vorstands darstellen. Die k\u00fcnftigen tats\u00e4chlichen Entwicklungen und die k\u00fcnftigen tats\u00e4chlichen Ergebnisse k\u00f6nnen von diesen Annahmen und Sch\u00e4tzungen abweichen. Die Allgeier SE \u00fcbernimmt keine Gew\u00e4hrleistung und keine Haftung daf\u00fcr, dass die k\u00fcnftigen Entwicklungen und die k\u00fcnftig erzielten tats\u00e4chlichen Ergebnisse mit den in dieser Ad-hoc-Mitteilung ge\u00e4u\u00dferten Annahmen und Sch\u00e4tzungen \u00fcbereinstimmen werden.<\/p>\n<p>Dieses Dokument enth\u00e4lt &#8211; in einschl\u00e4gigen Rechnungslegungsrahmen nicht genau bestimmte &#8211; erg\u00e4nzende Finanzkennzahlen, die sogenannte alternative Leistungskennzahlen sind oder sein k\u00f6nnen. Diese erg\u00e4nzenden Finanzkennzahlen k\u00f6nnen als Analyseinstrument nur eingeschr\u00e4nkt tauglich sein und sollten f\u00fcr die Beurteilung der Verm\u00f6gens-, Finanz- und Ertragslage der Allgeier SE nicht isoliert oder als Alternative zu den im Konzernabschluss dargestellten und im Einklang mit einschl\u00e4gigen Rechnungslegungsrahmen ermittelten Finanzkennzahlen herangezogen werden. Andere Unternehmen, die alternative Leistungskennzahlen mit einer \u00e4hnlichen Bezeichnung darstellen oder berichten, k\u00f6nnen diese anders berechnen, so dass sie deshalb m\u00f6glicherweise nicht vergleichbar sind. Weitere Informationen zu den von der Allgeier SE verwendeten alternativen Leistungskennzahlen finden Sie im Gesch\u00e4ftsbericht 2020.<\/p>\n<p>Kontakt:<\/p>\n<p>Allgeier SE<br \/>\nCorporate Communications &amp; Investor Relations<br \/>\nDr. Christopher Gro\u00dfe<br \/>\nEinsteinstra\u00dfe 172<br \/>\n81677 M\u00fcnchen<br \/>\nTel.: +49 (0)89\/998421-0<br \/>\nFax: +49 (0)89\/998421-11<br \/>\nE-Mail: ir@allgeier.com<br \/>\nWeb: www.allgeier.com<br \/>\n\u00a0<\/p>\n<p>\u00a0<\/p>\n<\/div>\n<hr \/>\n<p>\n25.10.2021 CET\/CEST Die DGAP Distributionsservices umfassen gesetzliche Meldepflichten, Corporate News\/Finanznachrichten und Pressemitteilungen. <br \/>Medienarchiv unter http:\/\/www.dgap.de<\/p>\n<hr \/>\n<\/td>\n<\/tr>\n<\/table>\n<table>\n<tr>\n<td align=\"left\" valign=\"top\">Sprache:<\/td>\n<td align=\"left\" valign=\"top\">Deutsch<\/td>\n<\/tr>\n<tr>\n<td align=\"left\" valign=\"top\">Unternehmen:<\/td>\n<td align=\"left\" valign=\"top\">ALLGEIER SE<\/td>\n<\/tr>\n<tr>\n<td align=\"left\" valign=\"top\" \/>\n<td align=\"left\" valign=\"top\">Einsteinstra\u00dfe 172<\/td>\n<\/tr>\n<tr>\n<td align=\"left\" valign=\"top\" \/>\n<td align=\"left\" valign=\"top\">81677 M\u00fcnchen<\/td>\n<\/tr>\n<tr>\n<td align=\"left\" valign=\"top\" \/>\n<td align=\"left\" valign=\"top\">Deutschland<\/td>\n<\/tr>\n<tr>\n<td align=\"left\" valign=\"top\">Telefon:<\/td>\n<td align=\"left\" valign=\"top\">+49 (0) 89 &#8211; 99 84 21 0<\/td>\n<\/tr>\n<tr>\n<td align=\"left\" valign=\"top\">Fax:<\/td>\n<td align=\"left\" valign=\"top\">+49 (0) 89 &#8211; 99 84 21 11<\/td>\n<\/tr>\n<tr>\n<td align=\"left\" valign=\"top\">E-Mail:<\/td>\n<td align=\"left\" valign=\"top\">info@allgeier.com<\/td>\n<\/tr>\n<tr>\n<td align=\"left\" valign=\"top\">Internet:<\/td>\n<td align=\"left\" valign=\"top\">http:\/\/www.allgeier.com<\/td>\n<\/tr>\n<tr>\n<td align=\"left\" valign=\"top\">ISIN:<\/td>\n<td align=\"left\" valign=\"top\">DE000A2GS633<\/td>\n<\/tr>\n<tr>\n<td align=\"left\" valign=\"top\">WKN:<\/td>\n<td align=\"left\" valign=\"top\">A2GS63<\/td>\n<\/tr>\n<tr>\n<td align=\"left\" valign=\"top\">Indizes:<\/td>\n<td align=\"left\" valign=\"top\">CDAX<\/td>\n<\/tr>\n<tr>\n<td align=\"left\" valign=\"top\">B\u00f6rsen:<\/td>\n<td align=\"left\" valign=\"top\">Regulierter Markt in Frankfurt (General Standard); Freiverkehr in Berlin, D\u00fcsseldorf, Hamburg, Stuttgart, Tradegate Exchange<\/td>\n<\/tr>\n<tr>\n<td align=\"left\" valign=\"top\">EQS News ID:<\/td>\n<td align=\"left\" valign=\"top\">1243276<\/td>\n<\/tr>\n<\/table>\n<p><\/p>\n<table border=\"0\">\n<tr>\n<td align=\"left\" valign=\"top\" colspan=\"2\" \/>\n<\/tr>\n<\/table>\n<table border=\"0\">\n<tr>\n<td align=\"left\" valign=\"top\" colspan=\"2\">\u00a0<\/td>\n<\/tr>\n<tr>\n<td align=\"left\" valign=\"top\">Ende der Mitteilung<\/td>\n<td align=\"left\" valign=\"top\">DGAP News-Service<\/td>\n<\/tr>\n<\/table>\n<table border=\"0\">\n<tr>\n<td>\n<hr \/>\n<\/td>\n<\/tr>\n<\/table>\n<div>\n<p>1243276\u00a0\u00a025.10.2021\u00a0CET\/CEST<\/p>\n<\/div>\n","protected":false},"excerpt":{"rendered":"<p>ALLGEIER SE \/ Schlagwort(e): 9-Monatszahlen  Allgeier erh\u00f6ht Profitabilit\u00e4t und w\u00e4chst in den ersten neun Monaten 2021 zweistellig in Umsatz und Ergebnis  25.10.2021 \/ 15:28 CET\/CEST  Ver\u00f6ffentlichung einer Insiderinformation nach Artikel 17 der Verordnung (EU) Nr. 596\/2014, \u00fcbermittelt durch DGAP<\/p>\n","protected":false},"author":4,"featured_media":0,"parent":1155,"menu_order":0,"comment_status":"close","ping_status":"closed","template":"","meta":{"_acf_changed":false,"footnotes":""},"categories":[],"tags":[],"class_list":["post-6963","page","type-page","status-publish","hentry"],"acf":[],"yoast_head":"<!-- This site is optimized with the Yoast SEO plugin v27.4 - https:\/\/yoast.com\/product\/yoast-seo-wordpress\/ -->\n<title>Allgeier erh\u00f6ht Profitabilit\u00e4t und w\u00e4chst in den ersten neun Monaten 2021 zweistellig in Umsatz und Ergebnis - Allgeier SE<\/title>\n<meta name=\"robots\" content=\"index, follow, max-snippet:-1, max-image-preview:large, max-video-preview:-1\" \/>\n<link rel=\"canonical\" href=\"https:\/\/www.allgeier.com\/de\/investor-relations\/adhoc-announcements\/allgeier-erhoeht-profitabilitaet-und-waechst-in-den-ersten-neun-monaten-2021-zweistellig-in-umsatz-und-ergebnis-2\/\" \/>\n<meta property=\"og:locale\" content=\"de_DE\" \/>\n<meta property=\"og:type\" content=\"article\" \/>\n<meta property=\"og:title\" content=\"Allgeier erh\u00f6ht Profitabilit\u00e4t und w\u00e4chst in den ersten neun Monaten 2021 zweistellig in Umsatz und Ergebnis - Allgeier SE\" \/>\n<meta property=\"og:description\" content=\"ALLGEIER SE \/ Schlagwort(e): 9-Monatszahlen Allgeier erh\u00f6ht Profitabilit\u00e4t und w\u00e4chst in den ersten neun Monaten 2021 zweistellig in Umsatz und Ergebnis 25.10.2021 \/ 15:28 CET\/CEST Ver\u00f6ffentlichung einer Insiderinformation nach Artikel 17 der Verordnung (EU) Nr. 596\/2014, \u00fcbermittelt durch DGAP\" \/>\n<meta property=\"og:url\" content=\"https:\/\/www.allgeier.com\/de\/investor-relations\/adhoc-announcements\/allgeier-erhoeht-profitabilitaet-und-waechst-in-den-ersten-neun-monaten-2021-zweistellig-in-umsatz-und-ergebnis-2\/\" \/>\n<meta property=\"og:site_name\" content=\"Allgeier SE\" \/>\n<meta property=\"article:modified_time\" content=\"2025-07-23T10:27:01+00:00\" \/>\n<meta name=\"twitter:card\" content=\"summary_large_image\" \/>\n<meta name=\"twitter:label1\" content=\"Gesch\u00e4tzte Lesezeit\" \/>\n\t<meta name=\"twitter:data1\" content=\"5\u00a0Minuten\" \/>\n<script type=\"application\/ld+json\" class=\"yoast-schema-graph\">{\"@context\":\"https:\\\/\\\/schema.org\",\"@graph\":[{\"@type\":\"WebPage\",\"@id\":\"https:\\\/\\\/www.allgeier.com\\\/de\\\/investor-relations\\\/adhoc-announcements\\\/allgeier-erhoeht-profitabilitaet-und-waechst-in-den-ersten-neun-monaten-2021-zweistellig-in-umsatz-und-ergebnis-2\\\/\",\"url\":\"https:\\\/\\\/www.allgeier.com\\\/de\\\/investor-relations\\\/adhoc-announcements\\\/allgeier-erhoeht-profitabilitaet-und-waechst-in-den-ersten-neun-monaten-2021-zweistellig-in-umsatz-und-ergebnis-2\\\/\",\"name\":\"Allgeier erh\u00f6ht Profitabilit\u00e4t und w\u00e4chst in den ersten neun Monaten 2021 zweistellig in Umsatz und Ergebnis - Allgeier SE\",\"isPartOf\":{\"@id\":\"https:\\\/\\\/www.allgeier.com\\\/de\\\/#website\"},\"datePublished\":\"2021-10-25T13:28:51+00:00\",\"dateModified\":\"2025-07-23T10:27:01+00:00\",\"breadcrumb\":{\"@id\":\"https:\\\/\\\/www.allgeier.com\\\/de\\\/investor-relations\\\/adhoc-announcements\\\/allgeier-erhoeht-profitabilitaet-und-waechst-in-den-ersten-neun-monaten-2021-zweistellig-in-umsatz-und-ergebnis-2\\\/#breadcrumb\"},\"inLanguage\":\"de\",\"potentialAction\":[{\"@type\":\"ReadAction\",\"target\":[\"https:\\\/\\\/www.allgeier.com\\\/de\\\/investor-relations\\\/adhoc-announcements\\\/allgeier-erhoeht-profitabilitaet-und-waechst-in-den-ersten-neun-monaten-2021-zweistellig-in-umsatz-und-ergebnis-2\\\/\"]}]},{\"@type\":\"BreadcrumbList\",\"@id\":\"https:\\\/\\\/www.allgeier.com\\\/de\\\/investor-relations\\\/adhoc-announcements\\\/allgeier-erhoeht-profitabilitaet-und-waechst-in-den-ersten-neun-monaten-2021-zweistellig-in-umsatz-und-ergebnis-2\\\/#breadcrumb\",\"itemListElement\":[{\"@type\":\"ListItem\",\"position\":1,\"name\":\"Home\",\"item\":\"https:\\\/\\\/www.allgeier.com\\\/de\\\/\"},{\"@type\":\"ListItem\",\"position\":2,\"name\":\"Investor Relations\",\"item\":\"https:\\\/\\\/www.allgeier.com\\\/de\\\/investor-relations\\\/\"},{\"@type\":\"ListItem\",\"position\":3,\"name\":\"Ad hoc-Mitteilungen\",\"item\":\"https:\\\/\\\/www.allgeier.com\\\/de\\\/investor-relations\\\/adhoc-announcements\\\/\"},{\"@type\":\"ListItem\",\"position\":4,\"name\":\"Allgeier erh\u00f6ht Profitabilit\u00e4t und w\u00e4chst in den ersten neun Monaten 2021 zweistellig in Umsatz und Ergebnis\"}]},{\"@type\":\"WebSite\",\"@id\":\"https:\\\/\\\/www.allgeier.com\\\/de\\\/#website\",\"url\":\"https:\\\/\\\/www.allgeier.com\\\/de\\\/\",\"name\":\"Allgeier SE\",\"description\":\"Software &amp; IT Services for digital transformation\",\"potentialAction\":[{\"@type\":\"SearchAction\",\"target\":{\"@type\":\"EntryPoint\",\"urlTemplate\":\"https:\\\/\\\/www.allgeier.com\\\/de\\\/?s={search_term_string}\"},\"query-input\":{\"@type\":\"PropertyValueSpecification\",\"valueRequired\":true,\"valueName\":\"search_term_string\"}}],\"inLanguage\":\"de\"}]}<\/script>\n<!-- \/ Yoast SEO plugin. -->","yoast_head_json":{"title":"Allgeier erh\u00f6ht Profitabilit\u00e4t und w\u00e4chst in den ersten neun Monaten 2021 zweistellig in Umsatz und Ergebnis - Allgeier SE","robots":{"index":"index","follow":"follow","max-snippet":"max-snippet:-1","max-image-preview":"max-image-preview:large","max-video-preview":"max-video-preview:-1"},"canonical":"https:\/\/www.allgeier.com\/de\/investor-relations\/adhoc-announcements\/allgeier-erhoeht-profitabilitaet-und-waechst-in-den-ersten-neun-monaten-2021-zweistellig-in-umsatz-und-ergebnis-2\/","og_locale":"de_DE","og_type":"article","og_title":"Allgeier erh\u00f6ht Profitabilit\u00e4t und w\u00e4chst in den ersten neun Monaten 2021 zweistellig in Umsatz und Ergebnis - Allgeier SE","og_description":"ALLGEIER SE \/ Schlagwort(e): 9-Monatszahlen Allgeier erh\u00f6ht Profitabilit\u00e4t und w\u00e4chst in den ersten neun Monaten 2021 zweistellig in Umsatz und Ergebnis 25.10.2021 \/ 15:28 CET\/CEST Ver\u00f6ffentlichung einer Insiderinformation nach Artikel 17 der Verordnung (EU) Nr. 596\/2014, \u00fcbermittelt durch DGAP","og_url":"https:\/\/www.allgeier.com\/de\/investor-relations\/adhoc-announcements\/allgeier-erhoeht-profitabilitaet-und-waechst-in-den-ersten-neun-monaten-2021-zweistellig-in-umsatz-und-ergebnis-2\/","og_site_name":"Allgeier SE","article_modified_time":"2025-07-23T10:27:01+00:00","twitter_card":"summary_large_image","twitter_misc":{"Gesch\u00e4tzte Lesezeit":"5\u00a0Minuten"},"schema":{"@context":"https:\/\/schema.org","@graph":[{"@type":"WebPage","@id":"https:\/\/www.allgeier.com\/de\/investor-relations\/adhoc-announcements\/allgeier-erhoeht-profitabilitaet-und-waechst-in-den-ersten-neun-monaten-2021-zweistellig-in-umsatz-und-ergebnis-2\/","url":"https:\/\/www.allgeier.com\/de\/investor-relations\/adhoc-announcements\/allgeier-erhoeht-profitabilitaet-und-waechst-in-den-ersten-neun-monaten-2021-zweistellig-in-umsatz-und-ergebnis-2\/","name":"Allgeier erh\u00f6ht Profitabilit\u00e4t und w\u00e4chst in den ersten neun Monaten 2021 zweistellig in Umsatz und Ergebnis - Allgeier SE","isPartOf":{"@id":"https:\/\/www.allgeier.com\/de\/#website"},"datePublished":"2021-10-25T13:28:51+00:00","dateModified":"2025-07-23T10:27:01+00:00","breadcrumb":{"@id":"https:\/\/www.allgeier.com\/de\/investor-relations\/adhoc-announcements\/allgeier-erhoeht-profitabilitaet-und-waechst-in-den-ersten-neun-monaten-2021-zweistellig-in-umsatz-und-ergebnis-2\/#breadcrumb"},"inLanguage":"de","potentialAction":[{"@type":"ReadAction","target":["https:\/\/www.allgeier.com\/de\/investor-relations\/adhoc-announcements\/allgeier-erhoeht-profitabilitaet-und-waechst-in-den-ersten-neun-monaten-2021-zweistellig-in-umsatz-und-ergebnis-2\/"]}]},{"@type":"BreadcrumbList","@id":"https:\/\/www.allgeier.com\/de\/investor-relations\/adhoc-announcements\/allgeier-erhoeht-profitabilitaet-und-waechst-in-den-ersten-neun-monaten-2021-zweistellig-in-umsatz-und-ergebnis-2\/#breadcrumb","itemListElement":[{"@type":"ListItem","position":1,"name":"Home","item":"https:\/\/www.allgeier.com\/de\/"},{"@type":"ListItem","position":2,"name":"Investor Relations","item":"https:\/\/www.allgeier.com\/de\/investor-relations\/"},{"@type":"ListItem","position":3,"name":"Ad hoc-Mitteilungen","item":"https:\/\/www.allgeier.com\/de\/investor-relations\/adhoc-announcements\/"},{"@type":"ListItem","position":4,"name":"Allgeier erh\u00f6ht Profitabilit\u00e4t und w\u00e4chst in den ersten neun Monaten 2021 zweistellig in Umsatz und Ergebnis"}]},{"@type":"WebSite","@id":"https:\/\/www.allgeier.com\/de\/#website","url":"https:\/\/www.allgeier.com\/de\/","name":"Allgeier SE","description":"Software &amp; IT Services for digital transformation","potentialAction":[{"@type":"SearchAction","target":{"@type":"EntryPoint","urlTemplate":"https:\/\/www.allgeier.com\/de\/?s={search_term_string}"},"query-input":{"@type":"PropertyValueSpecification","valueRequired":true,"valueName":"search_term_string"}}],"inLanguage":"de"}]}},"_links":{"self":[{"href":"https:\/\/www.allgeier.com\/de\/wp-json\/wp\/v2\/pages\/6963","targetHints":{"allow":["GET"]}}],"collection":[{"href":"https:\/\/www.allgeier.com\/de\/wp-json\/wp\/v2\/pages"}],"about":[{"href":"https:\/\/www.allgeier.com\/de\/wp-json\/wp\/v2\/types\/page"}],"author":[{"embeddable":true,"href":"https:\/\/www.allgeier.com\/de\/wp-json\/wp\/v2\/users\/4"}],"replies":[{"embeddable":true,"href":"https:\/\/www.allgeier.com\/de\/wp-json\/wp\/v2\/comments?post=6963"}],"version-history":[{"count":1,"href":"https:\/\/www.allgeier.com\/de\/wp-json\/wp\/v2\/pages\/6963\/revisions"}],"predecessor-version":[{"id":6964,"href":"https:\/\/www.allgeier.com\/de\/wp-json\/wp\/v2\/pages\/6963\/revisions\/6964"}],"up":[{"embeddable":true,"href":"https:\/\/www.allgeier.com\/de\/wp-json\/wp\/v2\/pages\/1155"}],"wp:attachment":[{"href":"https:\/\/www.allgeier.com\/de\/wp-json\/wp\/v2\/media?parent=6963"}],"wp:term":[{"taxonomy":"category","embeddable":true,"href":"https:\/\/www.allgeier.com\/de\/wp-json\/wp\/v2\/categories?post=6963"},{"taxonomy":"post_tag","embeddable":true,"href":"https:\/\/www.allgeier.com\/de\/wp-json\/wp\/v2\/tags?post=6963"}],"curies":[{"name":"wp","href":"https:\/\/api.w.org\/{rel}","templated":true}]}}