{"id":6967,"date":"2021-11-12T13:54:01","date_gmt":"2021-11-12T14:54:01","guid":{"rendered":"https:\/\/www.allgeier.com\/de\/?page_id=6967"},"modified":"2025-07-23T10:27:02","modified_gmt":"2025-07-23T10:27:02","slug":"allgeier-se-allgeier-verstaerkt-sich-mit-sap-consulting-und-software-spezialist-evora-2","status":"publish","type":"page","link":"https:\/\/www.allgeier.com\/de\/investor-relations\/adhoc-announcements\/allgeier-se-allgeier-verstaerkt-sich-mit-sap-consulting-und-software-spezialist-evora-2\/","title":{"rendered":"ALLGEIER SE: Allgeier verst\u00e4rkt sich mit SAP-Consulting- und -Software-Spezialist Evora"},"content":{"rendered":"<table border=\"0\">\n<tr>\n<td>\n<p>ALLGEIER SE \/ Schlagwort(e): Firmen\u00fcbernahme<\/p>\n<p>ALLGEIER SE: Allgeier verst\u00e4rkt sich mit SAP-Consulting- und -Software-Spezialist Evora  <\/p>\n<p>12.11.2021 \/ 15:54 CET\/CEST<\/p>\n<p>Ver\u00f6ffentlichung einer Insiderinformation nach Artikel 17 der Verordnung (EU) Nr. 596\/2014, \u00fcbermittelt durch DGAP &#8211; ein Service der EQS Group AG.<\/p>\n<p>F\u00fcr den Inhalt der Mitteilung ist der Emittent \/ Herausgeber verantwortlich.<\/p>\n<hr \/>\n<div>\n<p><b>Ver\u00f6ffentlichung einer Insiderinformation gem\u00e4\u00df Artikel 17 MAR<\/b><\/p>\n<p><i>M\u00fcnchen, 12. November 2021 &#8211;<\/i> Die Allgeier SE (ISIN DE000A2GS633, WKN A2GS63), M\u00fcnchen, hat sich am heutigen Tag mit den Gr\u00fcndern und Gesellschaftern der Evora Gruppe, bestehend aus den Gesellschaften Evora IT Solutions Group GmbH, Walldorf, Evora IT Solutions GmbH, Walldorf, Evora IT Solutions GmbH, Wien, \u00d6sterreich, Evora IT Solutions Inc., New York City, USA, und Evora IT Solutions Pvt. Ltd., Bangalore, Indien (insgesamt &#8222;Evora&#8220;), \u00fcber den Erwerb einer Mehrheit der Anteile der Evora geeinigt und einen entsprechenden Kaufvertrag unterzeichnet. Die vier Gr\u00fcnder der Evora beteiligen sich als Unternehmer weiterhin mit 40 Prozent an Evora. Der Kaufpreis f\u00fcr 100 Prozent der Evora Anteile bel\u00e4uft sich auf einen bei Closing f\u00e4lligen niedrigen dreistelligen Millionen-Euro-Betrag, der auch in den kommenden Jahren zahlbare und zum Teil erfolgsabh\u00e4ngige Bestandteile enth\u00e4lt. Das Closing der Transaktion wird in den kommenden Wochen erwartet.<\/p>\n<p>Evora ist ein stark wachsendes, auf SAP- und ServiceNow-Beratung und -Softwareentwicklung spezialisiertes Unternehmen, das seine Kunden bei der durchg\u00e4ngigen Digitalisierung von Gesch\u00e4ftsprozessen unterst\u00fctzt. Das Unternehmen verf\u00fcgt \u00fcber eine tiefgreifende Expertise in der Implementierung und dem Betrieb umfassender Asset- und Fieldservice-Management-L\u00f6sungen und langj\u00e4hrige enge Partnerschaften mit SAP und ServiceNow sowie weiteren f\u00fchrenden Softwareherstellern wie Salesforce. Evora arbeitet agil aus einer globalen Organisation und verf\u00fcgt \u00fcber ein eigenes Entwicklungs- und Servicezentrum in Bangalore (Indien). In den vergangenen Jahren haben die Evora-Spezialisten f\u00fcr zum Teil multinationale Kunden in Branchen wie Life Sciences, Pharma, Chemie, Energieversorgung und Bildung in Europa, Nordamerika und Australien eine Vielzahl von Projekten erfolgreich durchgef\u00fchrt. Mit der EvoSuite verf\u00fcgt Evora zudem \u00fcber eine eigene Software-Produktfamilie. Die Anwendungen erg\u00e4nzen die Kundenservice- und Instandhaltungsl\u00f6sungen von SAP und erm\u00f6glichen es den Kunden, zus\u00e4tzliche Gesch\u00e4ftsprozesse zu digitalisieren und zu optimieren.<\/p>\n<p>Mit der Akquisition gewinnt Allgeier ein erfolgreiches Unternehmer-Team, st\u00e4rkt ma\u00dfgeblich die Kompetenz in der SAP-Beratung und -Implementierung und erh\u00e4lt bedeutsame Zug\u00e4nge zu attraktiven Kunden, insbesondere in Europa und den USA. Zugleich gewinnt die Gruppe ca. 200 hochqualifizierte Kollegen an internationalen Standorten, insbesondere in Indien, hinzu und baut ihre Kapazit\u00e4ten und Skalierbarkeit in der High End-Softwareentwicklung signifikant aus.<\/p>\n<p>Allgeier ist ein spezialisierter Software- und IT Services-Anbieter f\u00fcr die digitale Transformation von Gesch\u00e4ftsmodellen. Als verl\u00e4sslicher Partner unterst\u00fctzt Allgeier mehr als 2.000 Kunden aus dem \u00d6ffentlichem Sektor, global operierende Konzerne sowie Markt- und Branchenf\u00fchrer bei der Digitalisierung und strategischen Weiterentwicklung ihrer gesch\u00e4ftskritischen Prozesse. Mit einem Team aus \u00fcber 3.000 Software- und IT-Spezialisten setzt Allgeier seine fokussierte Wachstumsstrategie mit dem seit vielen Jahren erfolgreichen Buy-and-Build-Ansatz fort.<\/p>\n<p>Kontakt:<\/p>\n<p>Allgeier SE<br \/>\nCorporate Communications &amp; Investor Relations<br \/>\nDr. Christopher Gro\u00dfe<br \/>\nEinsteinstra\u00dfe 172<br \/>\n81677 M\u00fcnchen<br \/>\nTel.: +49 (0)89\/998421-0<br \/>\nFax: +49 (0)89\/998421-11<br \/>\nE-Mail: ir@allgeier.com<br \/>\nWeb: www.allgeier.com<\/p>\n<p>Allgeier SE ist eines der f\u00fchrenden Technologie-Unternehmen f\u00fcr die digitale Transformation von Gesch\u00e4ftsmodellen: Die stark wachsende Gruppe mit Hauptsitz in M\u00fcnchen f\u00fchrt ihre Kunden durch die Herausforderungen des digitalen Wandels, um deren zuk\u00fcnftigen Erfolg sicherzustellen. Allgeier verf\u00fcgt \u00fcber eine breite und stabile Kundenbasis aus global agierenden Konzernen, leistungsstarken mittelst\u00e4ndischen Unternehmen sowie Auftraggebern des \u00f6ffentlichen Sektors. Den \u00fcber 2.000 Kunden bietet Allgeier ein vollumf\u00e4ngliches Software &amp; IT Services-Portfolio, das von High-End-Softwareentwicklung bis hin zu Business Efficiency Solutions zur Unterst\u00fctzung der Digitalisierung und Transformation gesch\u00e4ftskritischer Prozesse reicht. Allgeier erzielt dabei Durchbr\u00fcche hin zu neuen digitalen Gesch\u00e4ftsmodellen, definiert strategische Priorit\u00e4ten und realisiert mit hoher Flexibilit\u00e4t und Skalierbarkeit bahnbrechende Projekte, um agile und intelligente Organisationen f\u00fcr das digitale Zeitalter zu gestalten. In den Segmenten Enterprise IT und mgm technology partners sind \u00fcber 2.700 angestellte Mitarbeiter und rund 700 freiberufliche Experten in insgesamt 73 Niederlassungen in der DACH-Region, in Frankreich und der Tschechischen Republik sowie in den USA und in Vietnam t\u00e4tig. Im Gesch\u00e4ftsjahr 2020 erzielte Allgeier im fortgef\u00fchrten Gesch\u00e4ft einen Umsatz von 352 Mio. Euro. Gem\u00e4\u00df L\u00fcnendonk(R)-Liste 2021 z\u00e4hlt Allgeier zu den f\u00fchrenden IT-Beratungs- und Systemintegrations-Unternehmen in Deutschland. Allgeier SE ist am Regulierten Markt der Frankfurter Wertpapierb\u00f6rse im General Standard gelistet (WKN A2GS63, ISIN DE000A2GS633). Weitere Informationen unter: www.allgeier.com<\/p>\n<\/div>\n<hr \/>\n<p>\n12.11.2021 CET\/CEST Die DGAP Distributionsservices umfassen gesetzliche Meldepflichten, Corporate News\/Finanznachrichten und Pressemitteilungen.<br \/>Medienarchiv unter http:\/\/www.dgap.de<\/p>\n<hr \/>\n<\/td>\n<\/tr>\n<\/table>\n<table>\n<tr>\n<td align=\"left\" valign=\"top\">Sprache:<\/td>\n<td align=\"left\" valign=\"top\">Deutsch<\/td>\n<\/tr>\n<tr>\n<td align=\"left\" valign=\"top\">Unternehmen:<\/td>\n<td align=\"left\" valign=\"top\">ALLGEIER SE<\/td>\n<\/tr>\n<tr>\n<td align=\"left\" valign=\"top\" \/>\n<td align=\"left\" valign=\"top\">Einsteinstra\u00dfe 172<\/td>\n<\/tr>\n<tr>\n<td align=\"left\" valign=\"top\" \/>\n<td align=\"left\" valign=\"top\">81677 M\u00fcnchen<\/td>\n<\/tr>\n<tr>\n<td align=\"left\" valign=\"top\" \/>\n<td align=\"left\" valign=\"top\">Deutschland<\/td>\n<\/tr>\n<tr>\n<td align=\"left\" valign=\"top\">Telefon:<\/td>\n<td align=\"left\" valign=\"top\">+49 (0) 89 &#8211; 99 84 21 0<\/td>\n<\/tr>\n<tr>\n<td align=\"left\" valign=\"top\">Fax:<\/td>\n<td align=\"left\" valign=\"top\">+49 (0) 89 &#8211; 99 84 21 11<\/td>\n<\/tr>\n<tr>\n<td align=\"left\" valign=\"top\">E-Mail:<\/td>\n<td align=\"left\" valign=\"top\">info@allgeier.com<\/td>\n<\/tr>\n<tr>\n<td align=\"left\" valign=\"top\">Internet:<\/td>\n<td align=\"left\" valign=\"top\">http:\/\/www.allgeier.com<\/td>\n<\/tr>\n<tr>\n<td align=\"left\" valign=\"top\">ISIN:<\/td>\n<td align=\"left\" valign=\"top\">DE000A2GS633<\/td>\n<\/tr>\n<tr>\n<td align=\"left\" valign=\"top\">WKN:<\/td>\n<td align=\"left\" valign=\"top\">A2GS63<\/td>\n<\/tr>\n<tr>\n<td align=\"left\" valign=\"top\">Indizes:<\/td>\n<td align=\"left\" valign=\"top\">CDAX<\/td>\n<\/tr>\n<tr>\n<td align=\"left\" valign=\"top\">B\u00f6rsen:<\/td>\n<td align=\"left\" valign=\"top\">Regulierter Markt in Frankfurt (General Standard); Freiverkehr in Berlin, D\u00fcsseldorf, Hamburg, Stuttgart, Tradegate Exchange<\/td>\n<\/tr>\n<tr>\n<td align=\"left\" valign=\"top\">EQS News ID:<\/td>\n<td align=\"left\" valign=\"top\">1248731<\/td>\n<\/tr>\n<\/table>\n<p><\/p>\n<table border=\"0\">\n<tr>\n<td align=\"left\" valign=\"top\" colspan=\"2\" \/>\n<\/tr>\n<\/table>\n<table border=\"0\">\n<tr>\n<td align=\"left\" valign=\"top\" colspan=\"2\">\u00a0<\/td>\n<\/tr>\n<tr>\n<td align=\"left\" valign=\"top\">Ende der Mitteilung<\/td>\n<td align=\"left\" valign=\"top\">DGAP News-Service<\/td>\n<\/tr>\n<\/table>\n<table border=\"0\">\n<tr>\n<td>\n<hr \/>\n<\/td>\n<\/tr>\n<\/table>\n<div>\n<p>1248731\u00a0\u00a012.11.2021\u00a0CET\/CEST<\/p>\n<\/div>\n","protected":false},"excerpt":{"rendered":"<p>ALLGEIER SE \/ Schlagwort(e): Firmen\u00fcbernahme  ALLGEIER SE: Allgeier verst\u00e4rkt sich mit SAP-Consulting- und -Software-Spezialist Evora   12.11.2021 \/ 15:54 CET\/CEST  Ver\u00f6ffentlichung einer Insiderinformation nach Artikel 17 der Verordnung (EU) Nr. 596\/2014, \u00fcbermittelt durch DGAP &#8211; ein Service der<\/p>\n","protected":false},"author":4,"featured_media":0,"parent":1155,"menu_order":0,"comment_status":"close","ping_status":"closed","template":"","meta":{"_acf_changed":false,"footnotes":""},"categories":[],"tags":[],"class_list":["post-6967","page","type-page","status-publish","hentry"],"acf":[],"yoast_head":"<!-- This site is optimized with the Yoast SEO plugin v27.4 - https:\/\/yoast.com\/product\/yoast-seo-wordpress\/ -->\n<title>ALLGEIER SE: Allgeier verst\u00e4rkt sich mit SAP-Consulting- und -Software-Spezialist Evora - Allgeier SE<\/title>\n<meta name=\"robots\" content=\"index, follow, max-snippet:-1, max-image-preview:large, max-video-preview:-1\" \/>\n<link rel=\"canonical\" href=\"https:\/\/www.allgeier.com\/de\/investor-relations\/adhoc-announcements\/allgeier-se-allgeier-verstaerkt-sich-mit-sap-consulting-und-software-spezialist-evora-2\/\" \/>\n<meta property=\"og:locale\" content=\"de_DE\" \/>\n<meta property=\"og:type\" content=\"article\" \/>\n<meta property=\"og:title\" content=\"ALLGEIER SE: Allgeier verst\u00e4rkt sich mit SAP-Consulting- und -Software-Spezialist Evora - Allgeier SE\" \/>\n<meta property=\"og:description\" content=\"ALLGEIER SE \/ Schlagwort(e): Firmen\u00fcbernahme ALLGEIER SE: Allgeier verst\u00e4rkt sich mit SAP-Consulting- und -Software-Spezialist Evora  12.11.2021 \/ 15:54 CET\/CEST Ver\u00f6ffentlichung einer Insiderinformation nach Artikel 17 der Verordnung (EU) Nr. 596\/2014, \u00fcbermittelt durch DGAP - ein Service der\" \/>\n<meta property=\"og:url\" content=\"https:\/\/www.allgeier.com\/de\/investor-relations\/adhoc-announcements\/allgeier-se-allgeier-verstaerkt-sich-mit-sap-consulting-und-software-spezialist-evora-2\/\" \/>\n<meta property=\"og:site_name\" content=\"Allgeier SE\" \/>\n<meta property=\"article:modified_time\" content=\"2025-07-23T10:27:02+00:00\" \/>\n<meta name=\"twitter:card\" content=\"summary_large_image\" \/>\n<meta name=\"twitter:label1\" content=\"Gesch\u00e4tzte Lesezeit\" \/>\n\t<meta name=\"twitter:data1\" content=\"4\u00a0Minuten\" \/>\n<script type=\"application\/ld+json\" class=\"yoast-schema-graph\">{\"@context\":\"https:\\\/\\\/schema.org\",\"@graph\":[{\"@type\":\"WebPage\",\"@id\":\"https:\\\/\\\/www.allgeier.com\\\/de\\\/investor-relations\\\/adhoc-announcements\\\/allgeier-se-allgeier-verstaerkt-sich-mit-sap-consulting-und-software-spezialist-evora-2\\\/\",\"url\":\"https:\\\/\\\/www.allgeier.com\\\/de\\\/investor-relations\\\/adhoc-announcements\\\/allgeier-se-allgeier-verstaerkt-sich-mit-sap-consulting-und-software-spezialist-evora-2\\\/\",\"name\":\"ALLGEIER SE: Allgeier verst\u00e4rkt sich mit SAP-Consulting- und -Software-Spezialist Evora - Allgeier SE\",\"isPartOf\":{\"@id\":\"https:\\\/\\\/www.allgeier.com\\\/de\\\/#website\"},\"datePublished\":\"2021-11-12T14:54:01+00:00\",\"dateModified\":\"2025-07-23T10:27:02+00:00\",\"breadcrumb\":{\"@id\":\"https:\\\/\\\/www.allgeier.com\\\/de\\\/investor-relations\\\/adhoc-announcements\\\/allgeier-se-allgeier-verstaerkt-sich-mit-sap-consulting-und-software-spezialist-evora-2\\\/#breadcrumb\"},\"inLanguage\":\"de\",\"potentialAction\":[{\"@type\":\"ReadAction\",\"target\":[\"https:\\\/\\\/www.allgeier.com\\\/de\\\/investor-relations\\\/adhoc-announcements\\\/allgeier-se-allgeier-verstaerkt-sich-mit-sap-consulting-und-software-spezialist-evora-2\\\/\"]}]},{\"@type\":\"BreadcrumbList\",\"@id\":\"https:\\\/\\\/www.allgeier.com\\\/de\\\/investor-relations\\\/adhoc-announcements\\\/allgeier-se-allgeier-verstaerkt-sich-mit-sap-consulting-und-software-spezialist-evora-2\\\/#breadcrumb\",\"itemListElement\":[{\"@type\":\"ListItem\",\"position\":1,\"name\":\"Home\",\"item\":\"https:\\\/\\\/www.allgeier.com\\\/de\\\/\"},{\"@type\":\"ListItem\",\"position\":2,\"name\":\"Investor Relations\",\"item\":\"https:\\\/\\\/www.allgeier.com\\\/de\\\/investor-relations\\\/\"},{\"@type\":\"ListItem\",\"position\":3,\"name\":\"Ad hoc-Mitteilungen\",\"item\":\"https:\\\/\\\/www.allgeier.com\\\/de\\\/investor-relations\\\/adhoc-announcements\\\/\"},{\"@type\":\"ListItem\",\"position\":4,\"name\":\"ALLGEIER SE: Allgeier verst\u00e4rkt sich mit SAP-Consulting- und -Software-Spezialist Evora\"}]},{\"@type\":\"WebSite\",\"@id\":\"https:\\\/\\\/www.allgeier.com\\\/de\\\/#website\",\"url\":\"https:\\\/\\\/www.allgeier.com\\\/de\\\/\",\"name\":\"Allgeier SE\",\"description\":\"Software &amp; IT Services for digital transformation\",\"potentialAction\":[{\"@type\":\"SearchAction\",\"target\":{\"@type\":\"EntryPoint\",\"urlTemplate\":\"https:\\\/\\\/www.allgeier.com\\\/de\\\/?s={search_term_string}\"},\"query-input\":{\"@type\":\"PropertyValueSpecification\",\"valueRequired\":true,\"valueName\":\"search_term_string\"}}],\"inLanguage\":\"de\"}]}<\/script>\n<!-- \/ Yoast SEO plugin. -->","yoast_head_json":{"title":"ALLGEIER SE: Allgeier verst\u00e4rkt sich mit SAP-Consulting- und -Software-Spezialist Evora - Allgeier SE","robots":{"index":"index","follow":"follow","max-snippet":"max-snippet:-1","max-image-preview":"max-image-preview:large","max-video-preview":"max-video-preview:-1"},"canonical":"https:\/\/www.allgeier.com\/de\/investor-relations\/adhoc-announcements\/allgeier-se-allgeier-verstaerkt-sich-mit-sap-consulting-und-software-spezialist-evora-2\/","og_locale":"de_DE","og_type":"article","og_title":"ALLGEIER SE: Allgeier verst\u00e4rkt sich mit SAP-Consulting- und -Software-Spezialist Evora - Allgeier SE","og_description":"ALLGEIER SE \/ Schlagwort(e): Firmen\u00fcbernahme ALLGEIER SE: Allgeier verst\u00e4rkt sich mit SAP-Consulting- und -Software-Spezialist Evora  12.11.2021 \/ 15:54 CET\/CEST Ver\u00f6ffentlichung einer Insiderinformation nach Artikel 17 der Verordnung (EU) Nr. 596\/2014, \u00fcbermittelt durch DGAP - ein Service der","og_url":"https:\/\/www.allgeier.com\/de\/investor-relations\/adhoc-announcements\/allgeier-se-allgeier-verstaerkt-sich-mit-sap-consulting-und-software-spezialist-evora-2\/","og_site_name":"Allgeier SE","article_modified_time":"2025-07-23T10:27:02+00:00","twitter_card":"summary_large_image","twitter_misc":{"Gesch\u00e4tzte Lesezeit":"4\u00a0Minuten"},"schema":{"@context":"https:\/\/schema.org","@graph":[{"@type":"WebPage","@id":"https:\/\/www.allgeier.com\/de\/investor-relations\/adhoc-announcements\/allgeier-se-allgeier-verstaerkt-sich-mit-sap-consulting-und-software-spezialist-evora-2\/","url":"https:\/\/www.allgeier.com\/de\/investor-relations\/adhoc-announcements\/allgeier-se-allgeier-verstaerkt-sich-mit-sap-consulting-und-software-spezialist-evora-2\/","name":"ALLGEIER SE: Allgeier verst\u00e4rkt sich mit SAP-Consulting- und -Software-Spezialist Evora - Allgeier SE","isPartOf":{"@id":"https:\/\/www.allgeier.com\/de\/#website"},"datePublished":"2021-11-12T14:54:01+00:00","dateModified":"2025-07-23T10:27:02+00:00","breadcrumb":{"@id":"https:\/\/www.allgeier.com\/de\/investor-relations\/adhoc-announcements\/allgeier-se-allgeier-verstaerkt-sich-mit-sap-consulting-und-software-spezialist-evora-2\/#breadcrumb"},"inLanguage":"de","potentialAction":[{"@type":"ReadAction","target":["https:\/\/www.allgeier.com\/de\/investor-relations\/adhoc-announcements\/allgeier-se-allgeier-verstaerkt-sich-mit-sap-consulting-und-software-spezialist-evora-2\/"]}]},{"@type":"BreadcrumbList","@id":"https:\/\/www.allgeier.com\/de\/investor-relations\/adhoc-announcements\/allgeier-se-allgeier-verstaerkt-sich-mit-sap-consulting-und-software-spezialist-evora-2\/#breadcrumb","itemListElement":[{"@type":"ListItem","position":1,"name":"Home","item":"https:\/\/www.allgeier.com\/de\/"},{"@type":"ListItem","position":2,"name":"Investor Relations","item":"https:\/\/www.allgeier.com\/de\/investor-relations\/"},{"@type":"ListItem","position":3,"name":"Ad hoc-Mitteilungen","item":"https:\/\/www.allgeier.com\/de\/investor-relations\/adhoc-announcements\/"},{"@type":"ListItem","position":4,"name":"ALLGEIER SE: Allgeier verst\u00e4rkt sich mit SAP-Consulting- und -Software-Spezialist Evora"}]},{"@type":"WebSite","@id":"https:\/\/www.allgeier.com\/de\/#website","url":"https:\/\/www.allgeier.com\/de\/","name":"Allgeier SE","description":"Software &amp; IT Services for digital transformation","potentialAction":[{"@type":"SearchAction","target":{"@type":"EntryPoint","urlTemplate":"https:\/\/www.allgeier.com\/de\/?s={search_term_string}"},"query-input":{"@type":"PropertyValueSpecification","valueRequired":true,"valueName":"search_term_string"}}],"inLanguage":"de"}]}},"_links":{"self":[{"href":"https:\/\/www.allgeier.com\/de\/wp-json\/wp\/v2\/pages\/6967","targetHints":{"allow":["GET"]}}],"collection":[{"href":"https:\/\/www.allgeier.com\/de\/wp-json\/wp\/v2\/pages"}],"about":[{"href":"https:\/\/www.allgeier.com\/de\/wp-json\/wp\/v2\/types\/page"}],"author":[{"embeddable":true,"href":"https:\/\/www.allgeier.com\/de\/wp-json\/wp\/v2\/users\/4"}],"replies":[{"embeddable":true,"href":"https:\/\/www.allgeier.com\/de\/wp-json\/wp\/v2\/comments?post=6967"}],"version-history":[{"count":1,"href":"https:\/\/www.allgeier.com\/de\/wp-json\/wp\/v2\/pages\/6967\/revisions"}],"predecessor-version":[{"id":6968,"href":"https:\/\/www.allgeier.com\/de\/wp-json\/wp\/v2\/pages\/6967\/revisions\/6968"}],"up":[{"embeddable":true,"href":"https:\/\/www.allgeier.com\/de\/wp-json\/wp\/v2\/pages\/1155"}],"wp:attachment":[{"href":"https:\/\/www.allgeier.com\/de\/wp-json\/wp\/v2\/media?parent=6967"}],"wp:term":[{"taxonomy":"category","embeddable":true,"href":"https:\/\/www.allgeier.com\/de\/wp-json\/wp\/v2\/categories?post=6967"},{"taxonomy":"post_tag","embeddable":true,"href":"https:\/\/www.allgeier.com\/de\/wp-json\/wp\/v2\/tags?post=6967"}],"curies":[{"name":"wp","href":"https:\/\/api.w.org\/{rel}","templated":true}]}}