{"id":6975,"date":"2022-03-10T12:22:28","date_gmt":"2022-03-10T13:22:28","guid":{"rendered":"https:\/\/www.allgeier.com\/de\/?page_id=6975"},"modified":"2025-07-23T10:27:05","modified_gmt":"2025-07-23T10:27:05","slug":"allgeier-se-uebertrifft-gemaess-vorlaeufiger-zahlen-den-forecast-fuer-das-geschaeftsjahr-2021-marge-steigt-deutlich-2","status":"publish","type":"page","link":"https:\/\/www.allgeier.com\/de\/investor-relations\/adhoc-announcements\/allgeier-se-uebertrifft-gemaess-vorlaeufiger-zahlen-den-forecast-fuer-das-geschaeftsjahr-2021-marge-steigt-deutlich-2\/","title":{"rendered":"Allgeier SE \u00fcbertrifft gem\u00e4\u00df vorl\u00e4ufiger Zahlen den Forecast f\u00fcr das Gesch\u00e4ftsjahr 2021 &#8211; Marge steigt deutlich"},"content":{"rendered":"<table border=\"0\">\n<tr>\n<td>\n<p>ALLGEIER SE \/ Schlagwort(e): Vorl\u00e4ufiges Ergebnis\/Jahresergebnis<\/p>\n<p>Allgeier SE \u00fcbertrifft gem\u00e4\u00df vorl\u00e4ufiger Zahlen den Forecast f\u00fcr das Gesch\u00e4ftsjahr 2021 &#8211; Marge steigt deutlich <\/p>\n<p>10.03.2022 \/ 14:22 CET\/CEST<\/p>\n<p>Ver\u00f6ffentlichung einer Insiderinformation nach Artikel 17 der Verordnung (EU) Nr. 596\/2014, \u00fcbermittelt durch DGAP &#8211; ein Service der EQS Group AG.<\/p>\n<p>F\u00fcr den Inhalt der Mitteilung ist der Emittent \/ Herausgeber verantwortlich.<\/p>\n<hr \/>\n<div>\n<i>M\u00fcnchen, 10. M\u00e4rz 2022 &#8211; <\/i>Der Allgeier Konzern \u00fcbertrifft gem\u00e4\u00df vorl\u00e4ufiger und noch ungepr\u00fcfter Zahlen im Gesch\u00e4ftsjahr 2021 (01. Januar 2021 &#8211; 31. Dezember 2021) den zuletzt mit Ad-hoc-Mitteilung vom 17. Dezember 2021 ver\u00f6ffentlichten Ergebnis-Forecast. Allgeier verzeichnete im abgelaufenen Gesch\u00e4ftsjahr 2021 ein zweistelliges Umsatzwachstum und konnte die Ergebnismarge des bereinigten EBITDA erstmals auf \u00fcber 10 Prozent steigern.<\/p>\n<p>Gesch\u00e4ftsentwicklung des fortgef\u00fchrten Gesch\u00e4fts im Gesamtjahr 2021<\/p>\n<p>Der Allgeier Konzern erzielte im Gesch\u00e4ftsjahr 2021 im fortgef\u00fchrten Gesch\u00e4ft eine Gesamtleistung von 404 Mio. Euro (Vorjahr: 353 Mio. Euro), was einem Wachstum von 15 Prozent entspricht. Dabei stieg die Wertsch\u00f6pfung (definiert als Gesamtleistung abz\u00fcglich der den Ums\u00e4tzen direkt zurechenbaren Umsatz- und Personalkosten) \u00fcberproportional um 27 Prozent auf 129 Mio. Euro (Vorjahr: 102 Mio. Euro). Der Konzern steigerte die Wertsch\u00f6pfungsmarge damit auf 32 Prozent (Vorjahr: 29 Prozent). Das bereinigte EBITDA (EBITDA vor Effekten, die betriebswirtschaftlich als au\u00dferordentlich oder periodenfremd qualifiziert werden) stieg um 48 Prozent auf 45 Mio. Euro (Vorjahr: 30 Mio. Euro), entsprechend einer Marge von 11,1 Prozent (Vorjahr: 8,6 Prozent). Bereinigt wurden im Gesch\u00e4ftsjahr 2021 insbesondere die Aufwendungen aus der Bewertung der im Jahr 2021 ausgegebenen Aktienoptionen. Das EBITDA wuchs um 63 Prozent und betrug 38 Mio. Euro (Vorjahr: 23 Mio. Euro). Das EBIT belief sich auf 20 Mio. Euro (Vorjahr: 7 Mio. Euro), entsprechend einer Steigerung um 179 Prozent.<\/p>\n<p>Eckdaten der Bilanz zum 31. Dezember 2021<\/p>\n<p>Dem Allgeier Konzern standen zum Ende des Gesch\u00e4ftsjahres 2021 liquide Mittel in H\u00f6he von 69 Mio. Euro zur Verf\u00fcgung (Vorjahr: 61 Mio. Euro). Die kurz- und langfristigen Finanzschulden beliefen sich zum Bilanzstichtag auf 138 Mio. Euro (Vorjahr: 29 Mio. Euro). Der wesentliche Grund f\u00fcr den Anstieg ist die Finanzierung der im Jahr 2021 get\u00e4tigten Akquisitionen. Die nach IFRS 16 zu passivierenden Leasingverbindlichkeiten betrugen 45 Mio. EUR (Vorjahr: 31 Mio. EUR). Die Bilanzsumme stieg auf 471 Mio. Euro (Vorjahr: 244 Mio. Euro).<\/p>\n<p>Best\u00e4tigung der Guidance 2022<\/p>\n<p>Die Allgeier SE best\u00e4tigt Stand heute die Guidance f\u00fcr das Gesch\u00e4ftsjahr 2022, die in der Ad-hoc-Mitteilung vom 17. Dezember 2021 ver\u00f6ffentlicht wurde. Diese sieht im Gesch\u00e4ftsjahr 2022 einen Umsatz in der Gr\u00f6\u00dfenordnung von 480 bis 520 Mio. Euro vor. Das erwartete bereinigte EBITDA der Allgeier SE f\u00fcr 2022 betr\u00e4gt zwischen 63 und 69 Mio. Euro. Die entsprechende bereinigte EBITDA-Marge soll im laufenden Gesch\u00e4ftsjahr auf 13 bis 14 Prozent steigen. Mittelfristig strebt der Vorstand f\u00fcr die kommenden drei Jahre eine j\u00e4hrliche organische Wachstumsrate von 10 bis 15 Prozent und eine bereinigte EBITDA-Marge von 15 Prozent an.<\/p>\n<p>Hinweise<\/p>\n<p>Die erfolgten Akquisitionen sind jeweils ab dem Erwerbszeitpunkt (Closing) im Konzern konsolidiert. Die im Dezember 2021 erfolgte Akquisition der Evora-Gruppe wird ab dem 31. Dezember 2021 konsolidiert. Das bedeutet, dass diese Akquisition noch keine Auswirkung auf die Gewinn- und Verlustrechnung des Jahres 2021 hat, die Erstkonsolidierung aber in der Bilanz zum 31. Dezember 2021 einschlie\u00dflich der Erwerbstransaktion abgebildet ist.<\/p>\n<p>Der Gesch\u00e4ftsbericht 2021 der Allgeier SE wird am 29. April 2022 ver\u00f6ffentlicht und ist dann unter www.allgeier.com einzusehen.<\/p>\n<p>Alle Gesch\u00e4ftszahlen f\u00fcr das Gesch\u00e4ftsjahr 2021 sind vorl\u00e4ufig und vom Konzernabschlusspr\u00fcfer noch nicht abschlie\u00dfend gepr\u00fcft. Angaben f\u00fcr Zeitr\u00e4ume nach dem 31. Dezember 2021 stellen auf Annahmen und Sch\u00e4tzungen beruhende Erwartungen des Vorstands dar. Die k\u00fcnftigen tats\u00e4chlichen Entwicklungen und die k\u00fcnftigen tats\u00e4chlichen Ergebnisse k\u00f6nnen von diesen Annahmen und Sch\u00e4tzungen abweichen. Die Allgeier SE \u00fcbernimmt keine Gew\u00e4hrleistung und keine Haftung daf\u00fcr, dass die k\u00fcnftigen Entwicklungen und die k\u00fcnftig erzielten tats\u00e4chlichen Ergebnisse mit den in dieser Ad-hoc-Mitteilung ge\u00e4u\u00dferten Annahmen und Sch\u00e4tzungen \u00fcbereinstimmen werden.<\/p>\n<p>Dieses Dokument enth\u00e4lt &#8211; in einschl\u00e4gigen Rechnungslegungsrahmen nicht genau bestimmte &#8211; erg\u00e4nzende Finanzkennzahlen, die sogenannte alternative Leistungskennzahlen sind oder sein k\u00f6nnen. Diese erg\u00e4nzenden Finanzkennzahlen k\u00f6nnen als Analyseinstrument nur eingeschr\u00e4nkt tauglich sein und sollten f\u00fcr die Beurteilung der Verm\u00f6gens-, Finanz- und Ertragslage der Allgeier SE nicht isoliert oder als Alternative zu den im Konzernabschluss dargestellten und im Einklang mit einschl\u00e4gigen Rechnungslegungsrahmen ermittelten Finanzkennzahlen herangezogen werden. Andere Unternehmen, die alternative Leistungskennzahlen mit einer \u00e4hnlichen Bezeichnung darstellen oder berichten, k\u00f6nnen diese anders berechnen, so dass sie deshalb m\u00f6glicherweise nicht vergleichbar sind. Weitere Informationen zu den von der Allgeier SE verwendeten alternativen Leistungskennzahlen finden Sie im Gesch\u00e4ftsbericht 2020.<\/p>\n<p>Kontakt:<\/p>\n<p>Allgeier SE<br \/>\nCorporate Communications &amp; Investor Relations<br \/>\nDr. Christopher Gro\u00dfe<br \/>\nEinsteinstra\u00dfe 172<br \/>\n81677 M\u00fcnchen<br \/>\nTel.: +49 (0)89\/998421-0<br \/>\nFax: +49 (0)89\/998421-11<br \/>\nE-Mail: ir@allgeier.com<br \/>\nWeb: www.allgeier.com<\/p>\n<p>Allgeier SE ist eines der f\u00fchrenden Technologie-Unternehmen f\u00fcr digitale Transformation: Die stark wachsende Gruppe mit Hauptsitz in M\u00fcnchen f\u00fchrt ihre Kunden durch die Herausforderungen des digitalen Wandels, um deren zuk\u00fcnftigen Erfolg sicherzustellen. Allgeier verf\u00fcgt \u00fcber eine breite und stabile Kundenbasis aus global agierenden Konzernen, leistungsstarken mittelst\u00e4ndischen Unternehmen sowie Auftraggebern des \u00f6ffentlichen Sektors. Den \u00fcber 2.000 Kunden bietet Allgeier ein vollumf\u00e4ngliches IT- und Software-Services-Portfolio, das von High-End-Softwareentwicklung bis hin zu Business Efficiency Solutions zur Unterst\u00fctzung der Digitalisierung und Transformation gesch\u00e4ftskritischer Prozesse reicht. Allgeier erzielt dabei Durchbr\u00fcche hin zu neuen digitalen Gesch\u00e4ftsmodellen, definiert strategische Priorit\u00e4ten und realisiert mit hoher Flexibilit\u00e4t und Skalierbarkeit bahnbrechende Projekte, um agile und intelligente Organisationen f\u00fcr das digitale Zeitalter zu gestalten. In den beiden Konzernsegmenten Enterprise IT und mgm technology partners sind \u00fcber 2.900 angestellte Mitarbeiter und mehr als 700 freiberufliche Experten an weltweit insgesamt 80 Standorten in der DACH-Region, in Frankreich und der Tschechischen Republik sowie in Indien, Vietnam, Brasilien, Kanada und den USA t\u00e4tig. Im Gesch\u00e4ftsjahr 2021 erzielte Allgeier im fortgef\u00fchrten Gesch\u00e4ft gem\u00e4\u00df vorl\u00e4ufiger und noch ungepr\u00fcfter Zahlen einen Umsatz von 403 Mio. Euro. Gem\u00e4\u00df L\u00fcnendonk(R)-Liste 2021 z\u00e4hlt Allgeier zu den f\u00fchrenden IT-Beratungs- und Systemintegrations-Unternehmen in Deutschland. Allgeier SE ist am Regulierten Markt der Frankfurter Wertpapierb\u00f6rse im General Standard gelistet (WKN A2GS63, ISIN DE000A2GS633). Weitere Informationen unter: www.allgeier.com<\/p>\n<\/div>\n<hr \/>\n<p>\n10.03.2022 CET\/CEST Die DGAP Distributionsservices umfassen gesetzliche Meldepflichten, Corporate News\/Finanznachrichten und Pressemitteilungen.<br \/>Medienarchiv unter http:\/\/www.dgap.de<\/p>\n<hr \/>\n<\/td>\n<\/tr>\n<\/table>\n<table>\n<tr>\n<td align=\"left\" valign=\"top\">Sprache:<\/td>\n<td align=\"left\" valign=\"top\">Deutsch<\/td>\n<\/tr>\n<tr>\n<td align=\"left\" valign=\"top\">Unternehmen:<\/td>\n<td align=\"left\" valign=\"top\">ALLGEIER SE<\/td>\n<\/tr>\n<tr>\n<td align=\"left\" valign=\"top\" \/>\n<td align=\"left\" valign=\"top\">Einsteinstra\u00dfe 172<\/td>\n<\/tr>\n<tr>\n<td align=\"left\" valign=\"top\" \/>\n<td align=\"left\" valign=\"top\">81677 M\u00fcnchen<\/td>\n<\/tr>\n<tr>\n<td align=\"left\" valign=\"top\" \/>\n<td align=\"left\" valign=\"top\">Deutschland<\/td>\n<\/tr>\n<tr>\n<td align=\"left\" valign=\"top\">Telefon:<\/td>\n<td align=\"left\" valign=\"top\">+49 (0) 89 &#8211; 99 84 21 0<\/td>\n<\/tr>\n<tr>\n<td align=\"left\" valign=\"top\">Fax:<\/td>\n<td align=\"left\" valign=\"top\">+49 (0) 89 &#8211; 99 84 21 11<\/td>\n<\/tr>\n<tr>\n<td align=\"left\" valign=\"top\">E-Mail:<\/td>\n<td align=\"left\" valign=\"top\">info@allgeier.com<\/td>\n<\/tr>\n<tr>\n<td align=\"left\" valign=\"top\">Internet:<\/td>\n<td align=\"left\" valign=\"top\">http:\/\/www.allgeier.com<\/td>\n<\/tr>\n<tr>\n<td align=\"left\" valign=\"top\">ISIN:<\/td>\n<td align=\"left\" valign=\"top\">DE000A2GS633<\/td>\n<\/tr>\n<tr>\n<td align=\"left\" valign=\"top\">WKN:<\/td>\n<td align=\"left\" valign=\"top\">A2GS63<\/td>\n<\/tr>\n<tr>\n<td align=\"left\" valign=\"top\">Indizes:<\/td>\n<td align=\"left\" valign=\"top\">CDAX<\/td>\n<\/tr>\n<tr>\n<td align=\"left\" valign=\"top\">B\u00f6rsen:<\/td>\n<td align=\"left\" valign=\"top\">Regulierter Markt in Frankfurt (General Standard); Freiverkehr in Berlin, D\u00fcsseldorf, Hamburg, Stuttgart, Tradegate Exchange<\/td>\n<\/tr>\n<tr>\n<td align=\"left\" valign=\"top\">EQS News ID:<\/td>\n<td align=\"left\" valign=\"top\">1299685<\/td>\n<\/tr>\n<\/table>\n<p><\/p>\n<table border=\"0\">\n<tr>\n<td align=\"left\" valign=\"top\" colspan=\"2\" \/>\n<\/tr>\n<\/table>\n<table border=\"0\">\n<tr>\n<td align=\"left\" valign=\"top\" colspan=\"2\">\u00a0<\/td>\n<\/tr>\n<tr>\n<td align=\"left\" valign=\"top\">Ende der Mitteilung<\/td>\n<td align=\"left\" valign=\"top\">DGAP News-Service<\/td>\n<\/tr>\n<\/table>\n<table border=\"0\">\n<tr>\n<td>\n<hr \/>\n<\/td>\n<\/tr>\n<\/table>\n<div>\n<p>1299685\u00a0\u00a010.03.2022\u00a0CET\/CEST<\/p>\n<\/div>\n","protected":false},"excerpt":{"rendered":"<p>ALLGEIER SE \/ Schlagwort(e): Vorl\u00e4ufiges Ergebnis\/Jahresergebnis  Allgeier SE \u00fcbertrifft gem\u00e4\u00df vorl\u00e4ufiger Zahlen den Forecast f\u00fcr das Gesch\u00e4ftsjahr 2021 &#8211; Marge steigt deutlich  10.03.2022 \/ 14:22 CET\/CEST  Ver\u00f6ffentlichung einer Insiderinformation nach Artikel 17 der Verordnung (EU) Nr. 596\/2014,<\/p>\n","protected":false},"author":4,"featured_media":0,"parent":1155,"menu_order":0,"comment_status":"close","ping_status":"closed","template":"","meta":{"_acf_changed":false,"footnotes":""},"categories":[],"tags":[],"class_list":["post-6975","page","type-page","status-publish","hentry"],"acf":[],"yoast_head":"<!-- This site is optimized with the Yoast SEO plugin v27.4 - https:\/\/yoast.com\/product\/yoast-seo-wordpress\/ -->\n<title>Allgeier SE \u00fcbertrifft gem\u00e4\u00df vorl\u00e4ufiger Zahlen den Forecast f\u00fcr das Gesch\u00e4ftsjahr 2021 - Marge steigt deutlich - Allgeier SE<\/title>\n<meta name=\"robots\" content=\"index, follow, max-snippet:-1, max-image-preview:large, max-video-preview:-1\" \/>\n<link rel=\"canonical\" href=\"https:\/\/www.allgeier.com\/de\/investor-relations\/adhoc-announcements\/allgeier-se-uebertrifft-gemaess-vorlaeufiger-zahlen-den-forecast-fuer-das-geschaeftsjahr-2021-marge-steigt-deutlich-2\/\" \/>\n<meta property=\"og:locale\" content=\"de_DE\" \/>\n<meta property=\"og:type\" content=\"article\" \/>\n<meta property=\"og:title\" content=\"Allgeier SE \u00fcbertrifft gem\u00e4\u00df vorl\u00e4ufiger Zahlen den Forecast f\u00fcr das Gesch\u00e4ftsjahr 2021 - Marge steigt deutlich - Allgeier SE\" \/>\n<meta property=\"og:description\" content=\"ALLGEIER SE \/ Schlagwort(e): Vorl\u00e4ufiges Ergebnis\/Jahresergebnis Allgeier SE \u00fcbertrifft gem\u00e4\u00df vorl\u00e4ufiger Zahlen den Forecast f\u00fcr das Gesch\u00e4ftsjahr 2021 - Marge steigt deutlich 10.03.2022 \/ 14:22 CET\/CEST Ver\u00f6ffentlichung einer Insiderinformation nach Artikel 17 der Verordnung (EU) Nr. 596\/2014,\" \/>\n<meta property=\"og:url\" content=\"https:\/\/www.allgeier.com\/de\/investor-relations\/adhoc-announcements\/allgeier-se-uebertrifft-gemaess-vorlaeufiger-zahlen-den-forecast-fuer-das-geschaeftsjahr-2021-marge-steigt-deutlich-2\/\" \/>\n<meta property=\"og:site_name\" content=\"Allgeier SE\" \/>\n<meta property=\"article:modified_time\" content=\"2025-07-23T10:27:05+00:00\" \/>\n<meta name=\"twitter:card\" content=\"summary_large_image\" \/>\n<meta name=\"twitter:label1\" content=\"Gesch\u00e4tzte Lesezeit\" \/>\n\t<meta name=\"twitter:data1\" content=\"5\u00a0Minuten\" \/>\n<script type=\"application\/ld+json\" class=\"yoast-schema-graph\">{\"@context\":\"https:\\\/\\\/schema.org\",\"@graph\":[{\"@type\":\"WebPage\",\"@id\":\"https:\\\/\\\/www.allgeier.com\\\/de\\\/investor-relations\\\/adhoc-announcements\\\/allgeier-se-uebertrifft-gemaess-vorlaeufiger-zahlen-den-forecast-fuer-das-geschaeftsjahr-2021-marge-steigt-deutlich-2\\\/\",\"url\":\"https:\\\/\\\/www.allgeier.com\\\/de\\\/investor-relations\\\/adhoc-announcements\\\/allgeier-se-uebertrifft-gemaess-vorlaeufiger-zahlen-den-forecast-fuer-das-geschaeftsjahr-2021-marge-steigt-deutlich-2\\\/\",\"name\":\"Allgeier SE \u00fcbertrifft gem\u00e4\u00df vorl\u00e4ufiger Zahlen den Forecast f\u00fcr das Gesch\u00e4ftsjahr 2021 - Marge steigt deutlich - Allgeier SE\",\"isPartOf\":{\"@id\":\"https:\\\/\\\/www.allgeier.com\\\/de\\\/#website\"},\"datePublished\":\"2022-03-10T13:22:28+00:00\",\"dateModified\":\"2025-07-23T10:27:05+00:00\",\"breadcrumb\":{\"@id\":\"https:\\\/\\\/www.allgeier.com\\\/de\\\/investor-relations\\\/adhoc-announcements\\\/allgeier-se-uebertrifft-gemaess-vorlaeufiger-zahlen-den-forecast-fuer-das-geschaeftsjahr-2021-marge-steigt-deutlich-2\\\/#breadcrumb\"},\"inLanguage\":\"de\",\"potentialAction\":[{\"@type\":\"ReadAction\",\"target\":[\"https:\\\/\\\/www.allgeier.com\\\/de\\\/investor-relations\\\/adhoc-announcements\\\/allgeier-se-uebertrifft-gemaess-vorlaeufiger-zahlen-den-forecast-fuer-das-geschaeftsjahr-2021-marge-steigt-deutlich-2\\\/\"]}]},{\"@type\":\"BreadcrumbList\",\"@id\":\"https:\\\/\\\/www.allgeier.com\\\/de\\\/investor-relations\\\/adhoc-announcements\\\/allgeier-se-uebertrifft-gemaess-vorlaeufiger-zahlen-den-forecast-fuer-das-geschaeftsjahr-2021-marge-steigt-deutlich-2\\\/#breadcrumb\",\"itemListElement\":[{\"@type\":\"ListItem\",\"position\":1,\"name\":\"Home\",\"item\":\"https:\\\/\\\/www.allgeier.com\\\/de\\\/\"},{\"@type\":\"ListItem\",\"position\":2,\"name\":\"Investor Relations\",\"item\":\"https:\\\/\\\/www.allgeier.com\\\/de\\\/investor-relations\\\/\"},{\"@type\":\"ListItem\",\"position\":3,\"name\":\"Ad hoc-Mitteilungen\",\"item\":\"https:\\\/\\\/www.allgeier.com\\\/de\\\/investor-relations\\\/adhoc-announcements\\\/\"},{\"@type\":\"ListItem\",\"position\":4,\"name\":\"Allgeier SE \u00fcbertrifft gem\u00e4\u00df vorl\u00e4ufiger Zahlen den Forecast f\u00fcr das Gesch\u00e4ftsjahr 2021 &#8211; Marge steigt deutlich\"}]},{\"@type\":\"WebSite\",\"@id\":\"https:\\\/\\\/www.allgeier.com\\\/de\\\/#website\",\"url\":\"https:\\\/\\\/www.allgeier.com\\\/de\\\/\",\"name\":\"Allgeier SE\",\"description\":\"Software &amp; IT Services for digital transformation\",\"potentialAction\":[{\"@type\":\"SearchAction\",\"target\":{\"@type\":\"EntryPoint\",\"urlTemplate\":\"https:\\\/\\\/www.allgeier.com\\\/de\\\/?s={search_term_string}\"},\"query-input\":{\"@type\":\"PropertyValueSpecification\",\"valueRequired\":true,\"valueName\":\"search_term_string\"}}],\"inLanguage\":\"de\"}]}<\/script>\n<!-- \/ Yoast SEO plugin. -->","yoast_head_json":{"title":"Allgeier SE \u00fcbertrifft gem\u00e4\u00df vorl\u00e4ufiger Zahlen den Forecast f\u00fcr das Gesch\u00e4ftsjahr 2021 - Marge steigt deutlich - Allgeier SE","robots":{"index":"index","follow":"follow","max-snippet":"max-snippet:-1","max-image-preview":"max-image-preview:large","max-video-preview":"max-video-preview:-1"},"canonical":"https:\/\/www.allgeier.com\/de\/investor-relations\/adhoc-announcements\/allgeier-se-uebertrifft-gemaess-vorlaeufiger-zahlen-den-forecast-fuer-das-geschaeftsjahr-2021-marge-steigt-deutlich-2\/","og_locale":"de_DE","og_type":"article","og_title":"Allgeier SE \u00fcbertrifft gem\u00e4\u00df vorl\u00e4ufiger Zahlen den Forecast f\u00fcr das Gesch\u00e4ftsjahr 2021 - Marge steigt deutlich - Allgeier SE","og_description":"ALLGEIER SE \/ Schlagwort(e): Vorl\u00e4ufiges Ergebnis\/Jahresergebnis Allgeier SE \u00fcbertrifft gem\u00e4\u00df vorl\u00e4ufiger Zahlen den Forecast f\u00fcr das Gesch\u00e4ftsjahr 2021 - Marge steigt deutlich 10.03.2022 \/ 14:22 CET\/CEST Ver\u00f6ffentlichung einer Insiderinformation nach Artikel 17 der Verordnung (EU) Nr. 596\/2014,","og_url":"https:\/\/www.allgeier.com\/de\/investor-relations\/adhoc-announcements\/allgeier-se-uebertrifft-gemaess-vorlaeufiger-zahlen-den-forecast-fuer-das-geschaeftsjahr-2021-marge-steigt-deutlich-2\/","og_site_name":"Allgeier SE","article_modified_time":"2025-07-23T10:27:05+00:00","twitter_card":"summary_large_image","twitter_misc":{"Gesch\u00e4tzte Lesezeit":"5\u00a0Minuten"},"schema":{"@context":"https:\/\/schema.org","@graph":[{"@type":"WebPage","@id":"https:\/\/www.allgeier.com\/de\/investor-relations\/adhoc-announcements\/allgeier-se-uebertrifft-gemaess-vorlaeufiger-zahlen-den-forecast-fuer-das-geschaeftsjahr-2021-marge-steigt-deutlich-2\/","url":"https:\/\/www.allgeier.com\/de\/investor-relations\/adhoc-announcements\/allgeier-se-uebertrifft-gemaess-vorlaeufiger-zahlen-den-forecast-fuer-das-geschaeftsjahr-2021-marge-steigt-deutlich-2\/","name":"Allgeier SE \u00fcbertrifft gem\u00e4\u00df vorl\u00e4ufiger Zahlen den Forecast f\u00fcr das Gesch\u00e4ftsjahr 2021 - Marge steigt deutlich - Allgeier SE","isPartOf":{"@id":"https:\/\/www.allgeier.com\/de\/#website"},"datePublished":"2022-03-10T13:22:28+00:00","dateModified":"2025-07-23T10:27:05+00:00","breadcrumb":{"@id":"https:\/\/www.allgeier.com\/de\/investor-relations\/adhoc-announcements\/allgeier-se-uebertrifft-gemaess-vorlaeufiger-zahlen-den-forecast-fuer-das-geschaeftsjahr-2021-marge-steigt-deutlich-2\/#breadcrumb"},"inLanguage":"de","potentialAction":[{"@type":"ReadAction","target":["https:\/\/www.allgeier.com\/de\/investor-relations\/adhoc-announcements\/allgeier-se-uebertrifft-gemaess-vorlaeufiger-zahlen-den-forecast-fuer-das-geschaeftsjahr-2021-marge-steigt-deutlich-2\/"]}]},{"@type":"BreadcrumbList","@id":"https:\/\/www.allgeier.com\/de\/investor-relations\/adhoc-announcements\/allgeier-se-uebertrifft-gemaess-vorlaeufiger-zahlen-den-forecast-fuer-das-geschaeftsjahr-2021-marge-steigt-deutlich-2\/#breadcrumb","itemListElement":[{"@type":"ListItem","position":1,"name":"Home","item":"https:\/\/www.allgeier.com\/de\/"},{"@type":"ListItem","position":2,"name":"Investor Relations","item":"https:\/\/www.allgeier.com\/de\/investor-relations\/"},{"@type":"ListItem","position":3,"name":"Ad hoc-Mitteilungen","item":"https:\/\/www.allgeier.com\/de\/investor-relations\/adhoc-announcements\/"},{"@type":"ListItem","position":4,"name":"Allgeier SE \u00fcbertrifft gem\u00e4\u00df vorl\u00e4ufiger Zahlen den Forecast f\u00fcr das Gesch\u00e4ftsjahr 2021 &#8211; Marge steigt deutlich"}]},{"@type":"WebSite","@id":"https:\/\/www.allgeier.com\/de\/#website","url":"https:\/\/www.allgeier.com\/de\/","name":"Allgeier SE","description":"Software &amp; IT Services for digital transformation","potentialAction":[{"@type":"SearchAction","target":{"@type":"EntryPoint","urlTemplate":"https:\/\/www.allgeier.com\/de\/?s={search_term_string}"},"query-input":{"@type":"PropertyValueSpecification","valueRequired":true,"valueName":"search_term_string"}}],"inLanguage":"de"}]}},"_links":{"self":[{"href":"https:\/\/www.allgeier.com\/de\/wp-json\/wp\/v2\/pages\/6975","targetHints":{"allow":["GET"]}}],"collection":[{"href":"https:\/\/www.allgeier.com\/de\/wp-json\/wp\/v2\/pages"}],"about":[{"href":"https:\/\/www.allgeier.com\/de\/wp-json\/wp\/v2\/types\/page"}],"author":[{"embeddable":true,"href":"https:\/\/www.allgeier.com\/de\/wp-json\/wp\/v2\/users\/4"}],"replies":[{"embeddable":true,"href":"https:\/\/www.allgeier.com\/de\/wp-json\/wp\/v2\/comments?post=6975"}],"version-history":[{"count":1,"href":"https:\/\/www.allgeier.com\/de\/wp-json\/wp\/v2\/pages\/6975\/revisions"}],"predecessor-version":[{"id":6976,"href":"https:\/\/www.allgeier.com\/de\/wp-json\/wp\/v2\/pages\/6975\/revisions\/6976"}],"up":[{"embeddable":true,"href":"https:\/\/www.allgeier.com\/de\/wp-json\/wp\/v2\/pages\/1155"}],"wp:attachment":[{"href":"https:\/\/www.allgeier.com\/de\/wp-json\/wp\/v2\/media?parent=6975"}],"wp:term":[{"taxonomy":"category","embeddable":true,"href":"https:\/\/www.allgeier.com\/de\/wp-json\/wp\/v2\/categories?post=6975"},{"taxonomy":"post_tag","embeddable":true,"href":"https:\/\/www.allgeier.com\/de\/wp-json\/wp\/v2\/tags?post=6975"}],"curies":[{"name":"wp","href":"https:\/\/api.w.org\/{rel}","templated":true}]}}