{"id":6983,"date":"2022-04-25T14:47:53","date_gmt":"2022-04-25T14:47:53","guid":{"rendered":"https:\/\/www.allgeier.com\/de\/?page_id=6983"},"modified":"2025-07-23T10:27:08","modified_gmt":"2025-07-23T10:27:08","slug":"allgeier-se-feststellung-jahresabschluss-2021-und-vorschlag-einer-dividende-von-050-euro-2","status":"publish","type":"page","link":"https:\/\/www.allgeier.com\/de\/investor-relations\/adhoc-announcements\/allgeier-se-feststellung-jahresabschluss-2021-und-vorschlag-einer-dividende-von-050-euro-2\/","title":{"rendered":"Allgeier SE: Feststellung Jahresabschluss 2021 und Vorschlag einer Dividende von 0,50 Euro"},"content":{"rendered":"<table border=\"0\">\n<tr>\n<td>\n<p>ALLGEIER SE \/ Schlagwort(e): Jahresergebnis\/Dividende<\/p>\n<p>Allgeier SE: Feststellung Jahresabschluss 2021 und Vorschlag einer Dividende von 0,50 Euro <\/p>\n<p>25.04.2022 \/ 16:47 CET\/CEST<\/p>\n<p>Ver\u00f6ffentlichung einer Insiderinformation nach Artikel 17 der Verordnung (EU) Nr. 596\/2014, \u00fcbermittelt durch DGAP &#8211; ein Service der EQS Group AG.<\/p>\n<p>F\u00fcr den Inhalt der Mitteilung ist der Emittent \/ Herausgeber verantwortlich.<\/p>\n<hr \/>\n<div>\n<i>M\u00fcnchen, 25.04.2022 &#8211;<\/i> Der Aufsichtsrat der Allgeier SE (ISIN DE000A2GS633, WKN A2GS63) hat in seiner heutigen Sitzung den testierten Jahres- und Konzernabschluss der Allgeier SE f\u00fcr das Gesch\u00e4ftsjahr 2021 gebilligt. Der Jahresabschluss ist damit festgestellt. Die finalen Zahlen f\u00fcr den Allgeier Konzern entsprechen im Wesentlichen den per Ad-hoc-Mitteilung vom 10. M\u00e4rz 2022 ver\u00f6ffentlichten vorl\u00e4ufigen Zahlen.<\/p>\n<p>Umsatz- und Ergebnisentwicklung 2021 im fortgef\u00fchrten Gesch\u00e4ft<\/p>\n<p>Der Allgeier Konzern erzielte im Gesch\u00e4ftsjahr 2021 (01. Januar 2021 &#8211; 31. Dezember 2021) im fortgef\u00fchrten Gesch\u00e4ft eine Gesamtleistung von 404,3 Mio. Euro (Vorjahr: 352,6 Mio. Euro), entsprechend einem Zuwachs von 15 Prozent. Die Konzern-Wertsch\u00f6pfung erh\u00f6hte sich auf 129,2 Mio. Euro (Vorjahr: 101,9 Mio. Euro), was zu einer weiteren Ausweitung der Rohmarge auf 31,9 Prozent f\u00fchrte (Vorjahr: 28,9 Prozent). Der Konzern steigerte das bereinigte EBITDA (EBITDA vor Effekten, die betriebswirtschaftlich als au\u00dferordentlich oder periodenfremd qualifiziert werden) gegen\u00fcber dem Vorjahr um 49 Prozent auf 45,1 Mio. Euro (Vorjahr: 30,3 Mio. Euro). Das EBITDA lag bei 38,3 Mio. Euro und damit um 64 Prozent \u00fcber dem Vorjahreswert (Vorjahr: 23,4 Mio. Euro). Damit erzielte der Konzern ein EBIT von 19,8 Mio. Euro (Vorjahr: 7,1 Mio. Euro), entsprechend einer Steigerung von 180 Prozent gegen\u00fcber dem Vorjahr. Das Ergebnis vor Steuern (EBT) belief sich auf 20,2 Mio. Euro (Vorjahr: 8,2 Mio. Euro) und lag damit 146 Prozent gegen\u00fcber dem Vorjahresergebnis. Nach Steuern erzielte der Konzern ein Ergebnis der Periode in H\u00f6he von 12,5 Mio. Euro (Vorjahr: 1,1 Mio. Euro). Daraus resultierte im Gesch\u00e4ftsjahr 2021 ein Ergebnis je Aktie von 1,04 Euro (Vorjahr: 0,00 Euro). Das um die Abschreibungen aus Akquisitionst\u00e4tigkeit bereinigte und mit einer normalisierten Steuerquote von 30 Prozent gerechnete Ergebnis je Aktie des fortgef\u00fchrten Gesch\u00e4fts betrug f\u00fcr das Berichtsjahr 2021 1,80 Euro (Vorjahr: 0,94 Euro).<\/p>\n<p>Eckdaten der Bilanz zum 31. Dezember 2021<\/p>\n<p>Zum Bilanzstichtag 31. Dezember 2021 belief sich das Konzern-Eigenkapital auf 162,9 Mio. Euro (Vorjahr: 105,5 Mio. Euro). Dem Allgeier Konzern standen zum Jahresende 2021 liquide Mittel in H\u00f6he von 69,4 Mio. Euro zur Verf\u00fcgung (Vorjahr: 60,8 Mio. Euro). Die verzinslichen Finanzschulden (ohne Verbindlichkeiten aus Miet- und Leasingvertr\u00e4gen) beliefen sich auf 138,4 Mio. Euro (Vorjahr: 28,6 Mio. Euro). Wesentlicher Grund f\u00fcr den Anstieg ist die Finanzierung der im Jahr 2021 get\u00e4tigten Akquisitionen. Die Bilanzsumme betrug 485,0 Mio. Euro (Vorjahr: 243,9 Mio. Euro).<\/p>\n<p>Gewinnverwendung<\/p>\n<p>Vorstand und Aufsichtsrat haben beschlossen, der Hauptversammlung die Zahlung einer Dividende von 0,50 Euro je berechtigter Aktie aus dem Bilanzgewinn der Allgeier SE per 31. Dezember 2021 in H\u00f6he von 46.840.573,23 Euro vorzuschlagen. Die Hauptversammlung der Allgeier SE findet am 30. Juni 2022 virtuell statt.<\/p>\n<p>Hinweise<\/p>\n<p>Die erfolgten Akquisitionen sind jeweils ab dem Erwerbszeitpunkt (Closing) im Konzern konsolidiert. Die im Dezember 2021 erfolgte Akquisition der Evora-Gruppe wird ab dem 31. Dezember 2021 konsolidiert. Das bedeutet, dass diese Akquisition noch keine Auswirkung auf die Gewinn- und Verlustrechnung des Jahres 2021 hat, die Erstkonsolidierung aber in der Bilanz zum 31. Dezember 2021 einschlie\u00dflich der Erwerbstransaktion abgebildet ist.<\/p>\n<p>Der Gesch\u00e4ftsbericht 2021 der Allgeier SE wird am 29. April 2022 ver\u00f6ffentlicht und ist dann unter www.allgeier.com einzusehen.<\/p>\n<p>Dieses Dokument enth\u00e4lt &#8211; in einschl\u00e4gigen Rechnungslegungsrahmen nicht genau bestimmte &#8211; erg\u00e4nzende Finanzkennzahlen, die sogenannte alternative Leistungskennzahlen sind oder sein k\u00f6nnen. Diese erg\u00e4nzenden Finanzkennzahlen k\u00f6nnen als Analyseinstrument nur eingeschr\u00e4nkt tauglich sein und sollten f\u00fcr die Beurteilung der Verm\u00f6gens-, Finanz- und Ertragslage der Allgeier SE nicht isoliert oder als Alternative zu den im Konzernabschluss dargestellten und im Einklang mit einschl\u00e4gigen Rechnungslegungsrahmen ermittelten Finanzkennzahlen herangezogen werden. Andere Unternehmen, die alternative Leistungskennzahlen mit einer \u00e4hnlichen Bezeichnung darstellen oder berichten, k\u00f6nnen diese anders berechnen, so dass sie deshalb m\u00f6glicherweise nicht vergleichbar sind. Weitere Informationen zu den von der Allgeier SE verwendeten alternativen Leistungskennzahlen finden Sie im Gesch\u00e4ftsbericht 2020.<\/p>\n<p>Kontakt:<\/p>\n<p>Allgeier SE<br \/>\nCorporate Communications &amp; Investor Relations<br \/>\nDr. Christopher Gro\u00dfe<br \/>\nEinsteinstra\u00dfe 172<br \/>\n81677 M\u00fcnchen<br \/>\nTel.: +49 (0)89\/998421-0<br \/>\nFax: +49 (0)89\/998421-11<br \/>\nE-Mail: ir@allgeier.com<br \/>\nWeb: www.allgeier.com<\/p>\n<p>Allgeier SE ist eines der f\u00fchrenden Technologie-Unternehmen f\u00fcr digitale Transformation: Die stark wachsende Gruppe mit Hauptsitz in M\u00fcnchen f\u00fchrt ihre Kunden durch die Herausforderungen des digitalen Wandels, um deren zuk\u00fcnftigen Erfolg sicherzustellen. Allgeier verf\u00fcgt \u00fcber eine breite und stabile Kundenbasis aus global agierenden Konzernen, leistungsstarken mittelst\u00e4ndischen Unternehmen sowie Auftraggebern des \u00f6ffentlichen Sektors. Den \u00fcber 2.000 Kunden bietet Allgeier ein vollumf\u00e4ngliches IT- und Software-Services-Portfolio, das von High-End-Softwareentwicklung bis hin zu Business Efficiency Solutions zur Unterst\u00fctzung der Digitalisierung und Transformation gesch\u00e4ftskritischer Prozesse reicht. Allgeier erzielt dabei Durchbr\u00fcche hin zu neuen digitalen Gesch\u00e4ftsmodellen, definiert strategische Priorit\u00e4ten und realisiert mit hoher Flexibilit\u00e4t und Skalierbarkeit bahnbrechende Projekte, um agile und intelligente Organisationen f\u00fcr das digitale Zeitalter zu gestalten. In den beiden Konzernsegmenten Enterprise IT und mgm technology partners sind \u00fcber 2.900 angestellte Mitarbeiter und mehr als 700 freiberufliche Experten an weltweit insgesamt 42 Standorten in der DACH-Region, in Frankreich und der Tschechischen Republik sowie in Indien, Vietnam und den USA t\u00e4tig. Im Gesch\u00e4ftsjahr 2021 erzielte Allgeier im fortgef\u00fchrten Gesch\u00e4ft einen Umsatz von 403 Mio. Euro. Gem\u00e4\u00df L\u00fcnendonk(R)-Liste 2021 z\u00e4hlt Allgeier zu den f\u00fchrenden IT-Beratungs- und Systemintegrations-Unternehmen in Deutschland. Allgeier SE ist am Regulierten Markt der Frankfurter Wertpapierb\u00f6rse im General Standard gelistet (WKN A2GS63, ISIN DE000A2GS633). Weitere Informationen unter: www.allgeier.com<\/p>\n<\/div>\n<hr \/>\n<p>\n25.04.2022 CET\/CEST Die DGAP Distributionsservices umfassen gesetzliche Meldepflichten, Corporate News\/Finanznachrichten und Pressemitteilungen.<br \/>Medienarchiv unter http:\/\/www.dgap.de<\/p>\n<hr \/>\n<\/td>\n<\/tr>\n<\/table>\n<table>\n<tr>\n<td align=\"left\" valign=\"top\">Sprache:<\/td>\n<td align=\"left\" valign=\"top\">Deutsch<\/td>\n<\/tr>\n<tr>\n<td align=\"left\" valign=\"top\">Unternehmen:<\/td>\n<td align=\"left\" valign=\"top\">ALLGEIER SE<\/td>\n<\/tr>\n<tr>\n<td align=\"left\" valign=\"top\" \/>\n<td align=\"left\" valign=\"top\">Einsteinstra\u00dfe 172<\/td>\n<\/tr>\n<tr>\n<td align=\"left\" valign=\"top\" \/>\n<td align=\"left\" valign=\"top\">81677 M\u00fcnchen<\/td>\n<\/tr>\n<tr>\n<td align=\"left\" valign=\"top\" \/>\n<td align=\"left\" valign=\"top\">Deutschland<\/td>\n<\/tr>\n<tr>\n<td align=\"left\" valign=\"top\">Telefon:<\/td>\n<td align=\"left\" valign=\"top\">+49 (0) 89 &#8211; 99 84 21 0<\/td>\n<\/tr>\n<tr>\n<td align=\"left\" valign=\"top\">Fax:<\/td>\n<td align=\"left\" valign=\"top\">+49 (0) 89 &#8211; 99 84 21 11<\/td>\n<\/tr>\n<tr>\n<td align=\"left\" valign=\"top\">E-Mail:<\/td>\n<td align=\"left\" valign=\"top\">info@allgeier.com<\/td>\n<\/tr>\n<tr>\n<td align=\"left\" valign=\"top\">Internet:<\/td>\n<td align=\"left\" valign=\"top\">http:\/\/www.allgeier.com<\/td>\n<\/tr>\n<tr>\n<td align=\"left\" valign=\"top\">ISIN:<\/td>\n<td align=\"left\" valign=\"top\">DE000A2GS633<\/td>\n<\/tr>\n<tr>\n<td align=\"left\" valign=\"top\">WKN:<\/td>\n<td align=\"left\" valign=\"top\">A2GS63<\/td>\n<\/tr>\n<tr>\n<td align=\"left\" valign=\"top\">Indizes:<\/td>\n<td align=\"left\" valign=\"top\">CDAX<\/td>\n<\/tr>\n<tr>\n<td align=\"left\" valign=\"top\">B\u00f6rsen:<\/td>\n<td align=\"left\" valign=\"top\">Regulierter Markt in Frankfurt (General Standard); Freiverkehr in Berlin, D\u00fcsseldorf, Hamburg, Stuttgart, Tradegate Exchange<\/td>\n<\/tr>\n<tr>\n<td align=\"left\" valign=\"top\">EQS News ID:<\/td>\n<td align=\"left\" valign=\"top\">1334657<\/td>\n<\/tr>\n<\/table>\n<p><\/p>\n<table border=\"0\">\n<tr>\n<td align=\"left\" valign=\"top\" colspan=\"2\" \/>\n<\/tr>\n<\/table>\n<table border=\"0\">\n<tr>\n<td align=\"left\" valign=\"top\" colspan=\"2\">\u00a0<\/td>\n<\/tr>\n<tr>\n<td align=\"left\" valign=\"top\">Ende der Mitteilung<\/td>\n<td align=\"left\" valign=\"top\">DGAP News-Service<\/td>\n<\/tr>\n<\/table>\n<table border=\"0\">\n<tr>\n<td>\n<hr \/>\n<\/td>\n<\/tr>\n<\/table>\n<div>\n<p>1334657\u00a0\u00a025.04.2022\u00a0CET\/CEST<\/p>\n<\/div>\n","protected":false},"excerpt":{"rendered":"<p>ALLGEIER SE \/ Schlagwort(e): Jahresergebnis\/Dividende  Allgeier SE: Feststellung Jahresabschluss 2021 und Vorschlag einer Dividende von 0,50 Euro  25.04.2022 \/ 16:47 CET\/CEST  Ver\u00f6ffentlichung einer Insiderinformation nach Artikel 17 der Verordnung (EU) Nr. 596\/2014, \u00fcbermittelt durch DGAP &#8211; ein<\/p>\n","protected":false},"author":4,"featured_media":0,"parent":1155,"menu_order":0,"comment_status":"close","ping_status":"closed","template":"","meta":{"_acf_changed":false,"footnotes":""},"categories":[],"tags":[],"class_list":["post-6983","page","type-page","status-publish","hentry"],"acf":[],"yoast_head":"<!-- This site is optimized with the Yoast SEO plugin v27.4 - https:\/\/yoast.com\/product\/yoast-seo-wordpress\/ -->\n<title>Allgeier SE: Feststellung Jahresabschluss 2021 und Vorschlag einer Dividende von 0,50 Euro - Allgeier SE<\/title>\n<meta name=\"robots\" content=\"index, follow, max-snippet:-1, max-image-preview:large, max-video-preview:-1\" \/>\n<link rel=\"canonical\" href=\"https:\/\/www.allgeier.com\/de\/investor-relations\/adhoc-announcements\/allgeier-se-feststellung-jahresabschluss-2021-und-vorschlag-einer-dividende-von-050-euro-2\/\" \/>\n<meta property=\"og:locale\" content=\"de_DE\" \/>\n<meta property=\"og:type\" content=\"article\" \/>\n<meta property=\"og:title\" content=\"Allgeier SE: Feststellung Jahresabschluss 2021 und Vorschlag einer Dividende von 0,50 Euro - Allgeier SE\" \/>\n<meta property=\"og:description\" content=\"ALLGEIER SE \/ Schlagwort(e): Jahresergebnis\/Dividende Allgeier SE: Feststellung Jahresabschluss 2021 und Vorschlag einer Dividende von 0,50 Euro 25.04.2022 \/ 16:47 CET\/CEST Ver\u00f6ffentlichung einer Insiderinformation nach Artikel 17 der Verordnung (EU) Nr. 596\/2014, \u00fcbermittelt durch DGAP - ein\" \/>\n<meta property=\"og:url\" content=\"https:\/\/www.allgeier.com\/de\/investor-relations\/adhoc-announcements\/allgeier-se-feststellung-jahresabschluss-2021-und-vorschlag-einer-dividende-von-050-euro-2\/\" \/>\n<meta property=\"og:site_name\" content=\"Allgeier SE\" \/>\n<meta property=\"article:modified_time\" content=\"2025-07-23T10:27:08+00:00\" \/>\n<meta name=\"twitter:card\" content=\"summary_large_image\" \/>\n<meta name=\"twitter:label1\" content=\"Gesch\u00e4tzte Lesezeit\" \/>\n\t<meta name=\"twitter:data1\" content=\"5\u00a0Minuten\" \/>\n<script type=\"application\/ld+json\" class=\"yoast-schema-graph\">{\"@context\":\"https:\\\/\\\/schema.org\",\"@graph\":[{\"@type\":\"WebPage\",\"@id\":\"https:\\\/\\\/www.allgeier.com\\\/de\\\/investor-relations\\\/adhoc-announcements\\\/allgeier-se-feststellung-jahresabschluss-2021-und-vorschlag-einer-dividende-von-050-euro-2\\\/\",\"url\":\"https:\\\/\\\/www.allgeier.com\\\/de\\\/investor-relations\\\/adhoc-announcements\\\/allgeier-se-feststellung-jahresabschluss-2021-und-vorschlag-einer-dividende-von-050-euro-2\\\/\",\"name\":\"Allgeier SE: Feststellung Jahresabschluss 2021 und Vorschlag einer Dividende von 0,50 Euro - Allgeier SE\",\"isPartOf\":{\"@id\":\"https:\\\/\\\/www.allgeier.com\\\/de\\\/#website\"},\"datePublished\":\"2022-04-25T14:47:53+00:00\",\"dateModified\":\"2025-07-23T10:27:08+00:00\",\"breadcrumb\":{\"@id\":\"https:\\\/\\\/www.allgeier.com\\\/de\\\/investor-relations\\\/adhoc-announcements\\\/allgeier-se-feststellung-jahresabschluss-2021-und-vorschlag-einer-dividende-von-050-euro-2\\\/#breadcrumb\"},\"inLanguage\":\"de\",\"potentialAction\":[{\"@type\":\"ReadAction\",\"target\":[\"https:\\\/\\\/www.allgeier.com\\\/de\\\/investor-relations\\\/adhoc-announcements\\\/allgeier-se-feststellung-jahresabschluss-2021-und-vorschlag-einer-dividende-von-050-euro-2\\\/\"]}]},{\"@type\":\"BreadcrumbList\",\"@id\":\"https:\\\/\\\/www.allgeier.com\\\/de\\\/investor-relations\\\/adhoc-announcements\\\/allgeier-se-feststellung-jahresabschluss-2021-und-vorschlag-einer-dividende-von-050-euro-2\\\/#breadcrumb\",\"itemListElement\":[{\"@type\":\"ListItem\",\"position\":1,\"name\":\"Home\",\"item\":\"https:\\\/\\\/www.allgeier.com\\\/de\\\/\"},{\"@type\":\"ListItem\",\"position\":2,\"name\":\"Investor Relations\",\"item\":\"https:\\\/\\\/www.allgeier.com\\\/de\\\/investor-relations\\\/\"},{\"@type\":\"ListItem\",\"position\":3,\"name\":\"Ad hoc-Mitteilungen\",\"item\":\"https:\\\/\\\/www.allgeier.com\\\/de\\\/investor-relations\\\/adhoc-announcements\\\/\"},{\"@type\":\"ListItem\",\"position\":4,\"name\":\"Allgeier SE: Feststellung Jahresabschluss 2021 und Vorschlag einer Dividende von 0,50 Euro\"}]},{\"@type\":\"WebSite\",\"@id\":\"https:\\\/\\\/www.allgeier.com\\\/de\\\/#website\",\"url\":\"https:\\\/\\\/www.allgeier.com\\\/de\\\/\",\"name\":\"Allgeier SE\",\"description\":\"Software &amp; IT Services for digital transformation\",\"potentialAction\":[{\"@type\":\"SearchAction\",\"target\":{\"@type\":\"EntryPoint\",\"urlTemplate\":\"https:\\\/\\\/www.allgeier.com\\\/de\\\/?s={search_term_string}\"},\"query-input\":{\"@type\":\"PropertyValueSpecification\",\"valueRequired\":true,\"valueName\":\"search_term_string\"}}],\"inLanguage\":\"de\"}]}<\/script>\n<!-- \/ Yoast SEO plugin. -->","yoast_head_json":{"title":"Allgeier SE: Feststellung Jahresabschluss 2021 und Vorschlag einer Dividende von 0,50 Euro - Allgeier SE","robots":{"index":"index","follow":"follow","max-snippet":"max-snippet:-1","max-image-preview":"max-image-preview:large","max-video-preview":"max-video-preview:-1"},"canonical":"https:\/\/www.allgeier.com\/de\/investor-relations\/adhoc-announcements\/allgeier-se-feststellung-jahresabschluss-2021-und-vorschlag-einer-dividende-von-050-euro-2\/","og_locale":"de_DE","og_type":"article","og_title":"Allgeier SE: Feststellung Jahresabschluss 2021 und Vorschlag einer Dividende von 0,50 Euro - Allgeier SE","og_description":"ALLGEIER SE \/ Schlagwort(e): Jahresergebnis\/Dividende Allgeier SE: Feststellung Jahresabschluss 2021 und Vorschlag einer Dividende von 0,50 Euro 25.04.2022 \/ 16:47 CET\/CEST Ver\u00f6ffentlichung einer Insiderinformation nach Artikel 17 der Verordnung (EU) Nr. 596\/2014, \u00fcbermittelt durch DGAP - ein","og_url":"https:\/\/www.allgeier.com\/de\/investor-relations\/adhoc-announcements\/allgeier-se-feststellung-jahresabschluss-2021-und-vorschlag-einer-dividende-von-050-euro-2\/","og_site_name":"Allgeier SE","article_modified_time":"2025-07-23T10:27:08+00:00","twitter_card":"summary_large_image","twitter_misc":{"Gesch\u00e4tzte Lesezeit":"5\u00a0Minuten"},"schema":{"@context":"https:\/\/schema.org","@graph":[{"@type":"WebPage","@id":"https:\/\/www.allgeier.com\/de\/investor-relations\/adhoc-announcements\/allgeier-se-feststellung-jahresabschluss-2021-und-vorschlag-einer-dividende-von-050-euro-2\/","url":"https:\/\/www.allgeier.com\/de\/investor-relations\/adhoc-announcements\/allgeier-se-feststellung-jahresabschluss-2021-und-vorschlag-einer-dividende-von-050-euro-2\/","name":"Allgeier SE: Feststellung Jahresabschluss 2021 und Vorschlag einer Dividende von 0,50 Euro - Allgeier SE","isPartOf":{"@id":"https:\/\/www.allgeier.com\/de\/#website"},"datePublished":"2022-04-25T14:47:53+00:00","dateModified":"2025-07-23T10:27:08+00:00","breadcrumb":{"@id":"https:\/\/www.allgeier.com\/de\/investor-relations\/adhoc-announcements\/allgeier-se-feststellung-jahresabschluss-2021-und-vorschlag-einer-dividende-von-050-euro-2\/#breadcrumb"},"inLanguage":"de","potentialAction":[{"@type":"ReadAction","target":["https:\/\/www.allgeier.com\/de\/investor-relations\/adhoc-announcements\/allgeier-se-feststellung-jahresabschluss-2021-und-vorschlag-einer-dividende-von-050-euro-2\/"]}]},{"@type":"BreadcrumbList","@id":"https:\/\/www.allgeier.com\/de\/investor-relations\/adhoc-announcements\/allgeier-se-feststellung-jahresabschluss-2021-und-vorschlag-einer-dividende-von-050-euro-2\/#breadcrumb","itemListElement":[{"@type":"ListItem","position":1,"name":"Home","item":"https:\/\/www.allgeier.com\/de\/"},{"@type":"ListItem","position":2,"name":"Investor Relations","item":"https:\/\/www.allgeier.com\/de\/investor-relations\/"},{"@type":"ListItem","position":3,"name":"Ad hoc-Mitteilungen","item":"https:\/\/www.allgeier.com\/de\/investor-relations\/adhoc-announcements\/"},{"@type":"ListItem","position":4,"name":"Allgeier SE: Feststellung Jahresabschluss 2021 und Vorschlag einer Dividende von 0,50 Euro"}]},{"@type":"WebSite","@id":"https:\/\/www.allgeier.com\/de\/#website","url":"https:\/\/www.allgeier.com\/de\/","name":"Allgeier SE","description":"Software &amp; IT Services for digital transformation","potentialAction":[{"@type":"SearchAction","target":{"@type":"EntryPoint","urlTemplate":"https:\/\/www.allgeier.com\/de\/?s={search_term_string}"},"query-input":{"@type":"PropertyValueSpecification","valueRequired":true,"valueName":"search_term_string"}}],"inLanguage":"de"}]}},"_links":{"self":[{"href":"https:\/\/www.allgeier.com\/de\/wp-json\/wp\/v2\/pages\/6983","targetHints":{"allow":["GET"]}}],"collection":[{"href":"https:\/\/www.allgeier.com\/de\/wp-json\/wp\/v2\/pages"}],"about":[{"href":"https:\/\/www.allgeier.com\/de\/wp-json\/wp\/v2\/types\/page"}],"author":[{"embeddable":true,"href":"https:\/\/www.allgeier.com\/de\/wp-json\/wp\/v2\/users\/4"}],"replies":[{"embeddable":true,"href":"https:\/\/www.allgeier.com\/de\/wp-json\/wp\/v2\/comments?post=6983"}],"version-history":[{"count":1,"href":"https:\/\/www.allgeier.com\/de\/wp-json\/wp\/v2\/pages\/6983\/revisions"}],"predecessor-version":[{"id":6984,"href":"https:\/\/www.allgeier.com\/de\/wp-json\/wp\/v2\/pages\/6983\/revisions\/6984"}],"up":[{"embeddable":true,"href":"https:\/\/www.allgeier.com\/de\/wp-json\/wp\/v2\/pages\/1155"}],"wp:attachment":[{"href":"https:\/\/www.allgeier.com\/de\/wp-json\/wp\/v2\/media?parent=6983"}],"wp:term":[{"taxonomy":"category","embeddable":true,"href":"https:\/\/www.allgeier.com\/de\/wp-json\/wp\/v2\/categories?post=6983"},{"taxonomy":"post_tag","embeddable":true,"href":"https:\/\/www.allgeier.com\/de\/wp-json\/wp\/v2\/tags?post=6983"}],"curies":[{"name":"wp","href":"https:\/\/api.w.org\/{rel}","templated":true}]}}