{"id":6991,"date":"2022-05-25T11:20:18","date_gmt":"2022-05-25T11:20:18","guid":{"rendered":"https:\/\/www.allgeier.com\/de\/?page_id=6991"},"modified":"2025-07-23T10:27:11","modified_gmt":"2025-07-23T10:27:11","slug":"allgeier-se-platziert-schuldscheindarlehen-in-hoehe-von-60-mio-euro-2","status":"publish","type":"page","link":"https:\/\/www.allgeier.com\/de\/investor-relations\/adhoc-announcements\/allgeier-se-platziert-schuldscheindarlehen-in-hoehe-von-60-mio-euro-2\/","title":{"rendered":"Allgeier SE platziert Schuldscheindarlehen in H\u00f6he von 60 Mio. Euro"},"content":{"rendered":"<table border=\"0\">\n<tr>\n<td>\n<p>ALLGEIER SE \/ Schlagwort(e): Finanzierung<\/p>\n<p>Allgeier SE platziert Schuldscheindarlehen in H\u00f6he von 60 Mio. Euro <\/p>\n<p>25.05.2022 \/ 13:20 CET\/CEST<\/p>\n<p>Ver\u00f6ffentlichung einer Insiderinformation nach Artikel 17 der Verordnung (EU) Nr. 596\/2014, \u00fcbermittelt durch DGAP &#8211; ein Service der EQS Group AG.<\/p>\n<p>F\u00fcr den Inhalt der Mitteilung ist der Emittent \/ Herausgeber verantwortlich.<\/p>\n<hr \/>\n<div>\nM\u00fcnchen, 25.05.2022 \u2013 Allgeier SE (ISIN DE000A2GS633, WKN A2GS63) hat wie in der Ad-hoc-Mitteilung vom 12.04.2022 angek\u00fcndigt ein Schuldscheindarlehen in H\u00f6he von 60 Mio. Euro mit einer Laufzeit von 5 und 7 Jahren platziert. Die Platzierung erfolgte bei Investoren aus dem Kreis der Landesbanken, Sparkassen, F\u00f6rderbanken sowie Volks- und Raiffeisenbanken aus Deutschland und \u00d6sterreich. Mit dem Schuldscheindarlehen schafft Allgeier zus\u00e4tzlichen finanziellen Spielraum f\u00fcr weitere Akquisitionen und Investitionen. Die Transaktion wurde von den Arrangeuren finpair GmbH und der Landesbank Baden-W\u00fcrttemberg begleitet.<\/p>\n<p>Allgeier SE<br \/>\nCorporate Communications &amp; Investor Relations<br \/>\nDr. Christopher Gro\u00dfe<br \/>\nEinsteinstra\u00dfe 172<br \/>\n81677 M\u00fcnchen<br \/>\nTel.: +49 (0)89\/998421-0<br \/>\nFax: +49 (0)89\/998421-11<br \/>\nE-Mail: ir@allgeier.com<br \/>\nWeb: www.allgeier.com<\/p>\n<p>Allgeier SE ist eines der f\u00fchrenden Technologie-Unternehmen f\u00fcr digitale Transformation: Die stark wachsende Gruppe mit Hauptsitz in M\u00fcnchen f\u00fchrt ihre Kunden durch die Herausforderungen des digitalen Wandels, um deren zuk\u00fcnftigen Erfolg sicherzustellen. Allgeier verf\u00fcgt \u00fcber eine breite und stabile Kundenbasis aus global agierenden Konzernen, leistungsstarken mittelst\u00e4ndischen Unternehmen sowie Auftraggebern des \u00f6ffentlichen Sektors. Den \u00fcber 2.000 Kunden bietet Allgeier ein vollumf\u00e4ngliches IT- und Software-Services-Portfolio, das von High-End-Softwareentwicklung bis hin zu Business Efficiency Solutions zur Unterst\u00fctzung der Digitalisierung und Transformation gesch\u00e4ftskritischer Prozesse reicht. Allgeier erzielt dabei Durchbr\u00fcche hin zu neuen digitalen Gesch\u00e4ftsmodellen, definiert strategische Priorit\u00e4ten und realisiert mit hoher Flexibilit\u00e4t und Skalierbarkeit bahnbrechende Projekte, um agile und intelligente Organisationen f\u00fcr das digitale Zeitalter zu gestalten. In den beiden Konzernsegmenten Enterprise IT und mgm technology partners sind \u00fcber 2.900 angestellte Mitarbeiter und mehr als 700 freiberufliche Experten an weltweit insgesamt 42 Standorten in der DACH-Region, in Frankreich und der Tschechischen Republik sowie in Indien, Vietnam und den USA t\u00e4tig. Im Gesch\u00e4ftsjahr 2021 erzielte Allgeier im fortgef\u00fchrten Gesch\u00e4ft einen Umsatz von 403 Mio. Euro. Gem\u00e4\u00df L\u00fcnendonk\u00ae-Liste 2021 z\u00e4hlt Allgeier zu den f\u00fchrenden IT-Beratungs- und Systemintegrations-Unternehmen in Deutschland. Allgeier SE ist am Regulierten Markt der Frankfurter Wertpapierb\u00f6rse im General Standard gelistet (WKN A2GS63, ISIN DE000A2GS633). Weitere Informationen unter: www.allgeier.com<br \/>\n\u00a0\n<\/div>\n<hr \/>\n<p>\n25.05.2022 CET\/CEST Die DGAP Distributionsservices umfassen gesetzliche Meldepflichten, Corporate News\/Finanznachrichten und Pressemitteilungen.<br \/>Medienarchiv unter http:\/\/www.dgap.de<\/p>\n<hr \/>\n<\/td>\n<\/tr>\n<\/table>\n<table>\n<tr>\n<td align=\"left\" valign=\"top\">Sprache:<\/td>\n<td align=\"left\" valign=\"top\">Deutsch<\/td>\n<\/tr>\n<tr>\n<td align=\"left\" valign=\"top\">Unternehmen:<\/td>\n<td align=\"left\" valign=\"top\">ALLGEIER SE<\/td>\n<\/tr>\n<tr>\n<td align=\"left\" valign=\"top\" \/>\n<td align=\"left\" valign=\"top\">Einsteinstra\u00dfe 172<\/td>\n<\/tr>\n<tr>\n<td align=\"left\" valign=\"top\" \/>\n<td align=\"left\" valign=\"top\">81677 M\u00fcnchen<\/td>\n<\/tr>\n<tr>\n<td align=\"left\" valign=\"top\" \/>\n<td align=\"left\" valign=\"top\">Deutschland<\/td>\n<\/tr>\n<tr>\n<td align=\"left\" valign=\"top\">Telefon:<\/td>\n<td align=\"left\" valign=\"top\">+49 (0) 89 &#8211; 99 84 21 0<\/td>\n<\/tr>\n<tr>\n<td align=\"left\" valign=\"top\">Fax:<\/td>\n<td align=\"left\" valign=\"top\">+49 (0) 89 &#8211; 99 84 21 11<\/td>\n<\/tr>\n<tr>\n<td align=\"left\" valign=\"top\">E-Mail:<\/td>\n<td align=\"left\" valign=\"top\">info@allgeier.com<\/td>\n<\/tr>\n<tr>\n<td align=\"left\" valign=\"top\">Internet:<\/td>\n<td align=\"left\" valign=\"top\">http:\/\/www.allgeier.com<\/td>\n<\/tr>\n<tr>\n<td align=\"left\" valign=\"top\">ISIN:<\/td>\n<td align=\"left\" valign=\"top\">DE000A2GS633<\/td>\n<\/tr>\n<tr>\n<td align=\"left\" valign=\"top\">WKN:<\/td>\n<td align=\"left\" valign=\"top\">A2GS63<\/td>\n<\/tr>\n<tr>\n<td align=\"left\" valign=\"top\">Indizes:<\/td>\n<td align=\"left\" valign=\"top\">CDAX<\/td>\n<\/tr>\n<tr>\n<td align=\"left\" valign=\"top\">B\u00f6rsen:<\/td>\n<td align=\"left\" valign=\"top\">Regulierter Markt in Frankfurt (General Standard); Freiverkehr in Berlin, D\u00fcsseldorf, Hamburg, Stuttgart, Tradegate Exchange<\/td>\n<\/tr>\n<tr>\n<td align=\"left\" valign=\"top\">EQS News ID:<\/td>\n<td align=\"left\" valign=\"top\">1361333<\/td>\n<\/tr>\n<\/table>\n<p><\/p>\n<table border=\"0\">\n<tr>\n<td align=\"left\" valign=\"top\" colspan=\"2\" \/>\n<\/tr>\n<\/table>\n<table border=\"0\">\n<tr>\n<td align=\"left\" valign=\"top\" colspan=\"2\">\u00a0<\/td>\n<\/tr>\n<tr>\n<td align=\"left\" valign=\"top\">Ende der Mitteilung<\/td>\n<td align=\"left\" valign=\"top\">DGAP News-Service<\/td>\n<\/tr>\n<\/table>\n<table border=\"0\">\n<tr>\n<td>\n<hr \/>\n<\/td>\n<\/tr>\n<\/table>\n<div>\n<p>1361333\u00a0\u00a025.05.2022\u00a0CET\/CEST<\/p>\n<\/div>\n","protected":false},"excerpt":{"rendered":"<p>ALLGEIER SE \/ Schlagwort(e): Finanzierung  Allgeier SE platziert Schuldscheindarlehen in H\u00f6he von 60 Mio. Euro  25.05.2022 \/ 13:20 CET\/CEST  Ver\u00f6ffentlichung einer Insiderinformation nach Artikel 17 der Verordnung (EU) Nr. 596\/2014, \u00fcbermittelt durch DGAP &#8211; ein Service der EQS Group AG.  F\u00fcr den<\/p>\n","protected":false},"author":4,"featured_media":0,"parent":1155,"menu_order":0,"comment_status":"close","ping_status":"closed","template":"","meta":{"_acf_changed":false,"footnotes":""},"categories":[],"tags":[],"class_list":["post-6991","page","type-page","status-publish","hentry"],"acf":[],"yoast_head":"<!-- This site is optimized with the Yoast SEO plugin v27.4 - https:\/\/yoast.com\/product\/yoast-seo-wordpress\/ -->\n<title>Allgeier SE platziert Schuldscheindarlehen in H\u00f6he von 60 Mio. Euro - Allgeier SE<\/title>\n<meta name=\"robots\" content=\"index, follow, max-snippet:-1, max-image-preview:large, max-video-preview:-1\" \/>\n<link rel=\"canonical\" href=\"https:\/\/www.allgeier.com\/de\/investor-relations\/adhoc-announcements\/allgeier-se-platziert-schuldscheindarlehen-in-hoehe-von-60-mio-euro-2\/\" \/>\n<meta property=\"og:locale\" content=\"de_DE\" \/>\n<meta property=\"og:type\" content=\"article\" \/>\n<meta property=\"og:title\" content=\"Allgeier SE platziert Schuldscheindarlehen in H\u00f6he von 60 Mio. Euro - Allgeier SE\" \/>\n<meta property=\"og:description\" content=\"ALLGEIER SE \/ Schlagwort(e): Finanzierung Allgeier SE platziert Schuldscheindarlehen in H\u00f6he von 60 Mio. Euro 25.05.2022 \/ 13:20 CET\/CEST Ver\u00f6ffentlichung einer Insiderinformation nach Artikel 17 der Verordnung (EU) Nr. 596\/2014, \u00fcbermittelt durch DGAP - ein Service der EQS Group AG. F\u00fcr den\" \/>\n<meta property=\"og:url\" content=\"https:\/\/www.allgeier.com\/de\/investor-relations\/adhoc-announcements\/allgeier-se-platziert-schuldscheindarlehen-in-hoehe-von-60-mio-euro-2\/\" \/>\n<meta property=\"og:site_name\" content=\"Allgeier SE\" \/>\n<meta property=\"article:modified_time\" content=\"2025-07-23T10:27:11+00:00\" \/>\n<meta name=\"twitter:card\" content=\"summary_large_image\" \/>\n<meta name=\"twitter:label1\" content=\"Gesch\u00e4tzte Lesezeit\" \/>\n\t<meta name=\"twitter:data1\" content=\"2\u00a0Minuten\" \/>\n<script type=\"application\/ld+json\" class=\"yoast-schema-graph\">{\"@context\":\"https:\\\/\\\/schema.org\",\"@graph\":[{\"@type\":\"WebPage\",\"@id\":\"https:\\\/\\\/www.allgeier.com\\\/de\\\/investor-relations\\\/adhoc-announcements\\\/allgeier-se-platziert-schuldscheindarlehen-in-hoehe-von-60-mio-euro-2\\\/\",\"url\":\"https:\\\/\\\/www.allgeier.com\\\/de\\\/investor-relations\\\/adhoc-announcements\\\/allgeier-se-platziert-schuldscheindarlehen-in-hoehe-von-60-mio-euro-2\\\/\",\"name\":\"Allgeier SE platziert Schuldscheindarlehen in H\u00f6he von 60 Mio. Euro - Allgeier SE\",\"isPartOf\":{\"@id\":\"https:\\\/\\\/www.allgeier.com\\\/de\\\/#website\"},\"datePublished\":\"2022-05-25T11:20:18+00:00\",\"dateModified\":\"2025-07-23T10:27:11+00:00\",\"breadcrumb\":{\"@id\":\"https:\\\/\\\/www.allgeier.com\\\/de\\\/investor-relations\\\/adhoc-announcements\\\/allgeier-se-platziert-schuldscheindarlehen-in-hoehe-von-60-mio-euro-2\\\/#breadcrumb\"},\"inLanguage\":\"de\",\"potentialAction\":[{\"@type\":\"ReadAction\",\"target\":[\"https:\\\/\\\/www.allgeier.com\\\/de\\\/investor-relations\\\/adhoc-announcements\\\/allgeier-se-platziert-schuldscheindarlehen-in-hoehe-von-60-mio-euro-2\\\/\"]}]},{\"@type\":\"BreadcrumbList\",\"@id\":\"https:\\\/\\\/www.allgeier.com\\\/de\\\/investor-relations\\\/adhoc-announcements\\\/allgeier-se-platziert-schuldscheindarlehen-in-hoehe-von-60-mio-euro-2\\\/#breadcrumb\",\"itemListElement\":[{\"@type\":\"ListItem\",\"position\":1,\"name\":\"Home\",\"item\":\"https:\\\/\\\/www.allgeier.com\\\/de\\\/\"},{\"@type\":\"ListItem\",\"position\":2,\"name\":\"Investor Relations\",\"item\":\"https:\\\/\\\/www.allgeier.com\\\/de\\\/investor-relations\\\/\"},{\"@type\":\"ListItem\",\"position\":3,\"name\":\"Ad hoc-Mitteilungen\",\"item\":\"https:\\\/\\\/www.allgeier.com\\\/de\\\/investor-relations\\\/adhoc-announcements\\\/\"},{\"@type\":\"ListItem\",\"position\":4,\"name\":\"Allgeier SE platziert Schuldscheindarlehen in H\u00f6he von 60 Mio. Euro\"}]},{\"@type\":\"WebSite\",\"@id\":\"https:\\\/\\\/www.allgeier.com\\\/de\\\/#website\",\"url\":\"https:\\\/\\\/www.allgeier.com\\\/de\\\/\",\"name\":\"Allgeier SE\",\"description\":\"Software &amp; IT Services for digital transformation\",\"potentialAction\":[{\"@type\":\"SearchAction\",\"target\":{\"@type\":\"EntryPoint\",\"urlTemplate\":\"https:\\\/\\\/www.allgeier.com\\\/de\\\/?s={search_term_string}\"},\"query-input\":{\"@type\":\"PropertyValueSpecification\",\"valueRequired\":true,\"valueName\":\"search_term_string\"}}],\"inLanguage\":\"de\"}]}<\/script>\n<!-- \/ Yoast SEO plugin. -->","yoast_head_json":{"title":"Allgeier SE platziert Schuldscheindarlehen in H\u00f6he von 60 Mio. Euro - Allgeier SE","robots":{"index":"index","follow":"follow","max-snippet":"max-snippet:-1","max-image-preview":"max-image-preview:large","max-video-preview":"max-video-preview:-1"},"canonical":"https:\/\/www.allgeier.com\/de\/investor-relations\/adhoc-announcements\/allgeier-se-platziert-schuldscheindarlehen-in-hoehe-von-60-mio-euro-2\/","og_locale":"de_DE","og_type":"article","og_title":"Allgeier SE platziert Schuldscheindarlehen in H\u00f6he von 60 Mio. Euro - Allgeier SE","og_description":"ALLGEIER SE \/ Schlagwort(e): Finanzierung Allgeier SE platziert Schuldscheindarlehen in H\u00f6he von 60 Mio. Euro 25.05.2022 \/ 13:20 CET\/CEST Ver\u00f6ffentlichung einer Insiderinformation nach Artikel 17 der Verordnung (EU) Nr. 596\/2014, \u00fcbermittelt durch DGAP - ein Service der EQS Group AG. F\u00fcr den","og_url":"https:\/\/www.allgeier.com\/de\/investor-relations\/adhoc-announcements\/allgeier-se-platziert-schuldscheindarlehen-in-hoehe-von-60-mio-euro-2\/","og_site_name":"Allgeier SE","article_modified_time":"2025-07-23T10:27:11+00:00","twitter_card":"summary_large_image","twitter_misc":{"Gesch\u00e4tzte Lesezeit":"2\u00a0Minuten"},"schema":{"@context":"https:\/\/schema.org","@graph":[{"@type":"WebPage","@id":"https:\/\/www.allgeier.com\/de\/investor-relations\/adhoc-announcements\/allgeier-se-platziert-schuldscheindarlehen-in-hoehe-von-60-mio-euro-2\/","url":"https:\/\/www.allgeier.com\/de\/investor-relations\/adhoc-announcements\/allgeier-se-platziert-schuldscheindarlehen-in-hoehe-von-60-mio-euro-2\/","name":"Allgeier SE platziert Schuldscheindarlehen in H\u00f6he von 60 Mio. Euro - Allgeier SE","isPartOf":{"@id":"https:\/\/www.allgeier.com\/de\/#website"},"datePublished":"2022-05-25T11:20:18+00:00","dateModified":"2025-07-23T10:27:11+00:00","breadcrumb":{"@id":"https:\/\/www.allgeier.com\/de\/investor-relations\/adhoc-announcements\/allgeier-se-platziert-schuldscheindarlehen-in-hoehe-von-60-mio-euro-2\/#breadcrumb"},"inLanguage":"de","potentialAction":[{"@type":"ReadAction","target":["https:\/\/www.allgeier.com\/de\/investor-relations\/adhoc-announcements\/allgeier-se-platziert-schuldscheindarlehen-in-hoehe-von-60-mio-euro-2\/"]}]},{"@type":"BreadcrumbList","@id":"https:\/\/www.allgeier.com\/de\/investor-relations\/adhoc-announcements\/allgeier-se-platziert-schuldscheindarlehen-in-hoehe-von-60-mio-euro-2\/#breadcrumb","itemListElement":[{"@type":"ListItem","position":1,"name":"Home","item":"https:\/\/www.allgeier.com\/de\/"},{"@type":"ListItem","position":2,"name":"Investor Relations","item":"https:\/\/www.allgeier.com\/de\/investor-relations\/"},{"@type":"ListItem","position":3,"name":"Ad hoc-Mitteilungen","item":"https:\/\/www.allgeier.com\/de\/investor-relations\/adhoc-announcements\/"},{"@type":"ListItem","position":4,"name":"Allgeier SE platziert Schuldscheindarlehen in H\u00f6he von 60 Mio. Euro"}]},{"@type":"WebSite","@id":"https:\/\/www.allgeier.com\/de\/#website","url":"https:\/\/www.allgeier.com\/de\/","name":"Allgeier SE","description":"Software &amp; IT Services for digital transformation","potentialAction":[{"@type":"SearchAction","target":{"@type":"EntryPoint","urlTemplate":"https:\/\/www.allgeier.com\/de\/?s={search_term_string}"},"query-input":{"@type":"PropertyValueSpecification","valueRequired":true,"valueName":"search_term_string"}}],"inLanguage":"de"}]}},"_links":{"self":[{"href":"https:\/\/www.allgeier.com\/de\/wp-json\/wp\/v2\/pages\/6991","targetHints":{"allow":["GET"]}}],"collection":[{"href":"https:\/\/www.allgeier.com\/de\/wp-json\/wp\/v2\/pages"}],"about":[{"href":"https:\/\/www.allgeier.com\/de\/wp-json\/wp\/v2\/types\/page"}],"author":[{"embeddable":true,"href":"https:\/\/www.allgeier.com\/de\/wp-json\/wp\/v2\/users\/4"}],"replies":[{"embeddable":true,"href":"https:\/\/www.allgeier.com\/de\/wp-json\/wp\/v2\/comments?post=6991"}],"version-history":[{"count":1,"href":"https:\/\/www.allgeier.com\/de\/wp-json\/wp\/v2\/pages\/6991\/revisions"}],"predecessor-version":[{"id":6992,"href":"https:\/\/www.allgeier.com\/de\/wp-json\/wp\/v2\/pages\/6991\/revisions\/6992"}],"up":[{"embeddable":true,"href":"https:\/\/www.allgeier.com\/de\/wp-json\/wp\/v2\/pages\/1155"}],"wp:attachment":[{"href":"https:\/\/www.allgeier.com\/de\/wp-json\/wp\/v2\/media?parent=6991"}],"wp:term":[{"taxonomy":"category","embeddable":true,"href":"https:\/\/www.allgeier.com\/de\/wp-json\/wp\/v2\/categories?post=6991"},{"taxonomy":"post_tag","embeddable":true,"href":"https:\/\/www.allgeier.com\/de\/wp-json\/wp\/v2\/tags?post=6991"}],"curies":[{"name":"wp","href":"https:\/\/api.w.org\/{rel}","templated":true}]}}