{"id":7041,"date":"2024-08-06T08:32:50","date_gmt":"2024-08-06T08:32:50","guid":{"rendered":"https:\/\/www.allgeier.com\/de\/?page_id=7041"},"modified":"2025-07-23T10:27:32","modified_gmt":"2025-07-23T10:27:32","slug":"allgeier-se-geschaeftsverlauf-im-ersten-halbjahr-2024-unterliegt-sondereinfluss-durch-ozg-aenderungsgesetz-spuerbare-verbesserung-fuer-das-zweite-halbjahr-erwartet-2","status":"publish","type":"page","link":"https:\/\/www.allgeier.com\/de\/investor-relations\/adhoc-announcements\/allgeier-se-geschaeftsverlauf-im-ersten-halbjahr-2024-unterliegt-sondereinfluss-durch-ozg-aenderungsgesetz-spuerbare-verbesserung-fuer-das-zweite-halbjahr-erwartet-2\/","title":{"rendered":"Allgeier SE: Gesch\u00e4ftsverlauf im ersten Halbjahr 2024 unterliegt Sondereinfluss durch OZG-\u00c4nderungsgesetz; sp\u00fcrbare Verbesserung f\u00fcr das zweite Halbjahr erwartet"},"content":{"rendered":"<table border=\"0\">\n<tr>\n<td>\n<p>ALLGEIER SE \/ Schlagwort(e): Vorl\u00e4ufiges Ergebnis\/Halbjahresergebnis<\/p>\n<p>Allgeier SE: Gesch\u00e4ftsverlauf im ersten Halbjahr 2024 unterliegt Sondereinfluss durch OZG-\u00c4nderungsgesetz; sp\u00fcrbare Verbesserung f\u00fcr das zweite Halbjahr erwartet <\/p>\n<p>06.08.2024 \/ 10:32 CET\/CEST<\/p>\n<p>Ver\u00f6ffentlichung einer Insiderinformation nach Artikel 17 der Verordnung (EU) Nr. 596\/2014, \u00fcbermittelt durch EQS News &#8211; ein Service der EQS Group AG.<\/p>\n<p>F\u00fcr den Inhalt der Mitteilung ist der Emittent \/ Herausgeber verantwortlich.<\/p>\n<hr \/>\n<div>\n<p><i>M\u00fcnchen, 06.08.2024<\/i> \u2013 Die Umsatz- und Ergebnisentwicklung der Allgeier SE (ISIN DE000A2GS633, WKN A2GS63) ist im ersten Halbjahr 2024 durch eine politisch verursachte Sondersituation im Bereich der \u00f6ffentlichen Auftraggeber beeinflusst. Die Novellierung des Onlinezugangsgesetzes (OZG), dem zentralen Gesetz f\u00fcr die Digitalisierung der \u00f6ffentlichen Verwaltungen, wurde \u2013 nach der Verabschiedung durch den Bundestag im Februar \u2013 unerwartet im Bundesrat blockiert. Dies f\u00fchrte dazu, dass eine Vielzahl von bereits im Budget vorgesehenen und in der Personalplanung ber\u00fccksichtigten Digitalisierungsprojekten auf Bundes- und L\u00e4nderebene im ersten Halbjahr verz\u00f6gert wurde und nicht wie geplant starten konnte. Unseren Gruppenunternehmen, vor allem mgm technology partners und publicplan, ist dadurch im ersten Halbjahr 2024, insbesondere im zweiten Quartal, in Bezug auf bereits gewonnene Projekte ein Umsatz von ca. 10 Mio. Euro entgangen. Die Folge war eine vor\u00fcbergehend niedrige Auslastung in den betroffenen Unternehmensbereichen. Dies bedeutete eine Belastung des EBITDA im ersten Halbjahr in der Gr\u00f6\u00dfenordnung von 4-5 Mio. Euro.<\/p>\n<p>Der Umsatz im ersten Halbjahr 2024 betrug im Konzern in Summe 225 Mio. Euro statt der urspr\u00fcnglich geplanten \u00fcber 240 Mio. Euro. Das bereinigte EBITDA lag mit 23 Mio. Euro um etwa 2 Mio. Euro unter dem geplanten Niveau. Bei einer zus\u00e4tzlichen Bereinigung der Sondersituation aufgrund des versp\u00e4teten Inkrafttretens des OZG-\u00c4nderungsgesetzes h\u00e4tte das bereinigte EBITDA im ersten Halbjahr bei \u00fcber 27 Mio. Euro und damit \u00fcber dem geplanten Ergebnis gelegen. Im ersten Halbjahr 2023 hatte das bereinigte EBITDA bei 24 Mio. Euro gelegen.<\/p>\n<p>Im Laufe des Juni 2024 konnte zwischen Bund und L\u00e4ndern eine Einigung gefunden werden und das OZG-\u00c4nderungsgesetz ist am 24. Juli 2024 in Kraft getreten. Daher wird sich die Situation im Laufe des dritten Quartals sukzessive aufl\u00f6sen und f\u00fcr das zweite Halbjahr h\u00f6here Ums\u00e4tze in den bereits budgetierten Projekten erm\u00f6glichen. Die Umsatzbelastung aus der Sondersituation wird sich im zweiten Halbjahr noch einmal auf die Gr\u00f6\u00dfenordnung von 10 Mio. Euro belaufen. Die entsprechende Ergebnisbelastung wird aufgrund der steigenden Auslastung im zweiten Halbjahr nur noch ca. 2 Mio. Euro betragen. In Summe verschiebt sich damit Gesch\u00e4ft aus den gewonnenen Projekten aus dem Jahr 2024 bis ins Jahr 2025 hinein. Dies verbessert die Aussichten f\u00fcr 2025 und die folgenden Jahre, in denen ein enormer Nachholbedarf im Bereich der Digitalisierung der \u00f6ffentlichen Verwaltungen abgearbeitet werden muss. Aus diesem Grund haben wir im ersten Halbjahr 2024 unsere Kapazit\u00e4ten trotz der zeitweilig niedrigen Auslastung nicht nennenswert reduziert und werden diese ab sofort weiter deutlich ausbauen. In Feldern wie der Entwicklung von Digitalisierungsl\u00f6sungen auf der Basis von Open-Source-Software erwarten wir eine stark wachsende Nachfrage.<\/p>\n<p>F\u00fcr das zweite Halbjahr 2024 erwarten wir eine sp\u00fcrbare Verbesserung der Nachfragesituation, vor allem im Bereich der \u00f6ffentlichen Auftraggeber. Der Umsatz des zweiten Halbjahres wird zwischen 250 und 260 Mio. Euro erwartet. Das bereinigte EBITDA f\u00fcr das zweite Halbjahr wird aufgrund der deutlich verbesserten Auslastung in der Gr\u00f6\u00dfenordnung um die 40 Mio. Euro erwartet. Dabei sind ca. 2 Mio. Euro Belastung aus der Sondersituation der versp\u00e4tet beginnenden OZG-Projekte einkalkuliert. Ohne diese Sonderbelastung w\u00e4re der Umsatz auch im zweiten Halbjahr um ca. 10 Mio. Euro h\u00f6her und die Erwartung in Bezug auf das bereinigte EBITDA l\u00e4ge bei \u00fcber 41 Mio. Euro. Im zweiten Halbjahr 2023 hatte das bereinigte EBITDA bei 37 Mio. Euro gelegen.<\/p>\n<p>F\u00fcr das Gesamtjahr 2024 bedeutet das einen Konzernumsatz zwischen 475 und 480 Mio. Euro und ein bereinigtes EBITDA in der Gr\u00f6\u00dfenordnung von 63 Mio. Euro, was einer operativen Ergebnismarge von knapp 13 Prozent entspricht. Ohne die Sonderbelastung aus dem versp\u00e4teten OZG-\u00c4nderungsgesetz w\u00fcrde das erwartete bereinigte EBITDA bei \u00fcber 69 Mio. Euro liegen.<\/p>\n<p>F\u00fcr das au\u00dferordentliche Ergebnis des Gesamtjahres 2024 wird in Summe ein positiver Betrag von ca. 5 Mio. Euro erwartet. Der erwartete Betrag enth\u00e4lt neben au\u00dferordentlichen Aufwendungen f\u00fcr Strukturma\u00dfnahmen und Kostenreduzierungen einen positiven Ergebnisbeitrag aus der Neuvereinbarung einer Earn-Out-Regelung f\u00fcr die Tochtergesellschaft evora. Dort hat das Ausscheiden von zwei der vier Gr\u00fcnder als Minderheitsgesellschafter und die \u00dcbernahme der Minderheitenanteile durch die beiden das Unternehmen f\u00fchrenden Gr\u00fcnder im dritten Quartal 2024 zum Abschluss einer angepassten Gesellschaftervereinbarung und einer angepassten Earn-Out-Regelung gef\u00fchrt. Damit wird das berichtete EBITDA des Konzerns f\u00fcr das Gesch\u00e4ftsjahr 2024 in einer Gr\u00f6\u00dfenordnung von 68 Mio. Euro erwartet (Vorjahr: 58 Mio. Euro).<\/p>\n<p>Die Gesch\u00e4ftszahlen des ersten Halbjahres 2024 werden im Einzelnen im Halbjahresfinanzbericht f\u00fcr den Allgeier-Konzern dargestellt, der am 15. August 2024 ver\u00f6ffentlicht wird.<\/p>\n<p>\nKontakt:<\/p>\n<p>Allgeier SE<br \/>\nCorporate Communications &amp; Investor Relations<br \/>\nDr. Christopher Gro\u00dfe<br \/>\nEinsteinstra\u00dfe 172<br \/>\n81677 M\u00fcnchen<br \/>\nTel.: +49 (0)89\/998421-0<br \/>\nFax: +49 (0)89\/998421-11<br \/>\nE-Mail:\u00a0<a href=\"mailto:ir@allgeier.com\">ir@allgeier.com<\/a><br \/>\nWeb:\u00a0<a href=\"https:\/\/eqs-cockpit.com\/cgi-bin\/fncls.ssp?fn=redirect&amp;url=fba671096fad4fab9ee591bdc0d038d4&amp;application_id=1961899&amp;site_id=airport_aws&amp;application_name=news\">www.allgeier.com<\/a><\/p>\n<p>\nAllgeier SE ist ein Technologie-Unternehmen f\u00fcr digitale Transformation. Die zur Allgeier-Gruppe geh\u00f6renden Unternehmen f\u00fchren ihre Kunden im In- und Ausland mit den umfassenden Software- und IT-Services durch die Herausforderungen des digitalen Wandels und unterst\u00fctzen die Digitalisierung und Transformation gesch\u00e4ftskritischer Prozesse. Die mit \u00fcber 2.000 Kunden breite und stabile Kundenbasis besteht aus global agierenden Konzernen, leistungsstarken mittelst\u00e4ndischen Unternehmen sowie Auftraggebern des \u00f6ffentlichen Sektors auf allen f\u00f6deralen Ebenen. Das Leistungsportfolio reicht von den eigenen Software-Produkten und High-End-Softwareentwicklung \u00fcber die Beratung und Konzeption bis hin zur langfristigen Betreuung von Softwareanwendungen in der Cloud oder anderen Umgebungen. In den beiden Konzernsegmenten Enterprise IT und mgm technology partners sind \u00fcber 3.500 Mitarbeiter an weltweit insgesamt 46 Standorten in der DACH-Region, in Frankreich, Spanien, Portugal, Polen und Tschechien sowie in Indien, Vietnam und den USA t\u00e4tig. Im Gesch\u00e4ftsjahr 2023 erzielte Allgeier im fortgef\u00fchrten Gesch\u00e4ft einen Umsatz von 488 Mio. Euro. Gem\u00e4\u00df L\u00fcnendonk\u00ae-Liste 2024 z\u00e4hlt Allgeier zu den f\u00fchrenden IT-Service-Unternehmen in Deutschland. Allgeier SE ist am Regulierten Markt der Frankfurter Wertpapierb\u00f6rse im General Standard gelistet (WKN A2GS63, ISIN DE000A2GS633). Weitere Informationen unter: <a href=\"https:\/\/eqs-cockpit.com\/cgi-bin\/fncls.ssp?fn=redirect&amp;url=fba671096fad4fab9ee591bdc0d038d4&amp;application_id=1961899&amp;site_id=airport_aws&amp;application_name=news\">www.allgeier.com<\/a><\/p>\n<\/div>\n<p>Ende der Insiderinformation<\/p>\n<hr \/>\n<p>\n06.08.2024 CET\/CEST Die EQS Distributionsservices umfassen gesetzliche Meldepflichten, Corporate News\/Finanznachrichten und Pressemitteilungen.<br \/>Medienarchiv unter https:\/\/eqs-news.com<\/p>\n<hr \/>\n<\/td>\n<\/tr>\n<\/table>\n<table>\n<tr>\n<td align=\"left\" valign=\"top\">Sprache:<\/td>\n<td align=\"left\" valign=\"top\">Deutsch<\/td>\n<\/tr>\n<tr>\n<td align=\"left\" valign=\"top\">Unternehmen:<\/td>\n<td align=\"left\" valign=\"top\">ALLGEIER SE<\/td>\n<\/tr>\n<tr>\n<td align=\"left\" valign=\"top\" \/>\n<td align=\"left\" valign=\"top\">Einsteinstra\u00dfe 172<\/td>\n<\/tr>\n<tr>\n<td align=\"left\" valign=\"top\" \/>\n<td align=\"left\" valign=\"top\">81677 M\u00fcnchen<\/td>\n<\/tr>\n<tr>\n<td align=\"left\" valign=\"top\" \/>\n<td align=\"left\" valign=\"top\">Deutschland<\/td>\n<\/tr>\n<tr>\n<td align=\"left\" valign=\"top\">Telefon:<\/td>\n<td align=\"left\" valign=\"top\">+49 (0) 89 &#8211; 99 84 21 0<\/td>\n<\/tr>\n<tr>\n<td align=\"left\" valign=\"top\">Fax:<\/td>\n<td align=\"left\" valign=\"top\">+49 (0) 89 &#8211; 99 84 21 11<\/td>\n<\/tr>\n<tr>\n<td align=\"left\" valign=\"top\">E-Mail:<\/td>\n<td align=\"left\" valign=\"top\">info@allgeier.com<\/td>\n<\/tr>\n<tr>\n<td align=\"left\" valign=\"top\">Internet:<\/td>\n<td align=\"left\" valign=\"top\">http:\/\/www.allgeier.com<\/td>\n<\/tr>\n<tr>\n<td align=\"left\" valign=\"top\">ISIN:<\/td>\n<td align=\"left\" valign=\"top\">DE000A2GS633<\/td>\n<\/tr>\n<tr>\n<td align=\"left\" valign=\"top\">WKN:<\/td>\n<td align=\"left\" valign=\"top\">A2GS63<\/td>\n<\/tr>\n<tr>\n<td align=\"left\" valign=\"top\">Indizes:<\/td>\n<td align=\"left\" valign=\"top\">CDAX<\/td>\n<\/tr>\n<tr>\n<td align=\"left\" valign=\"top\">B\u00f6rsen:<\/td>\n<td align=\"left\" valign=\"top\">Regulierter Markt in Frankfurt (General Standard); Freiverkehr in Berlin, D\u00fcsseldorf, Hamburg, Stuttgart, Tradegate Exchange<\/td>\n<\/tr>\n<tr>\n<td align=\"left\" valign=\"top\">EQS News ID:<\/td>\n<td align=\"left\" valign=\"top\">1961899<\/td>\n<\/tr>\n<\/table>\n<p><\/p>\n<table border=\"0\">\n<tr>\n<td align=\"left\" valign=\"top\" colspan=\"2\" \/>\n<\/tr>\n<\/table>\n<table border=\"0\">\n<tr>\n<td align=\"left\" valign=\"top\" colspan=\"2\">\u00a0<\/td>\n<\/tr>\n<tr>\n<td align=\"left\" valign=\"top\">Ende der Mitteilung<\/td>\n<td align=\"left\" valign=\"top\">EQS News-Service<\/td>\n<\/tr>\n<\/table>\n<table border=\"0\">\n<tr>\n<td>\n<hr \/>\n<\/td>\n<\/tr>\n<\/table>\n<div>\n<p>1961899\u00a0\u00a006.08.2024\u00a0CET\/CEST<\/p>\n<\/div>\n","protected":false},"excerpt":{"rendered":"<p>ALLGEIER SE \/ Schlagwort(e): Vorl\u00e4ufiges Ergebnis\/Halbjahresergebnis  Allgeier SE: Gesch\u00e4ftsverlauf im ersten Halbjahr 2024 unterliegt Sondereinfluss durch OZG-\u00c4nderungsgesetz; sp\u00fcrbare Verbesserung f\u00fcr das zweite Halbjahr erwartet  06.08.2024 \/ 10:32 CET\/CEST  Ver\u00f6ffentlichung einer Insiderinformation<\/p>\n","protected":false},"author":4,"featured_media":0,"parent":1155,"menu_order":0,"comment_status":"close","ping_status":"closed","template":"","meta":{"_acf_changed":false,"footnotes":""},"categories":[],"tags":[],"class_list":["post-7041","page","type-page","status-publish","hentry"],"acf":[],"yoast_head":"<!-- This site is optimized with the Yoast SEO plugin v27.4 - https:\/\/yoast.com\/product\/yoast-seo-wordpress\/ -->\n<title>Allgeier SE: Gesch\u00e4ftsverlauf im ersten Halbjahr 2024 unterliegt Sondereinfluss durch OZG-\u00c4nderungsgesetz; sp\u00fcrbare Verbesserung f\u00fcr das zweite Halbjahr erwartet - Allgeier SE<\/title>\n<meta name=\"robots\" content=\"index, follow, max-snippet:-1, max-image-preview:large, max-video-preview:-1\" \/>\n<link rel=\"canonical\" href=\"https:\/\/www.allgeier.com\/de\/investor-relations\/adhoc-announcements\/allgeier-se-geschaeftsverlauf-im-ersten-halbjahr-2024-unterliegt-sondereinfluss-durch-ozg-aenderungsgesetz-spuerbare-verbesserung-fuer-das-zweite-halbjahr-erwartet-2\/\" \/>\n<meta property=\"og:locale\" content=\"de_DE\" \/>\n<meta property=\"og:type\" content=\"article\" \/>\n<meta property=\"og:title\" content=\"Allgeier SE: Gesch\u00e4ftsverlauf im ersten Halbjahr 2024 unterliegt Sondereinfluss durch OZG-\u00c4nderungsgesetz; sp\u00fcrbare Verbesserung f\u00fcr das zweite Halbjahr erwartet - Allgeier SE\" \/>\n<meta property=\"og:description\" content=\"ALLGEIER SE \/ Schlagwort(e): Vorl\u00e4ufiges Ergebnis\/Halbjahresergebnis Allgeier SE: Gesch\u00e4ftsverlauf im ersten Halbjahr 2024 unterliegt Sondereinfluss durch OZG-\u00c4nderungsgesetz; sp\u00fcrbare Verbesserung f\u00fcr das zweite Halbjahr erwartet 06.08.2024 \/ 10:32 CET\/CEST Ver\u00f6ffentlichung einer Insiderinformation\" \/>\n<meta property=\"og:url\" content=\"https:\/\/www.allgeier.com\/de\/investor-relations\/adhoc-announcements\/allgeier-se-geschaeftsverlauf-im-ersten-halbjahr-2024-unterliegt-sondereinfluss-durch-ozg-aenderungsgesetz-spuerbare-verbesserung-fuer-das-zweite-halbjahr-erwartet-2\/\" \/>\n<meta property=\"og:site_name\" content=\"Allgeier SE\" \/>\n<meta property=\"article:modified_time\" content=\"2025-07-23T10:27:32+00:00\" \/>\n<meta name=\"twitter:card\" content=\"summary_large_image\" \/>\n<meta name=\"twitter:label1\" content=\"Gesch\u00e4tzte Lesezeit\" \/>\n\t<meta name=\"twitter:data1\" content=\"5\u00a0Minuten\" \/>\n<script type=\"application\/ld+json\" class=\"yoast-schema-graph\">{\"@context\":\"https:\\\/\\\/schema.org\",\"@graph\":[{\"@type\":\"WebPage\",\"@id\":\"https:\\\/\\\/www.allgeier.com\\\/de\\\/investor-relations\\\/adhoc-announcements\\\/allgeier-se-geschaeftsverlauf-im-ersten-halbjahr-2024-unterliegt-sondereinfluss-durch-ozg-aenderungsgesetz-spuerbare-verbesserung-fuer-das-zweite-halbjahr-erwartet-2\\\/\",\"url\":\"https:\\\/\\\/www.allgeier.com\\\/de\\\/investor-relations\\\/adhoc-announcements\\\/allgeier-se-geschaeftsverlauf-im-ersten-halbjahr-2024-unterliegt-sondereinfluss-durch-ozg-aenderungsgesetz-spuerbare-verbesserung-fuer-das-zweite-halbjahr-erwartet-2\\\/\",\"name\":\"Allgeier SE: Gesch\u00e4ftsverlauf im ersten Halbjahr 2024 unterliegt Sondereinfluss durch OZG-\u00c4nderungsgesetz; sp\u00fcrbare Verbesserung f\u00fcr das zweite Halbjahr erwartet - Allgeier SE\",\"isPartOf\":{\"@id\":\"https:\\\/\\\/www.allgeier.com\\\/de\\\/#website\"},\"datePublished\":\"2024-08-06T08:32:50+00:00\",\"dateModified\":\"2025-07-23T10:27:32+00:00\",\"breadcrumb\":{\"@id\":\"https:\\\/\\\/www.allgeier.com\\\/de\\\/investor-relations\\\/adhoc-announcements\\\/allgeier-se-geschaeftsverlauf-im-ersten-halbjahr-2024-unterliegt-sondereinfluss-durch-ozg-aenderungsgesetz-spuerbare-verbesserung-fuer-das-zweite-halbjahr-erwartet-2\\\/#breadcrumb\"},\"inLanguage\":\"de\",\"potentialAction\":[{\"@type\":\"ReadAction\",\"target\":[\"https:\\\/\\\/www.allgeier.com\\\/de\\\/investor-relations\\\/adhoc-announcements\\\/allgeier-se-geschaeftsverlauf-im-ersten-halbjahr-2024-unterliegt-sondereinfluss-durch-ozg-aenderungsgesetz-spuerbare-verbesserung-fuer-das-zweite-halbjahr-erwartet-2\\\/\"]}]},{\"@type\":\"BreadcrumbList\",\"@id\":\"https:\\\/\\\/www.allgeier.com\\\/de\\\/investor-relations\\\/adhoc-announcements\\\/allgeier-se-geschaeftsverlauf-im-ersten-halbjahr-2024-unterliegt-sondereinfluss-durch-ozg-aenderungsgesetz-spuerbare-verbesserung-fuer-das-zweite-halbjahr-erwartet-2\\\/#breadcrumb\",\"itemListElement\":[{\"@type\":\"ListItem\",\"position\":1,\"name\":\"Home\",\"item\":\"https:\\\/\\\/www.allgeier.com\\\/de\\\/\"},{\"@type\":\"ListItem\",\"position\":2,\"name\":\"Investor Relations\",\"item\":\"https:\\\/\\\/www.allgeier.com\\\/de\\\/investor-relations\\\/\"},{\"@type\":\"ListItem\",\"position\":3,\"name\":\"Ad hoc-Mitteilungen\",\"item\":\"https:\\\/\\\/www.allgeier.com\\\/de\\\/investor-relations\\\/adhoc-announcements\\\/\"},{\"@type\":\"ListItem\",\"position\":4,\"name\":\"Allgeier SE: Gesch\u00e4ftsverlauf im ersten Halbjahr 2024 unterliegt Sondereinfluss durch OZG-\u00c4nderungsgesetz; sp\u00fcrbare Verbesserung f\u00fcr das zweite Halbjahr erwartet\"}]},{\"@type\":\"WebSite\",\"@id\":\"https:\\\/\\\/www.allgeier.com\\\/de\\\/#website\",\"url\":\"https:\\\/\\\/www.allgeier.com\\\/de\\\/\",\"name\":\"Allgeier SE\",\"description\":\"Software &amp; IT Services for digital transformation\",\"potentialAction\":[{\"@type\":\"SearchAction\",\"target\":{\"@type\":\"EntryPoint\",\"urlTemplate\":\"https:\\\/\\\/www.allgeier.com\\\/de\\\/?s={search_term_string}\"},\"query-input\":{\"@type\":\"PropertyValueSpecification\",\"valueRequired\":true,\"valueName\":\"search_term_string\"}}],\"inLanguage\":\"de\"}]}<\/script>\n<!-- \/ Yoast SEO plugin. -->","yoast_head_json":{"title":"Allgeier SE: Gesch\u00e4ftsverlauf im ersten Halbjahr 2024 unterliegt Sondereinfluss durch OZG-\u00c4nderungsgesetz; sp\u00fcrbare Verbesserung f\u00fcr das zweite Halbjahr erwartet - Allgeier SE","robots":{"index":"index","follow":"follow","max-snippet":"max-snippet:-1","max-image-preview":"max-image-preview:large","max-video-preview":"max-video-preview:-1"},"canonical":"https:\/\/www.allgeier.com\/de\/investor-relations\/adhoc-announcements\/allgeier-se-geschaeftsverlauf-im-ersten-halbjahr-2024-unterliegt-sondereinfluss-durch-ozg-aenderungsgesetz-spuerbare-verbesserung-fuer-das-zweite-halbjahr-erwartet-2\/","og_locale":"de_DE","og_type":"article","og_title":"Allgeier SE: Gesch\u00e4ftsverlauf im ersten Halbjahr 2024 unterliegt Sondereinfluss durch OZG-\u00c4nderungsgesetz; sp\u00fcrbare Verbesserung f\u00fcr das zweite Halbjahr erwartet - Allgeier SE","og_description":"ALLGEIER SE \/ Schlagwort(e): Vorl\u00e4ufiges Ergebnis\/Halbjahresergebnis Allgeier SE: Gesch\u00e4ftsverlauf im ersten Halbjahr 2024 unterliegt Sondereinfluss durch OZG-\u00c4nderungsgesetz; sp\u00fcrbare Verbesserung f\u00fcr das zweite Halbjahr erwartet 06.08.2024 \/ 10:32 CET\/CEST Ver\u00f6ffentlichung einer Insiderinformation","og_url":"https:\/\/www.allgeier.com\/de\/investor-relations\/adhoc-announcements\/allgeier-se-geschaeftsverlauf-im-ersten-halbjahr-2024-unterliegt-sondereinfluss-durch-ozg-aenderungsgesetz-spuerbare-verbesserung-fuer-das-zweite-halbjahr-erwartet-2\/","og_site_name":"Allgeier SE","article_modified_time":"2025-07-23T10:27:32+00:00","twitter_card":"summary_large_image","twitter_misc":{"Gesch\u00e4tzte Lesezeit":"5\u00a0Minuten"},"schema":{"@context":"https:\/\/schema.org","@graph":[{"@type":"WebPage","@id":"https:\/\/www.allgeier.com\/de\/investor-relations\/adhoc-announcements\/allgeier-se-geschaeftsverlauf-im-ersten-halbjahr-2024-unterliegt-sondereinfluss-durch-ozg-aenderungsgesetz-spuerbare-verbesserung-fuer-das-zweite-halbjahr-erwartet-2\/","url":"https:\/\/www.allgeier.com\/de\/investor-relations\/adhoc-announcements\/allgeier-se-geschaeftsverlauf-im-ersten-halbjahr-2024-unterliegt-sondereinfluss-durch-ozg-aenderungsgesetz-spuerbare-verbesserung-fuer-das-zweite-halbjahr-erwartet-2\/","name":"Allgeier SE: Gesch\u00e4ftsverlauf im ersten Halbjahr 2024 unterliegt Sondereinfluss durch OZG-\u00c4nderungsgesetz; sp\u00fcrbare Verbesserung f\u00fcr das zweite Halbjahr erwartet - Allgeier SE","isPartOf":{"@id":"https:\/\/www.allgeier.com\/de\/#website"},"datePublished":"2024-08-06T08:32:50+00:00","dateModified":"2025-07-23T10:27:32+00:00","breadcrumb":{"@id":"https:\/\/www.allgeier.com\/de\/investor-relations\/adhoc-announcements\/allgeier-se-geschaeftsverlauf-im-ersten-halbjahr-2024-unterliegt-sondereinfluss-durch-ozg-aenderungsgesetz-spuerbare-verbesserung-fuer-das-zweite-halbjahr-erwartet-2\/#breadcrumb"},"inLanguage":"de","potentialAction":[{"@type":"ReadAction","target":["https:\/\/www.allgeier.com\/de\/investor-relations\/adhoc-announcements\/allgeier-se-geschaeftsverlauf-im-ersten-halbjahr-2024-unterliegt-sondereinfluss-durch-ozg-aenderungsgesetz-spuerbare-verbesserung-fuer-das-zweite-halbjahr-erwartet-2\/"]}]},{"@type":"BreadcrumbList","@id":"https:\/\/www.allgeier.com\/de\/investor-relations\/adhoc-announcements\/allgeier-se-geschaeftsverlauf-im-ersten-halbjahr-2024-unterliegt-sondereinfluss-durch-ozg-aenderungsgesetz-spuerbare-verbesserung-fuer-das-zweite-halbjahr-erwartet-2\/#breadcrumb","itemListElement":[{"@type":"ListItem","position":1,"name":"Home","item":"https:\/\/www.allgeier.com\/de\/"},{"@type":"ListItem","position":2,"name":"Investor Relations","item":"https:\/\/www.allgeier.com\/de\/investor-relations\/"},{"@type":"ListItem","position":3,"name":"Ad hoc-Mitteilungen","item":"https:\/\/www.allgeier.com\/de\/investor-relations\/adhoc-announcements\/"},{"@type":"ListItem","position":4,"name":"Allgeier SE: Gesch\u00e4ftsverlauf im ersten Halbjahr 2024 unterliegt Sondereinfluss durch OZG-\u00c4nderungsgesetz; sp\u00fcrbare Verbesserung f\u00fcr das zweite Halbjahr erwartet"}]},{"@type":"WebSite","@id":"https:\/\/www.allgeier.com\/de\/#website","url":"https:\/\/www.allgeier.com\/de\/","name":"Allgeier SE","description":"Software &amp; IT Services for digital transformation","potentialAction":[{"@type":"SearchAction","target":{"@type":"EntryPoint","urlTemplate":"https:\/\/www.allgeier.com\/de\/?s={search_term_string}"},"query-input":{"@type":"PropertyValueSpecification","valueRequired":true,"valueName":"search_term_string"}}],"inLanguage":"de"}]}},"_links":{"self":[{"href":"https:\/\/www.allgeier.com\/de\/wp-json\/wp\/v2\/pages\/7041","targetHints":{"allow":["GET"]}}],"collection":[{"href":"https:\/\/www.allgeier.com\/de\/wp-json\/wp\/v2\/pages"}],"about":[{"href":"https:\/\/www.allgeier.com\/de\/wp-json\/wp\/v2\/types\/page"}],"author":[{"embeddable":true,"href":"https:\/\/www.allgeier.com\/de\/wp-json\/wp\/v2\/users\/4"}],"replies":[{"embeddable":true,"href":"https:\/\/www.allgeier.com\/de\/wp-json\/wp\/v2\/comments?post=7041"}],"version-history":[{"count":1,"href":"https:\/\/www.allgeier.com\/de\/wp-json\/wp\/v2\/pages\/7041\/revisions"}],"predecessor-version":[{"id":7042,"href":"https:\/\/www.allgeier.com\/de\/wp-json\/wp\/v2\/pages\/7041\/revisions\/7042"}],"up":[{"embeddable":true,"href":"https:\/\/www.allgeier.com\/de\/wp-json\/wp\/v2\/pages\/1155"}],"wp:attachment":[{"href":"https:\/\/www.allgeier.com\/de\/wp-json\/wp\/v2\/media?parent=7041"}],"wp:term":[{"taxonomy":"category","embeddable":true,"href":"https:\/\/www.allgeier.com\/de\/wp-json\/wp\/v2\/categories?post=7041"},{"taxonomy":"post_tag","embeddable":true,"href":"https:\/\/www.allgeier.com\/de\/wp-json\/wp\/v2\/tags?post=7041"}],"curies":[{"name":"wp","href":"https:\/\/api.w.org\/{rel}","templated":true}]}}