{"id":7053,"date":"2021-03-12T09:50:06","date_gmt":"2021-03-12T10:50:06","guid":{"rendered":"https:\/\/www.allgeier.com\/de\/?page_id=7053"},"modified":"2025-07-23T10:27:37","modified_gmt":"2025-07-23T10:27:37","slug":"allgeier-erreicht-gemaess-vorlaeufiger-zahlen-den-forecast-fuer-2020-2","status":"publish","type":"page","link":"https:\/\/www.allgeier.com\/de\/investor-relations\/adhoc-announcements\/allgeier-erreicht-gemaess-vorlaeufiger-zahlen-den-forecast-fuer-2020-2\/","title":{"rendered":"Allgeier erreicht gem\u00e4\u00df vorl\u00e4ufiger Zahlen den Forecast f\u00fcr 2020"},"content":{"rendered":"<table border=\"0\">\n<tr>\n<td>\n<p>ALLGEIER SE \/ Schlagwort(e): Vorl\u00e4ufiges Ergebnis\/Prognose<\/p>\n<p>Allgeier erreicht gem\u00e4\u00df vorl\u00e4ufiger Zahlen den Forecast f\u00fcr 2020 <\/p>\n<p>12.03.2021 \/ 11:50 CET\/CEST<\/p>\n<p>Ver\u00f6ffentlichung einer Insiderinformation nach Artikel 17 der Verordnung (EU) Nr. 596\/2014, \u00fcbermittelt durch DGAP &#8211; ein Service der EQS Group AG.<\/p>\n<p>F\u00fcr den Inhalt der Mitteilung ist der Emittent \/ Herausgeber verantwortlich.<\/p>\n<hr \/>\n<div>\n<p><i>M\u00fcnchen, 12. M\u00e4rz 2021 &#8211;<\/i> Allgeier SE (ISIN DE000A2GS633, WKN A2GS63) hat mit Eintragung im Handelsregister am 15. Dezember 2020 die Nagarro SE wirksam abgespaltet. Die Nagarro SE ist seit dem 16. Dezember 2020 eigenst\u00e4ndig an der Frankfurter Wertpapierb\u00f6rse gelistet und wird aus diesem Grund im Konzernabschluss der Allgeier SE f\u00fcr das Gesch\u00e4ftsjahr 2020 in das aufgegebene Gesch\u00e4ft gegliedert werden. Im fortgef\u00fchrten Gesch\u00e4ft erreichte der Allgeier Konzern gem\u00e4\u00df vorl\u00e4ufiger und noch ungepr\u00fcfter Zahlen im Gesch\u00e4ftsjahr 2020 (01. Januar 2020 &#8211; 31. Dezember 2020) den mit Ad-hoc-Mitteilung vom 16. Dezember 2020 ver\u00f6ffentlichten Forecast.<\/p>\n<p>Gesch\u00e4ftsentwicklung des fortgef\u00fchrten Gesch\u00e4fts im Gesamtjahr 2020<\/p>\n<p>Der Allgeier Konzern erzielte im Gesch\u00e4ftsjahr 2020 im fortgef\u00fchrten Gesch\u00e4ft eine Gesamtleistung von 353 Mio. Euro (Vorjahr: 380 Mio. Euro). Dabei betrug die Wertsch\u00f6pfung (definiert als Gesamtleistung abz\u00fcglich der den Ums\u00e4tzen direkt zurechenbaren Umsatz- und Personalkosten) 102 Mio. Euro (Vorjahr: 99 Mio. Euro). Das entspricht einer Wertsch\u00f6pfungsmarge von 29 Prozent (Vorjahr: 26 Prozent). Das bereinigte EBITDA (EBITDA vor Effekten, die betriebswirtschaftlich als au\u00dferordentlich oder periodenfremd qualifiziert werden) betrug 30 Mio. Euro (Vorjahr: 18 Mio. Euro). Bereinigt wurden hierbei insbesondere Personalkosten, Finanzierungskosten im Zusammenhang mit der Abl\u00f6sung von Darlehen, Aufwendungen im Rahmen der Akquisitionst\u00e4tigkeit sowie fr\u00fcheren Perioden zuzurechnende Aufwendungen.<\/p>\n<p>Das EBITDA betrug im Gesch\u00e4ftsjahr 2020 23 Mio. Euro (Vorjahr: 9 Mio. Euro). Das EBIT belief sich auf 7 Mio. Euro (Vorjahr: -4 Mio. Euro).<\/p>\n<p>Eckdaten der Bilanz zum 31. Dezember 2020<\/p>\n<p>Dem Allgeier Konzern standen zum Ende des Gesch\u00e4ftsjahres 2020 liquide Mittel in H\u00f6he von 61 Mio. Euro zur Verf\u00fcgung (Vorjahr Als-ob ohne Nagarro: 54 Mio. Euro). Die kurz- und langfristigen Finanzschulden beliefen sich zum Bilanzstichtag auf 29 Mio. Euro (Vorjahr Als-ob: 43 Mio. Euro). Die nach IFRS 16 zu passivierenden Leasingverbindlichkeiten betrugen 31 Mio. EUR (Vorjahr: 38 Mio. EUR). Die Bilanzsumme betrug 244 Mio. Euro (Vorjahr Als-ob ohne Nagarro: 245 Mio. Euro).<\/p>\n<p>Best\u00e4tigung der Guidance 2021<\/p>\n<p>Die Allgeier SE best\u00e4tigt Stand heute die Guidance f\u00fcr das Gesch\u00e4ftsjahr 2021, die in der Ad-hoc-Mitteilung vom 16. Dezember 2020 ver\u00f6ffentlicht wurde. Diese sieht im Gesch\u00e4ftsjahr 2021 einen Umsatz in der Gr\u00f6\u00dfenordnung von 360 bis 400 Mio. Euro und ein EBITDA zwischen 31 und 35 Mio. Euro vor.<\/p>\n<p>Hinweis<\/p>\n<p>Der Gesch\u00e4ftsbericht 2020 der Allgeier SE wird am 30. April 2021 ver\u00f6ffentlicht und ist dann unter www.allgeier.com einzusehen.<\/p>\n<p>Alle genannten Zahlen wurden gem\u00e4\u00df IFRS erstellt. Alle Gesch\u00e4ftszahlen f\u00fcr das Gesch\u00e4ftsjahr 2020 sind vorl\u00e4ufig und vom Konzernabschlusspr\u00fcfer noch nicht abschlie\u00dfend gepr\u00fcft. Es wird ferner darauf hingewiesen, dass s\u00e4mtliche Angaben f\u00fcr das Gesch\u00e4ftsjahr 2021 auf Annahmen und Sch\u00e4tzungen beruhende Erwartungen des Vorstands darstellen. Auch wenn der Vorstand der Ansicht ist, dass diese Annahmen und Sch\u00e4tzungen zutreffend sind, k\u00f6nnen die k\u00fcnftigen tats\u00e4chlichen Entwicklungen und die k\u00fcnftigen tats\u00e4chlichen Ergebnisse von diesen Annahmen und Sch\u00e4tzungen abweichen. Die Allgeier SE \u00fcbernimmt keine Gew\u00e4hrleistung und keine Haftung daf\u00fcr, dass die k\u00fcnftigen Entwicklungen und die k\u00fcnftig erzielten tats\u00e4chlichen Ergebnisse mit den in dieser Ad-hoc-Mitteilung ge\u00e4u\u00dferten Annahmen und Sch\u00e4tzungen \u00fcbereinstimmen werden.<\/p>\n<p>Dieses Dokument enth\u00e4lt &#8211; in einschl\u00e4gigen Rechnungslegungsrahmen nicht genau bestimmte &#8211; erg\u00e4nzende Finanzkennzahlen, die sogenannte alternative Leistungskennzahlen sind oder sein k\u00f6nnen. Diese erg\u00e4nzenden Finanzkennzahlen k\u00f6nnen als Analyseinstrument nur eingeschr\u00e4nkt tauglich sein und sollten f\u00fcr die Beurteilung der Verm\u00f6gens-, Finanz- und Ertragslage der Allgeier SE nicht isoliert oder als Alternative zu den in den im Konzernabschluss dargestellten und im Einklang mit einschl\u00e4gigen Rechnungslegungsrahmen ermittelten Finanzkennzahlen herangezogen werden. Andere Unternehmen, die alternative Leistungskennzahlen mit einer \u00e4hnlichen Bezeichnung darstellen oder berichten, k\u00f6nnen diese anders berechnen, so dass sie deshalb m\u00f6glicherweise nicht vergleichbar sind.<\/p>\n<p>Kontakt:<\/p>\n<p>Allgeier SE<br \/>\nCorporate Communications &amp; Investor Relations<br \/>\nDr. Christopher Gro\u00dfe<br \/>\nEinsteinstra\u00dfe 172<br \/>\n81677 M\u00fcnchen<br \/>\nTel.: +49 (0)89\/998421-0<br \/>\nFax: +49 (0)89\/998421-11<br \/>\nE-Mail: ir@allgeier.com<br \/>\nWeb: www.allgeier.com<\/p>\n<p>\u00a0<\/p>\n<\/div>\n<hr \/>\n<p>\n12.03.2021 CET\/CEST Die DGAP Distributionsservices umfassen gesetzliche Meldepflichten, Corporate News\/Finanznachrichten und Pressemitteilungen. <br \/>Medienarchiv unter http:\/\/www.dgap.de<\/p>\n<hr \/>\n<\/td>\n<\/tr>\n<\/table>\n<table>\n<tr>\n<td align=\"left\" valign=\"top\">Sprache:<\/td>\n<td align=\"left\" valign=\"top\">Deutsch<\/td>\n<\/tr>\n<tr>\n<td align=\"left\" valign=\"top\">Unternehmen:<\/td>\n<td align=\"left\" valign=\"top\">ALLGEIER SE<\/td>\n<\/tr>\n<tr>\n<td align=\"left\" valign=\"top\" \/>\n<td align=\"left\" valign=\"top\">Einsteinstra\u00dfe 172<\/td>\n<\/tr>\n<tr>\n<td align=\"left\" valign=\"top\" \/>\n<td align=\"left\" valign=\"top\">81677 M\u00fcnchen<\/td>\n<\/tr>\n<tr>\n<td align=\"left\" valign=\"top\" \/>\n<td align=\"left\" valign=\"top\">Deutschland<\/td>\n<\/tr>\n<tr>\n<td align=\"left\" valign=\"top\">Telefon:<\/td>\n<td align=\"left\" valign=\"top\">+49 (0) 89 &#8211; 99 84 21 0<\/td>\n<\/tr>\n<tr>\n<td align=\"left\" valign=\"top\">Fax:<\/td>\n<td align=\"left\" valign=\"top\">+49 (0) 89 &#8211; 99 84 21 11<\/td>\n<\/tr>\n<tr>\n<td align=\"left\" valign=\"top\">E-Mail:<\/td>\n<td align=\"left\" valign=\"top\">info@allgeier.com<\/td>\n<\/tr>\n<tr>\n<td align=\"left\" valign=\"top\">Internet:<\/td>\n<td align=\"left\" valign=\"top\">http:\/\/www.allgeier.com<\/td>\n<\/tr>\n<tr>\n<td align=\"left\" valign=\"top\">ISIN:<\/td>\n<td align=\"left\" valign=\"top\">DE000A2GS633<\/td>\n<\/tr>\n<tr>\n<td align=\"left\" valign=\"top\">WKN:<\/td>\n<td align=\"left\" valign=\"top\">A2GS63<\/td>\n<\/tr>\n<tr>\n<td align=\"left\" valign=\"top\">Indizes:<\/td>\n<td align=\"left\" valign=\"top\">CDAX<\/td>\n<\/tr>\n<tr>\n<td align=\"left\" valign=\"top\">B\u00f6rsen:<\/td>\n<td align=\"left\" valign=\"top\">Regulierter Markt in Frankfurt (General Standard); Freiverkehr in Berlin, D\u00fcsseldorf, Hamburg, Stuttgart, Tradegate Exchange<\/td>\n<\/tr>\n<tr>\n<td align=\"left\" valign=\"top\">EQS News ID:<\/td>\n<td align=\"left\" valign=\"top\">1175228<\/td>\n<\/tr>\n<\/table>\n<p><\/p>\n<table border=\"0\">\n<tr>\n<td align=\"left\" valign=\"top\" colspan=\"2\" \/>\n<\/tr>\n<\/table>\n<table border=\"0\">\n<tr>\n<td align=\"left\" valign=\"top\" colspan=\"2\">\u00a0<\/td>\n<\/tr>\n<tr>\n<td align=\"left\" valign=\"top\">Ende der Mitteilung<\/td>\n<td align=\"left\" valign=\"top\">DGAP News-Service<\/td>\n<\/tr>\n<\/table>\n<table border=\"0\">\n<tr>\n<td>\n<hr \/>\n<\/td>\n<\/tr>\n<\/table>\n<div>\n<p>1175228\u00a0\u00a012.03.2021\u00a0CET\/CEST<\/p>\n<\/div>\n","protected":false},"excerpt":{"rendered":"<p>ALLGEIER SE \/ Schlagwort(e): Vorl\u00e4ufiges Ergebnis\/Prognose  Allgeier erreicht gem\u00e4\u00df vorl\u00e4ufiger Zahlen den Forecast f\u00fcr 2020  12.03.2021 \/ 11:50 CET\/CEST  Ver\u00f6ffentlichung einer Insiderinformation nach Artikel 17 der Verordnung (EU) Nr. 596\/2014, \u00fcbermittelt durch DGAP &#8211; ein Service der EQS Group<\/p>\n","protected":false},"author":4,"featured_media":0,"parent":1155,"menu_order":0,"comment_status":"close","ping_status":"closed","template":"","meta":{"_acf_changed":false,"footnotes":""},"categories":[],"tags":[],"class_list":["post-7053","page","type-page","status-publish","hentry"],"acf":[],"yoast_head":"<!-- This site is optimized with the Yoast SEO plugin v27.4 - https:\/\/yoast.com\/product\/yoast-seo-wordpress\/ -->\n<title>Allgeier erreicht gem\u00e4\u00df vorl\u00e4ufiger Zahlen den Forecast f\u00fcr 2020 - Allgeier SE<\/title>\n<meta name=\"robots\" content=\"index, follow, max-snippet:-1, max-image-preview:large, max-video-preview:-1\" \/>\n<link rel=\"canonical\" href=\"https:\/\/www.allgeier.com\/de\/investor-relations\/adhoc-announcements\/allgeier-erreicht-gemaess-vorlaeufiger-zahlen-den-forecast-fuer-2020-2\/\" \/>\n<meta property=\"og:locale\" content=\"de_DE\" \/>\n<meta property=\"og:type\" content=\"article\" \/>\n<meta property=\"og:title\" content=\"Allgeier erreicht gem\u00e4\u00df vorl\u00e4ufiger Zahlen den Forecast f\u00fcr 2020 - Allgeier SE\" \/>\n<meta property=\"og:description\" content=\"ALLGEIER SE \/ Schlagwort(e): Vorl\u00e4ufiges Ergebnis\/Prognose Allgeier erreicht gem\u00e4\u00df vorl\u00e4ufiger Zahlen den Forecast f\u00fcr 2020 12.03.2021 \/ 11:50 CET\/CEST Ver\u00f6ffentlichung einer Insiderinformation nach Artikel 17 der Verordnung (EU) Nr. 596\/2014, \u00fcbermittelt durch DGAP - ein Service der EQS Group\" \/>\n<meta property=\"og:url\" content=\"https:\/\/www.allgeier.com\/de\/investor-relations\/adhoc-announcements\/allgeier-erreicht-gemaess-vorlaeufiger-zahlen-den-forecast-fuer-2020-2\/\" \/>\n<meta property=\"og:site_name\" content=\"Allgeier SE\" \/>\n<meta property=\"article:modified_time\" content=\"2025-07-23T10:27:37+00:00\" \/>\n<meta name=\"twitter:card\" content=\"summary_large_image\" \/>\n<meta name=\"twitter:label1\" content=\"Gesch\u00e4tzte Lesezeit\" \/>\n\t<meta name=\"twitter:data1\" content=\"4\u00a0Minuten\" \/>\n<script type=\"application\/ld+json\" class=\"yoast-schema-graph\">{\"@context\":\"https:\\\/\\\/schema.org\",\"@graph\":[{\"@type\":\"WebPage\",\"@id\":\"https:\\\/\\\/www.allgeier.com\\\/de\\\/investor-relations\\\/adhoc-announcements\\\/allgeier-erreicht-gemaess-vorlaeufiger-zahlen-den-forecast-fuer-2020-2\\\/\",\"url\":\"https:\\\/\\\/www.allgeier.com\\\/de\\\/investor-relations\\\/adhoc-announcements\\\/allgeier-erreicht-gemaess-vorlaeufiger-zahlen-den-forecast-fuer-2020-2\\\/\",\"name\":\"Allgeier erreicht gem\u00e4\u00df vorl\u00e4ufiger Zahlen den Forecast f\u00fcr 2020 - Allgeier SE\",\"isPartOf\":{\"@id\":\"https:\\\/\\\/www.allgeier.com\\\/de\\\/#website\"},\"datePublished\":\"2021-03-12T10:50:06+00:00\",\"dateModified\":\"2025-07-23T10:27:37+00:00\",\"breadcrumb\":{\"@id\":\"https:\\\/\\\/www.allgeier.com\\\/de\\\/investor-relations\\\/adhoc-announcements\\\/allgeier-erreicht-gemaess-vorlaeufiger-zahlen-den-forecast-fuer-2020-2\\\/#breadcrumb\"},\"inLanguage\":\"de\",\"potentialAction\":[{\"@type\":\"ReadAction\",\"target\":[\"https:\\\/\\\/www.allgeier.com\\\/de\\\/investor-relations\\\/adhoc-announcements\\\/allgeier-erreicht-gemaess-vorlaeufiger-zahlen-den-forecast-fuer-2020-2\\\/\"]}]},{\"@type\":\"BreadcrumbList\",\"@id\":\"https:\\\/\\\/www.allgeier.com\\\/de\\\/investor-relations\\\/adhoc-announcements\\\/allgeier-erreicht-gemaess-vorlaeufiger-zahlen-den-forecast-fuer-2020-2\\\/#breadcrumb\",\"itemListElement\":[{\"@type\":\"ListItem\",\"position\":1,\"name\":\"Home\",\"item\":\"https:\\\/\\\/www.allgeier.com\\\/de\\\/\"},{\"@type\":\"ListItem\",\"position\":2,\"name\":\"Investor Relations\",\"item\":\"https:\\\/\\\/www.allgeier.com\\\/de\\\/investor-relations\\\/\"},{\"@type\":\"ListItem\",\"position\":3,\"name\":\"Ad hoc-Mitteilungen\",\"item\":\"https:\\\/\\\/www.allgeier.com\\\/de\\\/investor-relations\\\/adhoc-announcements\\\/\"},{\"@type\":\"ListItem\",\"position\":4,\"name\":\"Allgeier erreicht gem\u00e4\u00df vorl\u00e4ufiger Zahlen den Forecast f\u00fcr 2020\"}]},{\"@type\":\"WebSite\",\"@id\":\"https:\\\/\\\/www.allgeier.com\\\/de\\\/#website\",\"url\":\"https:\\\/\\\/www.allgeier.com\\\/de\\\/\",\"name\":\"Allgeier SE\",\"description\":\"Software &amp; IT Services for digital transformation\",\"potentialAction\":[{\"@type\":\"SearchAction\",\"target\":{\"@type\":\"EntryPoint\",\"urlTemplate\":\"https:\\\/\\\/www.allgeier.com\\\/de\\\/?s={search_term_string}\"},\"query-input\":{\"@type\":\"PropertyValueSpecification\",\"valueRequired\":true,\"valueName\":\"search_term_string\"}}],\"inLanguage\":\"de\"}]}<\/script>\n<!-- \/ Yoast SEO plugin. -->","yoast_head_json":{"title":"Allgeier erreicht gem\u00e4\u00df vorl\u00e4ufiger Zahlen den Forecast f\u00fcr 2020 - Allgeier SE","robots":{"index":"index","follow":"follow","max-snippet":"max-snippet:-1","max-image-preview":"max-image-preview:large","max-video-preview":"max-video-preview:-1"},"canonical":"https:\/\/www.allgeier.com\/de\/investor-relations\/adhoc-announcements\/allgeier-erreicht-gemaess-vorlaeufiger-zahlen-den-forecast-fuer-2020-2\/","og_locale":"de_DE","og_type":"article","og_title":"Allgeier erreicht gem\u00e4\u00df vorl\u00e4ufiger Zahlen den Forecast f\u00fcr 2020 - Allgeier SE","og_description":"ALLGEIER SE \/ Schlagwort(e): Vorl\u00e4ufiges Ergebnis\/Prognose Allgeier erreicht gem\u00e4\u00df vorl\u00e4ufiger Zahlen den Forecast f\u00fcr 2020 12.03.2021 \/ 11:50 CET\/CEST Ver\u00f6ffentlichung einer Insiderinformation nach Artikel 17 der Verordnung (EU) Nr. 596\/2014, \u00fcbermittelt durch DGAP - ein Service der EQS Group","og_url":"https:\/\/www.allgeier.com\/de\/investor-relations\/adhoc-announcements\/allgeier-erreicht-gemaess-vorlaeufiger-zahlen-den-forecast-fuer-2020-2\/","og_site_name":"Allgeier SE","article_modified_time":"2025-07-23T10:27:37+00:00","twitter_card":"summary_large_image","twitter_misc":{"Gesch\u00e4tzte Lesezeit":"4\u00a0Minuten"},"schema":{"@context":"https:\/\/schema.org","@graph":[{"@type":"WebPage","@id":"https:\/\/www.allgeier.com\/de\/investor-relations\/adhoc-announcements\/allgeier-erreicht-gemaess-vorlaeufiger-zahlen-den-forecast-fuer-2020-2\/","url":"https:\/\/www.allgeier.com\/de\/investor-relations\/adhoc-announcements\/allgeier-erreicht-gemaess-vorlaeufiger-zahlen-den-forecast-fuer-2020-2\/","name":"Allgeier erreicht gem\u00e4\u00df vorl\u00e4ufiger Zahlen den Forecast f\u00fcr 2020 - Allgeier SE","isPartOf":{"@id":"https:\/\/www.allgeier.com\/de\/#website"},"datePublished":"2021-03-12T10:50:06+00:00","dateModified":"2025-07-23T10:27:37+00:00","breadcrumb":{"@id":"https:\/\/www.allgeier.com\/de\/investor-relations\/adhoc-announcements\/allgeier-erreicht-gemaess-vorlaeufiger-zahlen-den-forecast-fuer-2020-2\/#breadcrumb"},"inLanguage":"de","potentialAction":[{"@type":"ReadAction","target":["https:\/\/www.allgeier.com\/de\/investor-relations\/adhoc-announcements\/allgeier-erreicht-gemaess-vorlaeufiger-zahlen-den-forecast-fuer-2020-2\/"]}]},{"@type":"BreadcrumbList","@id":"https:\/\/www.allgeier.com\/de\/investor-relations\/adhoc-announcements\/allgeier-erreicht-gemaess-vorlaeufiger-zahlen-den-forecast-fuer-2020-2\/#breadcrumb","itemListElement":[{"@type":"ListItem","position":1,"name":"Home","item":"https:\/\/www.allgeier.com\/de\/"},{"@type":"ListItem","position":2,"name":"Investor Relations","item":"https:\/\/www.allgeier.com\/de\/investor-relations\/"},{"@type":"ListItem","position":3,"name":"Ad hoc-Mitteilungen","item":"https:\/\/www.allgeier.com\/de\/investor-relations\/adhoc-announcements\/"},{"@type":"ListItem","position":4,"name":"Allgeier erreicht gem\u00e4\u00df vorl\u00e4ufiger Zahlen den Forecast f\u00fcr 2020"}]},{"@type":"WebSite","@id":"https:\/\/www.allgeier.com\/de\/#website","url":"https:\/\/www.allgeier.com\/de\/","name":"Allgeier SE","description":"Software &amp; IT Services for digital transformation","potentialAction":[{"@type":"SearchAction","target":{"@type":"EntryPoint","urlTemplate":"https:\/\/www.allgeier.com\/de\/?s={search_term_string}"},"query-input":{"@type":"PropertyValueSpecification","valueRequired":true,"valueName":"search_term_string"}}],"inLanguage":"de"}]}},"_links":{"self":[{"href":"https:\/\/www.allgeier.com\/de\/wp-json\/wp\/v2\/pages\/7053","targetHints":{"allow":["GET"]}}],"collection":[{"href":"https:\/\/www.allgeier.com\/de\/wp-json\/wp\/v2\/pages"}],"about":[{"href":"https:\/\/www.allgeier.com\/de\/wp-json\/wp\/v2\/types\/page"}],"author":[{"embeddable":true,"href":"https:\/\/www.allgeier.com\/de\/wp-json\/wp\/v2\/users\/4"}],"replies":[{"embeddable":true,"href":"https:\/\/www.allgeier.com\/de\/wp-json\/wp\/v2\/comments?post=7053"}],"version-history":[{"count":1,"href":"https:\/\/www.allgeier.com\/de\/wp-json\/wp\/v2\/pages\/7053\/revisions"}],"predecessor-version":[{"id":7054,"href":"https:\/\/www.allgeier.com\/de\/wp-json\/wp\/v2\/pages\/7053\/revisions\/7054"}],"up":[{"embeddable":true,"href":"https:\/\/www.allgeier.com\/de\/wp-json\/wp\/v2\/pages\/1155"}],"wp:attachment":[{"href":"https:\/\/www.allgeier.com\/de\/wp-json\/wp\/v2\/media?parent=7053"}],"wp:term":[{"taxonomy":"category","embeddable":true,"href":"https:\/\/www.allgeier.com\/de\/wp-json\/wp\/v2\/categories?post=7053"},{"taxonomy":"post_tag","embeddable":true,"href":"https:\/\/www.allgeier.com\/de\/wp-json\/wp\/v2\/tags?post=7053"}],"curies":[{"name":"wp","href":"https:\/\/api.w.org\/{rel}","templated":true}]}}