{"id":7062,"date":"2008-04-30T15:48:28","date_gmt":"2008-04-30T15:48:28","guid":{"rendered":"https:\/\/www.allgeier.com\/de\/?page_id=7062"},"modified":"2025-07-23T10:27:38","modified_gmt":"2025-07-23T10:27:38","slug":"allgeier-holding-ag-legt-jahresabschluss-2007-vor-3","status":"publish","type":"page","link":"https:\/\/www.allgeier.com\/de\/pressroom\/press-releases\/allgeier-holding-ag-legt-jahresabschluss-2007-vor-3\/","title":{"rendered":"Allgeier Holding AG legt Jahresabschluss 2007 vor"},"content":{"rendered":"<p><b>Allgeier Holding AG \/ Jahresergebnis<\/b><\/p>\n<p>Ver\u00f6ffentlichung einer Corporate News, \u00fcbermittelt durch die DGAP &#8211; ein<br \/>\nUnternehmen der EquityStory AG.<br \/>\nF\u00fcr den Inhalt der Mitteilung ist der Emittent \/ Herausgeber verantwortlich.<br \/>\n&#8212;&#8212;&#8212;&#8212;&#8212;&#8212;&#8212;&#8212;&#8212;&#8212;&#8212;&#8212;&#8212;&#8212;&#8212;&#8212;&#8212;&#8212;&#8212;&#8212;&#8212;&#8212;&#8212;&#8212;&#8212;<\/p>\n<p>Allgeier Holding best\u00e4tigt die starken Gesch\u00e4ftsergebnisse 2007 und<br \/>\nbest\u00e4tigt eingeschlagene Strategie<\/p>\n<p>M\u00fcnchen, 30. April 2008 \u2013 Der Aufsichtsrat der Allgeier Holding AG hat dem<br \/>\ntestierten Jahresabschluss der Allgeier Holding AG und dem Konzernabschluss<br \/>\nf\u00fcr das Jahr 2007 zugestimmt.<\/p>\n<p>Konzernumsatz und Konzernergebnis (EBITA) um rund 80% gesteigert<\/p>\n<p>Wie bereits in der Ad-hoc Meldung vom 24. April 2008 mitgeteilt, stieg der<br \/>\nKonzernumsatz in 2007 um 79% auf 298,3 Mio. EUR (2006: 166,7 Mio. EUR). In<br \/>\ndiesen IFRS Zahlen sind die Umsatzanteile der in 2007 erworbenen<br \/>\nUnternehmen zeitanteilig ab dem Erwerbszeitpunkt konsolidiert. In einer<br \/>\nProForma Betrachtung, unter Einbezug der gesamten Jahresums\u00e4tze der in 2007<br \/>\nerworbenen Unternehmen, betrug der Jahresumsatz 337,4 Mio. EUR (2006: 282,9<br \/>\nMio. EUR). Dies entspricht einem organischen Wachstum von 19%.<\/p>\n<p>Das Ergebnis vor Zinsen, Steuern sowie Abschreibungen auf Firmenwerte und<br \/>\nKaufpreisallokationen (EBITA) wurde um 79% auf 21,2 Mio. EUR gesteigert<br \/>\n(Vorjahr: 11,9 Mio. EUR). In der zur Beurteilung der tats\u00e4chlichen<br \/>\nErtragskraft aller zum Jahresende zum Konzern geh\u00f6renden<br \/>\nGruppengesellschaften besser geeigneten ProForma Betrachtung wurde im<br \/>\nKonzern ein EBITA von 26,4 Mio. EUR erreicht (2006: 21,4 Mio. EUR).<\/p>\n<p>Das Ergebnis vor Zinsen und Steuern (EBIT) konnte in 2007 um 113% auf 15,7<br \/>\nMio. EUR gesteigert werden (2006: 7,35 Mio. EUR). Das ProForma EBIT stieg<br \/>\num 23% auf 20,8 Mio. EUR (2006: 16,9 Mio. EUR).<\/p>\n<p>Der Cash Flow aus der betrieblichen T\u00e4tigkeit stieg von 4,6 Mio. EUR in<br \/>\n2006 auf 18,9 Mio. EUR in der Berichtsperiode (+310%).<\/p>\n<p>Gesch\u00e4ftsbereich IT weiter auf Wachstumskurs <\/p>\n<p>Der Gesch\u00e4ftsbereich IT wird in die zwei Segmente IT Services und IT<br \/>\nSolutions gegliedert.<\/p>\n<p>Das Leistungsportfolio des Gesch\u00e4ftssegments IT Services erstreckt sich von<br \/>\nExpert Recruiting\/Management \u00fcber Beratung und L\u00f6sungsentwicklung bis hin<br \/>\nzur Umsetzung und dem Betrieb von technisch komplexen IT Systeml\u00f6sungen im<br \/>\nEnterpriseumfeld. Der Umsatz im Segment IT Services erh\u00f6hte sich um 55% auf<br \/>\n113,1 Mio. EUR (2006: 72,9 Mio. EUR). Das organische Wachstum betrug dabei<br \/>\n13,5%. Damit konnten die Segmentgesellschaften wie in den letzten Jahren<br \/>\nMarktanteile gewinnen. Das EBITA konnte um 31% auf 9,6 Mio. EUR gesteigert<br \/>\nwerden (Vorjahr: 7,3 Mio. EUR). Bedingt durch das starke Wachstum im<br \/>\nmargenschw\u00e4cheren Expert Leasing Gesch\u00e4ft ging die operative Marge<br \/>\n(EBITA\/Umsatz) von 10,1% im Vorjahr auf 8,5% in der Berichtsperiode zur\u00fcck.<br \/>\nIn der zum Margenvergleich relevanten ProForma-Betrachtung blieb die<br \/>\nEBITA-Marge mit 8,5% konstant.<\/p>\n<p>Die Gesellschaften im Segment IT Solutions fokussieren sich auf das<br \/>\nSystemhausgesch\u00e4ft rund um Enterprise Ressource Planning (ERP),<br \/>\nDokumentenmanagement\/Workflow (DMS) sowie Email-Security Software. Das<br \/>\nManagement des Segments IT Solutions konzentrierte sich in 2007 vornehmlich<br \/>\nauf operative Performancesteigerungen. Der Umsatz stieg auf 20,5 Mio. EUR<br \/>\n(2006: 20,2 Mio. EUR). Das EBITA konnte um 86% auf 1,4 Mio. EUR gesteigert<br \/>\nwerden (Vorjahr: 0,7 Mio. EUR). Die operative Marge stieg von 3,7% auf<br \/>\n6,8%.<\/p>\n<p>Gesch\u00e4ftsbereich Personal Services erreicht Top 10 im Markt<\/p>\n<p>Die Gruppengesellschaften im Gesch\u00e4ftsbereich Personal Services<br \/>\n(Zeitarbeit) erzielten in 2007 einen Umsatz von 164,9 Mio. EUR (2006: 73,8<br \/>\nMio. EUR). Der ProForma Umsatz stieg auf 204,4 Mio. EUR (2006: 163,3 Mio.<br \/>\nEUR). Dies entspricht einem organischen Wachstum von 25%. Das EBITA konnte<br \/>\num 118% auf 13,5 Mio. EUR gesteigert werden (2006: 6,2 Mio. EUR). Das<br \/>\nProForma EBITA ist von 14,5 Mio. EUR in 2006 auf 18,7 Mio. EUR in 2007<br \/>\ngestiegen (+29%). Die EBITA-Marge stieg leicht von 8,9% auf 9,1%.<\/p>\n<p>Allgeier h\u00e4lt an Zielen und Strategie fest <\/p>\n<p>Im Februar 2008 ver\u00e4u\u00dferte Allgeier Holding AG das im Gesch\u00e4ftsbereich<br \/>\nPersonal Services gef\u00fchrte Zeitarbeitsgesch\u00e4ft. Durch den Verkauf hat<br \/>\nAllgeier die Voraussetzung f\u00fcr neue Akquisitionen geschaffen. Leitlinie f\u00fcr<br \/>\ndie weitere Entwicklung der Gruppe bleibt auch nach der Transaktion die<br \/>\nbisherige Strategie. Der Gesch\u00e4ftsbereich IT soll deutlich ausgebaut<br \/>\nwerden. Im Jahr 2008 erwartet das Management eine Fortsetzung des<br \/>\nWachstumskurses, basierend auf organischem Wachstum und weiteren<br \/>\nAkquisitionen. Das Management hat dazu in den letzten Monaten zahlreiche<br \/>\nGespr\u00e4che mit potentiellen neuen Gesellschaften f\u00fcr den Allgeier IT Bereich<br \/>\ngef\u00fchrt.<\/p>\n<p>Allgeier Holding AG<br \/>\nDr. Holger von Daniels <\/p>\n<p>Wehrlestra\u00dfe 12<br \/>\nD-81679 M\u00fcnchen<br \/>\nTel.: 089-998421-0<br \/>\nFax: 089-998421-11<br \/>\nwww.allgeier-holding.de <\/p>\n<p>Allgeier Holding AG<br \/>\nDr. Holger von Daniels <\/p>\n<p>Wehrlestra\u00dfe 12<br \/>\nD-81679 M\u00fcnchen<br \/>\nTel.: 089-998421-0<br \/>\nFax: 089-998421-11<br \/>\nwww.allgeier-holding.de <\/p>\n<p>Kurzprofil Allgeier Holding AG:<br \/>\nDie Allgeier Holding AG ist eine Dienstleistungsgruppe, die sich auf den<br \/>\nwachsenden Markt f\u00fcr Dienstleistungen zur Flexibilisierung von Arbeits- und<br \/>\nKostenstrukturen fokussiert. Nach dem Verkauf der Zeitarbeitseinheit<br \/>\nkonzentriert sich Allgeier auf den stark wachsenden Markt f\u00fcr IT-Services<br \/>\nsowie auf angrenzende Dienstleistungsgesch\u00e4fte. Die Gesellschaften im<br \/>\nBereich IT-Services unterst\u00fctzen Kunden bei der Umsetzung von Innovationen,<br \/>\nder Verbesserung des Informationsflusses und der Optimierung von<br \/>\nGesch\u00e4ftsprozessen. Die Unternehmen innerhalb von Allgeier arbeiten<br \/>\neigenst\u00e4ndig mit allen Vorteilen mittelst\u00e4ndischer Flexibilit\u00e4t,<br \/>\nSchnelligkeit, Serviceorientierung und Innovations\u00ackraft. Unter dem Dach<br \/>\nvon Allgeier verbinden sich diese Vorteile mit der Nutzung von Synergien,<br \/>\nder Sicherheit und der Schlagkraft einer f\u00fchrenden b\u00f6rsennotierten<br \/>\nUnternehmensgruppe. Durch ein breites Service-Leistungsspektrum sowie<br \/>\ngeb\u00fcndelte Kompetenz und Gr\u00f6\u00dfe werden nachhaltig steigende Werte f\u00fcr Kunden<br \/>\nund Investoren geschaffen. Die Allgeier-Gruppe besch\u00e4ftigt zurzeit rund<br \/>\n1300 IT-Spezialisten und kann auf eine breite Kundenstruktur quer durch<br \/>\nalle deutschen Industrien verweisen. Die Allgeier Holding AG ist am<br \/>\nregulierten Markt der Frankfurter B\u00f6rse im Segment General Standard notiert<br \/>\n(WKN 508630\/ISIN DE000508630). Weitere Informationen unter:<br \/>\nwww.allgeier.com.<\/p>\n<p>Wichtiger Hinweis:<br \/>\nDiese Mitteilung enth\u00e4lt in die Zukunft gerichtete Aussagen, die auf<br \/>\nAnnahmen und Sch\u00e4tzungen der Unternehmensleitung der Allgeier Holding AG<br \/>\nberuhen. Auch wenn die Unternehmensleitung der Ansicht ist, dass diese<br \/>\nAnnahmen und Sch\u00e4tzungen zutreffend sind, k\u00f6nnen die k\u00fcnftige tats\u00e4chliche<br \/>\nEntwicklung und die k\u00fcnftigen tats\u00e4chlichen Ergebnisse von diesen Annahmen<br \/>\nund Sch\u00e4tzungen aufgrund vielf\u00e4ltiger Faktoren erheblich abweichen. Zu<br \/>\ndiesen Faktoren k\u00f6nnen beispielsweise die Ver\u00e4nderung der<br \/>\ngesamtwirtschaftlichen Lage, der Wechsel\u00ackurse, der Zinss\u00e4tze sowie<br \/>\nVer\u00e4nderungen innerhalb der Marktentwicklung und der sich ver\u00e4nderten<br \/>\nWettbewerbssituation geh\u00f6ren. Die Allgeier Holding AG \u00fcbernimmt keine<br \/>\nGew\u00e4hrleistung und keine Haftung daf\u00fcr, dass die k\u00fcnftige Entwicklung und<br \/>\ndie k\u00fcnftig erzielten tats\u00e4chlichen Ergebnisse mit den in dieser<br \/>\nAd-hoc-Mitteilung\/Pressemitteilung ge\u00e4u\u00dferten Annahmen und Sch\u00e4tzungen<br \/>\n\u00fcbereinstimmen werden.<\/p>\n<p>30.04.2008  Finanznachrichten \u00fcbermittelt durch die DGAP<br \/>\n&#8212;&#8212;&#8212;&#8212;&#8212;&#8212;&#8212;&#8212;&#8212;&#8212;&#8212;&#8212;&#8212;&#8212;&#8212;&#8212;&#8212;&#8212;&#8212;&#8212;&#8212;&#8212;&#8212;&#8212;&#8212;<\/p>\n<p>Sprache:      Deutsch<br \/>\nEmittent:     Allgeier Holding AG<br \/>\n              Wehrlestrasse 12<br \/>\n              81679 M\u00fcnchen<br \/>\n              Deutschland<br \/>\nTelefon:      +49 (0)89 998 421-0<br \/>\nFax:          +49 (0)89 998 421-11<br \/>\nE-Mail:       info@allgeier.com<br \/>\nInternet:     www.allgeier-holding.com<br \/>\nISIN:         DE0005086300<br \/>\nWKN:          508630<br \/>\nIndizes:      CDAX<br \/>\nB\u00f6rsen:       Regulierter Markt in Frankfurt (General Standard);<br \/>\n              Freiverkehr in Berlin, Stuttgart, Hamburg, D\u00fcsseldorf<\/p>\n<p>Ende der Mitteilung                             DGAP News-Service<\/p>\n<p>&#8212;&#8212;&#8212;&#8212;&#8212;&#8212;&#8212;&#8212;&#8212;&#8212;&#8212;&#8212;&#8212;&#8212;&#8212;&#8212;&#8212;&#8212;&#8212;&#8212;&#8212;&#8212;&#8212;&#8212;&#8212;<\/p>\n","protected":false},"excerpt":{"rendered":"<p>Allgeier Holding best\u00e4tigt die starken Gesch\u00e4ftsergebnisse 2007 und best\u00e4tigt eingeschlagene Strategie  M\u00fcnchen, 30. April 2008 \u2013 Der Aufsichtsrat der Allgeier Holding AG hat dem testierten Jahresabschluss der Allgeier Holding AG und dem Konzernabschluss f\u00fcr das Jahr 2007 zugestimmt. Konz<\/p>\n","protected":false},"author":4,"featured_media":0,"parent":1169,"menu_order":0,"comment_status":"close","ping_status":"closed","template":"","meta":{"_acf_changed":false,"footnotes":""},"categories":[],"tags":[],"class_list":["post-7062","page","type-page","status-publish","hentry"],"acf":[],"yoast_head":"<!-- This site is optimized with the Yoast SEO plugin v27.4 - https:\/\/yoast.com\/product\/yoast-seo-wordpress\/ -->\n<title>Allgeier Holding AG legt Jahresabschluss 2007 vor - Allgeier SE<\/title>\n<meta name=\"robots\" content=\"index, follow, max-snippet:-1, max-image-preview:large, max-video-preview:-1\" \/>\n<link rel=\"canonical\" href=\"https:\/\/www.allgeier.com\/de\/pressroom\/press-releases\/allgeier-holding-ag-legt-jahresabschluss-2007-vor-3\/\" \/>\n<meta property=\"og:locale\" content=\"de_DE\" \/>\n<meta property=\"og:type\" content=\"article\" \/>\n<meta property=\"og:title\" content=\"Allgeier Holding AG legt Jahresabschluss 2007 vor - Allgeier SE\" \/>\n<meta property=\"og:description\" content=\"Allgeier Holding best\u00e4tigt die starken Gesch\u00e4ftsergebnisse 2007 und best\u00e4tigt eingeschlagene Strategie M\u00fcnchen, 30. April 2008 \u2013 Der Aufsichtsrat der Allgeier Holding AG hat dem testierten Jahresabschluss der Allgeier Holding AG und dem Konzernabschluss f\u00fcr das Jahr 2007 zugestimmt. Konz\" \/>\n<meta property=\"og:url\" content=\"https:\/\/www.allgeier.com\/de\/pressroom\/press-releases\/allgeier-holding-ag-legt-jahresabschluss-2007-vor-3\/\" \/>\n<meta property=\"og:site_name\" content=\"Allgeier SE\" \/>\n<meta property=\"article:modified_time\" content=\"2025-07-23T10:27:38+00:00\" \/>\n<meta name=\"twitter:card\" content=\"summary_large_image\" \/>\n<meta name=\"twitter:label1\" content=\"Gesch\u00e4tzte Lesezeit\" \/>\n\t<meta name=\"twitter:data1\" content=\"5\u00a0Minuten\" \/>\n<script type=\"application\/ld+json\" class=\"yoast-schema-graph\">{\"@context\":\"https:\\\/\\\/schema.org\",\"@graph\":[{\"@type\":\"WebPage\",\"@id\":\"https:\\\/\\\/www.allgeier.com\\\/de\\\/pressroom\\\/press-releases\\\/allgeier-holding-ag-legt-jahresabschluss-2007-vor-3\\\/\",\"url\":\"https:\\\/\\\/www.allgeier.com\\\/de\\\/pressroom\\\/press-releases\\\/allgeier-holding-ag-legt-jahresabschluss-2007-vor-3\\\/\",\"name\":\"Allgeier Holding AG legt Jahresabschluss 2007 vor - Allgeier SE\",\"isPartOf\":{\"@id\":\"https:\\\/\\\/www.allgeier.com\\\/de\\\/#website\"},\"datePublished\":\"2008-04-30T15:48:28+00:00\",\"dateModified\":\"2025-07-23T10:27:38+00:00\",\"breadcrumb\":{\"@id\":\"https:\\\/\\\/www.allgeier.com\\\/de\\\/pressroom\\\/press-releases\\\/allgeier-holding-ag-legt-jahresabschluss-2007-vor-3\\\/#breadcrumb\"},\"inLanguage\":\"de\",\"potentialAction\":[{\"@type\":\"ReadAction\",\"target\":[\"https:\\\/\\\/www.allgeier.com\\\/de\\\/pressroom\\\/press-releases\\\/allgeier-holding-ag-legt-jahresabschluss-2007-vor-3\\\/\"]}]},{\"@type\":\"BreadcrumbList\",\"@id\":\"https:\\\/\\\/www.allgeier.com\\\/de\\\/pressroom\\\/press-releases\\\/allgeier-holding-ag-legt-jahresabschluss-2007-vor-3\\\/#breadcrumb\",\"itemListElement\":[{\"@type\":\"ListItem\",\"position\":1,\"name\":\"Home\",\"item\":\"https:\\\/\\\/www.allgeier.com\\\/de\\\/\"},{\"@type\":\"ListItem\",\"position\":2,\"name\":\"Presse\",\"item\":\"https:\\\/\\\/www.allgeier.com\\\/de\\\/pressroom\\\/\"},{\"@type\":\"ListItem\",\"position\":3,\"name\":\"Pressemitteilungen\",\"item\":\"https:\\\/\\\/www.allgeier.com\\\/de\\\/pressroom\\\/press-releases\\\/\"},{\"@type\":\"ListItem\",\"position\":4,\"name\":\"Allgeier Holding AG legt Jahresabschluss 2007 vor\"}]},{\"@type\":\"WebSite\",\"@id\":\"https:\\\/\\\/www.allgeier.com\\\/de\\\/#website\",\"url\":\"https:\\\/\\\/www.allgeier.com\\\/de\\\/\",\"name\":\"Allgeier SE\",\"description\":\"Software &amp; IT Services for digital transformation\",\"potentialAction\":[{\"@type\":\"SearchAction\",\"target\":{\"@type\":\"EntryPoint\",\"urlTemplate\":\"https:\\\/\\\/www.allgeier.com\\\/de\\\/?s={search_term_string}\"},\"query-input\":{\"@type\":\"PropertyValueSpecification\",\"valueRequired\":true,\"valueName\":\"search_term_string\"}}],\"inLanguage\":\"de\"}]}<\/script>\n<!-- \/ Yoast SEO plugin. -->","yoast_head_json":{"title":"Allgeier Holding AG legt Jahresabschluss 2007 vor - Allgeier SE","robots":{"index":"index","follow":"follow","max-snippet":"max-snippet:-1","max-image-preview":"max-image-preview:large","max-video-preview":"max-video-preview:-1"},"canonical":"https:\/\/www.allgeier.com\/de\/pressroom\/press-releases\/allgeier-holding-ag-legt-jahresabschluss-2007-vor-3\/","og_locale":"de_DE","og_type":"article","og_title":"Allgeier Holding AG legt Jahresabschluss 2007 vor - Allgeier SE","og_description":"Allgeier Holding best\u00e4tigt die starken Gesch\u00e4ftsergebnisse 2007 und best\u00e4tigt eingeschlagene Strategie M\u00fcnchen, 30. April 2008 \u2013 Der Aufsichtsrat der Allgeier Holding AG hat dem testierten Jahresabschluss der Allgeier Holding AG und dem Konzernabschluss f\u00fcr das Jahr 2007 zugestimmt. Konz","og_url":"https:\/\/www.allgeier.com\/de\/pressroom\/press-releases\/allgeier-holding-ag-legt-jahresabschluss-2007-vor-3\/","og_site_name":"Allgeier SE","article_modified_time":"2025-07-23T10:27:38+00:00","twitter_card":"summary_large_image","twitter_misc":{"Gesch\u00e4tzte Lesezeit":"5\u00a0Minuten"},"schema":{"@context":"https:\/\/schema.org","@graph":[{"@type":"WebPage","@id":"https:\/\/www.allgeier.com\/de\/pressroom\/press-releases\/allgeier-holding-ag-legt-jahresabschluss-2007-vor-3\/","url":"https:\/\/www.allgeier.com\/de\/pressroom\/press-releases\/allgeier-holding-ag-legt-jahresabschluss-2007-vor-3\/","name":"Allgeier Holding AG legt Jahresabschluss 2007 vor - Allgeier SE","isPartOf":{"@id":"https:\/\/www.allgeier.com\/de\/#website"},"datePublished":"2008-04-30T15:48:28+00:00","dateModified":"2025-07-23T10:27:38+00:00","breadcrumb":{"@id":"https:\/\/www.allgeier.com\/de\/pressroom\/press-releases\/allgeier-holding-ag-legt-jahresabschluss-2007-vor-3\/#breadcrumb"},"inLanguage":"de","potentialAction":[{"@type":"ReadAction","target":["https:\/\/www.allgeier.com\/de\/pressroom\/press-releases\/allgeier-holding-ag-legt-jahresabschluss-2007-vor-3\/"]}]},{"@type":"BreadcrumbList","@id":"https:\/\/www.allgeier.com\/de\/pressroom\/press-releases\/allgeier-holding-ag-legt-jahresabschluss-2007-vor-3\/#breadcrumb","itemListElement":[{"@type":"ListItem","position":1,"name":"Home","item":"https:\/\/www.allgeier.com\/de\/"},{"@type":"ListItem","position":2,"name":"Presse","item":"https:\/\/www.allgeier.com\/de\/pressroom\/"},{"@type":"ListItem","position":3,"name":"Pressemitteilungen","item":"https:\/\/www.allgeier.com\/de\/pressroom\/press-releases\/"},{"@type":"ListItem","position":4,"name":"Allgeier Holding AG legt Jahresabschluss 2007 vor"}]},{"@type":"WebSite","@id":"https:\/\/www.allgeier.com\/de\/#website","url":"https:\/\/www.allgeier.com\/de\/","name":"Allgeier SE","description":"Software &amp; IT Services for digital transformation","potentialAction":[{"@type":"SearchAction","target":{"@type":"EntryPoint","urlTemplate":"https:\/\/www.allgeier.com\/de\/?s={search_term_string}"},"query-input":{"@type":"PropertyValueSpecification","valueRequired":true,"valueName":"search_term_string"}}],"inLanguage":"de"}]}},"_links":{"self":[{"href":"https:\/\/www.allgeier.com\/de\/wp-json\/wp\/v2\/pages\/7062","targetHints":{"allow":["GET"]}}],"collection":[{"href":"https:\/\/www.allgeier.com\/de\/wp-json\/wp\/v2\/pages"}],"about":[{"href":"https:\/\/www.allgeier.com\/de\/wp-json\/wp\/v2\/types\/page"}],"author":[{"embeddable":true,"href":"https:\/\/www.allgeier.com\/de\/wp-json\/wp\/v2\/users\/4"}],"replies":[{"embeddable":true,"href":"https:\/\/www.allgeier.com\/de\/wp-json\/wp\/v2\/comments?post=7062"}],"version-history":[{"count":1,"href":"https:\/\/www.allgeier.com\/de\/wp-json\/wp\/v2\/pages\/7062\/revisions"}],"predecessor-version":[{"id":7064,"href":"https:\/\/www.allgeier.com\/de\/wp-json\/wp\/v2\/pages\/7062\/revisions\/7064"}],"up":[{"embeddable":true,"href":"https:\/\/www.allgeier.com\/de\/wp-json\/wp\/v2\/pages\/1169"}],"wp:attachment":[{"href":"https:\/\/www.allgeier.com\/de\/wp-json\/wp\/v2\/media?parent=7062"}],"wp:term":[{"taxonomy":"category","embeddable":true,"href":"https:\/\/www.allgeier.com\/de\/wp-json\/wp\/v2\/categories?post=7062"},{"taxonomy":"post_tag","embeddable":true,"href":"https:\/\/www.allgeier.com\/de\/wp-json\/wp\/v2\/tags?post=7062"}],"curies":[{"name":"wp","href":"https:\/\/api.w.org\/{rel}","templated":true}]}}