{"id":7069,"date":"2007-12-04T08:17:23","date_gmt":"2007-12-04T09:17:23","guid":{"rendered":"https:\/\/www.allgeier.com\/de\/?page_id=7069"},"modified":"2025-07-23T10:27:38","modified_gmt":"2025-07-23T10:27:38","slug":"allgeier-holding-uebernimmt-manus-personaldienstleistungen-2","status":"publish","type":"page","link":"https:\/\/www.allgeier.com\/de\/pressroom\/press-releases\/allgeier-holding-uebernimmt-manus-personaldienstleistungen-2\/","title":{"rendered":"Allgeier Holding \u00fcbernimmt Manus Personaldienstleistungen"},"content":{"rendered":"<p><b>Allgeier Holding AG \/ Firmen\u00fcbernahme<\/b><\/p>\n<p>Ver\u00f6ffentlichung einer Corporate News, \u00fcbermittelt durch die DGAP &#8211; ein<br \/>\nUnternehmen der EquityStory AG.<br \/>\nF\u00fcr den Inhalt der Mitteilung ist der Emittent \/ Herausgeber verantwortlich.<br \/>\n&#8212;&#8212;&#8212;&#8212;&#8212;&#8212;&#8212;&#8212;&#8212;&#8212;&#8212;&#8212;&#8212;&#8212;&#8212;&#8212;&#8212;&#8212;&#8212;&#8212;&#8212;&#8212;&#8212;&#8212;&#8212;<\/p>\n<p>M\u00fcnchen, 3. Dezember 2007. Die Allgeier Holding AG hat sich mit den<br \/>\nGesellschaftern der Manus Gruppe, Hanau und Leimbach, \u00fcber den Erwerb der<br \/>\nGesch\u00e4fts- und Kommanditanteile der Manus Gruppe geeinigt. Der<br \/>\nGesamtkaufpreis liegt im unteren zweistelligen Millionenbereich und enth\u00e4lt<br \/>\nergebnisabh\u00e4ngige Earn-Out-Komponenten.<\/p>\n<p>Mit der \u00dcbernahme von Manus baut die Allgeier-Dienstleistungs\u00acgruppe, die<br \/>\nin den beiden Wachstums\u00acm\u00e4rkten IT- und Personal-Services (Zeitarbeit)<br \/>\naktiv ist, ihre Position im Markt f\u00fcr Personal-Services weiter aus und<br \/>\nfestigt ihre Stellung unter den Top 10 der Zeitarbeitsfirmen in<br \/>\nDeutschland. Durch den Erwerb der Manus Gruppe konnte Allgeier ihre<br \/>\nFl\u00e4chenabdeckung insbesondere in Hessen und Th\u00fcringen weiter vergr\u00f6\u00dfern und<br \/>\nverf\u00fcgt nun deutschlandweit \u00fcber knapp 100 Niederlassungen.<\/p>\n<p>Allgeier geh\u00f6rt zu den am schnellsten wachsenden Anbietern<\/p>\n<p>Nach dem Erwerb der Gesellschaften Procur Personaldienst\u00acleistungen GmbH,<br \/>\nABETEC GmbH und der TWO Personal Leasing Gruppe ist Manus die vierte<br \/>\nAkquisition der Allgeier Holding im Gesch\u00e4ftsbereich Personal-Services in<br \/>\ndiesem Jahr. Insgesamt wurden damit im Jahr 2007 Gesellschaften mit einem<br \/>\nUmsatz\u00acvolumen von rund 50 Millionen Euro auf der Basis von 2006<br \/>\n\u00fcbernommen. Alle erworbenen Gesellschaften wachsen stark und werden bereits<br \/>\nin diesem Jahr einen deutlich h\u00f6heren Umsatzbeitrag zur Gruppe leisten.<br \/>\nDamit geh\u00f6rt die Allgeier Holding nach den gro\u00dfen \u2013 im Wesentlichen vom<br \/>\nAusland beherrschten \u2013 Firmen zu den f\u00fchrenden und am schnellsten<br \/>\nwachsenden Anbietern im deutschen Zeitarbeitsmarkt.<\/p>\n<p>Die Manus Gruppe besteht aus den Gesellschaften Manus<br \/>\nPersonaldienstleistungen Th\u00fcringen GmbH mit Sitz in Leimbach, Manus<br \/>\nPersonaldienstleistungen Hanau GmbH &amp; Co. KG mit Sitz in Hanau sowie Manus<br \/>\nHolding GmbH &amp; Co. KG mit Sitz in Hanau. Die Gruppe bietet ihren Kunden<br \/>\nServices in den Bereichen Personal\u00acdienstleistungen und<br \/>\nPersonalvermittlung. Das urspr\u00fcngliche Kerngesch\u00e4ft der<br \/>\nArbeitnehmer\u00fcberlassung im handwerklich-technischen Bereich wurde in den<br \/>\nvergangenen Jahren durch die \u00dcbernahme von Auftr\u00e4gen aus dem kaufm\u00e4nnischen<br \/>\nBereich ausgebaut.<\/p>\n<p>Nachhaltiges Wachstum<\/p>\n<p>Im Gesch\u00e4ftsjahr 2006 erzielte die Manus Gruppe mit zirka 800 Mitarbeitern<br \/>\neinen Umsatz von rund 21 Millionen Euro. Sie erwirtschaftet seit Jahren ein<br \/>\npositives Ergebnis und befindet sich auf einem nachhaltigen Wachstumskurs.<br \/>\nSo konnte in den ersten drei Quartalen diesen Jahres ein Umsatzwachstum von<br \/>\nrund 37 Prozent gegen\u00fcber dem Vorjahreszeitraum erzielt werden.<\/p>\n<p>Die Gesch\u00e4ftsf\u00fchrer der Manus Gruppe, Dipl.-Ing. Hubert R\u00fcbsam und Dipl.<br \/>\nBetriebswirtin Brigitte R\u00fcbsam, sowie Dipl.-Betriebswirt Gerd Gansen<br \/>\nbleiben weiterhin in ihren Positionen t\u00e4tig. Gerd Gansen, Gesch\u00e4ftsf\u00fchrer<br \/>\nder Manus Personaldienstleistungen Th\u00fcringen GmbH, beteiligt sich ferner im<br \/>\nZuge der Transaktion mit zehn Prozent am Stammkapital der PS 3 MBO GmbH,<br \/>\nder Erwerbergesellschaft der Manus Gruppe.<\/p>\n<p>Akquisitionsstrategie wird fortgesetzt<\/p>\n<p>Allgeier setzt die Strategie, das interne Wachstum der<br \/>\nGruppengesellschaften durch wertsteigernde Akquisitionen zu unterst\u00fctzen,<br \/>\nweiterhin fort. Dazu werden st\u00e4ndig Gespr\u00e4che mit verschiedenen Unternehmen<br \/>\ngef\u00fchrt, die das Leistungsportfolio der Gruppe strategisch sinnvoll<br \/>\nverst\u00e4rken k\u00f6nnen. In 2008 rechnet das Management mit weiteren<br \/>\nAkquisitionen in beiden Gesch\u00e4fts\u00acbereichen.<\/p>\n<p>Allgeier Holding AG<br \/>\nDr. Holger von Daniels<br \/>\nWehrlestra\u00dfe 12<br \/>\nD-81679 M\u00fcnchen<br \/>\nTel.: 089-998421-0<br \/>\nFax: 089-998421-11<br \/>\nwww.allgeier-holding.de<\/p>\n<p>Kurzprofil Allgeier Holding AG:<br \/>\nDie Allgeier Holding AG ist eine Dienstleistungsgruppe, die in den zwei<br \/>\nWachstumsm\u00e4rkten IT- und Personal-Services (Zeitarbeit) aktiv ist. Die<br \/>\nGesellschaften im Bereich Personalservice bieten flexible Personalkapazit\u00e4t<br \/>\nund Know-how \u2013 von der Aushilfe bis zum Interimsmanager. Im Bereich<br \/>\nIT-Services werden Kunden bei der Umsetzung von Innovationen, der<br \/>\nVerbesserung des Informationsflusses und der Optimierung von<br \/>\nGesch\u00e4ftsprozessen unterst\u00fctzt. Die Unternehmen innerhalb von Allgeier<br \/>\narbeiten eigenst\u00e4ndig mit allen Vorteilen mittelst\u00e4ndischer Flexibilit\u00e4t,<br \/>\nSchnelligkeit, Serviceorientierung und Innovations\u00ackraft. Unter dem Dach<br \/>\nvon Allgeier verbinden sich diese Vorteile mit der Nutzung von Synergien,<br \/>\nder Sicherheit und der Schlagkraft einer f\u00fchrenden b\u00f6rsennotierten<br \/>\nUnternehmensgruppe. Durch ein breites Service-Leistungsspektrum sowie<br \/>\ngeb\u00fcndelte Kompetenz und Gr\u00f6\u00dfe werden nachhaltig steigende Werte f\u00fcr Kunden<br \/>\nund Investoren geschaffen. Die Allgeier-Gruppe besch\u00e4ftigt zurzeit rund<br \/>\n8.800 Mit\u00acarbeiter und kann auf \u00fcber 4.500 Kunden verweisen. Die Allgeier<br \/>\nHolding AG ist am Geregelten Markt der Frankfurter B\u00f6rse im Segment General<br \/>\nStandard notiert (WKN 508630\/ISIN DE000508630). Weitere Informationen<br \/>\nunter: www.allgeier.com.<\/p>\n<p>Wichtiger Hinweis:<br \/>\nDiese Mitteilung enth\u00e4lt in die Zukunft gerichtete Aussagen, die auf<br \/>\nAnnahmen und Sch\u00e4tzungen der Unternehmensleitung der Allgeier Holding AG<br \/>\nberuhen. Auch wenn die Unternehmensleitung der Ansicht ist, dass diese<br \/>\nAnnahmen und Sch\u00e4tzungen zutreffend sind, k\u00f6nnen die k\u00fcnftige tats\u00e4chliche<br \/>\nEntwicklung und die k\u00fcnftigen tats\u00e4chlichen Ergebnisse von diesen Annahmen<br \/>\nund Sch\u00e4tzungen aufgrund vielf\u00e4ltiger Faktoren erheblich abweichen. Zu<br \/>\ndiesen Faktoren k\u00f6nnen beispielsweise die Ver\u00e4nderung der<br \/>\ngesamtwirtschaftlichen Lage, der Wechsel\u00ackurse, der Zinss\u00e4tze sowie<br \/>\nVer\u00e4nderungen innerhalb der Marktentwicklung und der sich ver\u00e4nderten<br \/>\nWettbewerbssituation geh\u00f6ren. Die Allgeier Holding AG \u00fcbernimmt keine<br \/>\nGew\u00e4hrleistung und keine Haftung daf\u00fcr, dass die k\u00fcnftige Entwicklung und<br \/>\ndie k\u00fcnftig erzielten tats\u00e4chlichen Ergebnisse mit den in dieser<br \/>\nAd-hoc-Mitteilung\/Pressemitteilung ge\u00e4u\u00dferten Annahmen und Sch\u00e4tzungen<br \/>\n\u00fcbereinstimmen werden.<\/p>\n<p>04.12.2007  Finanznachrichten \u00fcbermittelt durch die DGAP<br \/>\n&#8212;&#8212;&#8212;&#8212;&#8212;&#8212;&#8212;&#8212;&#8212;&#8212;&#8212;&#8212;&#8212;&#8212;&#8212;&#8212;&#8212;&#8212;&#8212;&#8212;&#8212;&#8212;&#8212;&#8212;&#8212;<\/p>\n<p>Sprache:      Deutsch<br \/>\nEmittent:     Allgeier Holding AG<br \/>\n              Wehrlestrasse 12<br \/>\n              81679 M\u00fcnchen<br \/>\n              Deutschland<br \/>\nTelefon:      +49 (0)89 998 421-0<br \/>\nFax:          +49 (0)89 998 421-11<br \/>\nE-mail:       info@allgeier.com<br \/>\nInternet:     www.allgeier-holding.com<br \/>\nISIN:         DE0005086300<br \/>\nWKN:          508630<br \/>\nIndizes:      CDAX<br \/>\nB\u00f6rsen:       Regulierter Markt in Frankfurt (General Standard);<br \/>\n              Freiverkehr in Berlin, Stuttgart, Hamburg, D\u00fcsseldorf<\/p>\n<p>Ende der Mitteilung                             DGAP News-Service<\/p>\n<p>&#8212;&#8212;&#8212;&#8212;&#8212;&#8212;&#8212;&#8212;&#8212;&#8212;&#8212;&#8212;&#8212;&#8212;&#8212;&#8212;&#8212;&#8212;&#8212;&#8212;&#8212;&#8212;&#8212;&#8212;&#8212;<\/p>\n","protected":false},"excerpt":{"rendered":"<p>M\u00fcnchen, 3. Dezember 2007. Die Allgeier Holding AG hat sich mit den Gesellschaftern der Manus Gruppe, Hanau und Leimbach, \u00fcber den Erwerb der Gesch\u00e4fts- und Kommanditanteile der Manus Gruppe geeinigt. Der Gesamtkaufpreis liegt im unteren zweistelligen Millionenbereich und enth\u00e4lt ergebnisa<\/p>\n","protected":false},"author":4,"featured_media":0,"parent":1169,"menu_order":0,"comment_status":"close","ping_status":"closed","template":"","meta":{"_acf_changed":false,"footnotes":""},"categories":[],"tags":[],"class_list":["post-7069","page","type-page","status-publish","hentry"],"acf":[],"yoast_head":"<!-- This site is optimized with the Yoast SEO plugin v27.4 - https:\/\/yoast.com\/product\/yoast-seo-wordpress\/ -->\n<title>Allgeier Holding \u00fcbernimmt Manus Personaldienstleistungen - Allgeier SE<\/title>\n<meta name=\"robots\" content=\"index, follow, max-snippet:-1, max-image-preview:large, max-video-preview:-1\" \/>\n<link rel=\"canonical\" href=\"https:\/\/www.allgeier.com\/de\/pressroom\/press-releases\/allgeier-holding-uebernimmt-manus-personaldienstleistungen-2\/\" \/>\n<meta property=\"og:locale\" content=\"de_DE\" \/>\n<meta property=\"og:type\" content=\"article\" \/>\n<meta property=\"og:title\" content=\"Allgeier Holding \u00fcbernimmt Manus Personaldienstleistungen - Allgeier SE\" \/>\n<meta property=\"og:description\" content=\"M\u00fcnchen, 3. Dezember 2007. Die Allgeier Holding AG hat sich mit den Gesellschaftern der Manus Gruppe, Hanau und Leimbach, \u00fcber den Erwerb der Gesch\u00e4fts- und Kommanditanteile der Manus Gruppe geeinigt. Der Gesamtkaufpreis liegt im unteren zweistelligen Millionenbereich und enth\u00e4lt ergebnisa\" \/>\n<meta property=\"og:url\" content=\"https:\/\/www.allgeier.com\/de\/pressroom\/press-releases\/allgeier-holding-uebernimmt-manus-personaldienstleistungen-2\/\" \/>\n<meta property=\"og:site_name\" content=\"Allgeier SE\" \/>\n<meta property=\"article:modified_time\" content=\"2025-07-23T10:27:38+00:00\" \/>\n<meta name=\"twitter:card\" content=\"summary_large_image\" \/>\n<meta name=\"twitter:label1\" content=\"Gesch\u00e4tzte Lesezeit\" \/>\n\t<meta name=\"twitter:data1\" content=\"4\u00a0Minuten\" \/>\n<script type=\"application\/ld+json\" class=\"yoast-schema-graph\">{\"@context\":\"https:\\\/\\\/schema.org\",\"@graph\":[{\"@type\":\"WebPage\",\"@id\":\"https:\\\/\\\/www.allgeier.com\\\/de\\\/pressroom\\\/press-releases\\\/allgeier-holding-uebernimmt-manus-personaldienstleistungen-2\\\/\",\"url\":\"https:\\\/\\\/www.allgeier.com\\\/de\\\/pressroom\\\/press-releases\\\/allgeier-holding-uebernimmt-manus-personaldienstleistungen-2\\\/\",\"name\":\"Allgeier Holding \u00fcbernimmt Manus Personaldienstleistungen - Allgeier SE\",\"isPartOf\":{\"@id\":\"https:\\\/\\\/www.allgeier.com\\\/de\\\/#website\"},\"datePublished\":\"2007-12-04T09:17:23+00:00\",\"dateModified\":\"2025-07-23T10:27:38+00:00\",\"breadcrumb\":{\"@id\":\"https:\\\/\\\/www.allgeier.com\\\/de\\\/pressroom\\\/press-releases\\\/allgeier-holding-uebernimmt-manus-personaldienstleistungen-2\\\/#breadcrumb\"},\"inLanguage\":\"de\",\"potentialAction\":[{\"@type\":\"ReadAction\",\"target\":[\"https:\\\/\\\/www.allgeier.com\\\/de\\\/pressroom\\\/press-releases\\\/allgeier-holding-uebernimmt-manus-personaldienstleistungen-2\\\/\"]}]},{\"@type\":\"BreadcrumbList\",\"@id\":\"https:\\\/\\\/www.allgeier.com\\\/de\\\/pressroom\\\/press-releases\\\/allgeier-holding-uebernimmt-manus-personaldienstleistungen-2\\\/#breadcrumb\",\"itemListElement\":[{\"@type\":\"ListItem\",\"position\":1,\"name\":\"Home\",\"item\":\"https:\\\/\\\/www.allgeier.com\\\/de\\\/\"},{\"@type\":\"ListItem\",\"position\":2,\"name\":\"Presse\",\"item\":\"https:\\\/\\\/www.allgeier.com\\\/de\\\/pressroom\\\/\"},{\"@type\":\"ListItem\",\"position\":3,\"name\":\"Pressemitteilungen\",\"item\":\"https:\\\/\\\/www.allgeier.com\\\/de\\\/pressroom\\\/press-releases\\\/\"},{\"@type\":\"ListItem\",\"position\":4,\"name\":\"Allgeier Holding \u00fcbernimmt Manus Personaldienstleistungen\"}]},{\"@type\":\"WebSite\",\"@id\":\"https:\\\/\\\/www.allgeier.com\\\/de\\\/#website\",\"url\":\"https:\\\/\\\/www.allgeier.com\\\/de\\\/\",\"name\":\"Allgeier SE\",\"description\":\"Software &amp; IT Services for digital transformation\",\"potentialAction\":[{\"@type\":\"SearchAction\",\"target\":{\"@type\":\"EntryPoint\",\"urlTemplate\":\"https:\\\/\\\/www.allgeier.com\\\/de\\\/?s={search_term_string}\"},\"query-input\":{\"@type\":\"PropertyValueSpecification\",\"valueRequired\":true,\"valueName\":\"search_term_string\"}}],\"inLanguage\":\"de\"}]}<\/script>\n<!-- \/ Yoast SEO plugin. -->","yoast_head_json":{"title":"Allgeier Holding \u00fcbernimmt Manus Personaldienstleistungen - Allgeier SE","robots":{"index":"index","follow":"follow","max-snippet":"max-snippet:-1","max-image-preview":"max-image-preview:large","max-video-preview":"max-video-preview:-1"},"canonical":"https:\/\/www.allgeier.com\/de\/pressroom\/press-releases\/allgeier-holding-uebernimmt-manus-personaldienstleistungen-2\/","og_locale":"de_DE","og_type":"article","og_title":"Allgeier Holding \u00fcbernimmt Manus Personaldienstleistungen - Allgeier SE","og_description":"M\u00fcnchen, 3. Dezember 2007. Die Allgeier Holding AG hat sich mit den Gesellschaftern der Manus Gruppe, Hanau und Leimbach, \u00fcber den Erwerb der Gesch\u00e4fts- und Kommanditanteile der Manus Gruppe geeinigt. Der Gesamtkaufpreis liegt im unteren zweistelligen Millionenbereich und enth\u00e4lt ergebnisa","og_url":"https:\/\/www.allgeier.com\/de\/pressroom\/press-releases\/allgeier-holding-uebernimmt-manus-personaldienstleistungen-2\/","og_site_name":"Allgeier SE","article_modified_time":"2025-07-23T10:27:38+00:00","twitter_card":"summary_large_image","twitter_misc":{"Gesch\u00e4tzte Lesezeit":"4\u00a0Minuten"},"schema":{"@context":"https:\/\/schema.org","@graph":[{"@type":"WebPage","@id":"https:\/\/www.allgeier.com\/de\/pressroom\/press-releases\/allgeier-holding-uebernimmt-manus-personaldienstleistungen-2\/","url":"https:\/\/www.allgeier.com\/de\/pressroom\/press-releases\/allgeier-holding-uebernimmt-manus-personaldienstleistungen-2\/","name":"Allgeier Holding \u00fcbernimmt Manus Personaldienstleistungen - Allgeier SE","isPartOf":{"@id":"https:\/\/www.allgeier.com\/de\/#website"},"datePublished":"2007-12-04T09:17:23+00:00","dateModified":"2025-07-23T10:27:38+00:00","breadcrumb":{"@id":"https:\/\/www.allgeier.com\/de\/pressroom\/press-releases\/allgeier-holding-uebernimmt-manus-personaldienstleistungen-2\/#breadcrumb"},"inLanguage":"de","potentialAction":[{"@type":"ReadAction","target":["https:\/\/www.allgeier.com\/de\/pressroom\/press-releases\/allgeier-holding-uebernimmt-manus-personaldienstleistungen-2\/"]}]},{"@type":"BreadcrumbList","@id":"https:\/\/www.allgeier.com\/de\/pressroom\/press-releases\/allgeier-holding-uebernimmt-manus-personaldienstleistungen-2\/#breadcrumb","itemListElement":[{"@type":"ListItem","position":1,"name":"Home","item":"https:\/\/www.allgeier.com\/de\/"},{"@type":"ListItem","position":2,"name":"Presse","item":"https:\/\/www.allgeier.com\/de\/pressroom\/"},{"@type":"ListItem","position":3,"name":"Pressemitteilungen","item":"https:\/\/www.allgeier.com\/de\/pressroom\/press-releases\/"},{"@type":"ListItem","position":4,"name":"Allgeier Holding \u00fcbernimmt Manus Personaldienstleistungen"}]},{"@type":"WebSite","@id":"https:\/\/www.allgeier.com\/de\/#website","url":"https:\/\/www.allgeier.com\/de\/","name":"Allgeier SE","description":"Software &amp; IT Services for digital transformation","potentialAction":[{"@type":"SearchAction","target":{"@type":"EntryPoint","urlTemplate":"https:\/\/www.allgeier.com\/de\/?s={search_term_string}"},"query-input":{"@type":"PropertyValueSpecification","valueRequired":true,"valueName":"search_term_string"}}],"inLanguage":"de"}]}},"_links":{"self":[{"href":"https:\/\/www.allgeier.com\/de\/wp-json\/wp\/v2\/pages\/7069","targetHints":{"allow":["GET"]}}],"collection":[{"href":"https:\/\/www.allgeier.com\/de\/wp-json\/wp\/v2\/pages"}],"about":[{"href":"https:\/\/www.allgeier.com\/de\/wp-json\/wp\/v2\/types\/page"}],"author":[{"embeddable":true,"href":"https:\/\/www.allgeier.com\/de\/wp-json\/wp\/v2\/users\/4"}],"replies":[{"embeddable":true,"href":"https:\/\/www.allgeier.com\/de\/wp-json\/wp\/v2\/comments?post=7069"}],"version-history":[{"count":1,"href":"https:\/\/www.allgeier.com\/de\/wp-json\/wp\/v2\/pages\/7069\/revisions"}],"predecessor-version":[{"id":7071,"href":"https:\/\/www.allgeier.com\/de\/wp-json\/wp\/v2\/pages\/7069\/revisions\/7071"}],"up":[{"embeddable":true,"href":"https:\/\/www.allgeier.com\/de\/wp-json\/wp\/v2\/pages\/1169"}],"wp:attachment":[{"href":"https:\/\/www.allgeier.com\/de\/wp-json\/wp\/v2\/media?parent=7069"}],"wp:term":[{"taxonomy":"category","embeddable":true,"href":"https:\/\/www.allgeier.com\/de\/wp-json\/wp\/v2\/categories?post=7069"},{"taxonomy":"post_tag","embeddable":true,"href":"https:\/\/www.allgeier.com\/de\/wp-json\/wp\/v2\/tags?post=7069"}],"curies":[{"name":"wp","href":"https:\/\/api.w.org\/{rel}","templated":true}]}}