{"id":7074,"date":"2007-09-12T10:51:04","date_gmt":"2007-09-12T10:51:04","guid":{"rendered":"https:\/\/www.allgeier.com\/de\/?page_id=7074"},"modified":"2025-07-23T10:27:38","modified_gmt":"2025-07-23T10:27:38","slug":"allgeier-holding-ag-bekanntmachung-ueber-kapitalerhoehung-aus-gesellschaftsmitteln-und-die-zuteilung-von-berichtigungsaktien-3","status":"publish","type":"page","link":"https:\/\/www.allgeier.com\/de\/pressroom\/press-releases\/allgeier-holding-ag-bekanntmachung-ueber-kapitalerhoehung-aus-gesellschaftsmitteln-und-die-zuteilung-von-berichtigungsaktien-3\/","title":{"rendered":"ALLGEIER HOLDING AG: Bekanntmachung \u00fcber Kapitalerh\u00f6hung aus Gesellschaftsmitteln und die Zuteilung von Berichtigungsaktien"},"content":{"rendered":"<p><b>Allgeier Holding AG \/ Kapitalerh\u00f6hung<\/b><\/p>\n<p>Ver\u00f6ffentlichung einer Corporate News, \u00fcbermittelt durch die DGAP &#8211; ein<br \/>\nUnternehmen der EquityStory AG.<br \/>\nF\u00fcr den Inhalt der Mitteilung ist der Emittent \/ Herausgeber verantwortlich.<br \/>\n&#8212;&#8212;&#8212;&#8212;&#8212;&#8212;&#8212;&#8212;&#8212;&#8212;&#8212;&#8212;&#8212;&#8212;&#8212;&#8212;&#8212;&#8212;&#8212;&#8212;&#8212;&#8212;&#8212;&#8212;&#8212;<\/p>\n<p>Die ordentliche Hauptversammlung der Allgeier Holding AG vom 11. Juli 2007<br \/>\nhat beschlossen, das Grundkapital der Gesellschaft aus Gesellschaftsmitteln<br \/>\nvon EUR 4.535.750,00 um EUR 4.535.750,00 auf EUR 9.071.500,00 nach den<br \/>\nVorschriften der \u00a7\u00a7 207 ff. AktG zu erh\u00f6hen. Die Kapitalerh\u00f6hung erfolgt<br \/>\ngegen Ausgabe von St\u00fcck 4.535.750 neuen, auf den Inhaber lautenden<br \/>\nSt\u00fcckaktien, die an die Aktion\u00e4re der Allgeier Holding AG im Verh\u00e4ltnis 1:1<br \/>\nausgegeben werden.<\/p>\n<p>Die Zuteilung der neuen Berechtigungsaktien erfolgte f\u00fcr die berechtigten<br \/>\nAktion\u00e4re nach Ma\u00dfgabe der Best\u00e4nde an bestehenden St\u00fcckaktien zum<br \/>\nB\u00f6rsenschluss am 11.09.2007 mittels Depotgutschrift.<\/p>\n<p>Die zum geregelten Markt an der Frankfurter Wertpapierb\u00f6rse zugelassenen<br \/>\nBerechtigungsaktien werden ab heute, 12.09.2007, in die Notierung der<br \/>\nSt\u00fcckaktien der Allgeier Holding AG einbezogen. Vom gleichen Tag an<br \/>\nversteht sich die Notierung der St\u00fcckaktien der Allgeier Holding AG damit<br \/>\nals &#8218;ex Berechtigungsaktien&#8216;.<\/p>\n<p>Kontakt:<br \/>\nCarl Georg D\u00fcrschmidt<br \/>\nVorsitzender des Vorstands<br \/>\nAllgeier Holding AG<br \/>\nWehrlestr. 12<br \/>\n81679 M\u00fcnchen<br \/>\nTel. 089-998421-0<br \/>\nFax  089-998421-11<br \/>\nwww.allgeier.com<\/p>\n<p>Kurzprofil Allgeier Holding AG:<br \/>\nDie Allgeier Holding AG ist eine Dienstleistungsgruppe, die in den zwei<br \/>\nWachstumsm\u00e4rkten IT- und Personal-Services (Zeitarbeit) aktiv ist. Die<br \/>\nGesellschaften im Bereich Personal Service bieten flexible<br \/>\nPersonalkapazit\u00e4t und Know-how \u2013 von der Aushilfe bis zum Interimsmanager.<br \/>\nIm Bereich IT-Service werden Kunden bei der Umsetzung von Innovationen, der<br \/>\nVerbesserung des Informationsflusses und der Optimierung von<br \/>\nGesch\u00e4ftsprozessen unterst\u00fctzt. Die Unternehmen innerhalb von Allgeier<br \/>\narbeiten eigenst\u00e4ndig mit allen Vorteilen mittelst\u00e4ndischer Flexibilit\u00e4t,<br \/>\nSchnelligkeit, Serviceorientierung und Innovationskraft. Unter dem Dach von<br \/>\nAllgeier verbinden sich diese Vorteile mit der Nutzung von Synergien, der<br \/>\nSicherheit und der Schlagkraft einer f\u00fchrenden b\u00f6rsennotierten<br \/>\nUnternehmensgruppe. Durch ein breites Service-Leistungsspektrum sowie<br \/>\ngeb\u00fcndelte Kompetenz und Gr\u00f6\u00dfe werden nachhaltig steigende Werte f\u00fcr Kunden<br \/>\nund Investoren geschaffen. Die Allgeier-Gruppe besch\u00e4ftigt zurzeit rund<br \/>\n7.500 Mitarbeiter und kann auf \u00fcber 3.500 Kunden verweisen. Laut Guidance<br \/>\npeilt Allgeier im Gesch\u00e4ftsjahr 2007 einen Umsatz von 295 Millionen Euro<br \/>\nan. Die Allgeier Holding AG ist am Geregelten Markt der Frankfurter B\u00f6rse<br \/>\nim Segment General Standard notiert (WKN 508630\/ISIN DE000508630). Weitere<br \/>\nInformationen unter: www.allgeier.com<\/p>\n<p>Wichtiger Hinweis:<br \/>\nDiese Ad-hoc Mitteilung\/Pressemitteilung enth\u00e4lt in die Zukunft gerichtete<br \/>\nAussagen, die auf Annahmen und Sch\u00e4tzungen der Unternehmensleitung der<br \/>\nAllgeier Holding AG beruhen. Auch wenn die Unternehmensleitung der Ansicht<br \/>\nist, dass diese Annahmen und Sch\u00e4tzungen zutreffend sind, k\u00f6nnen die<br \/>\nk\u00fcnftige tats\u00e4chliche Entwicklung und die k\u00fcnftigen tats\u00e4chlichen<br \/>\nErgebnisse von diesen Annahmen und Sch\u00e4tzungen aufgrund vielf\u00e4ltiger<br \/>\nFaktoren erheblich abweichen. Zu diesen Faktoren k\u00f6nnen beispielsweise die<br \/>\nVer\u00e4nderung der gesamtwirtschaftlichen Lage, der Wechselkurse, der<br \/>\nZinss\u00e4tze sowie Ver\u00e4nderungen innerhalb der Marktentwicklung und der sich<br \/>\nver\u00e4nderten Wettbewerbssituation geh\u00f6ren. Die Allgeier Holding AG \u00fcbernimmt<br \/>\nkeine Gew\u00e4hrleistung und keine Haftung daf\u00fcr, dass die k\u00fcnftige Entwicklung<br \/>\nund die k\u00fcnftig erzielten tats\u00e4chlichen Ergebnisse mit den in dieser Ad-hoc<br \/>\nMitteilung\/Pressemitteilung ge\u00e4u\u00dferten Annahmen und Sch\u00e4tzungen<br \/>\n\u00fcbereinstimmen werden.<\/p>\n<p>12.09.2007  Finanznachrichten \u00fcbermittelt durch die DGAP<br \/>\n&#8212;&#8212;&#8212;&#8212;&#8212;&#8212;&#8212;&#8212;&#8212;&#8212;&#8212;&#8212;&#8212;&#8212;&#8212;&#8212;&#8212;&#8212;&#8212;&#8212;&#8212;&#8212;&#8212;&#8212;&#8212;<\/p>\n<p>Sprache:      Deutsch<br \/>\nEmittent:     Allgeier Holding AG<br \/>\n              Wehrlestrasse 12<br \/>\n              81679 M\u00fcnchen<br \/>\n              Deutschland<br \/>\nTelefon:      +49 (0)89 998 421-0<br \/>\nFax:          +49 (0)89 998 421-11<br \/>\nE-mail:       info@allgeier.com<br \/>\nInternet:     www.allgeier-holding.com<br \/>\nISIN:         DE0005086300<br \/>\nWKN:          508630<br \/>\nIndizes:      CDAX<br \/>\nB\u00f6rsen:       Geregelter Markt in Frankfurt (General Standard); Freiverkehr<br \/>\n              in Berlin, Stuttgart, Hamburg, D\u00fcsseldorf<\/p>\n<p>Ende der Mitteilung                             DGAP News-Service<\/p>\n<p>&#8212;&#8212;&#8212;&#8212;&#8212;&#8212;&#8212;&#8212;&#8212;&#8212;&#8212;&#8212;&#8212;&#8212;&#8212;&#8212;&#8212;&#8212;&#8212;&#8212;&#8212;&#8212;&#8212;&#8212;&#8212;<\/p>\n","protected":false},"excerpt":{"rendered":"<p>Die ordentliche Hauptversammlung der Allgeier Holding AG vom 11. Juli 2007 hat beschlossen, das Grundkapital der Gesellschaft aus Gesellschaftsmitteln von EUR 4.535.750,00 um EUR 4.535.750,00 auf EUR 9.071.500,00 nach den Vorschriften der \u00a7\u00a7 207 ff. AktG zu erh\u00f6hen. Die Kapitalerh\u00f6hung erf<\/p>\n","protected":false},"author":4,"featured_media":0,"parent":1169,"menu_order":0,"comment_status":"close","ping_status":"closed","template":"","meta":{"_acf_changed":false,"footnotes":""},"categories":[],"tags":[],"class_list":["post-7074","page","type-page","status-publish","hentry"],"acf":[],"yoast_head":"<!-- This site is optimized with the Yoast SEO plugin v27.4 - https:\/\/yoast.com\/product\/yoast-seo-wordpress\/ -->\n<title>ALLGEIER HOLDING AG: Bekanntmachung \u00fcber Kapitalerh\u00f6hung aus Gesellschaftsmitteln und die Zuteilung von Berichtigungsaktien - Allgeier SE<\/title>\n<meta name=\"robots\" content=\"index, follow, max-snippet:-1, max-image-preview:large, max-video-preview:-1\" \/>\n<link rel=\"canonical\" href=\"https:\/\/www.allgeier.com\/de\/pressroom\/press-releases\/allgeier-holding-ag-bekanntmachung-ueber-kapitalerhoehung-aus-gesellschaftsmitteln-und-die-zuteilung-von-berichtigungsaktien-3\/\" \/>\n<meta property=\"og:locale\" content=\"de_DE\" \/>\n<meta property=\"og:type\" content=\"article\" \/>\n<meta property=\"og:title\" content=\"ALLGEIER HOLDING AG: Bekanntmachung \u00fcber Kapitalerh\u00f6hung aus Gesellschaftsmitteln und die Zuteilung von Berichtigungsaktien - Allgeier SE\" \/>\n<meta property=\"og:description\" content=\"Die ordentliche Hauptversammlung der Allgeier Holding AG vom 11. Juli 2007 hat beschlossen, das Grundkapital der Gesellschaft aus Gesellschaftsmitteln von EUR 4.535.750,00 um EUR 4.535.750,00 auf EUR 9.071.500,00 nach den Vorschriften der \u00a7\u00a7 207 ff. AktG zu erh\u00f6hen. Die Kapitalerh\u00f6hung erf\" \/>\n<meta property=\"og:url\" content=\"https:\/\/www.allgeier.com\/de\/pressroom\/press-releases\/allgeier-holding-ag-bekanntmachung-ueber-kapitalerhoehung-aus-gesellschaftsmitteln-und-die-zuteilung-von-berichtigungsaktien-3\/\" \/>\n<meta property=\"og:site_name\" content=\"Allgeier SE\" \/>\n<meta property=\"article:modified_time\" content=\"2025-07-23T10:27:38+00:00\" \/>\n<meta name=\"twitter:card\" content=\"summary_large_image\" \/>\n<meta name=\"twitter:label1\" content=\"Gesch\u00e4tzte Lesezeit\" \/>\n\t<meta name=\"twitter:data1\" content=\"3\u00a0Minuten\" \/>\n<script type=\"application\/ld+json\" class=\"yoast-schema-graph\">{\"@context\":\"https:\\\/\\\/schema.org\",\"@graph\":[{\"@type\":\"WebPage\",\"@id\":\"https:\\\/\\\/www.allgeier.com\\\/de\\\/pressroom\\\/press-releases\\\/allgeier-holding-ag-bekanntmachung-ueber-kapitalerhoehung-aus-gesellschaftsmitteln-und-die-zuteilung-von-berichtigungsaktien-3\\\/\",\"url\":\"https:\\\/\\\/www.allgeier.com\\\/de\\\/pressroom\\\/press-releases\\\/allgeier-holding-ag-bekanntmachung-ueber-kapitalerhoehung-aus-gesellschaftsmitteln-und-die-zuteilung-von-berichtigungsaktien-3\\\/\",\"name\":\"ALLGEIER HOLDING AG: Bekanntmachung \u00fcber Kapitalerh\u00f6hung aus Gesellschaftsmitteln und die Zuteilung von Berichtigungsaktien - Allgeier SE\",\"isPartOf\":{\"@id\":\"https:\\\/\\\/www.allgeier.com\\\/de\\\/#website\"},\"datePublished\":\"2007-09-12T10:51:04+00:00\",\"dateModified\":\"2025-07-23T10:27:38+00:00\",\"breadcrumb\":{\"@id\":\"https:\\\/\\\/www.allgeier.com\\\/de\\\/pressroom\\\/press-releases\\\/allgeier-holding-ag-bekanntmachung-ueber-kapitalerhoehung-aus-gesellschaftsmitteln-und-die-zuteilung-von-berichtigungsaktien-3\\\/#breadcrumb\"},\"inLanguage\":\"de\",\"potentialAction\":[{\"@type\":\"ReadAction\",\"target\":[\"https:\\\/\\\/www.allgeier.com\\\/de\\\/pressroom\\\/press-releases\\\/allgeier-holding-ag-bekanntmachung-ueber-kapitalerhoehung-aus-gesellschaftsmitteln-und-die-zuteilung-von-berichtigungsaktien-3\\\/\"]}]},{\"@type\":\"BreadcrumbList\",\"@id\":\"https:\\\/\\\/www.allgeier.com\\\/de\\\/pressroom\\\/press-releases\\\/allgeier-holding-ag-bekanntmachung-ueber-kapitalerhoehung-aus-gesellschaftsmitteln-und-die-zuteilung-von-berichtigungsaktien-3\\\/#breadcrumb\",\"itemListElement\":[{\"@type\":\"ListItem\",\"position\":1,\"name\":\"Home\",\"item\":\"https:\\\/\\\/www.allgeier.com\\\/de\\\/\"},{\"@type\":\"ListItem\",\"position\":2,\"name\":\"Presse\",\"item\":\"https:\\\/\\\/www.allgeier.com\\\/de\\\/pressroom\\\/\"},{\"@type\":\"ListItem\",\"position\":3,\"name\":\"Pressemitteilungen\",\"item\":\"https:\\\/\\\/www.allgeier.com\\\/de\\\/pressroom\\\/press-releases\\\/\"},{\"@type\":\"ListItem\",\"position\":4,\"name\":\"ALLGEIER HOLDING AG: Bekanntmachung \u00fcber Kapitalerh\u00f6hung aus Gesellschaftsmitteln und die Zuteilung von Berichtigungsaktien\"}]},{\"@type\":\"WebSite\",\"@id\":\"https:\\\/\\\/www.allgeier.com\\\/de\\\/#website\",\"url\":\"https:\\\/\\\/www.allgeier.com\\\/de\\\/\",\"name\":\"Allgeier SE\",\"description\":\"Software &amp; IT Services for digital transformation\",\"potentialAction\":[{\"@type\":\"SearchAction\",\"target\":{\"@type\":\"EntryPoint\",\"urlTemplate\":\"https:\\\/\\\/www.allgeier.com\\\/de\\\/?s={search_term_string}\"},\"query-input\":{\"@type\":\"PropertyValueSpecification\",\"valueRequired\":true,\"valueName\":\"search_term_string\"}}],\"inLanguage\":\"de\"}]}<\/script>\n<!-- \/ Yoast SEO plugin. -->","yoast_head_json":{"title":"ALLGEIER HOLDING AG: Bekanntmachung \u00fcber Kapitalerh\u00f6hung aus Gesellschaftsmitteln und die Zuteilung von Berichtigungsaktien - Allgeier SE","robots":{"index":"index","follow":"follow","max-snippet":"max-snippet:-1","max-image-preview":"max-image-preview:large","max-video-preview":"max-video-preview:-1"},"canonical":"https:\/\/www.allgeier.com\/de\/pressroom\/press-releases\/allgeier-holding-ag-bekanntmachung-ueber-kapitalerhoehung-aus-gesellschaftsmitteln-und-die-zuteilung-von-berichtigungsaktien-3\/","og_locale":"de_DE","og_type":"article","og_title":"ALLGEIER HOLDING AG: Bekanntmachung \u00fcber Kapitalerh\u00f6hung aus Gesellschaftsmitteln und die Zuteilung von Berichtigungsaktien - Allgeier SE","og_description":"Die ordentliche Hauptversammlung der Allgeier Holding AG vom 11. Juli 2007 hat beschlossen, das Grundkapital der Gesellschaft aus Gesellschaftsmitteln von EUR 4.535.750,00 um EUR 4.535.750,00 auf EUR 9.071.500,00 nach den Vorschriften der \u00a7\u00a7 207 ff. AktG zu erh\u00f6hen. Die Kapitalerh\u00f6hung erf","og_url":"https:\/\/www.allgeier.com\/de\/pressroom\/press-releases\/allgeier-holding-ag-bekanntmachung-ueber-kapitalerhoehung-aus-gesellschaftsmitteln-und-die-zuteilung-von-berichtigungsaktien-3\/","og_site_name":"Allgeier SE","article_modified_time":"2025-07-23T10:27:38+00:00","twitter_card":"summary_large_image","twitter_misc":{"Gesch\u00e4tzte Lesezeit":"3\u00a0Minuten"},"schema":{"@context":"https:\/\/schema.org","@graph":[{"@type":"WebPage","@id":"https:\/\/www.allgeier.com\/de\/pressroom\/press-releases\/allgeier-holding-ag-bekanntmachung-ueber-kapitalerhoehung-aus-gesellschaftsmitteln-und-die-zuteilung-von-berichtigungsaktien-3\/","url":"https:\/\/www.allgeier.com\/de\/pressroom\/press-releases\/allgeier-holding-ag-bekanntmachung-ueber-kapitalerhoehung-aus-gesellschaftsmitteln-und-die-zuteilung-von-berichtigungsaktien-3\/","name":"ALLGEIER HOLDING AG: Bekanntmachung \u00fcber Kapitalerh\u00f6hung aus Gesellschaftsmitteln und die Zuteilung von Berichtigungsaktien - Allgeier SE","isPartOf":{"@id":"https:\/\/www.allgeier.com\/de\/#website"},"datePublished":"2007-09-12T10:51:04+00:00","dateModified":"2025-07-23T10:27:38+00:00","breadcrumb":{"@id":"https:\/\/www.allgeier.com\/de\/pressroom\/press-releases\/allgeier-holding-ag-bekanntmachung-ueber-kapitalerhoehung-aus-gesellschaftsmitteln-und-die-zuteilung-von-berichtigungsaktien-3\/#breadcrumb"},"inLanguage":"de","potentialAction":[{"@type":"ReadAction","target":["https:\/\/www.allgeier.com\/de\/pressroom\/press-releases\/allgeier-holding-ag-bekanntmachung-ueber-kapitalerhoehung-aus-gesellschaftsmitteln-und-die-zuteilung-von-berichtigungsaktien-3\/"]}]},{"@type":"BreadcrumbList","@id":"https:\/\/www.allgeier.com\/de\/pressroom\/press-releases\/allgeier-holding-ag-bekanntmachung-ueber-kapitalerhoehung-aus-gesellschaftsmitteln-und-die-zuteilung-von-berichtigungsaktien-3\/#breadcrumb","itemListElement":[{"@type":"ListItem","position":1,"name":"Home","item":"https:\/\/www.allgeier.com\/de\/"},{"@type":"ListItem","position":2,"name":"Presse","item":"https:\/\/www.allgeier.com\/de\/pressroom\/"},{"@type":"ListItem","position":3,"name":"Pressemitteilungen","item":"https:\/\/www.allgeier.com\/de\/pressroom\/press-releases\/"},{"@type":"ListItem","position":4,"name":"ALLGEIER HOLDING AG: Bekanntmachung \u00fcber Kapitalerh\u00f6hung aus Gesellschaftsmitteln und die Zuteilung von Berichtigungsaktien"}]},{"@type":"WebSite","@id":"https:\/\/www.allgeier.com\/de\/#website","url":"https:\/\/www.allgeier.com\/de\/","name":"Allgeier SE","description":"Software &amp; IT Services for digital transformation","potentialAction":[{"@type":"SearchAction","target":{"@type":"EntryPoint","urlTemplate":"https:\/\/www.allgeier.com\/de\/?s={search_term_string}"},"query-input":{"@type":"PropertyValueSpecification","valueRequired":true,"valueName":"search_term_string"}}],"inLanguage":"de"}]}},"_links":{"self":[{"href":"https:\/\/www.allgeier.com\/de\/wp-json\/wp\/v2\/pages\/7074","targetHints":{"allow":["GET"]}}],"collection":[{"href":"https:\/\/www.allgeier.com\/de\/wp-json\/wp\/v2\/pages"}],"about":[{"href":"https:\/\/www.allgeier.com\/de\/wp-json\/wp\/v2\/types\/page"}],"author":[{"embeddable":true,"href":"https:\/\/www.allgeier.com\/de\/wp-json\/wp\/v2\/users\/4"}],"replies":[{"embeddable":true,"href":"https:\/\/www.allgeier.com\/de\/wp-json\/wp\/v2\/comments?post=7074"}],"version-history":[{"count":1,"href":"https:\/\/www.allgeier.com\/de\/wp-json\/wp\/v2\/pages\/7074\/revisions"}],"predecessor-version":[{"id":7076,"href":"https:\/\/www.allgeier.com\/de\/wp-json\/wp\/v2\/pages\/7074\/revisions\/7076"}],"up":[{"embeddable":true,"href":"https:\/\/www.allgeier.com\/de\/wp-json\/wp\/v2\/pages\/1169"}],"wp:attachment":[{"href":"https:\/\/www.allgeier.com\/de\/wp-json\/wp\/v2\/media?parent=7074"}],"wp:term":[{"taxonomy":"category","embeddable":true,"href":"https:\/\/www.allgeier.com\/de\/wp-json\/wp\/v2\/categories?post=7074"},{"taxonomy":"post_tag","embeddable":true,"href":"https:\/\/www.allgeier.com\/de\/wp-json\/wp\/v2\/tags?post=7074"}],"curies":[{"name":"wp","href":"https:\/\/api.w.org\/{rel}","templated":true}]}}