{"id":7077,"date":"2007-08-20T18:07:55","date_gmt":"2007-08-20T18:07:55","guid":{"rendered":"https:\/\/www.allgeier.com\/de\/?page_id=7077"},"modified":"2025-07-23T10:27:38","modified_gmt":"2025-07-23T10:27:38","slug":"halbjahresergebnisse-2007-allgeier-holding-setzt-wachstumskurs-fort-2","status":"publish","type":"page","link":"https:\/\/www.allgeier.com\/de\/pressroom\/press-releases\/halbjahresergebnisse-2007-allgeier-holding-setzt-wachstumskurs-fort-2\/","title":{"rendered":"Halbjahresergebnisse 2007 &#8211; Allgeier Holding setzt Wachstumskurs fort"},"content":{"rendered":"<p><b>Allgeier Holding AG \/ Halbjahresergebnis<\/b><\/p>\n<p>Ver\u00f6ffentlichung einer Corporate News, \u00fcbermittelt durch die DGAP &#8211; ein<br \/>\nUnternehmen der EquityStory AG.<br \/>\nF\u00fcr den Inhalt der Mitteilung ist der Emittent \/ Herausgeber verantwortlich.<br \/>\n&#8212;&#8212;&#8212;&#8212;&#8212;&#8212;&#8212;&#8212;&#8212;&#8212;&#8212;&#8212;&#8212;&#8212;&#8212;&#8212;&#8212;&#8212;&#8212;&#8212;&#8212;&#8212;&#8212;&#8212;&#8212;<\/p>\n<p>M\u00fcnchen, 21. August 2007. Die Allgeier Holding AG setzt auch im zweiten<br \/>\nQuartal 2007 (1. April bis 30. Juni) ihre positive Entwicklung fort und<br \/>\nkann damit ihre Position im Markt weiter festigen. Nach dem bereits starken<br \/>\nersten Quartal des aktuellen Gesch\u00e4ftsjahres weist die<br \/>\nDienstleistungsgruppe, die in den beiden Wachstumsm\u00e4rkten IT und Personal<br \/>\nServices (Zeitarbeit) aktiv ist, nun ein Rekordergebnis f\u00fcr das gesamte<br \/>\nerste Halbjahr aus. Die Ums\u00e4tze stiegen von 33,1 Millionen Euro im zweiten<br \/>\nQuartal 2006 um 108 Prozent auf 68,9 Millionen Euro in der<br \/>\nVergleichsperiode 2007 an. Im ersten Halbjahr resultiert damit eine<br \/>\nUmsatzsteigerung von 120 Prozent auf 127,4 (57,8) Millionen Euro. Das<br \/>\nUmsatzwachstum im ersten Halbjahr wurde sowohl durch organisches Wachstum<br \/>\n(+21 Prozent) der bestehenden Konzerngesellschaften als auch durch den<br \/>\nErwerb erg\u00e4nzender Portfoliogesellschaften im Laufe des Gesch\u00e4ftsjahres<br \/>\n2006 und im ersten Halbjahr 2007 erreicht. Dabei trugen beide<br \/>\nGesch\u00e4ftsbereiche zu dem Wachstum bei. Der Bereich Personal-Services<br \/>\nprofitiert in besonderer Weise von dem freundlichen Marktumfeld des<br \/>\nGesamtmarkts f\u00fcr Zeitarbeit. Mit einem organischen Umsatzwachstum von 35<br \/>\nProzent im ersten Halbjahr 2007 verglichen zum Vorjahreszeitraum \u00fcbertrifft<br \/>\nder Gesch\u00e4ftsbereich Personal Services weiterhin das ohnehin starke<br \/>\nMarktwachstum.<\/p>\n<p>Das Ergebnis vor Abschreibungen, Zinsen und Steuern (EBITDA) des zweiten<br \/>\nQuartals 2007 liegt mit 4,2 Millionen Euro um 51 Prozent \u00fcber dem Wert von<br \/>\n2,8 Millionen Euro im Vorjahr. Das EBITDA im ersten Halbjahr 2007 betr\u00e4gt<br \/>\n7,4 (3,8) Millionen Euro und liegt damit um 97 Prozent \u00fcber dem<br \/>\nVorjahreswert. Das EBIT im ersten Halbjahr 2007 liegt mit 3,0 (1,8)<br \/>\nMillionen Euro um 61 Prozent \u00fcber dem Ergebnis des Vorjahreszeitraum.<\/p>\n<p>Positive Entwicklung in beiden Gesch\u00e4ftsbereichen<\/p>\n<p>Der Umsatz im Gesch\u00e4ftsbereich Personal-Services stieg im zweiten Quartal<br \/>\num 192 Prozent auf 36,2 (12,4) Millionen Euro. Verglichen mit dem ersten<br \/>\nHalbjahr 2006 stieg der Umsatz damit um 210 Prozent auf 66,7 (21,5)<br \/>\nMillionen Euro. Das operative EBITDA vor Zinsen, Abschreibungen und Steuern<br \/>\nwuchs im ersten Halbjahr um 283 Prozent auf 4,8 (1,2) Millionen Euro. Die<br \/>\noperative EBITDA-Marge (vor Holding-Kosten und Effekten aus<br \/>\nau\u00dferordentlichen Ertr\u00e4gen und Aufwendungen) im Gesch\u00e4ftsbereich<br \/>\nPersonal-Services stieg von 5,8 Prozent auf 7,1 Prozent.<\/p>\n<p>Der Umsatz im Gesch\u00e4ftsbereich IT-Services stieg von 20,7 Millionen Euro im<br \/>\nVergleichzeitraum des Vorjahres auf 32,8 Millionen Euro im zweiten Quartal<br \/>\ndieses Jahres (+58 Prozent). Damit lag der Umsatz im ersten Halbjahr 2007<br \/>\nmit 60,6 (36,3) Millionen Euro um 67 Prozent h\u00f6her als im Vorjahr. Das um<br \/>\nSondereffekte bereinigte operative Ergebnis vor Zinsen, Abschreibungen und<br \/>\nSteuern stieg im ersten Halbjahr von 3,6 Millionen Euro auf 4,4 Millionen<br \/>\nEuro (+21 Prozent). Im ersten Halbjahr f\u00fchrt dies zu einem Wachstum von 21<br \/>\nProzent auf 4,4 (3,6) Millionen Euro. Das Wachstum resultierte dabei<br \/>\nma\u00dfgeblich aus bereits in 2006 get\u00e4tigten Akquisitionen sowie einem starken<br \/>\norganischen Wachstum im Expert Recruiting\/Expert Leasing-Gesch\u00e4ft.<\/p>\n<p>Marktposition durch weitere Akquisitionen ausgebaut<\/p>\n<p>Im ersten Halbjahr 2007 konnte der Allgeier Konzern drei weitere<br \/>\nAkquisitionen t\u00e4tigen und dadurch sowohl das Niederlassungsnetz als auch<br \/>\ndas Leistungsspektrum strategisch erg\u00e4nzen. Die Gesch\u00e4ftsentwicklung im<br \/>\nersten Halbjahr 2007 hat die Erwartungen des Managements erf\u00fcllt und<br \/>\nteilweise sogar \u00fcbertroffen. Auch f\u00fcr das zweite Halbjahr erwartet das<br \/>\nManagement eine positive Gesch\u00e4ftsentwicklung in beiden Gesch\u00e4ftsfeldern.<\/p>\n<p>Allgeier Holding AG<br \/>\nCarl Georg D\u00fcrschmidt<br \/>\nVorstand<br \/>\nWehrlestra\u00dfe 12<br \/>\nD-81679 M\u00fcnchen<br \/>\nTel.: 089-998421-0<br \/>\nFax: 089-998421-11<br \/>\nwww.allgeier-holding.de<\/p>\n<p>Kurzprofil Allgeier Holding AG:<br \/>\nDie Allgeier Holding AG ist eine Dienstleistungsgruppe, die in den zwei<br \/>\nWachstumsm\u00e4rkten IT- und Personal-Services (Zeitarbeit) aktiv ist. Die<br \/>\nGesellschaften im Bereich Personal Service bieten flexible<br \/>\nPersonalkapazit\u00e4t und Know-how \u2013 von der Aushilfe bis zum Interimsmanager.<br \/>\nIm Bereich IT-Services werden Kunden bei der Umsetzung von Innovationen,<br \/>\nder Verbesserung des Informationsflusses und der Optimierung von<br \/>\nGesch\u00e4ftsprozessen unterst\u00fctzt. Die Unternehmen innerhalb von Allgeier<br \/>\narbeiten eigenst\u00e4ndig mit allen Vorteilen mittelst\u00e4ndischer Flexibilit\u00e4t,<br \/>\nSchnelligkeit, Serviceorientierung und Innovations\u00ackraft. Unter dem Dach<br \/>\nvon Allgeier verbinden sich diese Vorteile mit der Nutzung von Synergien,<br \/>\nder Sicherheit und der Schlagkraft einer f\u00fchrenden b\u00f6rsennotierten<br \/>\nUnternehmensgruppe. Durch ein breites Service-Leistungsspektrum sowie<br \/>\ngeb\u00fcndelte Kompetenz und Gr\u00f6\u00dfe werden nachhaltig steigende Werte f\u00fcr Kunden<br \/>\nund Investoren geschaffen. Die Allgeier-Gruppe besch\u00e4ftigt zurzeit rund<br \/>\n7.500 Mit\u00acarbeiter und kann auf \u00fcber 4.500 Kunden verweisen. Die Allgeier<br \/>\nHolding AG ist am Geregelten Markt der Frankfurter B\u00f6rse im Segment General<br \/>\nStandard notiert (WKN 508630\/ISIN DE000508630). Weitere Informationen<br \/>\nunter: www.allgeier.com.<\/p>\n<p>Wichtiger Hinweis:<br \/>\nDiese Mitteilung enth\u00e4lt in die Zukunft gerichtete Aussagen, die auf<br \/>\nAnnahmen und Sch\u00e4tzungen der Unternehmensleitung der Allgeier Holding AG<br \/>\nberuhen. Auch wenn die Unternehmensleitung der Ansicht ist, dass diese<br \/>\nAnnahmen und Sch\u00e4tzungen zutreffend sind, k\u00f6nnen die k\u00fcnftige tats\u00e4chliche<br \/>\nEntwicklung und die k\u00fcnftigen tats\u00e4chlichen Ergebnisse von diesen Annahmen<br \/>\nund Sch\u00e4tzungen aufgrund vielf\u00e4ltiger Faktoren erheblich abweichen. Zu<br \/>\ndiesen Faktoren k\u00f6nnen beispielsweise die Ver\u00e4nderung der<br \/>\ngesamtwirtschaftlichen Lage, der Wechselkurse, der Zinss\u00e4tze sowie<br \/>\nVer\u00e4nderungen innerhalb der Marktentwicklung und der sich ver\u00e4nderten<br \/>\nWettbewerbssituation geh\u00f6ren. Die Allgeier Holding AG \u00fcbernimmt keine<br \/>\nGew\u00e4hrleistung und keine Haftung daf\u00fcr, dass die k\u00fcnftige Entwicklung und<br \/>\ndie k\u00fcnftig erzielten tats\u00e4chlichen Ergebnisse mit den in dieser Ad-hoc<br \/>\nMitteilung\/Pressemitteilung ge\u00e4u\u00dferten Annahmen und Sch\u00e4tzungen<br \/>\n\u00fcbereinstimmen werden.<\/p>\n<p>20.08.2007  <a href=\"http:\/\/www.dgap.de\">Finanznachrichten \u00fcbermittelt durch die DGAP<\/a><br \/>\n&#8212;&#8212;&#8212;&#8212;&#8212;&#8212;&#8212;&#8212;&#8212;&#8212;&#8212;&#8212;&#8212;&#8212;&#8212;&#8212;&#8212;&#8212;&#8212;&#8212;&#8212;&#8212;&#8212;&#8212;&#8212;<\/p>\n<p>Sprache:      Deutsch<br \/>\nEmittent:     Allgeier Holding AG<br \/>\n              Wehrlestrasse 12<br \/>\n              81679 M\u00fcnchen<br \/>\n              Deutschland<br \/>\nTelefon:      +49 (0)89 998 421-0<br \/>\nFax:          +49 (0)89 998 421-11<br \/>\nE-mail:       info@allgeier.com<br \/>\nInternet:     www.allgeier-holding.com<br \/>\nISIN:         DE0005086300<br \/>\nWKN:          508630<br \/>\nIndizes:      CDAX<br \/>\nB\u00f6rsen:       Geregelter Markt in Frankfurt (General Standard); Freiverkehr<br \/>\n              in Berlin, Stuttgart, Hamburg, D\u00fcsseldorf<\/p>\n<p>Ende der Mitteilung                             DGAP News-Service<\/p>\n<p>&#8212;&#8212;&#8212;&#8212;&#8212;&#8212;&#8212;&#8212;&#8212;&#8212;&#8212;&#8212;&#8212;&#8212;&#8212;&#8212;&#8212;&#8212;&#8212;&#8212;&#8212;&#8212;&#8212;&#8212;&#8212;<\/p>\n","protected":false},"excerpt":{"rendered":"<p>M\u00fcnchen, 21. August 2007. Die Allgeier Holding AG setzt auch im zweiten Quartal 2007 (1. April bis 30. Juni) ihre positive Entwicklung fort und kann damit ihre Position im Markt weiter festigen. Nach dem bereits starken ersten Quartal des aktuellen Gesch\u00e4ftsjahres weist die Dienstleistu<\/p>\n","protected":false},"author":4,"featured_media":0,"parent":1169,"menu_order":0,"comment_status":"close","ping_status":"closed","template":"","meta":{"_acf_changed":false,"footnotes":""},"categories":[],"tags":[],"class_list":["post-7077","page","type-page","status-publish","hentry"],"acf":[],"yoast_head":"<!-- This site is optimized with the Yoast SEO plugin v27.4 - https:\/\/yoast.com\/product\/yoast-seo-wordpress\/ -->\n<title>Halbjahresergebnisse 2007 - Allgeier Holding setzt Wachstumskurs fort - Allgeier SE<\/title>\n<meta name=\"robots\" content=\"index, follow, max-snippet:-1, max-image-preview:large, max-video-preview:-1\" \/>\n<link rel=\"canonical\" href=\"https:\/\/www.allgeier.com\/de\/pressroom\/press-releases\/halbjahresergebnisse-2007-allgeier-holding-setzt-wachstumskurs-fort-2\/\" \/>\n<meta property=\"og:locale\" content=\"de_DE\" \/>\n<meta property=\"og:type\" content=\"article\" \/>\n<meta property=\"og:title\" content=\"Halbjahresergebnisse 2007 - Allgeier Holding setzt Wachstumskurs fort - Allgeier SE\" \/>\n<meta property=\"og:description\" content=\"M\u00fcnchen, 21. August 2007. Die Allgeier Holding AG setzt auch im zweiten Quartal 2007 (1. April bis 30. Juni) ihre positive Entwicklung fort und kann damit ihre Position im Markt weiter festigen. Nach dem bereits starken ersten Quartal des aktuellen Gesch\u00e4ftsjahres weist die Dienstleistu\" \/>\n<meta property=\"og:url\" content=\"https:\/\/www.allgeier.com\/de\/pressroom\/press-releases\/halbjahresergebnisse-2007-allgeier-holding-setzt-wachstumskurs-fort-2\/\" \/>\n<meta property=\"og:site_name\" content=\"Allgeier SE\" \/>\n<meta property=\"article:modified_time\" content=\"2025-07-23T10:27:38+00:00\" \/>\n<meta name=\"twitter:card\" content=\"summary_large_image\" \/>\n<meta name=\"twitter:label1\" content=\"Gesch\u00e4tzte Lesezeit\" \/>\n\t<meta name=\"twitter:data1\" content=\"4\u00a0Minuten\" \/>\n<script type=\"application\/ld+json\" class=\"yoast-schema-graph\">{\"@context\":\"https:\\\/\\\/schema.org\",\"@graph\":[{\"@type\":\"WebPage\",\"@id\":\"https:\\\/\\\/www.allgeier.com\\\/de\\\/pressroom\\\/press-releases\\\/halbjahresergebnisse-2007-allgeier-holding-setzt-wachstumskurs-fort-2\\\/\",\"url\":\"https:\\\/\\\/www.allgeier.com\\\/de\\\/pressroom\\\/press-releases\\\/halbjahresergebnisse-2007-allgeier-holding-setzt-wachstumskurs-fort-2\\\/\",\"name\":\"Halbjahresergebnisse 2007 - Allgeier Holding setzt Wachstumskurs fort - Allgeier SE\",\"isPartOf\":{\"@id\":\"https:\\\/\\\/www.allgeier.com\\\/de\\\/#website\"},\"datePublished\":\"2007-08-20T18:07:55+00:00\",\"dateModified\":\"2025-07-23T10:27:38+00:00\",\"breadcrumb\":{\"@id\":\"https:\\\/\\\/www.allgeier.com\\\/de\\\/pressroom\\\/press-releases\\\/halbjahresergebnisse-2007-allgeier-holding-setzt-wachstumskurs-fort-2\\\/#breadcrumb\"},\"inLanguage\":\"de\",\"potentialAction\":[{\"@type\":\"ReadAction\",\"target\":[\"https:\\\/\\\/www.allgeier.com\\\/de\\\/pressroom\\\/press-releases\\\/halbjahresergebnisse-2007-allgeier-holding-setzt-wachstumskurs-fort-2\\\/\"]}]},{\"@type\":\"BreadcrumbList\",\"@id\":\"https:\\\/\\\/www.allgeier.com\\\/de\\\/pressroom\\\/press-releases\\\/halbjahresergebnisse-2007-allgeier-holding-setzt-wachstumskurs-fort-2\\\/#breadcrumb\",\"itemListElement\":[{\"@type\":\"ListItem\",\"position\":1,\"name\":\"Home\",\"item\":\"https:\\\/\\\/www.allgeier.com\\\/de\\\/\"},{\"@type\":\"ListItem\",\"position\":2,\"name\":\"Presse\",\"item\":\"https:\\\/\\\/www.allgeier.com\\\/de\\\/pressroom\\\/\"},{\"@type\":\"ListItem\",\"position\":3,\"name\":\"Pressemitteilungen\",\"item\":\"https:\\\/\\\/www.allgeier.com\\\/de\\\/pressroom\\\/press-releases\\\/\"},{\"@type\":\"ListItem\",\"position\":4,\"name\":\"Halbjahresergebnisse 2007 &#8211; Allgeier Holding setzt Wachstumskurs fort\"}]},{\"@type\":\"WebSite\",\"@id\":\"https:\\\/\\\/www.allgeier.com\\\/de\\\/#website\",\"url\":\"https:\\\/\\\/www.allgeier.com\\\/de\\\/\",\"name\":\"Allgeier SE\",\"description\":\"Software &amp; IT Services for digital transformation\",\"potentialAction\":[{\"@type\":\"SearchAction\",\"target\":{\"@type\":\"EntryPoint\",\"urlTemplate\":\"https:\\\/\\\/www.allgeier.com\\\/de\\\/?s={search_term_string}\"},\"query-input\":{\"@type\":\"PropertyValueSpecification\",\"valueRequired\":true,\"valueName\":\"search_term_string\"}}],\"inLanguage\":\"de\"}]}<\/script>\n<!-- \/ Yoast SEO plugin. -->","yoast_head_json":{"title":"Halbjahresergebnisse 2007 - Allgeier Holding setzt Wachstumskurs fort - Allgeier SE","robots":{"index":"index","follow":"follow","max-snippet":"max-snippet:-1","max-image-preview":"max-image-preview:large","max-video-preview":"max-video-preview:-1"},"canonical":"https:\/\/www.allgeier.com\/de\/pressroom\/press-releases\/halbjahresergebnisse-2007-allgeier-holding-setzt-wachstumskurs-fort-2\/","og_locale":"de_DE","og_type":"article","og_title":"Halbjahresergebnisse 2007 - Allgeier Holding setzt Wachstumskurs fort - Allgeier SE","og_description":"M\u00fcnchen, 21. August 2007. Die Allgeier Holding AG setzt auch im zweiten Quartal 2007 (1. April bis 30. Juni) ihre positive Entwicklung fort und kann damit ihre Position im Markt weiter festigen. Nach dem bereits starken ersten Quartal des aktuellen Gesch\u00e4ftsjahres weist die Dienstleistu","og_url":"https:\/\/www.allgeier.com\/de\/pressroom\/press-releases\/halbjahresergebnisse-2007-allgeier-holding-setzt-wachstumskurs-fort-2\/","og_site_name":"Allgeier SE","article_modified_time":"2025-07-23T10:27:38+00:00","twitter_card":"summary_large_image","twitter_misc":{"Gesch\u00e4tzte Lesezeit":"4\u00a0Minuten"},"schema":{"@context":"https:\/\/schema.org","@graph":[{"@type":"WebPage","@id":"https:\/\/www.allgeier.com\/de\/pressroom\/press-releases\/halbjahresergebnisse-2007-allgeier-holding-setzt-wachstumskurs-fort-2\/","url":"https:\/\/www.allgeier.com\/de\/pressroom\/press-releases\/halbjahresergebnisse-2007-allgeier-holding-setzt-wachstumskurs-fort-2\/","name":"Halbjahresergebnisse 2007 - Allgeier Holding setzt Wachstumskurs fort - Allgeier SE","isPartOf":{"@id":"https:\/\/www.allgeier.com\/de\/#website"},"datePublished":"2007-08-20T18:07:55+00:00","dateModified":"2025-07-23T10:27:38+00:00","breadcrumb":{"@id":"https:\/\/www.allgeier.com\/de\/pressroom\/press-releases\/halbjahresergebnisse-2007-allgeier-holding-setzt-wachstumskurs-fort-2\/#breadcrumb"},"inLanguage":"de","potentialAction":[{"@type":"ReadAction","target":["https:\/\/www.allgeier.com\/de\/pressroom\/press-releases\/halbjahresergebnisse-2007-allgeier-holding-setzt-wachstumskurs-fort-2\/"]}]},{"@type":"BreadcrumbList","@id":"https:\/\/www.allgeier.com\/de\/pressroom\/press-releases\/halbjahresergebnisse-2007-allgeier-holding-setzt-wachstumskurs-fort-2\/#breadcrumb","itemListElement":[{"@type":"ListItem","position":1,"name":"Home","item":"https:\/\/www.allgeier.com\/de\/"},{"@type":"ListItem","position":2,"name":"Presse","item":"https:\/\/www.allgeier.com\/de\/pressroom\/"},{"@type":"ListItem","position":3,"name":"Pressemitteilungen","item":"https:\/\/www.allgeier.com\/de\/pressroom\/press-releases\/"},{"@type":"ListItem","position":4,"name":"Halbjahresergebnisse 2007 &#8211; Allgeier Holding setzt Wachstumskurs fort"}]},{"@type":"WebSite","@id":"https:\/\/www.allgeier.com\/de\/#website","url":"https:\/\/www.allgeier.com\/de\/","name":"Allgeier SE","description":"Software &amp; IT Services for digital transformation","potentialAction":[{"@type":"SearchAction","target":{"@type":"EntryPoint","urlTemplate":"https:\/\/www.allgeier.com\/de\/?s={search_term_string}"},"query-input":{"@type":"PropertyValueSpecification","valueRequired":true,"valueName":"search_term_string"}}],"inLanguage":"de"}]}},"_links":{"self":[{"href":"https:\/\/www.allgeier.com\/de\/wp-json\/wp\/v2\/pages\/7077","targetHints":{"allow":["GET"]}}],"collection":[{"href":"https:\/\/www.allgeier.com\/de\/wp-json\/wp\/v2\/pages"}],"about":[{"href":"https:\/\/www.allgeier.com\/de\/wp-json\/wp\/v2\/types\/page"}],"author":[{"embeddable":true,"href":"https:\/\/www.allgeier.com\/de\/wp-json\/wp\/v2\/users\/4"}],"replies":[{"embeddable":true,"href":"https:\/\/www.allgeier.com\/de\/wp-json\/wp\/v2\/comments?post=7077"}],"version-history":[{"count":1,"href":"https:\/\/www.allgeier.com\/de\/wp-json\/wp\/v2\/pages\/7077\/revisions"}],"predecessor-version":[{"id":7079,"href":"https:\/\/www.allgeier.com\/de\/wp-json\/wp\/v2\/pages\/7077\/revisions\/7079"}],"up":[{"embeddable":true,"href":"https:\/\/www.allgeier.com\/de\/wp-json\/wp\/v2\/pages\/1169"}],"wp:attachment":[{"href":"https:\/\/www.allgeier.com\/de\/wp-json\/wp\/v2\/media?parent=7077"}],"wp:term":[{"taxonomy":"category","embeddable":true,"href":"https:\/\/www.allgeier.com\/de\/wp-json\/wp\/v2\/categories?post=7077"},{"taxonomy":"post_tag","embeddable":true,"href":"https:\/\/www.allgeier.com\/de\/wp-json\/wp\/v2\/tags?post=7077"}],"curies":[{"name":"wp","href":"https:\/\/api.w.org\/{rel}","templated":true}]}}