{"id":7085,"date":"2006-08-29T14:59:43","date_gmt":"2006-08-29T14:59:43","guid":{"rendered":"https:\/\/www.allgeier.com\/de\/?page_id=7085"},"modified":"2025-07-23T10:27:38","modified_gmt":"2025-07-23T10:27:38","slug":"allgeier-erwirbt-rekrutierungsspezialist-goetzfried-ag-2","status":"publish","type":"page","link":"https:\/\/www.allgeier.com\/de\/pressroom\/press-releases\/allgeier-erwirbt-rekrutierungsspezialist-goetzfried-ag-2\/","title":{"rendered":"Allgeier erwirbt Rekrutierungsspezialist Goetzfried AG"},"content":{"rendered":"<p><b>Allgeier Holding AG \/ Firmen\u00fcbernahme<\/b><\/p>\n<p>Corporate News \u00fcbermittelt durch die DGAP &#8211; ein Unternehmen der EquityStory AG.<br \/>\nF\u00fcr den Inhalt der Mitteilung ist der Emittent verantwortlich.<br \/>\n&#8212;&#8212;&#8212;&#8212;&#8212;&#8212;&#8212;&#8212;&#8212;&#8212;&#8212;&#8212;&#8212;&#8212;&#8212;&#8212;&#8212;&#8212;&#8212;&#8212;&#8212;&#8212;&#8212;&#8212;&#8212;<\/p>\n<p>Key-Player am Markt f\u00fcr Personal- und IT-Service formiert sich<\/p>\n<p>M\u00fcnchen, 29.August 2006. Die M\u00fcnchner Allgeier Holding AG hat sich heute<br \/>\nmit den Aktion\u00e4ren der Wiesbadener Goetzfried AG \u00fcber den Erwerb von 100<br \/>\nProzent der Aktien der Goetzfried AG geeinigt und entsprechende Vertr\u00e4ge<br \/>\ngeschlossen.  Die Parteien werden die Transaktion nun mit der Erf\u00fcllung der<br \/>\nvereinbarten Closing-Bedingungen abschlie\u00dfen.<\/p>\n<p>Die Goetzfried AG ist renommierter Dienstleister im Bereich Rekrutierung<br \/>\nund Management von IT-Spezialisten und Ingenieuren f\u00fcr den zeitlich<br \/>\nbefristeten Einsatz. Mit diesem Schritt setzt Allgeier seine Strategie<br \/>\nkonsequent fort, sich als f\u00fchrender Dienstleister im Markt f\u00fcr Personal-<br \/>\nund IT-Service zu positionieren. Das durch Goetzfried erweiterte<br \/>\nDienstleistungsangebot von Allgeier zielt auf Kunden, die Personalkapazit\u00e4t<br \/>\nund Know-how im Bereich IT und Engineering flexibel halten m\u00f6chten, um so<br \/>\nschneller auf ver\u00e4nderte Marktbedingungen zu reagieren und ihre Fixkosten<br \/>\nniedrig zu halten.<\/p>\n<p>Die bereits 1987 gegr\u00fcndete und seit 2000 als Aktiengesellschaft gef\u00fchrte<br \/>\nGoetzfried AG besch\u00e4ftigt 410 Mitarbeiter, die f\u00fcr Kunden aller Branchen<br \/>\naktiv sind. Im k\u00fcrzlich abgelaufenen Gesch\u00e4ftsjahr (1. Juli 2005 \u2013 30. Juni<br \/>\n2006) erzielte das profitable Unternehmen einen Umsatz von knapp 29<br \/>\nMillionen Euro, was einem Zuwachs von mehr als 40 Prozent gegen\u00fcber dem<br \/>\nVorjahr entspricht. In allen Gesch\u00e4ftsjahren der Firmengeschichte wurde ein<br \/>\npositives Ergebnis erzielt. Vom Hauptsitz in Wiesbaden und von den<br \/>\nStandorten in Frankfurt, K\u00f6ln, Reutlingen und Z\u00fcrich aus unterst\u00fctzt die<br \/>\nGoetzfried AG \u00fcber 200 Kunden mit IT-Spezialisten und Ingenieuren f\u00fcr den<br \/>\ntempor\u00e4ren Einsatz.<\/p>\n<p>Kontinuit\u00e4t bei Marke und Management<br \/>\nDie Goetzfried AG wird unter dem Dach von Allgeier weiterhin eigenst\u00e4ndig<br \/>\nunter ihrem Markennamen agieren. Der Gr\u00fcnder Thomas G\u00f6tzfried beh\u00e4lt dabei<br \/>\ndie unternehmerische Verantwortung als Vorstandsvorsitzender der Goetzfried<br \/>\nAG und beteiligt sich an Allgeier mit einem Aktientausch im Wert von zehn<br \/>\nProzent der Goetzfried-Aktien. Auch die Besetzung des Managements steht im<br \/>\nZeichen der Kontinuit\u00e4t: Sven Herzberg verantwortet weiter als Vorstand den<br \/>\nVertrieb. Zudem wird der Leiter der Ressorts Qualit\u00e4t\/Controlling\/Finanzen<br \/>\nMarco G\u00fcnder in den Vorstand der Goetzfried AG berufen.<\/p>\n<p>Wachstumskurs gemeinsam fortsetzen<br \/>\n&#8218;Die Goetzfried AG ist ein bedeutender Anbieter im Markt f\u00fcr Personal- und<br \/>\nIT-Service. Das Gesch\u00e4ftsmodell des Unternehmens als Dienstleister f\u00fcr die<br \/>\nFlexibilisierung von Personalkapazit\u00e4ten ist ein wichtiger Bestandteil<br \/>\nunserer k\u00fcnftigen gemeinsamen Strategie\u201c, sagt Carl Georg D\u00fcrschmidt,<br \/>\nVorstandsvorsitzender von Allgeier. &#8218;Die intensiven Gespr\u00e4che im Vorfeld<br \/>\ndes Zusammenschlusses haben gegenseitiges Vertrauen geschaffen und sind<br \/>\nBasis daf\u00fcr, dass die langj\u00e4hrig erfolgreiche Gesch\u00e4ftsstrategie von<br \/>\nGoetzfried zusammen mit der Allgeier Holding konsequent fortgesetzt und<br \/>\nausgebaut wird\u201c, erkl\u00e4rt Thomas G\u00f6tzfried, Vorstandsvorsitzender der<br \/>\nGoetzfried AG. &#8218;Unsere Kunden erhalten einen Mehrwert und werden von<br \/>\nunserer neuen Gr\u00f6\u00dfe und Leistungsf\u00e4higkeit im Gruppenverbund profitieren.<br \/>\nUnser Angebot basiert jetzt auf einem vergr\u00f6\u00dferten Spezialistennetzwerk,<br \/>\nerweiterter Repr\u00e4sentanz sowie einer noch umfangreicheren<br \/>\nLeistungskompetenz im Personal- und IT-Service.\u201c<\/p>\n<p>Akquisitionsstrategie zahlt sich aus<br \/>\nMit den j\u00fcngsten strategischen Akquisitionen vereint Allgeier nun bereits<br \/>\n21 eigenst\u00e4ndige Unternehmen mit mehr als 5.000 Mitarbeitern. Allgeier<br \/>\ninvestiert dabei in die besonders wachstumstr\u00e4chtigen M\u00e4rkte Personal- und<br \/>\nIT-Service. Mit der Goetzfried AG wird als weiterem unternehmerischen<br \/>\nAkzent ein Bindeglied zwischen diesen beiden Gesch\u00e4ftsbereichen geschaffen.<br \/>\nDie Strategie zahlt sich aus &#8211; f\u00fcr das Jahr 2006 rechnet Allgeier bereits<br \/>\nmit einem Rekordumsatz von 140 Millionen Euro und einem EBIT von 9<br \/>\nMillionen Euro. Die Guidance f\u00fcr 2007, auf Basis der neu erworbenen<br \/>\nGesellschaften, sieht bereits einen konsolidierten Umsatz von 210 Millionen<br \/>\nEuro und ein EBIT von 14 Millionen Euro vor. Damit d\u00fcrfte Allgeier zu einem<br \/>\nder f\u00fchrender Anbieter in ihrem Marktsegment in Deutschland aufsteigen.<\/p>\n<p>Kontakt:<br \/>\nCarl Georg D\u00fcrschmidt<br \/>\nVorstand<br \/>\nAllgeier Holding AG<br \/>\nWehrlestr. 12<br \/>\n81679 M\u00fcnchen<br \/>\nTel. 089-998421-0<br \/>\nFax 089-998421-11<br \/>\nwww.allgeier-holding.de<\/p>\n<p>Kurzprofil Allgeier: Allgeier vereint erfolgreiche Unternehmen in den<br \/>\nWachstumsm\u00e4rkten Personalservice und IT-Service. Die Gesellschaften im<br \/>\nBereich Personalservice bieten flexible Personalkapazit\u00e4t und Know-how \u2013<br \/>\nvon der Aushilfe bis zum Interimsmanager. Im Bereich IT-Service werden<br \/>\nKunden bei der Umsetzung von Innovationen, der Verbesserung des<br \/>\nInformationsflusses und der Optimierung von Gesch\u00e4ftsprozessen unterst\u00fctzt.<br \/>\nDie Unternehmen innerhalb von Allgeier arbeiten eigenst\u00e4ndig mit allen<br \/>\nVorteilen mittelst\u00e4ndischer Flexibilit\u00e4t, Schnelligkeit,<br \/>\nServiceorientierung und Innovationskraft. Unter dem Dach von Allgeier<br \/>\nverbinden sich diese Vorteile mit der Nutzung von Synergien, der Sicherheit<br \/>\nund der Schlagkraft einer f\u00fchrenden b\u00f6rsennotierten Unternehmensgruppe.<br \/>\nDurch ein breites Service-Leistungsspektrum sowie geb\u00fcndelte Kompetenz und<br \/>\nGr\u00f6\u00dfe werden nachhaltig steigende Werte f\u00fcr Kunden und Investoren<br \/>\ngeschaffen. Allgeier besch\u00e4ftigt \u00fcber 5.000 Mitarbeiter in 21<br \/>\neigenst\u00e4ndigen Unternehmen und hat f\u00fcr das Gesch\u00e4ftsjahr 2006 ein<br \/>\nUmsatzziel laut Guidance von 140 Millionen Euro. Weitere Informationen:<br \/>\nwww.allgeier.com<\/p>\n<p>Kurzprofil Goetzfried AG: Die Goetzfried AG ist Dienstleister f\u00fcr die<br \/>\nRekrutierung und das Management von IT-Personal und Ingenieuren f\u00fcr den<br \/>\nzeitlich befristeten Einsatz. Auf Basis eines eigenen Kontaktnetzwerkes mit<br \/>\nmehr als 20.000 Spezialisten und Zugriff auf die g\u00e4ngigen Jobportale werden<br \/>\nKunden aus allen Branchen bedient, wenn ein Projekt flexibel mit<br \/>\nFachkr\u00e4ften verst\u00e4rkt werden soll oder kurzfristig ein Engpass im<br \/>\nTagesgesch\u00e4ft zu \u00fcberbr\u00fccken ist. Derzeit besch\u00e4ftigt das Unternehmen rund<br \/>\n410 Mitarbeiter und erzielte im Gesch\u00e4ftsjahr 2005\/2006 einen Umsatz von<br \/>\nca. 29 Mio. Euro. Neben dem Hauptsitz in Wiesbaden werden von den<br \/>\nStandorten Frankfurt, K\u00f6ln, Reutlingen und Z\u00fcrich \u00fcber 200 Kunden (z.B.<br \/>\nAllianz Konzern, Heidelberger Druck, SEB Bank, Land Hessen, Daimler<br \/>\nChrysler Konzern und O2) mit IT-Spezialisten und Ingenieuren f\u00fcr den<br \/>\ntempor\u00e4ren Einsatz bedient. Weitere Informationen: www.goetzfried-ag.com<\/p>\n<p>Wichtiger Hinweis: Diese Ad-hoc Mitteilung\/Pressemitteilung enth\u00e4lt in die<br \/>\nZukunft gerichtete Aussagen, die auf Annahmen und Sch\u00e4tzungen der<br \/>\nUnternehmensleitung der Allgeier Holding AG beruhen. Auch wenn die<br \/>\nUnternehmensleitung der Ansicht ist, dass diese Annahmen und Sch\u00e4tzungen<br \/>\nzutreffend sind, k\u00f6nnen die k\u00fcnftige tats\u00e4chliche Entwicklung und die<br \/>\nk\u00fcnftigen tats\u00e4chlichen Ergebnisse von diesen Annahmen und Sch\u00e4tzungen<br \/>\naufgrund vielf\u00e4ltiger Faktoren erheblich abweichen. Zu diesen Faktoren<br \/>\nk\u00f6nnen beispielsweise die Ver\u00e4nderung der gesamtwirtschaftlichen Lage, der<br \/>\nWechselkurse, der Zinss\u00e4tze sowie Ver\u00e4nderungen innerhalb der<br \/>\nMarktentwicklung und der sich ver\u00e4nderten Wettbewerbssituation geh\u00f6ren. Die<br \/>\nAllgeier Holding AG \u00fcbernimmt keine Gew\u00e4hrleistung und keine Haftung daf\u00fcr,<br \/>\ndass die k\u00fcnftige Entwicklung und die k\u00fcnftig erzielten tats\u00e4chlichen<br \/>\nErgebnisse mit den in dieser Ad-hoc Mitteilung\/Pressemitteilung ge\u00e4u\u00dferten<br \/>\nAnnahmen und Sch\u00e4tzungen \u00fcbereinstimmen werden.<\/p>\n<p>DGAP 29.08.2006<br \/>\n&#8212;&#8212;&#8212;&#8212;&#8212;&#8212;&#8212;&#8212;&#8212;&#8212;&#8212;&#8212;&#8212;&#8212;&#8212;&#8212;&#8212;&#8212;&#8212;&#8212;&#8212;&#8212;&#8212;&#8212;&#8212;<\/p>\n<p>Sprache:      Deutsch<br \/>\nEmittent:     Allgeier Holding AG<br \/>\n              Wehrlestrasse 12<br \/>\n              81679 M\u00fcnchen Deutschland<br \/>\nTelefon:      +49 (0)89 998 421-0<br \/>\nFax:          +49 (0)89 998 421-11<br \/>\nE-mail:       info@allgeier.com<br \/>\nWWW:          www.allgeier-holding.com<br \/>\nISIN:         DE0005086300<br \/>\nWKN:          508630<br \/>\nIndizes:      CDAX<br \/>\nB\u00f6rsen:       Geregelter Markt in Frankfurt (General Standard); Freiverkehr<br \/>\n              in Berlin-Bremen, Stuttgart, Hamburg, D\u00fcsseldorf<\/p>\n<p>Ende der Mitteilung                             DGAP News-Service<\/p>\n<p>&#8212;&#8212;&#8212;&#8212;&#8212;&#8212;&#8212;&#8212;&#8212;&#8212;&#8212;&#8212;&#8212;&#8212;&#8212;&#8212;&#8212;&#8212;&#8212;&#8212;&#8212;&#8212;&#8212;&#8212;&#8212;<\/p>\n","protected":false},"excerpt":{"rendered":"<p>Key-Player am Markt f\u00fcr Personal- und IT-Service formiert sich M\u00fcnchen, 29.August 2006. Die M\u00fcnchner Allgeier Holding AG hat sich heute mit den Aktion\u00e4ren der Wiesbadener Goetzfried AG \u00fcber den Erwerb von 100 Prozent der Aktien der Goetzfried AG geeinigt und entsprechende Vertr\u00e4ge geschlossen. Die<\/p>\n","protected":false},"author":4,"featured_media":0,"parent":1169,"menu_order":0,"comment_status":"close","ping_status":"closed","template":"","meta":{"_acf_changed":false,"footnotes":""},"categories":[],"tags":[],"class_list":["post-7085","page","type-page","status-publish","hentry"],"acf":[],"yoast_head":"<!-- This site is optimized with the Yoast SEO plugin v27.4 - https:\/\/yoast.com\/product\/yoast-seo-wordpress\/ -->\n<title>Allgeier erwirbt Rekrutierungsspezialist Goetzfried AG - Allgeier SE<\/title>\n<meta name=\"robots\" content=\"index, follow, max-snippet:-1, max-image-preview:large, max-video-preview:-1\" \/>\n<link rel=\"canonical\" href=\"https:\/\/www.allgeier.com\/de\/pressroom\/press-releases\/allgeier-erwirbt-rekrutierungsspezialist-goetzfried-ag-2\/\" \/>\n<meta property=\"og:locale\" content=\"de_DE\" \/>\n<meta property=\"og:type\" content=\"article\" \/>\n<meta property=\"og:title\" content=\"Allgeier erwirbt Rekrutierungsspezialist Goetzfried AG - Allgeier SE\" \/>\n<meta property=\"og:description\" content=\"Key-Player am Markt f\u00fcr Personal- und IT-Service formiert sich M\u00fcnchen, 29.August 2006. Die M\u00fcnchner Allgeier Holding AG hat sich heute mit den Aktion\u00e4ren der Wiesbadener Goetzfried AG \u00fcber den Erwerb von 100 Prozent der Aktien der Goetzfried AG geeinigt und entsprechende Vertr\u00e4ge geschlossen. Die\" \/>\n<meta property=\"og:url\" content=\"https:\/\/www.allgeier.com\/de\/pressroom\/press-releases\/allgeier-erwirbt-rekrutierungsspezialist-goetzfried-ag-2\/\" \/>\n<meta property=\"og:site_name\" content=\"Allgeier SE\" \/>\n<meta property=\"article:modified_time\" content=\"2025-07-23T10:27:38+00:00\" \/>\n<meta name=\"twitter:card\" content=\"summary_large_image\" \/>\n<meta name=\"twitter:label1\" content=\"Gesch\u00e4tzte Lesezeit\" \/>\n\t<meta name=\"twitter:data1\" content=\"6\u00a0Minuten\" \/>\n<script type=\"application\/ld+json\" class=\"yoast-schema-graph\">{\"@context\":\"https:\\\/\\\/schema.org\",\"@graph\":[{\"@type\":\"WebPage\",\"@id\":\"https:\\\/\\\/www.allgeier.com\\\/de\\\/pressroom\\\/press-releases\\\/allgeier-erwirbt-rekrutierungsspezialist-goetzfried-ag-2\\\/\",\"url\":\"https:\\\/\\\/www.allgeier.com\\\/de\\\/pressroom\\\/press-releases\\\/allgeier-erwirbt-rekrutierungsspezialist-goetzfried-ag-2\\\/\",\"name\":\"Allgeier erwirbt Rekrutierungsspezialist Goetzfried AG - Allgeier SE\",\"isPartOf\":{\"@id\":\"https:\\\/\\\/www.allgeier.com\\\/de\\\/#website\"},\"datePublished\":\"2006-08-29T14:59:43+00:00\",\"dateModified\":\"2025-07-23T10:27:38+00:00\",\"breadcrumb\":{\"@id\":\"https:\\\/\\\/www.allgeier.com\\\/de\\\/pressroom\\\/press-releases\\\/allgeier-erwirbt-rekrutierungsspezialist-goetzfried-ag-2\\\/#breadcrumb\"},\"inLanguage\":\"de\",\"potentialAction\":[{\"@type\":\"ReadAction\",\"target\":[\"https:\\\/\\\/www.allgeier.com\\\/de\\\/pressroom\\\/press-releases\\\/allgeier-erwirbt-rekrutierungsspezialist-goetzfried-ag-2\\\/\"]}]},{\"@type\":\"BreadcrumbList\",\"@id\":\"https:\\\/\\\/www.allgeier.com\\\/de\\\/pressroom\\\/press-releases\\\/allgeier-erwirbt-rekrutierungsspezialist-goetzfried-ag-2\\\/#breadcrumb\",\"itemListElement\":[{\"@type\":\"ListItem\",\"position\":1,\"name\":\"Home\",\"item\":\"https:\\\/\\\/www.allgeier.com\\\/de\\\/\"},{\"@type\":\"ListItem\",\"position\":2,\"name\":\"Presse\",\"item\":\"https:\\\/\\\/www.allgeier.com\\\/de\\\/pressroom\\\/\"},{\"@type\":\"ListItem\",\"position\":3,\"name\":\"Pressemitteilungen\",\"item\":\"https:\\\/\\\/www.allgeier.com\\\/de\\\/pressroom\\\/press-releases\\\/\"},{\"@type\":\"ListItem\",\"position\":4,\"name\":\"Allgeier erwirbt Rekrutierungsspezialist Goetzfried AG\"}]},{\"@type\":\"WebSite\",\"@id\":\"https:\\\/\\\/www.allgeier.com\\\/de\\\/#website\",\"url\":\"https:\\\/\\\/www.allgeier.com\\\/de\\\/\",\"name\":\"Allgeier SE\",\"description\":\"Software &amp; IT Services for digital transformation\",\"potentialAction\":[{\"@type\":\"SearchAction\",\"target\":{\"@type\":\"EntryPoint\",\"urlTemplate\":\"https:\\\/\\\/www.allgeier.com\\\/de\\\/?s={search_term_string}\"},\"query-input\":{\"@type\":\"PropertyValueSpecification\",\"valueRequired\":true,\"valueName\":\"search_term_string\"}}],\"inLanguage\":\"de\"}]}<\/script>\n<!-- \/ Yoast SEO plugin. -->","yoast_head_json":{"title":"Allgeier erwirbt Rekrutierungsspezialist Goetzfried AG - Allgeier SE","robots":{"index":"index","follow":"follow","max-snippet":"max-snippet:-1","max-image-preview":"max-image-preview:large","max-video-preview":"max-video-preview:-1"},"canonical":"https:\/\/www.allgeier.com\/de\/pressroom\/press-releases\/allgeier-erwirbt-rekrutierungsspezialist-goetzfried-ag-2\/","og_locale":"de_DE","og_type":"article","og_title":"Allgeier erwirbt Rekrutierungsspezialist Goetzfried AG - Allgeier SE","og_description":"Key-Player am Markt f\u00fcr Personal- und IT-Service formiert sich M\u00fcnchen, 29.August 2006. Die M\u00fcnchner Allgeier Holding AG hat sich heute mit den Aktion\u00e4ren der Wiesbadener Goetzfried AG \u00fcber den Erwerb von 100 Prozent der Aktien der Goetzfried AG geeinigt und entsprechende Vertr\u00e4ge geschlossen. Die","og_url":"https:\/\/www.allgeier.com\/de\/pressroom\/press-releases\/allgeier-erwirbt-rekrutierungsspezialist-goetzfried-ag-2\/","og_site_name":"Allgeier SE","article_modified_time":"2025-07-23T10:27:38+00:00","twitter_card":"summary_large_image","twitter_misc":{"Gesch\u00e4tzte Lesezeit":"6\u00a0Minuten"},"schema":{"@context":"https:\/\/schema.org","@graph":[{"@type":"WebPage","@id":"https:\/\/www.allgeier.com\/de\/pressroom\/press-releases\/allgeier-erwirbt-rekrutierungsspezialist-goetzfried-ag-2\/","url":"https:\/\/www.allgeier.com\/de\/pressroom\/press-releases\/allgeier-erwirbt-rekrutierungsspezialist-goetzfried-ag-2\/","name":"Allgeier erwirbt Rekrutierungsspezialist Goetzfried AG - Allgeier SE","isPartOf":{"@id":"https:\/\/www.allgeier.com\/de\/#website"},"datePublished":"2006-08-29T14:59:43+00:00","dateModified":"2025-07-23T10:27:38+00:00","breadcrumb":{"@id":"https:\/\/www.allgeier.com\/de\/pressroom\/press-releases\/allgeier-erwirbt-rekrutierungsspezialist-goetzfried-ag-2\/#breadcrumb"},"inLanguage":"de","potentialAction":[{"@type":"ReadAction","target":["https:\/\/www.allgeier.com\/de\/pressroom\/press-releases\/allgeier-erwirbt-rekrutierungsspezialist-goetzfried-ag-2\/"]}]},{"@type":"BreadcrumbList","@id":"https:\/\/www.allgeier.com\/de\/pressroom\/press-releases\/allgeier-erwirbt-rekrutierungsspezialist-goetzfried-ag-2\/#breadcrumb","itemListElement":[{"@type":"ListItem","position":1,"name":"Home","item":"https:\/\/www.allgeier.com\/de\/"},{"@type":"ListItem","position":2,"name":"Presse","item":"https:\/\/www.allgeier.com\/de\/pressroom\/"},{"@type":"ListItem","position":3,"name":"Pressemitteilungen","item":"https:\/\/www.allgeier.com\/de\/pressroom\/press-releases\/"},{"@type":"ListItem","position":4,"name":"Allgeier erwirbt Rekrutierungsspezialist Goetzfried AG"}]},{"@type":"WebSite","@id":"https:\/\/www.allgeier.com\/de\/#website","url":"https:\/\/www.allgeier.com\/de\/","name":"Allgeier SE","description":"Software &amp; IT Services for digital transformation","potentialAction":[{"@type":"SearchAction","target":{"@type":"EntryPoint","urlTemplate":"https:\/\/www.allgeier.com\/de\/?s={search_term_string}"},"query-input":{"@type":"PropertyValueSpecification","valueRequired":true,"valueName":"search_term_string"}}],"inLanguage":"de"}]}},"_links":{"self":[{"href":"https:\/\/www.allgeier.com\/de\/wp-json\/wp\/v2\/pages\/7085","targetHints":{"allow":["GET"]}}],"collection":[{"href":"https:\/\/www.allgeier.com\/de\/wp-json\/wp\/v2\/pages"}],"about":[{"href":"https:\/\/www.allgeier.com\/de\/wp-json\/wp\/v2\/types\/page"}],"author":[{"embeddable":true,"href":"https:\/\/www.allgeier.com\/de\/wp-json\/wp\/v2\/users\/4"}],"replies":[{"embeddable":true,"href":"https:\/\/www.allgeier.com\/de\/wp-json\/wp\/v2\/comments?post=7085"}],"version-history":[{"count":1,"href":"https:\/\/www.allgeier.com\/de\/wp-json\/wp\/v2\/pages\/7085\/revisions"}],"predecessor-version":[{"id":7087,"href":"https:\/\/www.allgeier.com\/de\/wp-json\/wp\/v2\/pages\/7085\/revisions\/7087"}],"up":[{"embeddable":true,"href":"https:\/\/www.allgeier.com\/de\/wp-json\/wp\/v2\/pages\/1169"}],"wp:attachment":[{"href":"https:\/\/www.allgeier.com\/de\/wp-json\/wp\/v2\/media?parent=7085"}],"wp:term":[{"taxonomy":"category","embeddable":true,"href":"https:\/\/www.allgeier.com\/de\/wp-json\/wp\/v2\/categories?post=7085"},{"taxonomy":"post_tag","embeddable":true,"href":"https:\/\/www.allgeier.com\/de\/wp-json\/wp\/v2\/tags?post=7085"}],"curies":[{"name":"wp","href":"https:\/\/api.w.org\/{rel}","templated":true}]}}