{"id":7093,"date":"2006-08-18T14:46:14","date_gmt":"2006-08-18T14:46:14","guid":{"rendered":"https:\/\/www.allgeier.com\/de\/?page_id=7093"},"modified":"2025-07-23T10:27:38","modified_gmt":"2025-07-23T10:27:38","slug":"allgeier-holding-ag-deutlicher-anstieg-von-umsatz-und-ergebnis-im-ersten-halbjahr-2006-2","status":"publish","type":"page","link":"https:\/\/www.allgeier.com\/de\/pressroom\/press-releases\/allgeier-holding-ag-deutlicher-anstieg-von-umsatz-und-ergebnis-im-ersten-halbjahr-2006-2\/","title":{"rendered":"Allgeier Holding AG: Deutlicher Anstieg von Umsatz und Ergebnis im ersten Halbjahr 2006"},"content":{"rendered":"<p><b>Allgeier Holding AG \/ Halbjahresbericht<\/b><\/p>\n<p>Corporate News \u00fcbermittelt durch die DGAP &#8211; ein Unternehmen der EquityStory AG.<br \/>\nF\u00fcr den Inhalt der Mitteilung ist der Emittent verantwortlich.<br \/>\n&#8212;&#8212;&#8212;&#8212;&#8212;&#8212;&#8212;&#8212;&#8212;&#8212;&#8212;&#8212;&#8212;&#8212;&#8212;&#8212;&#8212;&#8212;&#8212;&#8212;&#8212;&#8212;&#8212;&#8212;&#8212;<\/p>\n<p>Deutlicher Anstieg von Umsatz und Ergebnis im ersten Halbjahr 2006<br \/>\nBedeutende Marktposition im Bereich Personal Services in Deutschland<br \/>\ngeschaffen<\/p>\n<p>M\u00fcnchen, 18.8.06 &#8211; Die Umsatzerl\u00f6se des Allgeier Konzerns stiegen im ersten<br \/>\nHalbjahr 2006 um 133% auf 57,8 Mio. \u20ac, nach 24,8 Mio. \u20ac im ersten Halbjahr<br \/>\ndes Vorjahres. Das Umsatzwachstum wurde sowohl durch organisches Wachstum<br \/>\nder bestehenden Konzerngesellschaften, als auch durch den Erwerb von neuen<br \/>\nTochtergesellschaften im Jahr 2005 und im Fr\u00fchjahr 2006 erreicht. Im<br \/>\nGegenzug entfielen im ersten Halbjahr 2006 die Ums\u00e4tze des Ende 2005<br \/>\naufgegebenen Segments Basistechnologie (Vorjahr: 7,5 Mio. \u20ac), welche aber<br \/>\ndurch die beiden Gesch\u00e4ftsbereiche IT Services und Personal Services mehr<br \/>\nals \u00fcberkompensiert wurden.<\/p>\n<p>Das Ergebnis vor Abschreibungen, Zinsen und Steuern (EBITDA) des ersten<br \/>\nHalbjahres 2006 liegt im Konzern mit 3,8 Mio. \u20ac \u00fcber dem Wert von 3,2 Mio.<br \/>\n\u20ac in 2005 (30.6.). Das EBITDA des ersten Halbjahres 2005 war aufgrund der<br \/>\nErstkonsolidierungen von neuen Tochtergesellschaften mit einem Sonderertrag<br \/>\n(Badwill), sowie Sonderaufwendungen aus Kaufpreisallokationen beeinflusst.<br \/>\nBei Bereinigung vorgenannter Effekte zeigt sich ein Anstieg des EBITDA um<br \/>\n1,6 Mio. \u20ac bzw. ein Ergebniswachstum von 74%.<\/p>\n<p>Das Ergebnis vor Zinsen und Steuern (EBIT) betrug im ersten Halbjahr 2006<br \/>\n1,8 Mio. \u20ac nach 1,7 Mio. \u20ac in der Vergleichsperiode des Vorjahres. Zur<br \/>\nbesseren Vergleichbarkeit der operativen Ergebnisgr\u00f6\u00dfe wurden auch hier die<br \/>\nSondereffekte aus Erstkonsolidierungen bereinigt. Danach ergibt sich f\u00fcr<br \/>\ndas erste Halbjahr 2006 ein bereinigtes EBIT von 3,2 Mio. \u20ac nach einem<br \/>\nbereinigten EBIT von 1,4 Mio. \u20ac im ersten Halbjahr 2005. Das Wachstum des<br \/>\nbereinigten EBIT betrug damit 123%.<\/p>\n<p>Im August 2006 erwarb der Allgeier Konzern zwei weitere<br \/>\nTochtergesellschaften im Bereich Personal Services, die Esterbauer &amp;<br \/>\nWindisch Personalservice GmbH mit Sitz im bayerischen Straubing sowie die<br \/>\nTiempo Personal-Leasing GmbH mit Sitz in Hamburg. Durch die beiden<br \/>\nAkquisitionen vergr\u00f6\u00dfert sich der Gesch\u00e4ftsbereich Personal Services<br \/>\ndeutlich, sowohl vom Umsatzvolumen, als auch von der Ergebniskraft. Mit dem<br \/>\nErwerb der beiden neuen Gesellschaften verf\u00fcgt die Einheit Allgeier<br \/>\nPersonal Services \u00fcber ein bundesweites Niederlassungsnetz. Damit wird eine<br \/>\nweitere erhebliche St\u00e4rkung der erfolgreichen Entwicklung der Gruppe<br \/>\nerwartet. Im laufenden Jahr 2006 werden die beiden neuen Gesellschaften<br \/>\nzusammen voraussichtlich einen Umsatz von insgesamt ca. 35 Mio. \u20ac<br \/>\nerreichen. Die Neuerwerbungen werden ab August 2006 im Allgeier Konzern<br \/>\nkonsolidiert.<\/p>\n<p>F\u00fcr das Gesamtjahr 2006 wird die bisher kommunizierte Guidance eines<br \/>\nKonzern &#8211; EBIT in H\u00f6he von 9 Mio. \u20ac ausdr\u00fccklich best\u00e4tigt. Die Aussage<br \/>\ngr\u00fcndet auf der Einsch\u00e4tzung, dass die bestehenden Tochtergesellschaften<br \/>\ndas bisher nachhaltige Umsatzwachstum auch im zweiten Halbjahr 2006<br \/>\nfortsetzen, in Folge der Saisonalit\u00e4t im Zeitarbeitsgesch\u00e4ft in der zweiten<br \/>\nJahresh\u00e4lfte die Ergebniskraft deutlich zunimmt und die im Fr\u00fchjahr 2006<br \/>\nneu erworbenen Tochtergesellschaften im zweiten Halbjahr mit 6 Monaten den<br \/>\nvollen Ergebnisbeitrag liefern.<\/p>\n<p>KONZERNKENNZAHLEN NACH IFRS IM \u00dcBERBLICK<\/p>\n<p>                                  1.          1.                Ver\u00e4nde-<br \/>\n                            Halbjahr    Halbjahr                    rung<br \/>\n                             2005**        2006<br \/>\n                              Mio. \u20ac      Mio. \u20ac      Mio. \u20ac           %<br \/>\nUmsatzerl\u00f6se                    24,8        57,8        33,0      133,1%<br \/>\nEBITDA                           3,2         3,8         0,6       18,8%<br \/>\nEBIT                             1,7         1,8         0,1        5,9%<br \/>\nEBT                              1,4         0,9        -0,5      -35,7%<br \/>\nEBITDA bereinigt *               2,2         3,8         1,6       72,7%<br \/>\nEBIT bereinigt *                 1,4         3,2         1,8      128,6%<br \/>\nAnzahl Mitarbeiter (am 30.       300       3.020       2.720<br \/>\nJuni)<\/p>\n<p>  * Um Abschreibungen und Aufwendungen auf im Rahmen von<br \/>\n    Erstkonsolidierungen identifizierte Verm\u00f6gensgegenst\u00e4nde, Schulden und<br \/>\n    Eventualschulden und den Badwill aus dem Erwerb der Gesch\u00e4ftsbetriebe<br \/>\n    ERP und T&amp;P der BOG bereinigte Ergebnisse.<\/p>\n<p>** Konzernkennzahlen nach Anpassungen. Wir verweisen hierzu auf die<br \/>\nallgemeinen Erl\u00e4uterungen im  Halbjahresbericht 2006.<\/p>\n<p>Der vollst\u00e4ndige Halbjahresbericht zum 30.Juni 2006 steht auf unserer<br \/>\nWebseite zur Verf\u00fcgung.<\/p>\n<p>Kontakt:<br \/>\nCarl Georg D\u00fcrschmidt<br \/>\nVorstand<br \/>\nAllgeier Holding AG<br \/>\nWehrlestr. 12<br \/>\n81679 M\u00fcnchen<br \/>\nTel. 089-998421-0<br \/>\nFax 089-998421-11<br \/>\nwww.allgeier-holding.de<\/p>\n<p>Das Unternehmen<\/p>\n<p>Die Allgeier Holding AG fungiert als F\u00fchrungsholding einer europaweit<br \/>\nagierenden Unternehmensgruppe, die sich auf zwei wachstumsstarke M\u00e4rkte<br \/>\nkonzentriert: IT-Services und Personal-Services. Mit unseren IT-Services<br \/>\nunterst\u00fctzen wir Unternehmen bei der Umsetzung von Innovationen, der<br \/>\nVerbesserung des Informationsflusses und der Optimierung von<br \/>\nGesch\u00e4ftsabl\u00e4ufen. Die on-demand Personal-Services helfen unseren Kunden,<br \/>\nihre Prozesse und Kapazit\u00e4ten flexibel an die Auftragslage anzupassen. Ende<br \/>\n2005 besch\u00e4ftigte die Allgeier-Gruppe \u00fcber 2000 Mitarbeiter in neun<br \/>\neigenst\u00e4ndigen, leistungsf\u00e4higen Mittelstands-Unternehmen. Die Allgeier<br \/>\nHolding AG hat ihren Sitz in M\u00fcnchen und ist am geregelten Markt der<br \/>\nFrankfurter B\u00f6rse im Segment General Standard notiert (WKN 508630\/ISIN DE<br \/>\n000508630).<\/p>\n<p>Wichtiger Hinweis: Diese Ad-hoc Mitteilung\/Pressemitteilung enth\u00e4lt in die<br \/>\nZukunft gerichtete Aussagen, die auf Annahmen und Sch\u00e4tzungen der<br \/>\nUnternehmensleitung der Allgeier Holding AG beruhen. Auch wenn die<br \/>\nUnternehmensleitung der Ansicht ist, dass diese Annahmen und Sch\u00e4tzungen<br \/>\nzutreffend sind, k\u00f6nnen die k\u00fcnftige tats\u00e4chliche Entwicklung und die<br \/>\nk\u00fcnftigen tats\u00e4chlichen Ergebnisse von diesen Annahmen und Sch\u00e4tzungen<br \/>\naufgrund vielf\u00e4ltiger Faktoren erheblich abweichen. Zu diesen Faktoren<br \/>\nk\u00f6nnen beispielsweise die Ver\u00e4nderung der gesamtwirtschaftlichen Lage, der<br \/>\nWechselkurse, der Zinss\u00e4tze sowie Ver\u00e4nderungen innerhalb der<br \/>\nMarktentwicklung und der sich ver\u00e4nderten Wettbewerbssituation geh\u00f6ren. Die<br \/>\nAllgeier Holding AG \u00fcbernimmt keine Gew\u00e4hrleistung und keine Haftung daf\u00fcr,<br \/>\ndass die k\u00fcnftige Entwicklung und die k\u00fcnftig erzielten tats\u00e4chlichen<br \/>\nErgebnisse mit den in dieser Ad-hoc Mitteilung\/Pressemitteilung ge\u00e4u\u00dferten<br \/>\nAnnahmen und Sch\u00e4tzungen \u00fcbereinstimmen werden.<\/p>\n<p>DGAP 18.08.2006<br \/>\n&#8212;&#8212;&#8212;&#8212;&#8212;&#8212;&#8212;&#8212;&#8212;&#8212;&#8212;&#8212;&#8212;&#8212;&#8212;&#8212;&#8212;&#8212;&#8212;&#8212;&#8212;&#8212;&#8212;&#8212;&#8212;<\/p>\n<p>Sprache:      Deutsch<br \/>\nEmittent:     Allgeier Holding AG<br \/>\n              Wehrlestrasse 12<br \/>\n              81679 M\u00fcnchen Deutschland<br \/>\nTelefon:      +49 (0)89 998 421-0<br \/>\nFax:          +49 (0)89 998 421-11<br \/>\nE-mail:       info@allgeier.com<br \/>\nWWW:          www.allgeier-holding.com<br \/>\nISIN:         DE0005086300<br \/>\nWKN:          508630<br \/>\nIndizes:      CDAX<br \/>\nB\u00f6rsen:       Geregelter Markt in Frankfurt (General Standard); Freiverkehr<br \/>\n              in Berlin-Bremen, Stuttgart, Hamburg, D\u00fcsseldorf<\/p>\n<p>Ende der Mitteilung                             DGAP News-Service<\/p>\n<p>&#8212;&#8212;&#8212;&#8212;&#8212;&#8212;&#8212;&#8212;&#8212;&#8212;&#8212;&#8212;&#8212;&#8212;&#8212;&#8212;&#8212;&#8212;&#8212;&#8212;&#8212;&#8212;&#8212;&#8212;&#8212;<\/p>\n","protected":false},"excerpt":{"rendered":"<p>Deutlicher Anstieg von Umsatz und Ergebnis im ersten Halbjahr 2006 Bedeutende Marktposition im Bereich Personal Services in Deutschland geschaffen M\u00fcnchen, 18.8.06 &#8211; Die Umsatzerl\u00f6se des Allgeier Konzerns stiegen im ersten Halbjahr 2006 um 133% auf 57,8 Mio. \u20ac, nach 24,8 Mio. \u20ac im ersten Halbjahr des<\/p>\n","protected":false},"author":4,"featured_media":0,"parent":1169,"menu_order":0,"comment_status":"close","ping_status":"closed","template":"","meta":{"_acf_changed":false,"footnotes":""},"categories":[],"tags":[],"class_list":["post-7093","page","type-page","status-publish","hentry"],"acf":[],"yoast_head":"<!-- This site is optimized with the Yoast SEO plugin v27.4 - https:\/\/yoast.com\/product\/yoast-seo-wordpress\/ -->\n<title>Allgeier Holding AG: Deutlicher Anstieg von Umsatz und Ergebnis im ersten Halbjahr 2006 - Allgeier SE<\/title>\n<meta name=\"robots\" content=\"index, follow, max-snippet:-1, max-image-preview:large, max-video-preview:-1\" \/>\n<link rel=\"canonical\" href=\"https:\/\/www.allgeier.com\/de\/pressroom\/press-releases\/allgeier-holding-ag-deutlicher-anstieg-von-umsatz-und-ergebnis-im-ersten-halbjahr-2006-2\/\" \/>\n<meta property=\"og:locale\" content=\"de_DE\" \/>\n<meta property=\"og:type\" content=\"article\" \/>\n<meta property=\"og:title\" content=\"Allgeier Holding AG: Deutlicher Anstieg von Umsatz und Ergebnis im ersten Halbjahr 2006 - Allgeier SE\" \/>\n<meta property=\"og:description\" content=\"Deutlicher Anstieg von Umsatz und Ergebnis im ersten Halbjahr 2006 Bedeutende Marktposition im Bereich Personal Services in Deutschland geschaffen M\u00fcnchen, 18.8.06 - Die Umsatzerl\u00f6se des Allgeier Konzerns stiegen im ersten Halbjahr 2006 um 133% auf 57,8 Mio. \u20ac, nach 24,8 Mio. \u20ac im ersten Halbjahr des\" \/>\n<meta property=\"og:url\" content=\"https:\/\/www.allgeier.com\/de\/pressroom\/press-releases\/allgeier-holding-ag-deutlicher-anstieg-von-umsatz-und-ergebnis-im-ersten-halbjahr-2006-2\/\" \/>\n<meta property=\"og:site_name\" content=\"Allgeier SE\" \/>\n<meta property=\"article:modified_time\" content=\"2025-07-23T10:27:38+00:00\" \/>\n<meta name=\"twitter:card\" content=\"summary_large_image\" \/>\n<meta name=\"twitter:label1\" content=\"Gesch\u00e4tzte Lesezeit\" \/>\n\t<meta name=\"twitter:data1\" content=\"4\u00a0Minuten\" \/>\n<script type=\"application\/ld+json\" class=\"yoast-schema-graph\">{\"@context\":\"https:\\\/\\\/schema.org\",\"@graph\":[{\"@type\":\"WebPage\",\"@id\":\"https:\\\/\\\/www.allgeier.com\\\/de\\\/pressroom\\\/press-releases\\\/allgeier-holding-ag-deutlicher-anstieg-von-umsatz-und-ergebnis-im-ersten-halbjahr-2006-2\\\/\",\"url\":\"https:\\\/\\\/www.allgeier.com\\\/de\\\/pressroom\\\/press-releases\\\/allgeier-holding-ag-deutlicher-anstieg-von-umsatz-und-ergebnis-im-ersten-halbjahr-2006-2\\\/\",\"name\":\"Allgeier Holding AG: Deutlicher Anstieg von Umsatz und Ergebnis im ersten Halbjahr 2006 - Allgeier SE\",\"isPartOf\":{\"@id\":\"https:\\\/\\\/www.allgeier.com\\\/de\\\/#website\"},\"datePublished\":\"2006-08-18T14:46:14+00:00\",\"dateModified\":\"2025-07-23T10:27:38+00:00\",\"breadcrumb\":{\"@id\":\"https:\\\/\\\/www.allgeier.com\\\/de\\\/pressroom\\\/press-releases\\\/allgeier-holding-ag-deutlicher-anstieg-von-umsatz-und-ergebnis-im-ersten-halbjahr-2006-2\\\/#breadcrumb\"},\"inLanguage\":\"de\",\"potentialAction\":[{\"@type\":\"ReadAction\",\"target\":[\"https:\\\/\\\/www.allgeier.com\\\/de\\\/pressroom\\\/press-releases\\\/allgeier-holding-ag-deutlicher-anstieg-von-umsatz-und-ergebnis-im-ersten-halbjahr-2006-2\\\/\"]}]},{\"@type\":\"BreadcrumbList\",\"@id\":\"https:\\\/\\\/www.allgeier.com\\\/de\\\/pressroom\\\/press-releases\\\/allgeier-holding-ag-deutlicher-anstieg-von-umsatz-und-ergebnis-im-ersten-halbjahr-2006-2\\\/#breadcrumb\",\"itemListElement\":[{\"@type\":\"ListItem\",\"position\":1,\"name\":\"Home\",\"item\":\"https:\\\/\\\/www.allgeier.com\\\/de\\\/\"},{\"@type\":\"ListItem\",\"position\":2,\"name\":\"Presse\",\"item\":\"https:\\\/\\\/www.allgeier.com\\\/de\\\/pressroom\\\/\"},{\"@type\":\"ListItem\",\"position\":3,\"name\":\"Pressemitteilungen\",\"item\":\"https:\\\/\\\/www.allgeier.com\\\/de\\\/pressroom\\\/press-releases\\\/\"},{\"@type\":\"ListItem\",\"position\":4,\"name\":\"Allgeier Holding AG: Deutlicher Anstieg von Umsatz und Ergebnis im ersten Halbjahr 2006\"}]},{\"@type\":\"WebSite\",\"@id\":\"https:\\\/\\\/www.allgeier.com\\\/de\\\/#website\",\"url\":\"https:\\\/\\\/www.allgeier.com\\\/de\\\/\",\"name\":\"Allgeier SE\",\"description\":\"Software &amp; IT Services for digital transformation\",\"potentialAction\":[{\"@type\":\"SearchAction\",\"target\":{\"@type\":\"EntryPoint\",\"urlTemplate\":\"https:\\\/\\\/www.allgeier.com\\\/de\\\/?s={search_term_string}\"},\"query-input\":{\"@type\":\"PropertyValueSpecification\",\"valueRequired\":true,\"valueName\":\"search_term_string\"}}],\"inLanguage\":\"de\"}]}<\/script>\n<!-- \/ Yoast SEO plugin. -->","yoast_head_json":{"title":"Allgeier Holding AG: Deutlicher Anstieg von Umsatz und Ergebnis im ersten Halbjahr 2006 - Allgeier SE","robots":{"index":"index","follow":"follow","max-snippet":"max-snippet:-1","max-image-preview":"max-image-preview:large","max-video-preview":"max-video-preview:-1"},"canonical":"https:\/\/www.allgeier.com\/de\/pressroom\/press-releases\/allgeier-holding-ag-deutlicher-anstieg-von-umsatz-und-ergebnis-im-ersten-halbjahr-2006-2\/","og_locale":"de_DE","og_type":"article","og_title":"Allgeier Holding AG: Deutlicher Anstieg von Umsatz und Ergebnis im ersten Halbjahr 2006 - Allgeier SE","og_description":"Deutlicher Anstieg von Umsatz und Ergebnis im ersten Halbjahr 2006 Bedeutende Marktposition im Bereich Personal Services in Deutschland geschaffen M\u00fcnchen, 18.8.06 - Die Umsatzerl\u00f6se des Allgeier Konzerns stiegen im ersten Halbjahr 2006 um 133% auf 57,8 Mio. \u20ac, nach 24,8 Mio. \u20ac im ersten Halbjahr des","og_url":"https:\/\/www.allgeier.com\/de\/pressroom\/press-releases\/allgeier-holding-ag-deutlicher-anstieg-von-umsatz-und-ergebnis-im-ersten-halbjahr-2006-2\/","og_site_name":"Allgeier SE","article_modified_time":"2025-07-23T10:27:38+00:00","twitter_card":"summary_large_image","twitter_misc":{"Gesch\u00e4tzte Lesezeit":"4\u00a0Minuten"},"schema":{"@context":"https:\/\/schema.org","@graph":[{"@type":"WebPage","@id":"https:\/\/www.allgeier.com\/de\/pressroom\/press-releases\/allgeier-holding-ag-deutlicher-anstieg-von-umsatz-und-ergebnis-im-ersten-halbjahr-2006-2\/","url":"https:\/\/www.allgeier.com\/de\/pressroom\/press-releases\/allgeier-holding-ag-deutlicher-anstieg-von-umsatz-und-ergebnis-im-ersten-halbjahr-2006-2\/","name":"Allgeier Holding AG: Deutlicher Anstieg von Umsatz und Ergebnis im ersten Halbjahr 2006 - Allgeier SE","isPartOf":{"@id":"https:\/\/www.allgeier.com\/de\/#website"},"datePublished":"2006-08-18T14:46:14+00:00","dateModified":"2025-07-23T10:27:38+00:00","breadcrumb":{"@id":"https:\/\/www.allgeier.com\/de\/pressroom\/press-releases\/allgeier-holding-ag-deutlicher-anstieg-von-umsatz-und-ergebnis-im-ersten-halbjahr-2006-2\/#breadcrumb"},"inLanguage":"de","potentialAction":[{"@type":"ReadAction","target":["https:\/\/www.allgeier.com\/de\/pressroom\/press-releases\/allgeier-holding-ag-deutlicher-anstieg-von-umsatz-und-ergebnis-im-ersten-halbjahr-2006-2\/"]}]},{"@type":"BreadcrumbList","@id":"https:\/\/www.allgeier.com\/de\/pressroom\/press-releases\/allgeier-holding-ag-deutlicher-anstieg-von-umsatz-und-ergebnis-im-ersten-halbjahr-2006-2\/#breadcrumb","itemListElement":[{"@type":"ListItem","position":1,"name":"Home","item":"https:\/\/www.allgeier.com\/de\/"},{"@type":"ListItem","position":2,"name":"Presse","item":"https:\/\/www.allgeier.com\/de\/pressroom\/"},{"@type":"ListItem","position":3,"name":"Pressemitteilungen","item":"https:\/\/www.allgeier.com\/de\/pressroom\/press-releases\/"},{"@type":"ListItem","position":4,"name":"Allgeier Holding AG: Deutlicher Anstieg von Umsatz und Ergebnis im ersten Halbjahr 2006"}]},{"@type":"WebSite","@id":"https:\/\/www.allgeier.com\/de\/#website","url":"https:\/\/www.allgeier.com\/de\/","name":"Allgeier SE","description":"Software &amp; IT Services for digital transformation","potentialAction":[{"@type":"SearchAction","target":{"@type":"EntryPoint","urlTemplate":"https:\/\/www.allgeier.com\/de\/?s={search_term_string}"},"query-input":{"@type":"PropertyValueSpecification","valueRequired":true,"valueName":"search_term_string"}}],"inLanguage":"de"}]}},"_links":{"self":[{"href":"https:\/\/www.allgeier.com\/de\/wp-json\/wp\/v2\/pages\/7093","targetHints":{"allow":["GET"]}}],"collection":[{"href":"https:\/\/www.allgeier.com\/de\/wp-json\/wp\/v2\/pages"}],"about":[{"href":"https:\/\/www.allgeier.com\/de\/wp-json\/wp\/v2\/types\/page"}],"author":[{"embeddable":true,"href":"https:\/\/www.allgeier.com\/de\/wp-json\/wp\/v2\/users\/4"}],"replies":[{"embeddable":true,"href":"https:\/\/www.allgeier.com\/de\/wp-json\/wp\/v2\/comments?post=7093"}],"version-history":[{"count":1,"href":"https:\/\/www.allgeier.com\/de\/wp-json\/wp\/v2\/pages\/7093\/revisions"}],"predecessor-version":[{"id":7095,"href":"https:\/\/www.allgeier.com\/de\/wp-json\/wp\/v2\/pages\/7093\/revisions\/7095"}],"up":[{"embeddable":true,"href":"https:\/\/www.allgeier.com\/de\/wp-json\/wp\/v2\/pages\/1169"}],"wp:attachment":[{"href":"https:\/\/www.allgeier.com\/de\/wp-json\/wp\/v2\/media?parent=7093"}],"wp:term":[{"taxonomy":"category","embeddable":true,"href":"https:\/\/www.allgeier.com\/de\/wp-json\/wp\/v2\/categories?post=7093"},{"taxonomy":"post_tag","embeddable":true,"href":"https:\/\/www.allgeier.com\/de\/wp-json\/wp\/v2\/tags?post=7093"}],"curies":[{"name":"wp","href":"https:\/\/api.w.org\/{rel}","templated":true}]}}