{"id":7099,"date":"2006-03-17T16:08:33","date_gmt":"2006-03-17T17:08:33","guid":{"rendered":"https:\/\/www.allgeier.com\/de\/?page_id=7099"},"modified":"2025-07-23T10:27:39","modified_gmt":"2025-07-23T10:27:39","slug":"allgeier-erwirbt-mgm-technology-partners-3","status":"publish","type":"page","link":"https:\/\/www.allgeier.com\/de\/pressroom\/press-releases\/allgeier-erwirbt-mgm-technology-partners-3\/","title":{"rendered":"Allgeier erwirbt mgm technology partners"},"content":{"rendered":"<p><b>Allgeier Holding AG \/ Firmen\u00fcbernahme<\/b><\/p>\n<p>Corporate-Mitteilung \u00fcbermittelt durch die DGAP &#8211; ein Unternehmen der EquityStory AG.<br \/>\nF\u00fcr den Inhalt der Mitteilung ist der Emittent verantwortlich.<br \/>\n&#8212;&#8212;&#8212;&#8212;&#8212;&#8212;&#8212;&#8212;&#8212;&#8212;&#8212;&#8212;&#8212;&#8212;&#8212;&#8212;&#8212;&#8212;&#8212;&#8212;&#8212;&#8212;&#8212;&#8212;&#8212;<\/p>\n<p>Gesch\u00e4ftsbereich IT-Services w\u00e4chst um Systeml\u00f6sungsspezialisten<\/p>\n<p>M\u00fcnchen, 17. M\u00e4rz 2006 &#8211; Die Allgeier-Gruppe hat heute einen Vertrag zur<br \/>\n\u00dcbernahme s\u00e4mtlicher Gesch\u00e4ftsanteile an der M\u00fcnchner mgm technology<br \/>\npartners GmbH abge-schlossen. mgm ist ein IT-Services-Unternehmen, das in<br \/>\nder Beratung und Implementie-rung innovativer Systeml\u00f6sungen zuhause ist.<br \/>\nDie Muttergesellschaft und ihre drei Tochterunternehmen besch\u00e4ftigen<br \/>\ninsgesamt 150 IT-Experten an vier Standorten in M\u00fcnchen, Hamburg, Grenoble<br \/>\nund Prag und erwirtschafteten 2005 einen Umsatz von rund 14,5 Millionen<br \/>\nEuro. Seit ihrer Gr\u00fcndung vor 12 Jahren ist mgm stetig gewachsen und<br \/>\nerzielte regelm\u00e4\u00dfig gute Ergebnisse.<\/p>\n<p>Der Kaufpreis f\u00fcr die mgm technology partners liegt im oberen einstelligen<br \/>\nMillionenbe-reich. Zus\u00e4tzlich sind ergebnisabh\u00e4ngige Earnout-Zahlungen<br \/>\nvereinbart. Organisatorisch wird mgm technology partners in den IT-Service<br \/>\nBereich, der unter der Allgeier IT Services AG gef\u00fchrt wird, eingegliedert.<br \/>\nHerr Hamarz Mehmanesh, der gemeinsam mit Herrn Dr. Homayoun Mehmaneche die<br \/>\nmgm technology partners gegr\u00fcndet und als Gesch\u00e4ftsf\u00fchrer gef\u00fchrt hat,<br \/>\nbleibt weiterhin Gesch\u00e4ftsf\u00fchrer des Unternehmens. Im Rahmen der<br \/>\nTransaktion beteiligt er sich \u00fcber eine Management Beteiligungsgesellschaft<br \/>\nmit 20 % am Stammkapital der MGM MBO GmbH, die die Anteile an der mgm<br \/>\ntechno-logy partners erworben hat.<\/p>\n<p>Mit der \u00dcbernahme setzt die Allgeier Holding AG ihre Strategie des<br \/>\nWachstums durch Akquisitionen fort, mit denen die Bereiche IT-Services und<br \/>\nPersonal-Services konsequent ausgebaut werden sollen. Mit der \u00dcbernahme von<br \/>\nmgm technology partners besch\u00e4ftigt die Gruppe nunmehr 500 IT-Experten, die<br \/>\nf\u00fcr Kunden aller Gr\u00f6\u00dfenordnungen komplexe IT-L\u00f6sungen und<br \/>\nIT-Dienstleistungen anbieten.<\/p>\n<p>Kontakt:<br \/>\nAllgeier Holding AG<br \/>\nCarl Georg D\u00fcrschmidt<br \/>\nVorstand<br \/>\nWehrlestr. 12<br \/>\n81679 M\u00fcnchen<br \/>\nTel. 089 \u2013 998421-0<br \/>\nFax 089 \u2013 998421-11<br \/>\nE-Mail: ir@allgeier-holding.de<br \/>\nwww.allgeier-holding.de<\/p>\n<p>Das Unternehmen<br \/>\nDie Allgeier Holding AG fungiert als F\u00fchrungsholding einer europaweit<br \/>\nagierenden Unternehmensgruppe, die sich auf zwei wachstumsstarke M\u00e4rkte<br \/>\nkonzentriert: IT-Services und Personal-Services. Mit unseren IT-Services<br \/>\nunterst\u00fctzen wir Unternehmen bei der Umsetzung von Innovationen, der<br \/>\nVerbesserung des Informationsflusses und der Optimierung von<br \/>\nGesch\u00e4ftsabl\u00e4ufen. Die on-demand Personal-Services helfen unseren Kunden,<br \/>\nihre Prozesse und Kapazit\u00e4ten flexibel an die Auftragslage anzupassen. Ende<br \/>\n2005 besch\u00e4ftigte die Allgeier-Gruppe \u00fcber 2000 Mitarbeiter in neun<br \/>\neigenst\u00e4ndigen, leistungsf\u00e4higen Mit-telstands-Unternehmen. Die Allgeier<br \/>\nHolding AG hat ihren Sitz in M\u00fcnchen und ist am geregelten Markt der<br \/>\nFrankfurter B\u00f6rse im Segment General Standard notiert (WKN 508630\/ISIN DE<br \/>\n000508630).<\/p>\n<p>DGAP 17.03.2006<br \/>\n&#8212;&#8212;&#8212;&#8212;&#8212;&#8212;&#8212;&#8212;&#8212;&#8212;&#8212;&#8212;&#8212;&#8212;&#8212;&#8212;&#8212;&#8212;&#8212;&#8212;&#8212;&#8212;&#8212;&#8212;&#8212;<\/p>\n<p>Sprache:      Deutsch<br \/>\nEmittent:     Allgeier Holding AG<br \/>\n              Wehrlestrasse 12<br \/>\n              81679 M\u00fcnchen Deutschland<br \/>\nTelefon:      +49 (0)89 998 421-0<br \/>\nFax:          +49 (0)89 998 421-11<br \/>\nEmail:        info@allgeier.com<br \/>\nWWW:          www.allgeier-holding.com<br \/>\nISIN:         DE0005086300<br \/>\nWKN:          508630<br \/>\nIndizes:      CDAX<br \/>\nB\u00f6rsen:       Geregelter Markt in Frankfurt (General Standard); Freiverkehr<br \/>\n              in Berlin-Bremen, Hannover, D\u00fcsseldorf, Hamburg, Stuttgart<\/p>\n<p>Ende der Mitteilung                             DGAP News-Service<\/p>\n<p>&#8212;&#8212;&#8212;&#8212;&#8212;&#8212;&#8212;&#8212;&#8212;&#8212;&#8212;&#8212;&#8212;&#8212;&#8212;&#8212;&#8212;&#8212;&#8212;&#8212;&#8212;&#8212;&#8212;&#8212;&#8212;<\/p>\n","protected":false},"excerpt":{"rendered":"<p>Gesch\u00e4ftsbereich IT-Services w\u00e4chst um Systeml\u00f6sungsspezialisten M\u00fcnchen, 17. M\u00e4rz 2006 &#8211; Die Allgeier-Gruppe hat heute einen Vertrag zur \u00dcbernahme s\u00e4mtlicher Gesch\u00e4ftsanteile an der M\u00fcnchner mgm technology partners GmbH abge-schlossen. mgm ist ein IT-Services-Unternehmen, das in der Beratung und Implementie-rung<\/p>\n","protected":false},"author":4,"featured_media":0,"parent":1169,"menu_order":0,"comment_status":"close","ping_status":"closed","template":"","meta":{"_acf_changed":false,"footnotes":""},"categories":[],"tags":[],"class_list":["post-7099","page","type-page","status-publish","hentry"],"acf":[],"yoast_head":"<!-- This site is optimized with the Yoast SEO plugin v27.4 - https:\/\/yoast.com\/product\/yoast-seo-wordpress\/ -->\n<title>Allgeier erwirbt mgm technology partners - Allgeier SE<\/title>\n<meta name=\"robots\" content=\"index, follow, max-snippet:-1, max-image-preview:large, max-video-preview:-1\" \/>\n<link rel=\"canonical\" href=\"https:\/\/www.allgeier.com\/de\/pressroom\/press-releases\/allgeier-erwirbt-mgm-technology-partners-3\/\" \/>\n<meta property=\"og:locale\" content=\"de_DE\" \/>\n<meta property=\"og:type\" content=\"article\" \/>\n<meta property=\"og:title\" content=\"Allgeier erwirbt mgm technology partners - Allgeier SE\" \/>\n<meta property=\"og:description\" content=\"Gesch\u00e4ftsbereich IT-Services w\u00e4chst um Systeml\u00f6sungsspezialisten M\u00fcnchen, 17. M\u00e4rz 2006 - Die Allgeier-Gruppe hat heute einen Vertrag zur \u00dcbernahme s\u00e4mtlicher Gesch\u00e4ftsanteile an der M\u00fcnchner mgm technology partners GmbH abge-schlossen. mgm ist ein IT-Services-Unternehmen, das in der Beratung und Implementie-rung\" \/>\n<meta property=\"og:url\" content=\"https:\/\/www.allgeier.com\/de\/pressroom\/press-releases\/allgeier-erwirbt-mgm-technology-partners-3\/\" \/>\n<meta property=\"og:site_name\" content=\"Allgeier SE\" \/>\n<meta property=\"article:modified_time\" content=\"2025-07-23T10:27:39+00:00\" \/>\n<meta name=\"twitter:card\" content=\"summary_large_image\" \/>\n<meta name=\"twitter:label1\" content=\"Gesch\u00e4tzte Lesezeit\" \/>\n\t<meta name=\"twitter:data1\" content=\"2\u00a0Minuten\" \/>\n<script type=\"application\/ld+json\" class=\"yoast-schema-graph\">{\"@context\":\"https:\\\/\\\/schema.org\",\"@graph\":[{\"@type\":\"WebPage\",\"@id\":\"https:\\\/\\\/www.allgeier.com\\\/de\\\/pressroom\\\/press-releases\\\/allgeier-erwirbt-mgm-technology-partners-3\\\/\",\"url\":\"https:\\\/\\\/www.allgeier.com\\\/de\\\/pressroom\\\/press-releases\\\/allgeier-erwirbt-mgm-technology-partners-3\\\/\",\"name\":\"Allgeier erwirbt mgm technology partners - Allgeier SE\",\"isPartOf\":{\"@id\":\"https:\\\/\\\/www.allgeier.com\\\/de\\\/#website\"},\"datePublished\":\"2006-03-17T17:08:33+00:00\",\"dateModified\":\"2025-07-23T10:27:39+00:00\",\"breadcrumb\":{\"@id\":\"https:\\\/\\\/www.allgeier.com\\\/de\\\/pressroom\\\/press-releases\\\/allgeier-erwirbt-mgm-technology-partners-3\\\/#breadcrumb\"},\"inLanguage\":\"de\",\"potentialAction\":[{\"@type\":\"ReadAction\",\"target\":[\"https:\\\/\\\/www.allgeier.com\\\/de\\\/pressroom\\\/press-releases\\\/allgeier-erwirbt-mgm-technology-partners-3\\\/\"]}]},{\"@type\":\"BreadcrumbList\",\"@id\":\"https:\\\/\\\/www.allgeier.com\\\/de\\\/pressroom\\\/press-releases\\\/allgeier-erwirbt-mgm-technology-partners-3\\\/#breadcrumb\",\"itemListElement\":[{\"@type\":\"ListItem\",\"position\":1,\"name\":\"Home\",\"item\":\"https:\\\/\\\/www.allgeier.com\\\/de\\\/\"},{\"@type\":\"ListItem\",\"position\":2,\"name\":\"Presse\",\"item\":\"https:\\\/\\\/www.allgeier.com\\\/de\\\/pressroom\\\/\"},{\"@type\":\"ListItem\",\"position\":3,\"name\":\"Pressemitteilungen\",\"item\":\"https:\\\/\\\/www.allgeier.com\\\/de\\\/pressroom\\\/press-releases\\\/\"},{\"@type\":\"ListItem\",\"position\":4,\"name\":\"Allgeier erwirbt mgm technology partners\"}]},{\"@type\":\"WebSite\",\"@id\":\"https:\\\/\\\/www.allgeier.com\\\/de\\\/#website\",\"url\":\"https:\\\/\\\/www.allgeier.com\\\/de\\\/\",\"name\":\"Allgeier SE\",\"description\":\"Software &amp; IT Services for digital transformation\",\"potentialAction\":[{\"@type\":\"SearchAction\",\"target\":{\"@type\":\"EntryPoint\",\"urlTemplate\":\"https:\\\/\\\/www.allgeier.com\\\/de\\\/?s={search_term_string}\"},\"query-input\":{\"@type\":\"PropertyValueSpecification\",\"valueRequired\":true,\"valueName\":\"search_term_string\"}}],\"inLanguage\":\"de\"}]}<\/script>\n<!-- \/ Yoast SEO plugin. -->","yoast_head_json":{"title":"Allgeier erwirbt mgm technology partners - Allgeier SE","robots":{"index":"index","follow":"follow","max-snippet":"max-snippet:-1","max-image-preview":"max-image-preview:large","max-video-preview":"max-video-preview:-1"},"canonical":"https:\/\/www.allgeier.com\/de\/pressroom\/press-releases\/allgeier-erwirbt-mgm-technology-partners-3\/","og_locale":"de_DE","og_type":"article","og_title":"Allgeier erwirbt mgm technology partners - Allgeier SE","og_description":"Gesch\u00e4ftsbereich IT-Services w\u00e4chst um Systeml\u00f6sungsspezialisten M\u00fcnchen, 17. M\u00e4rz 2006 - Die Allgeier-Gruppe hat heute einen Vertrag zur \u00dcbernahme s\u00e4mtlicher Gesch\u00e4ftsanteile an der M\u00fcnchner mgm technology partners GmbH abge-schlossen. mgm ist ein IT-Services-Unternehmen, das in der Beratung und Implementie-rung","og_url":"https:\/\/www.allgeier.com\/de\/pressroom\/press-releases\/allgeier-erwirbt-mgm-technology-partners-3\/","og_site_name":"Allgeier SE","article_modified_time":"2025-07-23T10:27:39+00:00","twitter_card":"summary_large_image","twitter_misc":{"Gesch\u00e4tzte Lesezeit":"2\u00a0Minuten"},"schema":{"@context":"https:\/\/schema.org","@graph":[{"@type":"WebPage","@id":"https:\/\/www.allgeier.com\/de\/pressroom\/press-releases\/allgeier-erwirbt-mgm-technology-partners-3\/","url":"https:\/\/www.allgeier.com\/de\/pressroom\/press-releases\/allgeier-erwirbt-mgm-technology-partners-3\/","name":"Allgeier erwirbt mgm technology partners - Allgeier SE","isPartOf":{"@id":"https:\/\/www.allgeier.com\/de\/#website"},"datePublished":"2006-03-17T17:08:33+00:00","dateModified":"2025-07-23T10:27:39+00:00","breadcrumb":{"@id":"https:\/\/www.allgeier.com\/de\/pressroom\/press-releases\/allgeier-erwirbt-mgm-technology-partners-3\/#breadcrumb"},"inLanguage":"de","potentialAction":[{"@type":"ReadAction","target":["https:\/\/www.allgeier.com\/de\/pressroom\/press-releases\/allgeier-erwirbt-mgm-technology-partners-3\/"]}]},{"@type":"BreadcrumbList","@id":"https:\/\/www.allgeier.com\/de\/pressroom\/press-releases\/allgeier-erwirbt-mgm-technology-partners-3\/#breadcrumb","itemListElement":[{"@type":"ListItem","position":1,"name":"Home","item":"https:\/\/www.allgeier.com\/de\/"},{"@type":"ListItem","position":2,"name":"Presse","item":"https:\/\/www.allgeier.com\/de\/pressroom\/"},{"@type":"ListItem","position":3,"name":"Pressemitteilungen","item":"https:\/\/www.allgeier.com\/de\/pressroom\/press-releases\/"},{"@type":"ListItem","position":4,"name":"Allgeier erwirbt mgm technology partners"}]},{"@type":"WebSite","@id":"https:\/\/www.allgeier.com\/de\/#website","url":"https:\/\/www.allgeier.com\/de\/","name":"Allgeier SE","description":"Software &amp; IT Services for digital transformation","potentialAction":[{"@type":"SearchAction","target":{"@type":"EntryPoint","urlTemplate":"https:\/\/www.allgeier.com\/de\/?s={search_term_string}"},"query-input":{"@type":"PropertyValueSpecification","valueRequired":true,"valueName":"search_term_string"}}],"inLanguage":"de"}]}},"_links":{"self":[{"href":"https:\/\/www.allgeier.com\/de\/wp-json\/wp\/v2\/pages\/7099","targetHints":{"allow":["GET"]}}],"collection":[{"href":"https:\/\/www.allgeier.com\/de\/wp-json\/wp\/v2\/pages"}],"about":[{"href":"https:\/\/www.allgeier.com\/de\/wp-json\/wp\/v2\/types\/page"}],"author":[{"embeddable":true,"href":"https:\/\/www.allgeier.com\/de\/wp-json\/wp\/v2\/users\/4"}],"replies":[{"embeddable":true,"href":"https:\/\/www.allgeier.com\/de\/wp-json\/wp\/v2\/comments?post=7099"}],"version-history":[{"count":1,"href":"https:\/\/www.allgeier.com\/de\/wp-json\/wp\/v2\/pages\/7099\/revisions"}],"predecessor-version":[{"id":7100,"href":"https:\/\/www.allgeier.com\/de\/wp-json\/wp\/v2\/pages\/7099\/revisions\/7100"}],"up":[{"embeddable":true,"href":"https:\/\/www.allgeier.com\/de\/wp-json\/wp\/v2\/pages\/1169"}],"wp:attachment":[{"href":"https:\/\/www.allgeier.com\/de\/wp-json\/wp\/v2\/media?parent=7099"}],"wp:term":[{"taxonomy":"category","embeddable":true,"href":"https:\/\/www.allgeier.com\/de\/wp-json\/wp\/v2\/categories?post=7099"},{"taxonomy":"post_tag","embeddable":true,"href":"https:\/\/www.allgeier.com\/de\/wp-json\/wp\/v2\/tags?post=7099"}],"curies":[{"name":"wp","href":"https:\/\/api.w.org\/{rel}","templated":true}]}}