{"id":7103,"date":"2006-03-03T12:23:05","date_gmt":"2006-03-03T13:23:05","guid":{"rendered":"https:\/\/www.allgeier.com\/de\/?page_id=7103"},"modified":"2025-07-23T10:27:39","modified_gmt":"2025-07-23T10:27:39","slug":"allgeier-erwirbt-u-n-p-software-3","status":"publish","type":"page","link":"https:\/\/www.allgeier.com\/de\/pressroom\/press-releases\/allgeier-erwirbt-u-n-p-software-3\/","title":{"rendered":"Allgeier erwirbt U.N.P. Software"},"content":{"rendered":"<p><b>Allgeier Holding AG \/ Firmen\u00fcbernahme<\/b><\/p>\n<p>Corporate-Mitteilung \u00fcbermittelt durch die DGAP &#8211; ein Unternehmen der EquityStory AG.<br \/>\nF\u00fcr den Inhalt der Mitteilung ist der Emittent verantwortlich.<br \/>\n&#8212;&#8212;&#8212;&#8212;&#8212;&#8212;&#8212;&#8212;&#8212;&#8212;&#8212;&#8212;&#8212;&#8212;&#8212;&#8212;&#8212;&#8212;&#8212;&#8212;&#8212;&#8212;&#8212;&#8212;&#8212;<\/p>\n<p>Allgeier erwirbt U.N.P. Software<br \/>\nWeiterer Ausbau der Gesch\u00e4ftsbereichs IT-Services<\/p>\n<p>M\u00fcnchen, 03.03.2006 &#8211; Zum heutigen Tag \u00fcbernimmt die Allgeier Holding AG<br \/>\n\u00fcber ihre Tochtergesellschaft Allgeier IT-Services AG 100 Prozent der<br \/>\nAnteile an der D\u00fcsseldorfer U.N.P. &#8211; Software GmbH. Damit verfolgt Allgeier<br \/>\nseine Strategie der Konzentration auf die Gesch\u00e4ftsfelder IT-Services und<br \/>\nPersonal-Services konsequent weiter. U.N.P. unterst\u00fctzt seit 1991 namhafte<br \/>\nUnternehmen durch umfassende IT-Beratungsleistungen, die \u00fcberwiegend durch<br \/>\nexterne IT-Experten erbracht werden. Besonders stark ist U.N.P. in der<br \/>\nFinanzdienstleistungsbranche bei der Arbeit mit Banken und Versicherungen.<br \/>\nIn der Umfrage des IT-Projektportals GULP (www.gulp.de) wurde U.N.P. 2003<br \/>\nzu den besten Agenturen aus der Sicht freiberuflicher IT-Experten gew\u00e4hlt.<\/p>\n<p>U.N.P. besch\u00e4ftigt 70 Mitarbeiter und Subunternehmer und erreichte 2005<br \/>\neinen Umsatz von etwa 7 Mio. EUR (Vorjahr ca. 6,0 Mio. EUR). Das<br \/>\nmittelst\u00e4ndische Unternehmen konzentriert sich auf IT-Entwicklung,<br \/>\nSystembetreuung und -administration sowie Software-Wartung f\u00fcr seine<br \/>\nKunden. Das Auftrags-Spektrum reicht von der kurzfristigen \u00dcberbr\u00fcckung von<br \/>\nPersonal- oder Know-how-Engp\u00e4ssen bis hin zum kompletten Outsourcing von<br \/>\ntechnischen Aufgaben und Projekten. U.N.P. ist gut im Markt etabliert und<br \/>\nbesitzt hervorragende Chancen f\u00fcr weiteres Wachstum in einem sich zunehmend<br \/>\nflexibilisierenden Arbeitsmarkt.<\/p>\n<p>Die Gesellschafter von U.N.P. haben sich zum Verkauf an Allgeier<br \/>\nentschlossen, um die Zukunftschancen des Unternehmens zu sichern. Im<br \/>\nVerbund der Allgeier IT Services AG kann U.N.P. seine Marktchancen besser<br \/>\nwahrnehmen. Der Gr\u00fcnder und gesch\u00e4ftsf\u00fchrende Gesellschafter von U.N.P.,<br \/>\nHerr Norbert Pauels, bleibt im Zuge der Transaktion weiterhin<br \/>\nGesch\u00e4ftsf\u00fchrer des Unternehmens. Mitgesellschafter J\u00fcrgen Schwabe wird<br \/>\ndaneben k\u00fcnftig vermehrt Gesch\u00e4ftsleitungs-Aufgaben \u00fcbernehmen.<\/p>\n<p>Die Allgeier IT Services AG verst\u00e4rkt mit diesem Schritt ihre Pr\u00e4senz in<br \/>\nder Region Nordrhein-Westfalen sowie im Sektor Banken und Versicherungen.<br \/>\nDer Gesch\u00e4ftsbereich IT Services w\u00e4chst mit U.N.P auf ein j\u00e4hrliches<br \/>\nUmsatzvolumen von deutlich \u00fcber 50 Mio. EUR, die Anzahl der IT-Experten in<br \/>\nder Allgeier Gruppe steigt auf etwa 250.<\/p>\n<p>Ab dem 1. M\u00e4rz 2006 wird die Allgeier Holding AG die U.N.P. bilanziell voll<br \/>\nkonsolidieren, so dass die neu erworbene Gesellschaft bereits im laufenden<br \/>\nJahr einen Beitrag zu Umsatz und Ergebnis der Allgeier-Gruppe leistet.<br \/>\nAllgeier finanziert den Kaufpreis, der in der Gr\u00f6\u00dfenordnung eines mittleren<br \/>\neinstelligen Millionenbetrags liegt, aus vorhandenen liquiden Mitteln, eine<br \/>\nFinanzierung der Akquisition erfolgt nicht.<\/p>\n<p>Mit dieser Akquisition erweitert die Allgeier Holding AG erneut ihr<br \/>\nPortfolio an leistungsf\u00e4higen mittelst\u00e4ndischen IT-Services-Unternehmen,<br \/>\ndie zusammen im letzten Gesch\u00e4ftsjahr bereits einen Umsatz von rund 45 Mio.<br \/>\nEUR erwirtschafteten. Auch im zweiten Gesch\u00e4ftsbereich Personal-Services,<br \/>\nder in 2005 erstmalig (Konsolidierung ab 09\/2005) etwa 14 Mio. EUR zum<br \/>\nUmsatz der Gruppe beitrug, beabsichtigt Allgeier weitere Akquisitionen.<\/p>\n<p>Die Aussichten f\u00fcr das Gesch\u00e4ftsjahr 2006 sind vor dem Hintergrund der<br \/>\nguten Entwicklung der operativen Gesellschaften positiv einzusch\u00e4tzen. Nach<br \/>\nder vorliegenden Unternehmensplanung rechnet der Vorstand f\u00fcr das<br \/>\nGesch\u00e4ftsjahr 2006 auf dieser Basis mit einem Konzernumsatz von ca. 110<br \/>\nMio. EUR und einem Konzern-EBIT von \u00fcber 8 Mio. EUR .<\/p>\n<p>Kontakt:<br \/>\nCarl Georg D\u00fcrschmidt<br \/>\nVorstand<br \/>\nAllgeier Holding AG<br \/>\nWehrlestr. 12<br \/>\n81679 M\u00fcnchen<br \/>\nTel. 089-998421-0<br \/>\nFax 089-998421-11<br \/>\nwww.allgeier-holding.de<\/p>\n<p>Das Unternehmen<\/p>\n<p>Die Allgeier Holding AG fungiert als F\u00fchrungsholding einer europaweit<br \/>\nagierenden Unternehmensgruppe, die sich auf zwei wachstumsstarke M\u00e4rkte<br \/>\nkonzentriert: IT-Services und Personal-Services. Mit unseren IT-Services<br \/>\nunterst\u00fctzen wir Unternehmen bei der Umsetzung von Innovationen, der<br \/>\nVerbesserung des Informationsflusses und der Optimierung von<br \/>\nGesch\u00e4ftsabl\u00e4ufen. Die on-demand Personal-Services helfen unseren Kunden,<br \/>\nihre Prozesse und Kapazit\u00e4ten flexibel an die Auftragslage anzupassen. Ende<br \/>\n2005 besch\u00e4ftigte die Allgeier-Gruppe \u00fcber 2000 Mitarbeiter in neun<br \/>\neigenst\u00e4ndigen, leistungsf\u00e4higen Mittelstands-Unternehmen. Die Allgeier<br \/>\nHolding AG hat ihren Sitz in M\u00fcnchen und ist am geregelten Markt der<br \/>\nFrankfurter B\u00f6rse im Segment General Standard notiert (WKN 508630\/ISIN DE<br \/>\n000508630).<\/p>\n<p>Wichtiger Hinweis: Diese Ad-hoc Mitteilung\/Pressemitteilung enth\u00e4lt in die<br \/>\nZukunft gerichtete Aussagen, die auf Annahmen und Sch\u00e4tzungen der<br \/>\nUnternehmensleitung der Allgeier Holding AG beruhen. Auch wenn die<br \/>\nUnternehmensleitung der Ansicht ist, dass diese Annahmen und Sch\u00e4tzungen<br \/>\nzutreffend sind, k\u00f6nnen die k\u00fcnftige tats\u00e4chliche Entwicklung und die<br \/>\nk\u00fcnftigen tats\u00e4chlichen Ergebnisse von diesen Annahmen und Sch\u00e4tzungen<br \/>\naufgrund vielf\u00e4ltiger Faktoren erheblich abweichen. Zu diesen Faktoren<br \/>\nk\u00f6nnen beispielsweise die Ver\u00e4nderung der gesamtwirtschaftlichen Lage, der<br \/>\nWechselkurse, der Zinss\u00e4tze sowie Ver\u00e4nderungen innerhalb der<br \/>\nMarktentwicklung und der sich ver\u00e4nderten Wettbewerbssituation geh\u00f6ren. Die<br \/>\nAllgeier Holding AG \u00fcbernimmt keine Gew\u00e4hrleistung und keine Haftung daf\u00fcr,<br \/>\ndass die k\u00fcnftige Entwicklung und die k\u00fcnftig erzielten tats\u00e4chlichen<br \/>\nErgebnisse mit den in dieser Ad-hoc Mitteilung\/Pressemitteilung ge\u00e4u\u00dferten<br \/>\nAnnahmen und Sch\u00e4tzungen \u00fcbereinstimmen werden.<\/p>\n<p>DGAP 03.03.2006<br \/>\n&#8212;&#8212;&#8212;&#8212;&#8212;&#8212;&#8212;&#8212;&#8212;&#8212;&#8212;&#8212;&#8212;&#8212;&#8212;&#8212;&#8212;&#8212;&#8212;&#8212;&#8212;&#8212;&#8212;&#8212;&#8212;<\/p>\n<p>Sprache:      Deutsch<br \/>\nEmittent:     Allgeier Holding AG<br \/>\n              Wehrlestrasse 12<br \/>\n              81679 M\u00fcnchen Deutschland<br \/>\nTelefon:      +49 (0)89 998 421-0<br \/>\nFax:          +49 (0)89 998 421-11<br \/>\nEmail:        info@allgeier.com<br \/>\nWWW:          www.allgeier-holding.com<br \/>\nISIN:         DE0005086300<br \/>\nWKN:          508630<br \/>\nIndizes:      CDAX<br \/>\nB\u00f6rsen:       Geregelter Markt in Frankfurt (General Standard); Freiverkehr<br \/>\n              in Berlin-Bremen, Hannover, D\u00fcsseldorf, Hamburg, Stuttgart<\/p>\n<p>Ende der Mitteilung                             DGAP News-Service<\/p>\n<p>&#8212;&#8212;&#8212;&#8212;&#8212;&#8212;&#8212;&#8212;&#8212;&#8212;&#8212;&#8212;&#8212;&#8212;&#8212;&#8212;&#8212;&#8212;&#8212;&#8212;&#8212;&#8212;&#8212;&#8212;&#8212;<\/p>\n","protected":false},"excerpt":{"rendered":"<p>Allgeier erwirbt U.N.P. Software Weiterer Ausbau der Gesch\u00e4ftsbereichs IT-Services M\u00fcnchen, 03.03.2006 &#8211; Zum heutigen Tag \u00fcbernimmt die Allgeier Holding AG \u00fcber ihre Tochtergesellschaft Allgeier IT-Services AG 100 Prozent der Anteile an der D\u00fcsseldorfer U.N.P. &#8211; Software GmbH. Damit verfolgt Allgeier<\/p>\n","protected":false},"author":4,"featured_media":0,"parent":1169,"menu_order":0,"comment_status":"close","ping_status":"closed","template":"","meta":{"_acf_changed":false,"footnotes":""},"categories":[],"tags":[],"class_list":["post-7103","page","type-page","status-publish","hentry"],"acf":[],"yoast_head":"<!-- This site is optimized with the Yoast SEO plugin v27.4 - https:\/\/yoast.com\/product\/yoast-seo-wordpress\/ -->\n<title>Allgeier erwirbt U.N.P. Software - Allgeier SE<\/title>\n<meta name=\"robots\" content=\"index, follow, max-snippet:-1, max-image-preview:large, max-video-preview:-1\" \/>\n<link rel=\"canonical\" href=\"https:\/\/www.allgeier.com\/de\/pressroom\/press-releases\/allgeier-erwirbt-u-n-p-software-3\/\" \/>\n<meta property=\"og:locale\" content=\"de_DE\" \/>\n<meta property=\"og:type\" content=\"article\" \/>\n<meta property=\"og:title\" content=\"Allgeier erwirbt U.N.P. Software - Allgeier SE\" \/>\n<meta property=\"og:description\" content=\"Allgeier erwirbt U.N.P. Software Weiterer Ausbau der Gesch\u00e4ftsbereichs IT-Services M\u00fcnchen, 03.03.2006 - Zum heutigen Tag \u00fcbernimmt die Allgeier Holding AG \u00fcber ihre Tochtergesellschaft Allgeier IT-Services AG 100 Prozent der Anteile an der D\u00fcsseldorfer U.N.P. - Software GmbH. Damit verfolgt Allgeier\" \/>\n<meta property=\"og:url\" content=\"https:\/\/www.allgeier.com\/de\/pressroom\/press-releases\/allgeier-erwirbt-u-n-p-software-3\/\" \/>\n<meta property=\"og:site_name\" content=\"Allgeier SE\" \/>\n<meta property=\"article:modified_time\" content=\"2025-07-23T10:27:39+00:00\" \/>\n<meta name=\"twitter:card\" content=\"summary_large_image\" \/>\n<meta name=\"twitter:label1\" content=\"Gesch\u00e4tzte Lesezeit\" \/>\n\t<meta name=\"twitter:data1\" content=\"4\u00a0Minuten\" \/>\n<script type=\"application\/ld+json\" class=\"yoast-schema-graph\">{\"@context\":\"https:\\\/\\\/schema.org\",\"@graph\":[{\"@type\":\"WebPage\",\"@id\":\"https:\\\/\\\/www.allgeier.com\\\/de\\\/pressroom\\\/press-releases\\\/allgeier-erwirbt-u-n-p-software-3\\\/\",\"url\":\"https:\\\/\\\/www.allgeier.com\\\/de\\\/pressroom\\\/press-releases\\\/allgeier-erwirbt-u-n-p-software-3\\\/\",\"name\":\"Allgeier erwirbt U.N.P. Software - Allgeier SE\",\"isPartOf\":{\"@id\":\"https:\\\/\\\/www.allgeier.com\\\/de\\\/#website\"},\"datePublished\":\"2006-03-03T13:23:05+00:00\",\"dateModified\":\"2025-07-23T10:27:39+00:00\",\"breadcrumb\":{\"@id\":\"https:\\\/\\\/www.allgeier.com\\\/de\\\/pressroom\\\/press-releases\\\/allgeier-erwirbt-u-n-p-software-3\\\/#breadcrumb\"},\"inLanguage\":\"de\",\"potentialAction\":[{\"@type\":\"ReadAction\",\"target\":[\"https:\\\/\\\/www.allgeier.com\\\/de\\\/pressroom\\\/press-releases\\\/allgeier-erwirbt-u-n-p-software-3\\\/\"]}]},{\"@type\":\"BreadcrumbList\",\"@id\":\"https:\\\/\\\/www.allgeier.com\\\/de\\\/pressroom\\\/press-releases\\\/allgeier-erwirbt-u-n-p-software-3\\\/#breadcrumb\",\"itemListElement\":[{\"@type\":\"ListItem\",\"position\":1,\"name\":\"Home\",\"item\":\"https:\\\/\\\/www.allgeier.com\\\/de\\\/\"},{\"@type\":\"ListItem\",\"position\":2,\"name\":\"Presse\",\"item\":\"https:\\\/\\\/www.allgeier.com\\\/de\\\/pressroom\\\/\"},{\"@type\":\"ListItem\",\"position\":3,\"name\":\"Pressemitteilungen\",\"item\":\"https:\\\/\\\/www.allgeier.com\\\/de\\\/pressroom\\\/press-releases\\\/\"},{\"@type\":\"ListItem\",\"position\":4,\"name\":\"Allgeier erwirbt U.N.P. Software\"}]},{\"@type\":\"WebSite\",\"@id\":\"https:\\\/\\\/www.allgeier.com\\\/de\\\/#website\",\"url\":\"https:\\\/\\\/www.allgeier.com\\\/de\\\/\",\"name\":\"Allgeier SE\",\"description\":\"Software &amp; IT Services for digital transformation\",\"potentialAction\":[{\"@type\":\"SearchAction\",\"target\":{\"@type\":\"EntryPoint\",\"urlTemplate\":\"https:\\\/\\\/www.allgeier.com\\\/de\\\/?s={search_term_string}\"},\"query-input\":{\"@type\":\"PropertyValueSpecification\",\"valueRequired\":true,\"valueName\":\"search_term_string\"}}],\"inLanguage\":\"de\"}]}<\/script>\n<!-- \/ Yoast SEO plugin. -->","yoast_head_json":{"title":"Allgeier erwirbt U.N.P. Software - Allgeier SE","robots":{"index":"index","follow":"follow","max-snippet":"max-snippet:-1","max-image-preview":"max-image-preview:large","max-video-preview":"max-video-preview:-1"},"canonical":"https:\/\/www.allgeier.com\/de\/pressroom\/press-releases\/allgeier-erwirbt-u-n-p-software-3\/","og_locale":"de_DE","og_type":"article","og_title":"Allgeier erwirbt U.N.P. Software - Allgeier SE","og_description":"Allgeier erwirbt U.N.P. Software Weiterer Ausbau der Gesch\u00e4ftsbereichs IT-Services M\u00fcnchen, 03.03.2006 - Zum heutigen Tag \u00fcbernimmt die Allgeier Holding AG \u00fcber ihre Tochtergesellschaft Allgeier IT-Services AG 100 Prozent der Anteile an der D\u00fcsseldorfer U.N.P. - Software GmbH. Damit verfolgt Allgeier","og_url":"https:\/\/www.allgeier.com\/de\/pressroom\/press-releases\/allgeier-erwirbt-u-n-p-software-3\/","og_site_name":"Allgeier SE","article_modified_time":"2025-07-23T10:27:39+00:00","twitter_card":"summary_large_image","twitter_misc":{"Gesch\u00e4tzte Lesezeit":"4\u00a0Minuten"},"schema":{"@context":"https:\/\/schema.org","@graph":[{"@type":"WebPage","@id":"https:\/\/www.allgeier.com\/de\/pressroom\/press-releases\/allgeier-erwirbt-u-n-p-software-3\/","url":"https:\/\/www.allgeier.com\/de\/pressroom\/press-releases\/allgeier-erwirbt-u-n-p-software-3\/","name":"Allgeier erwirbt U.N.P. Software - Allgeier SE","isPartOf":{"@id":"https:\/\/www.allgeier.com\/de\/#website"},"datePublished":"2006-03-03T13:23:05+00:00","dateModified":"2025-07-23T10:27:39+00:00","breadcrumb":{"@id":"https:\/\/www.allgeier.com\/de\/pressroom\/press-releases\/allgeier-erwirbt-u-n-p-software-3\/#breadcrumb"},"inLanguage":"de","potentialAction":[{"@type":"ReadAction","target":["https:\/\/www.allgeier.com\/de\/pressroom\/press-releases\/allgeier-erwirbt-u-n-p-software-3\/"]}]},{"@type":"BreadcrumbList","@id":"https:\/\/www.allgeier.com\/de\/pressroom\/press-releases\/allgeier-erwirbt-u-n-p-software-3\/#breadcrumb","itemListElement":[{"@type":"ListItem","position":1,"name":"Home","item":"https:\/\/www.allgeier.com\/de\/"},{"@type":"ListItem","position":2,"name":"Presse","item":"https:\/\/www.allgeier.com\/de\/pressroom\/"},{"@type":"ListItem","position":3,"name":"Pressemitteilungen","item":"https:\/\/www.allgeier.com\/de\/pressroom\/press-releases\/"},{"@type":"ListItem","position":4,"name":"Allgeier erwirbt U.N.P. Software"}]},{"@type":"WebSite","@id":"https:\/\/www.allgeier.com\/de\/#website","url":"https:\/\/www.allgeier.com\/de\/","name":"Allgeier SE","description":"Software &amp; IT Services for digital transformation","potentialAction":[{"@type":"SearchAction","target":{"@type":"EntryPoint","urlTemplate":"https:\/\/www.allgeier.com\/de\/?s={search_term_string}"},"query-input":{"@type":"PropertyValueSpecification","valueRequired":true,"valueName":"search_term_string"}}],"inLanguage":"de"}]}},"_links":{"self":[{"href":"https:\/\/www.allgeier.com\/de\/wp-json\/wp\/v2\/pages\/7103","targetHints":{"allow":["GET"]}}],"collection":[{"href":"https:\/\/www.allgeier.com\/de\/wp-json\/wp\/v2\/pages"}],"about":[{"href":"https:\/\/www.allgeier.com\/de\/wp-json\/wp\/v2\/types\/page"}],"author":[{"embeddable":true,"href":"https:\/\/www.allgeier.com\/de\/wp-json\/wp\/v2\/users\/4"}],"replies":[{"embeddable":true,"href":"https:\/\/www.allgeier.com\/de\/wp-json\/wp\/v2\/comments?post=7103"}],"version-history":[{"count":1,"href":"https:\/\/www.allgeier.com\/de\/wp-json\/wp\/v2\/pages\/7103\/revisions"}],"predecessor-version":[{"id":7105,"href":"https:\/\/www.allgeier.com\/de\/wp-json\/wp\/v2\/pages\/7103\/revisions\/7105"}],"up":[{"embeddable":true,"href":"https:\/\/www.allgeier.com\/de\/wp-json\/wp\/v2\/pages\/1169"}],"wp:attachment":[{"href":"https:\/\/www.allgeier.com\/de\/wp-json\/wp\/v2\/media?parent=7103"}],"wp:term":[{"taxonomy":"category","embeddable":true,"href":"https:\/\/www.allgeier.com\/de\/wp-json\/wp\/v2\/categories?post=7103"},{"taxonomy":"post_tag","embeddable":true,"href":"https:\/\/www.allgeier.com\/de\/wp-json\/wp\/v2\/tags?post=7103"}],"curies":[{"name":"wp","href":"https:\/\/api.w.org\/{rel}","templated":true}]}}