{"id":7104,"date":"2005-09-08T19:30:50","date_gmt":"2005-09-08T19:30:50","guid":{"rendered":"https:\/\/www.allgeier.com\/de\/?page_id=7104"},"modified":"2025-07-23T10:27:39","modified_gmt":"2025-07-23T10:27:39","slug":"allgeier-positioniert-sich-nachhaltig-als-dienstleister-2","status":"publish","type":"page","link":"https:\/\/www.allgeier.com\/de\/pressroom\/press-releases\/allgeier-positioniert-sich-nachhaltig-als-dienstleister-2\/","title":{"rendered":"Allgeier positioniert sich nachhaltig als Dienstleister"},"content":{"rendered":"<p><b>Allgeier Holding AG \/ Firmen\u00fcbernahme<\/b><\/p>\n<p>Corporate-Mitteilung \u00fcbermittelt durch die EquityStory AG.<br \/>\nF\u00fcr den Inhalt der Mitteilung ist der Emittent verantwortlich.<br \/>\n&#8212;&#8212;&#8212;&#8212;&#8212;&#8212;&#8212;&#8212;&#8212;&#8212;&#8212;&#8212;&#8212;&#8212;&#8212;&#8212;&#8212;&#8212;&#8212;&#8212;&#8212;&#8212;&#8212;&#8212;&#8212;<\/p>\n<p>Die Gesellschafter der Unternehmensgruppen MR-Wirtschaftsberatung und<br \/>\nInterim-Plan, Mannheim, die Herren Michael Restefaniuk und Roland Brohm<br \/>\nhaben sich nach langj\u00e4hrig erfolgreicher Entwicklung ihrer Unternehmen im<br \/>\nSektor hochwertiger Personaldienstleistungen gemeinsam mit Allgeier dazu<br \/>\nentschieden, die Gruppen unter einer neuen Holding zusammenzuf\u00fchren und<br \/>\ngemeinsam mit Allgeier eine neue Basis f\u00fcr deren weitere Entwicklung zu<br \/>\nschaffen.<\/p>\n<p>Nach intensiver Pr\u00fcfung geeigneter L\u00f6sungen f\u00fcr eine nahtlose Nachfolge,<br \/>\nwurde gemeinsam mit dem bisherigen Management und Allgeier zum heutigen Tag<br \/>\neine Vereinbarung getroffen. Allgeier (90%) \u00fcbernimmt gemeinsam mit Roland<br \/>\nBrohm (10%) beide Unternehmensgruppen MR und IP und f\u00fchrt diese in Zukunft<br \/>\naus einer Hand.<\/p>\n<p>MR und IP, die zuk\u00fcnftig unter der neuen F\u00fchrungsgesellschaft Allgeier DL<br \/>\nGmbH geb\u00fcndelt sind, sind mit ca. 1500 Mitarbeitern als Partner f\u00fcr<br \/>\nanspruchsvolle Personaldienstleistungen seit Jahren erfolgreich im Markt.<br \/>\nDer Gruppenumsatz wird 2005 ca. EUR 40 Mio. betragen. Das Leistungsspektrum<br \/>\numfasst die \u00dcberlassung von Arbeitskr\u00e4ften, vom Helfer bis zum<br \/>\nFacharbeiter. Die Gruppe arbeitet sowohl im regionalen wie \u00fcberregionalen<br \/>\nGesch\u00e4ft und verteilt sich \u00fcber 35 Standorte in ganz Deutschland.<\/p>\n<p>Die neuen Gesellschafter werden MR\/IP ohne \u00c4nderung der Gesch\u00e4ftspolitik<br \/>\nweiterf\u00fchren. Das Gesch\u00e4ft soll in seiner bestehenden Struktur mit<br \/>\ns\u00e4mtlichen Mitarbeitern fortgesetzt werden, so dass die bisherige<br \/>\nLeistungsf\u00e4higkeit des Unternehmens gegen\u00fcber den anspruchsvollen Kunden<br \/>\nst\u00f6rungsfrei fortgesetzt werden kann.<\/p>\n<p>Der bisherige Gr\u00fcndungsgesellschafter und Gesch\u00e4ftsf\u00fchrer Michael<br \/>\nRestefaniuk legt sein Gesch\u00e4ftsf\u00fchrungsmandat nieder und wird zuk\u00fcnftig in<br \/>\nenger Zusammenarbeit mit den Gesellschaftern aus einer beratenden Funktion<br \/>\nheraus mitwirken, die Unternehmens\u00fcbergabe reibungslos umzusetzen und die<br \/>\nweitere Entwicklung zu begleiten.<\/p>\n<p>Die Unternehmensgruppe wird zuk\u00fcnftig von Roland Brohm und dem bestehenden<br \/>\nTopmanagement, insbesondere den Niederlassungsleitern gef\u00fchrt. Roland Brohm<br \/>\nist seit Jahren eng mit der MR und IP verbunden. Herr Brohm ist seit 1998<br \/>\nGesellschafter und Gesch\u00e4ftsf\u00fchrer der MR Gruppe und seit 1989 Gr\u00fcnder und<br \/>\nalleiniger Gesellschafter und Gesch\u00e4ftsf\u00fchrer der IP Gruppe. Herr Brohm ist<br \/>\nu.a. Mitglied im Vorstand des Arbeitgeberverbandes Mittelst\u00e4ndischer<br \/>\nPersonaldienstleister bzw. stellv. Vorstandsvorsitzender.<\/p>\n<p>Wesentliches Ziel der alten und neuen Gesellschafter wie der<br \/>\nGesch\u00e4ftsf\u00fchrung ist es, auf der bestehenden Gesch\u00e4ftsbasis und Strategie<br \/>\nweiteres Wachstum zu erreichen. Dies soll einerseits durch eine zunehmend<br \/>\nvertiefte Betreuung der bestehenden Gro\u00dfkunden erreicht werden,<br \/>\nandererseits soll eine breitere Kundenstruktur wie eine regionale<br \/>\nAusweitung realisiert werden. Die intensiven Gespr\u00e4che mit Allgeier im<br \/>\nRahmen der Due Diligence haben gegenseitiges Vertrauen geschaffen und<br \/>\nstellen sicher, dass die bisher erfolgreiche Gesch\u00e4ftspolitik der MR\/IP<br \/>\nauch mit Allgeier als Mehrheitsgesellschafter fortgesetzt wird.<\/p>\n<p>Allgeier setzt mit dem Investment einen neuen Schwerpunkt. Neben dem<br \/>\nbestehenden IT Gesch\u00e4ft und dem dort gew\u00e4hlten Ansatz, verst\u00e4rkt<br \/>\nDienstleistungen auszubauen, soll mit dem Investment MR\/IP das<br \/>\nDienstleistungsportfolio weiter diversifiziert und Unternehmenswachstum<br \/>\nerreicht werden. Ziel ist es, mit MR\/IP die Basis f\u00fcr den weiteren Ausbau<br \/>\neines eigenst\u00e4ndigen Gesch\u00e4ftsbereichs zu schaffen.<\/p>\n<p>Mit der im Juni erfolgten \u00dcbernahme von Teilen der BOG M\u00fcnster, der<br \/>\nerfolgten Transaktion Softcon, die bereits gestern gemeldet wurde, und der<br \/>\nnun umgesetzten Transaktion MR\/IP wird der Gruppenumsatz 2005 deutlich<br \/>\nausgebaut. F\u00fcr 2006 wird mit einem Wachstum der IT Sparte auf \u00fcber EUR 50<br \/>\nMio. und einem Konzernumsatz von \u00fcber EUR 100 Mio. gerechnet.<\/p>\n<p>M\u00fcnchen im September 2005<\/p>\n<p>EquityStory AG 08.09.2005<br \/>\n&#8212;&#8212;&#8212;&#8212;&#8212;&#8212;&#8212;&#8212;&#8212;&#8212;&#8212;&#8212;&#8212;&#8212;&#8212;&#8212;&#8212;&#8212;&#8212;&#8212;&#8212;&#8212;&#8212;&#8212;&#8212;<\/p>\n<p>Sprache:      Deutsch<br \/>\nEmittent:     Allgeier Holding AG<br \/>\n              Wehrlestrasse 12<br \/>\n              81679 M\u00fcnchen Deutschland<br \/>\nTelefon:      +49 (0)89 998 421-0<br \/>\nFax:          +49 (0)89 998 421-11<br \/>\nEmail:        info@allgeier.com<br \/>\nWWW:          www.allgeier-holding.com<br \/>\nISIN:         DE0005086300<br \/>\nWKN:          508630<br \/>\nIndizes:      CDAX<br \/>\nB\u00f6rsen:       Geregelter Markt in Frankfurt; Freiverkehr in Berlin-Bremen,<br \/>\n              Hannover, Hamburg, D\u00fcsseldorf, Stuttgart<\/p>\n<p>Ende der Mitteilung                             EQS News-Service<\/p>\n<p>&#8212;&#8212;&#8212;&#8212;&#8212;&#8212;&#8212;&#8212;&#8212;&#8212;&#8212;&#8212;&#8212;&#8212;&#8212;&#8212;&#8212;&#8212;&#8212;&#8212;&#8212;&#8212;&#8212;&#8212;&#8212;<\/p>\n","protected":false},"excerpt":{"rendered":"<p>Die Gesellschafter der Unternehmensgruppen MR-Wirtschaftsberatung und Interim-Plan, Mannheim, die Herren Michael Restefaniuk und Roland Brohm haben sich nach langj\u00e4hrig erfolgreicher Entwicklung ihrer Unternehmen im Sektor hochwertiger Personaldienstleistungen gemeinsam mit Allgeier dazu entschieden,<\/p>\n","protected":false},"author":4,"featured_media":0,"parent":1169,"menu_order":0,"comment_status":"close","ping_status":"closed","template":"","meta":{"_acf_changed":false,"footnotes":""},"categories":[],"tags":[],"class_list":["post-7104","page","type-page","status-publish","hentry"],"acf":[],"yoast_head":"<!-- This site is optimized with the Yoast SEO plugin v27.4 - https:\/\/yoast.com\/product\/yoast-seo-wordpress\/ -->\n<title>Allgeier positioniert sich nachhaltig als Dienstleister - Allgeier SE<\/title>\n<meta name=\"robots\" content=\"index, follow, max-snippet:-1, max-image-preview:large, max-video-preview:-1\" \/>\n<link rel=\"canonical\" href=\"https:\/\/www.allgeier.com\/de\/pressroom\/press-releases\/allgeier-positioniert-sich-nachhaltig-als-dienstleister-2\/\" \/>\n<meta property=\"og:locale\" content=\"de_DE\" \/>\n<meta property=\"og:type\" content=\"article\" \/>\n<meta property=\"og:title\" content=\"Allgeier positioniert sich nachhaltig als Dienstleister - Allgeier SE\" \/>\n<meta property=\"og:description\" content=\"Die Gesellschafter der Unternehmensgruppen MR-Wirtschaftsberatung und Interim-Plan, Mannheim, die Herren Michael Restefaniuk und Roland Brohm haben sich nach langj\u00e4hrig erfolgreicher Entwicklung ihrer Unternehmen im Sektor hochwertiger Personaldienstleistungen gemeinsam mit Allgeier dazu entschieden,\" \/>\n<meta property=\"og:url\" content=\"https:\/\/www.allgeier.com\/de\/pressroom\/press-releases\/allgeier-positioniert-sich-nachhaltig-als-dienstleister-2\/\" \/>\n<meta property=\"og:site_name\" content=\"Allgeier SE\" \/>\n<meta property=\"article:modified_time\" content=\"2025-07-23T10:27:39+00:00\" \/>\n<meta name=\"twitter:card\" content=\"summary_large_image\" \/>\n<meta name=\"twitter:label1\" content=\"Gesch\u00e4tzte Lesezeit\" \/>\n\t<meta name=\"twitter:data1\" content=\"3\u00a0Minuten\" \/>\n<script type=\"application\/ld+json\" class=\"yoast-schema-graph\">{\"@context\":\"https:\\\/\\\/schema.org\",\"@graph\":[{\"@type\":\"WebPage\",\"@id\":\"https:\\\/\\\/www.allgeier.com\\\/de\\\/pressroom\\\/press-releases\\\/allgeier-positioniert-sich-nachhaltig-als-dienstleister-2\\\/\",\"url\":\"https:\\\/\\\/www.allgeier.com\\\/de\\\/pressroom\\\/press-releases\\\/allgeier-positioniert-sich-nachhaltig-als-dienstleister-2\\\/\",\"name\":\"Allgeier positioniert sich nachhaltig als Dienstleister - Allgeier SE\",\"isPartOf\":{\"@id\":\"https:\\\/\\\/www.allgeier.com\\\/de\\\/#website\"},\"datePublished\":\"2005-09-08T19:30:50+00:00\",\"dateModified\":\"2025-07-23T10:27:39+00:00\",\"breadcrumb\":{\"@id\":\"https:\\\/\\\/www.allgeier.com\\\/de\\\/pressroom\\\/press-releases\\\/allgeier-positioniert-sich-nachhaltig-als-dienstleister-2\\\/#breadcrumb\"},\"inLanguage\":\"de\",\"potentialAction\":[{\"@type\":\"ReadAction\",\"target\":[\"https:\\\/\\\/www.allgeier.com\\\/de\\\/pressroom\\\/press-releases\\\/allgeier-positioniert-sich-nachhaltig-als-dienstleister-2\\\/\"]}]},{\"@type\":\"BreadcrumbList\",\"@id\":\"https:\\\/\\\/www.allgeier.com\\\/de\\\/pressroom\\\/press-releases\\\/allgeier-positioniert-sich-nachhaltig-als-dienstleister-2\\\/#breadcrumb\",\"itemListElement\":[{\"@type\":\"ListItem\",\"position\":1,\"name\":\"Home\",\"item\":\"https:\\\/\\\/www.allgeier.com\\\/de\\\/\"},{\"@type\":\"ListItem\",\"position\":2,\"name\":\"Presse\",\"item\":\"https:\\\/\\\/www.allgeier.com\\\/de\\\/pressroom\\\/\"},{\"@type\":\"ListItem\",\"position\":3,\"name\":\"Pressemitteilungen\",\"item\":\"https:\\\/\\\/www.allgeier.com\\\/de\\\/pressroom\\\/press-releases\\\/\"},{\"@type\":\"ListItem\",\"position\":4,\"name\":\"Allgeier positioniert sich nachhaltig als Dienstleister\"}]},{\"@type\":\"WebSite\",\"@id\":\"https:\\\/\\\/www.allgeier.com\\\/de\\\/#website\",\"url\":\"https:\\\/\\\/www.allgeier.com\\\/de\\\/\",\"name\":\"Allgeier SE\",\"description\":\"Software &amp; IT Services for digital transformation\",\"potentialAction\":[{\"@type\":\"SearchAction\",\"target\":{\"@type\":\"EntryPoint\",\"urlTemplate\":\"https:\\\/\\\/www.allgeier.com\\\/de\\\/?s={search_term_string}\"},\"query-input\":{\"@type\":\"PropertyValueSpecification\",\"valueRequired\":true,\"valueName\":\"search_term_string\"}}],\"inLanguage\":\"de\"}]}<\/script>\n<!-- \/ Yoast SEO plugin. -->","yoast_head_json":{"title":"Allgeier positioniert sich nachhaltig als Dienstleister - Allgeier SE","robots":{"index":"index","follow":"follow","max-snippet":"max-snippet:-1","max-image-preview":"max-image-preview:large","max-video-preview":"max-video-preview:-1"},"canonical":"https:\/\/www.allgeier.com\/de\/pressroom\/press-releases\/allgeier-positioniert-sich-nachhaltig-als-dienstleister-2\/","og_locale":"de_DE","og_type":"article","og_title":"Allgeier positioniert sich nachhaltig als Dienstleister - Allgeier SE","og_description":"Die Gesellschafter der Unternehmensgruppen MR-Wirtschaftsberatung und Interim-Plan, Mannheim, die Herren Michael Restefaniuk und Roland Brohm haben sich nach langj\u00e4hrig erfolgreicher Entwicklung ihrer Unternehmen im Sektor hochwertiger Personaldienstleistungen gemeinsam mit Allgeier dazu entschieden,","og_url":"https:\/\/www.allgeier.com\/de\/pressroom\/press-releases\/allgeier-positioniert-sich-nachhaltig-als-dienstleister-2\/","og_site_name":"Allgeier SE","article_modified_time":"2025-07-23T10:27:39+00:00","twitter_card":"summary_large_image","twitter_misc":{"Gesch\u00e4tzte Lesezeit":"3\u00a0Minuten"},"schema":{"@context":"https:\/\/schema.org","@graph":[{"@type":"WebPage","@id":"https:\/\/www.allgeier.com\/de\/pressroom\/press-releases\/allgeier-positioniert-sich-nachhaltig-als-dienstleister-2\/","url":"https:\/\/www.allgeier.com\/de\/pressroom\/press-releases\/allgeier-positioniert-sich-nachhaltig-als-dienstleister-2\/","name":"Allgeier positioniert sich nachhaltig als Dienstleister - Allgeier SE","isPartOf":{"@id":"https:\/\/www.allgeier.com\/de\/#website"},"datePublished":"2005-09-08T19:30:50+00:00","dateModified":"2025-07-23T10:27:39+00:00","breadcrumb":{"@id":"https:\/\/www.allgeier.com\/de\/pressroom\/press-releases\/allgeier-positioniert-sich-nachhaltig-als-dienstleister-2\/#breadcrumb"},"inLanguage":"de","potentialAction":[{"@type":"ReadAction","target":["https:\/\/www.allgeier.com\/de\/pressroom\/press-releases\/allgeier-positioniert-sich-nachhaltig-als-dienstleister-2\/"]}]},{"@type":"BreadcrumbList","@id":"https:\/\/www.allgeier.com\/de\/pressroom\/press-releases\/allgeier-positioniert-sich-nachhaltig-als-dienstleister-2\/#breadcrumb","itemListElement":[{"@type":"ListItem","position":1,"name":"Home","item":"https:\/\/www.allgeier.com\/de\/"},{"@type":"ListItem","position":2,"name":"Presse","item":"https:\/\/www.allgeier.com\/de\/pressroom\/"},{"@type":"ListItem","position":3,"name":"Pressemitteilungen","item":"https:\/\/www.allgeier.com\/de\/pressroom\/press-releases\/"},{"@type":"ListItem","position":4,"name":"Allgeier positioniert sich nachhaltig als Dienstleister"}]},{"@type":"WebSite","@id":"https:\/\/www.allgeier.com\/de\/#website","url":"https:\/\/www.allgeier.com\/de\/","name":"Allgeier SE","description":"Software &amp; IT Services for digital transformation","potentialAction":[{"@type":"SearchAction","target":{"@type":"EntryPoint","urlTemplate":"https:\/\/www.allgeier.com\/de\/?s={search_term_string}"},"query-input":{"@type":"PropertyValueSpecification","valueRequired":true,"valueName":"search_term_string"}}],"inLanguage":"de"}]}},"_links":{"self":[{"href":"https:\/\/www.allgeier.com\/de\/wp-json\/wp\/v2\/pages\/7104","targetHints":{"allow":["GET"]}}],"collection":[{"href":"https:\/\/www.allgeier.com\/de\/wp-json\/wp\/v2\/pages"}],"about":[{"href":"https:\/\/www.allgeier.com\/de\/wp-json\/wp\/v2\/types\/page"}],"author":[{"embeddable":true,"href":"https:\/\/www.allgeier.com\/de\/wp-json\/wp\/v2\/users\/4"}],"replies":[{"embeddable":true,"href":"https:\/\/www.allgeier.com\/de\/wp-json\/wp\/v2\/comments?post=7104"}],"version-history":[{"count":1,"href":"https:\/\/www.allgeier.com\/de\/wp-json\/wp\/v2\/pages\/7104\/revisions"}],"predecessor-version":[{"id":7106,"href":"https:\/\/www.allgeier.com\/de\/wp-json\/wp\/v2\/pages\/7104\/revisions\/7106"}],"up":[{"embeddable":true,"href":"https:\/\/www.allgeier.com\/de\/wp-json\/wp\/v2\/pages\/1169"}],"wp:attachment":[{"href":"https:\/\/www.allgeier.com\/de\/wp-json\/wp\/v2\/media?parent=7104"}],"wp:term":[{"taxonomy":"category","embeddable":true,"href":"https:\/\/www.allgeier.com\/de\/wp-json\/wp\/v2\/categories?post=7104"},{"taxonomy":"post_tag","embeddable":true,"href":"https:\/\/www.allgeier.com\/de\/wp-json\/wp\/v2\/tags?post=7104"}],"curies":[{"name":"wp","href":"https:\/\/api.w.org\/{rel}","templated":true}]}}