{"id":7114,"date":"2015-08-04T10:50:47","date_gmt":"2015-08-04T10:50:47","guid":{"rendered":"https:\/\/www.allgeier.com\/de\/?page_id=7114"},"modified":"2025-07-23T10:27:39","modified_gmt":"2025-07-23T10:27:39","slug":"allgeier-se-allgeier-erzielt-im-fortgefuehrten-geschaeft-nach-starkem-zweiten-quartal-im-1-halbjahr-2015-ein-zweistelliges-wachstum-in-der-gesamtleistung-2","status":"publish","type":"page","link":"https:\/\/www.allgeier.com\/de\/investor-relations\/adhoc-announcements\/allgeier-se-allgeier-erzielt-im-fortgefuehrten-geschaeft-nach-starkem-zweiten-quartal-im-1-halbjahr-2015-ein-zweistelliges-wachstum-in-der-gesamtleistung-2\/","title":{"rendered":"Allgeier SE: Allgeier erzielt im fortgef\u00fchrten Gesch\u00e4ft nach starkem zweiten Quartal im 1. Halbjahr 2015 ein zweistelliges Wachstum in der Gesamtleistung"},"content":{"rendered":"<p><b>ALLGEIER SE  \/ Schlagwort(e): Halbjahresergebnis<\/b><\/p>\n<p>04.08.2015 12:50<\/p>\n<p>Ver\u00f6ffentlichung einer Ad-hoc-Mitteilung nach \u00a7 15 WpHG, \u00fcbermittelt durch<br \/>\nDGAP &#8211; ein Service der EQS Group AG.<br \/>\nF\u00fcr den Inhalt der Mitteilung ist der Emittent verantwortlich.<\/p>\n<p>&#8212;&#8212;&#8212;&#8212;&#8212;&#8212;&#8212;&#8212;&#8212;&#8212;&#8212;&#8212;&#8212;&#8212;&#8212;&#8212;&#8212;&#8212;&#8212;&#8212;&#8212;&#8212;&#8212;&#8212;&#8212;<\/p>\n<p>M\u00fcnchen, 04. August 2015 &#8211; Allgeier SE (ISIN DE0005086300, WKN 508630)<br \/>\nverzeichnet gem\u00e4\u00df vorl\u00e4ufiger Zahlen in den ersten sechs Monaten des<br \/>\nGesch\u00e4ftsjahres 2015 (01. Januar 2015 &#8211; 30. Juni 2015) ein zweistelliges<br \/>\nWachstum in der Gesamtleistung des fortgef\u00fchrten Gesch\u00e4fts. Nachdem das<br \/>\nErgebnis im ersten Quartal deutlich hinter dem Ergebnis des<br \/>\nVergleichszeitraums des Vorjahres lag (Ad-hoc-Mitteilung vom 04. Mai 2015),<br \/>\nerzielte Allgeier im zweiten Quartal ein deutlich zweistelliges<br \/>\nErgebniswachstum. Das operative Ergebnis des ersten Halbjahres 2015 vor<br \/>\nEinbeziehung au\u00dferordentlicher und periodenfremder Effekte erreicht damit<br \/>\ninsgesamt ein Niveau \u00fcber dem entsprechenden Ergebnis des Vorjahres.<\/p>\n<p>Gesch\u00e4ftsentwicklung im zweiten Quartal 2015<\/p>\n<p>Im zweiten Quartal 2015 (01. April 2015 &#8211; 30. Juni 2015) verzeichnete der<br \/>\nKonzern ein deutliches Umsatz- und Ergebniswachstum. Der vorl\u00e4ufige Umsatz<br \/>\nstieg gegen\u00fcber dem Vergleichszeitraum des Vorjahres um 20 Prozent auf 121<br \/>\nMio. Euro (fortgef\u00fchrtes Gesch\u00e4ft des Vorjahres: 101 Mio. Euro). Das<br \/>\nvorl\u00e4ufige operative EBITDA (vor au\u00dferordentlichen und periodenfremden<br \/>\nEffekten) lag mit 8,0 Mio. Euro um 30 Prozent \u00fcber dem Vorjahresergebnis<br \/>\n(fortgef\u00fchrtes Gesch\u00e4ft des Vorjahres: 6,1 Mio. Euro). Das vorl\u00e4ufige<br \/>\nKonzern-EBITDA des zweiten Quartals betrug 7,5 Mio. Euro und lag damit um<br \/>\n36 Prozent \u00fcber dem Vergleichswert der Vorjahresperiode (fortgef\u00fchrtes<br \/>\nGesch\u00e4ft des Vorjahres: 5,5 Mio. Euro). Das vorl\u00e4ufige Konzern-EBIT<br \/>\n(Ergebnis vor Zinsen und Steuern) lag mit 3,7 Mio. Euro um 54 Prozent \u00fcber<br \/>\ndem Ergebnis des Vorjahres (fortgef\u00fchrtes Gesch\u00e4ft des Vorjahres: 2,4 Mio.<br \/>\nEuro).<\/p>\n<p>Gesch\u00e4ftsentwicklung im ersten Halbjahr 2015<\/p>\n<p>In Summe stieg die vorl\u00e4ufige Gesamtleistung im Konzern im ersten Halbjahr<br \/>\n2015 gegen\u00fcber den ersten sechs Monaten des Jahres 2014 um 16 Prozent auf<br \/>\n239 Mio. Euro (fortgef\u00fchrtes Gesch\u00e4ft des Vorjahres: 206 Mio. Euro). Das<br \/>\nvorl\u00e4ufige operative Konzern-EBITDA (vor au\u00dferordentlichen und<br \/>\nperiodenfremden Effekten) stieg gegen\u00fcber dem Vergleichszeitraum des<br \/>\nVorjahres um 5 Prozent auf 12,1 Mio. Euro (fortgef\u00fchrtes Gesch\u00e4ft des<br \/>\nVorjahres: 11,5 Mio. Euro). Das vorl\u00e4ufige Konzern-EBITDA einschlie\u00dflich<br \/>\nder au\u00dferordentlichen und periodenfremden Effekte betrug 10,1 Mio. Euro<br \/>\n(fortgef\u00fchrtes Gesch\u00e4ft des Vorjahres: 11,0 Mio. Euro). Das vorl\u00e4ufige<br \/>\nKonzern-EBIT (Ergebnis vor Zinsen und Steuern) der Periode lag mit 3,2 Mio.<br \/>\nEuro ebenfalls noch unter dem Ergebnis des Vorjahres (fortgef\u00fchrtes<br \/>\nGesch\u00e4ft des Vorjahres: 5,0 Mio. Euro). Ma\u00dfgeblich hierf\u00fcr waren gestiegene<br \/>\nAbschreibungen aus dem erstmaligen Einbezug der im Berichtshalbjahr<br \/>\nerworbenen Gesellschaften sowie Investitionen in den stark wachsenden<br \/>\nGesch\u00e4ftsbetrieb an den indischen Standorten.<\/p>\n<p>Ausblick auf die zweite Jahresh\u00e4lfte 2015<\/p>\n<p>Der Vorstand erwartet f\u00fcr die zweite Jahresh\u00e4lfte 2015 gem\u00e4\u00df derzeitiger<br \/>\nPlanung eine Fortsetzung des Wachstums gegen\u00fcber dem Vergleichszeitraum des<br \/>\nVorjahres. Der Umsatz soll gem\u00e4\u00df der Konzernplanung in den zweiten sechs<br \/>\nMonaten 2015 um \u00fcber 20 Prozent wachsen. Das operative Konzern-EBITDA (vor<br \/>\nau\u00dferordentlichen und periodenfremden Effekten) soll gem\u00e4\u00df der Planung im<br \/>\nzweiten Halbjahr 2015 \u00fcberproportional wachsen.<\/p>\n<p>Eckdaten der Bilanz zum 30. Juni 2015<\/p>\n<p>Das vorl\u00e4ufige Eigenkapital stieg zum Stichtag 30. Juni 2015 auf 105 Mio.<br \/>\nEuro (31. Dezember 2014: 100,7 Mio. Euro). Dem Allgeier Konzern standen zum<br \/>\nStichtag gem\u00e4\u00df vorl\u00e4ufiger Zahlen liquide Mittel in H\u00f6he von 54 Mio. Euro<br \/>\nzur Verf\u00fcgung (31. Dezember 2014: 98,0 Mio. Euro). Die Ver\u00e4nderung ist \u00fcber<br \/>\ndie operativen Cash-flows hinaus wesentlich durch die<br \/>\nZahlungsstr\u00f6me aus der Akquisitionst\u00e4tigkeit, die R\u00fcckf\u00fchrung von<br \/>\nFinanzschulden, die erfolgten Earn-out-Zahlungen sowie die<br \/>\nDividendenaussch\u00fcttung begr\u00fcndet. Die vorl\u00e4ufige Bilanzsumme betrug zum 30.<br \/>\nJuni 2015<br \/>\n331 Mio. Euro (31. Dezember 2014: 329,8 Mio. Euro).<\/p>\n<p>Alle genannten IFRS-Zahlen sind vorl\u00e4ufig. Der Halbjahresfinanzbericht 2015<br \/>\nder Allgeier SE wird am 14. August 2015 ver\u00f6ffentlicht und ist dann unter<br \/>\nwww.allgeier.com einzusehen.<\/p>\n<p>Kontakt:<\/p>\n<p>Allgeier SE<br \/>\nCorporate Communications &amp; Investor Relations<br \/>\nDr. Christopher Gro\u00dfe<br \/>\nWehrlestra\u00dfe 12<br \/>\n81679 M\u00fcnchen<br \/>\nTel.: +49 (0)89\/998421-0<br \/>\nFax: +49 (0)89\/998421-11<br \/>\nE-Mail: ir@allgeier.com<br \/>\nWeb: www.allgeier.com<\/p>\n<p>Allgeier SE ist eines der f\u00fchrenden IT-Unternehmen f\u00fcr Business<br \/>\nPerformance: Mit einer auf Innovationen und Zukunftstrends ausgerichteten<br \/>\nWachstumsstrategie sowie einem integrativen unternehmerischen Modell<br \/>\nverbindet Allgeier die Vorteile eines internationalen Anbieters mit den<br \/>\nTugenden mittelst\u00e4ndischer Unternehmer. Operative Gesch\u00e4ftsbereiche mit<br \/>\nindividuellen fachlichen oder branchenbezogenen Schwerpunkten arbeiten<br \/>\ngemeinsam f\u00fcr \u00fcber 3.000 Kunden aus nahezu allen Branchen. Mit \u00fcber 5.800<br \/>\nangestellten Mitarbeitern und rund 1.200 freiberuflichen Experten bietet<br \/>\nAllgeier den Kunden als One-Stop-Shop ein umfassendes L\u00f6sungs- und<br \/>\nLeistungsportfolio. Allgeier bildet mit einem hochflexiblen Delivery-Modell<br \/>\ndas komplette IT-Leistungsspektrum von Onsite \u00fcber Nearshore bis hin zu<br \/>\nOffshore ab: Mit einem starken Standbein in Indien werden Flexibilit\u00e4t und<br \/>\nh\u00f6chste Skalierbarkeit der Leistungen sowie hochqualifiziertes<br \/>\nExpertenwissen in der High-End-Softwareentwicklung sichergestellt. Zu den<br \/>\nKunden von Allgeier z\u00e4hlen global arbeitende Konzerne genauso wie<br \/>\ninnovative mittelst\u00e4ndische Betriebe, die sich durch leistungsstarke<br \/>\nIT-L\u00f6sungen, intelligente Software und flexible Personaldienstleistungen<br \/>\nstrategische Vorteile sichern wollen. Die stark wachsende Gruppe mit<br \/>\nHauptsitz in M\u00fcnchen verf\u00fcgt \u00fcber mehr als 100 Niederlassungen im<br \/>\ndeutschsprachigen Raum, im \u00fcbrigen Europa sowie in Indien, Singapur, Mexiko<br \/>\nund den USA. 2014 erzielte Allgeier einen Umsatz von 428 Mio. Euro<br \/>\n(fortgef\u00fchrtes Gesch\u00e4ft). Allgeier SE belegt in der L\u00fcnendonk(R)-Liste 2014<br \/>\n&#8222;F\u00fchrende deutsche mittelst\u00e4ndische IT-Beratungs- und<br \/>\nSystemintegrations-Unternehmen&#8220; den ersten Platz. Allgeier Experts ist nach<br \/>\nL\u00fcnendonk(R)-Marktsegmentstudie 2014 &#8222;Der Markt f\u00fcr Rekrutierung,<br \/>\nVermittlung und Steuerung von IT-Freelancern in Deutschland&#8220; unter den TOP<br \/>\n3 IT-Personaldienstleistern in Deutschland. Die Gesellschaft ist am<br \/>\nRegulierten Markt der Frankfurter Wertpapierb\u00f6rse im General Standard<br \/>\ngelistet (WKN 508630, ISIN DE0005086300). Weitere Informationen unter:<br \/>\nwww.allgeier.com.<\/p>\n<p>04.08.2015 Die DGAP Distributionsservices umfassen gesetzliche<br \/>\nMeldepflichten, Corporate News\/Finanznachrichten und Pressemitteilungen.<br \/>\nDGAP-Medienarchive unter www.dgap-medientreff.de und www.dgap.de<\/p>\n<p>&#8212;&#8212;&#8212;&#8212;&#8212;&#8212;&#8212;&#8212;&#8212;&#8212;&#8212;&#8212;&#8212;&#8212;&#8212;&#8212;&#8212;&#8212;&#8212;&#8212;&#8212;&#8212;&#8212;&#8212;&#8212;<\/p>\n<p>Sprache:      Deutsch<br \/>\nUnternehmen:  ALLGEIER SE<br \/>\n              Wehrlestra\u00dfe 12<br \/>\n              81679 M\u00fcnchen<br \/>\n              Deutschland<br \/>\nTelefon:      +49 (0) 89 &#8211; 99 84 21 0<br \/>\nFax:          +49 (0) 89 &#8211; 99 84 21 11<br \/>\nE-Mail:       info@allgeier.com<br \/>\nInternet:     http:\/\/www.allgeier.com<br \/>\nISIN:         DE0005086300<br \/>\nWKN:          508630<br \/>\nIndizes:      CDAX<br \/>\nB\u00f6rsen:       Regulierter Markt in Frankfurt (General Standard);<br \/>\n              Freiverkehr in Berlin, D\u00fcsseldorf, Hamburg, Stuttgart<\/p>\n<p>Ende der Mitteilung                             DGAP News-Service<\/p>\n<p>&#8212;&#8212;&#8212;&#8212;&#8212;&#8212;&#8212;&#8212;&#8212;&#8212;&#8212;&#8212;&#8212;&#8212;&#8212;&#8212;&#8212;&#8212;&#8212;&#8212;&#8212;&#8212;&#8212;&#8212;&#8212;<\/p>\n","protected":false},"excerpt":{"rendered":"<p>M\u00fcnchen, 04. August 2015 &#8211; Allgeier SE (ISIN DE0005086300, WKN 508630) verzeichnet gem\u00e4\u00df vorl\u00e4ufiger Zahlen in den ersten sechs Monaten des Gesch\u00e4ftsjahres 2015 (01. Januar 2015 &#8211; 30. Juni 2015) ein zweistelliges Wachstum in der Gesamtleistung des fortgef\u00fchrten Gesc<\/p>\n","protected":false},"author":4,"featured_media":0,"parent":1155,"menu_order":0,"comment_status":"close","ping_status":"closed","template":"","meta":{"_acf_changed":false,"footnotes":""},"categories":[],"tags":[],"class_list":["post-7114","page","type-page","status-publish","hentry"],"acf":[],"yoast_head":"<!-- This site is optimized with the Yoast SEO plugin v27.4 - https:\/\/yoast.com\/product\/yoast-seo-wordpress\/ -->\n<title>Allgeier SE: Allgeier erzielt im fortgef\u00fchrten Gesch\u00e4ft nach starkem zweiten Quartal im 1. Halbjahr 2015 ein zweistelliges Wachstum in der Gesamtleistung - Allgeier SE<\/title>\n<meta name=\"robots\" content=\"index, follow, max-snippet:-1, max-image-preview:large, max-video-preview:-1\" \/>\n<link rel=\"canonical\" href=\"https:\/\/www.allgeier.com\/de\/investor-relations\/adhoc-announcements\/allgeier-se-allgeier-erzielt-im-fortgefuehrten-geschaeft-nach-starkem-zweiten-quartal-im-1-halbjahr-2015-ein-zweistelliges-wachstum-in-der-gesamtleistung-2\/\" \/>\n<meta property=\"og:locale\" content=\"de_DE\" \/>\n<meta property=\"og:type\" content=\"article\" \/>\n<meta property=\"og:title\" content=\"Allgeier SE: Allgeier erzielt im fortgef\u00fchrten Gesch\u00e4ft nach starkem zweiten Quartal im 1. Halbjahr 2015 ein zweistelliges Wachstum in der Gesamtleistung - Allgeier SE\" \/>\n<meta property=\"og:description\" content=\"M\u00fcnchen, 04. August 2015 - Allgeier SE (ISIN DE0005086300, WKN 508630) verzeichnet gem\u00e4\u00df vorl\u00e4ufiger Zahlen in den ersten sechs Monaten des Gesch\u00e4ftsjahres 2015 (01. Januar 2015 - 30. Juni 2015) ein zweistelliges Wachstum in der Gesamtleistung des fortgef\u00fchrten Gesc\" \/>\n<meta property=\"og:url\" content=\"https:\/\/www.allgeier.com\/de\/investor-relations\/adhoc-announcements\/allgeier-se-allgeier-erzielt-im-fortgefuehrten-geschaeft-nach-starkem-zweiten-quartal-im-1-halbjahr-2015-ein-zweistelliges-wachstum-in-der-gesamtleistung-2\/\" \/>\n<meta property=\"og:site_name\" content=\"Allgeier SE\" \/>\n<meta property=\"article:modified_time\" content=\"2025-07-23T10:27:39+00:00\" \/>\n<meta name=\"twitter:card\" content=\"summary_large_image\" \/>\n<meta name=\"twitter:label1\" content=\"Gesch\u00e4tzte Lesezeit\" \/>\n\t<meta name=\"twitter:data1\" content=\"5\u00a0Minuten\" \/>\n<script type=\"application\/ld+json\" class=\"yoast-schema-graph\">{\"@context\":\"https:\\\/\\\/schema.org\",\"@graph\":[{\"@type\":\"WebPage\",\"@id\":\"https:\\\/\\\/www.allgeier.com\\\/de\\\/investor-relations\\\/adhoc-announcements\\\/allgeier-se-allgeier-erzielt-im-fortgefuehrten-geschaeft-nach-starkem-zweiten-quartal-im-1-halbjahr-2015-ein-zweistelliges-wachstum-in-der-gesamtleistung-2\\\/\",\"url\":\"https:\\\/\\\/www.allgeier.com\\\/de\\\/investor-relations\\\/adhoc-announcements\\\/allgeier-se-allgeier-erzielt-im-fortgefuehrten-geschaeft-nach-starkem-zweiten-quartal-im-1-halbjahr-2015-ein-zweistelliges-wachstum-in-der-gesamtleistung-2\\\/\",\"name\":\"Allgeier SE: Allgeier erzielt im fortgef\u00fchrten Gesch\u00e4ft nach starkem zweiten Quartal im 1. Halbjahr 2015 ein zweistelliges Wachstum in der Gesamtleistung - Allgeier SE\",\"isPartOf\":{\"@id\":\"https:\\\/\\\/www.allgeier.com\\\/de\\\/#website\"},\"datePublished\":\"2015-08-04T10:50:47+00:00\",\"dateModified\":\"2025-07-23T10:27:39+00:00\",\"breadcrumb\":{\"@id\":\"https:\\\/\\\/www.allgeier.com\\\/de\\\/investor-relations\\\/adhoc-announcements\\\/allgeier-se-allgeier-erzielt-im-fortgefuehrten-geschaeft-nach-starkem-zweiten-quartal-im-1-halbjahr-2015-ein-zweistelliges-wachstum-in-der-gesamtleistung-2\\\/#breadcrumb\"},\"inLanguage\":\"de\",\"potentialAction\":[{\"@type\":\"ReadAction\",\"target\":[\"https:\\\/\\\/www.allgeier.com\\\/de\\\/investor-relations\\\/adhoc-announcements\\\/allgeier-se-allgeier-erzielt-im-fortgefuehrten-geschaeft-nach-starkem-zweiten-quartal-im-1-halbjahr-2015-ein-zweistelliges-wachstum-in-der-gesamtleistung-2\\\/\"]}]},{\"@type\":\"BreadcrumbList\",\"@id\":\"https:\\\/\\\/www.allgeier.com\\\/de\\\/investor-relations\\\/adhoc-announcements\\\/allgeier-se-allgeier-erzielt-im-fortgefuehrten-geschaeft-nach-starkem-zweiten-quartal-im-1-halbjahr-2015-ein-zweistelliges-wachstum-in-der-gesamtleistung-2\\\/#breadcrumb\",\"itemListElement\":[{\"@type\":\"ListItem\",\"position\":1,\"name\":\"Home\",\"item\":\"https:\\\/\\\/www.allgeier.com\\\/de\\\/\"},{\"@type\":\"ListItem\",\"position\":2,\"name\":\"Investor Relations\",\"item\":\"https:\\\/\\\/www.allgeier.com\\\/de\\\/investor-relations\\\/\"},{\"@type\":\"ListItem\",\"position\":3,\"name\":\"Ad hoc-Mitteilungen\",\"item\":\"https:\\\/\\\/www.allgeier.com\\\/de\\\/investor-relations\\\/adhoc-announcements\\\/\"},{\"@type\":\"ListItem\",\"position\":4,\"name\":\"Allgeier SE: Allgeier erzielt im fortgef\u00fchrten Gesch\u00e4ft nach starkem zweiten Quartal im 1. Halbjahr 2015 ein zweistelliges Wachstum in der Gesamtleistung\"}]},{\"@type\":\"WebSite\",\"@id\":\"https:\\\/\\\/www.allgeier.com\\\/de\\\/#website\",\"url\":\"https:\\\/\\\/www.allgeier.com\\\/de\\\/\",\"name\":\"Allgeier SE\",\"description\":\"Software &amp; IT Services for digital transformation\",\"potentialAction\":[{\"@type\":\"SearchAction\",\"target\":{\"@type\":\"EntryPoint\",\"urlTemplate\":\"https:\\\/\\\/www.allgeier.com\\\/de\\\/?s={search_term_string}\"},\"query-input\":{\"@type\":\"PropertyValueSpecification\",\"valueRequired\":true,\"valueName\":\"search_term_string\"}}],\"inLanguage\":\"de\"}]}<\/script>\n<!-- \/ Yoast SEO plugin. -->","yoast_head_json":{"title":"Allgeier SE: Allgeier erzielt im fortgef\u00fchrten Gesch\u00e4ft nach starkem zweiten Quartal im 1. Halbjahr 2015 ein zweistelliges Wachstum in der Gesamtleistung - Allgeier SE","robots":{"index":"index","follow":"follow","max-snippet":"max-snippet:-1","max-image-preview":"max-image-preview:large","max-video-preview":"max-video-preview:-1"},"canonical":"https:\/\/www.allgeier.com\/de\/investor-relations\/adhoc-announcements\/allgeier-se-allgeier-erzielt-im-fortgefuehrten-geschaeft-nach-starkem-zweiten-quartal-im-1-halbjahr-2015-ein-zweistelliges-wachstum-in-der-gesamtleistung-2\/","og_locale":"de_DE","og_type":"article","og_title":"Allgeier SE: Allgeier erzielt im fortgef\u00fchrten Gesch\u00e4ft nach starkem zweiten Quartal im 1. Halbjahr 2015 ein zweistelliges Wachstum in der Gesamtleistung - Allgeier SE","og_description":"M\u00fcnchen, 04. August 2015 - Allgeier SE (ISIN DE0005086300, WKN 508630) verzeichnet gem\u00e4\u00df vorl\u00e4ufiger Zahlen in den ersten sechs Monaten des Gesch\u00e4ftsjahres 2015 (01. Januar 2015 - 30. Juni 2015) ein zweistelliges Wachstum in der Gesamtleistung des fortgef\u00fchrten Gesc","og_url":"https:\/\/www.allgeier.com\/de\/investor-relations\/adhoc-announcements\/allgeier-se-allgeier-erzielt-im-fortgefuehrten-geschaeft-nach-starkem-zweiten-quartal-im-1-halbjahr-2015-ein-zweistelliges-wachstum-in-der-gesamtleistung-2\/","og_site_name":"Allgeier SE","article_modified_time":"2025-07-23T10:27:39+00:00","twitter_card":"summary_large_image","twitter_misc":{"Gesch\u00e4tzte Lesezeit":"5\u00a0Minuten"},"schema":{"@context":"https:\/\/schema.org","@graph":[{"@type":"WebPage","@id":"https:\/\/www.allgeier.com\/de\/investor-relations\/adhoc-announcements\/allgeier-se-allgeier-erzielt-im-fortgefuehrten-geschaeft-nach-starkem-zweiten-quartal-im-1-halbjahr-2015-ein-zweistelliges-wachstum-in-der-gesamtleistung-2\/","url":"https:\/\/www.allgeier.com\/de\/investor-relations\/adhoc-announcements\/allgeier-se-allgeier-erzielt-im-fortgefuehrten-geschaeft-nach-starkem-zweiten-quartal-im-1-halbjahr-2015-ein-zweistelliges-wachstum-in-der-gesamtleistung-2\/","name":"Allgeier SE: Allgeier erzielt im fortgef\u00fchrten Gesch\u00e4ft nach starkem zweiten Quartal im 1. Halbjahr 2015 ein zweistelliges Wachstum in der Gesamtleistung - Allgeier SE","isPartOf":{"@id":"https:\/\/www.allgeier.com\/de\/#website"},"datePublished":"2015-08-04T10:50:47+00:00","dateModified":"2025-07-23T10:27:39+00:00","breadcrumb":{"@id":"https:\/\/www.allgeier.com\/de\/investor-relations\/adhoc-announcements\/allgeier-se-allgeier-erzielt-im-fortgefuehrten-geschaeft-nach-starkem-zweiten-quartal-im-1-halbjahr-2015-ein-zweistelliges-wachstum-in-der-gesamtleistung-2\/#breadcrumb"},"inLanguage":"de","potentialAction":[{"@type":"ReadAction","target":["https:\/\/www.allgeier.com\/de\/investor-relations\/adhoc-announcements\/allgeier-se-allgeier-erzielt-im-fortgefuehrten-geschaeft-nach-starkem-zweiten-quartal-im-1-halbjahr-2015-ein-zweistelliges-wachstum-in-der-gesamtleistung-2\/"]}]},{"@type":"BreadcrumbList","@id":"https:\/\/www.allgeier.com\/de\/investor-relations\/adhoc-announcements\/allgeier-se-allgeier-erzielt-im-fortgefuehrten-geschaeft-nach-starkem-zweiten-quartal-im-1-halbjahr-2015-ein-zweistelliges-wachstum-in-der-gesamtleistung-2\/#breadcrumb","itemListElement":[{"@type":"ListItem","position":1,"name":"Home","item":"https:\/\/www.allgeier.com\/de\/"},{"@type":"ListItem","position":2,"name":"Investor Relations","item":"https:\/\/www.allgeier.com\/de\/investor-relations\/"},{"@type":"ListItem","position":3,"name":"Ad hoc-Mitteilungen","item":"https:\/\/www.allgeier.com\/de\/investor-relations\/adhoc-announcements\/"},{"@type":"ListItem","position":4,"name":"Allgeier SE: Allgeier erzielt im fortgef\u00fchrten Gesch\u00e4ft nach starkem zweiten Quartal im 1. Halbjahr 2015 ein zweistelliges Wachstum in der Gesamtleistung"}]},{"@type":"WebSite","@id":"https:\/\/www.allgeier.com\/de\/#website","url":"https:\/\/www.allgeier.com\/de\/","name":"Allgeier SE","description":"Software &amp; IT Services for digital transformation","potentialAction":[{"@type":"SearchAction","target":{"@type":"EntryPoint","urlTemplate":"https:\/\/www.allgeier.com\/de\/?s={search_term_string}"},"query-input":{"@type":"PropertyValueSpecification","valueRequired":true,"valueName":"search_term_string"}}],"inLanguage":"de"}]}},"_links":{"self":[{"href":"https:\/\/www.allgeier.com\/de\/wp-json\/wp\/v2\/pages\/7114","targetHints":{"allow":["GET"]}}],"collection":[{"href":"https:\/\/www.allgeier.com\/de\/wp-json\/wp\/v2\/pages"}],"about":[{"href":"https:\/\/www.allgeier.com\/de\/wp-json\/wp\/v2\/types\/page"}],"author":[{"embeddable":true,"href":"https:\/\/www.allgeier.com\/de\/wp-json\/wp\/v2\/users\/4"}],"replies":[{"embeddable":true,"href":"https:\/\/www.allgeier.com\/de\/wp-json\/wp\/v2\/comments?post=7114"}],"version-history":[{"count":1,"href":"https:\/\/www.allgeier.com\/de\/wp-json\/wp\/v2\/pages\/7114\/revisions"}],"predecessor-version":[{"id":7117,"href":"https:\/\/www.allgeier.com\/de\/wp-json\/wp\/v2\/pages\/7114\/revisions\/7117"}],"up":[{"embeddable":true,"href":"https:\/\/www.allgeier.com\/de\/wp-json\/wp\/v2\/pages\/1155"}],"wp:attachment":[{"href":"https:\/\/www.allgeier.com\/de\/wp-json\/wp\/v2\/media?parent=7114"}],"wp:term":[{"taxonomy":"category","embeddable":true,"href":"https:\/\/www.allgeier.com\/de\/wp-json\/wp\/v2\/categories?post=7114"},{"taxonomy":"post_tag","embeddable":true,"href":"https:\/\/www.allgeier.com\/de\/wp-json\/wp\/v2\/tags?post=7114"}],"curies":[{"name":"wp","href":"https:\/\/api.w.org\/{rel}","templated":true}]}}