{"id":7119,"date":"2005-08-10T15:21:07","date_gmt":"2005-08-10T15:21:07","guid":{"rendered":"https:\/\/www.allgeier.com\/de\/?page_id=7119"},"modified":"2025-07-23T10:27:39","modified_gmt":"2025-07-23T10:27:39","slug":"umsatz-und-ergebnissteigerung-im-1-halbjahr-3","status":"publish","type":"page","link":"https:\/\/www.allgeier.com\/de\/pressroom\/press-releases\/umsatz-und-ergebnissteigerung-im-1-halbjahr-3\/","title":{"rendered":"Umsatz- und Ergebnissteigerung im 1. Halbjahr"},"content":{"rendered":"<p><b>Allgeier Holding AG \/ Quartalsergebnis<\/b><\/p>\n<p>Corporate-Mitteilung \u00fcbermittelt durch die EquityStory AG.<br \/>\nF\u00fcr den Inhalt der Mitteilung ist der Emittent verantwortlich.<br \/>\n&#8212;&#8212;&#8212;&#8212;&#8212;&#8212;&#8212;&#8212;&#8212;&#8212;&#8212;&#8212;&#8212;&#8212;&#8212;&#8212;&#8212;&#8212;&#8212;&#8212;&#8212;&#8212;&#8212;&#8212;&#8212;<\/p>\n<p>Umsatz und Ergebnis erheblich gesteigert\/ Wachstum weiter in Takt<\/p>\n<p>M\u00fcnchen, 10.08.2005<\/p>\n<p>Allgeier Holding AG stellt die Ergebnisse f\u00fcr das 1. Halbjahr 2005 vor.<br \/>\nDer konsolidierte Umsatz erreichte in diesem Zeitraum EUR 24,7 Mio. und<br \/>\nsteigerte sich gegen\u00fcber dem ersten Halbjahr 2004 um 32%. Das<br \/>\nBetriebsergebnis vor Abschreibungen (EBITDA) wurde auf EUR 2,2 Mio.<br \/>\ngesteigert, nach Zinsen, Steuern und Minderheiten verbleibt ein \u00dcberschuss<br \/>\nvon EUR 0,7 Mio. (Vorjahr EUR 0,2 Mio.).<\/p>\n<p>Die wesentliche Ergebnisst\u00fctze des ersten Halbjahres bildet der<br \/>\nGesch\u00e4ftsbereich IT. Durch den in 2004 neu aufgebauten Gesch\u00e4ftsbereich IT<br \/>\nServices und die im Mai 2005 erfolgte Verst\u00e4rkung im ERP L\u00f6sungsgesch\u00e4ft<br \/>\ndurch die Akquise BOG ist die Allgeier Group zum Halbjahr 2005 gut<br \/>\npositioniert. F\u00fcr das Gesamtjahr 2005 erwartet der Vorstand einen<br \/>\nGruppenumsatz von \u00fcber EUR 50 Mio. und ein positives Konzernergebnis.<\/p>\n<p>Im Fokus des Unternehmens steht weiterhin die Strategie das Portfolio durch<br \/>\nAkquisitionen auszubauen und der Vorstand ist optimistisch im zweiten<br \/>\nHalbjahr positive Nachrichten in Hinblick auf weitere Akquisitionen melden<br \/>\nzu k\u00f6nnen.<\/p>\n<p>Der vollst\u00e4ndige Bericht des 1. Halbjahres steht Ihnen im Internet unter<br \/>\nwww.allgeier-holding.de\/Investor Relations\/Finanzberichte\/  zur Verf\u00fcgung.<\/p>\n<p>Georg D\u00fcrschmidt<br \/>\nVorstand<br \/>\nTel. 089-998421-0<br \/>\nFax  089-998421-11<br \/>\ninfo@allgeier-holding.de<\/p>\n<p>EquityStory AG 10.08.2005<br \/>\n&#8212;&#8212;&#8212;&#8212;&#8212;&#8212;&#8212;&#8212;&#8212;&#8212;&#8212;&#8212;&#8212;&#8212;&#8212;&#8212;&#8212;&#8212;&#8212;&#8212;&#8212;&#8212;&#8212;&#8212;&#8212;<\/p>\n<p>Sprache:      Deutsch<br \/>\nEmittent:     Allgeier Holding AG<br \/>\n              Wehrlestrasse 12<br \/>\n              81679 M\u00fcnchen Deutschland<br \/>\nTelefon:      +49 (0)89 998 421-0<br \/>\nFax:          +49 (0)89 998 421-11<br \/>\nEmail:        info@allgeier.com<br \/>\nWWW:          www.allgeier-holding.com<br \/>\nISIN:         DE0005086300<br \/>\nWKN:          508630<br \/>\nIndizes:      CDAX<br \/>\nB\u00f6rsen:       Geregelter Markt in Frankfurt; Freiverkehr in Berlin-Bremen,<br \/>\n              Hannover, Hamburg, D\u00fcsseldorf, Stuttgart<\/p>\n<p>Ende der Mitteilung                             EQS News-Service<\/p>\n<p>&#8212;&#8212;&#8212;&#8212;&#8212;&#8212;&#8212;&#8212;&#8212;&#8212;&#8212;&#8212;&#8212;&#8212;&#8212;&#8212;&#8212;&#8212;&#8212;&#8212;&#8212;&#8212;&#8212;&#8212;&#8212;<\/p>\n","protected":false},"excerpt":{"rendered":"<p>Umsatz und Ergebnis erheblich gesteigert\/ Wachstum weiter in Takt M\u00fcnchen, 10.08.2005 Allgeier Holding AG stellt die Ergebnisse f\u00fcr das 1. Halbjahr 2005 vor. Der konsolidierte Umsatz erreichte in diesem Zeitraum EUR 24,7 Mio. und steigerte sich gegen\u00fcber dem ersten Halbjahr 2004 um 32%. Das Betriebsergebnis<\/p>\n","protected":false},"author":4,"featured_media":0,"parent":1169,"menu_order":0,"comment_status":"close","ping_status":"closed","template":"","meta":{"_acf_changed":false,"footnotes":""},"categories":[],"tags":[],"class_list":["post-7119","page","type-page","status-publish","hentry"],"acf":[],"yoast_head":"<!-- This site is optimized with the Yoast SEO plugin v27.4 - https:\/\/yoast.com\/product\/yoast-seo-wordpress\/ -->\n<title>Umsatz- und Ergebnissteigerung im 1. Halbjahr - Allgeier SE<\/title>\n<meta name=\"robots\" content=\"index, follow, max-snippet:-1, max-image-preview:large, max-video-preview:-1\" \/>\n<link rel=\"canonical\" href=\"https:\/\/www.allgeier.com\/de\/pressroom\/press-releases\/umsatz-und-ergebnissteigerung-im-1-halbjahr-3\/\" \/>\n<meta property=\"og:locale\" content=\"de_DE\" \/>\n<meta property=\"og:type\" content=\"article\" \/>\n<meta property=\"og:title\" content=\"Umsatz- und Ergebnissteigerung im 1. Halbjahr - Allgeier SE\" \/>\n<meta property=\"og:description\" content=\"Umsatz und Ergebnis erheblich gesteigert\/ Wachstum weiter in Takt M\u00fcnchen, 10.08.2005 Allgeier Holding AG stellt die Ergebnisse f\u00fcr das 1. Halbjahr 2005 vor. Der konsolidierte Umsatz erreichte in diesem Zeitraum EUR 24,7 Mio. und steigerte sich gegen\u00fcber dem ersten Halbjahr 2004 um 32%. Das Betriebsergebnis\" \/>\n<meta property=\"og:url\" content=\"https:\/\/www.allgeier.com\/de\/pressroom\/press-releases\/umsatz-und-ergebnissteigerung-im-1-halbjahr-3\/\" \/>\n<meta property=\"og:site_name\" content=\"Allgeier SE\" \/>\n<meta property=\"article:modified_time\" content=\"2025-07-23T10:27:39+00:00\" \/>\n<meta name=\"twitter:card\" content=\"summary_large_image\" \/>\n<meta name=\"twitter:label1\" content=\"Gesch\u00e4tzte Lesezeit\" \/>\n\t<meta name=\"twitter:data1\" content=\"1\u00a0Minute\" \/>\n<script type=\"application\/ld+json\" class=\"yoast-schema-graph\">{\"@context\":\"https:\\\/\\\/schema.org\",\"@graph\":[{\"@type\":\"WebPage\",\"@id\":\"https:\\\/\\\/www.allgeier.com\\\/de\\\/pressroom\\\/press-releases\\\/umsatz-und-ergebnissteigerung-im-1-halbjahr-3\\\/\",\"url\":\"https:\\\/\\\/www.allgeier.com\\\/de\\\/pressroom\\\/press-releases\\\/umsatz-und-ergebnissteigerung-im-1-halbjahr-3\\\/\",\"name\":\"Umsatz- und Ergebnissteigerung im 1. Halbjahr - Allgeier SE\",\"isPartOf\":{\"@id\":\"https:\\\/\\\/www.allgeier.com\\\/de\\\/#website\"},\"datePublished\":\"2005-08-10T15:21:07+00:00\",\"dateModified\":\"2025-07-23T10:27:39+00:00\",\"breadcrumb\":{\"@id\":\"https:\\\/\\\/www.allgeier.com\\\/de\\\/pressroom\\\/press-releases\\\/umsatz-und-ergebnissteigerung-im-1-halbjahr-3\\\/#breadcrumb\"},\"inLanguage\":\"de\",\"potentialAction\":[{\"@type\":\"ReadAction\",\"target\":[\"https:\\\/\\\/www.allgeier.com\\\/de\\\/pressroom\\\/press-releases\\\/umsatz-und-ergebnissteigerung-im-1-halbjahr-3\\\/\"]}]},{\"@type\":\"BreadcrumbList\",\"@id\":\"https:\\\/\\\/www.allgeier.com\\\/de\\\/pressroom\\\/press-releases\\\/umsatz-und-ergebnissteigerung-im-1-halbjahr-3\\\/#breadcrumb\",\"itemListElement\":[{\"@type\":\"ListItem\",\"position\":1,\"name\":\"Home\",\"item\":\"https:\\\/\\\/www.allgeier.com\\\/de\\\/\"},{\"@type\":\"ListItem\",\"position\":2,\"name\":\"Presse\",\"item\":\"https:\\\/\\\/www.allgeier.com\\\/de\\\/pressroom\\\/\"},{\"@type\":\"ListItem\",\"position\":3,\"name\":\"Pressemitteilungen\",\"item\":\"https:\\\/\\\/www.allgeier.com\\\/de\\\/pressroom\\\/press-releases\\\/\"},{\"@type\":\"ListItem\",\"position\":4,\"name\":\"Umsatz- und Ergebnissteigerung im 1. Halbjahr\"}]},{\"@type\":\"WebSite\",\"@id\":\"https:\\\/\\\/www.allgeier.com\\\/de\\\/#website\",\"url\":\"https:\\\/\\\/www.allgeier.com\\\/de\\\/\",\"name\":\"Allgeier SE\",\"description\":\"Software &amp; IT Services for digital transformation\",\"potentialAction\":[{\"@type\":\"SearchAction\",\"target\":{\"@type\":\"EntryPoint\",\"urlTemplate\":\"https:\\\/\\\/www.allgeier.com\\\/de\\\/?s={search_term_string}\"},\"query-input\":{\"@type\":\"PropertyValueSpecification\",\"valueRequired\":true,\"valueName\":\"search_term_string\"}}],\"inLanguage\":\"de\"}]}<\/script>\n<!-- \/ Yoast SEO plugin. -->","yoast_head_json":{"title":"Umsatz- und Ergebnissteigerung im 1. Halbjahr - Allgeier SE","robots":{"index":"index","follow":"follow","max-snippet":"max-snippet:-1","max-image-preview":"max-image-preview:large","max-video-preview":"max-video-preview:-1"},"canonical":"https:\/\/www.allgeier.com\/de\/pressroom\/press-releases\/umsatz-und-ergebnissteigerung-im-1-halbjahr-3\/","og_locale":"de_DE","og_type":"article","og_title":"Umsatz- und Ergebnissteigerung im 1. Halbjahr - Allgeier SE","og_description":"Umsatz und Ergebnis erheblich gesteigert\/ Wachstum weiter in Takt M\u00fcnchen, 10.08.2005 Allgeier Holding AG stellt die Ergebnisse f\u00fcr das 1. Halbjahr 2005 vor. Der konsolidierte Umsatz erreichte in diesem Zeitraum EUR 24,7 Mio. und steigerte sich gegen\u00fcber dem ersten Halbjahr 2004 um 32%. Das Betriebsergebnis","og_url":"https:\/\/www.allgeier.com\/de\/pressroom\/press-releases\/umsatz-und-ergebnissteigerung-im-1-halbjahr-3\/","og_site_name":"Allgeier SE","article_modified_time":"2025-07-23T10:27:39+00:00","twitter_card":"summary_large_image","twitter_misc":{"Gesch\u00e4tzte Lesezeit":"1\u00a0Minute"},"schema":{"@context":"https:\/\/schema.org","@graph":[{"@type":"WebPage","@id":"https:\/\/www.allgeier.com\/de\/pressroom\/press-releases\/umsatz-und-ergebnissteigerung-im-1-halbjahr-3\/","url":"https:\/\/www.allgeier.com\/de\/pressroom\/press-releases\/umsatz-und-ergebnissteigerung-im-1-halbjahr-3\/","name":"Umsatz- und Ergebnissteigerung im 1. Halbjahr - Allgeier SE","isPartOf":{"@id":"https:\/\/www.allgeier.com\/de\/#website"},"datePublished":"2005-08-10T15:21:07+00:00","dateModified":"2025-07-23T10:27:39+00:00","breadcrumb":{"@id":"https:\/\/www.allgeier.com\/de\/pressroom\/press-releases\/umsatz-und-ergebnissteigerung-im-1-halbjahr-3\/#breadcrumb"},"inLanguage":"de","potentialAction":[{"@type":"ReadAction","target":["https:\/\/www.allgeier.com\/de\/pressroom\/press-releases\/umsatz-und-ergebnissteigerung-im-1-halbjahr-3\/"]}]},{"@type":"BreadcrumbList","@id":"https:\/\/www.allgeier.com\/de\/pressroom\/press-releases\/umsatz-und-ergebnissteigerung-im-1-halbjahr-3\/#breadcrumb","itemListElement":[{"@type":"ListItem","position":1,"name":"Home","item":"https:\/\/www.allgeier.com\/de\/"},{"@type":"ListItem","position":2,"name":"Presse","item":"https:\/\/www.allgeier.com\/de\/pressroom\/"},{"@type":"ListItem","position":3,"name":"Pressemitteilungen","item":"https:\/\/www.allgeier.com\/de\/pressroom\/press-releases\/"},{"@type":"ListItem","position":4,"name":"Umsatz- und Ergebnissteigerung im 1. Halbjahr"}]},{"@type":"WebSite","@id":"https:\/\/www.allgeier.com\/de\/#website","url":"https:\/\/www.allgeier.com\/de\/","name":"Allgeier SE","description":"Software &amp; IT Services for digital transformation","potentialAction":[{"@type":"SearchAction","target":{"@type":"EntryPoint","urlTemplate":"https:\/\/www.allgeier.com\/de\/?s={search_term_string}"},"query-input":{"@type":"PropertyValueSpecification","valueRequired":true,"valueName":"search_term_string"}}],"inLanguage":"de"}]}},"_links":{"self":[{"href":"https:\/\/www.allgeier.com\/de\/wp-json\/wp\/v2\/pages\/7119","targetHints":{"allow":["GET"]}}],"collection":[{"href":"https:\/\/www.allgeier.com\/de\/wp-json\/wp\/v2\/pages"}],"about":[{"href":"https:\/\/www.allgeier.com\/de\/wp-json\/wp\/v2\/types\/page"}],"author":[{"embeddable":true,"href":"https:\/\/www.allgeier.com\/de\/wp-json\/wp\/v2\/users\/4"}],"replies":[{"embeddable":true,"href":"https:\/\/www.allgeier.com\/de\/wp-json\/wp\/v2\/comments?post=7119"}],"version-history":[{"count":1,"href":"https:\/\/www.allgeier.com\/de\/wp-json\/wp\/v2\/pages\/7119\/revisions"}],"predecessor-version":[{"id":7122,"href":"https:\/\/www.allgeier.com\/de\/wp-json\/wp\/v2\/pages\/7119\/revisions\/7122"}],"up":[{"embeddable":true,"href":"https:\/\/www.allgeier.com\/de\/wp-json\/wp\/v2\/pages\/1169"}],"wp:attachment":[{"href":"https:\/\/www.allgeier.com\/de\/wp-json\/wp\/v2\/media?parent=7119"}],"wp:term":[{"taxonomy":"category","embeddable":true,"href":"https:\/\/www.allgeier.com\/de\/wp-json\/wp\/v2\/categories?post=7119"},{"taxonomy":"post_tag","embeddable":true,"href":"https:\/\/www.allgeier.com\/de\/wp-json\/wp\/v2\/tags?post=7119"}],"curies":[{"name":"wp","href":"https:\/\/api.w.org\/{rel}","templated":true}]}}