{"id":7126,"date":"2012-04-17T15:56:50","date_gmt":"2012-04-17T15:56:50","guid":{"rendered":"https:\/\/www.allgeier.com\/de\/?page_id=7126"},"modified":"2025-07-23T10:27:39","modified_gmt":"2025-07-23T10:27:39","slug":"allgeier-holding-ag-aufsichtsrat-stellt-jahresabschluss-fest-und-schlaegt-dividende-vor-7","status":"publish","type":"page","link":"https:\/\/www.allgeier.com\/de\/investor-relations\/adhoc-announcements\/allgeier-holding-ag-aufsichtsrat-stellt-jahresabschluss-fest-und-schlaegt-dividende-vor-7\/","title":{"rendered":"Allgeier Holding AG: Aufsichtsrat stellt Jahresabschluss fest und schl\u00e4gt Dividende vor"},"content":{"rendered":"<p><b>ALLGEIER HOLDING AG  \/ Schlagwort(e): Jahresergebnis<\/b><\/p>\n<p>17.04.2012 17:56<\/p>\n<p>Ver\u00f6ffentlichung einer Ad-hoc-Mitteilung nach \u00a7 15 WpHG, \u00fcbermittelt durch<br \/>\ndie DGAP &#8211; ein Unternehmen der EquityStory AG.<br \/>\nF\u00fcr den Inhalt der Mitteilung ist der Emittent verantwortlich.<\/p>\n<p>&#8212;&#8212;&#8212;&#8212;&#8212;&#8212;&#8212;&#8212;&#8212;&#8212;&#8212;&#8212;&#8212;&#8212;&#8212;&#8212;&#8212;&#8212;&#8212;&#8212;&#8212;&#8212;&#8212;&#8212;&#8212;<\/p>\n<p>Der Aufsichtsrat der in M\u00fcnchen ans\u00e4ssigen Allgeier Holding AG (ISIN<br \/>\nDE000508630 \/ WKN 508630), eines der f\u00fchrenden Unternehmen in der deutschen<br \/>\nIT-Branche, hat in seiner Sitzung am 17. April 2012 den testierten Jahres-<br \/>\nund Konzernabschluss der Allgeier Holding AG f\u00fcr das Gesch\u00e4ftsjahr 2011<br \/>\ngebilligt. Der Jahresabschluss ist damit festgestellt. Die finalen<br \/>\nKonzernzahlen konnten dabei die in der Ad hoc-Mitteilung vom 16. Februar<br \/>\n2012 angek\u00fcndigten vorl\u00e4ufigen Zahlen leicht \u00fcbertreffen.<\/p>\n<p>Umsatz und Ergebnisentwicklung gem\u00e4\u00df IFRS<\/p>\n<p>Die Allgeier Holding AG konnte auch im Gesch\u00e4ftsjahr 2011 (1. Januar 2011<br \/>\nbis 31. Dezember 2011) ein signifikantes Wachstum erzielen. Der<br \/>\nKonzernumsatz per 31. Dezember 2011 nach IFRS stieg aufgrund der guten<br \/>\nkonjunkturellen Lage, der get\u00e4tigten Akquisitionen und des organischen<br \/>\nWachstums um 70,1 Mio. EUR auf 378,8 Mio. EUR (Vorjahr: 308,7 Mio. EUR).<br \/>\nDies entspricht einer Steigerung von 23 %. Der operative Cash Flow (vor<br \/>\nWorking Capital-Ver\u00e4nderungen) konnte von 21,6 Mio. Euro im Vorjahr um 31 %<br \/>\nauf 28,4 Mio. Euro gesteigert werden. Das im Konzernabschluss<br \/>\nberichtete EBITDA erh\u00f6hte sich um 23 % auf 22,3 Mio. EUR (Vorjahr: 18,1<br \/>\nMio. EUR). Das EBITDA ist durch W\u00e4hrungseffekte aus Zahlungsverkehr und<br \/>\nStichtagsumrechnung in H\u00f6he von -1,3 Mio. EUR (Vorjahr: -0,3 Mio. EUR)<br \/>\nbelastet. Das Ergebnis vor Zinsen, Steuern und Abschreibungen auf<br \/>\nKaufpreis-Allokationen sowie der ergebniswirksamen Anpassung von Earnouts<br \/>\ngem\u00e4\u00df IFRS (EBITA) wuchs um 22 % auf 19,0 Mio. EUR (Vorjahr: 15,6 Mio.<br \/>\nEUR). Das Ergebnis vor Zinsen und Steuern (EBIT) erreicht mit 12,0 Mio. EUR<br \/>\neine gegen\u00fcber dem EBITA unterproportionale Steigerung um 8 % (Vorjahr:<br \/>\n11,0 Mio. EUR). Diese Ergebnisgr\u00f6\u00dfe ist wesentlich durch die<br \/>\nAkquisitionst\u00e4tigkeit der Jahre 2010 und 2011 beeinflusst. Die<br \/>\nAkquisitionen f\u00fchrten bilanziell zu einem Anstieg der Regelabschreibungen<br \/>\nauf Kaufpreis-Allokationen gem\u00e4\u00df IFRS (also Abschreibung der<br \/>\nAuftragsbest\u00e4nde, Kundenst\u00e4mme, Produkte) um rund 2,3 Mio. EUR auf rund 7,2<br \/>\nMio. EUR (Vj.: 4,8 Mio. EUR). Das erzielte EBT mit 9,5 Mio. Euro (Vj.: 10,2<br \/>\nMio. Euro) ist belastet durch das Finanzergebnis in H\u00f6he von -2,5 Mio. Euro<br \/>\n(Vj.: -0,9 Mio. Euro). Hier f\u00fchrten die zur Wachstumsfinanzierung<br \/>\naufgenommenen Darlehen zu einer deutlich h\u00f6heren Zinsbelastung. Das<br \/>\nErgebnis nach Steuern liegt mit 5,3 Mio. Euro unter dem Vorjahreswert von<br \/>\n8,7 Mio. Euro. Diese Minderung ist zus\u00e4tzlich auf einen negativen<br \/>\nSteuereffekt zur\u00fcckzuf\u00fchren. Lag im Gesch\u00e4ftsjahr 2010 der<br \/>\nErtragsteueraufwand bei 1,5 Mio. Euro, so musste Allgeier in 2011<br \/>\nErtragsteuern in H\u00f6he von 4,2 Mio. Euro ber\u00fccksichtigen. Begr\u00fcndet ist die<br \/>\nhohe Steuerquote gr\u00f6\u00dftenteils durch in 2011 strukturbedingt nicht nutzbare<br \/>\nVerlustvortr\u00e4ge, deren Nutzung in den Folgejahren beabsichtigt ist. Das<br \/>\nErgebnis je Aktie fiel von 0,99 Euro in 2010 auf 0,52 Euro im Berichtsjahr.<br \/>\nDas auf der Grundlage des EBITA (also bereinigt um die Effekte aus<br \/>\nAbschreibungen auf Kaufpreis-Allokationen) gebildete und um die Effekte aus<br \/>\nder \u00c4nderung der Steuerquote (durch Annahme einer gleichbleibenden<br \/>\nSteuerquote von 30%) bereinigte Ergebnis je Aktie stieg von 1,18 Euro in<br \/>\n2010 um 7 % auf 1,27 Euro in 2011.<\/p>\n<p>Eckdaten der Bilanz<\/p>\n<p>Die Bilanzsumme erh\u00f6hte sich auf 242,1 Mio. EUR (Vorjahr: 204,1 Mio. EUR).<br \/>\nDas Eigenkapital des Konzerns per 31. Dezember 2011 betr\u00e4gt 88,2 Mio. EUR<br \/>\n(Vorjahr: 85,5 Mio. EUR), die Eigenkapitalquote ging im Gesch\u00e4ftsjahr 2011<br \/>\naufgrund des Anstiegs der Bilanzsumme von 41,9 % Ende 2010 auf 36,4 % am<br \/>\n31. Dezember 2011 zur\u00fcck. Die langfristigen und kurzfristigen<br \/>\nFinanzschulden (inkl. Genussrechtsverbindlichkeiten) sanken zum 31.<br \/>\nDezember 2011 auf 41,4 Mio. EUR (Vorjahr: 45,5 Mio. EUR). Die liquiden<br \/>\nMittel verringerten sich auf 31,9 Mio. EUR (Vorjahr: 61,3 Mio. EUR). F\u00fcr<br \/>\ndie Verringerung der liquiden Mittel sind in erster Linie die Auszahlungen<br \/>\nf\u00fcr die Unternehmenserwerbe ma\u00dfgeblich.<\/p>\n<p>Gewinnverwendung<\/p>\n<p>Vorstand und Aufsichtsrat haben heute, am 17. April 2012, beschlossen, der<br \/>\nHauptversammlung vorzuschlagen, aus dem im Jahresabschluss der Allgeier<br \/>\nHolding AG ausgewiesenen Bilanzgewinn per 31. Dezember 2011 in H\u00f6he von<br \/>\n41.419.801,12 EUR eine Dividende in H\u00f6he von 0,50 EUR je Aktie an die<br \/>\nAktion\u00e4re auszusch\u00fctten. Der verbleibende Bilanzgewinn soll auf neue<br \/>\nRechnung vorgetragen werden.<\/p>\n<p>Ausblick<\/p>\n<p>Der Vorstand erwartet f\u00fcr das Gesch\u00e4ftsjahr 2012 f\u00fcr den Gesamtkonzern<br \/>\nerneut ein nachhaltiges Wachstum im Umsatz im unteren zweistelligen<br \/>\nProzentbereich und eine \u00fcberproportionale Ergebnissteigerung.<\/p>\n<p>Der Gesch\u00e4ftsbericht 2011 wird am heutigen 17. April 2012 ver\u00f6ffentlicht<br \/>\nund ist unter www.allgeier.com einzusehen.<\/p>\n<p>Kontakt:<br \/>\nAllgeier Holding AG<br \/>\nDr. Christopher Grosse<br \/>\nWehrlestr. 12<br \/>\n81679 M\u00fcnchen<br \/>\nTel.: +49 (0)89\/998421-0<br \/>\nFax: +49 (0)89\/998421-11<br \/>\neMail: ir@allgeier-holding.de<br \/>\nWeb: www.allgeier.com<\/p>\n<p>Die Allgeier Holding AG mit Sitz in M\u00fcnchen ist eine der f\u00fchrenden<br \/>\nBeratungs- und Servicegesellschaften im deutschsprachigen Raum. Die<br \/>\nDienstleistungen der Allgeier Gruppe gliedern sich in die drei<br \/>\nGesch\u00e4ftsbereiche IT Solutions, IT Services &amp; Recruiting und Project<br \/>\nSolutions. Mit \u00fcber 2.500 angestellten Mitarbeitern und \u00fcber 1.500<br \/>\nfreiberuflichen IT-Experten bietet die Allgeier Gruppe ihren Kunden einen<br \/>\nKomplettservice-Ansatz von der Konzeption \u00fcber die Umsetzung bis hin zum<br \/>\nBetrieb von IT-Landschaften. 14 operative Unternehmenseinheiten, jede mit<br \/>\neinem fachlichen oder branchenbezogenen Schwerpunkt, arbeiten gemeinsam f\u00fcr<br \/>\nrund 2.000 Kunden aus nahezu allen Branchen. Die stark wachsende Gruppe<br \/>\nverf\u00fcgt aktuell \u00fcber mehr als 50 Niederlassungen im deutschsprachigen Raum<br \/>\nund 23 weitere Standorte im \u00fcbrigen Europa sowie in Indien, Mexiko und den<br \/>\nUSA. Die Gesellschaft ist am regulierten Markt der Frankfurter<br \/>\nWertpapierb\u00f6rse im General Standard gelistet (WKN 508630 \/ ISIN<br \/>\nDE000508630). Weitere Informationen unter: www.allgeier.com.<\/p>\n<p>17.04.2012 Die DGAP Distributionsservices umfassen gesetzliche<br \/>\nMeldepflichten, Corporate News\/Finanznachrichten und Pressemitteilungen.<br \/>\nDGAP-Medienarchive unter www.dgap-medientreff.de und www.dgap.de<\/p>\n<p>&#8212;&#8212;&#8212;&#8212;&#8212;&#8212;&#8212;&#8212;&#8212;&#8212;&#8212;&#8212;&#8212;&#8212;&#8212;&#8212;&#8212;&#8212;&#8212;&#8212;&#8212;&#8212;&#8212;&#8212;&#8212;<\/p>\n<p>Sprache:      Deutsch<br \/>\nUnternehmen:  ALLGEIER HOLDING AG<br \/>\n              Wehrlestra\u00dfe 12<br \/>\n              81679 M\u00fcnchen<br \/>\n              Deutschland<br \/>\nTelefon:      +49 (0) 89 &#8211; 99 84 21 0<br \/>\nFax:          +49 (0) 89 &#8211; 99 84 21 11<br \/>\nE-Mail:       info@allgeier.com<br \/>\nInternet:     http:\/\/www.allgeier.com<br \/>\nISIN:         DE0005086300<br \/>\nWKN:          508630<br \/>\nIndizes:      CDAX<br \/>\nB\u00f6rsen:       Regulierter Markt in Frankfurt (General Standard);<br \/>\n              Freiverkehr in Berlin, D\u00fcsseldorf, Hamburg, Stuttgart<\/p>\n<p>Ende der Mitteilung                             DGAP News-Service<\/p>\n<p>&#8212;&#8212;&#8212;&#8212;&#8212;&#8212;&#8212;&#8212;&#8212;&#8212;&#8212;&#8212;&#8212;&#8212;&#8212;&#8212;&#8212;&#8212;&#8212;&#8212;&#8212;&#8212;&#8212;&#8212;&#8212;<\/p>\n","protected":false},"excerpt":{"rendered":"<p>Der Aufsichtsrat der in M\u00fcnchen ans\u00e4ssigen Allgeier Holding AG (ISIN DE000508630 \/ WKN 508630), eines der f\u00fchrenden Unternehmen in der deutschen IT-Branche, hat in seiner Sitzung am 17. April 2012 den testierten Jahres- und Konzernabschluss der Allgeie<\/p>\n","protected":false},"author":4,"featured_media":0,"parent":1155,"menu_order":0,"comment_status":"close","ping_status":"closed","template":"","meta":{"_acf_changed":false,"footnotes":""},"categories":[],"tags":[],"class_list":["post-7126","page","type-page","status-publish","hentry"],"acf":[],"yoast_head":"<!-- This site is optimized with the Yoast SEO plugin v27.4 - https:\/\/yoast.com\/product\/yoast-seo-wordpress\/ -->\n<title>Allgeier Holding AG: Aufsichtsrat stellt Jahresabschluss fest und schl\u00e4gt Dividende vor - Allgeier SE<\/title>\n<meta name=\"robots\" content=\"index, follow, max-snippet:-1, max-image-preview:large, max-video-preview:-1\" \/>\n<link rel=\"canonical\" href=\"https:\/\/www.allgeier.com\/de\/investor-relations\/adhoc-announcements\/allgeier-holding-ag-aufsichtsrat-stellt-jahresabschluss-fest-und-schlaegt-dividende-vor-7\/\" \/>\n<meta property=\"og:locale\" content=\"de_DE\" \/>\n<meta property=\"og:type\" content=\"article\" \/>\n<meta property=\"og:title\" content=\"Allgeier Holding AG: Aufsichtsrat stellt Jahresabschluss fest und schl\u00e4gt Dividende vor - Allgeier SE\" \/>\n<meta property=\"og:description\" content=\"Der Aufsichtsrat der in M\u00fcnchen ans\u00e4ssigen Allgeier Holding AG (ISIN DE000508630 \/ WKN 508630), eines der f\u00fchrenden Unternehmen in der deutschen IT-Branche, hat in seiner Sitzung am 17. April 2012 den testierten Jahres- und Konzernabschluss der Allgeie\" \/>\n<meta property=\"og:url\" content=\"https:\/\/www.allgeier.com\/de\/investor-relations\/adhoc-announcements\/allgeier-holding-ag-aufsichtsrat-stellt-jahresabschluss-fest-und-schlaegt-dividende-vor-7\/\" \/>\n<meta property=\"og:site_name\" content=\"Allgeier SE\" \/>\n<meta property=\"article:modified_time\" content=\"2025-07-23T10:27:39+00:00\" \/>\n<meta name=\"twitter:card\" content=\"summary_large_image\" \/>\n<meta name=\"twitter:label1\" content=\"Gesch\u00e4tzte Lesezeit\" \/>\n\t<meta name=\"twitter:data1\" content=\"4\u00a0Minuten\" \/>\n<script type=\"application\/ld+json\" class=\"yoast-schema-graph\">{\"@context\":\"https:\\\/\\\/schema.org\",\"@graph\":[{\"@type\":\"WebPage\",\"@id\":\"https:\\\/\\\/www.allgeier.com\\\/de\\\/investor-relations\\\/adhoc-announcements\\\/allgeier-holding-ag-aufsichtsrat-stellt-jahresabschluss-fest-und-schlaegt-dividende-vor-7\\\/\",\"url\":\"https:\\\/\\\/www.allgeier.com\\\/de\\\/investor-relations\\\/adhoc-announcements\\\/allgeier-holding-ag-aufsichtsrat-stellt-jahresabschluss-fest-und-schlaegt-dividende-vor-7\\\/\",\"name\":\"Allgeier Holding AG: Aufsichtsrat stellt Jahresabschluss fest und schl\u00e4gt Dividende vor - Allgeier SE\",\"isPartOf\":{\"@id\":\"https:\\\/\\\/www.allgeier.com\\\/de\\\/#website\"},\"datePublished\":\"2012-04-17T15:56:50+00:00\",\"dateModified\":\"2025-07-23T10:27:39+00:00\",\"breadcrumb\":{\"@id\":\"https:\\\/\\\/www.allgeier.com\\\/de\\\/investor-relations\\\/adhoc-announcements\\\/allgeier-holding-ag-aufsichtsrat-stellt-jahresabschluss-fest-und-schlaegt-dividende-vor-7\\\/#breadcrumb\"},\"inLanguage\":\"de\",\"potentialAction\":[{\"@type\":\"ReadAction\",\"target\":[\"https:\\\/\\\/www.allgeier.com\\\/de\\\/investor-relations\\\/adhoc-announcements\\\/allgeier-holding-ag-aufsichtsrat-stellt-jahresabschluss-fest-und-schlaegt-dividende-vor-7\\\/\"]}]},{\"@type\":\"BreadcrumbList\",\"@id\":\"https:\\\/\\\/www.allgeier.com\\\/de\\\/investor-relations\\\/adhoc-announcements\\\/allgeier-holding-ag-aufsichtsrat-stellt-jahresabschluss-fest-und-schlaegt-dividende-vor-7\\\/#breadcrumb\",\"itemListElement\":[{\"@type\":\"ListItem\",\"position\":1,\"name\":\"Home\",\"item\":\"https:\\\/\\\/www.allgeier.com\\\/de\\\/\"},{\"@type\":\"ListItem\",\"position\":2,\"name\":\"Investor Relations\",\"item\":\"https:\\\/\\\/www.allgeier.com\\\/de\\\/investor-relations\\\/\"},{\"@type\":\"ListItem\",\"position\":3,\"name\":\"Ad hoc-Mitteilungen\",\"item\":\"https:\\\/\\\/www.allgeier.com\\\/de\\\/investor-relations\\\/adhoc-announcements\\\/\"},{\"@type\":\"ListItem\",\"position\":4,\"name\":\"Allgeier Holding AG: Aufsichtsrat stellt Jahresabschluss fest und schl\u00e4gt Dividende vor\"}]},{\"@type\":\"WebSite\",\"@id\":\"https:\\\/\\\/www.allgeier.com\\\/de\\\/#website\",\"url\":\"https:\\\/\\\/www.allgeier.com\\\/de\\\/\",\"name\":\"Allgeier SE\",\"description\":\"Software &amp; IT Services for digital transformation\",\"potentialAction\":[{\"@type\":\"SearchAction\",\"target\":{\"@type\":\"EntryPoint\",\"urlTemplate\":\"https:\\\/\\\/www.allgeier.com\\\/de\\\/?s={search_term_string}\"},\"query-input\":{\"@type\":\"PropertyValueSpecification\",\"valueRequired\":true,\"valueName\":\"search_term_string\"}}],\"inLanguage\":\"de\"}]}<\/script>\n<!-- \/ Yoast SEO plugin. -->","yoast_head_json":{"title":"Allgeier Holding AG: Aufsichtsrat stellt Jahresabschluss fest und schl\u00e4gt Dividende vor - Allgeier SE","robots":{"index":"index","follow":"follow","max-snippet":"max-snippet:-1","max-image-preview":"max-image-preview:large","max-video-preview":"max-video-preview:-1"},"canonical":"https:\/\/www.allgeier.com\/de\/investor-relations\/adhoc-announcements\/allgeier-holding-ag-aufsichtsrat-stellt-jahresabschluss-fest-und-schlaegt-dividende-vor-7\/","og_locale":"de_DE","og_type":"article","og_title":"Allgeier Holding AG: Aufsichtsrat stellt Jahresabschluss fest und schl\u00e4gt Dividende vor - Allgeier SE","og_description":"Der Aufsichtsrat der in M\u00fcnchen ans\u00e4ssigen Allgeier Holding AG (ISIN DE000508630 \/ WKN 508630), eines der f\u00fchrenden Unternehmen in der deutschen IT-Branche, hat in seiner Sitzung am 17. April 2012 den testierten Jahres- und Konzernabschluss der Allgeie","og_url":"https:\/\/www.allgeier.com\/de\/investor-relations\/adhoc-announcements\/allgeier-holding-ag-aufsichtsrat-stellt-jahresabschluss-fest-und-schlaegt-dividende-vor-7\/","og_site_name":"Allgeier SE","article_modified_time":"2025-07-23T10:27:39+00:00","twitter_card":"summary_large_image","twitter_misc":{"Gesch\u00e4tzte Lesezeit":"4\u00a0Minuten"},"schema":{"@context":"https:\/\/schema.org","@graph":[{"@type":"WebPage","@id":"https:\/\/www.allgeier.com\/de\/investor-relations\/adhoc-announcements\/allgeier-holding-ag-aufsichtsrat-stellt-jahresabschluss-fest-und-schlaegt-dividende-vor-7\/","url":"https:\/\/www.allgeier.com\/de\/investor-relations\/adhoc-announcements\/allgeier-holding-ag-aufsichtsrat-stellt-jahresabschluss-fest-und-schlaegt-dividende-vor-7\/","name":"Allgeier Holding AG: Aufsichtsrat stellt Jahresabschluss fest und schl\u00e4gt Dividende vor - Allgeier SE","isPartOf":{"@id":"https:\/\/www.allgeier.com\/de\/#website"},"datePublished":"2012-04-17T15:56:50+00:00","dateModified":"2025-07-23T10:27:39+00:00","breadcrumb":{"@id":"https:\/\/www.allgeier.com\/de\/investor-relations\/adhoc-announcements\/allgeier-holding-ag-aufsichtsrat-stellt-jahresabschluss-fest-und-schlaegt-dividende-vor-7\/#breadcrumb"},"inLanguage":"de","potentialAction":[{"@type":"ReadAction","target":["https:\/\/www.allgeier.com\/de\/investor-relations\/adhoc-announcements\/allgeier-holding-ag-aufsichtsrat-stellt-jahresabschluss-fest-und-schlaegt-dividende-vor-7\/"]}]},{"@type":"BreadcrumbList","@id":"https:\/\/www.allgeier.com\/de\/investor-relations\/adhoc-announcements\/allgeier-holding-ag-aufsichtsrat-stellt-jahresabschluss-fest-und-schlaegt-dividende-vor-7\/#breadcrumb","itemListElement":[{"@type":"ListItem","position":1,"name":"Home","item":"https:\/\/www.allgeier.com\/de\/"},{"@type":"ListItem","position":2,"name":"Investor Relations","item":"https:\/\/www.allgeier.com\/de\/investor-relations\/"},{"@type":"ListItem","position":3,"name":"Ad hoc-Mitteilungen","item":"https:\/\/www.allgeier.com\/de\/investor-relations\/adhoc-announcements\/"},{"@type":"ListItem","position":4,"name":"Allgeier Holding AG: Aufsichtsrat stellt Jahresabschluss fest und schl\u00e4gt Dividende vor"}]},{"@type":"WebSite","@id":"https:\/\/www.allgeier.com\/de\/#website","url":"https:\/\/www.allgeier.com\/de\/","name":"Allgeier SE","description":"Software &amp; IT Services for digital transformation","potentialAction":[{"@type":"SearchAction","target":{"@type":"EntryPoint","urlTemplate":"https:\/\/www.allgeier.com\/de\/?s={search_term_string}"},"query-input":{"@type":"PropertyValueSpecification","valueRequired":true,"valueName":"search_term_string"}}],"inLanguage":"de"}]}},"_links":{"self":[{"href":"https:\/\/www.allgeier.com\/de\/wp-json\/wp\/v2\/pages\/7126","targetHints":{"allow":["GET"]}}],"collection":[{"href":"https:\/\/www.allgeier.com\/de\/wp-json\/wp\/v2\/pages"}],"about":[{"href":"https:\/\/www.allgeier.com\/de\/wp-json\/wp\/v2\/types\/page"}],"author":[{"embeddable":true,"href":"https:\/\/www.allgeier.com\/de\/wp-json\/wp\/v2\/users\/4"}],"replies":[{"embeddable":true,"href":"https:\/\/www.allgeier.com\/de\/wp-json\/wp\/v2\/comments?post=7126"}],"version-history":[{"count":1,"href":"https:\/\/www.allgeier.com\/de\/wp-json\/wp\/v2\/pages\/7126\/revisions"}],"predecessor-version":[{"id":7129,"href":"https:\/\/www.allgeier.com\/de\/wp-json\/wp\/v2\/pages\/7126\/revisions\/7129"}],"up":[{"embeddable":true,"href":"https:\/\/www.allgeier.com\/de\/wp-json\/wp\/v2\/pages\/1155"}],"wp:attachment":[{"href":"https:\/\/www.allgeier.com\/de\/wp-json\/wp\/v2\/media?parent=7126"}],"wp:term":[{"taxonomy":"category","embeddable":true,"href":"https:\/\/www.allgeier.com\/de\/wp-json\/wp\/v2\/categories?post=7126"},{"taxonomy":"post_tag","embeddable":true,"href":"https:\/\/www.allgeier.com\/de\/wp-json\/wp\/v2\/tags?post=7126"}],"curies":[{"name":"wp","href":"https:\/\/api.w.org\/{rel}","templated":true}]}}