{"id":7131,"date":"2009-03-26T12:19:24","date_gmt":"2009-03-26T13:19:24","guid":{"rendered":"https:\/\/www.allgeier.com\/de\/?page_id=7131"},"modified":"2025-07-23T10:27:40","modified_gmt":"2025-07-23T10:27:40","slug":"allgeier-gruppe-teilt-vorlaeufige-geschaeftsergebnisse-2008-mit-3","status":"publish","type":"page","link":"https:\/\/www.allgeier.com\/de\/pressroom\/press-releases\/allgeier-gruppe-teilt-vorlaeufige-geschaeftsergebnisse-2008-mit-3\/","title":{"rendered":"Allgeier Gruppe teilt vorl\u00e4ufige Gesch\u00e4ftsergebnisse 2008 mit"},"content":{"rendered":"<p><b>Allgeier Holding AG \/ Jahresergebnis<\/b><\/p>\n<p>News, \u00fcbermittelt durch die DGAP &#8211; ein Unternehmen der EquityStory AG.<br \/>\nF\u00fcr den Inhalt der Mitteilung ist der Herausgeber verantwortlich.<br \/>\n&#8212;&#8212;&#8212;&#8212;&#8212;&#8212;&#8212;&#8212;&#8212;&#8212;&#8212;&#8212;&#8212;&#8212;&#8212;&#8212;&#8212;&#8212;&#8212;&#8212;&#8212;&#8212;&#8212;&#8212;&#8212;<\/p>\n<p>M\u00fcnchen, 26. M\u00e4rz 2009 &#8211; Die Allgeier Holding AG mit Sitz in M\u00fcnchen (ISIN<br \/>\nDE000508630\/ WKN 508630) blickt auf ein au\u00dferordentlich erfolgreiches<br \/>\nGesch\u00e4ftsjahr 2008 zur\u00fcck. Das Gesch\u00e4ftsjahr war von den folgenden<br \/>\nwesentlichen Faktoren gepr\u00e4gt:<\/p>\n<p>&#8211; Ver\u00e4u\u00dferung des Zeitarbeitsgesch\u00e4fts im Februar 2008, die<br \/>\neinerseits zu einer Fokussierung auf das IT Gesch\u00e4ft und Reduzierung der<br \/>\nGesamt-Konzerngr\u00f6\u00dfe und andererseits zu einem erheblichen<br \/>\nVer\u00e4u\u00dferungsgewinn vor Steuern von 82,6 Mio. EUR und einer Erh\u00f6hung der<br \/>\nKonzernliquidit\u00e4t per Ende 2008 auf 69,1 Mio. EUR f\u00fchrte<\/p>\n<p>&#8211; Starkes Wachstum von Umsatz und operativem Ergebnis des<br \/>\nfortgef\u00fchrten Gesch\u00e4ftsbereichs IT um 34% bzw. 40% aufgrund des organischen<br \/>\nWachstums<\/p>\n<p>&#8211; Akquisition von drei neuen Gruppenunternehmen.<\/p>\n<p>Deutliches Wachstum des fortgef\u00fchrten Gesch\u00e4ftsbereichs IT<\/p>\n<p>Allgeier setzt seinen Wachstumskurs auch nach dem Verkauf des<br \/>\nZeitarbeitsgesch\u00e4fts sowohl mit einem deutlich \u00fcber dem Branchenschnitt<br \/>\nliegenden organischen Wachstum als auch durch weitere Akquisitionen fort.<br \/>\nIm Laufe des Gesch\u00e4ftsjahres 2008 konnten die mittelst\u00e4ndischen<br \/>\nIT-Dienstleistungsunternehmen TOPjects AG, Ixtra AG und Next GmbH f\u00fcr die<br \/>\nAllgeier Gruppe gewonnen werden. Der Umsatz im fortgef\u00fchrten<br \/>\nGesch\u00e4ftsbereich IT stieg von 133,4 Mio. EUR im Vorjahr um ca. 34% auf<br \/>\n178,7 Mio. EUR per 31. Dezember 2008. In diesen IFRS Zahlen sind die<br \/>\nUmsatzanteile der in 2008 erworbenen Unternehmen zeitanteilig ab dem<br \/>\nErwerbszeitpunkt konsolidiert. In einer ProForma Betrachtung, unter<br \/>\nEinbezug der gesamten Jahresums\u00e4tze der in 2008 erworbenen Unternehmen,<br \/>\nbetrug der Jahresumsatz 223,5 Mio. EUR, was einem organischen Wachstum von<br \/>\nca. 24% entspricht.<\/p>\n<p>Das Ergebnis vor Zinsen, Steuern sowie Abschreibungen auf Firmenwerte und<br \/>\nKaufpreisallokationen (EBITA) nach IFRS des fortgef\u00fchrten Gesch\u00e4ftsbereichs<br \/>\nkonnte um rund 40% auf 10,9 Mio. EUR gesteigert werden (Vorjahr: 7,7 Mio.<br \/>\nEUR). Gem\u00e4\u00df der zur Beurteilung der tats\u00e4chlichen Ertragskraft wichtigen<br \/>\nProForma Betrachtung stieg das EBITA um 33,6% auf 14,7 Mio. EUR (Vorjahr:<br \/>\n11 Mio. EUR). Die EBITA-Marge der Gruppenunternehmen liegt trotz des<br \/>\nstarken Wachstums \u00fcber dem Vorjahreswert.<\/p>\n<p>Das Ergebnis vor Zinsen und Steuern (EBIT) nach IFRS des fortgef\u00fchrten<br \/>\nGesch\u00e4ftsbereichs betrug 3,1 Mio. EUR (Vorjahr: 4,8 Mio. EUR), das ProForma<br \/>\nEBIT betrug 6,9 Mio. EUR (Vorjahr: 8,1 Mio. EUR). Gegen\u00fcber dem Vorjahr ist<br \/>\ndas EBIT des fortgef\u00fchrten Gesch\u00e4ftsbereichs im Gesch\u00e4ftsjahr 2008 st\u00e4rker<br \/>\ndurch Abschreibungen auf die im Rahmen der Kaufpreisallokation aktivierten<br \/>\nVerm\u00f6gensgegenst\u00e4nde der akquirierten Gesellschaften und auf Firmenwerte<br \/>\nbelastet.<\/p>\n<p>Das Ergebnis vor Steuern (EBT) vor Ver\u00e4u\u00dferungsgewinn stieg von 3,1 Mio.<br \/>\nEUR im Vorjahr auf 4,0 Mio. EUR in 2008.<\/p>\n<p>Erheblicher Gewinn und Liquidit\u00e4tszufluss aus der Ver\u00e4u\u00dferung des<br \/>\nZeitarbeitsgesch\u00e4fts<\/p>\n<p>Der Konzern erzielte bei der Ver\u00e4u\u00dferung des Zeitarbeitsgesch\u00e4fts<br \/>\neinschlie\u00dflich der vom K\u00e4ufer \u00fcbernommenen Forderungen und Schulden einen<br \/>\nKaufpreis von 111,4 Mio. EUR und ein Ver\u00e4u\u00dferungsergebnis vor Ertragsteuern<br \/>\nvon 82,6 Mio. EUR.<\/p>\n<p>Im Gesamtvergleich der Konzernzahlen 2008 mit 2007 ist zu beachten, dass in<br \/>\nden Konzernzahlen 2007 neben dem IT-Gesch\u00e4ft auch das ver\u00e4u\u00dferte<br \/>\nZeitarbeitsgesch\u00e4ft enthalten ist, dagegen die Konzernzahlen 2008 nur noch<br \/>\ndas fortgef\u00fchrte IT-Gesch\u00e4ft zeigen. Dieser Vergleich zeigt die mit der<br \/>\nFokussierung auf das IT-Gesch\u00e4ft einhergehende Reduzierung der<br \/>\nGesamt-Konzerngr\u00f6\u00dfe: Gem\u00e4\u00df den vorl\u00e4ufigen Konzernzahlen betrug der<br \/>\nKonzernumsatz per 31. Dezember 2008 nach IFRS 178,7 Mio. EUR (Vorjahr: 298<br \/>\nMio. EUR), das Ergebnis vor Zinsen, Steuern sowie Abschreibungen auf<br \/>\nFirmenwerte und Kaufpreisallokationen (EBITA) 10,9 Mio. EUR (Vorjahr: 21,2<br \/>\nMio. EUR). Das Ergebnis vor Zinsen und Steuern (EBIT) nach IFRS betrug per<br \/>\n31. Dezember 2008 3,1 Mio. EUR und einschlie\u00dflich Ver\u00e4u\u00dferungsgewinn 85,7<br \/>\nMio. EUR (Vorjahr: 15,7 Mio. EUR), das Konzernergebnis vor Steuern (EBT)<br \/>\nbetrug 4,0 Mio. EUR und einschlie\u00dflich Ver\u00e4u\u00dferungsgewinn 86,7 Mio. EUR<br \/>\n(Vorjahr: 11,2 Mio. EUR).<\/p>\n<p>Die liquiden Mittel erh\u00f6hten sich auf 69,1 Mio. EUR (Vorjahr: 26 Mio. EUR,<br \/>\ndavon 12,5 Mio. EUR im fortgef\u00fchrten Gesch\u00e4ftsbereich). Die langfristigen<br \/>\nund kurzfristigen verzinslichen Darlehen im Konzern verringerten sich zum<br \/>\n31. Dezember 2008 auf 15,6 Mio. EUR (Vorjahr: 63,9 Mio. EUR, davon 17,4<br \/>\nMio. EUR im fortgef\u00fchrten Gesch\u00e4ftsbereich). Das Eigenkapital des Konzerns<br \/>\nper 31. Dezember 2008 betrug 82,0 Mio. EUR (Vorjahr: 22,7 Mio. EUR).<\/p>\n<p>Insgesamt besch\u00e4ftigte die Allgeier Gruppe zum Jahresende 831 Mitarbeiter<br \/>\nund 1.331 freiberuflich t\u00e4tige Experten.<\/p>\n<p>Alle vorstehend genannten Zahlen sind vorl\u00e4ufig und vom Wirtschaftspr\u00fcfer<br \/>\nnoch nicht testiert.<\/p>\n<p>Kontakt:<br \/>\nAllgeier Holding AG<br \/>\nVorstand<br \/>\nWehrlestr. 12<br \/>\n81679 M\u00fcnchen<br \/>\nTel. 089-998421-0<br \/>\nFax  089-998421-11<br \/>\nwww.allgeier.com<\/p>\n<p>Kurzprofil Allgeier Holding AG:<br \/>\nDie Allgeier Holding AG ist eine Dienstleistungsgruppe, die sich auf den<br \/>\nwachsenden Markt f\u00fcr Dienstleistungen zur Flexibilisierung von Arbeits- und<br \/>\nKostenstrukturen fokussiert. Nach dem Verkauf der Zeitarbeitseinheit<br \/>\nkonzentriert sich Allgeier auf den stark wachsenden Markt f\u00fcr IT-Services<br \/>\nsowie auf angrenzende Dienstleistungsgesch\u00e4fte. Die IT-Service<br \/>\nGesellschaften unterst\u00fctzen Kunden bei der Umsetzung von Innovationen, der<br \/>\nVerbesserung des Informationsflusses und der Optimierung von<br \/>\nGesch\u00e4ftsprozessen und der Bereitstellung von flexiblen IT-Experten. Die<br \/>\nUnternehmen innerhalb von Allgeier arbeiten eigenst\u00e4ndig mit allen<br \/>\nVorteilen mittelst\u00e4ndischer Flexibilit\u00e4t, Schnelligkeit,<br \/>\nServiceorientierung und Innovations\u00ackraft. Unter dem Dach von Allgeier<br \/>\nverbinden sich diese Vorteile mit der Nutzung von Synergien, der Sicherheit<br \/>\nund der Schlagkraft einer f\u00fchrenden b\u00f6rsennotierten Unternehmensgruppe.<br \/>\nDurch ein breites Service-Leistungsspektrum sowie geb\u00fcndelte Kompetenz und<br \/>\nGr\u00f6\u00dfe werden nachhaltig steigende Werte f\u00fcr Kunden und Investoren<br \/>\ngeschaffen. Die Allgeier-Gruppe besch\u00e4ftigt zurzeit 831 Mitarbeiter und<br \/>\n1.331 freiberuflich t\u00e4tige Experten und kann auf eine breite Kundenstruktur<br \/>\nquer durch alle deutschen Industrien verweisen. Die Allgeier Holding AG ist<br \/>\nam regulierten Markt der Frankfurter B\u00f6rse im Segment General Standard<br \/>\nnotiert (WKN 508630\/ISIN DE000508630). Weitere Informationen unter:<br \/>\nwww.allgeier.com.<\/p>\n<p>26.03.2009  Finanznachrichten \u00fcbermittelt durch die DGAP<br \/>\n&#8212;&#8212;&#8212;&#8212;&#8212;&#8212;&#8212;&#8212;&#8212;&#8212;&#8212;&#8212;&#8212;&#8212;&#8212;&#8212;&#8212;&#8212;&#8212;&#8212;&#8212;&#8212;&#8212;&#8212;&#8212;<\/p>\n<p>Sprache:      Deutsch<br \/>\nEmittent:     Allgeier Holding AG<br \/>\n              Wehrlestrasse 12<br \/>\n              81679 M\u00fcnchen<br \/>\n              Deutschland<br \/>\nTelefon:      +49 (0)89 998 421-0<br \/>\nFax:          +49 (0)89 998 421-11<br \/>\nE-Mail:       info@allgeier.com<br \/>\nInternet:     www.allgeier-holding.com<br \/>\nISIN:         DE0005086300<br \/>\nWKN:          508630<br \/>\nIndizes:      CDAX<br \/>\nB\u00f6rsen:       Regulierter Markt in Frankfurt (General Standard);<br \/>\n              Freiverkehr in Berlin, Stuttgart, Hamburg, D\u00fcsseldorf<\/p>\n<p>Ende der Mitteilung                             DGAP News-Service<\/p>\n<p>&#8212;&#8212;&#8212;&#8212;&#8212;&#8212;&#8212;&#8212;&#8212;&#8212;&#8212;&#8212;&#8212;&#8212;&#8212;&#8212;&#8212;&#8212;&#8212;&#8212;&#8212;&#8212;&#8212;&#8212;&#8212;<\/p>\n","protected":false},"excerpt":{"rendered":"<p>M\u00fcnchen, 26. M\u00e4rz 2009 &#8211; Die Allgeier Holding AG mit Sitz in M\u00fcnchen (ISIN DE000508630\/ WKN 508630) blickt auf ein au\u00dferordentlich erfolgreiches Gesch\u00e4ftsjahr 2008 zur\u00fcck. Das Gesch\u00e4ftsjahr war von den folgenden wesentlichen Faktoren gepr\u00e4gt: &#8211; Ver\u00e4u\u00dferung des Zeitarbeitsgesch\u00e4fts im Februar 2008, die<\/p>\n","protected":false},"author":4,"featured_media":0,"parent":1169,"menu_order":0,"comment_status":"close","ping_status":"closed","template":"","meta":{"_acf_changed":false,"footnotes":""},"categories":[],"tags":[],"class_list":["post-7131","page","type-page","status-publish","hentry"],"acf":[],"yoast_head":"<!-- This site is optimized with the Yoast SEO plugin v27.4 - https:\/\/yoast.com\/product\/yoast-seo-wordpress\/ -->\n<title>Allgeier Gruppe teilt vorl\u00e4ufige Gesch\u00e4ftsergebnisse 2008 mit - Allgeier SE<\/title>\n<meta name=\"robots\" content=\"index, follow, max-snippet:-1, max-image-preview:large, max-video-preview:-1\" \/>\n<link rel=\"canonical\" href=\"https:\/\/www.allgeier.com\/de\/pressroom\/press-releases\/allgeier-gruppe-teilt-vorlaeufige-geschaeftsergebnisse-2008-mit-3\/\" \/>\n<meta property=\"og:locale\" content=\"de_DE\" \/>\n<meta property=\"og:type\" content=\"article\" \/>\n<meta property=\"og:title\" content=\"Allgeier Gruppe teilt vorl\u00e4ufige Gesch\u00e4ftsergebnisse 2008 mit - Allgeier SE\" \/>\n<meta property=\"og:description\" content=\"M\u00fcnchen, 26. M\u00e4rz 2009 - Die Allgeier Holding AG mit Sitz in M\u00fcnchen (ISIN DE000508630\/ WKN 508630) blickt auf ein au\u00dferordentlich erfolgreiches Gesch\u00e4ftsjahr 2008 zur\u00fcck. Das Gesch\u00e4ftsjahr war von den folgenden wesentlichen Faktoren gepr\u00e4gt: - Ver\u00e4u\u00dferung des Zeitarbeitsgesch\u00e4fts im Februar 2008, die\" \/>\n<meta property=\"og:url\" content=\"https:\/\/www.allgeier.com\/de\/pressroom\/press-releases\/allgeier-gruppe-teilt-vorlaeufige-geschaeftsergebnisse-2008-mit-3\/\" \/>\n<meta property=\"og:site_name\" content=\"Allgeier SE\" \/>\n<meta property=\"article:modified_time\" content=\"2025-07-23T10:27:40+00:00\" \/>\n<meta name=\"twitter:card\" content=\"summary_large_image\" \/>\n<meta name=\"twitter:label1\" content=\"Gesch\u00e4tzte Lesezeit\" \/>\n\t<meta name=\"twitter:data1\" content=\"5\u00a0Minuten\" \/>\n<script type=\"application\/ld+json\" class=\"yoast-schema-graph\">{\"@context\":\"https:\\\/\\\/schema.org\",\"@graph\":[{\"@type\":\"WebPage\",\"@id\":\"https:\\\/\\\/www.allgeier.com\\\/de\\\/pressroom\\\/press-releases\\\/allgeier-gruppe-teilt-vorlaeufige-geschaeftsergebnisse-2008-mit-3\\\/\",\"url\":\"https:\\\/\\\/www.allgeier.com\\\/de\\\/pressroom\\\/press-releases\\\/allgeier-gruppe-teilt-vorlaeufige-geschaeftsergebnisse-2008-mit-3\\\/\",\"name\":\"Allgeier Gruppe teilt vorl\u00e4ufige Gesch\u00e4ftsergebnisse 2008 mit - Allgeier SE\",\"isPartOf\":{\"@id\":\"https:\\\/\\\/www.allgeier.com\\\/de\\\/#website\"},\"datePublished\":\"2009-03-26T13:19:24+00:00\",\"dateModified\":\"2025-07-23T10:27:40+00:00\",\"breadcrumb\":{\"@id\":\"https:\\\/\\\/www.allgeier.com\\\/de\\\/pressroom\\\/press-releases\\\/allgeier-gruppe-teilt-vorlaeufige-geschaeftsergebnisse-2008-mit-3\\\/#breadcrumb\"},\"inLanguage\":\"de\",\"potentialAction\":[{\"@type\":\"ReadAction\",\"target\":[\"https:\\\/\\\/www.allgeier.com\\\/de\\\/pressroom\\\/press-releases\\\/allgeier-gruppe-teilt-vorlaeufige-geschaeftsergebnisse-2008-mit-3\\\/\"]}]},{\"@type\":\"BreadcrumbList\",\"@id\":\"https:\\\/\\\/www.allgeier.com\\\/de\\\/pressroom\\\/press-releases\\\/allgeier-gruppe-teilt-vorlaeufige-geschaeftsergebnisse-2008-mit-3\\\/#breadcrumb\",\"itemListElement\":[{\"@type\":\"ListItem\",\"position\":1,\"name\":\"Home\",\"item\":\"https:\\\/\\\/www.allgeier.com\\\/de\\\/\"},{\"@type\":\"ListItem\",\"position\":2,\"name\":\"Presse\",\"item\":\"https:\\\/\\\/www.allgeier.com\\\/de\\\/pressroom\\\/\"},{\"@type\":\"ListItem\",\"position\":3,\"name\":\"Pressemitteilungen\",\"item\":\"https:\\\/\\\/www.allgeier.com\\\/de\\\/pressroom\\\/press-releases\\\/\"},{\"@type\":\"ListItem\",\"position\":4,\"name\":\"Allgeier Gruppe teilt vorl\u00e4ufige Gesch\u00e4ftsergebnisse 2008 mit\"}]},{\"@type\":\"WebSite\",\"@id\":\"https:\\\/\\\/www.allgeier.com\\\/de\\\/#website\",\"url\":\"https:\\\/\\\/www.allgeier.com\\\/de\\\/\",\"name\":\"Allgeier SE\",\"description\":\"Software &amp; IT Services for digital transformation\",\"potentialAction\":[{\"@type\":\"SearchAction\",\"target\":{\"@type\":\"EntryPoint\",\"urlTemplate\":\"https:\\\/\\\/www.allgeier.com\\\/de\\\/?s={search_term_string}\"},\"query-input\":{\"@type\":\"PropertyValueSpecification\",\"valueRequired\":true,\"valueName\":\"search_term_string\"}}],\"inLanguage\":\"de\"}]}<\/script>\n<!-- \/ Yoast SEO plugin. -->","yoast_head_json":{"title":"Allgeier Gruppe teilt vorl\u00e4ufige Gesch\u00e4ftsergebnisse 2008 mit - Allgeier SE","robots":{"index":"index","follow":"follow","max-snippet":"max-snippet:-1","max-image-preview":"max-image-preview:large","max-video-preview":"max-video-preview:-1"},"canonical":"https:\/\/www.allgeier.com\/de\/pressroom\/press-releases\/allgeier-gruppe-teilt-vorlaeufige-geschaeftsergebnisse-2008-mit-3\/","og_locale":"de_DE","og_type":"article","og_title":"Allgeier Gruppe teilt vorl\u00e4ufige Gesch\u00e4ftsergebnisse 2008 mit - Allgeier SE","og_description":"M\u00fcnchen, 26. M\u00e4rz 2009 - Die Allgeier Holding AG mit Sitz in M\u00fcnchen (ISIN DE000508630\/ WKN 508630) blickt auf ein au\u00dferordentlich erfolgreiches Gesch\u00e4ftsjahr 2008 zur\u00fcck. Das Gesch\u00e4ftsjahr war von den folgenden wesentlichen Faktoren gepr\u00e4gt: - Ver\u00e4u\u00dferung des Zeitarbeitsgesch\u00e4fts im Februar 2008, die","og_url":"https:\/\/www.allgeier.com\/de\/pressroom\/press-releases\/allgeier-gruppe-teilt-vorlaeufige-geschaeftsergebnisse-2008-mit-3\/","og_site_name":"Allgeier SE","article_modified_time":"2025-07-23T10:27:40+00:00","twitter_card":"summary_large_image","twitter_misc":{"Gesch\u00e4tzte Lesezeit":"5\u00a0Minuten"},"schema":{"@context":"https:\/\/schema.org","@graph":[{"@type":"WebPage","@id":"https:\/\/www.allgeier.com\/de\/pressroom\/press-releases\/allgeier-gruppe-teilt-vorlaeufige-geschaeftsergebnisse-2008-mit-3\/","url":"https:\/\/www.allgeier.com\/de\/pressroom\/press-releases\/allgeier-gruppe-teilt-vorlaeufige-geschaeftsergebnisse-2008-mit-3\/","name":"Allgeier Gruppe teilt vorl\u00e4ufige Gesch\u00e4ftsergebnisse 2008 mit - Allgeier SE","isPartOf":{"@id":"https:\/\/www.allgeier.com\/de\/#website"},"datePublished":"2009-03-26T13:19:24+00:00","dateModified":"2025-07-23T10:27:40+00:00","breadcrumb":{"@id":"https:\/\/www.allgeier.com\/de\/pressroom\/press-releases\/allgeier-gruppe-teilt-vorlaeufige-geschaeftsergebnisse-2008-mit-3\/#breadcrumb"},"inLanguage":"de","potentialAction":[{"@type":"ReadAction","target":["https:\/\/www.allgeier.com\/de\/pressroom\/press-releases\/allgeier-gruppe-teilt-vorlaeufige-geschaeftsergebnisse-2008-mit-3\/"]}]},{"@type":"BreadcrumbList","@id":"https:\/\/www.allgeier.com\/de\/pressroom\/press-releases\/allgeier-gruppe-teilt-vorlaeufige-geschaeftsergebnisse-2008-mit-3\/#breadcrumb","itemListElement":[{"@type":"ListItem","position":1,"name":"Home","item":"https:\/\/www.allgeier.com\/de\/"},{"@type":"ListItem","position":2,"name":"Presse","item":"https:\/\/www.allgeier.com\/de\/pressroom\/"},{"@type":"ListItem","position":3,"name":"Pressemitteilungen","item":"https:\/\/www.allgeier.com\/de\/pressroom\/press-releases\/"},{"@type":"ListItem","position":4,"name":"Allgeier Gruppe teilt vorl\u00e4ufige Gesch\u00e4ftsergebnisse 2008 mit"}]},{"@type":"WebSite","@id":"https:\/\/www.allgeier.com\/de\/#website","url":"https:\/\/www.allgeier.com\/de\/","name":"Allgeier SE","description":"Software &amp; IT Services for digital transformation","potentialAction":[{"@type":"SearchAction","target":{"@type":"EntryPoint","urlTemplate":"https:\/\/www.allgeier.com\/de\/?s={search_term_string}"},"query-input":{"@type":"PropertyValueSpecification","valueRequired":true,"valueName":"search_term_string"}}],"inLanguage":"de"}]}},"_links":{"self":[{"href":"https:\/\/www.allgeier.com\/de\/wp-json\/wp\/v2\/pages\/7131","targetHints":{"allow":["GET"]}}],"collection":[{"href":"https:\/\/www.allgeier.com\/de\/wp-json\/wp\/v2\/pages"}],"about":[{"href":"https:\/\/www.allgeier.com\/de\/wp-json\/wp\/v2\/types\/page"}],"author":[{"embeddable":true,"href":"https:\/\/www.allgeier.com\/de\/wp-json\/wp\/v2\/users\/4"}],"replies":[{"embeddable":true,"href":"https:\/\/www.allgeier.com\/de\/wp-json\/wp\/v2\/comments?post=7131"}],"version-history":[{"count":1,"href":"https:\/\/www.allgeier.com\/de\/wp-json\/wp\/v2\/pages\/7131\/revisions"}],"predecessor-version":[{"id":7134,"href":"https:\/\/www.allgeier.com\/de\/wp-json\/wp\/v2\/pages\/7131\/revisions\/7134"}],"up":[{"embeddable":true,"href":"https:\/\/www.allgeier.com\/de\/wp-json\/wp\/v2\/pages\/1169"}],"wp:attachment":[{"href":"https:\/\/www.allgeier.com\/de\/wp-json\/wp\/v2\/media?parent=7131"}],"wp:term":[{"taxonomy":"category","embeddable":true,"href":"https:\/\/www.allgeier.com\/de\/wp-json\/wp\/v2\/categories?post=7131"},{"taxonomy":"post_tag","embeddable":true,"href":"https:\/\/www.allgeier.com\/de\/wp-json\/wp\/v2\/tags?post=7131"}],"curies":[{"name":"wp","href":"https:\/\/api.w.org\/{rel}","templated":true}]}}