{"id":7132,"date":"2012-08-31T08:16:30","date_gmt":"2012-08-31T08:16:30","guid":{"rendered":"https:\/\/www.allgeier.com\/de\/?page_id=7132"},"modified":"2025-07-23T10:27:40","modified_gmt":"2025-07-23T10:27:40","slug":"allgeier-se-allgeier-waechst-im-ersten-halbjahr-2012-weiter-2","status":"publish","type":"page","link":"https:\/\/www.allgeier.com\/de\/investor-relations\/adhoc-announcements\/allgeier-se-allgeier-waechst-im-ersten-halbjahr-2012-weiter-2\/","title":{"rendered":"Allgeier SE: Allgeier w\u00e4chst im ersten Halbjahr 2012 weiter"},"content":{"rendered":"<p><b>ALLGEIER SE  \/ Schlagwort(e): Halbjahresergebnis<\/b><\/p>\n<p>31.08.2012 10:16<\/p>\n<p>Ver\u00f6ffentlichung einer Ad-hoc-Mitteilung nach \u00a7 15 WpHG, \u00fcbermittelt durch<br \/>\ndie DGAP &#8211; ein Unternehmen der EquityStory AG.<br \/>\nF\u00fcr den Inhalt der Mitteilung ist der Emittent verantwortlich.<\/p>\n<p>&#8212;&#8212;&#8212;&#8212;&#8212;&#8212;&#8212;&#8212;&#8212;&#8212;&#8212;&#8212;&#8212;&#8212;&#8212;&#8212;&#8212;&#8212;&#8212;&#8212;&#8212;&#8212;&#8212;&#8212;&#8212;<\/p>\n<p>M\u00fcnchen, 31.08.2012 &#8211; Die M\u00fcnchner Allgeier SE (ISIN DE0005086300, WKN<br \/>\n508630), eines der f\u00fchrenden Unternehmen der deutschen IT-Branche, konnte<br \/>\nim ersten Halbjahr 2012 (01. Januar 2012 bis 30. Juni 2012) die Ums\u00e4tze<br \/>\nweiter steigern und das bereits im ersten Halbjahr des Jahres 2011 gute<br \/>\nEBITDA \u00fcbertreffen. Der Konzern setzt damit sein Wachstum im ersten<br \/>\nHalbjahr 2012 fort.<\/p>\n<p>Der Umsatz stieg gegen\u00fcber dem ersten Halbjahr 2011 um 11,2 Prozent auf<br \/>\n190,1 Mio. Euro (Vorjahr: 171,0 Mio. Euro). Die Umsatzsteigerung wird durch<br \/>\noperatives Wachstum der \u00fcberwiegenden Zahl der seit l\u00e4ngerem dem Konzern<br \/>\nzugeh\u00f6rigen Gesellschaften wie auch durch die Unternehmensakquisitionen des<br \/>\nJahres 2011 und des ersten Quartals 2012 getragen. Das EBITDA konnte im<br \/>\nersten Halbjahr 2012 um 12,5 Prozent auf 9,9 Mio. Euro (Vorjahr: 8,8 Mio.<br \/>\nEuro) gesteigert werden. Das EBITA (Ergebnis vor Zinsen, Steuern und<br \/>\nAbschreibungen auf Kaufpreis-Allokationen sowie der ergebniswirksamen<br \/>\nAnpassung von Earnouts gem\u00e4\u00df IFRS) wuchs gegen\u00fcber dem Vorjahreszeitraum um<br \/>\n4,0 Prozent auf 7,8 Mio. Euro (1. Halbjahr 2011: 7,5 Mio. Euro). Dagegen<br \/>\nfiel das EBIT (Ergebnis vor Zinsen und Steuern) gegen\u00fcber dem Vorjahr um<br \/>\n36,5 Prozent auf 3,3 Mio. Euro (1. Halbjahr 2011: 5,2 Mio. Euro).<br \/>\nInsbesondere in der Ergebnisgr\u00f6\u00dfe EBIT zeigt sich der Einfluss der<br \/>\nAkquisitionst\u00e4tigkeit. Die Akquisitionen f\u00fchrten im ersten Halbjahr 2012<br \/>\nbilanziell zu einem deutlichen Anstieg der Regelabschreibungen auf<br \/>\nKaufpreis-Allokationen gem\u00e4\u00df IFRS (also Abschreibung der Auftragsbest\u00e4nde,<br \/>\nKundenst\u00e4mme, Produkte) um rund 2,2 Mio. Euro auf rund 4,5 Mio. Euro<br \/>\n(Vorjahr: 2,3 Mio. Euro). Die gestiegenen Abschreibungen basieren auf der<br \/>\nhohen Bewertung der Kundenstammbeziehungen der im Jahr 2011 erworbenen<br \/>\nGesellschaften, die \u00fcber eine gute Auftragssituation und eine gro\u00dfe Anzahl<br \/>\nvon Stammkundenbeziehungen verf\u00fcgen.<\/p>\n<p>In den Monaten Januar bis Juni 2012 wurde ein Cash Flow aus der<br \/>\nbetrieblichen T\u00e4tigkeit und vor Working Capital Ver\u00e4nderungen von 7,4 Mio.<br \/>\nEuro erzielt (Vorjahr: 6,2 Mio. Euro). Der Cash Flow aus der<br \/>\nFinanzierungst\u00e4tigkeit weist im ersten Halbjahr 2012 einen Nettozufluss von<br \/>\n42,8 Mio. Euro (Vorjahr: Abfluss 2,7 Mio. Euro) auf. Als wesentliche<br \/>\nEinzelposten sind im Cash Flow aus der Finanzierungst\u00e4tigkeit die Aufnahme<br \/>\ndes Schuldscheindarlehens in H\u00f6he von netto 69,0 Mio. Euro, Tilgung von<br \/>\nDarlehen in H\u00f6he von 19,1 Mio. Euro und die Dividende in H\u00f6he von 4,2 Mio.<br \/>\nEuro an die Aktion\u00e4re der Allgeier SE zu nennen. Die Bilanzsumme des<br \/>\nAllgeier Konzerns ist gegen\u00fcber dem 31. Dezember 2011 von 242,1 Mio. Euro<br \/>\num 46,6 Mio. Euro auf 288,7 Mio. Euro am 30. Juni 2012 gewachsen. Der<br \/>\nAllgeier Konzern verf\u00fcgt zum 30. Juni 2012 \u00fcber einen hohen Bestand an<br \/>\nliquiden Mitteln. Die liquiden Mittel stiegen im Wesentlichen aufgrund der<br \/>\nbeschriebenen Finanzierungsvorg\u00e4nge im ersten Halbjahr 2012 von 31,9 Mio.<br \/>\nEuro auf 71,7 Mio. Euro. Der Konzern beabsichtigt, diese Mittel f\u00fcr<br \/>\nweiteres Unternehmenswachstum und Akquisitionen von neuen<br \/>\nTochtergesellschaften einzusetzen.<\/p>\n<p>Die Allgeier SE sieht sich weiterhin gut ger\u00fcstet f\u00fcr das Gesamtjahr 2012.<br \/>\nIm ersten Halbjahr 2012 hat Allgeier das Portfolio mit kleineren<br \/>\nerg\u00e4nzenden Akquisitionen gezielt ausgebaut und Zukunftsthemen wie z.B.<br \/>\nBusiness Intelligence- und ERP-L\u00f6sungen weiter gest\u00e4rkt.<\/p>\n<p>Nach Abschluss des ersten Halbjahres, am 02. August 2012, hat sich Allgeier<br \/>\nmit dem Alleingesellschafter der tecops personal GmbH \u00fcber den Erwerb aller<br \/>\nAnteile der Gesellschaft geeinigt und entsprechende Vertr\u00e4ge geschlossen.<br \/>\nMit der Akquisition baut Allgeier das Leistungs- und Serviceportfolio sowie<br \/>\ndie Fl\u00e4chenabdeckung im Wachstumsmarkt f\u00fcr IT-Personaldienstleistungen<br \/>\nweiter aus. TECOPS verf\u00fcgt \u00fcber mehr als 20 Jahre Erfahrung in der<br \/>\n\u00dcberlassung und Vermittlung von Fachkr\u00e4ften und besch\u00e4ftigt derzeit 1.400<br \/>\nMitarbeiter an 12 Standorten. Im Jahr 2011 setzte das Unternehmen \u00fcber 50<br \/>\nMio. Euro um. F\u00fcr das Jahr 2012 plant die tecops personal GmbH weiteres<br \/>\nnachhaltiges Umsatz- und Ergebniswachstum.<\/p>\n<p>Der Halbjahresfinanzbericht 2012 der Allgeier SE wird am heutigen 31.<br \/>\nAugust 2012 ver\u00f6ffentlicht und ist unter www.allgeier.com einzusehen.<\/p>\n<p>Kontakt:<\/p>\n<p>Allgeier SE<br \/>\nDr. Christopher Gro\u00dfe<br \/>\nWehrlestra\u00dfe 12<br \/>\n81679 M\u00fcnchen<br \/>\nTel.: +49 (0)89\/998421-0<br \/>\nFax: +49 (0)89\/998421-11<br \/>\nE-Mail: ir@allgeier.com<br \/>\nWeb: www.allgeier.com<\/p>\n<p>Die Allgeier SE mit Sitz in M\u00fcnchen ist eine der f\u00fchrenden Beratungs- und<br \/>\nServicegesellschaften f\u00fcr IT-L\u00f6sungen und Dienstleistungen im<br \/>\ndeutschsprachigen Raum. Mit \u00fcber 2.600 angestellten Mitarbeitern und rund<br \/>\n1.500 freiberuflichen Experten bietet Allgeier ihren Kunden einen<br \/>\nKomplettservice-Ansatz von der Konzeption \u00fcber die Umsetzung bis hin zum<br \/>\nBetrieb von IT-Landschaften. 15 operative Unternehmenseinheiten, jede mit<br \/>\neinem fachlichen oder branchenbezogenen Schwerpunkt, arbeiten gemeinsam f\u00fcr<br \/>\n\u00fcber 2.000 Kunden aus nahezu allen Branchen. Allgeier verbindet die<br \/>\nServiceorientierung, Kundenn\u00e4he und Flexibilit\u00e4t schlagkr\u00e4ftiger<br \/>\nmittelst\u00e4ndischer Einheiten mit der Produktbreite, Gr\u00f6\u00dfe und Prozessst\u00e4rke<br \/>\neiner internationalen Gruppe. Die stark wachsende Gruppe verf\u00fcgt aktuell<br \/>\n\u00fcber mehr als 80 Niederlassungen im deutschsprachigen Raum, im \u00fcbrigen<br \/>\nEuropa sowie in Indien, Mexiko und den USA. 2011 erzielte Allgeier einen<br \/>\nUmsatz von 379 Mio. Euro. Die Gesellschaft ist am regulierten Markt der<br \/>\nFrankfurter Wertpapierb\u00f6rse im General Standard gelistet (WKN 508630\/ISIN<br \/>\nDE0005086300). Weitere Informationen unter: www.allgeier.com.<\/p>\n<p>31.08.2012 Die DGAP Distributionsservices umfassen gesetzliche<br \/>\nMeldepflichten, Corporate News\/Finanznachrichten und Pressemitteilungen.<br \/>\nDGAP-Medienarchive unter www.dgap-medientreff.de und www.dgap.de<\/p>\n<p>&#8212;&#8212;&#8212;&#8212;&#8212;&#8212;&#8212;&#8212;&#8212;&#8212;&#8212;&#8212;&#8212;&#8212;&#8212;&#8212;&#8212;&#8212;&#8212;&#8212;&#8212;&#8212;&#8212;&#8212;&#8212;<\/p>\n<p>Sprache:      Deutsch<br \/>\nUnternehmen:  ALLGEIER SE<br \/>\n              Wehrlestra\u00dfe 12<br \/>\n              81679 M\u00fcnchen<br \/>\n              Deutschland<br \/>\nTelefon:      +49 (0) 89 &#8211; 99 84 21 0<br \/>\nFax:          +49 (0) 89 &#8211; 99 84 21 11<br \/>\nE-Mail:       info@allgeier.com<br \/>\nInternet:     http:\/\/www.allgeier.com<br \/>\nISIN:         DE0005086300<br \/>\nWKN:          508630<br \/>\nIndizes:      CDAX<br \/>\nB\u00f6rsen:       Regulierter Markt in Frankfurt (General Standard);<br \/>\n              Freiverkehr in Berlin, D\u00fcsseldorf, Hamburg, Stuttgart<\/p>\n<p>Ende der Mitteilung                             DGAP News-Service<\/p>\n<p>&#8212;&#8212;&#8212;&#8212;&#8212;&#8212;&#8212;&#8212;&#8212;&#8212;&#8212;&#8212;&#8212;&#8212;&#8212;&#8212;&#8212;&#8212;&#8212;&#8212;&#8212;&#8212;&#8212;&#8212;&#8212;<\/p>\n","protected":false},"excerpt":{"rendered":"<p>M\u00fcnchen, 31.08.2012 &#8211; Die M\u00fcnchner Allgeier SE (ISIN DE0005086300, WKN 508630), eines der f\u00fchrenden Unternehmen der deutschen IT-Branche, konnte im ersten Halbjahr 2012 (01. Januar 2012 bis 30. Juni 2012) die Ums\u00e4tze weiter steigern und das bereits im erst<\/p>\n","protected":false},"author":4,"featured_media":0,"parent":1155,"menu_order":0,"comment_status":"close","ping_status":"closed","template":"","meta":{"_acf_changed":false,"footnotes":""},"categories":[],"tags":[],"class_list":["post-7132","page","type-page","status-publish","hentry"],"acf":[],"yoast_head":"<!-- This site is optimized with the Yoast SEO plugin v27.4 - https:\/\/yoast.com\/product\/yoast-seo-wordpress\/ -->\n<title>Allgeier SE: Allgeier w\u00e4chst im ersten Halbjahr 2012 weiter - Allgeier SE<\/title>\n<meta name=\"robots\" content=\"index, follow, max-snippet:-1, max-image-preview:large, max-video-preview:-1\" \/>\n<link rel=\"canonical\" href=\"https:\/\/www.allgeier.com\/de\/investor-relations\/adhoc-announcements\/allgeier-se-allgeier-waechst-im-ersten-halbjahr-2012-weiter-2\/\" \/>\n<meta property=\"og:locale\" content=\"de_DE\" \/>\n<meta property=\"og:type\" content=\"article\" \/>\n<meta property=\"og:title\" content=\"Allgeier SE: Allgeier w\u00e4chst im ersten Halbjahr 2012 weiter - Allgeier SE\" \/>\n<meta property=\"og:description\" content=\"M\u00fcnchen, 31.08.2012 - Die M\u00fcnchner Allgeier SE (ISIN DE0005086300, WKN 508630), eines der f\u00fchrenden Unternehmen der deutschen IT-Branche, konnte im ersten Halbjahr 2012 (01. Januar 2012 bis 30. Juni 2012) die Ums\u00e4tze weiter steigern und das bereits im erst\" \/>\n<meta property=\"og:url\" content=\"https:\/\/www.allgeier.com\/de\/investor-relations\/adhoc-announcements\/allgeier-se-allgeier-waechst-im-ersten-halbjahr-2012-weiter-2\/\" \/>\n<meta property=\"og:site_name\" content=\"Allgeier SE\" \/>\n<meta property=\"article:modified_time\" content=\"2025-07-23T10:27:40+00:00\" \/>\n<meta name=\"twitter:card\" content=\"summary_large_image\" \/>\n<meta name=\"twitter:label1\" content=\"Gesch\u00e4tzte Lesezeit\" \/>\n\t<meta name=\"twitter:data1\" content=\"4\u00a0Minuten\" \/>\n<script type=\"application\/ld+json\" class=\"yoast-schema-graph\">{\"@context\":\"https:\\\/\\\/schema.org\",\"@graph\":[{\"@type\":\"WebPage\",\"@id\":\"https:\\\/\\\/www.allgeier.com\\\/de\\\/investor-relations\\\/adhoc-announcements\\\/allgeier-se-allgeier-waechst-im-ersten-halbjahr-2012-weiter-2\\\/\",\"url\":\"https:\\\/\\\/www.allgeier.com\\\/de\\\/investor-relations\\\/adhoc-announcements\\\/allgeier-se-allgeier-waechst-im-ersten-halbjahr-2012-weiter-2\\\/\",\"name\":\"Allgeier SE: Allgeier w\u00e4chst im ersten Halbjahr 2012 weiter - Allgeier SE\",\"isPartOf\":{\"@id\":\"https:\\\/\\\/www.allgeier.com\\\/de\\\/#website\"},\"datePublished\":\"2012-08-31T08:16:30+00:00\",\"dateModified\":\"2025-07-23T10:27:40+00:00\",\"breadcrumb\":{\"@id\":\"https:\\\/\\\/www.allgeier.com\\\/de\\\/investor-relations\\\/adhoc-announcements\\\/allgeier-se-allgeier-waechst-im-ersten-halbjahr-2012-weiter-2\\\/#breadcrumb\"},\"inLanguage\":\"de\",\"potentialAction\":[{\"@type\":\"ReadAction\",\"target\":[\"https:\\\/\\\/www.allgeier.com\\\/de\\\/investor-relations\\\/adhoc-announcements\\\/allgeier-se-allgeier-waechst-im-ersten-halbjahr-2012-weiter-2\\\/\"]}]},{\"@type\":\"BreadcrumbList\",\"@id\":\"https:\\\/\\\/www.allgeier.com\\\/de\\\/investor-relations\\\/adhoc-announcements\\\/allgeier-se-allgeier-waechst-im-ersten-halbjahr-2012-weiter-2\\\/#breadcrumb\",\"itemListElement\":[{\"@type\":\"ListItem\",\"position\":1,\"name\":\"Home\",\"item\":\"https:\\\/\\\/www.allgeier.com\\\/de\\\/\"},{\"@type\":\"ListItem\",\"position\":2,\"name\":\"Investor Relations\",\"item\":\"https:\\\/\\\/www.allgeier.com\\\/de\\\/investor-relations\\\/\"},{\"@type\":\"ListItem\",\"position\":3,\"name\":\"Ad hoc-Mitteilungen\",\"item\":\"https:\\\/\\\/www.allgeier.com\\\/de\\\/investor-relations\\\/adhoc-announcements\\\/\"},{\"@type\":\"ListItem\",\"position\":4,\"name\":\"Allgeier SE: Allgeier w\u00e4chst im ersten Halbjahr 2012 weiter\"}]},{\"@type\":\"WebSite\",\"@id\":\"https:\\\/\\\/www.allgeier.com\\\/de\\\/#website\",\"url\":\"https:\\\/\\\/www.allgeier.com\\\/de\\\/\",\"name\":\"Allgeier SE\",\"description\":\"Software &amp; IT Services for digital transformation\",\"potentialAction\":[{\"@type\":\"SearchAction\",\"target\":{\"@type\":\"EntryPoint\",\"urlTemplate\":\"https:\\\/\\\/www.allgeier.com\\\/de\\\/?s={search_term_string}\"},\"query-input\":{\"@type\":\"PropertyValueSpecification\",\"valueRequired\":true,\"valueName\":\"search_term_string\"}}],\"inLanguage\":\"de\"}]}<\/script>\n<!-- \/ Yoast SEO plugin. -->","yoast_head_json":{"title":"Allgeier SE: Allgeier w\u00e4chst im ersten Halbjahr 2012 weiter - Allgeier SE","robots":{"index":"index","follow":"follow","max-snippet":"max-snippet:-1","max-image-preview":"max-image-preview:large","max-video-preview":"max-video-preview:-1"},"canonical":"https:\/\/www.allgeier.com\/de\/investor-relations\/adhoc-announcements\/allgeier-se-allgeier-waechst-im-ersten-halbjahr-2012-weiter-2\/","og_locale":"de_DE","og_type":"article","og_title":"Allgeier SE: Allgeier w\u00e4chst im ersten Halbjahr 2012 weiter - Allgeier SE","og_description":"M\u00fcnchen, 31.08.2012 - Die M\u00fcnchner Allgeier SE (ISIN DE0005086300, WKN 508630), eines der f\u00fchrenden Unternehmen der deutschen IT-Branche, konnte im ersten Halbjahr 2012 (01. Januar 2012 bis 30. Juni 2012) die Ums\u00e4tze weiter steigern und das bereits im erst","og_url":"https:\/\/www.allgeier.com\/de\/investor-relations\/adhoc-announcements\/allgeier-se-allgeier-waechst-im-ersten-halbjahr-2012-weiter-2\/","og_site_name":"Allgeier SE","article_modified_time":"2025-07-23T10:27:40+00:00","twitter_card":"summary_large_image","twitter_misc":{"Gesch\u00e4tzte Lesezeit":"4\u00a0Minuten"},"schema":{"@context":"https:\/\/schema.org","@graph":[{"@type":"WebPage","@id":"https:\/\/www.allgeier.com\/de\/investor-relations\/adhoc-announcements\/allgeier-se-allgeier-waechst-im-ersten-halbjahr-2012-weiter-2\/","url":"https:\/\/www.allgeier.com\/de\/investor-relations\/adhoc-announcements\/allgeier-se-allgeier-waechst-im-ersten-halbjahr-2012-weiter-2\/","name":"Allgeier SE: Allgeier w\u00e4chst im ersten Halbjahr 2012 weiter - Allgeier SE","isPartOf":{"@id":"https:\/\/www.allgeier.com\/de\/#website"},"datePublished":"2012-08-31T08:16:30+00:00","dateModified":"2025-07-23T10:27:40+00:00","breadcrumb":{"@id":"https:\/\/www.allgeier.com\/de\/investor-relations\/adhoc-announcements\/allgeier-se-allgeier-waechst-im-ersten-halbjahr-2012-weiter-2\/#breadcrumb"},"inLanguage":"de","potentialAction":[{"@type":"ReadAction","target":["https:\/\/www.allgeier.com\/de\/investor-relations\/adhoc-announcements\/allgeier-se-allgeier-waechst-im-ersten-halbjahr-2012-weiter-2\/"]}]},{"@type":"BreadcrumbList","@id":"https:\/\/www.allgeier.com\/de\/investor-relations\/adhoc-announcements\/allgeier-se-allgeier-waechst-im-ersten-halbjahr-2012-weiter-2\/#breadcrumb","itemListElement":[{"@type":"ListItem","position":1,"name":"Home","item":"https:\/\/www.allgeier.com\/de\/"},{"@type":"ListItem","position":2,"name":"Investor Relations","item":"https:\/\/www.allgeier.com\/de\/investor-relations\/"},{"@type":"ListItem","position":3,"name":"Ad hoc-Mitteilungen","item":"https:\/\/www.allgeier.com\/de\/investor-relations\/adhoc-announcements\/"},{"@type":"ListItem","position":4,"name":"Allgeier SE: Allgeier w\u00e4chst im ersten Halbjahr 2012 weiter"}]},{"@type":"WebSite","@id":"https:\/\/www.allgeier.com\/de\/#website","url":"https:\/\/www.allgeier.com\/de\/","name":"Allgeier SE","description":"Software &amp; IT Services for digital transformation","potentialAction":[{"@type":"SearchAction","target":{"@type":"EntryPoint","urlTemplate":"https:\/\/www.allgeier.com\/de\/?s={search_term_string}"},"query-input":{"@type":"PropertyValueSpecification","valueRequired":true,"valueName":"search_term_string"}}],"inLanguage":"de"}]}},"_links":{"self":[{"href":"https:\/\/www.allgeier.com\/de\/wp-json\/wp\/v2\/pages\/7132","targetHints":{"allow":["GET"]}}],"collection":[{"href":"https:\/\/www.allgeier.com\/de\/wp-json\/wp\/v2\/pages"}],"about":[{"href":"https:\/\/www.allgeier.com\/de\/wp-json\/wp\/v2\/types\/page"}],"author":[{"embeddable":true,"href":"https:\/\/www.allgeier.com\/de\/wp-json\/wp\/v2\/users\/4"}],"replies":[{"embeddable":true,"href":"https:\/\/www.allgeier.com\/de\/wp-json\/wp\/v2\/comments?post=7132"}],"version-history":[{"count":1,"href":"https:\/\/www.allgeier.com\/de\/wp-json\/wp\/v2\/pages\/7132\/revisions"}],"predecessor-version":[{"id":7135,"href":"https:\/\/www.allgeier.com\/de\/wp-json\/wp\/v2\/pages\/7132\/revisions\/7135"}],"up":[{"embeddable":true,"href":"https:\/\/www.allgeier.com\/de\/wp-json\/wp\/v2\/pages\/1155"}],"wp:attachment":[{"href":"https:\/\/www.allgeier.com\/de\/wp-json\/wp\/v2\/media?parent=7132"}],"wp:term":[{"taxonomy":"category","embeddable":true,"href":"https:\/\/www.allgeier.com\/de\/wp-json\/wp\/v2\/categories?post=7132"},{"taxonomy":"post_tag","embeddable":true,"href":"https:\/\/www.allgeier.com\/de\/wp-json\/wp\/v2\/tags?post=7132"}],"curies":[{"name":"wp","href":"https:\/\/api.w.org\/{rel}","templated":true}]}}