{"id":7138,"date":"2013-04-17T15:21:27","date_gmt":"2013-04-17T15:21:27","guid":{"rendered":"https:\/\/www.allgeier.com\/de\/?page_id=7138"},"modified":"2025-07-23T10:27:40","modified_gmt":"2025-07-23T10:27:40","slug":"allgeier-se-aufsichtsrat-stellt-jahresabschluss-fest-und-schlaegt-dividende-vor-3","status":"publish","type":"page","link":"https:\/\/www.allgeier.com\/de\/investor-relations\/adhoc-announcements\/allgeier-se-aufsichtsrat-stellt-jahresabschluss-fest-und-schlaegt-dividende-vor-3\/","title":{"rendered":"Allgeier SE: Aufsichtsrat stellt Jahresabschluss fest und schl\u00e4gt Dividende vor"},"content":{"rendered":"<p><b>ALLGEIER SE  \/ Schlagwort(e): Jahresergebnis<\/b><\/p>\n<p>17.04.2013 17:21<\/p>\n<p>Ver\u00f6ffentlichung einer Ad-hoc-Mitteilung nach \u00a7 15 WpHG, \u00fcbermittelt durch<br \/>\ndie DGAP &#8211; ein Unternehmen der EquityStory AG.<br \/>\nF\u00fcr den Inhalt der Mitteilung ist der Emittent verantwortlich.<\/p>\n<p>&#8212;&#8212;&#8212;&#8212;&#8212;&#8212;&#8212;&#8212;&#8212;&#8212;&#8212;&#8212;&#8212;&#8212;&#8212;&#8212;&#8212;&#8212;&#8212;&#8212;&#8212;&#8212;&#8212;&#8212;&#8212;<\/p>\n<p>M\u00fcnchen, 17.04.2013 &#8211; Der Aufsichtsrat der Allgeier SE (ISIN DE0005086300,<br \/>\nWKN 508630) hat in seiner Sitzung am 17. April 2013 den testierten Jahres-<br \/>\nund Konzernabschluss der Allgeier SE f\u00fcr das Gesch\u00e4ftsjahr 2012 gebilligt.<br \/>\nDer Jahresabschluss ist damit festgestellt. Die finalen Konzernzahlen<br \/>\nentsprechen den in der Ad hoc-Mitteilung vom 26. M\u00e4rz 2013 angek\u00fcndigten<br \/>\nvorl\u00e4ufigen Zahlen.<\/p>\n<p>Umsatz und Ergebnisentwicklung nach IFRS<\/p>\n<p>Allgeier SE verzeichnet auch im Gesch\u00e4ftsjahr 2012 (01. Januar 2012 bis 31.<br \/>\nDezember 2012) ein deutliches Wachstum. So stieg der Konzernumsatz nach<br \/>\nIFRS um 44,0 Mio. Euro auf 422,8 Mio. Euro (Vorjahr: 378,8 Mio. Euro), was<br \/>\neinem Wachstum von 12 Prozent entspricht. Das Konzern-EBITDA erh\u00f6hte sich<br \/>\num 3 Prozent auf 22,9 Mio. Euro (Vorjahr: 22,3 Mio. Euro). Das von den<br \/>\noperativen Gesch\u00e4ftsbereichen (vor Holding-Kosten) erwirtschaftete EBITDA<br \/>\nstieg um 17 Prozent auf 31,3 Mio. Euro (Vorjahr: 26,9 Mio. Euro). Das<br \/>\nKonzern-EBIT (Ergebnis vor Zinsen und Steuern) fiel mit 9,1 Mio. Euro<br \/>\nschw\u00e4cher aus als im Vorjahr (Vorjahr: 12,0 Mio. Euro). Das von den<br \/>\noperativen Gesch\u00e4ftsbereichen (vor Holding-Kosten) erwirtschaftete EBIT<br \/>\nstieg indes um 5 Prozent auf 17,5 Mio. Euro (Vorjahr: 16,6 Mio. Euro). Das<br \/>\nErgebnis des Gesch\u00e4ftsjahres 2012 ist durch au\u00dferordentliche Effekte in<br \/>\nH\u00f6he von 9,5 Mio. Euro beeinflusst (Vorjahr: 7,0 Mio. Euro). Den gr\u00f6\u00dften<br \/>\nEffekt stellen die durch die Akquisitionst\u00e4tigkeit bedingten Abschreibungen<br \/>\naufgrund der vorgenommenen Kaufpreis-Allokationen gem\u00e4\u00df IFRS (also<br \/>\nAbschreibung der Auftragsbest\u00e4nde, Kundenst\u00e4mme, Produkte) dar. Diese<br \/>\nstiegen um 2,3 Mio. Euro auf 9,5 Mio. Euro (Vorjahr: 7,2 Mio. Euro).<br \/>\nDer Allgeier Konzern konnte ferner au\u00dferhalb des fortgef\u00fchrten Gesch\u00e4fts<br \/>\naus dem in 2008 ver\u00e4u\u00dferten Gesch\u00e4ftsbereich Personal Services einen Ertrag<br \/>\nin H\u00f6he von 5,1 Mio. Euro vor Steuern aus der Bewertung der nachlaufenden<br \/>\nAnspr\u00fcche und Risiken realisieren. Zusammen mit dem Ergebnis vor Steuern<br \/>\naus dem fortgef\u00fchrten Gesch\u00e4ft in H\u00f6he von 6,1 Mio. Euro erzielte der<br \/>\nKonzern damit insgesamt ein Ergebnis vor Steuern in H\u00f6he von 11,3 Mio. Euro<br \/>\n(Vorjahr 9,5 Mio. Euro). Nach Abzug aller Ertragsteuern erreichte der<br \/>\nKonzern aus der Summe aus fortgef\u00fchrtem und ver\u00e4u\u00dfertem Gesch\u00e4ft ein<br \/>\ngegen\u00fcber dem Vorjahr um 3,5 Mio. Euro h\u00f6heres Periodenergebnis in H\u00f6he von<br \/>\n8,8 Mio. Euro (Vorjahr: 5,3 Mio. Euro).<br \/>\nDas Ergebnis je Aktie einschlie\u00dflich des ver\u00e4u\u00dferten Gesch\u00e4fts stieg um 92<br \/>\nProzent von 0,52 Euro in 2011 auf 1,00 Euro im Berichtsjahr. Das um die<br \/>\nAbschreibungen aus Akquisitionst\u00e4tigkeit und weitere zu bereinigende<br \/>\nEffekte mit au\u00dferordentlichem Charakter bereinigte Ergebnis je Aktie stieg<br \/>\num 46 Prozent auf 1,85 Euro (Vorjahr: 1,27 Euro).<\/p>\n<p>Eckdaten der Bilanz<\/p>\n<p>Das Eigenkapital stieg um 5,2 Mio. Euro auf 93,4 Mio. Euro zum 31. Dezember<br \/>\n2012 (Vorjahr: 88,2 Mio. Euro). Dem Allgeier Konzern standen zum 31.<br \/>\nDezember 2012 liquide Mittel von 38,9 Mio. Euro (Vorjahr: 31,9 Mio. Euro)<br \/>\nzur Verf\u00fcgung. Die kurz- und langfristigen Finanzschulden haben sich zum<br \/>\n31. Dezember 2012 auf 73,8 Mio. Euro erh\u00f6ht (Vorjahr (inkl.<br \/>\nGenussrechtsverbindlichkeiten): 41,4 Mio. Euro). Die Bilanzsumme erh\u00f6hte<br \/>\nsich auf 289,6 Mio. Euro (Vorjahr: 242,1 Mio. Euro). Wesentliche Faktoren<br \/>\nf\u00fcr die Ver\u00e4nderungen in der Konzernbilanz waren die im Gesch\u00e4ftsjahr<br \/>\nget\u00e4tigten Akquisitionen der tecops personal GmbH sowie f\u00fcnf weiterer<br \/>\nUnternehmen, das im Februar 2012 am Kapitalmarkt platzierte<br \/>\nSchuldscheindarlehen in H\u00f6he von netto 69,0 Mio. Euro und die Tilgung eines<br \/>\nbestehenden kurzfristigen Bankdarlehens in H\u00f6he von 19,0 Mio. Euro sowie<br \/>\ndie Abl\u00f6sung des On-Balance ABS-Programms von 10,6 Mio. Euro durch ein<br \/>\nOff-Balance Factoring von Kundenforderungen in der gleichen Gr\u00f6\u00dfenordnung.<\/p>\n<p>Gewinnverwendung<\/p>\n<p>Vorstand und Aufsichtsrat haben heute, am 17. April 2013, beschlossen, der<br \/>\nHauptversammlung vorzuschlagen, aus dem im Jahresabschluss der Allgeier SE<br \/>\nausgewiesenen Bilanzgewinn per 31. Dezember 2012 in H\u00f6he von 35.922.911,78<br \/>\nEUR eine Dividende in H\u00f6he von 0,50 EUR je Aktie an die Aktion\u00e4re<br \/>\nauszusch\u00fctten. Der verbleibende Bilanzgewinn soll auf neue Rechnung<br \/>\nvorgetragen werden.<\/p>\n<p>Ausblick<\/p>\n<p>Der Vorstand erwartet f\u00fcr das Gesch\u00e4ftsjahr 2013 f\u00fcr den Gesamtkonzern<br \/>\nerneut ein nachhaltiges Wachstum im Umsatz und im Ergebnis. Allgeier<br \/>\nbeabsichtigt mit einer angepassten Strategie auf das insgesamt positiv<br \/>\neingesch\u00e4tzte, aber sich weiter wandelnde Marktumfeld in der IT-Branche zu<br \/>\nreagieren. Die st\u00e4rkere B\u00fcndelung der Gesch\u00e4ftst\u00e4tigkeit in Divisionen als<br \/>\ngr\u00f6\u00dfere unternehmerische Einheiten und die Fokussierung der Divisionen auf<br \/>\n\u00fcberdurchschnittlich nachgefragte Leistungsangebote und zum Teil Megatrends<br \/>\nder Branche sollen dazu beitragen, dass Allgeier auch k\u00fcnftig<br \/>\n\u00fcberdurchschnittlich wachsen und die Chancen der fortschreitenden<br \/>\nKonsolidierung in der Branche nutzen kann. Dabei soll verst\u00e4rkt auf<br \/>\nprofitables Wachstum mit \u00fcberdurchschnittlicher Verbesserung der<br \/>\nErgebniskennzahlen geachtet werden.<\/p>\n<p>Der Gesch\u00e4ftsbericht 2012 wird am 26. April 2013 ver\u00f6ffentlicht und ist<br \/>\ndann unter www.allgeier.com einzusehen.<\/p>\n<p>Kontakt:<\/p>\n<p>Allgeier SE<br \/>\nDr. Christopher Gro\u00dfe<br \/>\nWehrlestra\u00dfe 12<br \/>\n81679 M\u00fcnchen<br \/>\nTel.: +49 (0)89\/998421-0<br \/>\nFax: +49 (0)89\/998421-11<br \/>\nE-Mail: ir@allgeier.com<br \/>\nWeb: www.allgeier.com<\/p>\n<p>Allgeier SE ist heute eines der f\u00fchrenden IT-Unternehmen f\u00fcr Business<br \/>\nPerformance: Mit einer konsequent auf Innovationen und Zukunftstrends<br \/>\nausgerichteten Wachstumsstrategie sowie einem integrativen<br \/>\nunternehmerischen Modell verbindet Allgeier die Vorteile eines<br \/>\ninternationalen Anbieters mit den Tugenden mittelst\u00e4ndischer Unternehmer.<br \/>\nSechs operative Divisionen mit individuellen fachlichen oder<br \/>\nbranchenbezogenen Schwerpunkten arbeiten gemeinsam in den drei Segmenten<br \/>\nSolutions, Experts und Projects f\u00fcr \u00fcber 2.000 Kunden aus nahezu allen<br \/>\nBranchen. Mit \u00fcber 4.200 angestellten Mitarbeitern und mehr als 1.500<br \/>\nfreiberuflichen IT-Experten bietet Allgeier den Kunden als One-Stop-Shop<br \/>\nein umfassendes L\u00f6sungs- und Leistungsportfolio. Zu den Kunden von Allgeier<br \/>\nz\u00e4hlen global arbeitende Konzerne genauso wie innovative mittelst\u00e4ndische<br \/>\nBetriebe, die sich durch intelligente IT strategische Vorteile sichern<br \/>\nwollen. Die stark wachsende Gruppe verf\u00fcgt \u00fcber mehr als 90 Niederlassungen<br \/>\nim deutschsprachigen Raum, im \u00fcbrigen Europa<br \/>\nsowie in Indien, Mexiko und den USA. 2012 erzielte Allgeier einen Umsatz<br \/>\nvon 423 Mio. Euro. Die Gesellschaft ist am Regulierten Markt der<br \/>\nFrankfurter Wertpapierb\u00f6rse im General Standard gelistet (WKN 508630\/ISIN<br \/>\nDE0005086300). Weitere Informationen unter: www.allgeier.com.<\/p>\n<p>17.04.2013 Die DGAP Distributionsservices umfassen gesetzliche<br \/>\nMeldepflichten, Corporate News\/Finanznachrichten und Pressemitteilungen.<br \/>\nDGAP-Medienarchive unter www.dgap-medientreff.de und www.dgap.de<\/p>\n<p>&#8212;&#8212;&#8212;&#8212;&#8212;&#8212;&#8212;&#8212;&#8212;&#8212;&#8212;&#8212;&#8212;&#8212;&#8212;&#8212;&#8212;&#8212;&#8212;&#8212;&#8212;&#8212;&#8212;&#8212;&#8212;<\/p>\n<p>Sprache:      Deutsch<br \/>\nUnternehmen:  ALLGEIER SE<br \/>\n              Wehrlestra\u00dfe 12<br \/>\n              81679 M\u00fcnchen<br \/>\n              Deutschland<br \/>\nTelefon:      +49 (0) 89 &#8211; 99 84 21 0<br \/>\nFax:          +49 (0) 89 &#8211; 99 84 21 11<br \/>\nE-Mail:       info@allgeier.com<br \/>\nInternet:     http:\/\/www.allgeier.com<br \/>\nISIN:         DE0005086300<br \/>\nWKN:          508630<br \/>\nIndizes:      CDAX<br \/>\nB\u00f6rsen:       Regulierter Markt in Frankfurt (General Standard);<br \/>\n              Freiverkehr in Berlin, D\u00fcsseldorf, Hamburg, Stuttgart<\/p>\n<p>Ende der Mitteilung                             DGAP News-Service<\/p>\n<p>&#8212;&#8212;&#8212;&#8212;&#8212;&#8212;&#8212;&#8212;&#8212;&#8212;&#8212;&#8212;&#8212;&#8212;&#8212;&#8212;&#8212;&#8212;&#8212;&#8212;&#8212;&#8212;&#8212;&#8212;&#8212;<\/p>\n","protected":false},"excerpt":{"rendered":"<p>M\u00fcnchen, 17.04.2013 &#8211; Der Aufsichtsrat der Allgeier SE (ISIN DE0005086300, WKN 508630) hat in seiner Sitzung am 17. April 2013 den testierten Jahres- und Konzernabschluss der Allgeier SE f\u00fcr das Gesch\u00e4ftsjahr 2012 gebilligt. Der Jahresabschluss ist damit festg<\/p>\n","protected":false},"author":4,"featured_media":0,"parent":1155,"menu_order":0,"comment_status":"close","ping_status":"closed","template":"","meta":{"_acf_changed":false,"footnotes":""},"categories":[],"tags":[],"class_list":["post-7138","page","type-page","status-publish","hentry"],"acf":[],"yoast_head":"<!-- This site is optimized with the Yoast SEO plugin v27.4 - https:\/\/yoast.com\/product\/yoast-seo-wordpress\/ -->\n<title>Allgeier SE: Aufsichtsrat stellt Jahresabschluss fest und schl\u00e4gt Dividende vor - Allgeier SE<\/title>\n<meta name=\"robots\" content=\"index, follow, max-snippet:-1, max-image-preview:large, max-video-preview:-1\" \/>\n<link rel=\"canonical\" href=\"https:\/\/www.allgeier.com\/de\/investor-relations\/adhoc-announcements\/allgeier-se-aufsichtsrat-stellt-jahresabschluss-fest-und-schlaegt-dividende-vor-3\/\" \/>\n<meta property=\"og:locale\" content=\"de_DE\" \/>\n<meta property=\"og:type\" content=\"article\" \/>\n<meta property=\"og:title\" content=\"Allgeier SE: Aufsichtsrat stellt Jahresabschluss fest und schl\u00e4gt Dividende vor - Allgeier SE\" \/>\n<meta property=\"og:description\" content=\"M\u00fcnchen, 17.04.2013 - Der Aufsichtsrat der Allgeier SE (ISIN DE0005086300, WKN 508630) hat in seiner Sitzung am 17. April 2013 den testierten Jahres- und Konzernabschluss der Allgeier SE f\u00fcr das Gesch\u00e4ftsjahr 2012 gebilligt. Der Jahresabschluss ist damit festg\" \/>\n<meta property=\"og:url\" content=\"https:\/\/www.allgeier.com\/de\/investor-relations\/adhoc-announcements\/allgeier-se-aufsichtsrat-stellt-jahresabschluss-fest-und-schlaegt-dividende-vor-3\/\" \/>\n<meta property=\"og:site_name\" content=\"Allgeier SE\" \/>\n<meta property=\"article:modified_time\" content=\"2025-07-23T10:27:40+00:00\" \/>\n<meta name=\"twitter:card\" content=\"summary_large_image\" \/>\n<meta name=\"twitter:label1\" content=\"Gesch\u00e4tzte Lesezeit\" \/>\n\t<meta name=\"twitter:data1\" content=\"5\u00a0Minuten\" \/>\n<script type=\"application\/ld+json\" class=\"yoast-schema-graph\">{\"@context\":\"https:\\\/\\\/schema.org\",\"@graph\":[{\"@type\":\"WebPage\",\"@id\":\"https:\\\/\\\/www.allgeier.com\\\/de\\\/investor-relations\\\/adhoc-announcements\\\/allgeier-se-aufsichtsrat-stellt-jahresabschluss-fest-und-schlaegt-dividende-vor-3\\\/\",\"url\":\"https:\\\/\\\/www.allgeier.com\\\/de\\\/investor-relations\\\/adhoc-announcements\\\/allgeier-se-aufsichtsrat-stellt-jahresabschluss-fest-und-schlaegt-dividende-vor-3\\\/\",\"name\":\"Allgeier SE: Aufsichtsrat stellt Jahresabschluss fest und schl\u00e4gt Dividende vor - Allgeier SE\",\"isPartOf\":{\"@id\":\"https:\\\/\\\/www.allgeier.com\\\/de\\\/#website\"},\"datePublished\":\"2013-04-17T15:21:27+00:00\",\"dateModified\":\"2025-07-23T10:27:40+00:00\",\"breadcrumb\":{\"@id\":\"https:\\\/\\\/www.allgeier.com\\\/de\\\/investor-relations\\\/adhoc-announcements\\\/allgeier-se-aufsichtsrat-stellt-jahresabschluss-fest-und-schlaegt-dividende-vor-3\\\/#breadcrumb\"},\"inLanguage\":\"de\",\"potentialAction\":[{\"@type\":\"ReadAction\",\"target\":[\"https:\\\/\\\/www.allgeier.com\\\/de\\\/investor-relations\\\/adhoc-announcements\\\/allgeier-se-aufsichtsrat-stellt-jahresabschluss-fest-und-schlaegt-dividende-vor-3\\\/\"]}]},{\"@type\":\"BreadcrumbList\",\"@id\":\"https:\\\/\\\/www.allgeier.com\\\/de\\\/investor-relations\\\/adhoc-announcements\\\/allgeier-se-aufsichtsrat-stellt-jahresabschluss-fest-und-schlaegt-dividende-vor-3\\\/#breadcrumb\",\"itemListElement\":[{\"@type\":\"ListItem\",\"position\":1,\"name\":\"Home\",\"item\":\"https:\\\/\\\/www.allgeier.com\\\/de\\\/\"},{\"@type\":\"ListItem\",\"position\":2,\"name\":\"Investor Relations\",\"item\":\"https:\\\/\\\/www.allgeier.com\\\/de\\\/investor-relations\\\/\"},{\"@type\":\"ListItem\",\"position\":3,\"name\":\"Ad hoc-Mitteilungen\",\"item\":\"https:\\\/\\\/www.allgeier.com\\\/de\\\/investor-relations\\\/adhoc-announcements\\\/\"},{\"@type\":\"ListItem\",\"position\":4,\"name\":\"Allgeier SE: Aufsichtsrat stellt Jahresabschluss fest und schl\u00e4gt Dividende vor\"}]},{\"@type\":\"WebSite\",\"@id\":\"https:\\\/\\\/www.allgeier.com\\\/de\\\/#website\",\"url\":\"https:\\\/\\\/www.allgeier.com\\\/de\\\/\",\"name\":\"Allgeier SE\",\"description\":\"Software &amp; IT Services for digital transformation\",\"potentialAction\":[{\"@type\":\"SearchAction\",\"target\":{\"@type\":\"EntryPoint\",\"urlTemplate\":\"https:\\\/\\\/www.allgeier.com\\\/de\\\/?s={search_term_string}\"},\"query-input\":{\"@type\":\"PropertyValueSpecification\",\"valueRequired\":true,\"valueName\":\"search_term_string\"}}],\"inLanguage\":\"de\"}]}<\/script>\n<!-- \/ Yoast SEO plugin. -->","yoast_head_json":{"title":"Allgeier SE: Aufsichtsrat stellt Jahresabschluss fest und schl\u00e4gt Dividende vor - Allgeier SE","robots":{"index":"index","follow":"follow","max-snippet":"max-snippet:-1","max-image-preview":"max-image-preview:large","max-video-preview":"max-video-preview:-1"},"canonical":"https:\/\/www.allgeier.com\/de\/investor-relations\/adhoc-announcements\/allgeier-se-aufsichtsrat-stellt-jahresabschluss-fest-und-schlaegt-dividende-vor-3\/","og_locale":"de_DE","og_type":"article","og_title":"Allgeier SE: Aufsichtsrat stellt Jahresabschluss fest und schl\u00e4gt Dividende vor - Allgeier SE","og_description":"M\u00fcnchen, 17.04.2013 - Der Aufsichtsrat der Allgeier SE (ISIN DE0005086300, WKN 508630) hat in seiner Sitzung am 17. April 2013 den testierten Jahres- und Konzernabschluss der Allgeier SE f\u00fcr das Gesch\u00e4ftsjahr 2012 gebilligt. Der Jahresabschluss ist damit festg","og_url":"https:\/\/www.allgeier.com\/de\/investor-relations\/adhoc-announcements\/allgeier-se-aufsichtsrat-stellt-jahresabschluss-fest-und-schlaegt-dividende-vor-3\/","og_site_name":"Allgeier SE","article_modified_time":"2025-07-23T10:27:40+00:00","twitter_card":"summary_large_image","twitter_misc":{"Gesch\u00e4tzte Lesezeit":"5\u00a0Minuten"},"schema":{"@context":"https:\/\/schema.org","@graph":[{"@type":"WebPage","@id":"https:\/\/www.allgeier.com\/de\/investor-relations\/adhoc-announcements\/allgeier-se-aufsichtsrat-stellt-jahresabschluss-fest-und-schlaegt-dividende-vor-3\/","url":"https:\/\/www.allgeier.com\/de\/investor-relations\/adhoc-announcements\/allgeier-se-aufsichtsrat-stellt-jahresabschluss-fest-und-schlaegt-dividende-vor-3\/","name":"Allgeier SE: Aufsichtsrat stellt Jahresabschluss fest und schl\u00e4gt Dividende vor - Allgeier SE","isPartOf":{"@id":"https:\/\/www.allgeier.com\/de\/#website"},"datePublished":"2013-04-17T15:21:27+00:00","dateModified":"2025-07-23T10:27:40+00:00","breadcrumb":{"@id":"https:\/\/www.allgeier.com\/de\/investor-relations\/adhoc-announcements\/allgeier-se-aufsichtsrat-stellt-jahresabschluss-fest-und-schlaegt-dividende-vor-3\/#breadcrumb"},"inLanguage":"de","potentialAction":[{"@type":"ReadAction","target":["https:\/\/www.allgeier.com\/de\/investor-relations\/adhoc-announcements\/allgeier-se-aufsichtsrat-stellt-jahresabschluss-fest-und-schlaegt-dividende-vor-3\/"]}]},{"@type":"BreadcrumbList","@id":"https:\/\/www.allgeier.com\/de\/investor-relations\/adhoc-announcements\/allgeier-se-aufsichtsrat-stellt-jahresabschluss-fest-und-schlaegt-dividende-vor-3\/#breadcrumb","itemListElement":[{"@type":"ListItem","position":1,"name":"Home","item":"https:\/\/www.allgeier.com\/de\/"},{"@type":"ListItem","position":2,"name":"Investor Relations","item":"https:\/\/www.allgeier.com\/de\/investor-relations\/"},{"@type":"ListItem","position":3,"name":"Ad hoc-Mitteilungen","item":"https:\/\/www.allgeier.com\/de\/investor-relations\/adhoc-announcements\/"},{"@type":"ListItem","position":4,"name":"Allgeier SE: Aufsichtsrat stellt Jahresabschluss fest und schl\u00e4gt Dividende vor"}]},{"@type":"WebSite","@id":"https:\/\/www.allgeier.com\/de\/#website","url":"https:\/\/www.allgeier.com\/de\/","name":"Allgeier SE","description":"Software &amp; IT Services for digital transformation","potentialAction":[{"@type":"SearchAction","target":{"@type":"EntryPoint","urlTemplate":"https:\/\/www.allgeier.com\/de\/?s={search_term_string}"},"query-input":{"@type":"PropertyValueSpecification","valueRequired":true,"valueName":"search_term_string"}}],"inLanguage":"de"}]}},"_links":{"self":[{"href":"https:\/\/www.allgeier.com\/de\/wp-json\/wp\/v2\/pages\/7138","targetHints":{"allow":["GET"]}}],"collection":[{"href":"https:\/\/www.allgeier.com\/de\/wp-json\/wp\/v2\/pages"}],"about":[{"href":"https:\/\/www.allgeier.com\/de\/wp-json\/wp\/v2\/types\/page"}],"author":[{"embeddable":true,"href":"https:\/\/www.allgeier.com\/de\/wp-json\/wp\/v2\/users\/4"}],"replies":[{"embeddable":true,"href":"https:\/\/www.allgeier.com\/de\/wp-json\/wp\/v2\/comments?post=7138"}],"version-history":[{"count":1,"href":"https:\/\/www.allgeier.com\/de\/wp-json\/wp\/v2\/pages\/7138\/revisions"}],"predecessor-version":[{"id":7140,"href":"https:\/\/www.allgeier.com\/de\/wp-json\/wp\/v2\/pages\/7138\/revisions\/7140"}],"up":[{"embeddable":true,"href":"https:\/\/www.allgeier.com\/de\/wp-json\/wp\/v2\/pages\/1155"}],"wp:attachment":[{"href":"https:\/\/www.allgeier.com\/de\/wp-json\/wp\/v2\/media?parent=7138"}],"wp:term":[{"taxonomy":"category","embeddable":true,"href":"https:\/\/www.allgeier.com\/de\/wp-json\/wp\/v2\/categories?post=7138"},{"taxonomy":"post_tag","embeddable":true,"href":"https:\/\/www.allgeier.com\/de\/wp-json\/wp\/v2\/tags?post=7138"}],"curies":[{"name":"wp","href":"https:\/\/api.w.org\/{rel}","templated":true}]}}