{"id":7141,"date":"2013-05-15T14:29:07","date_gmt":"2013-05-15T14:29:07","guid":{"rendered":"https:\/\/www.allgeier.com\/de\/?page_id=7141"},"modified":"2025-07-23T10:27:40","modified_gmt":"2025-07-23T10:27:40","slug":"allgeier-setzt-wachstumskurs-im-1-quartal-2013-fort-2","status":"publish","type":"page","link":"https:\/\/www.allgeier.com\/de\/investor-relations\/adhoc-announcements\/allgeier-setzt-wachstumskurs-im-1-quartal-2013-fort-2\/","title":{"rendered":"Allgeier setzt Wachstumskurs im 1. Quartal 2013 fort"},"content":{"rendered":"<p><b>ALLGEIER SE  \/ Schlagwort(e): Quartalsergebnis<\/b><\/p>\n<p>15.05.2013 16:29<\/p>\n<p>Ver\u00f6ffentlichung einer Ad-hoc-Mitteilung nach \u00a7 15 WpHG, \u00fcbermittelt durch<br \/>\ndie DGAP &#8211; ein Unternehmen der EquityStory AG.<br \/>\nF\u00fcr den Inhalt der Mitteilung ist der Emittent verantwortlich.<\/p>\n<p>&#8212;&#8212;&#8212;&#8212;&#8212;&#8212;&#8212;&#8212;&#8212;&#8212;&#8212;&#8212;&#8212;&#8212;&#8212;&#8212;&#8212;&#8212;&#8212;&#8212;&#8212;&#8212;&#8212;&#8212;&#8212;<\/p>\n<p>M\u00fcnchen, 15.05.2013 &#8211; Allgeier SE (ISIN DE0005086300, WKN 508630) konnte im<br \/>\nersten Quartal 2013 (01.01.2013 &#8211; 31.03.2013) den Umsatz weiter steigern,<br \/>\nblieb aber im Wesentlichen aufgrund eines nicht zahlungswirksamen<br \/>\nKursverlustes aus der Umrechnung einer langfristigen Dollar-Verbindlichkeit<br \/>\naus dem Erwerb der Nagarro unter dem sehr guten EBITDA des ersten Quartals<br \/>\n2012 zur\u00fcck. Der Allgeier Konzern setzt damit sein Wachstum im ersten<br \/>\nVierteljahr 2013 fort und kann seine Stellung im Wettbewerb weiter<br \/>\nfestigen.<\/p>\n<p>Der Umsatz stieg im ersten Quartal 2013 gegen\u00fcber den ersten drei Monaten<br \/>\ndes Jahres 2012 deutlich um 19 Prozent auf 110,2 Mio. Euro (Vorjahr: 92,7<br \/>\nMio. Euro). Die Umsatzsteigerung wird durch operatives Wachstum der<br \/>\n\u00fcberwiegenden Zahl der seit L\u00e4ngerem dem Konzern zugeh\u00f6rigen Gesellschaften<br \/>\nsowie durch die Unternehmensakquisitionen des Jahres 2012 getragen. Das<br \/>\nEBITDA blieb unter dem sehr guten Wert des Vergleichszeitraums 2012 zur\u00fcck<br \/>\nund sank auf 4,8 Mio. Euro (Vorjahr: 6,1 Mio. Euro). Diese Abweichung ist<br \/>\nim Wesentlichen auf W\u00e4hrungsdifferenzen aus der Umrechnung einer<br \/>\nlangfristigen Kaufpreisverbindlichkeit aus dem Erwerb der Nagarro-Gruppe im<br \/>\nJahr 2011 zur\u00fcckzuf\u00fchren. Aufgrund der Konstellation der Wechselkurse an<br \/>\nden Quartalsstichtagen resultiert daraus zu Lasten des ersten Quartals 2013<br \/>\nein Bewertungsunterschied in H\u00f6he von 1,1 Mio. Euro. Auch das EBIT<br \/>\n(Ergebnis vor Zinsen und Steuern) fiel dementsprechend gegen\u00fcber dem<br \/>\nVorjahr auf 1,8 Mio. Euro (Vorjahr: 2,8 Mio. Euro). Die Ergebnisgr\u00f6\u00dfe EBIT<br \/>\nist auch im Jahr 2013 durch hohe Regelabschreibungen auf<br \/>\nKaufpreis-Allokationen gem\u00e4\u00df IFRS (Abschreibung der Auftragsbest\u00e4nde,<br \/>\nKundenst\u00e4mme, Produkte) belastet, die den Gro\u00dfteil der Abschreibungen in<br \/>\nH\u00f6he von 3,1 Mio. Euro (Vorjahr: 3,3 Mio. Euro) ausmachen. Die weiterhin<br \/>\nhohen Abschreibungen basieren im Wesentlichen auf der nach IFRS zum<br \/>\nZeitpunkt der Erstkonsolidierung der erworbenen Gesellschaften erfolgten<br \/>\nBewertung von Kundenstammbeziehungen und erworbenen stillen Reserven in<br \/>\nProdukten und Entwicklungen.<\/p>\n<p>Der Allgeier Konzern verf\u00fcgt zum Stichtag 31. M\u00e4rz 2013 \u00fcber eine<br \/>\nunver\u00e4ndert solide Finanz- und Verm\u00f6genslage. Die Bilanzsumme ist weiter<br \/>\nangestiegen: Sie wuchs von 289,6 Mio. Euro am 31. Dezember 2012 leicht um<br \/>\n5,5 Mio. Euro auf 295,1 Mio. Euro am 31. M\u00e4rz 2013. Das Eigenkapital<br \/>\nerh\u00f6hte sich zum Bilanzstichtag leicht um 1,7 Mio. Euro auf 95,1 Mio. Euro<br \/>\n(31. Dezember 2012: 93,4 Mio. Euro). Der Cashflow aus der betrieblichen<br \/>\nT\u00e4tigkeit und vor Working Capital-Ver\u00e4nderungen lag in den ersten drei<br \/>\nMonaten des Jahres mit 5,3 Mio. Euro in etwa auf dem Niveau des<br \/>\nVergleichszeitraums des Vorjahres (Vorjahr: 6,0 Mio. Euro). Der Allgeier<br \/>\nKonzern verf\u00fcgt zum 31. M\u00e4rz 2013 weiterhin \u00fcber einen hohen Bestand an<br \/>\nliquiden Mitteln in H\u00f6he von 33,6 Mio. Euro (Stand 31. Dezember 2012: 38,9<br \/>\nMio. Euro). Der R\u00fcckgang der liquiden Mittel betrifft neben Auszahlungen im<br \/>\nRahmen der Investitionst\u00e4tigkeit im Wesentlichen den stichtagsbedingen<br \/>\nAnstieg des Working Capitals einschlie\u00dflich nicht ben\u00f6tigter Liquidit\u00e4t<br \/>\naufgrund eines geringeren Volumens an das Factoring verkaufter Forderungen.<\/p>\n<p>F\u00fcr das laufende Gesch\u00e4ftsjahr 2013 erwartet der Vorstand f\u00fcr den<br \/>\nGesamtkonzern ein nachhaltiges \u00fcberdurchschnittliches Wachstum im Umsatz im<br \/>\nunteren zweistelligen Prozentbereich und eine \u00fcberproportionale<br \/>\nErgebnissteigerung.<\/p>\n<p>Die Zwischenmitteilung zum ersten Quartal 2013 der Allgeier SE wird am<br \/>\nheutigen 15. Mai 2013 ver\u00f6ffentlicht und ist unter www.allgeier.com<br \/>\neinzusehen.<\/p>\n<p>Kontakt:<\/p>\n<p>Allgeier SE<br \/>\nCorporate Communications &amp; Investor Relations<br \/>\nDr. Christopher Gro\u00dfe<br \/>\nWehrlestra\u00dfe 12<br \/>\n81679 M\u00fcnchen<br \/>\nTel.: +49 (0)89\/998421-0<br \/>\nFax: +49 (0)89\/998421-11<br \/>\nE-Mail: ir@allgeier.com<br \/>\nWeb: www.allgeier.com<\/p>\n<p>Allgeier SE ist eines der f\u00fchrenden IT-Unternehmen f\u00fcr Business<br \/>\nPerformance: Mit einer konsequent auf Innovationen und Zukunftstrends<br \/>\nausgerichteten Wachstumsstrategie sowie einem integrativen<br \/>\nunternehmerischen Modell verbindet Allgeier die Vorteile eines<br \/>\ninternationalen Anbieters mit den Tugenden mittelst\u00e4ndischer Unternehmer.<br \/>\nSechs operative Divisionen mit individuellen fachlichen oder<br \/>\nbranchenbezogenen Schwerpunkten arbeiten gemeinsam in den drei Segmenten<br \/>\nSolutions\/Business Software, Experts und Software Development f\u00fcr \u00fcber<br \/>\n2.000 Kunden aus nahezu allen Branchen. Mit \u00fcber 4.200 angestellten<br \/>\nMitarbeitern und rund 1.500 freiberuflichen IT-Experten bietet Allgeier den<br \/>\nKunden als One-Stop-Shop ein umfassendes L\u00f6sungs- und Leistungsportfolio.<br \/>\nZu den Kunden von Allgeier z\u00e4hlen global arbeitende Konzerne genauso wie<br \/>\ninnovative mittelst\u00e4ndische Betriebe, die sich durch intelligente<br \/>\nIT-L\u00f6sungen und flexible Personaldienstleistungen strategische Vorteile<br \/>\nsichern wollen. Die stark wachsende Gruppe mit Hauptsitz in M\u00fcnchen verf\u00fcgt<br \/>\n\u00fcber mehr als 90 Niederlassungen im deutschsprachigen Raum, im \u00fcbrigen<br \/>\nEuropa sowie in Indien, Mexiko und den USA. 2012 erzielte Allgeier einen<br \/>\nUmsatz von 423 Mio. Euro. Die Gesellschaft ist am Regulierten Markt der<br \/>\nFrankfurter Wertpapierb\u00f6rse im General Standard gelistet (WKN 508630, ISIN<br \/>\nDE0005086300). Weitere Informationen unter: www.allgeier.com.<\/p>\n<p>15.05.2013 Die DGAP Distributionsservices umfassen gesetzliche<br \/>\nMeldepflichten, Corporate News\/Finanznachrichten und Pressemitteilungen.<br \/>\nDGAP-Medienarchive unter www.dgap-medientreff.de und www.dgap.de<\/p>\n<p>&#8212;&#8212;&#8212;&#8212;&#8212;&#8212;&#8212;&#8212;&#8212;&#8212;&#8212;&#8212;&#8212;&#8212;&#8212;&#8212;&#8212;&#8212;&#8212;&#8212;&#8212;&#8212;&#8212;&#8212;&#8212;<\/p>\n<p>Sprache:      Deutsch<br \/>\nUnternehmen:  ALLGEIER SE<br \/>\n              Wehrlestra\u00dfe 12<br \/>\n              81679 M\u00fcnchen<br \/>\n              Deutschland<br \/>\nTelefon:      +49 (0) 89 &#8211; 99 84 21 0<br \/>\nFax:          +49 (0) 89 &#8211; 99 84 21 11<br \/>\nE-Mail:       info@allgeier.com<br \/>\nInternet:     http:\/\/www.allgeier.com<br \/>\nISIN:         DE0005086300<br \/>\nWKN:          508630<br \/>\nIndizes:      CDAX<br \/>\nB\u00f6rsen:       Regulierter Markt in Frankfurt (General Standard);<br \/>\n              Freiverkehr in Berlin, D\u00fcsseldorf, Hamburg, Stuttgart<\/p>\n<p>Ende der Mitteilung                             DGAP News-Service<\/p>\n<p>&#8212;&#8212;&#8212;&#8212;&#8212;&#8212;&#8212;&#8212;&#8212;&#8212;&#8212;&#8212;&#8212;&#8212;&#8212;&#8212;&#8212;&#8212;&#8212;&#8212;&#8212;&#8212;&#8212;&#8212;&#8212;<\/p>\n","protected":false},"excerpt":{"rendered":"<p>M\u00fcnchen, 15.05.2013 &#8211; Allgeier SE (ISIN DE0005086300, WKN 508630) konnte im ersten Quartal 2013 (01.01.2013 &#8211; 31.03.2013) den Umsatz weiter steigern, blieb aber im Wesentlichen aufgrund eines nicht zahlungswirksamen Kursverlustes aus der Umrechnung einer lan<\/p>\n","protected":false},"author":4,"featured_media":0,"parent":1155,"menu_order":0,"comment_status":"close","ping_status":"closed","template":"","meta":{"_acf_changed":false,"footnotes":""},"categories":[],"tags":[],"class_list":["post-7141","page","type-page","status-publish","hentry"],"acf":[],"yoast_head":"<!-- This site is optimized with the Yoast SEO plugin v27.4 - https:\/\/yoast.com\/product\/yoast-seo-wordpress\/ -->\n<title>Allgeier setzt Wachstumskurs im 1. Quartal 2013 fort - Allgeier SE<\/title>\n<meta name=\"robots\" content=\"index, follow, max-snippet:-1, max-image-preview:large, max-video-preview:-1\" \/>\n<link rel=\"canonical\" href=\"https:\/\/www.allgeier.com\/de\/investor-relations\/adhoc-announcements\/allgeier-setzt-wachstumskurs-im-1-quartal-2013-fort-2\/\" \/>\n<meta property=\"og:locale\" content=\"de_DE\" \/>\n<meta property=\"og:type\" content=\"article\" \/>\n<meta property=\"og:title\" content=\"Allgeier setzt Wachstumskurs im 1. Quartal 2013 fort - Allgeier SE\" \/>\n<meta property=\"og:description\" content=\"M\u00fcnchen, 15.05.2013 - Allgeier SE (ISIN DE0005086300, WKN 508630) konnte im ersten Quartal 2013 (01.01.2013 - 31.03.2013) den Umsatz weiter steigern, blieb aber im Wesentlichen aufgrund eines nicht zahlungswirksamen Kursverlustes aus der Umrechnung einer lan\" \/>\n<meta property=\"og:url\" content=\"https:\/\/www.allgeier.com\/de\/investor-relations\/adhoc-announcements\/allgeier-setzt-wachstumskurs-im-1-quartal-2013-fort-2\/\" \/>\n<meta property=\"og:site_name\" content=\"Allgeier SE\" \/>\n<meta property=\"article:modified_time\" content=\"2025-07-23T10:27:40+00:00\" \/>\n<meta name=\"twitter:card\" content=\"summary_large_image\" \/>\n<meta name=\"twitter:label1\" content=\"Gesch\u00e4tzte Lesezeit\" \/>\n\t<meta name=\"twitter:data1\" content=\"4\u00a0Minuten\" \/>\n<script type=\"application\/ld+json\" class=\"yoast-schema-graph\">{\"@context\":\"https:\\\/\\\/schema.org\",\"@graph\":[{\"@type\":\"WebPage\",\"@id\":\"https:\\\/\\\/www.allgeier.com\\\/de\\\/investor-relations\\\/adhoc-announcements\\\/allgeier-setzt-wachstumskurs-im-1-quartal-2013-fort-2\\\/\",\"url\":\"https:\\\/\\\/www.allgeier.com\\\/de\\\/investor-relations\\\/adhoc-announcements\\\/allgeier-setzt-wachstumskurs-im-1-quartal-2013-fort-2\\\/\",\"name\":\"Allgeier setzt Wachstumskurs im 1. Quartal 2013 fort - Allgeier SE\",\"isPartOf\":{\"@id\":\"https:\\\/\\\/www.allgeier.com\\\/de\\\/#website\"},\"datePublished\":\"2013-05-15T14:29:07+00:00\",\"dateModified\":\"2025-07-23T10:27:40+00:00\",\"breadcrumb\":{\"@id\":\"https:\\\/\\\/www.allgeier.com\\\/de\\\/investor-relations\\\/adhoc-announcements\\\/allgeier-setzt-wachstumskurs-im-1-quartal-2013-fort-2\\\/#breadcrumb\"},\"inLanguage\":\"de\",\"potentialAction\":[{\"@type\":\"ReadAction\",\"target\":[\"https:\\\/\\\/www.allgeier.com\\\/de\\\/investor-relations\\\/adhoc-announcements\\\/allgeier-setzt-wachstumskurs-im-1-quartal-2013-fort-2\\\/\"]}]},{\"@type\":\"BreadcrumbList\",\"@id\":\"https:\\\/\\\/www.allgeier.com\\\/de\\\/investor-relations\\\/adhoc-announcements\\\/allgeier-setzt-wachstumskurs-im-1-quartal-2013-fort-2\\\/#breadcrumb\",\"itemListElement\":[{\"@type\":\"ListItem\",\"position\":1,\"name\":\"Home\",\"item\":\"https:\\\/\\\/www.allgeier.com\\\/de\\\/\"},{\"@type\":\"ListItem\",\"position\":2,\"name\":\"Investor Relations\",\"item\":\"https:\\\/\\\/www.allgeier.com\\\/de\\\/investor-relations\\\/\"},{\"@type\":\"ListItem\",\"position\":3,\"name\":\"Ad hoc-Mitteilungen\",\"item\":\"https:\\\/\\\/www.allgeier.com\\\/de\\\/investor-relations\\\/adhoc-announcements\\\/\"},{\"@type\":\"ListItem\",\"position\":4,\"name\":\"Allgeier setzt Wachstumskurs im 1. Quartal 2013 fort\"}]},{\"@type\":\"WebSite\",\"@id\":\"https:\\\/\\\/www.allgeier.com\\\/de\\\/#website\",\"url\":\"https:\\\/\\\/www.allgeier.com\\\/de\\\/\",\"name\":\"Allgeier SE\",\"description\":\"Software &amp; IT Services for digital transformation\",\"potentialAction\":[{\"@type\":\"SearchAction\",\"target\":{\"@type\":\"EntryPoint\",\"urlTemplate\":\"https:\\\/\\\/www.allgeier.com\\\/de\\\/?s={search_term_string}\"},\"query-input\":{\"@type\":\"PropertyValueSpecification\",\"valueRequired\":true,\"valueName\":\"search_term_string\"}}],\"inLanguage\":\"de\"}]}<\/script>\n<!-- \/ Yoast SEO plugin. -->","yoast_head_json":{"title":"Allgeier setzt Wachstumskurs im 1. Quartal 2013 fort - Allgeier SE","robots":{"index":"index","follow":"follow","max-snippet":"max-snippet:-1","max-image-preview":"max-image-preview:large","max-video-preview":"max-video-preview:-1"},"canonical":"https:\/\/www.allgeier.com\/de\/investor-relations\/adhoc-announcements\/allgeier-setzt-wachstumskurs-im-1-quartal-2013-fort-2\/","og_locale":"de_DE","og_type":"article","og_title":"Allgeier setzt Wachstumskurs im 1. Quartal 2013 fort - Allgeier SE","og_description":"M\u00fcnchen, 15.05.2013 - Allgeier SE (ISIN DE0005086300, WKN 508630) konnte im ersten Quartal 2013 (01.01.2013 - 31.03.2013) den Umsatz weiter steigern, blieb aber im Wesentlichen aufgrund eines nicht zahlungswirksamen Kursverlustes aus der Umrechnung einer lan","og_url":"https:\/\/www.allgeier.com\/de\/investor-relations\/adhoc-announcements\/allgeier-setzt-wachstumskurs-im-1-quartal-2013-fort-2\/","og_site_name":"Allgeier SE","article_modified_time":"2025-07-23T10:27:40+00:00","twitter_card":"summary_large_image","twitter_misc":{"Gesch\u00e4tzte Lesezeit":"4\u00a0Minuten"},"schema":{"@context":"https:\/\/schema.org","@graph":[{"@type":"WebPage","@id":"https:\/\/www.allgeier.com\/de\/investor-relations\/adhoc-announcements\/allgeier-setzt-wachstumskurs-im-1-quartal-2013-fort-2\/","url":"https:\/\/www.allgeier.com\/de\/investor-relations\/adhoc-announcements\/allgeier-setzt-wachstumskurs-im-1-quartal-2013-fort-2\/","name":"Allgeier setzt Wachstumskurs im 1. Quartal 2013 fort - Allgeier SE","isPartOf":{"@id":"https:\/\/www.allgeier.com\/de\/#website"},"datePublished":"2013-05-15T14:29:07+00:00","dateModified":"2025-07-23T10:27:40+00:00","breadcrumb":{"@id":"https:\/\/www.allgeier.com\/de\/investor-relations\/adhoc-announcements\/allgeier-setzt-wachstumskurs-im-1-quartal-2013-fort-2\/#breadcrumb"},"inLanguage":"de","potentialAction":[{"@type":"ReadAction","target":["https:\/\/www.allgeier.com\/de\/investor-relations\/adhoc-announcements\/allgeier-setzt-wachstumskurs-im-1-quartal-2013-fort-2\/"]}]},{"@type":"BreadcrumbList","@id":"https:\/\/www.allgeier.com\/de\/investor-relations\/adhoc-announcements\/allgeier-setzt-wachstumskurs-im-1-quartal-2013-fort-2\/#breadcrumb","itemListElement":[{"@type":"ListItem","position":1,"name":"Home","item":"https:\/\/www.allgeier.com\/de\/"},{"@type":"ListItem","position":2,"name":"Investor Relations","item":"https:\/\/www.allgeier.com\/de\/investor-relations\/"},{"@type":"ListItem","position":3,"name":"Ad hoc-Mitteilungen","item":"https:\/\/www.allgeier.com\/de\/investor-relations\/adhoc-announcements\/"},{"@type":"ListItem","position":4,"name":"Allgeier setzt Wachstumskurs im 1. Quartal 2013 fort"}]},{"@type":"WebSite","@id":"https:\/\/www.allgeier.com\/de\/#website","url":"https:\/\/www.allgeier.com\/de\/","name":"Allgeier SE","description":"Software &amp; IT Services for digital transformation","potentialAction":[{"@type":"SearchAction","target":{"@type":"EntryPoint","urlTemplate":"https:\/\/www.allgeier.com\/de\/?s={search_term_string}"},"query-input":{"@type":"PropertyValueSpecification","valueRequired":true,"valueName":"search_term_string"}}],"inLanguage":"de"}]}},"_links":{"self":[{"href":"https:\/\/www.allgeier.com\/de\/wp-json\/wp\/v2\/pages\/7141","targetHints":{"allow":["GET"]}}],"collection":[{"href":"https:\/\/www.allgeier.com\/de\/wp-json\/wp\/v2\/pages"}],"about":[{"href":"https:\/\/www.allgeier.com\/de\/wp-json\/wp\/v2\/types\/page"}],"author":[{"embeddable":true,"href":"https:\/\/www.allgeier.com\/de\/wp-json\/wp\/v2\/users\/4"}],"replies":[{"embeddable":true,"href":"https:\/\/www.allgeier.com\/de\/wp-json\/wp\/v2\/comments?post=7141"}],"version-history":[{"count":1,"href":"https:\/\/www.allgeier.com\/de\/wp-json\/wp\/v2\/pages\/7141\/revisions"}],"predecessor-version":[{"id":7142,"href":"https:\/\/www.allgeier.com\/de\/wp-json\/wp\/v2\/pages\/7141\/revisions\/7142"}],"up":[{"embeddable":true,"href":"https:\/\/www.allgeier.com\/de\/wp-json\/wp\/v2\/pages\/1155"}],"wp:attachment":[{"href":"https:\/\/www.allgeier.com\/de\/wp-json\/wp\/v2\/media?parent=7141"}],"wp:term":[{"taxonomy":"category","embeddable":true,"href":"https:\/\/www.allgeier.com\/de\/wp-json\/wp\/v2\/categories?post=7141"},{"taxonomy":"post_tag","embeddable":true,"href":"https:\/\/www.allgeier.com\/de\/wp-json\/wp\/v2\/tags?post=7141"}],"curies":[{"name":"wp","href":"https:\/\/api.w.org\/{rel}","templated":true}]}}