{"id":7143,"date":"2013-08-14T12:54:27","date_gmt":"2013-08-14T12:54:27","guid":{"rendered":"https:\/\/www.allgeier.com\/de\/?page_id=7143"},"modified":"2025-07-23T10:27:40","modified_gmt":"2025-07-23T10:27:40","slug":"allgeier-se-allgeier-im-1-halbjahr-2013-weiter-auf-wachstumskurs-2","status":"publish","type":"page","link":"https:\/\/www.allgeier.com\/de\/investor-relations\/adhoc-announcements\/allgeier-se-allgeier-im-1-halbjahr-2013-weiter-auf-wachstumskurs-2\/","title":{"rendered":"Allgeier SE: Allgeier im 1. Halbjahr 2013 weiter auf Wachstumskurs"},"content":{"rendered":"<p><b>ALLGEIER SE  \/ Schlagwort(e): Halbjahresergebnis<\/b><\/p>\n<p>14.08.2013 14:54<\/p>\n<p>Ver\u00f6ffentlichung einer Ad-hoc-Mitteilung nach \u00a7 15 WpHG, \u00fcbermittelt durch<br \/>\ndie DGAP &#8211; ein Unternehmen der EQS Group AG.<br \/>\nF\u00fcr den Inhalt der Mitteilung ist der Emittent verantwortlich.<\/p>\n<p>&#8212;&#8212;&#8212;&#8212;&#8212;&#8212;&#8212;&#8212;&#8212;&#8212;&#8212;&#8212;&#8212;&#8212;&#8212;&#8212;&#8212;&#8212;&#8212;&#8212;&#8212;&#8212;&#8212;&#8212;&#8212;<\/p>\n<p>M\u00fcnchen, 14.08.2013 &#8211; Allgeier SE (ISIN DE0005086300, WKN 508630) konnte im<br \/>\nersten Halbjahr 2013 (01.01.2013 &#8211; 30.06.2013) den Umsatz sowie das<br \/>\nErgebnis weiter steigern. Allgeier setzt damit das Wachstum auch im ersten<br \/>\nHalbjahr 2013 fort und kann seine Stellung im Wettbewerb weiter festigen.<\/p>\n<p>Der Umsatz stieg im ersten Halbjahr 2013 gegen\u00fcber den ersten sechs Monaten<br \/>\ndes Jahres 2012 um 20 Prozent auf 227,3 Mio. Euro (Vorjahr: 190,1 Mio.<br \/>\nEuro). Die Umsatzsteigerung wird durch operatives Wachstum sowie durch die<br \/>\nin den Berichtsjahren erfolgten Unternehmensakquisitionen getragen. Alle<br \/>\ndrei Allgeier Gesch\u00e4ftsbereiche verzeichneten dabei Umsatzzuw\u00e4chse. Das<br \/>\nEBITDA stieg gegen\u00fcber dem Vergleichszeitraum um 24 Prozent auf 12,3 Mio.<br \/>\nEuro (Vorjahr: 9,9 Mio. Euro). Das EBIT (Ergebnis vor Zinsen und Steuern)<br \/>\nstieg im Berichtszeitraum um 88 Prozent auf 6,2 Mio. Euro (Vorjahr: 3,3<br \/>\nMio. Euro). Im Wachstum des EBIT zeigen sich r\u00fcckl\u00e4ufige Abschreibungen aus<br \/>\nder Kaufpreis-Allokation. Trotz des R\u00fcckgangs der Abschreibungen ist die<br \/>\nErgebnisgr\u00f6\u00dfe EBIT weiterhin durch hohe Regelabschreibungen auf<br \/>\nKaufpreis-Allokationen gem\u00e4\u00df IFRS (Abschreibung der Auftragsbest\u00e4nde,<br \/>\nKundenst\u00e4mme, Produkte) belastet, die den Gro\u00dfteil der Abschreibungen in<br \/>\nH\u00f6he von 6,1 Mio. Euro (Vorjahr: 6,6 Mio. Euro) ausmachen. Die<br \/>\nZinsaufwendungen blieben mit 2,7 Mio. Euro auf dem Niveau des<br \/>\nVergleichszeitraums des Vorjahres. Nach Zinsen erzielte Allgeier in den<br \/>\nersten sechs Monaten 2013 ein um 441 Prozent gestiegenes EBT (Ergebnis vor<br \/>\nSteuern) von 3,5 Mio. Euro (Vorjahr: 0,6 Mio. Euro). Nach Abzug eines<br \/>\nSteueraufwands von 1,4 Mio. Euro (Vorjahr: -0,6 Mio. Euro) erreichte<br \/>\nAllgeier so im ersten Halbjahr 2013 ein Periodenergebnis von 2,1 Mio. Euro<br \/>\n(Vorjahr: 0,0 Mio. Euro). Das unverw\u00e4sserte Ergebnis je Aktie, gerechnet<br \/>\nauf das um die Ergebnisanteile der nicht kontrollierenden Gesellschafter<br \/>\nverminderte 6-Monats-Ergebnis, stieg im ersten Halbjahr 2013 auf 0,24 Euro<br \/>\n(Vorjahr: -0,03 Euro).<\/p>\n<p>Die Bilanzsumme des Allgeier Konzerns fiel leicht von 289,6 Mio. Euro am<br \/>\n31. Dezember 2012 um 6,3 Mio. Euro auf 283,3 Mio. Euro am 30. Juni 2013.<br \/>\nMa\u00dfgeblich f\u00fcr die Bilanzverk\u00fcrzung sind die Aussch\u00fcttung der Dividende<br \/>\nsowie Auszahlungen im Rahmen der Akquisitionst\u00e4tigkeit. Das Eigenkapital<br \/>\nverringerte sich zum Bilanzstichtag entsprechend auf 88,0 Mio. Euro (31.<br \/>\nDezember 2012: 93,4 Mio. Euro). Der Allgeier Konzern verf\u00fcgt zum 30. Juni<br \/>\n2013 \u00fcber einen Bestand an liquiden Mitteln in H\u00f6he von 30,8 Mio. Euro<br \/>\n(Stand 31. Dezember 2012: 38,9 Mio. Euro). Der Cash Flow aus der<br \/>\nbetrieblichen T\u00e4tigkeit stieg im Berichtszeitraum auf 4,3 Mio. Euro<br \/>\n(Vorjahr: 3,4 Mio. Euro).<\/p>\n<p>Der Halbjahresfinanzbericht 2013 der Allgeier SE wird am heutigen 14.<br \/>\nAugust 2013 ver\u00f6ffentlicht und ist unter www.allgeier.com einzusehen.<\/p>\n<p>Kontakt:<br \/>\nAllgeier SE<br \/>\nCorporate Communications &amp; Investor Relations<br \/>\nDr. Christopher Gro\u00dfe<br \/>\nWehrlestra\u00dfe 12<br \/>\n81679 M\u00fcnchen<br \/>\nTel.: +49 (0)89\/998421-0<br \/>\nFax: +49 (0)89\/998421-11<br \/>\nE-Mail: ir@allgeier.com<br \/>\nWeb: www.allgeier.com<\/p>\n<p>Allgeier SE ist eines der f\u00fchrenden IT-Unternehmen f\u00fcr Business<br \/>\nPerformance: Mit einer konsequent auf Innovationen und Zukunftstrends<br \/>\nausgerichteten Wachstumsstrategie sowie einem integrativen<br \/>\nunternehmerischen Modell verbindet Allgeier die Vorteile eines<br \/>\ninternationalen Anbieters mit den Tugenden mittelst\u00e4ndischer Unternehmer.<br \/>\nSechs operative Divisionen mit individuellen fachlichen oder<br \/>\nbranchenbezogenen Schwerpunkten arbeiten gemeinsam f\u00fcr \u00fcber 2.000 Kunden<br \/>\naus nahezu allen Branchen. Mit \u00fcber 4.300 angestellten Mitarbeitern und<br \/>\nrund 1.400 freiberuflichen IT-Experten bietet Allgeier den Kunden als<br \/>\nOne-Stop-Shop ein umfassendes L\u00f6sungs- und Leistungsportfolio. Zu den<br \/>\nKunden von Allgeier z\u00e4hlen global arbeitende Konzerne genauso wie<br \/>\ninnovative mittelst\u00e4ndische Betriebe, die sich durch leistungsstarke<br \/>\nIT-L\u00f6sungen, intelligente Software und flexible Personaldienstleistungen<br \/>\nstrategische Vorteile sichern wollen. Die stark wachsende Gruppe mit<br \/>\nHauptsitz in M\u00fcnchen verf\u00fcgt \u00fcber mehr als 90 Niederlassungen im<br \/>\ndeutschsprachigen Raum, im \u00fcbrigen Europa sowie in Indien, Mexiko und den<br \/>\nUSA. 2012 erzielte Allgeier einen Umsatz von 423 Mio. Euro. Allgeier SE<br \/>\nbelegt in der L\u00fcnendonk(R)-Liste 2013 &#8218;F\u00fchrende deutsche mittelst\u00e4ndische<br \/>\nIT-Beratungs- und Systemintegrations-Unternehmen&#8216; den ersten Platz. Die<br \/>\nDivision Allgeier Experts ist nach L\u00fcnendonk(R)-Marktsegmentstudie 2013<br \/>\n&#8218;Der Markt f\u00fcr Rekrutierung, Vermittlung und Steuerung von IT-Freelancern<br \/>\nin Deutschland&#8216; unter den TOP 3 IT-Personaldienstleistern in Deutschland.<br \/>\nDie Gesellschaft ist am Regulierten Markt der Frankfurter Wertpapierb\u00f6rse<br \/>\nim General Standard gelistet (WKN 508630, ISIN DE0005086300). Weitere<br \/>\nInformationen unter: www.allgeier.com.<\/p>\n<p>14.08.2013 Die DGAP Distributionsservices umfassen gesetzliche<br \/>\nMeldepflichten, Corporate News\/Finanznachrichten und Pressemitteilungen.<br \/>\nDGAP-Medienarchive unter www.dgap-medientreff.de und www.dgap.de<\/p>\n<p>&#8212;&#8212;&#8212;&#8212;&#8212;&#8212;&#8212;&#8212;&#8212;&#8212;&#8212;&#8212;&#8212;&#8212;&#8212;&#8212;&#8212;&#8212;&#8212;&#8212;&#8212;&#8212;&#8212;&#8212;&#8212;<\/p>\n<p>Sprache:      Deutsch<br \/>\nUnternehmen:  ALLGEIER SE<br \/>\n              Wehrlestra\u00dfe 12<br \/>\n              81679 M\u00fcnchen<br \/>\n              Deutschland<br \/>\nTelefon:      +49 (0) 89 &#8211; 99 84 21 0<br \/>\nFax:          +49 (0) 89 &#8211; 99 84 21 11<br \/>\nE-Mail:       info@allgeier.com<br \/>\nInternet:     http:\/\/www.allgeier.com<br \/>\nISIN:         DE0005086300<br \/>\nWKN:          508630<br \/>\nIndizes:      CDAX<br \/>\nB\u00f6rsen:       Regulierter Markt in Frankfurt (General Standard);<br \/>\n              Freiverkehr in Berlin, D\u00fcsseldorf, Hamburg, Stuttgart<\/p>\n<p>Ende der Mitteilung                             DGAP News-Service<\/p>\n<p>&#8212;&#8212;&#8212;&#8212;&#8212;&#8212;&#8212;&#8212;&#8212;&#8212;&#8212;&#8212;&#8212;&#8212;&#8212;&#8212;&#8212;&#8212;&#8212;&#8212;&#8212;&#8212;&#8212;&#8212;&#8212;<\/p>\n","protected":false},"excerpt":{"rendered":"<p>M\u00fcnchen, 14.08.2013 &#8211; Allgeier SE (ISIN DE0005086300, WKN 508630) konnte im ersten Halbjahr 2013 (01.01.2013 &#8211; 30.06.2013) den Umsatz sowie das Ergebnis weiter steigern. Allgeier setzt damit das Wachstum auch im ersten Halbjahr 2013 fort und kann seine Stell<\/p>\n","protected":false},"author":4,"featured_media":0,"parent":1155,"menu_order":0,"comment_status":"close","ping_status":"closed","template":"","meta":{"_acf_changed":false,"footnotes":""},"categories":[],"tags":[],"class_list":["post-7143","page","type-page","status-publish","hentry"],"acf":[],"yoast_head":"<!-- This site is optimized with the Yoast SEO plugin v27.4 - https:\/\/yoast.com\/product\/yoast-seo-wordpress\/ -->\n<title>Allgeier SE: Allgeier im 1. Halbjahr 2013 weiter auf Wachstumskurs - Allgeier SE<\/title>\n<meta name=\"robots\" content=\"index, follow, max-snippet:-1, max-image-preview:large, max-video-preview:-1\" \/>\n<link rel=\"canonical\" href=\"https:\/\/www.allgeier.com\/de\/investor-relations\/adhoc-announcements\/allgeier-se-allgeier-im-1-halbjahr-2013-weiter-auf-wachstumskurs-2\/\" \/>\n<meta property=\"og:locale\" content=\"de_DE\" \/>\n<meta property=\"og:type\" content=\"article\" \/>\n<meta property=\"og:title\" content=\"Allgeier SE: Allgeier im 1. Halbjahr 2013 weiter auf Wachstumskurs - Allgeier SE\" \/>\n<meta property=\"og:description\" content=\"M\u00fcnchen, 14.08.2013 - Allgeier SE (ISIN DE0005086300, WKN 508630) konnte im ersten Halbjahr 2013 (01.01.2013 - 30.06.2013) den Umsatz sowie das Ergebnis weiter steigern. Allgeier setzt damit das Wachstum auch im ersten Halbjahr 2013 fort und kann seine Stell\" \/>\n<meta property=\"og:url\" content=\"https:\/\/www.allgeier.com\/de\/investor-relations\/adhoc-announcements\/allgeier-se-allgeier-im-1-halbjahr-2013-weiter-auf-wachstumskurs-2\/\" \/>\n<meta property=\"og:site_name\" content=\"Allgeier SE\" \/>\n<meta property=\"article:modified_time\" content=\"2025-07-23T10:27:40+00:00\" \/>\n<meta name=\"twitter:card\" content=\"summary_large_image\" \/>\n<meta name=\"twitter:label1\" content=\"Gesch\u00e4tzte Lesezeit\" \/>\n\t<meta name=\"twitter:data1\" content=\"4\u00a0Minuten\" \/>\n<script type=\"application\/ld+json\" class=\"yoast-schema-graph\">{\"@context\":\"https:\\\/\\\/schema.org\",\"@graph\":[{\"@type\":\"WebPage\",\"@id\":\"https:\\\/\\\/www.allgeier.com\\\/de\\\/investor-relations\\\/adhoc-announcements\\\/allgeier-se-allgeier-im-1-halbjahr-2013-weiter-auf-wachstumskurs-2\\\/\",\"url\":\"https:\\\/\\\/www.allgeier.com\\\/de\\\/investor-relations\\\/adhoc-announcements\\\/allgeier-se-allgeier-im-1-halbjahr-2013-weiter-auf-wachstumskurs-2\\\/\",\"name\":\"Allgeier SE: Allgeier im 1. Halbjahr 2013 weiter auf Wachstumskurs - Allgeier SE\",\"isPartOf\":{\"@id\":\"https:\\\/\\\/www.allgeier.com\\\/de\\\/#website\"},\"datePublished\":\"2013-08-14T12:54:27+00:00\",\"dateModified\":\"2025-07-23T10:27:40+00:00\",\"breadcrumb\":{\"@id\":\"https:\\\/\\\/www.allgeier.com\\\/de\\\/investor-relations\\\/adhoc-announcements\\\/allgeier-se-allgeier-im-1-halbjahr-2013-weiter-auf-wachstumskurs-2\\\/#breadcrumb\"},\"inLanguage\":\"de\",\"potentialAction\":[{\"@type\":\"ReadAction\",\"target\":[\"https:\\\/\\\/www.allgeier.com\\\/de\\\/investor-relations\\\/adhoc-announcements\\\/allgeier-se-allgeier-im-1-halbjahr-2013-weiter-auf-wachstumskurs-2\\\/\"]}]},{\"@type\":\"BreadcrumbList\",\"@id\":\"https:\\\/\\\/www.allgeier.com\\\/de\\\/investor-relations\\\/adhoc-announcements\\\/allgeier-se-allgeier-im-1-halbjahr-2013-weiter-auf-wachstumskurs-2\\\/#breadcrumb\",\"itemListElement\":[{\"@type\":\"ListItem\",\"position\":1,\"name\":\"Home\",\"item\":\"https:\\\/\\\/www.allgeier.com\\\/de\\\/\"},{\"@type\":\"ListItem\",\"position\":2,\"name\":\"Investor Relations\",\"item\":\"https:\\\/\\\/www.allgeier.com\\\/de\\\/investor-relations\\\/\"},{\"@type\":\"ListItem\",\"position\":3,\"name\":\"Ad hoc-Mitteilungen\",\"item\":\"https:\\\/\\\/www.allgeier.com\\\/de\\\/investor-relations\\\/adhoc-announcements\\\/\"},{\"@type\":\"ListItem\",\"position\":4,\"name\":\"Allgeier SE: Allgeier im 1. Halbjahr 2013 weiter auf Wachstumskurs\"}]},{\"@type\":\"WebSite\",\"@id\":\"https:\\\/\\\/www.allgeier.com\\\/de\\\/#website\",\"url\":\"https:\\\/\\\/www.allgeier.com\\\/de\\\/\",\"name\":\"Allgeier SE\",\"description\":\"Software &amp; IT Services for digital transformation\",\"potentialAction\":[{\"@type\":\"SearchAction\",\"target\":{\"@type\":\"EntryPoint\",\"urlTemplate\":\"https:\\\/\\\/www.allgeier.com\\\/de\\\/?s={search_term_string}\"},\"query-input\":{\"@type\":\"PropertyValueSpecification\",\"valueRequired\":true,\"valueName\":\"search_term_string\"}}],\"inLanguage\":\"de\"}]}<\/script>\n<!-- \/ Yoast SEO plugin. -->","yoast_head_json":{"title":"Allgeier SE: Allgeier im 1. Halbjahr 2013 weiter auf Wachstumskurs - Allgeier SE","robots":{"index":"index","follow":"follow","max-snippet":"max-snippet:-1","max-image-preview":"max-image-preview:large","max-video-preview":"max-video-preview:-1"},"canonical":"https:\/\/www.allgeier.com\/de\/investor-relations\/adhoc-announcements\/allgeier-se-allgeier-im-1-halbjahr-2013-weiter-auf-wachstumskurs-2\/","og_locale":"de_DE","og_type":"article","og_title":"Allgeier SE: Allgeier im 1. Halbjahr 2013 weiter auf Wachstumskurs - Allgeier SE","og_description":"M\u00fcnchen, 14.08.2013 - Allgeier SE (ISIN DE0005086300, WKN 508630) konnte im ersten Halbjahr 2013 (01.01.2013 - 30.06.2013) den Umsatz sowie das Ergebnis weiter steigern. Allgeier setzt damit das Wachstum auch im ersten Halbjahr 2013 fort und kann seine Stell","og_url":"https:\/\/www.allgeier.com\/de\/investor-relations\/adhoc-announcements\/allgeier-se-allgeier-im-1-halbjahr-2013-weiter-auf-wachstumskurs-2\/","og_site_name":"Allgeier SE","article_modified_time":"2025-07-23T10:27:40+00:00","twitter_card":"summary_large_image","twitter_misc":{"Gesch\u00e4tzte Lesezeit":"4\u00a0Minuten"},"schema":{"@context":"https:\/\/schema.org","@graph":[{"@type":"WebPage","@id":"https:\/\/www.allgeier.com\/de\/investor-relations\/adhoc-announcements\/allgeier-se-allgeier-im-1-halbjahr-2013-weiter-auf-wachstumskurs-2\/","url":"https:\/\/www.allgeier.com\/de\/investor-relations\/adhoc-announcements\/allgeier-se-allgeier-im-1-halbjahr-2013-weiter-auf-wachstumskurs-2\/","name":"Allgeier SE: Allgeier im 1. Halbjahr 2013 weiter auf Wachstumskurs - Allgeier SE","isPartOf":{"@id":"https:\/\/www.allgeier.com\/de\/#website"},"datePublished":"2013-08-14T12:54:27+00:00","dateModified":"2025-07-23T10:27:40+00:00","breadcrumb":{"@id":"https:\/\/www.allgeier.com\/de\/investor-relations\/adhoc-announcements\/allgeier-se-allgeier-im-1-halbjahr-2013-weiter-auf-wachstumskurs-2\/#breadcrumb"},"inLanguage":"de","potentialAction":[{"@type":"ReadAction","target":["https:\/\/www.allgeier.com\/de\/investor-relations\/adhoc-announcements\/allgeier-se-allgeier-im-1-halbjahr-2013-weiter-auf-wachstumskurs-2\/"]}]},{"@type":"BreadcrumbList","@id":"https:\/\/www.allgeier.com\/de\/investor-relations\/adhoc-announcements\/allgeier-se-allgeier-im-1-halbjahr-2013-weiter-auf-wachstumskurs-2\/#breadcrumb","itemListElement":[{"@type":"ListItem","position":1,"name":"Home","item":"https:\/\/www.allgeier.com\/de\/"},{"@type":"ListItem","position":2,"name":"Investor Relations","item":"https:\/\/www.allgeier.com\/de\/investor-relations\/"},{"@type":"ListItem","position":3,"name":"Ad hoc-Mitteilungen","item":"https:\/\/www.allgeier.com\/de\/investor-relations\/adhoc-announcements\/"},{"@type":"ListItem","position":4,"name":"Allgeier SE: Allgeier im 1. Halbjahr 2013 weiter auf Wachstumskurs"}]},{"@type":"WebSite","@id":"https:\/\/www.allgeier.com\/de\/#website","url":"https:\/\/www.allgeier.com\/de\/","name":"Allgeier SE","description":"Software &amp; IT Services for digital transformation","potentialAction":[{"@type":"SearchAction","target":{"@type":"EntryPoint","urlTemplate":"https:\/\/www.allgeier.com\/de\/?s={search_term_string}"},"query-input":{"@type":"PropertyValueSpecification","valueRequired":true,"valueName":"search_term_string"}}],"inLanguage":"de"}]}},"_links":{"self":[{"href":"https:\/\/www.allgeier.com\/de\/wp-json\/wp\/v2\/pages\/7143","targetHints":{"allow":["GET"]}}],"collection":[{"href":"https:\/\/www.allgeier.com\/de\/wp-json\/wp\/v2\/pages"}],"about":[{"href":"https:\/\/www.allgeier.com\/de\/wp-json\/wp\/v2\/types\/page"}],"author":[{"embeddable":true,"href":"https:\/\/www.allgeier.com\/de\/wp-json\/wp\/v2\/users\/4"}],"replies":[{"embeddable":true,"href":"https:\/\/www.allgeier.com\/de\/wp-json\/wp\/v2\/comments?post=7143"}],"version-history":[{"count":1,"href":"https:\/\/www.allgeier.com\/de\/wp-json\/wp\/v2\/pages\/7143\/revisions"}],"predecessor-version":[{"id":7144,"href":"https:\/\/www.allgeier.com\/de\/wp-json\/wp\/v2\/pages\/7143\/revisions\/7144"}],"up":[{"embeddable":true,"href":"https:\/\/www.allgeier.com\/de\/wp-json\/wp\/v2\/pages\/1155"}],"wp:attachment":[{"href":"https:\/\/www.allgeier.com\/de\/wp-json\/wp\/v2\/media?parent=7143"}],"wp:term":[{"taxonomy":"category","embeddable":true,"href":"https:\/\/www.allgeier.com\/de\/wp-json\/wp\/v2\/categories?post=7143"},{"taxonomy":"post_tag","embeddable":true,"href":"https:\/\/www.allgeier.com\/de\/wp-json\/wp\/v2\/tags?post=7143"}],"curies":[{"name":"wp","href":"https:\/\/api.w.org\/{rel}","templated":true}]}}