{"id":7147,"date":"2013-12-11T06:03:52","date_gmt":"2013-12-11T07:03:52","guid":{"rendered":"https:\/\/www.allgeier.com\/de\/?page_id=7147"},"modified":"2025-07-23T10:27:40","modified_gmt":"2025-07-23T10:27:40","slug":"allgeier-platziert-eigene-aktien-2","status":"publish","type":"page","link":"https:\/\/www.allgeier.com\/de\/investor-relations\/adhoc-announcements\/allgeier-platziert-eigene-aktien-2\/","title":{"rendered":"Allgeier platziert eigene Aktien"},"content":{"rendered":"<p><b>ALLGEIER SE  \/ Schlagwort(e): Transaktion eigene Aktien\/Kapitalma\u00dfnahme<\/b><\/p>\n<p>11.12.2013 08:03<\/p>\n<p>Ver\u00f6ffentlichung einer Ad-hoc-Mitteilung nach \u00a7 15 WpHG, \u00fcbermittelt durch<br \/>\ndie DGAP &#8211; ein Unternehmen der EQS Group AG.<br \/>\nF\u00fcr den Inhalt der Mitteilung ist der Emittent verantwortlich.<\/p>\n<p>&#8212;&#8212;&#8212;&#8212;&#8212;&#8212;&#8212;&#8212;&#8212;&#8212;&#8212;&#8212;&#8212;&#8212;&#8212;&#8212;&#8212;&#8212;&#8212;&#8212;&#8212;&#8212;&#8212;&#8212;&#8212;<\/p>\n<p>M\u00fcnchen, 11.12.2013 &#8211; Der Vorstand der Allgeier SE (ISIN DE0005086300, WKN<br \/>\n508630), hat heute mit Zustimmung des Aufsichtsrats vom selben Tag auf<br \/>\nGrundlage der Erm\u00e4chtigung der Hauptversammlung vom 17. Juni 2010<br \/>\nbeschlossen, bis zu 450.000 eigene Aktien (entsprechend bis zu 5% Prozent<br \/>\ndes Grundkapitals) zu verkaufen. Der Verkauf erfolgt \u00fcber ein<br \/>\nbeschleunigtes Platzierungsverfahren (Accelerated Bookbuilding-Verfahren),<br \/>\nin dem die Aktien im Rahmen einer Privatplatzierung qualifizierten<br \/>\ninstitutionellen Anlegern in Deutschland und im europ\u00e4ischen Ausland<br \/>\nangeboten werden.<\/p>\n<p>Im Rahmen eines R\u00fcckkaufprogramms in den Jahren 2009 bis 2013 hatte die<br \/>\nAllgeier SE insgesamt 760.493 Aktien, bzw rund 8% des Grundkapitals<br \/>\nerworben.<\/p>\n<p>Durch die Aktienplatzierung wird sich der Streubesitz der Allgeier SE auf<br \/>\nbis zu 56,4% erh\u00f6hen.<\/p>\n<p>Der Erl\u00f6s aus der Transaktion dient der weiteren St\u00e4rkung der<br \/>\nKapitalstruktur sowie allgemeinen Unternehmenszwecken.<\/p>\n<p>Die Baader Bank begleitet die Transaktion als Sole Lead Manager und Sole<br \/>\nBookrunner.<\/p>\n<p>Disclaimer<\/p>\n<p>Diese Ver\u00f6ffentlichung darf weder unmittelbar noch mittelbar in die<br \/>\nVereinigten Staaten von Amerika verteilt oder dort ver\u00f6ffentlicht werden.<\/p>\n<p>Diese Ad-hoc-Mitteilung stellt weder ein Angebot noch eine Aufforderung zur<br \/>\nAbgabe eines Angebots zum Kauf von Wertpapieren in Deutschland, den<br \/>\nVereinigten Staaten von Amerika, Kanada, Australien, Japan oder in<br \/>\nirgendeinem anderen Land dar, in dem ein solches Angebot Restriktionen<br \/>\nunterliegen w\u00fcrde, oder ist Teil eines solchen Angebots. Die in dieser<br \/>\nAd-hoc-Mitteilung in Bezug genommenen Wertpapiere wurden und werden nicht<br \/>\nnach dem United States Securities Act von 1933 in zuletzt ge\u00e4nderter<br \/>\nFassung (der &#8218;Securities Act&#8216;) registriert und d\u00fcrfen in den Vereinigten<br \/>\nStaaten von Amerika oder f\u00fcr Rechnung oder zu Gunsten einer US Person (wie<br \/>\nin Regulation S unter dem Securities Act definiert) weder verkauft, noch<br \/>\nangeboten werden, solange keine Ausnahme vom Registrierungserfordernis<br \/>\nbesteht.<\/p>\n<p>Im Vereinigten K\u00f6nigreich richtet sich diese Ver\u00f6ffentlichung nur an (i)<br \/>\nqualifizierte Anleger i.S.d. Financial Services and Markets Act 2000, in<br \/>\nder jeweils g\u00fcltigen Fassung, und dessen Umsetzungsma\u00dfnahmen und\/oder (ii)<br \/>\nPersonen, die professionelle Erfahrung mit Anlagen haben und unter den<br \/>\nBegriff der &#8218;Investment Professionals&#8216; des Artikels 19 (5) der Financial<br \/>\nServices and Markets Act 2000 (Financial Promotion) Order 2005, in der<br \/>\njeweils g\u00fcltigen Fassung (die &#8218;Order&#8216;) oder unter Artikel 49(2)(a) bis (d)<br \/>\nder Order fallen (High Net Worth Gesellschaften, Personengesellschaften,<br \/>\netc.) oder eine andere Ausnahme der Order fallen (solche Personen zusammen<br \/>\ndie &#8218;Relevanten Personen&#8216;). Personen, die nicht Relevante Personen sind,<br \/>\nd\u00fcrfen sich auf diese Ad-hoc-Mitteilung und ihren Inhalt nicht verlassen.<br \/>\nJede Anlage oder Anlagem\u00f6glichkeit, von der in dieser Ver\u00f6ffentlichung die<br \/>\nRede ist, steht ausschlie\u00dflich Relevanten Personen offen und wird nur mit<br \/>\nRelevanten Personen eingegangen.<\/p>\n<p>In Mitgliedstaaten des Europ\u00e4ischen Wirtschaftsraums (&#8218;EWR&#8216;), die die<br \/>\nProspektrichtlinie umgesetzt haben (die &#8218;Relevanten Mitgliedsstaaten&#8216;)<br \/>\nrichtet sich diese Ver\u00f6ffentlichung und jegliches nachfolgende Angebot<br \/>\nausschlie\u00dflich an qualifizierte Anleger im Sinne der Prospektrichtlinie<br \/>\n(&#8218;Qualifizierte Anleger&#8216;). F\u00fcr diese Zwecke meint &#8218;Prospektrichtlinie&#8216; die<br \/>\nRichtlinie 2003\/71\/EG (einschlie\u00dflich aller \u00c4nderungen, insbesondere der<br \/>\n2010 Prospektrichtlinien\u00e4nderungsrichtlinie, sofern im jeweiligen<br \/>\nRelevanten Mitgliedstaat umgesetzt).<\/p>\n<p>Es wurden keine Ma\u00dfnahmen ergriffen, die ein Angebot der Wertpapiere, deren<br \/>\nErwerb oder die Verteilung dieser Ver\u00f6ffentlichung in L\u00e4nder, in denen dies<br \/>\nnicht zul\u00e4ssig ist, gestatten w\u00fcrden. Jeder, in dessen Besitz diese<br \/>\nVer\u00f6ffentlichung gelangt, muss sich \u00fcber etwaige Beschr\u00e4nkungen selbst<br \/>\ninformieren und diese beachten.<\/p>\n<p>Kontakt:<br \/>\nAllgeier SE<br \/>\nDr. Christopher Gro\u00dfe<br \/>\nWehrlestr. 12<br \/>\n81679 M\u00fcnchen<br \/>\nTel.: +49 (0)89\/998421-0<br \/>\nFax: +49 (0)89\/998421-11<br \/>\neMail: ir@allgeier-holding.de<br \/>\nWeb: www.allgeier.com<\/p>\n<p>Allgeier SE ist eines der f\u00fchrenden IT-Unternehmen f\u00fcr Business<br \/>\nPerformance: Mit einer konsequent auf Innovationen und Zukunftstrends<br \/>\nausgerichteten Wachstumsstrategie sowie einem integrativen<br \/>\nunternehmerischen Modell verbindet Allgeier die Vorteile eines<br \/>\ninternationalen Anbieters mit den Tugenden mittelst\u00e4ndischer Unternehmer.<br \/>\nSechs operative Divisionen mit individuellen fachlichen oder<br \/>\nbranchenbezogenen Schwerpunkten arbeiten gemeinsam f\u00fcr \u00fcber 2.000 Kunden<br \/>\naus nahezu allen Branchen. Mit \u00fcber 4.400 angestellten Mitarbeitern und<br \/>\nmehr als 1.300 freiberuflichen IT-Experten bietet Allgeier den Kunden als<br \/>\nOne-Stop-Shop ein umfassendes L\u00f6sungs- und Leistungsportfolio. Zu den<br \/>\nKunden von Allgeier z\u00e4hlen global arbeitende Konzerne genauso wie<br \/>\ninnovative mittelst\u00e4ndische Betriebe, die sich durch leistungsstarke<br \/>\nIT-L\u00f6sungen, intelligente Software und flexible Personaldienstleistungen<br \/>\nstrategische Vorteile sichern wollen. Die stark wachsende Gruppe mit<br \/>\nHauptsitz in M\u00fcnchen verf\u00fcgt \u00fcber mehr als 90 Niederlassungen im<br \/>\ndeutschsprachigen Raum, im \u00fcbrigen Europa sowie in Indien, Mexiko und den<br \/>\nUSA. 2012 erzielte Allgeier einen Umsatz von 423 Mio. Euro. Allgeier SE<br \/>\nbelegt in der L\u00fcnendonk(R)-Liste 2013 &#8218;F\u00fchrende deut\u00acsche mittelst\u00e4ndische<br \/>\nIT-Beratungs- und Systemintegrations-Un\u00acternehmen&#8216; den ersten Platz. Die<br \/>\nDivision Allgeier Experts ist nach L\u00fcnendonk(R)-Marktsegmentstudie 2013<br \/>\n&#8218;Der Markt f\u00fcr Rekrutierung, Vermittlung und Steuerung von IT-Freelancern<br \/>\nin Deutschland&#8216; unter den TOP 3 IT-Personaldienstleistern in Deutschland.<br \/>\nDie Gesellschaft ist am Regulierten Markt der Frankfurter Wertpapierb\u00f6rse<br \/>\nim General Standard gelistet (WKN 508630, ISIN DE0005086300). Weitere<br \/>\nInformationen unter: www.allgeier.com.<\/p>\n<p>11.12.2013 Die DGAP Distributionsservices umfassen gesetzliche<br \/>\nMeldepflichten, Corporate News\/Finanznachrichten und Pressemitteilungen.<br \/>\nDGAP-Medienarchive unter www.dgap-medientreff.de und www.dgap.de<\/p>\n<p>&#8212;&#8212;&#8212;&#8212;&#8212;&#8212;&#8212;&#8212;&#8212;&#8212;&#8212;&#8212;&#8212;&#8212;&#8212;&#8212;&#8212;&#8212;&#8212;&#8212;&#8212;&#8212;&#8212;&#8212;&#8212;<\/p>\n<p>Sprache:      Deutsch<br \/>\nUnternehmen:  ALLGEIER SE<br \/>\n              Wehrlestra\u00dfe 12<br \/>\n              81679 M\u00fcnchen<br \/>\n              Deutschland<br \/>\nTelefon:      +49 (0) 89 &#8211; 99 84 21 0<br \/>\nFax:          +49 (0) 89 &#8211; 99 84 21 11<br \/>\nE-Mail:       info@allgeier.com<br \/>\nInternet:     http:\/\/www.allgeier.com<br \/>\nISIN:         DE0005086300<br \/>\nWKN:          508630<br \/>\nIndizes:      CDAX<br \/>\nB\u00f6rsen:       Regulierter Markt in Frankfurt (General Standard);<br \/>\n              Freiverkehr in Berlin, D\u00fcsseldorf, Hamburg, Stuttgart<\/p>\n<p>Ende der Mitteilung                             DGAP News-Service<\/p>\n<p>&#8212;&#8212;&#8212;&#8212;&#8212;&#8212;&#8212;&#8212;&#8212;&#8212;&#8212;&#8212;&#8212;&#8212;&#8212;&#8212;&#8212;&#8212;&#8212;&#8212;&#8212;&#8212;&#8212;&#8212;&#8212;<\/p>\n","protected":false},"excerpt":{"rendered":"<p>M\u00fcnchen, 11.12.2013 &#8211; Der Vorstand der Allgeier SE (ISIN DE0005086300, WKN 508630), hat heute mit Zustimmung des Aufsichtsrats vom selben Tag auf Grundlage der Erm\u00e4chtigung der Hauptversammlung vom 17. Juni 2010 beschlossen, bis zu 450<\/p>\n","protected":false},"author":4,"featured_media":0,"parent":1155,"menu_order":0,"comment_status":"close","ping_status":"closed","template":"","meta":{"_acf_changed":false,"footnotes":""},"categories":[],"tags":[],"class_list":["post-7147","page","type-page","status-publish","hentry"],"acf":[],"yoast_head":"<!-- This site is optimized with the Yoast SEO plugin v27.4 - https:\/\/yoast.com\/product\/yoast-seo-wordpress\/ -->\n<title>Allgeier platziert eigene Aktien - Allgeier SE<\/title>\n<meta name=\"robots\" content=\"index, follow, max-snippet:-1, max-image-preview:large, max-video-preview:-1\" \/>\n<link rel=\"canonical\" href=\"https:\/\/www.allgeier.com\/de\/investor-relations\/adhoc-announcements\/allgeier-platziert-eigene-aktien-2\/\" \/>\n<meta property=\"og:locale\" content=\"de_DE\" \/>\n<meta property=\"og:type\" content=\"article\" \/>\n<meta property=\"og:title\" content=\"Allgeier platziert eigene Aktien - Allgeier SE\" \/>\n<meta property=\"og:description\" content=\"M\u00fcnchen, 11.12.2013 - Der Vorstand der Allgeier SE (ISIN DE0005086300, WKN 508630), hat heute mit Zustimmung des Aufsichtsrats vom selben Tag auf Grundlage der Erm\u00e4chtigung der Hauptversammlung vom 17. Juni 2010 beschlossen, bis zu 450\" \/>\n<meta property=\"og:url\" content=\"https:\/\/www.allgeier.com\/de\/investor-relations\/adhoc-announcements\/allgeier-platziert-eigene-aktien-2\/\" \/>\n<meta property=\"og:site_name\" content=\"Allgeier SE\" \/>\n<meta property=\"article:modified_time\" content=\"2025-07-23T10:27:40+00:00\" \/>\n<meta name=\"twitter:card\" content=\"summary_large_image\" \/>\n<meta name=\"twitter:label1\" content=\"Gesch\u00e4tzte Lesezeit\" \/>\n\t<meta name=\"twitter:data1\" content=\"4\u00a0Minuten\" \/>\n<script type=\"application\/ld+json\" class=\"yoast-schema-graph\">{\"@context\":\"https:\\\/\\\/schema.org\",\"@graph\":[{\"@type\":\"WebPage\",\"@id\":\"https:\\\/\\\/www.allgeier.com\\\/de\\\/investor-relations\\\/adhoc-announcements\\\/allgeier-platziert-eigene-aktien-2\\\/\",\"url\":\"https:\\\/\\\/www.allgeier.com\\\/de\\\/investor-relations\\\/adhoc-announcements\\\/allgeier-platziert-eigene-aktien-2\\\/\",\"name\":\"Allgeier platziert eigene Aktien - Allgeier SE\",\"isPartOf\":{\"@id\":\"https:\\\/\\\/www.allgeier.com\\\/de\\\/#website\"},\"datePublished\":\"2013-12-11T07:03:52+00:00\",\"dateModified\":\"2025-07-23T10:27:40+00:00\",\"breadcrumb\":{\"@id\":\"https:\\\/\\\/www.allgeier.com\\\/de\\\/investor-relations\\\/adhoc-announcements\\\/allgeier-platziert-eigene-aktien-2\\\/#breadcrumb\"},\"inLanguage\":\"de\",\"potentialAction\":[{\"@type\":\"ReadAction\",\"target\":[\"https:\\\/\\\/www.allgeier.com\\\/de\\\/investor-relations\\\/adhoc-announcements\\\/allgeier-platziert-eigene-aktien-2\\\/\"]}]},{\"@type\":\"BreadcrumbList\",\"@id\":\"https:\\\/\\\/www.allgeier.com\\\/de\\\/investor-relations\\\/adhoc-announcements\\\/allgeier-platziert-eigene-aktien-2\\\/#breadcrumb\",\"itemListElement\":[{\"@type\":\"ListItem\",\"position\":1,\"name\":\"Home\",\"item\":\"https:\\\/\\\/www.allgeier.com\\\/de\\\/\"},{\"@type\":\"ListItem\",\"position\":2,\"name\":\"Investor Relations\",\"item\":\"https:\\\/\\\/www.allgeier.com\\\/de\\\/investor-relations\\\/\"},{\"@type\":\"ListItem\",\"position\":3,\"name\":\"Ad hoc-Mitteilungen\",\"item\":\"https:\\\/\\\/www.allgeier.com\\\/de\\\/investor-relations\\\/adhoc-announcements\\\/\"},{\"@type\":\"ListItem\",\"position\":4,\"name\":\"Allgeier platziert eigene Aktien\"}]},{\"@type\":\"WebSite\",\"@id\":\"https:\\\/\\\/www.allgeier.com\\\/de\\\/#website\",\"url\":\"https:\\\/\\\/www.allgeier.com\\\/de\\\/\",\"name\":\"Allgeier SE\",\"description\":\"Software &amp; IT Services for digital transformation\",\"potentialAction\":[{\"@type\":\"SearchAction\",\"target\":{\"@type\":\"EntryPoint\",\"urlTemplate\":\"https:\\\/\\\/www.allgeier.com\\\/de\\\/?s={search_term_string}\"},\"query-input\":{\"@type\":\"PropertyValueSpecification\",\"valueRequired\":true,\"valueName\":\"search_term_string\"}}],\"inLanguage\":\"de\"}]}<\/script>\n<!-- \/ Yoast SEO plugin. -->","yoast_head_json":{"title":"Allgeier platziert eigene Aktien - Allgeier SE","robots":{"index":"index","follow":"follow","max-snippet":"max-snippet:-1","max-image-preview":"max-image-preview:large","max-video-preview":"max-video-preview:-1"},"canonical":"https:\/\/www.allgeier.com\/de\/investor-relations\/adhoc-announcements\/allgeier-platziert-eigene-aktien-2\/","og_locale":"de_DE","og_type":"article","og_title":"Allgeier platziert eigene Aktien - Allgeier SE","og_description":"M\u00fcnchen, 11.12.2013 - Der Vorstand der Allgeier SE (ISIN DE0005086300, WKN 508630), hat heute mit Zustimmung des Aufsichtsrats vom selben Tag auf Grundlage der Erm\u00e4chtigung der Hauptversammlung vom 17. Juni 2010 beschlossen, bis zu 450","og_url":"https:\/\/www.allgeier.com\/de\/investor-relations\/adhoc-announcements\/allgeier-platziert-eigene-aktien-2\/","og_site_name":"Allgeier SE","article_modified_time":"2025-07-23T10:27:40+00:00","twitter_card":"summary_large_image","twitter_misc":{"Gesch\u00e4tzte Lesezeit":"4\u00a0Minuten"},"schema":{"@context":"https:\/\/schema.org","@graph":[{"@type":"WebPage","@id":"https:\/\/www.allgeier.com\/de\/investor-relations\/adhoc-announcements\/allgeier-platziert-eigene-aktien-2\/","url":"https:\/\/www.allgeier.com\/de\/investor-relations\/adhoc-announcements\/allgeier-platziert-eigene-aktien-2\/","name":"Allgeier platziert eigene Aktien - Allgeier SE","isPartOf":{"@id":"https:\/\/www.allgeier.com\/de\/#website"},"datePublished":"2013-12-11T07:03:52+00:00","dateModified":"2025-07-23T10:27:40+00:00","breadcrumb":{"@id":"https:\/\/www.allgeier.com\/de\/investor-relations\/adhoc-announcements\/allgeier-platziert-eigene-aktien-2\/#breadcrumb"},"inLanguage":"de","potentialAction":[{"@type":"ReadAction","target":["https:\/\/www.allgeier.com\/de\/investor-relations\/adhoc-announcements\/allgeier-platziert-eigene-aktien-2\/"]}]},{"@type":"BreadcrumbList","@id":"https:\/\/www.allgeier.com\/de\/investor-relations\/adhoc-announcements\/allgeier-platziert-eigene-aktien-2\/#breadcrumb","itemListElement":[{"@type":"ListItem","position":1,"name":"Home","item":"https:\/\/www.allgeier.com\/de\/"},{"@type":"ListItem","position":2,"name":"Investor Relations","item":"https:\/\/www.allgeier.com\/de\/investor-relations\/"},{"@type":"ListItem","position":3,"name":"Ad hoc-Mitteilungen","item":"https:\/\/www.allgeier.com\/de\/investor-relations\/adhoc-announcements\/"},{"@type":"ListItem","position":4,"name":"Allgeier platziert eigene Aktien"}]},{"@type":"WebSite","@id":"https:\/\/www.allgeier.com\/de\/#website","url":"https:\/\/www.allgeier.com\/de\/","name":"Allgeier SE","description":"Software &amp; IT Services for digital transformation","potentialAction":[{"@type":"SearchAction","target":{"@type":"EntryPoint","urlTemplate":"https:\/\/www.allgeier.com\/de\/?s={search_term_string}"},"query-input":{"@type":"PropertyValueSpecification","valueRequired":true,"valueName":"search_term_string"}}],"inLanguage":"de"}]}},"_links":{"self":[{"href":"https:\/\/www.allgeier.com\/de\/wp-json\/wp\/v2\/pages\/7147","targetHints":{"allow":["GET"]}}],"collection":[{"href":"https:\/\/www.allgeier.com\/de\/wp-json\/wp\/v2\/pages"}],"about":[{"href":"https:\/\/www.allgeier.com\/de\/wp-json\/wp\/v2\/types\/page"}],"author":[{"embeddable":true,"href":"https:\/\/www.allgeier.com\/de\/wp-json\/wp\/v2\/users\/4"}],"replies":[{"embeddable":true,"href":"https:\/\/www.allgeier.com\/de\/wp-json\/wp\/v2\/comments?post=7147"}],"version-history":[{"count":1,"href":"https:\/\/www.allgeier.com\/de\/wp-json\/wp\/v2\/pages\/7147\/revisions"}],"predecessor-version":[{"id":7148,"href":"https:\/\/www.allgeier.com\/de\/wp-json\/wp\/v2\/pages\/7147\/revisions\/7148"}],"up":[{"embeddable":true,"href":"https:\/\/www.allgeier.com\/de\/wp-json\/wp\/v2\/pages\/1155"}],"wp:attachment":[{"href":"https:\/\/www.allgeier.com\/de\/wp-json\/wp\/v2\/media?parent=7147"}],"wp:term":[{"taxonomy":"category","embeddable":true,"href":"https:\/\/www.allgeier.com\/de\/wp-json\/wp\/v2\/categories?post=7147"},{"taxonomy":"post_tag","embeddable":true,"href":"https:\/\/www.allgeier.com\/de\/wp-json\/wp\/v2\/tags?post=7147"}],"curies":[{"name":"wp","href":"https:\/\/api.w.org\/{rel}","templated":true}]}}