{"id":7151,"date":"2014-03-18T14:25:42","date_gmt":"2014-03-18T15:25:42","guid":{"rendered":"https:\/\/www.allgeier.com\/de\/?page_id=7151"},"modified":"2025-07-23T10:27:41","modified_gmt":"2025-07-23T10:27:41","slug":"allgeier-veraeussert-geschaeftsteil-an-cancom-2","status":"publish","type":"page","link":"https:\/\/www.allgeier.com\/de\/investor-relations\/adhoc-announcements\/allgeier-veraeussert-geschaeftsteil-an-cancom-2\/","title":{"rendered":"Allgeier ver\u00e4u\u00dfert Gesch\u00e4ftsteil an Cancom"},"content":{"rendered":"<p><b>ALLGEIER SE  \/ Schlagwort(e): Verkauf\/Strategische Unternehmensentscheidung<\/b><\/p>\n<p>18.03.2014 16:25<\/p>\n<p>Ver\u00f6ffentlichung einer Ad-hoc-Mitteilung nach \u00a7 15 WpHG, \u00fcbermittelt durch<br \/>\ndie DGAP &#8211; ein Unternehmen der EQS Group AG.<br \/>\nF\u00fcr den Inhalt der Mitteilung ist der Emittent verantwortlich.<\/p>\n<p>&#8212;&#8212;&#8212;&#8212;&#8212;&#8212;&#8212;&#8212;&#8212;&#8212;&#8212;&#8212;&#8212;&#8212;&#8212;&#8212;&#8212;&#8212;&#8212;&#8212;&#8212;&#8212;&#8212;&#8212;&#8212;<\/p>\n<p>M\u00fcnchen, 18.03.2014 &#8211; Vorstand und Aufsichtsrat der Allgeier SE (ISIN<br \/>\nDE0005086300, WKN 508630) haben heute entschieden, die Tochtergesellschaft<br \/>\nDidas Business Services GmbH mit Sitz in Langenfeld an die Cancom SE zu<br \/>\nver\u00e4u\u00dfern. Kerngesch\u00e4ft der Didas sind IT-Dienstleistungen im Bereich<br \/>\nSystemintegration von der Beratung, Konzeption, Umsetzung bis zum Betrieb<br \/>\nmit einem Volumen von ca. 55 Mio. Euro Umsatz in 2013.<\/p>\n<p>Allgeier und Cancom einigten sich heute auf die Eckpunkte der Transaktion<br \/>\nim Sinne eines Letter of Intent. Der Kaufpreis, der im Bereich einer f\u00fcr<br \/>\ndas verkaufte Gesch\u00e4ft \u00fcblichen Marktbewertung liegen wird, wird von Cancom<br \/>\nSE in Aktien bezahlt werden. Die Fertigstellung und Unterzeichnung der<br \/>\nendg\u00fcltigen Vertr\u00e4ge wird in den n\u00e4chsten Wochen erwartet. Die Durchf\u00fchrung<br \/>\nder Transaktion wird nach Freigabe durch die Kartellbeh\u00f6rden erfolgen.<\/p>\n<p>Beide Parteien sind \u00fcberzeugt davon, dass die Cancom f\u00fcr die k\u00fcnftige<br \/>\nEntwicklung des Gesch\u00e4fts der Didas Business Services GmbH das optimale<br \/>\nUmfeld bietet. Bei Allgeier stand das Gesch\u00e4ft der Didas nach den<br \/>\nEntscheidungen zur Fokussierung des Gesch\u00e4fts auf die Bereiche Allgeier<br \/>\nExperts, Allgeier IT Solutions mit k\u00fcnftigem Schwerpunkt auf dem Gesch\u00e4ft<br \/>\nmit Standard-Business-Software sowie Allgeier Projects mit Schwerpunkt auf<br \/>\ndie Entwicklung und die Betreuung von individuellen Softwarel\u00f6sungen f\u00fcr<br \/>\ndie Gesch\u00e4ftsprozesse der Kunden nicht mehr im Mittelpunkt der k\u00fcnftigen<br \/>\nEntwicklung. Sowohl Allgeier als auch Cancom sind offen f\u00fcr eine k\u00fcnftige<br \/>\nZusammenarbeit im Bereich Systemintegration.<\/p>\n<p>Kontakt:<br \/>\nAllgeier SE<br \/>\nCorporate Communications &amp; Investor Relations<br \/>\nDr. Christopher Gro\u00dfe<br \/>\nWehrlestra\u00dfe 12<br \/>\n81679 M\u00fcnchen<br \/>\nTel.: +49 (0)89\/998421-0<br \/>\nFax: +49 (0)89\/998421-11<br \/>\nE-Mail: ir@allgeier.com<br \/>\nWeb: www.allgeier.com<\/p>\n<p>Allgeier SE ist eines der f\u00fchrenden IT-Unternehmen f\u00fcr Business<br \/>\nPerformance: Mit einer auf Innovationen und Zukunftstrends ausgerichteten<br \/>\nWachstumsstrategie sowie einem integrativen unternehmerischen Modell<br \/>\nverbindet Allgeier die Vorteile eines internationalen Anbieters mit den<br \/>\nTugenden mittelst\u00e4ndischer Unternehmer. Operative Divisionen mit<br \/>\nindividuellen fachlichen oder branchenbezogenen Schwerpunkten arbeiten<br \/>\ngemeinsam f\u00fcr \u00fcber 2.000 Kunden aus nahezu allen Branchen. Mit \u00fcber 4.600<br \/>\nangestellten Mitarbeitern und mehr als 1.300 freiberuflichen Experten<br \/>\nbietet Allgeier den Kunden als One-Stop-Shop ein umfassendes L\u00f6sungs- und<br \/>\nLeistungsportfolio. Zu den Kunden von Allgeier z\u00e4hlen global arbeitende<br \/>\nKonzerne genauso wie innovative mittelst\u00e4ndische Betriebe, die sich durch<br \/>\nleistungsstarke IT-L\u00f6sungen, intelligente Software und flexible<br \/>\nPersonaldienstleistungen strategische Vorteile sichern wollen. Die stark<br \/>\nwachsende Gruppe mit Hauptsitz in M\u00fcnchen verf\u00fcgt \u00fcber mehr als 100<br \/>\nNiederlassungen im deutschsprachigen Raum, im \u00fcbrigen Europa sowie in<br \/>\nIndien, Mexiko und den USA. 2012 erzielte Allgeier einen Umsatz von 423<br \/>\nMio. Euro. Allgeier SE belegt in der L\u00fcnendonk(R)-Liste 2013 &#8222;F\u00fchrende<br \/>\ndeutsche mittelst\u00e4ndische IT-Beratungs- und Systemintegrations-Unternehmen&#8220;<br \/>\nden ersten Platz. Die Division Allgeier Experts ist nach<br \/>\nL\u00fcnendonk(R)-Marktsegmentstudie 2013 &#8222;Der Markt f\u00fcr Rekrutierung,<br \/>\nVermittlung und Steuerung von IT-Freelancern in Deutschland&#8220; unter den TOP<br \/>\n3 IT-Personaldienstleistern in Deutschland. Die Gesellschaft ist am<br \/>\nRegulierten Markt der Frankfurter Wertpapierb\u00f6rse im General Standard<br \/>\ngelistet (WKN 508630, ISIN DE0005086300). Weitere Informationen unter:<br \/>\nwww.allgeier.com.<\/p>\n<p>18.03.2014 Die DGAP Distributionsservices umfassen gesetzliche<br \/>\nMeldepflichten, Corporate News\/Finanznachrichten und Pressemitteilungen.<br \/>\nDGAP-Medienarchive unter www.dgap-medientreff.de und www.dgap.de<\/p>\n<p>&#8212;&#8212;&#8212;&#8212;&#8212;&#8212;&#8212;&#8212;&#8212;&#8212;&#8212;&#8212;&#8212;&#8212;&#8212;&#8212;&#8212;&#8212;&#8212;&#8212;&#8212;&#8212;&#8212;&#8212;&#8212;<\/p>\n<p>Sprache:      Deutsch<br \/>\nUnternehmen:  ALLGEIER SE<br \/>\n              Wehrlestra\u00dfe 12<br \/>\n              81679 M\u00fcnchen<br \/>\n              Deutschland<br \/>\nTelefon:      +49 (0) 89 &#8211; 99 84 21 0<br \/>\nFax:          +49 (0) 89 &#8211; 99 84 21 11<br \/>\nE-Mail:       info@allgeier.com<br \/>\nInternet:     http:\/\/www.allgeier.com<br \/>\nISIN:         DE0005086300<br \/>\nWKN:          508630<br \/>\nIndizes:      CDAX<br \/>\nB\u00f6rsen:       Regulierter Markt in Frankfurt (General Standard);<br \/>\n              Freiverkehr in Berlin, D\u00fcsseldorf, Hamburg, Stuttgart<\/p>\n<p>Ende der Mitteilung                             DGAP News-Service<\/p>\n<p>&#8212;&#8212;&#8212;&#8212;&#8212;&#8212;&#8212;&#8212;&#8212;&#8212;&#8212;&#8212;&#8212;&#8212;&#8212;&#8212;&#8212;&#8212;&#8212;&#8212;&#8212;&#8212;&#8212;&#8212;&#8212;<\/p>\n","protected":false},"excerpt":{"rendered":"<p>M\u00fcnchen, 18.03.2014 &#8211; Vorstand und Aufsichtsrat der Allgeier SE (ISIN DE0005086300, WKN 508630) haben heute entschieden, die Tochtergesellschaft Didas Business Services GmbH mit Sitz in Langenfeld an die Cancom SE zu ver\u00e4u\u00dfern. Ker<\/p>\n","protected":false},"author":4,"featured_media":0,"parent":1155,"menu_order":0,"comment_status":"close","ping_status":"closed","template":"","meta":{"_acf_changed":false,"footnotes":""},"categories":[],"tags":[],"class_list":["post-7151","page","type-page","status-publish","hentry"],"acf":[],"yoast_head":"<!-- This site is optimized with the Yoast SEO plugin v27.4 - https:\/\/yoast.com\/product\/yoast-seo-wordpress\/ -->\n<title>Allgeier ver\u00e4u\u00dfert Gesch\u00e4ftsteil an Cancom - Allgeier SE<\/title>\n<meta name=\"robots\" content=\"index, follow, max-snippet:-1, max-image-preview:large, max-video-preview:-1\" \/>\n<link rel=\"canonical\" href=\"https:\/\/www.allgeier.com\/de\/investor-relations\/adhoc-announcements\/allgeier-veraeussert-geschaeftsteil-an-cancom-2\/\" \/>\n<meta property=\"og:locale\" content=\"de_DE\" \/>\n<meta property=\"og:type\" content=\"article\" \/>\n<meta property=\"og:title\" content=\"Allgeier ver\u00e4u\u00dfert Gesch\u00e4ftsteil an Cancom - Allgeier SE\" \/>\n<meta property=\"og:description\" content=\"M\u00fcnchen, 18.03.2014 - Vorstand und Aufsichtsrat der Allgeier SE (ISIN DE0005086300, WKN 508630) haben heute entschieden, die Tochtergesellschaft Didas Business Services GmbH mit Sitz in Langenfeld an die Cancom SE zu ver\u00e4u\u00dfern. Ker\" \/>\n<meta property=\"og:url\" content=\"https:\/\/www.allgeier.com\/de\/investor-relations\/adhoc-announcements\/allgeier-veraeussert-geschaeftsteil-an-cancom-2\/\" \/>\n<meta property=\"og:site_name\" content=\"Allgeier SE\" \/>\n<meta property=\"article:modified_time\" content=\"2025-07-23T10:27:41+00:00\" \/>\n<meta name=\"twitter:card\" content=\"summary_large_image\" \/>\n<meta name=\"twitter:label1\" content=\"Gesch\u00e4tzte Lesezeit\" \/>\n\t<meta name=\"twitter:data1\" content=\"3\u00a0Minuten\" \/>\n<script type=\"application\/ld+json\" class=\"yoast-schema-graph\">{\"@context\":\"https:\\\/\\\/schema.org\",\"@graph\":[{\"@type\":\"WebPage\",\"@id\":\"https:\\\/\\\/www.allgeier.com\\\/de\\\/investor-relations\\\/adhoc-announcements\\\/allgeier-veraeussert-geschaeftsteil-an-cancom-2\\\/\",\"url\":\"https:\\\/\\\/www.allgeier.com\\\/de\\\/investor-relations\\\/adhoc-announcements\\\/allgeier-veraeussert-geschaeftsteil-an-cancom-2\\\/\",\"name\":\"Allgeier ver\u00e4u\u00dfert Gesch\u00e4ftsteil an Cancom - Allgeier SE\",\"isPartOf\":{\"@id\":\"https:\\\/\\\/www.allgeier.com\\\/de\\\/#website\"},\"datePublished\":\"2014-03-18T15:25:42+00:00\",\"dateModified\":\"2025-07-23T10:27:41+00:00\",\"breadcrumb\":{\"@id\":\"https:\\\/\\\/www.allgeier.com\\\/de\\\/investor-relations\\\/adhoc-announcements\\\/allgeier-veraeussert-geschaeftsteil-an-cancom-2\\\/#breadcrumb\"},\"inLanguage\":\"de\",\"potentialAction\":[{\"@type\":\"ReadAction\",\"target\":[\"https:\\\/\\\/www.allgeier.com\\\/de\\\/investor-relations\\\/adhoc-announcements\\\/allgeier-veraeussert-geschaeftsteil-an-cancom-2\\\/\"]}]},{\"@type\":\"BreadcrumbList\",\"@id\":\"https:\\\/\\\/www.allgeier.com\\\/de\\\/investor-relations\\\/adhoc-announcements\\\/allgeier-veraeussert-geschaeftsteil-an-cancom-2\\\/#breadcrumb\",\"itemListElement\":[{\"@type\":\"ListItem\",\"position\":1,\"name\":\"Home\",\"item\":\"https:\\\/\\\/www.allgeier.com\\\/de\\\/\"},{\"@type\":\"ListItem\",\"position\":2,\"name\":\"Investor Relations\",\"item\":\"https:\\\/\\\/www.allgeier.com\\\/de\\\/investor-relations\\\/\"},{\"@type\":\"ListItem\",\"position\":3,\"name\":\"Ad hoc-Mitteilungen\",\"item\":\"https:\\\/\\\/www.allgeier.com\\\/de\\\/investor-relations\\\/adhoc-announcements\\\/\"},{\"@type\":\"ListItem\",\"position\":4,\"name\":\"Allgeier ver\u00e4u\u00dfert Gesch\u00e4ftsteil an Cancom\"}]},{\"@type\":\"WebSite\",\"@id\":\"https:\\\/\\\/www.allgeier.com\\\/de\\\/#website\",\"url\":\"https:\\\/\\\/www.allgeier.com\\\/de\\\/\",\"name\":\"Allgeier SE\",\"description\":\"Software &amp; IT Services for digital transformation\",\"potentialAction\":[{\"@type\":\"SearchAction\",\"target\":{\"@type\":\"EntryPoint\",\"urlTemplate\":\"https:\\\/\\\/www.allgeier.com\\\/de\\\/?s={search_term_string}\"},\"query-input\":{\"@type\":\"PropertyValueSpecification\",\"valueRequired\":true,\"valueName\":\"search_term_string\"}}],\"inLanguage\":\"de\"}]}<\/script>\n<!-- \/ Yoast SEO plugin. -->","yoast_head_json":{"title":"Allgeier ver\u00e4u\u00dfert Gesch\u00e4ftsteil an Cancom - Allgeier SE","robots":{"index":"index","follow":"follow","max-snippet":"max-snippet:-1","max-image-preview":"max-image-preview:large","max-video-preview":"max-video-preview:-1"},"canonical":"https:\/\/www.allgeier.com\/de\/investor-relations\/adhoc-announcements\/allgeier-veraeussert-geschaeftsteil-an-cancom-2\/","og_locale":"de_DE","og_type":"article","og_title":"Allgeier ver\u00e4u\u00dfert Gesch\u00e4ftsteil an Cancom - Allgeier SE","og_description":"M\u00fcnchen, 18.03.2014 - Vorstand und Aufsichtsrat der Allgeier SE (ISIN DE0005086300, WKN 508630) haben heute entschieden, die Tochtergesellschaft Didas Business Services GmbH mit Sitz in Langenfeld an die Cancom SE zu ver\u00e4u\u00dfern. Ker","og_url":"https:\/\/www.allgeier.com\/de\/investor-relations\/adhoc-announcements\/allgeier-veraeussert-geschaeftsteil-an-cancom-2\/","og_site_name":"Allgeier SE","article_modified_time":"2025-07-23T10:27:41+00:00","twitter_card":"summary_large_image","twitter_misc":{"Gesch\u00e4tzte Lesezeit":"3\u00a0Minuten"},"schema":{"@context":"https:\/\/schema.org","@graph":[{"@type":"WebPage","@id":"https:\/\/www.allgeier.com\/de\/investor-relations\/adhoc-announcements\/allgeier-veraeussert-geschaeftsteil-an-cancom-2\/","url":"https:\/\/www.allgeier.com\/de\/investor-relations\/adhoc-announcements\/allgeier-veraeussert-geschaeftsteil-an-cancom-2\/","name":"Allgeier ver\u00e4u\u00dfert Gesch\u00e4ftsteil an Cancom - Allgeier SE","isPartOf":{"@id":"https:\/\/www.allgeier.com\/de\/#website"},"datePublished":"2014-03-18T15:25:42+00:00","dateModified":"2025-07-23T10:27:41+00:00","breadcrumb":{"@id":"https:\/\/www.allgeier.com\/de\/investor-relations\/adhoc-announcements\/allgeier-veraeussert-geschaeftsteil-an-cancom-2\/#breadcrumb"},"inLanguage":"de","potentialAction":[{"@type":"ReadAction","target":["https:\/\/www.allgeier.com\/de\/investor-relations\/adhoc-announcements\/allgeier-veraeussert-geschaeftsteil-an-cancom-2\/"]}]},{"@type":"BreadcrumbList","@id":"https:\/\/www.allgeier.com\/de\/investor-relations\/adhoc-announcements\/allgeier-veraeussert-geschaeftsteil-an-cancom-2\/#breadcrumb","itemListElement":[{"@type":"ListItem","position":1,"name":"Home","item":"https:\/\/www.allgeier.com\/de\/"},{"@type":"ListItem","position":2,"name":"Investor Relations","item":"https:\/\/www.allgeier.com\/de\/investor-relations\/"},{"@type":"ListItem","position":3,"name":"Ad hoc-Mitteilungen","item":"https:\/\/www.allgeier.com\/de\/investor-relations\/adhoc-announcements\/"},{"@type":"ListItem","position":4,"name":"Allgeier ver\u00e4u\u00dfert Gesch\u00e4ftsteil an Cancom"}]},{"@type":"WebSite","@id":"https:\/\/www.allgeier.com\/de\/#website","url":"https:\/\/www.allgeier.com\/de\/","name":"Allgeier SE","description":"Software &amp; IT Services for digital transformation","potentialAction":[{"@type":"SearchAction","target":{"@type":"EntryPoint","urlTemplate":"https:\/\/www.allgeier.com\/de\/?s={search_term_string}"},"query-input":{"@type":"PropertyValueSpecification","valueRequired":true,"valueName":"search_term_string"}}],"inLanguage":"de"}]}},"_links":{"self":[{"href":"https:\/\/www.allgeier.com\/de\/wp-json\/wp\/v2\/pages\/7151","targetHints":{"allow":["GET"]}}],"collection":[{"href":"https:\/\/www.allgeier.com\/de\/wp-json\/wp\/v2\/pages"}],"about":[{"href":"https:\/\/www.allgeier.com\/de\/wp-json\/wp\/v2\/types\/page"}],"author":[{"embeddable":true,"href":"https:\/\/www.allgeier.com\/de\/wp-json\/wp\/v2\/users\/4"}],"replies":[{"embeddable":true,"href":"https:\/\/www.allgeier.com\/de\/wp-json\/wp\/v2\/comments?post=7151"}],"version-history":[{"count":1,"href":"https:\/\/www.allgeier.com\/de\/wp-json\/wp\/v2\/pages\/7151\/revisions"}],"predecessor-version":[{"id":7152,"href":"https:\/\/www.allgeier.com\/de\/wp-json\/wp\/v2\/pages\/7151\/revisions\/7152"}],"up":[{"embeddable":true,"href":"https:\/\/www.allgeier.com\/de\/wp-json\/wp\/v2\/pages\/1155"}],"wp:attachment":[{"href":"https:\/\/www.allgeier.com\/de\/wp-json\/wp\/v2\/media?parent=7151"}],"wp:term":[{"taxonomy":"category","embeddable":true,"href":"https:\/\/www.allgeier.com\/de\/wp-json\/wp\/v2\/categories?post=7151"},{"taxonomy":"post_tag","embeddable":true,"href":"https:\/\/www.allgeier.com\/de\/wp-json\/wp\/v2\/tags?post=7151"}],"curies":[{"name":"wp","href":"https:\/\/api.w.org\/{rel}","templated":true}]}}