{"id":7155,"date":"2014-07-29T12:35:07","date_gmt":"2014-07-29T12:35:07","guid":{"rendered":"https:\/\/www.allgeier.com\/de\/?page_id=7155"},"modified":"2025-07-23T10:27:41","modified_gmt":"2025-07-23T10:27:41","slug":"allgeier-se-allgeier-meldet-halbjahreszahlen-2","status":"publish","type":"page","link":"https:\/\/www.allgeier.com\/de\/investor-relations\/adhoc-announcements\/allgeier-se-allgeier-meldet-halbjahreszahlen-2\/","title":{"rendered":"ALLGEIER SE: Allgeier meldet Halbjahreszahlen"},"content":{"rendered":"<p><b>ALLGEIER SE  \/ Schlagwort(e): Halbjahresergebnis<\/b><\/p>\n<p>29.07.2014 14:35<\/p>\n<p>Ver\u00f6ffentlichung einer Ad-hoc-Mitteilung nach \u00a7 15 WpHG, \u00fcbermittelt durch<br \/>\ndie DGAP &#8211; ein Unternehmen der EQS Group AG.<br \/>\nF\u00fcr den Inhalt der Mitteilung ist der Emittent verantwortlich.<\/p>\n<p>&#8212;&#8212;&#8212;&#8212;&#8212;&#8212;&#8212;&#8212;&#8212;&#8212;&#8212;&#8212;&#8212;&#8212;&#8212;&#8212;&#8212;&#8212;&#8212;&#8212;&#8212;&#8212;&#8212;&#8212;&#8212;<\/p>\n<p>M\u00fcnchen, 29.07.2014 &#8211; Allgeier SE (ISIN DE0005086300, WKN 508630)<br \/>\nverzeichnet gem\u00e4\u00df vorl\u00e4ufiger Zahlen in den ersten sechs Monaten des<br \/>\nGesch\u00e4ftsjahres 2014 (01. Januar 2014 &#8211; 30. Juni 2014) eine stabile<br \/>\nUmsatzentwicklung. Das vorl\u00e4ufige EBITDA ging aufgrund der<br \/>\nGesch\u00e4ftsentwicklung im Segment Experts zur\u00fcck. Die beiden \u00fcbrigen Segmente<br \/>\nkonnten dagegen zum Teil deutliches Wachstum berichten. Der vorl\u00e4ufige<br \/>\nKonzernumsatz einschlie\u00dflich des aufgegebenen Gesch\u00e4fts blieb im ersten<br \/>\nHalbjahr 2014 gegen\u00fcber den ersten sechs Monaten des Jahres 2013 mit 226,6<br \/>\nMio. Euro nahezu unver\u00e4ndert (Vorjahr: 227,3 Mio. Euro). Das vorl\u00e4ufige<br \/>\nEBITDA einschlie\u00dflich des aufgegebenen Gesch\u00e4fts fiel gegen\u00fcber dem<br \/>\nVergleichszeitraum des Vorjahres um 7 Prozent auf 11,5 Mio. Euro (Vorjahr:<br \/>\n12,3 Mio. Euro). Das vorl\u00e4ufige EBIT (Ergebnis vor Zinsen und Steuern)<br \/>\neinschlie\u00dflich des aufgegebenen Gesch\u00e4fts ging entsprechend auf 5,0 Mio.<br \/>\nEuro zur\u00fcck (Vorjahr: 6,2 Mio. Euro). Das vorl\u00e4ufige EBT (Ergebnis vor<br \/>\nSteuern) erreichte mit 3,3 Mio. Euro nahezu das Ergebnis der<br \/>\nVorjahresperiode (Vorjahr: 3,5 Mio. Euro). Nach Abzug eines vorl\u00e4ufigen<br \/>\nSteueraufwands von 1,5 Mio. Euro (Vorjahr: 1,4 Mio. Euro) erreichte<br \/>\nAllgeier im ersten Halbjahr 2014 ein vorl\u00e4ufiges Periodenergebnis von 1,8<br \/>\nMio. Euro (Vorjahr: 2,1 Mio. Euro). Dabei betrug der vorl\u00e4ufige Umsatz des<br \/>\nfortgef\u00fchrten Gesch\u00e4fts (ohne das aufgegebene Gesch\u00e4ft) im Berichtszeitraum<br \/>\n202,4 Mio. Euro (Vorjahr: 202,9 Mio. Euro). Das vorl\u00e4ufige EBITDA des<br \/>\nfortgef\u00fchrten Gesch\u00e4fts betrug w\u00e4hrend der Periode 10,7 Mio. Euro (Vorjahr:<br \/>\n11,8 Mio. Euro).<\/p>\n<p>Der in den Halbjahreszahlen als aufgegebenes Gesch\u00e4ft gezeigte<br \/>\nGesch\u00e4ftsbereich wird im Juli 2014 endkonsolidiert. Aus dem Abgang dieses<br \/>\nGesch\u00e4fts erwartet der Allgeier Konzern einen Ertrag aus der Ver\u00e4u\u00dferung<br \/>\nvon rund 1 Mio. Euro.<\/p>\n<p>Die Bilanzsumme reduzierte sich im ersten Halbjahr 2014 gem\u00e4\u00df vorl\u00e4ufiger<br \/>\nZahlen mit 283,2 Mio. Euro am 30. Juni 2014 gegen\u00fcber dem Jahresende 2013<br \/>\nleicht (31. Dezember 2013: 289,3 Mio. Euro). Der R\u00fcckgang der Bilanzsumme<br \/>\nist wesentlich auf saisonale und stichtagsbedingte Schwankungen des Working<br \/>\nCapitals, im ersten Halbjahr 2014 erfolgte Auszahlungen im Rahmen der<br \/>\nAkquisitionst\u00e4tigkeit sowie die Zahlung der Dividende auf das Ergebnis des<br \/>\nGesch\u00e4ftsjahres 2013 an die Aktion\u00e4re der Allgeier SE zur\u00fcckzuf\u00fchren. Der<br \/>\nAllgeier Konzern verf\u00fcgt zum Bilanzstichtag \u00fcber liquide Mittel in H\u00f6he von<br \/>\n35,0 Mio. Euro (31. Dezember 2013: 46,7 Mio. Euro). Die kurz- und<br \/>\nlangfristigen Finanzschulden haben sich zum 30. Juni 2014 auf 77,9 Mio.<br \/>\nEuro erh\u00f6ht (31. Dezember 2013: 75,5 Mio. Euro). Das Konzerneigenkapital<br \/>\nreduzierte sich leicht auf 93,3 Mio. Euro am 30. Juni 2014 (31. Dezember<br \/>\n2013: 94,7 Mio. Euro).<\/p>\n<p>Der Halbjahresfinanzbericht 2014 der Allgeier SE wird am 14. August 2014<br \/>\nver\u00f6ffentlicht und ist dann unter www.allgeier.com einzusehen.<\/p>\n<p>Kontakt:<br \/>\nAllgeier SE<br \/>\nCorporate Communications &amp; Investor Relations<br \/>\nDr. Christopher Gro\u00dfe<br \/>\nWehrlestra\u00dfe 12<br \/>\n81679 M\u00fcnchen<br \/>\nTel.: +49 (0)89\/998421-0<br \/>\nFax: +49 (0)89\/998421-11<br \/>\nE-Mail: ir@allgeier.com<br \/>\nWeb: www.allgeier.com<\/p>\n<p>Allgeier SE ist eines der f\u00fchrenden IT-Unternehmen f\u00fcr Business<br \/>\nPerformance: Mit einer auf Innovationen und Zukunftstrends ausgerichteten<br \/>\nWachstumsstrategie sowie einem integrativen unternehmerischen Modell<br \/>\nverbindet Allgeier die Vorteile eines internationalen Anbieters mit den<br \/>\nTugenden mittelst\u00e4ndischer Unternehmer. Operative Divisionen mit<br \/>\nindividuellen fachlichen oder branchenbezogenen Schwerpunkten arbeiten<br \/>\ngemeinsam f\u00fcr \u00fcber 2.000 Kunden aus nahezu allen Branchen. Mit \u00fcber 4.600<br \/>\nangestellten Mitarbeitern und mehr als 1.300 freiberuflichen Experten<br \/>\nbietet Allgeier den Kunden als One-Stop-Shop ein umfassendes L\u00f6sungs- und<br \/>\nLeistungsportfolio. Zu den Kunden von Allgeier z\u00e4hlen global arbeitende<br \/>\nKonzerne genauso wie innovative mittelst\u00e4ndische Betriebe, die sich durch<br \/>\nleistungsstarke IT-L\u00f6sungen, intelligente Software und flexible<br \/>\nPersonaldienstleistungen strategische Vorteile sichern wollen. Die stark<br \/>\nwachsende Gruppe mit Hauptsitz in M\u00fcnchen verf\u00fcgt \u00fcber mehr als 90<br \/>\nNiederlassungen im deutschsprachigen Raum, im \u00fcbrigen Europa sowie in<br \/>\nIndien, Mexiko und den USA. 2013 erzielte Allgeier einen Umsatz von 478<br \/>\nMio. Euro. Allgeier SE belegt in der L\u00fcnendonk(R)-Liste 2014 &#8222;F\u00fchrende<br \/>\ndeutsche mittelst\u00e4ndische IT-Beratungs- und Systemintegrations-Unternehmen&#8220;<br \/>\nden ersten Platz. Die Division Allgeier Experts ist nach<br \/>\nL\u00fcnendonk(R)-Marktsegmentstudie 2013 &#8222;Der Markt f\u00fcr Rekrutierung,<br \/>\nVermittlung und Steuerung von IT-Freelancern in Deutschland&#8220; unter den TOP<br \/>\n3 IT-Personaldienstleistern in Deutschland. Die Gesellschaft ist am<br \/>\nRegulierten Markt der Frankfurter Wertpapierb\u00f6rse im General Standard<br \/>\ngelistet (WKN 508630, ISIN DE0005086300). Weitere Informationen unter:<br \/>\nwww.allgeier.com.<\/p>\n<p>29.07.2014 Die DGAP Distributionsservices umfassen gesetzliche<br \/>\nMeldepflichten, Corporate News\/Finanznachrichten und Pressemitteilungen.<br \/>\nDGAP-Medienarchive unter www.dgap-medientreff.de und www.dgap.de<\/p>\n<p>&#8212;&#8212;&#8212;&#8212;&#8212;&#8212;&#8212;&#8212;&#8212;&#8212;&#8212;&#8212;&#8212;&#8212;&#8212;&#8212;&#8212;&#8212;&#8212;&#8212;&#8212;&#8212;&#8212;&#8212;&#8212;<\/p>\n<p>Sprache:      Deutsch<br \/>\nUnternehmen:  ALLGEIER SE<br \/>\n              Wehrlestra\u00dfe 12<br \/>\n              81679 M\u00fcnchen<br \/>\n              Deutschland<br \/>\nTelefon:      +49 (0) 89 &#8211; 99 84 21 0<br \/>\nFax:          +49 (0) 89 &#8211; 99 84 21 11<br \/>\nE-Mail:       info@allgeier.com<br \/>\nInternet:     http:\/\/www.allgeier.com<br \/>\nISIN:         DE0005086300<br \/>\nWKN:          508630<br \/>\nIndizes:      CDAX<br \/>\nB\u00f6rsen:       Regulierter Markt in Frankfurt (General Standard);<br \/>\n              Freiverkehr in Berlin, D\u00fcsseldorf, Hamburg, Stuttgart<\/p>\n<p>Ende der Mitteilung                             DGAP News-Service<\/p>\n<p>&#8212;&#8212;&#8212;&#8212;&#8212;&#8212;&#8212;&#8212;&#8212;&#8212;&#8212;&#8212;&#8212;&#8212;&#8212;&#8212;&#8212;&#8212;&#8212;&#8212;&#8212;&#8212;&#8212;&#8212;&#8212;<\/p>\n","protected":false},"excerpt":{"rendered":"<p>M\u00fcnchen, 29.07.2014 &#8211; Allgeier SE (ISIN DE0005086300, WKN 508630) verzeichnet gem\u00e4\u00df vorl\u00e4ufiger Zahlen in den ersten sechs Monaten des Gesch\u00e4ftsjahres 2014 (01. Januar 2014 &#8211; 30. Juni 2014) eine stabile Umsatzentwicklung. Das vorl\u00e4ufige EBITDA ging aufgrund<\/p>\n","protected":false},"author":4,"featured_media":0,"parent":1155,"menu_order":0,"comment_status":"close","ping_status":"closed","template":"","meta":{"_acf_changed":false,"footnotes":""},"categories":[],"tags":[],"class_list":["post-7155","page","type-page","status-publish","hentry"],"acf":[],"yoast_head":"<!-- This site is optimized with the Yoast SEO plugin v27.4 - https:\/\/yoast.com\/product\/yoast-seo-wordpress\/ -->\n<title>ALLGEIER SE: Allgeier meldet Halbjahreszahlen - Allgeier SE<\/title>\n<meta name=\"robots\" content=\"index, follow, max-snippet:-1, max-image-preview:large, max-video-preview:-1\" \/>\n<link rel=\"canonical\" href=\"https:\/\/www.allgeier.com\/de\/investor-relations\/adhoc-announcements\/allgeier-se-allgeier-meldet-halbjahreszahlen-2\/\" \/>\n<meta property=\"og:locale\" content=\"de_DE\" \/>\n<meta property=\"og:type\" content=\"article\" \/>\n<meta property=\"og:title\" content=\"ALLGEIER SE: Allgeier meldet Halbjahreszahlen - Allgeier SE\" \/>\n<meta property=\"og:description\" content=\"M\u00fcnchen, 29.07.2014 - Allgeier SE (ISIN DE0005086300, WKN 508630) verzeichnet gem\u00e4\u00df vorl\u00e4ufiger Zahlen in den ersten sechs Monaten des Gesch\u00e4ftsjahres 2014 (01. Januar 2014 - 30. Juni 2014) eine stabile Umsatzentwicklung. Das vorl\u00e4ufige EBITDA ging aufgrund\" \/>\n<meta property=\"og:url\" content=\"https:\/\/www.allgeier.com\/de\/investor-relations\/adhoc-announcements\/allgeier-se-allgeier-meldet-halbjahreszahlen-2\/\" \/>\n<meta property=\"og:site_name\" content=\"Allgeier SE\" \/>\n<meta property=\"article:modified_time\" content=\"2025-07-23T10:27:41+00:00\" \/>\n<meta name=\"twitter:card\" content=\"summary_large_image\" \/>\n<meta name=\"twitter:label1\" content=\"Gesch\u00e4tzte Lesezeit\" \/>\n\t<meta name=\"twitter:data1\" content=\"4\u00a0Minuten\" \/>\n<script type=\"application\/ld+json\" class=\"yoast-schema-graph\">{\"@context\":\"https:\\\/\\\/schema.org\",\"@graph\":[{\"@type\":\"WebPage\",\"@id\":\"https:\\\/\\\/www.allgeier.com\\\/de\\\/investor-relations\\\/adhoc-announcements\\\/allgeier-se-allgeier-meldet-halbjahreszahlen-2\\\/\",\"url\":\"https:\\\/\\\/www.allgeier.com\\\/de\\\/investor-relations\\\/adhoc-announcements\\\/allgeier-se-allgeier-meldet-halbjahreszahlen-2\\\/\",\"name\":\"ALLGEIER SE: Allgeier meldet Halbjahreszahlen - Allgeier SE\",\"isPartOf\":{\"@id\":\"https:\\\/\\\/www.allgeier.com\\\/de\\\/#website\"},\"datePublished\":\"2014-07-29T12:35:07+00:00\",\"dateModified\":\"2025-07-23T10:27:41+00:00\",\"breadcrumb\":{\"@id\":\"https:\\\/\\\/www.allgeier.com\\\/de\\\/investor-relations\\\/adhoc-announcements\\\/allgeier-se-allgeier-meldet-halbjahreszahlen-2\\\/#breadcrumb\"},\"inLanguage\":\"de\",\"potentialAction\":[{\"@type\":\"ReadAction\",\"target\":[\"https:\\\/\\\/www.allgeier.com\\\/de\\\/investor-relations\\\/adhoc-announcements\\\/allgeier-se-allgeier-meldet-halbjahreszahlen-2\\\/\"]}]},{\"@type\":\"BreadcrumbList\",\"@id\":\"https:\\\/\\\/www.allgeier.com\\\/de\\\/investor-relations\\\/adhoc-announcements\\\/allgeier-se-allgeier-meldet-halbjahreszahlen-2\\\/#breadcrumb\",\"itemListElement\":[{\"@type\":\"ListItem\",\"position\":1,\"name\":\"Home\",\"item\":\"https:\\\/\\\/www.allgeier.com\\\/de\\\/\"},{\"@type\":\"ListItem\",\"position\":2,\"name\":\"Investor Relations\",\"item\":\"https:\\\/\\\/www.allgeier.com\\\/de\\\/investor-relations\\\/\"},{\"@type\":\"ListItem\",\"position\":3,\"name\":\"Ad hoc-Mitteilungen\",\"item\":\"https:\\\/\\\/www.allgeier.com\\\/de\\\/investor-relations\\\/adhoc-announcements\\\/\"},{\"@type\":\"ListItem\",\"position\":4,\"name\":\"ALLGEIER SE: Allgeier meldet Halbjahreszahlen\"}]},{\"@type\":\"WebSite\",\"@id\":\"https:\\\/\\\/www.allgeier.com\\\/de\\\/#website\",\"url\":\"https:\\\/\\\/www.allgeier.com\\\/de\\\/\",\"name\":\"Allgeier SE\",\"description\":\"Software &amp; IT Services for digital transformation\",\"potentialAction\":[{\"@type\":\"SearchAction\",\"target\":{\"@type\":\"EntryPoint\",\"urlTemplate\":\"https:\\\/\\\/www.allgeier.com\\\/de\\\/?s={search_term_string}\"},\"query-input\":{\"@type\":\"PropertyValueSpecification\",\"valueRequired\":true,\"valueName\":\"search_term_string\"}}],\"inLanguage\":\"de\"}]}<\/script>\n<!-- \/ Yoast SEO plugin. -->","yoast_head_json":{"title":"ALLGEIER SE: Allgeier meldet Halbjahreszahlen - Allgeier SE","robots":{"index":"index","follow":"follow","max-snippet":"max-snippet:-1","max-image-preview":"max-image-preview:large","max-video-preview":"max-video-preview:-1"},"canonical":"https:\/\/www.allgeier.com\/de\/investor-relations\/adhoc-announcements\/allgeier-se-allgeier-meldet-halbjahreszahlen-2\/","og_locale":"de_DE","og_type":"article","og_title":"ALLGEIER SE: Allgeier meldet Halbjahreszahlen - Allgeier SE","og_description":"M\u00fcnchen, 29.07.2014 - Allgeier SE (ISIN DE0005086300, WKN 508630) verzeichnet gem\u00e4\u00df vorl\u00e4ufiger Zahlen in den ersten sechs Monaten des Gesch\u00e4ftsjahres 2014 (01. Januar 2014 - 30. Juni 2014) eine stabile Umsatzentwicklung. Das vorl\u00e4ufige EBITDA ging aufgrund","og_url":"https:\/\/www.allgeier.com\/de\/investor-relations\/adhoc-announcements\/allgeier-se-allgeier-meldet-halbjahreszahlen-2\/","og_site_name":"Allgeier SE","article_modified_time":"2025-07-23T10:27:41+00:00","twitter_card":"summary_large_image","twitter_misc":{"Gesch\u00e4tzte Lesezeit":"4\u00a0Minuten"},"schema":{"@context":"https:\/\/schema.org","@graph":[{"@type":"WebPage","@id":"https:\/\/www.allgeier.com\/de\/investor-relations\/adhoc-announcements\/allgeier-se-allgeier-meldet-halbjahreszahlen-2\/","url":"https:\/\/www.allgeier.com\/de\/investor-relations\/adhoc-announcements\/allgeier-se-allgeier-meldet-halbjahreszahlen-2\/","name":"ALLGEIER SE: Allgeier meldet Halbjahreszahlen - Allgeier SE","isPartOf":{"@id":"https:\/\/www.allgeier.com\/de\/#website"},"datePublished":"2014-07-29T12:35:07+00:00","dateModified":"2025-07-23T10:27:41+00:00","breadcrumb":{"@id":"https:\/\/www.allgeier.com\/de\/investor-relations\/adhoc-announcements\/allgeier-se-allgeier-meldet-halbjahreszahlen-2\/#breadcrumb"},"inLanguage":"de","potentialAction":[{"@type":"ReadAction","target":["https:\/\/www.allgeier.com\/de\/investor-relations\/adhoc-announcements\/allgeier-se-allgeier-meldet-halbjahreszahlen-2\/"]}]},{"@type":"BreadcrumbList","@id":"https:\/\/www.allgeier.com\/de\/investor-relations\/adhoc-announcements\/allgeier-se-allgeier-meldet-halbjahreszahlen-2\/#breadcrumb","itemListElement":[{"@type":"ListItem","position":1,"name":"Home","item":"https:\/\/www.allgeier.com\/de\/"},{"@type":"ListItem","position":2,"name":"Investor Relations","item":"https:\/\/www.allgeier.com\/de\/investor-relations\/"},{"@type":"ListItem","position":3,"name":"Ad hoc-Mitteilungen","item":"https:\/\/www.allgeier.com\/de\/investor-relations\/adhoc-announcements\/"},{"@type":"ListItem","position":4,"name":"ALLGEIER SE: Allgeier meldet Halbjahreszahlen"}]},{"@type":"WebSite","@id":"https:\/\/www.allgeier.com\/de\/#website","url":"https:\/\/www.allgeier.com\/de\/","name":"Allgeier SE","description":"Software &amp; IT Services for digital transformation","potentialAction":[{"@type":"SearchAction","target":{"@type":"EntryPoint","urlTemplate":"https:\/\/www.allgeier.com\/de\/?s={search_term_string}"},"query-input":{"@type":"PropertyValueSpecification","valueRequired":true,"valueName":"search_term_string"}}],"inLanguage":"de"}]}},"_links":{"self":[{"href":"https:\/\/www.allgeier.com\/de\/wp-json\/wp\/v2\/pages\/7155","targetHints":{"allow":["GET"]}}],"collection":[{"href":"https:\/\/www.allgeier.com\/de\/wp-json\/wp\/v2\/pages"}],"about":[{"href":"https:\/\/www.allgeier.com\/de\/wp-json\/wp\/v2\/types\/page"}],"author":[{"embeddable":true,"href":"https:\/\/www.allgeier.com\/de\/wp-json\/wp\/v2\/users\/4"}],"replies":[{"embeddable":true,"href":"https:\/\/www.allgeier.com\/de\/wp-json\/wp\/v2\/comments?post=7155"}],"version-history":[{"count":1,"href":"https:\/\/www.allgeier.com\/de\/wp-json\/wp\/v2\/pages\/7155\/revisions"}],"predecessor-version":[{"id":7156,"href":"https:\/\/www.allgeier.com\/de\/wp-json\/wp\/v2\/pages\/7155\/revisions\/7156"}],"up":[{"embeddable":true,"href":"https:\/\/www.allgeier.com\/de\/wp-json\/wp\/v2\/pages\/1155"}],"wp:attachment":[{"href":"https:\/\/www.allgeier.com\/de\/wp-json\/wp\/v2\/media?parent=7155"}],"wp:term":[{"taxonomy":"category","embeddable":true,"href":"https:\/\/www.allgeier.com\/de\/wp-json\/wp\/v2\/categories?post=7155"},{"taxonomy":"post_tag","embeddable":true,"href":"https:\/\/www.allgeier.com\/de\/wp-json\/wp\/v2\/tags?post=7155"}],"curies":[{"name":"wp","href":"https:\/\/api.w.org\/{rel}","templated":true}]}}