{"id":7158,"date":"2015-04-21T12:39:37","date_gmt":"2015-04-21T12:39:37","guid":{"rendered":"https:\/\/www.allgeier.com\/de\/?page_id=7158"},"modified":"2025-07-23T10:27:41","modified_gmt":"2025-07-23T10:27:41","slug":"allgeier-se-aufsichtsrat-billigt-jahresabschluss-und-schlaegt-dividende-vor-vorstand-sieht-positiven-ausblick-fuer-2015-2","status":"publish","type":"page","link":"https:\/\/www.allgeier.com\/de\/investor-relations\/adhoc-announcements\/allgeier-se-aufsichtsrat-billigt-jahresabschluss-und-schlaegt-dividende-vor-vorstand-sieht-positiven-ausblick-fuer-2015-2\/","title":{"rendered":"ALLGEIER SE: Aufsichtsrat billigt Jahresabschluss und schl\u00e4gt Dividende vor; Vorstand sieht positiven Ausblick f\u00fcr 2015"},"content":{"rendered":"<p><b>ALLGEIER SE  \/ Schlagwort(e): Jahresergebnis\/Dividende<\/b><\/p>\n<p>21.04.2015 14:39<\/p>\n<p>Ver\u00f6ffentlichung einer Ad-hoc-Mitteilung nach \u00a7 15 WpHG, \u00fcbermittelt durch<br \/>\nDGAP &#8211; ein Service der EQS Group AG.<br \/>\nF\u00fcr den Inhalt der Mitteilung ist der Emittent verantwortlich.<\/p>\n<p>&#8212;&#8212;&#8212;&#8212;&#8212;&#8212;&#8212;&#8212;&#8212;&#8212;&#8212;&#8212;&#8212;&#8212;&#8212;&#8212;&#8212;&#8212;&#8212;&#8212;&#8212;&#8212;&#8212;&#8212;&#8212;<\/p>\n<p>M\u00fcnchen, 21.04.2015 &#8211; Der Aufsichtsrat der Allgeier SE (ISIN DE0005086300,<br \/>\nWKN 508630) hat in seiner Sitzung am 21. April 2015 den testierten Jahres-<br \/>\nund Konzernabschluss der Allgeier SE f\u00fcr das Gesch\u00e4ftsjahr 2014 gebilligt.<br \/>\nDer Jahresabschluss ist damit festgestellt. Die finalen Konzernzahlen<br \/>\nentsprechen im Wesentlichen den in der Ad hoc-Mitteilung vom 06. M\u00e4rz 2015<br \/>\nangek\u00fcndigten vorl\u00e4ufigen Zahlen.<\/p>\n<p>Umsatz und Ergebnisentwicklung nach IFRS<\/p>\n<p>Der Allgeier Konzern hat im abgelaufenen Gesch\u00e4ftsjahr 2014 (01. Januar<br \/>\n2014 bis 31. Dezember 2014) ein Umsatzwachstum im fortgef\u00fchrten Gesch\u00e4ft<br \/>\nnach IFRS um 3 Prozent auf 428,2 Mio. Euro (Vorjahr: 414,8 Mio. Euro)<br \/>\nerzielt. Das EBITDA des fortgef\u00fchrten Gesch\u00e4fts nach IFRS lag bei 23,9 Mio.<br \/>\nEuro (Vorjahr: 29,8 Mio. Euro). Nach Abschreibungen erreichte Allgeier im<br \/>\nfortgef\u00fchrten Gesch\u00e4ft ein EBIT nach IFRS von 11,1 Mio. Euro (Vorjahr: 16,5<br \/>\nMio. Euro). Nach Zinsen erzielte der Konzern ein Ergebnis vor Steuern aus<br \/>\nfortgef\u00fchrtem Gesch\u00e4ft in H\u00f6he von 6,2 Mio. Euro (Vorjahr: 12,5 Mio. Euro).<br \/>\nDas Periodenergebnis des fortgef\u00fchrten Gesch\u00e4fts nach IFRS lag bei 1,1 Mio.<br \/>\nEuro (Vorjahr: 5,4 Mio. Euro). Einschlie\u00dflich des Ertrags aus Ver\u00e4u\u00dferung<br \/>\nerreichte der Allgeier Konzern im aufgegebenen und fortgef\u00fchrten Gesch\u00e4ft<br \/>\nim Gesch\u00e4ftsjahr 2014 ein Gesamtergebnis der Periode nach IFRS von 2,6 Mio.<br \/>\nEuro (Vorjahr 3,7 Mio. Euro). Das Ergebnis je Aktie des gesamten Allgeier<br \/>\nKonzerns (aufgegebenes und fortgef\u00fchrtes Gesch\u00e4ft) betr\u00e4gt im Berichtsjahr<br \/>\n0,23 Euro (Vorjahr: 0,42 Euro). Das um die Abschreibungen aus<br \/>\nAkquisitionst\u00e4tigkeit bereinigte und mit normalisierten Steuern gerechnete<br \/>\nErgebnis je Aktie des fortgef\u00fchrten Gesch\u00e4fts betrug im Berichtsjahr 1,18<br \/>\nEuro (Vorjahr: 1,52 Euro).<\/p>\n<p>Eckdaten der Bilanz<\/p>\n<p>Das Eigenkapital stieg auf 100,7 Mio. Euro zum 31. Dezember 2014 (Vorjahr:<br \/>\n94,7 Mio. Euro). Dem Anstieg der liquiden Mittel von 46,7 Mio. Euro im<br \/>\nVorjahr auf 98,0 Mio. Euro zum 31. Dezember 2014 stand ein Anstieg der<br \/>\nFinanzschulden von 75,5 Mio. Euro am Jahresende 2013 auf 125,2 Mio. Euro<br \/>\nzum Ende des Berichtsjahr gegen\u00fcber. Hauptfaktor f\u00fcr beide Effekte ist die<br \/>\nPlatzierung eines neuen Schuldscheindarlehens im Dezember 2014, mit dem<br \/>\nAllgeier zu deutlich verbesserten Konditionen mittel- und langfristige<br \/>\nFinanzierungssicherheit f\u00fcr die gesamte Unternehmensgruppe geschaffen hat.<\/p>\n<p>Gewinnverwendung<\/p>\n<p>Der Aufsichtsrat hat heute, am 21. April 2015, beschlossen, der<br \/>\nHauptversammlung vorzuschlagen, aus dem im Jahresabschluss der Allgeier SE<br \/>\nausgewiesenen Bilanzgewinn per 31. Dezember 2014 in H\u00f6he von 19.994.078,33<br \/>\nEuro eine Dividende in H\u00f6he von 0,50 Euro je Aktie an die Aktion\u00e4re<br \/>\nauszusch\u00fctten. Der verbleibende Bilanzgewinn soll auf neue Rechnung<br \/>\nvorgetragen werden.<\/p>\n<p>Ausblick 2015<\/p>\n<p>Entsprechend der Aussage im Lagebericht zum 31. Dezember 2014 erwartet der<br \/>\nVorstand gem\u00e4\u00df der Planung f\u00fcr das Gesch\u00e4ftsjahr 2015 f\u00fcr das fortgef\u00fchrte<br \/>\nGesch\u00e4ft insgesamt ein Umsatzwachstum in einer Gr\u00f6\u00dfenordnung zwischen 10<br \/>\nund 15 Prozent. Die EBITDA-Marge (vor au\u00dferordentlichen und periodenfremden<br \/>\nEffekten) soll in der Gr\u00f6\u00dfenordnung von einem Prozentpunkt steigen, was<br \/>\nein \u00fcberproportionales EBITDA-Wachstum in der Gr\u00f6\u00dfenordnung eines<br \/>\nzweistelligen Prozentbetrages bedeutet.<\/p>\n<p>Dar\u00fcber hinaus sollen zielgerichtete Akquisitionen im Jahr 2015 dazu<br \/>\nbeitragen, das Wachstum und die Positionierung der Gruppe sowie der<br \/>\neinzelnen Segmente im Markt zu unterst\u00fctzen und zu beschleunigen. Die<br \/>\nbeabsichtigten Investitionen wird Allgeier aus eigenen Mitteln sowie aus<br \/>\nFremdkapital finanzieren. Zu diesem Zweck werden bestehende und neue<br \/>\nFinanzierungen laufend gepr\u00fcft und ggf. angepasst. Dies schlie\u00dft auch die<br \/>\nPr\u00fcfung der M\u00f6glichkeiten f\u00fcr eigenkapitalbasierte Finanzierungen mit ein.<\/p>\n<p>Der Kursverlauf der Allgeier Aktie im zweiten Halbjahr 2014 kann dabei noch<br \/>\nnicht zufrieden stellen. Nach H\u00f6chstst\u00e4nden im ersten Halbjahr 2014 von bis<br \/>\nzu \u00fcber 19,00 Euro je Aktie ging der Kurs im zweiten Halbjahr 2014 deutlich<br \/>\nzur\u00fcck bis auf etwa 14,00 Euro zum Jahresende 2014. Seitdem hat sich der<br \/>\nKurs bis heute etwas erholt auf ein Niveau von \u00fcber 16,00 Euro. Dies<br \/>\nentspricht einer Marktkapitalisierung in der Gr\u00f6\u00dfenordnung von 150 Mio.<br \/>\nEuro.<\/p>\n<p>In den vergangen Monaten haben verschiedene Interessenten gegen\u00fcber der<br \/>\nGesellschaft ein grunds\u00e4tzliches Interesse am Erwerb verschiedener<br \/>\neinzelner Beteiligungen oder einzelner Gesch\u00e4ftssegmente des Portfolios<br \/>\nge\u00e4u\u00dfert. Das Management hat vor diesem Hintergrund eigene Berechnungen zum<br \/>\nWert der einzelnen Gesch\u00e4ftssegmente durch Vergleiche mit<br \/>\nWettbewerbsunternehmen (Peer Group) auf Basis von aus Sicht des Managements<br \/>\nangemessenen EBITDA-Multiplikatoren (Enterprise Value\/EBITDA 2014\/2015)<br \/>\nangestellt. Bei Anwendung auf das erwartete EBITDA 2015 der einzelnen<br \/>\nGesch\u00e4ftsbereiche einschlie\u00dflich bereits in 2015 get\u00e4tigter oder erwarteter<br \/>\nAkquisitionen ergibt sich f\u00fcr die operativen Gesch\u00e4ftssegmente ein<br \/>\nGesamtwert von ca. 330 Mio. Euro bis 400 Mio. Euro (Enterprise Value<br \/>\nBewertungen vor Abzug von Nettoverm\u00f6gen\/ Verbindlichkeiten). Dazu tragen<br \/>\nnach Ansicht des Management die einzelnen Segmente in folgender<br \/>\nGr\u00f6\u00dfenordnung bei: Experts 130 Mio. Euro bis 150 Mio. Euro, Projects 150<br \/>\nMio. Euro bis 185 Mio. Euro, Solutions 50 Mio. Euro bis 65 Mio. Euro.<\/p>\n<p>F\u00fcr eine Gesamtbewertung der Allgeier Gruppe sind weiter die<br \/>\nNettoverschuldung der Gruppe (Stand 31. Dezember 2014: knapp 30 Mio. Euro),<br \/>\ndie Kaufpreise f\u00fcr die in 2015 erworbenen oder noch zu erwerbenden<br \/>\nUnternehmen und deren Bilanz sowie der negative EBITDA-Beitrag der Holding<br \/>\nvon ca. 5 Mio. Euro f\u00fcr 2015 zu ber\u00fccksichtigen.<\/p>\n<p>Vor dem Hintergrund dieser \u00fcberschl\u00e4gigen Werteinsch\u00e4tzungen sieht der<br \/>\nVorstand eine deutliche Diskrepanz zwischen der aktuellen<br \/>\nMarktkapitalisierung von ca. 150 Mio. Euro und dem inneren Wert der<br \/>\nGesch\u00e4ftssegmente. Die Gesellschaft er\u00f6rtert deshalb zusammen mit<br \/>\nausgew\u00e4hlten Investmentbanken Optionen, die Zusammensetzung des<br \/>\nBeteiligungsportfolios klarer und f\u00fcr den Kapitalmarkt attraktiver zu<br \/>\ngestalten. In diesem Zusammenhang pr\u00fcft die Gesellschaft neben der<br \/>\nlaufenden Akquisitionst\u00e4tigkeit auch den Verkauf oder die Verselbst\u00e4ndigung<br \/>\nvon Teilen des Portfolios am Kapitalmarkt.<\/p>\n<p>Der Gesch\u00e4ftsbericht 2014 wird am 30. April 2015 ver\u00f6ffentlicht und ist<br \/>\ndann unter www.allgeier.com einzusehen.<\/p>\n<p>Kontakt:<br \/>\nAllgeier SE<br \/>\nCorporate Communications &amp; Investor Relations<br \/>\nDr. Christopher Gro\u00dfe<br \/>\nWehrlestra\u00dfe 12<br \/>\n81679 M\u00fcnchen<br \/>\nTel.: +49 (0)89\/998421-0<br \/>\nFax: +49 (0)89\/998421-11<br \/>\nE-Mail: ir@allgeier.com<br \/>\nWeb: www.allgeier.com<\/p>\n<p>Allgeier SE ist eines der f\u00fchrenden IT-Unternehmen f\u00fcr Business<br \/>\nPerformance: Mit einer auf Innovationen und Zukunftstrends ausgerichteten<br \/>\nWachstumsstrategie sowie einem integrativen unternehmerischen Modell<br \/>\nverbindet Allgeier die Vorteile eines internationalen Anbieters mit den<br \/>\nTugenden mittelst\u00e4ndischer Unternehmer. Operative Gesch\u00e4ftsbereiche mit<br \/>\nindividuellen fachlichen oder branchenbezogenen Schwerpunkten arbeiten<br \/>\ngemeinsam f\u00fcr \u00fcber 3.000 Kunden aus nahezu allen Branchen. Mit \u00fcber 5.300<br \/>\nangestellten Mitarbeitern und mehr als 1.200 freiberuflichen Experten<br \/>\nbietet Allgeier den Kunden als One-Stop-Shop ein umfassendes L\u00f6sungs- und<br \/>\nLeistungsportfolio. Allgeier bildet mit einem hochflexiblen Delivery-Modell<br \/>\ndas komplette IT-Leistungsspektrum von Onsite \u00fcber Nearshore bis hin zu<br \/>\nOffshore ab: Mit einem starken Standbein in Indien werden Flexibilit\u00e4t und<br \/>\nh\u00f6chste Skalierbarkeit der Leistungen sowie hochqualifiziertes<br \/>\nExpertenwissen in der High-End-Softwareentwicklung sichergestellt. Zu den<br \/>\nKunden von Allgeier z\u00e4hlen global arbeitende Konzerne genauso wie<br \/>\ninnovative mittelst\u00e4ndische Betriebe, die sich durch leistungsstarke<br \/>\nIT-L\u00f6sungen, intelligente Software und flexible Personaldienstleistungen<br \/>\nstrategische Vorteile sichern wollen. Die stark wachsende Gruppe mit<br \/>\nHauptsitz in M\u00fcnchen verf\u00fcgt \u00fcber 100 Niederlassungen im deutschsprachigen<br \/>\nRaum, im \u00fcbrigen Europa sowie in Indien, Singapur, Mexiko und den USA. 2014<br \/>\nerzielte Allgeier einen Umsatz von 428 Mio. Euro (fortgef\u00fchrtes Gesch\u00e4ft).<br \/>\nAllgeier SE belegt in der L\u00fcnendonk(R)-Liste 2014 &#8222;F\u00fchrende deutsche<br \/>\nmittelst\u00e4ndische IT-Beratungs- und Systemintegrations-Unternehmen&#8220; den<br \/>\nersten Platz. Allgeier Experts ist nach L\u00fcnendonk(R)-Marktsegmentstudie<br \/>\n2014 &#8222;Der Markt f\u00fcr Rekrutierung, Vermittlung und Steuerung von<br \/>\nIT-Freelancern in Deutschland&#8220; unter den TOP 3 IT-Personaldienstleistern in<br \/>\nDeutschland. Die Gesellschaft ist am Regulierten Markt der Frankfurter<br \/>\nWertpapierb\u00f6rse im General Standard gelistet (WKN 508630, ISIN<br \/>\nDE0005086300). Weitere Informationen unter: www.allgeier.com.<\/p>\n<p>21.04.2015 Die DGAP Distributionsservices umfassen gesetzliche<br \/>\nMeldepflichten, Corporate News\/Finanznachrichten und Pressemitteilungen.<br \/>\nDGAP-Medienarchive unter www.dgap-medientreff.de und www.dgap.de<\/p>\n<p>&#8212;&#8212;&#8212;&#8212;&#8212;&#8212;&#8212;&#8212;&#8212;&#8212;&#8212;&#8212;&#8212;&#8212;&#8212;&#8212;&#8212;&#8212;&#8212;&#8212;&#8212;&#8212;&#8212;&#8212;&#8212;<\/p>\n<p>Sprache:      Deutsch<br \/>\nUnternehmen:  ALLGEIER SE<br \/>\n              Wehrlestra\u00dfe 12<br \/>\n              81679 M\u00fcnchen<br \/>\n              Deutschland<br \/>\nTelefon:      +49 (0) 89 &#8211; 99 84 21 0<br \/>\nFax:          +49 (0) 89 &#8211; 99 84 21 11<br \/>\nE-Mail:       info@allgeier.com<br \/>\nInternet:     http:\/\/www.allgeier.com<br \/>\nISIN:         DE0005086300<br \/>\nWKN:          508630<br \/>\nIndizes:      CDAX<br \/>\nB\u00f6rsen:       Regulierter Markt in Frankfurt (General Standard);<br \/>\n              Freiverkehr in Berlin, D\u00fcsseldorf, Hamburg, Stuttgart<\/p>\n<p>Ende der Mitteilung                             DGAP News-Service<\/p>\n<p>&#8212;&#8212;&#8212;&#8212;&#8212;&#8212;&#8212;&#8212;&#8212;&#8212;&#8212;&#8212;&#8212;&#8212;&#8212;&#8212;&#8212;&#8212;&#8212;&#8212;&#8212;&#8212;&#8212;&#8212;&#8212;<\/p>\n","protected":false},"excerpt":{"rendered":"<p>M\u00fcnchen, 21.04.2015 &#8211; Der Aufsichtsrat der Allgeier SE (ISIN DE0005086300, WKN 508630) hat in seiner Sitzung am 21. April 2015 den testierten Jahres- und Konzernabschluss der Allgeier SE f\u00fcr das Gesch\u00e4ftsjahr 2014 gebilligt. Der Jahresabschluss ist damit festg<\/p>\n","protected":false},"author":4,"featured_media":0,"parent":1155,"menu_order":0,"comment_status":"close","ping_status":"closed","template":"","meta":{"_acf_changed":false,"footnotes":""},"categories":[],"tags":[],"class_list":["post-7158","page","type-page","status-publish","hentry"],"acf":[],"yoast_head":"<!-- This site is optimized with the Yoast SEO plugin v27.4 - https:\/\/yoast.com\/product\/yoast-seo-wordpress\/ -->\n<title>ALLGEIER SE: Aufsichtsrat billigt Jahresabschluss und schl\u00e4gt Dividende vor; Vorstand sieht positiven Ausblick f\u00fcr 2015 - Allgeier SE<\/title>\n<meta name=\"robots\" content=\"index, follow, max-snippet:-1, max-image-preview:large, max-video-preview:-1\" \/>\n<link rel=\"canonical\" href=\"https:\/\/www.allgeier.com\/de\/investor-relations\/adhoc-announcements\/allgeier-se-aufsichtsrat-billigt-jahresabschluss-und-schlaegt-dividende-vor-vorstand-sieht-positiven-ausblick-fuer-2015-2\/\" \/>\n<meta property=\"og:locale\" content=\"de_DE\" \/>\n<meta property=\"og:type\" content=\"article\" \/>\n<meta property=\"og:title\" content=\"ALLGEIER SE: Aufsichtsrat billigt Jahresabschluss und schl\u00e4gt Dividende vor; Vorstand sieht positiven Ausblick f\u00fcr 2015 - Allgeier SE\" \/>\n<meta property=\"og:description\" content=\"M\u00fcnchen, 21.04.2015 - Der Aufsichtsrat der Allgeier SE (ISIN DE0005086300, WKN 508630) hat in seiner Sitzung am 21. April 2015 den testierten Jahres- und Konzernabschluss der Allgeier SE f\u00fcr das Gesch\u00e4ftsjahr 2014 gebilligt. Der Jahresabschluss ist damit festg\" \/>\n<meta property=\"og:url\" content=\"https:\/\/www.allgeier.com\/de\/investor-relations\/adhoc-announcements\/allgeier-se-aufsichtsrat-billigt-jahresabschluss-und-schlaegt-dividende-vor-vorstand-sieht-positiven-ausblick-fuer-2015-2\/\" \/>\n<meta property=\"og:site_name\" content=\"Allgeier SE\" \/>\n<meta property=\"article:modified_time\" content=\"2025-07-23T10:27:41+00:00\" \/>\n<meta name=\"twitter:card\" content=\"summary_large_image\" \/>\n<meta name=\"twitter:label1\" content=\"Gesch\u00e4tzte Lesezeit\" \/>\n\t<meta name=\"twitter:data1\" content=\"6\u00a0Minuten\" \/>\n<script type=\"application\/ld+json\" class=\"yoast-schema-graph\">{\"@context\":\"https:\\\/\\\/schema.org\",\"@graph\":[{\"@type\":\"WebPage\",\"@id\":\"https:\\\/\\\/www.allgeier.com\\\/de\\\/investor-relations\\\/adhoc-announcements\\\/allgeier-se-aufsichtsrat-billigt-jahresabschluss-und-schlaegt-dividende-vor-vorstand-sieht-positiven-ausblick-fuer-2015-2\\\/\",\"url\":\"https:\\\/\\\/www.allgeier.com\\\/de\\\/investor-relations\\\/adhoc-announcements\\\/allgeier-se-aufsichtsrat-billigt-jahresabschluss-und-schlaegt-dividende-vor-vorstand-sieht-positiven-ausblick-fuer-2015-2\\\/\",\"name\":\"ALLGEIER SE: Aufsichtsrat billigt Jahresabschluss und schl\u00e4gt Dividende vor; Vorstand sieht positiven Ausblick f\u00fcr 2015 - Allgeier SE\",\"isPartOf\":{\"@id\":\"https:\\\/\\\/www.allgeier.com\\\/de\\\/#website\"},\"datePublished\":\"2015-04-21T12:39:37+00:00\",\"dateModified\":\"2025-07-23T10:27:41+00:00\",\"breadcrumb\":{\"@id\":\"https:\\\/\\\/www.allgeier.com\\\/de\\\/investor-relations\\\/adhoc-announcements\\\/allgeier-se-aufsichtsrat-billigt-jahresabschluss-und-schlaegt-dividende-vor-vorstand-sieht-positiven-ausblick-fuer-2015-2\\\/#breadcrumb\"},\"inLanguage\":\"de\",\"potentialAction\":[{\"@type\":\"ReadAction\",\"target\":[\"https:\\\/\\\/www.allgeier.com\\\/de\\\/investor-relations\\\/adhoc-announcements\\\/allgeier-se-aufsichtsrat-billigt-jahresabschluss-und-schlaegt-dividende-vor-vorstand-sieht-positiven-ausblick-fuer-2015-2\\\/\"]}]},{\"@type\":\"BreadcrumbList\",\"@id\":\"https:\\\/\\\/www.allgeier.com\\\/de\\\/investor-relations\\\/adhoc-announcements\\\/allgeier-se-aufsichtsrat-billigt-jahresabschluss-und-schlaegt-dividende-vor-vorstand-sieht-positiven-ausblick-fuer-2015-2\\\/#breadcrumb\",\"itemListElement\":[{\"@type\":\"ListItem\",\"position\":1,\"name\":\"Home\",\"item\":\"https:\\\/\\\/www.allgeier.com\\\/de\\\/\"},{\"@type\":\"ListItem\",\"position\":2,\"name\":\"Investor Relations\",\"item\":\"https:\\\/\\\/www.allgeier.com\\\/de\\\/investor-relations\\\/\"},{\"@type\":\"ListItem\",\"position\":3,\"name\":\"Ad hoc-Mitteilungen\",\"item\":\"https:\\\/\\\/www.allgeier.com\\\/de\\\/investor-relations\\\/adhoc-announcements\\\/\"},{\"@type\":\"ListItem\",\"position\":4,\"name\":\"ALLGEIER SE: Aufsichtsrat billigt Jahresabschluss und schl\u00e4gt Dividende vor; Vorstand sieht positiven Ausblick f\u00fcr 2015\"}]},{\"@type\":\"WebSite\",\"@id\":\"https:\\\/\\\/www.allgeier.com\\\/de\\\/#website\",\"url\":\"https:\\\/\\\/www.allgeier.com\\\/de\\\/\",\"name\":\"Allgeier SE\",\"description\":\"Software &amp; IT Services for digital transformation\",\"potentialAction\":[{\"@type\":\"SearchAction\",\"target\":{\"@type\":\"EntryPoint\",\"urlTemplate\":\"https:\\\/\\\/www.allgeier.com\\\/de\\\/?s={search_term_string}\"},\"query-input\":{\"@type\":\"PropertyValueSpecification\",\"valueRequired\":true,\"valueName\":\"search_term_string\"}}],\"inLanguage\":\"de\"}]}<\/script>\n<!-- \/ Yoast SEO plugin. -->","yoast_head_json":{"title":"ALLGEIER SE: Aufsichtsrat billigt Jahresabschluss und schl\u00e4gt Dividende vor; Vorstand sieht positiven Ausblick f\u00fcr 2015 - Allgeier SE","robots":{"index":"index","follow":"follow","max-snippet":"max-snippet:-1","max-image-preview":"max-image-preview:large","max-video-preview":"max-video-preview:-1"},"canonical":"https:\/\/www.allgeier.com\/de\/investor-relations\/adhoc-announcements\/allgeier-se-aufsichtsrat-billigt-jahresabschluss-und-schlaegt-dividende-vor-vorstand-sieht-positiven-ausblick-fuer-2015-2\/","og_locale":"de_DE","og_type":"article","og_title":"ALLGEIER SE: Aufsichtsrat billigt Jahresabschluss und schl\u00e4gt Dividende vor; Vorstand sieht positiven Ausblick f\u00fcr 2015 - Allgeier SE","og_description":"M\u00fcnchen, 21.04.2015 - Der Aufsichtsrat der Allgeier SE (ISIN DE0005086300, WKN 508630) hat in seiner Sitzung am 21. April 2015 den testierten Jahres- und Konzernabschluss der Allgeier SE f\u00fcr das Gesch\u00e4ftsjahr 2014 gebilligt. Der Jahresabschluss ist damit festg","og_url":"https:\/\/www.allgeier.com\/de\/investor-relations\/adhoc-announcements\/allgeier-se-aufsichtsrat-billigt-jahresabschluss-und-schlaegt-dividende-vor-vorstand-sieht-positiven-ausblick-fuer-2015-2\/","og_site_name":"Allgeier SE","article_modified_time":"2025-07-23T10:27:41+00:00","twitter_card":"summary_large_image","twitter_misc":{"Gesch\u00e4tzte Lesezeit":"6\u00a0Minuten"},"schema":{"@context":"https:\/\/schema.org","@graph":[{"@type":"WebPage","@id":"https:\/\/www.allgeier.com\/de\/investor-relations\/adhoc-announcements\/allgeier-se-aufsichtsrat-billigt-jahresabschluss-und-schlaegt-dividende-vor-vorstand-sieht-positiven-ausblick-fuer-2015-2\/","url":"https:\/\/www.allgeier.com\/de\/investor-relations\/adhoc-announcements\/allgeier-se-aufsichtsrat-billigt-jahresabschluss-und-schlaegt-dividende-vor-vorstand-sieht-positiven-ausblick-fuer-2015-2\/","name":"ALLGEIER SE: Aufsichtsrat billigt Jahresabschluss und schl\u00e4gt Dividende vor; Vorstand sieht positiven Ausblick f\u00fcr 2015 - Allgeier SE","isPartOf":{"@id":"https:\/\/www.allgeier.com\/de\/#website"},"datePublished":"2015-04-21T12:39:37+00:00","dateModified":"2025-07-23T10:27:41+00:00","breadcrumb":{"@id":"https:\/\/www.allgeier.com\/de\/investor-relations\/adhoc-announcements\/allgeier-se-aufsichtsrat-billigt-jahresabschluss-und-schlaegt-dividende-vor-vorstand-sieht-positiven-ausblick-fuer-2015-2\/#breadcrumb"},"inLanguage":"de","potentialAction":[{"@type":"ReadAction","target":["https:\/\/www.allgeier.com\/de\/investor-relations\/adhoc-announcements\/allgeier-se-aufsichtsrat-billigt-jahresabschluss-und-schlaegt-dividende-vor-vorstand-sieht-positiven-ausblick-fuer-2015-2\/"]}]},{"@type":"BreadcrumbList","@id":"https:\/\/www.allgeier.com\/de\/investor-relations\/adhoc-announcements\/allgeier-se-aufsichtsrat-billigt-jahresabschluss-und-schlaegt-dividende-vor-vorstand-sieht-positiven-ausblick-fuer-2015-2\/#breadcrumb","itemListElement":[{"@type":"ListItem","position":1,"name":"Home","item":"https:\/\/www.allgeier.com\/de\/"},{"@type":"ListItem","position":2,"name":"Investor Relations","item":"https:\/\/www.allgeier.com\/de\/investor-relations\/"},{"@type":"ListItem","position":3,"name":"Ad hoc-Mitteilungen","item":"https:\/\/www.allgeier.com\/de\/investor-relations\/adhoc-announcements\/"},{"@type":"ListItem","position":4,"name":"ALLGEIER SE: Aufsichtsrat billigt Jahresabschluss und schl\u00e4gt Dividende vor; Vorstand sieht positiven Ausblick f\u00fcr 2015"}]},{"@type":"WebSite","@id":"https:\/\/www.allgeier.com\/de\/#website","url":"https:\/\/www.allgeier.com\/de\/","name":"Allgeier SE","description":"Software &amp; IT Services for digital transformation","potentialAction":[{"@type":"SearchAction","target":{"@type":"EntryPoint","urlTemplate":"https:\/\/www.allgeier.com\/de\/?s={search_term_string}"},"query-input":{"@type":"PropertyValueSpecification","valueRequired":true,"valueName":"search_term_string"}}],"inLanguage":"de"}]}},"_links":{"self":[{"href":"https:\/\/www.allgeier.com\/de\/wp-json\/wp\/v2\/pages\/7158","targetHints":{"allow":["GET"]}}],"collection":[{"href":"https:\/\/www.allgeier.com\/de\/wp-json\/wp\/v2\/pages"}],"about":[{"href":"https:\/\/www.allgeier.com\/de\/wp-json\/wp\/v2\/types\/page"}],"author":[{"embeddable":true,"href":"https:\/\/www.allgeier.com\/de\/wp-json\/wp\/v2\/users\/4"}],"replies":[{"embeddable":true,"href":"https:\/\/www.allgeier.com\/de\/wp-json\/wp\/v2\/comments?post=7158"}],"version-history":[{"count":1,"href":"https:\/\/www.allgeier.com\/de\/wp-json\/wp\/v2\/pages\/7158\/revisions"}],"predecessor-version":[{"id":7161,"href":"https:\/\/www.allgeier.com\/de\/wp-json\/wp\/v2\/pages\/7158\/revisions\/7161"}],"up":[{"embeddable":true,"href":"https:\/\/www.allgeier.com\/de\/wp-json\/wp\/v2\/pages\/1155"}],"wp:attachment":[{"href":"https:\/\/www.allgeier.com\/de\/wp-json\/wp\/v2\/media?parent=7158"}],"wp:term":[{"taxonomy":"category","embeddable":true,"href":"https:\/\/www.allgeier.com\/de\/wp-json\/wp\/v2\/categories?post=7158"},{"taxonomy":"post_tag","embeddable":true,"href":"https:\/\/www.allgeier.com\/de\/wp-json\/wp\/v2\/tags?post=7158"}],"curies":[{"name":"wp","href":"https:\/\/api.w.org\/{rel}","templated":true}]}}