{"id":7162,"date":"2015-05-04T16:18:29","date_gmt":"2015-05-04T16:18:29","guid":{"rendered":"https:\/\/www.allgeier.com\/de\/?page_id=7162"},"modified":"2025-07-23T10:27:41","modified_gmt":"2025-07-23T10:27:41","slug":"allgeier-se-allgeier-erzielt-zweistelliges-wachstum-in-der-gesamtleistung-im-1-quartal-2015-2","status":"publish","type":"page","link":"https:\/\/www.allgeier.com\/de\/investor-relations\/adhoc-announcements\/allgeier-se-allgeier-erzielt-zweistelliges-wachstum-in-der-gesamtleistung-im-1-quartal-2015-2\/","title":{"rendered":"Allgeier SE: Allgeier erzielt zweistelliges Wachstum in der Gesamtleistung im 1. Quartal 2015"},"content":{"rendered":"<p><b>ALLGEIER SE  \/ Schlagwort(e): Quartalsergebnis<\/b><\/p>\n<p>04.05.2015 18:18<\/p>\n<p>Ver\u00f6ffentlichung einer Ad-hoc-Mitteilung nach \u00a7 15 WpHG, \u00fcbermittelt durch<br \/>\nDGAP &#8211; ein Service der EQS Group AG.<br \/>\nF\u00fcr den Inhalt der Mitteilung ist der Emittent verantwortlich.<\/p>\n<p>&#8212;&#8212;&#8212;&#8212;&#8212;&#8212;&#8212;&#8212;&#8212;&#8212;&#8212;&#8212;&#8212;&#8212;&#8212;&#8212;&#8212;&#8212;&#8212;&#8212;&#8212;&#8212;&#8212;&#8212;&#8212;<\/p>\n<p>M\u00fcnchen, 05.04.2015 &#8211; Allgeier SE (ISIN DE0005086300, WKN 508630)<br \/>\nverzeichnet gem\u00e4\u00df vorl\u00e4ufiger Zahlen in den ersten drei Monaten des<br \/>\nGesch\u00e4ftsjahres 2015 (01. Januar 2015 &#8211; 31. M\u00e4rz 2015) ein Wachstum in der<br \/>\nGesamtleistung und einen im Rahmen der Planung erwarteten Ergebnisr\u00fcckgang.<\/p>\n<p>Im Gesamtkonzern stieg die vorl\u00e4ufige Gesamtleistung im ersten Quartal 2015<br \/>\ngegen\u00fcber den ersten drei Monaten des Jahres 2014 um 10 Prozent auf 114,1<br \/>\nMio. Euro (fortgef\u00fchrtes Gesch\u00e4ft des Vorjahres: 103,3 Mio. Euro). Das<br \/>\nvorl\u00e4ufige operative EBITDA (vor au\u00dferordentlichen und periodenfremden<br \/>\nEffekten) sank dagegen gegen\u00fcber dem Vergleichszeitraum des Vorjahres um 19<br \/>\nProzent auf 4,4 Mio. Euro (fortgef\u00fchrtes Gesch\u00e4fts des Vorjahres: 5,4 Mio.<br \/>\nEuro). Die Investitionen in die im zweiten Halbjahr 2014 erworbenen<br \/>\nGesch\u00e4ftsteile im Bereich IT Solutions belasteten dabei das EBITDA im<br \/>\nersten Quartal plangem\u00e4\u00df mit minus 0,8 Mio. Euro. Das vorl\u00e4ufige EBITDA<br \/>\neinschlie\u00dflich der au\u00dferordentlichen und periodenfremden Effekte betrug 2,7<br \/>\nMio. Euro (Vorjahr: 5,5 Mio. Euro). Wesentlicher Grund hierf\u00fcr waren die<br \/>\nmit minus 1,7 Mio. Euro (Vorjahr: 0,1 Mio. Euro) deutlich h\u00f6heren<br \/>\nau\u00dferordentlichen Effekte, insbesondere aus der stichtagsbezogenen<br \/>\nBewertung von Bilanzpositionen aufgrund von W\u00e4hrungsschwankungen. Das<br \/>\nvorl\u00e4ufige EBIT (Ergebnis vor Zinsen und Steuern) war mit minus 0,5 Mio.<br \/>\nEuro entsprechend negativ (Vorjahr: 2,6 Mio. Euro).<\/p>\n<p>Das Umsatzwachstum des Konzerns im ersten Quartal war unter dem Strich<br \/>\nleicht h\u00f6her als geplant. Das operative EBITDA (vor au\u00dferordentlichen und<br \/>\nperiodenfremden Effekten) lag trotz des R\u00fcckgangs gegen\u00fcber dem Vorjahr um<br \/>\nmehr als 20 Prozent \u00fcber der Planung f\u00fcr das erste Quartal. Die<br \/>\nau\u00dferordentlichen Effekte waren nicht in der H\u00f6he geplant. Das ausgewiesene<br \/>\nEBITDA erreicht aufgrund der \u00fcberplanm\u00e4\u00dfigen H\u00f6he des operativen<br \/>\nErgebnisses trotzdem das Planungsniveau.<\/p>\n<p>Ausblick auf das zweite Quartal 2015<\/p>\n<p>Der Vorstand erwartet f\u00fcr das zweite Quartal 2015 gem\u00e4\u00df Planung ein<br \/>\nzweistelliges Umsatzwachstum gegen\u00fcber dem Vorjahresquartal. Das operative<br \/>\nEBITDA (vor au\u00dferordentlichen und periodenfremden Effekten) soll gem\u00e4\u00df der<br \/>\nKonzernplanung anders als im ersten Quartal, f\u00fcr das ein Ergebnisr\u00fcckgang<br \/>\nBestandteil der Planung war, im zweiten Quartal 2015 zweistellig wachsen.<\/p>\n<p>Eckdaten der Bilanz<\/p>\n<p>Das vorl\u00e4ufige Eigenkapital stieg zum Stichtag 31. M\u00e4rz 2015 auf 105,4 Mio.<br \/>\nEuro (31. Dezember 2014: 100,7 Mio. Euro). Wesentlicher Grund f\u00fcr den<br \/>\nAnstieg sind W\u00e4hrungsumrechnungen, die sich im Eigenkapital auswirken. Dem<br \/>\nAllgeier Konzern standen zum Stichtag gem\u00e4\u00df vorl\u00e4ufiger Zahlen liquide<br \/>\nMittel in H\u00f6he von 85,2 Mio. Euro zur Verf\u00fcgung (31. Dezember 2014: 98,0<br \/>\nMio. Euro). Der R\u00fcckgang betrifft in der Hauptsache die planm\u00e4\u00dfige Tilgung<br \/>\nvon Finanzschulden in H\u00f6he von 11,5 Mio. Euro. Die kurz- und langfristigen<br \/>\nFinanzschulden haben sich entsprechend zum 31. M\u00e4rz 2015 auf 115,5 Mio.<br \/>\nEuro reduziert (31. Dezember 2014: 125,2 Mio. Euro). Die vorl\u00e4ufige<br \/>\nBilanzsumme betrug zum 31. M\u00e4rz 2015 340,0 Mio. Euro (31. Dezember 2014:<br \/>\n329,8 Mio. Euro).<\/p>\n<p>Alle genannten IFRS-Zahlen sind vorl\u00e4ufig. Die Zwischenmitteilung zum 31.<br \/>\nM\u00e4rz 2015 der Allgeier SE wird am 15. Mai 2015 ver\u00f6ffentlicht und ist dann<br \/>\nunter www.allgeier.com einzusehen.<\/p>\n<p>Kontakt:<\/p>\n<p>Allgeier SE<br \/>\nCorporate Communications &amp; Investor Relations<br \/>\nDr. Christopher Gro\u00dfe<br \/>\nWehrlestra\u00dfe 12<br \/>\n81679 M\u00fcnchen<br \/>\nTel.: +49 (0)89\/998421-0<br \/>\nFax: +49 (0)89\/998421-11<br \/>\nE-Mail: ir@allgeier.com<br \/>\nWeb: www.allgeier.com<\/p>\n<p>Allgeier SE ist eines der f\u00fchrenden IT-Unternehmen f\u00fcr Business<br \/>\nPerformance: Mit einer auf Innovationen und Zukunftstrends ausgerichteten<br \/>\nWachstumsstrategie sowie einem integrativen unternehmerischen Modell<br \/>\nverbindet Allgeier die Vorteile eines internationalen Anbieters mit den<br \/>\nTugenden mittelst\u00e4ndischer Unternehmer. Operative Gesch\u00e4ftsbereiche mit<br \/>\nindividuellen fachlichen oder branchenbezogenen Schwerpunkten arbeiten<br \/>\ngemeinsam f\u00fcr \u00fcber 3.000 Kunden aus nahezu allen Branchen. Mit \u00fcber 5.300<br \/>\nangestellten Mitarbeitern und mehr als 1.200 freiberuflichen Experten<br \/>\nbietet Allgeier den Kunden als One-Stop-Shop ein umfassendes L\u00f6sungs- und<br \/>\nLeistungsportfolio. Allgeier bildet mit einem hochflexiblen Delivery-Modell<br \/>\ndas komplette IT-Leistungsspektrum von Onsite \u00fcber Nearshore bis hin zu<br \/>\nOffshore ab: Mit einem starken Standbein in Indien werden Flexibilit\u00e4t und<br \/>\nh\u00f6chste Skalierbarkeit der Leistungen sowie hochqualifiziertes<br \/>\nExpertenwissen in der High-End-Softwareentwicklung sichergestellt. Zu den<br \/>\nKunden von Allgeier z\u00e4hlen global arbeitende Konzerne genauso wie<br \/>\ninnovative mittelst\u00e4ndische Betriebe, die sich durch leistungsstarke<br \/>\nIT-L\u00f6sungen, intelligente Software und flexible Personaldienstleistungen<br \/>\nstrategische Vorteile sichern wollen. Die stark wachsende Gruppe mit<br \/>\nHauptsitz in M\u00fcnchen verf\u00fcgt \u00fcber 100 Niederlassungen im deutschsprachigen<br \/>\nRaum, im \u00fcbrigen Europa sowie in Indien, Singapur, Mexiko und den USA. 2014<br \/>\nerzielte Allgeier einen Umsatz von 428 Mio. Euro (fortgef\u00fchrtes Gesch\u00e4ft).<br \/>\nAllgeier SE belegt in der L\u00fcnendonk(R)-Liste 2014 &#8222;F\u00fchrende deutsche<br \/>\nmittelst\u00e4ndische IT-Beratungs- und Systemintegrations-Unternehmen&#8220; den<br \/>\nersten Platz. Allgeier Experts ist nach L\u00fcnendonk(R)-Marktsegmentstudie<br \/>\n2014 &#8222;Der Markt f\u00fcr Rekrutierung, Vermittlung und Steuerung von<br \/>\nIT-Freelancern in Deutschland&#8220; unter den TOP 3 IT-Personaldienstleistern in<br \/>\nDeutschland. Die Gesellschaft ist am Regulierten Markt der Frankfurter<br \/>\nWertpapierb\u00f6rse im General Standard gelistet (WKN 508630, ISIN<br \/>\nDE0005086300). Weitere Informationen unter: www.allgeier.com.<\/p>\n<p>04.05.2015 Die DGAP Distributionsservices umfassen gesetzliche<br \/>\nMeldepflichten, Corporate News\/Finanznachrichten und Pressemitteilungen.<br \/>\nDGAP-Medienarchive unter www.dgap-medientreff.de und www.dgap.de<\/p>\n<p>&#8212;&#8212;&#8212;&#8212;&#8212;&#8212;&#8212;&#8212;&#8212;&#8212;&#8212;&#8212;&#8212;&#8212;&#8212;&#8212;&#8212;&#8212;&#8212;&#8212;&#8212;&#8212;&#8212;&#8212;&#8212;<\/p>\n<p>Sprache:      Deutsch<br \/>\nUnternehmen:  ALLGEIER SE<br \/>\n              Wehrlestra\u00dfe 12<br \/>\n              81679 M\u00fcnchen<br \/>\n              Deutschland<br \/>\nTelefon:      +49 (0) 89 &#8211; 99 84 21 0<br \/>\nFax:          +49 (0) 89 &#8211; 99 84 21 11<br \/>\nE-Mail:       info@allgeier.com<br \/>\nInternet:     http:\/\/www.allgeier.com<br \/>\nISIN:         DE0005086300<br \/>\nWKN:          508630<br \/>\nIndizes:      CDAX<br \/>\nB\u00f6rsen:       Regulierter Markt in Frankfurt (General Standard);<br \/>\n              Freiverkehr in Berlin, D\u00fcsseldorf, Hamburg, Stuttgart<\/p>\n<p>Ende der Mitteilung                             DGAP News-Service<\/p>\n<p>&#8212;&#8212;&#8212;&#8212;&#8212;&#8212;&#8212;&#8212;&#8212;&#8212;&#8212;&#8212;&#8212;&#8212;&#8212;&#8212;&#8212;&#8212;&#8212;&#8212;&#8212;&#8212;&#8212;&#8212;&#8212;<\/p>\n","protected":false},"excerpt":{"rendered":"<p>M\u00fcnchen, 05.04.2015 &#8211; Allgeier SE (ISIN DE0005086300, WKN 508630) verzeichnet gem\u00e4\u00df vorl\u00e4ufiger Zahlen in den ersten drei Monaten des Gesch\u00e4ftsjahres 2015 (01. Januar 2015 &#8211; 31. M\u00e4rz 2015) ein Wachstum in der Gesamtleistung und einen im Rahmen der Planung erwarteten E<\/p>\n","protected":false},"author":4,"featured_media":0,"parent":1155,"menu_order":0,"comment_status":"close","ping_status":"closed","template":"","meta":{"_acf_changed":false,"footnotes":""},"categories":[],"tags":[],"class_list":["post-7162","page","type-page","status-publish","hentry"],"acf":[],"yoast_head":"<!-- This site is optimized with the Yoast SEO plugin v27.4 - https:\/\/yoast.com\/product\/yoast-seo-wordpress\/ -->\n<title>Allgeier SE: Allgeier erzielt zweistelliges Wachstum in der Gesamtleistung im 1. Quartal 2015 - Allgeier SE<\/title>\n<meta name=\"robots\" content=\"index, follow, max-snippet:-1, max-image-preview:large, max-video-preview:-1\" \/>\n<link rel=\"canonical\" href=\"https:\/\/www.allgeier.com\/de\/investor-relations\/adhoc-announcements\/allgeier-se-allgeier-erzielt-zweistelliges-wachstum-in-der-gesamtleistung-im-1-quartal-2015-2\/\" \/>\n<meta property=\"og:locale\" content=\"de_DE\" \/>\n<meta property=\"og:type\" content=\"article\" \/>\n<meta property=\"og:title\" content=\"Allgeier SE: Allgeier erzielt zweistelliges Wachstum in der Gesamtleistung im 1. Quartal 2015 - Allgeier SE\" \/>\n<meta property=\"og:description\" content=\"M\u00fcnchen, 05.04.2015 - Allgeier SE (ISIN DE0005086300, WKN 508630) verzeichnet gem\u00e4\u00df vorl\u00e4ufiger Zahlen in den ersten drei Monaten des Gesch\u00e4ftsjahres 2015 (01. Januar 2015 - 31. M\u00e4rz 2015) ein Wachstum in der Gesamtleistung und einen im Rahmen der Planung erwarteten E\" \/>\n<meta property=\"og:url\" content=\"https:\/\/www.allgeier.com\/de\/investor-relations\/adhoc-announcements\/allgeier-se-allgeier-erzielt-zweistelliges-wachstum-in-der-gesamtleistung-im-1-quartal-2015-2\/\" \/>\n<meta property=\"og:site_name\" content=\"Allgeier SE\" \/>\n<meta property=\"article:modified_time\" content=\"2025-07-23T10:27:41+00:00\" \/>\n<meta name=\"twitter:card\" content=\"summary_large_image\" \/>\n<meta name=\"twitter:label1\" content=\"Gesch\u00e4tzte Lesezeit\" \/>\n\t<meta name=\"twitter:data1\" content=\"4\u00a0Minuten\" \/>\n<script type=\"application\/ld+json\" class=\"yoast-schema-graph\">{\"@context\":\"https:\\\/\\\/schema.org\",\"@graph\":[{\"@type\":\"WebPage\",\"@id\":\"https:\\\/\\\/www.allgeier.com\\\/de\\\/investor-relations\\\/adhoc-announcements\\\/allgeier-se-allgeier-erzielt-zweistelliges-wachstum-in-der-gesamtleistung-im-1-quartal-2015-2\\\/\",\"url\":\"https:\\\/\\\/www.allgeier.com\\\/de\\\/investor-relations\\\/adhoc-announcements\\\/allgeier-se-allgeier-erzielt-zweistelliges-wachstum-in-der-gesamtleistung-im-1-quartal-2015-2\\\/\",\"name\":\"Allgeier SE: Allgeier erzielt zweistelliges Wachstum in der Gesamtleistung im 1. Quartal 2015 - Allgeier SE\",\"isPartOf\":{\"@id\":\"https:\\\/\\\/www.allgeier.com\\\/de\\\/#website\"},\"datePublished\":\"2015-05-04T16:18:29+00:00\",\"dateModified\":\"2025-07-23T10:27:41+00:00\",\"breadcrumb\":{\"@id\":\"https:\\\/\\\/www.allgeier.com\\\/de\\\/investor-relations\\\/adhoc-announcements\\\/allgeier-se-allgeier-erzielt-zweistelliges-wachstum-in-der-gesamtleistung-im-1-quartal-2015-2\\\/#breadcrumb\"},\"inLanguage\":\"de\",\"potentialAction\":[{\"@type\":\"ReadAction\",\"target\":[\"https:\\\/\\\/www.allgeier.com\\\/de\\\/investor-relations\\\/adhoc-announcements\\\/allgeier-se-allgeier-erzielt-zweistelliges-wachstum-in-der-gesamtleistung-im-1-quartal-2015-2\\\/\"]}]},{\"@type\":\"BreadcrumbList\",\"@id\":\"https:\\\/\\\/www.allgeier.com\\\/de\\\/investor-relations\\\/adhoc-announcements\\\/allgeier-se-allgeier-erzielt-zweistelliges-wachstum-in-der-gesamtleistung-im-1-quartal-2015-2\\\/#breadcrumb\",\"itemListElement\":[{\"@type\":\"ListItem\",\"position\":1,\"name\":\"Home\",\"item\":\"https:\\\/\\\/www.allgeier.com\\\/de\\\/\"},{\"@type\":\"ListItem\",\"position\":2,\"name\":\"Investor Relations\",\"item\":\"https:\\\/\\\/www.allgeier.com\\\/de\\\/investor-relations\\\/\"},{\"@type\":\"ListItem\",\"position\":3,\"name\":\"Ad hoc-Mitteilungen\",\"item\":\"https:\\\/\\\/www.allgeier.com\\\/de\\\/investor-relations\\\/adhoc-announcements\\\/\"},{\"@type\":\"ListItem\",\"position\":4,\"name\":\"Allgeier SE: Allgeier erzielt zweistelliges Wachstum in der Gesamtleistung im 1. Quartal 2015\"}]},{\"@type\":\"WebSite\",\"@id\":\"https:\\\/\\\/www.allgeier.com\\\/de\\\/#website\",\"url\":\"https:\\\/\\\/www.allgeier.com\\\/de\\\/\",\"name\":\"Allgeier SE\",\"description\":\"Software &amp; IT Services for digital transformation\",\"potentialAction\":[{\"@type\":\"SearchAction\",\"target\":{\"@type\":\"EntryPoint\",\"urlTemplate\":\"https:\\\/\\\/www.allgeier.com\\\/de\\\/?s={search_term_string}\"},\"query-input\":{\"@type\":\"PropertyValueSpecification\",\"valueRequired\":true,\"valueName\":\"search_term_string\"}}],\"inLanguage\":\"de\"}]}<\/script>\n<!-- \/ Yoast SEO plugin. -->","yoast_head_json":{"title":"Allgeier SE: Allgeier erzielt zweistelliges Wachstum in der Gesamtleistung im 1. Quartal 2015 - Allgeier SE","robots":{"index":"index","follow":"follow","max-snippet":"max-snippet:-1","max-image-preview":"max-image-preview:large","max-video-preview":"max-video-preview:-1"},"canonical":"https:\/\/www.allgeier.com\/de\/investor-relations\/adhoc-announcements\/allgeier-se-allgeier-erzielt-zweistelliges-wachstum-in-der-gesamtleistung-im-1-quartal-2015-2\/","og_locale":"de_DE","og_type":"article","og_title":"Allgeier SE: Allgeier erzielt zweistelliges Wachstum in der Gesamtleistung im 1. Quartal 2015 - Allgeier SE","og_description":"M\u00fcnchen, 05.04.2015 - Allgeier SE (ISIN DE0005086300, WKN 508630) verzeichnet gem\u00e4\u00df vorl\u00e4ufiger Zahlen in den ersten drei Monaten des Gesch\u00e4ftsjahres 2015 (01. Januar 2015 - 31. M\u00e4rz 2015) ein Wachstum in der Gesamtleistung und einen im Rahmen der Planung erwarteten E","og_url":"https:\/\/www.allgeier.com\/de\/investor-relations\/adhoc-announcements\/allgeier-se-allgeier-erzielt-zweistelliges-wachstum-in-der-gesamtleistung-im-1-quartal-2015-2\/","og_site_name":"Allgeier SE","article_modified_time":"2025-07-23T10:27:41+00:00","twitter_card":"summary_large_image","twitter_misc":{"Gesch\u00e4tzte Lesezeit":"4\u00a0Minuten"},"schema":{"@context":"https:\/\/schema.org","@graph":[{"@type":"WebPage","@id":"https:\/\/www.allgeier.com\/de\/investor-relations\/adhoc-announcements\/allgeier-se-allgeier-erzielt-zweistelliges-wachstum-in-der-gesamtleistung-im-1-quartal-2015-2\/","url":"https:\/\/www.allgeier.com\/de\/investor-relations\/adhoc-announcements\/allgeier-se-allgeier-erzielt-zweistelliges-wachstum-in-der-gesamtleistung-im-1-quartal-2015-2\/","name":"Allgeier SE: Allgeier erzielt zweistelliges Wachstum in der Gesamtleistung im 1. Quartal 2015 - Allgeier SE","isPartOf":{"@id":"https:\/\/www.allgeier.com\/de\/#website"},"datePublished":"2015-05-04T16:18:29+00:00","dateModified":"2025-07-23T10:27:41+00:00","breadcrumb":{"@id":"https:\/\/www.allgeier.com\/de\/investor-relations\/adhoc-announcements\/allgeier-se-allgeier-erzielt-zweistelliges-wachstum-in-der-gesamtleistung-im-1-quartal-2015-2\/#breadcrumb"},"inLanguage":"de","potentialAction":[{"@type":"ReadAction","target":["https:\/\/www.allgeier.com\/de\/investor-relations\/adhoc-announcements\/allgeier-se-allgeier-erzielt-zweistelliges-wachstum-in-der-gesamtleistung-im-1-quartal-2015-2\/"]}]},{"@type":"BreadcrumbList","@id":"https:\/\/www.allgeier.com\/de\/investor-relations\/adhoc-announcements\/allgeier-se-allgeier-erzielt-zweistelliges-wachstum-in-der-gesamtleistung-im-1-quartal-2015-2\/#breadcrumb","itemListElement":[{"@type":"ListItem","position":1,"name":"Home","item":"https:\/\/www.allgeier.com\/de\/"},{"@type":"ListItem","position":2,"name":"Investor Relations","item":"https:\/\/www.allgeier.com\/de\/investor-relations\/"},{"@type":"ListItem","position":3,"name":"Ad hoc-Mitteilungen","item":"https:\/\/www.allgeier.com\/de\/investor-relations\/adhoc-announcements\/"},{"@type":"ListItem","position":4,"name":"Allgeier SE: Allgeier erzielt zweistelliges Wachstum in der Gesamtleistung im 1. Quartal 2015"}]},{"@type":"WebSite","@id":"https:\/\/www.allgeier.com\/de\/#website","url":"https:\/\/www.allgeier.com\/de\/","name":"Allgeier SE","description":"Software &amp; IT Services for digital transformation","potentialAction":[{"@type":"SearchAction","target":{"@type":"EntryPoint","urlTemplate":"https:\/\/www.allgeier.com\/de\/?s={search_term_string}"},"query-input":{"@type":"PropertyValueSpecification","valueRequired":true,"valueName":"search_term_string"}}],"inLanguage":"de"}]}},"_links":{"self":[{"href":"https:\/\/www.allgeier.com\/de\/wp-json\/wp\/v2\/pages\/7162","targetHints":{"allow":["GET"]}}],"collection":[{"href":"https:\/\/www.allgeier.com\/de\/wp-json\/wp\/v2\/pages"}],"about":[{"href":"https:\/\/www.allgeier.com\/de\/wp-json\/wp\/v2\/types\/page"}],"author":[{"embeddable":true,"href":"https:\/\/www.allgeier.com\/de\/wp-json\/wp\/v2\/users\/4"}],"replies":[{"embeddable":true,"href":"https:\/\/www.allgeier.com\/de\/wp-json\/wp\/v2\/comments?post=7162"}],"version-history":[{"count":1,"href":"https:\/\/www.allgeier.com\/de\/wp-json\/wp\/v2\/pages\/7162\/revisions"}],"predecessor-version":[{"id":7165,"href":"https:\/\/www.allgeier.com\/de\/wp-json\/wp\/v2\/pages\/7162\/revisions\/7165"}],"up":[{"embeddable":true,"href":"https:\/\/www.allgeier.com\/de\/wp-json\/wp\/v2\/pages\/1155"}],"wp:attachment":[{"href":"https:\/\/www.allgeier.com\/de\/wp-json\/wp\/v2\/media?parent=7162"}],"wp:term":[{"taxonomy":"category","embeddable":true,"href":"https:\/\/www.allgeier.com\/de\/wp-json\/wp\/v2\/categories?post=7162"},{"taxonomy":"post_tag","embeddable":true,"href":"https:\/\/www.allgeier.com\/de\/wp-json\/wp\/v2\/tags?post=7162"}],"curies":[{"name":"wp","href":"https:\/\/api.w.org\/{rel}","templated":true}]}}