{"id":7171,"date":"2020-11-10T10:20:55","date_gmt":"2020-11-10T11:20:55","guid":{"rendered":"https:\/\/www.allgeier.com\/de\/?page_id=7171"},"modified":"2025-07-23T10:27:43","modified_gmt":"2025-07-23T10:27:43","slug":"allgeier-se-ausblick-2021-fuer-nagarro-se-2","status":"publish","type":"page","link":"https:\/\/www.allgeier.com\/de\/investor-relations\/adhoc-announcements\/allgeier-se-ausblick-2021-fuer-nagarro-se-2\/","title":{"rendered":"ALLGEIER SE: Ausblick 2021 f\u00fcr Nagarro SE"},"content":{"rendered":"<table border=\"0\">\n<tr>\n<td>\n<p>ALLGEIER SE \/ Schlagwort(e): Planzahlen<\/p>\n<p>ALLGEIER SE: Ausblick 2021 f\u00fcr Nagarro SE <\/p>\n<p>10.11.2020 \/ 12:20 CET\/CEST<\/p>\n<p>Ver\u00f6ffentlichung einer Insiderinformation nach Artikel 17 der Verordnung (EU) Nr. 596\/2014, \u00fcbermittelt durch DGAP &#8211; ein Service der EQS Group AG.<\/p>\n<p>F\u00fcr den Inhalt der Mitteilung ist der Emittent \/ Herausgeber verantwortlich.<\/p>\n<hr \/>\n<div>\n<p><i>M\u00fcnchen, 10. November 2020 &#8211;<\/i> Allgeier SE (ISIN DE000A2GS633, WKN A2GS63), M\u00fcnchen, teilt mit, dass die zur Abspaltung vorgesehene Nagarro gem\u00e4\u00df derzeitiger Planung f\u00fcr das Jahr 2021 eine organische Umsatzwachstumsrate im Bereich um 15 Prozent sowie mittelfristig eine R\u00fcckkehr auf das historische Niveau (2017-2019) erwartet. Mittelfristig strebt Nagarro eine bereinigte EBITDA-Marge in der Gr\u00f6\u00dfenordnung von etwa 15 Prozent an. Die Planung der verbleibenden Allgeier Gruppe f\u00fcr das Gesch\u00e4ftsjahr 2021 wird im Dezember 2020 abgeschlossen sein.<\/p>\n<p>Hinweise<\/p>\n<p>Es wird darauf hingewiesen, dass Angaben f\u00fcr Zeitr\u00e4ume nach dem 30. September 2020 auf Annahmen und Sch\u00e4tzungen beruhende Erwartungen des Vorstands darstellen. Die k\u00fcnftigen tats\u00e4chlichen Entwicklungen und die k\u00fcnftigen tats\u00e4chlichen Ergebnisse k\u00f6nnen von diesen Annahmen und Sch\u00e4tzungen abweichen. Weder die Allgeier SE noch die Nagarro SE \u00fcbernehmen eine Gew\u00e4hrleistung oder Haftung daf\u00fcr, dass die k\u00fcnftigen Entwicklungen und die k\u00fcnftig erzielten tats\u00e4chlichen Ergebnisse mit den in dieser Ad-hoc-Mitteilung ge\u00e4u\u00dferten Annahmen und Sch\u00e4tzungen \u00fcbereinstimmen werden.<\/p>\n<p>Kontakt:<\/p>\n<p>Allgeier SE<br \/>\nCorporate Communications &amp; Investor Relations<br \/>\nDr. Christopher Gro\u00dfe<br \/>\nEinsteinstra\u00dfe 172<br \/>\n81677 M\u00fcnchen<br \/>\nTel.: +49 (0)89\/998421-0<br \/>\nFax: +49 (0)89\/998421-11<br \/>\nE-Mail: ir@allgeier.com<br \/>\nWeb: www.allgeier.com<\/p>\n<p>Allgeier SE ist eines der f\u00fchrenden Technologie-Unternehmen f\u00fcr digitale Transformation: Allgeier f\u00fchrt seine Kunden durch die Herausforderungen des digitalen Wandels, um deren zuk\u00fcnftigen Erfolg sicherzustellen. F\u00fcr globale Konzerne ebenso wie f\u00fcr f\u00fchrende Unternehmen aus zahlreichen Branchen und M\u00e4rkten erzielt Allgeier Durchbr\u00fcche hin zu neuen digitalen Gesch\u00e4ftsmodellen, definiert strategische Priorit\u00e4ten und realisiert mit hoher Flexibilit\u00e4t und Zugkraft bahnbrechende Projekte, um agile und intelligente Organisationen f\u00fcr das digitale Zeitalter zu gestalten. Mit knapp 11.000 angestellten Mitarbeitern und \u00fcber 1.000 freiberuflichen Experten bildet der Allgeier-Konzern mit einem hochflexiblen Delivery-Modell das komplette IT-Leistungsspektrum von Onsite \u00fcber Nearshore bis hin zu Offshore ab &#8211; mit starken Standbeinen der Nagarro in Indien, China und Osteuropa. Die rasch wachsende Gruppe mit Hauptsitz in M\u00fcnchen verf\u00fcgt \u00fcber weltweit rund 130 Niederlassungen in 28 L\u00e4ndern auf f\u00fcnf Kontinenten. Im Gesch\u00e4ftsjahr 2019 erzielte Allgeier einen Konzernumsatz von 784 Mio. Euro mit mehr als 2.000 Kunden. Allgeier z\u00e4hlt laut L\u00fcnendonk(R)-Liste 2020 zu den f\u00fchrenden IT-Beratungs- und Systemintegrations-Unternehmen in Deutschland. Allgeier Experts ist nach L\u00fcnendonk(R)-Liste 2020 einer der f\u00fchrenden Personaldienstleister f\u00fcr die Rekrutierung, Vermittlung und Steuerung von IT-Freelancern in Deutschland. Allgeier SE ist am Regulierten Markt der Frankfurter Wertpapierb\u00f6rse im General Standard gelistet (WKN A2GS63, ISIN DE000A2GS633). Weitere Informationen unter: www.allgeier.com.<\/p>\n<\/div>\n<hr \/>\n<p>\n10.11.2020 CET\/CEST Die DGAP Distributionsservices umfassen gesetzliche Meldepflichten, Corporate News\/Finanznachrichten und Pressemitteilungen. <br \/>Medienarchiv unter http:\/\/www.dgap.de<\/p>\n<hr \/>\n<\/td>\n<\/tr>\n<\/table>\n<table>\n<tr>\n<td align=\"left\" valign=\"top\">Sprache:<\/td>\n<td align=\"left\" valign=\"top\">Deutsch<\/td>\n<\/tr>\n<tr>\n<td align=\"left\" valign=\"top\">Unternehmen:<\/td>\n<td align=\"left\" valign=\"top\">ALLGEIER SE<\/td>\n<\/tr>\n<tr>\n<td align=\"left\" valign=\"top\" \/>\n<td align=\"left\" valign=\"top\">Einsteinstra\u00dfe 172<\/td>\n<\/tr>\n<tr>\n<td align=\"left\" valign=\"top\" \/>\n<td align=\"left\" valign=\"top\">81677 M\u00fcnchen<\/td>\n<\/tr>\n<tr>\n<td align=\"left\" valign=\"top\" \/>\n<td align=\"left\" valign=\"top\">Deutschland<\/td>\n<\/tr>\n<tr>\n<td align=\"left\" valign=\"top\">Telefon:<\/td>\n<td align=\"left\" valign=\"top\">+49 (0) 89 &#8211; 99 84 21 0<\/td>\n<\/tr>\n<tr>\n<td align=\"left\" valign=\"top\">Fax:<\/td>\n<td align=\"left\" valign=\"top\">+49 (0) 89 &#8211; 99 84 21 11<\/td>\n<\/tr>\n<tr>\n<td align=\"left\" valign=\"top\">E-Mail:<\/td>\n<td align=\"left\" valign=\"top\">info@allgeier.com<\/td>\n<\/tr>\n<tr>\n<td align=\"left\" valign=\"top\">Internet:<\/td>\n<td align=\"left\" valign=\"top\">http:\/\/www.allgeier.com<\/td>\n<\/tr>\n<tr>\n<td align=\"left\" valign=\"top\">ISIN:<\/td>\n<td align=\"left\" valign=\"top\">DE000A2GS633<\/td>\n<\/tr>\n<tr>\n<td align=\"left\" valign=\"top\">WKN:<\/td>\n<td align=\"left\" valign=\"top\">A2GS63<\/td>\n<\/tr>\n<tr>\n<td align=\"left\" valign=\"top\">Indizes:<\/td>\n<td align=\"left\" valign=\"top\">CDAX<\/td>\n<\/tr>\n<tr>\n<td align=\"left\" valign=\"top\">B\u00f6rsen:<\/td>\n<td align=\"left\" valign=\"top\">Regulierter Markt in Frankfurt (General Standard); Freiverkehr in Berlin, D\u00fcsseldorf, Hamburg, Stuttgart, Tradegate Exchange<\/td>\n<\/tr>\n<tr>\n<td align=\"left\" valign=\"top\">EQS News ID:<\/td>\n<td align=\"left\" valign=\"top\">1146921<\/td>\n<\/tr>\n<\/table>\n<p><\/p>\n<table border=\"0\">\n<tr>\n<td align=\"left\" valign=\"top\" colspan=\"2\" \/>\n<\/tr>\n<\/table>\n<table border=\"0\">\n<tr>\n<td align=\"left\" valign=\"top\" colspan=\"2\">\u00a0<\/td>\n<\/tr>\n<tr>\n<td align=\"left\" valign=\"top\">Ende der Mitteilung<\/td>\n<td align=\"left\" valign=\"top\">DGAP News-Service<\/td>\n<\/tr>\n<\/table>\n<table border=\"0\">\n<tr>\n<td>\n<hr \/>\n<\/td>\n<\/tr>\n<\/table>\n<div>\n<p>1146921\u00a0\u00a010.11.2020\u00a0CET\/CEST<\/p>\n<\/div>\n","protected":false},"excerpt":{"rendered":"<p>ALLGEIER SE \/ Schlagwort(e): Planzahlen  ALLGEIER SE: Ausblick 2021 f\u00fcr Nagarro SE  10.11.2020 \/ 12:20 CET\/CEST  Ver\u00f6ffentlichung einer Insiderinformation nach Artikel 17 der Verordnung (EU) Nr. 596\/2014, \u00fcbermittelt durch DGAP &#8211; ein Service der EQS Group AG.  F\u00fcr den Inhalt der Mitteilung ist der<\/p>\n","protected":false},"author":4,"featured_media":0,"parent":1155,"menu_order":0,"comment_status":"close","ping_status":"closed","template":"","meta":{"_acf_changed":false,"footnotes":""},"categories":[],"tags":[],"class_list":["post-7171","page","type-page","status-publish","hentry"],"acf":[],"yoast_head":"<!-- This site is optimized with the Yoast SEO plugin v27.4 - https:\/\/yoast.com\/product\/yoast-seo-wordpress\/ -->\n<title>ALLGEIER SE: Ausblick 2021 f\u00fcr Nagarro SE - Allgeier SE<\/title>\n<meta name=\"robots\" content=\"index, follow, max-snippet:-1, max-image-preview:large, max-video-preview:-1\" \/>\n<link rel=\"canonical\" href=\"https:\/\/www.allgeier.com\/de\/investor-relations\/adhoc-announcements\/allgeier-se-ausblick-2021-fuer-nagarro-se-2\/\" \/>\n<meta property=\"og:locale\" content=\"de_DE\" \/>\n<meta property=\"og:type\" content=\"article\" \/>\n<meta property=\"og:title\" content=\"ALLGEIER SE: Ausblick 2021 f\u00fcr Nagarro SE - Allgeier SE\" \/>\n<meta property=\"og:description\" content=\"ALLGEIER SE \/ Schlagwort(e): Planzahlen ALLGEIER SE: Ausblick 2021 f\u00fcr Nagarro SE 10.11.2020 \/ 12:20 CET\/CEST Ver\u00f6ffentlichung einer Insiderinformation nach Artikel 17 der Verordnung (EU) Nr. 596\/2014, \u00fcbermittelt durch DGAP - ein Service der EQS Group AG. F\u00fcr den Inhalt der Mitteilung ist der\" \/>\n<meta property=\"og:url\" content=\"https:\/\/www.allgeier.com\/de\/investor-relations\/adhoc-announcements\/allgeier-se-ausblick-2021-fuer-nagarro-se-2\/\" \/>\n<meta property=\"og:site_name\" content=\"Allgeier SE\" \/>\n<meta property=\"article:modified_time\" content=\"2025-07-23T10:27:43+00:00\" \/>\n<meta name=\"twitter:card\" content=\"summary_large_image\" \/>\n<meta name=\"twitter:label1\" content=\"Gesch\u00e4tzte Lesezeit\" \/>\n\t<meta name=\"twitter:data1\" content=\"3\u00a0Minuten\" \/>\n<script type=\"application\/ld+json\" class=\"yoast-schema-graph\">{\"@context\":\"https:\\\/\\\/schema.org\",\"@graph\":[{\"@type\":\"WebPage\",\"@id\":\"https:\\\/\\\/www.allgeier.com\\\/de\\\/investor-relations\\\/adhoc-announcements\\\/allgeier-se-ausblick-2021-fuer-nagarro-se-2\\\/\",\"url\":\"https:\\\/\\\/www.allgeier.com\\\/de\\\/investor-relations\\\/adhoc-announcements\\\/allgeier-se-ausblick-2021-fuer-nagarro-se-2\\\/\",\"name\":\"ALLGEIER SE: Ausblick 2021 f\u00fcr Nagarro SE - Allgeier SE\",\"isPartOf\":{\"@id\":\"https:\\\/\\\/www.allgeier.com\\\/de\\\/#website\"},\"datePublished\":\"2020-11-10T11:20:55+00:00\",\"dateModified\":\"2025-07-23T10:27:43+00:00\",\"breadcrumb\":{\"@id\":\"https:\\\/\\\/www.allgeier.com\\\/de\\\/investor-relations\\\/adhoc-announcements\\\/allgeier-se-ausblick-2021-fuer-nagarro-se-2\\\/#breadcrumb\"},\"inLanguage\":\"de\",\"potentialAction\":[{\"@type\":\"ReadAction\",\"target\":[\"https:\\\/\\\/www.allgeier.com\\\/de\\\/investor-relations\\\/adhoc-announcements\\\/allgeier-se-ausblick-2021-fuer-nagarro-se-2\\\/\"]}]},{\"@type\":\"BreadcrumbList\",\"@id\":\"https:\\\/\\\/www.allgeier.com\\\/de\\\/investor-relations\\\/adhoc-announcements\\\/allgeier-se-ausblick-2021-fuer-nagarro-se-2\\\/#breadcrumb\",\"itemListElement\":[{\"@type\":\"ListItem\",\"position\":1,\"name\":\"Home\",\"item\":\"https:\\\/\\\/www.allgeier.com\\\/de\\\/\"},{\"@type\":\"ListItem\",\"position\":2,\"name\":\"Investor Relations\",\"item\":\"https:\\\/\\\/www.allgeier.com\\\/de\\\/investor-relations\\\/\"},{\"@type\":\"ListItem\",\"position\":3,\"name\":\"Ad hoc-Mitteilungen\",\"item\":\"https:\\\/\\\/www.allgeier.com\\\/de\\\/investor-relations\\\/adhoc-announcements\\\/\"},{\"@type\":\"ListItem\",\"position\":4,\"name\":\"ALLGEIER SE: Ausblick 2021 f\u00fcr Nagarro SE\"}]},{\"@type\":\"WebSite\",\"@id\":\"https:\\\/\\\/www.allgeier.com\\\/de\\\/#website\",\"url\":\"https:\\\/\\\/www.allgeier.com\\\/de\\\/\",\"name\":\"Allgeier SE\",\"description\":\"Software &amp; IT Services for digital transformation\",\"potentialAction\":[{\"@type\":\"SearchAction\",\"target\":{\"@type\":\"EntryPoint\",\"urlTemplate\":\"https:\\\/\\\/www.allgeier.com\\\/de\\\/?s={search_term_string}\"},\"query-input\":{\"@type\":\"PropertyValueSpecification\",\"valueRequired\":true,\"valueName\":\"search_term_string\"}}],\"inLanguage\":\"de\"}]}<\/script>\n<!-- \/ Yoast SEO plugin. -->","yoast_head_json":{"title":"ALLGEIER SE: Ausblick 2021 f\u00fcr Nagarro SE - Allgeier SE","robots":{"index":"index","follow":"follow","max-snippet":"max-snippet:-1","max-image-preview":"max-image-preview:large","max-video-preview":"max-video-preview:-1"},"canonical":"https:\/\/www.allgeier.com\/de\/investor-relations\/adhoc-announcements\/allgeier-se-ausblick-2021-fuer-nagarro-se-2\/","og_locale":"de_DE","og_type":"article","og_title":"ALLGEIER SE: Ausblick 2021 f\u00fcr Nagarro SE - Allgeier SE","og_description":"ALLGEIER SE \/ Schlagwort(e): Planzahlen ALLGEIER SE: Ausblick 2021 f\u00fcr Nagarro SE 10.11.2020 \/ 12:20 CET\/CEST Ver\u00f6ffentlichung einer Insiderinformation nach Artikel 17 der Verordnung (EU) Nr. 596\/2014, \u00fcbermittelt durch DGAP - ein Service der EQS Group AG. F\u00fcr den Inhalt der Mitteilung ist der","og_url":"https:\/\/www.allgeier.com\/de\/investor-relations\/adhoc-announcements\/allgeier-se-ausblick-2021-fuer-nagarro-se-2\/","og_site_name":"Allgeier SE","article_modified_time":"2025-07-23T10:27:43+00:00","twitter_card":"summary_large_image","twitter_misc":{"Gesch\u00e4tzte Lesezeit":"3\u00a0Minuten"},"schema":{"@context":"https:\/\/schema.org","@graph":[{"@type":"WebPage","@id":"https:\/\/www.allgeier.com\/de\/investor-relations\/adhoc-announcements\/allgeier-se-ausblick-2021-fuer-nagarro-se-2\/","url":"https:\/\/www.allgeier.com\/de\/investor-relations\/adhoc-announcements\/allgeier-se-ausblick-2021-fuer-nagarro-se-2\/","name":"ALLGEIER SE: Ausblick 2021 f\u00fcr Nagarro SE - Allgeier SE","isPartOf":{"@id":"https:\/\/www.allgeier.com\/de\/#website"},"datePublished":"2020-11-10T11:20:55+00:00","dateModified":"2025-07-23T10:27:43+00:00","breadcrumb":{"@id":"https:\/\/www.allgeier.com\/de\/investor-relations\/adhoc-announcements\/allgeier-se-ausblick-2021-fuer-nagarro-se-2\/#breadcrumb"},"inLanguage":"de","potentialAction":[{"@type":"ReadAction","target":["https:\/\/www.allgeier.com\/de\/investor-relations\/adhoc-announcements\/allgeier-se-ausblick-2021-fuer-nagarro-se-2\/"]}]},{"@type":"BreadcrumbList","@id":"https:\/\/www.allgeier.com\/de\/investor-relations\/adhoc-announcements\/allgeier-se-ausblick-2021-fuer-nagarro-se-2\/#breadcrumb","itemListElement":[{"@type":"ListItem","position":1,"name":"Home","item":"https:\/\/www.allgeier.com\/de\/"},{"@type":"ListItem","position":2,"name":"Investor Relations","item":"https:\/\/www.allgeier.com\/de\/investor-relations\/"},{"@type":"ListItem","position":3,"name":"Ad hoc-Mitteilungen","item":"https:\/\/www.allgeier.com\/de\/investor-relations\/adhoc-announcements\/"},{"@type":"ListItem","position":4,"name":"ALLGEIER SE: Ausblick 2021 f\u00fcr Nagarro SE"}]},{"@type":"WebSite","@id":"https:\/\/www.allgeier.com\/de\/#website","url":"https:\/\/www.allgeier.com\/de\/","name":"Allgeier SE","description":"Software &amp; IT Services for digital transformation","potentialAction":[{"@type":"SearchAction","target":{"@type":"EntryPoint","urlTemplate":"https:\/\/www.allgeier.com\/de\/?s={search_term_string}"},"query-input":{"@type":"PropertyValueSpecification","valueRequired":true,"valueName":"search_term_string"}}],"inLanguage":"de"}]}},"_links":{"self":[{"href":"https:\/\/www.allgeier.com\/de\/wp-json\/wp\/v2\/pages\/7171","targetHints":{"allow":["GET"]}}],"collection":[{"href":"https:\/\/www.allgeier.com\/de\/wp-json\/wp\/v2\/pages"}],"about":[{"href":"https:\/\/www.allgeier.com\/de\/wp-json\/wp\/v2\/types\/page"}],"author":[{"embeddable":true,"href":"https:\/\/www.allgeier.com\/de\/wp-json\/wp\/v2\/users\/4"}],"replies":[{"embeddable":true,"href":"https:\/\/www.allgeier.com\/de\/wp-json\/wp\/v2\/comments?post=7171"}],"version-history":[{"count":1,"href":"https:\/\/www.allgeier.com\/de\/wp-json\/wp\/v2\/pages\/7171\/revisions"}],"predecessor-version":[{"id":7172,"href":"https:\/\/www.allgeier.com\/de\/wp-json\/wp\/v2\/pages\/7171\/revisions\/7172"}],"up":[{"embeddable":true,"href":"https:\/\/www.allgeier.com\/de\/wp-json\/wp\/v2\/pages\/1155"}],"wp:attachment":[{"href":"https:\/\/www.allgeier.com\/de\/wp-json\/wp\/v2\/media?parent=7171"}],"wp:term":[{"taxonomy":"category","embeddable":true,"href":"https:\/\/www.allgeier.com\/de\/wp-json\/wp\/v2\/categories?post=7171"},{"taxonomy":"post_tag","embeddable":true,"href":"https:\/\/www.allgeier.com\/de\/wp-json\/wp\/v2\/tags?post=7171"}],"curies":[{"name":"wp","href":"https:\/\/api.w.org\/{rel}","templated":true}]}}