{"id":7177,"date":"2018-06-08T17:52:38","date_gmt":"2018-06-08T17:52:38","guid":{"rendered":"https:\/\/www.allgeier.com\/de\/?page_id=7177"},"modified":"2025-07-23T10:27:43","modified_gmt":"2025-07-23T10:27:43","slug":"allgeier-se-allgeier-se-baut-mit-akquisition-das-internationale-softwarenentwicklungsgeschaeft-im-geschaeftsbereich-technology-in-den-usa-und-china-aus-2","status":"publish","type":"page","link":"https:\/\/www.allgeier.com\/de\/investor-relations\/adhoc-announcements\/allgeier-se-allgeier-se-baut-mit-akquisition-das-internationale-softwarenentwicklungsgeschaeft-im-geschaeftsbereich-technology-in-den-usa-und-china-aus-2\/","title":{"rendered":"ALLGEIER SE: Allgeier SE baut mit Akquisition das internationale Softwarenentwicklungsgesch\u00e4ft im Gesch\u00e4ftsbereich Technology in den USA und China aus"},"content":{"rendered":"<table class=\"news_layout style2015\" border=\"0\" cellpadding=\"0\" cellspacing=\"0\">\n<tr>\n<td>\n<div class=\"break-word news_main\">\n<p class=\"lead\"><i>M\u00fcnchen, 08. Juni 2018 <\/i>&#8211; Die Allgeier SE, M\u00fcnchen (ISIN DE000A2GS633, WKN A2GS63), st\u00e4rkt mit einer weiteren Akquisition das internationale Softwareentwicklungsgesch\u00e4ft im Gesch\u00e4ftsbereich Technology. Am heutigen Tag hat die Allgeier SE dazu einen Kaufvertrag zum Erwerb von 100 Prozent der Gesch\u00e4ftsanteile der Objectiva Software Solutions, Inc., San Diego, Kalifornien, USA, unterzeichnet.<br \/>\n\u00a0<\/p>\n<p>Objectiva Software Solutions, Inc. wurde 2001 gegr\u00fcndet und erzielte im abgelaufenen Gesch\u00e4ftsjahr einen Umsatz von rund 24 Mio. USD bei einer operativen EBITDA-Marge von rund 10 Prozent. Objectiva ist auf Softwareentwicklungsl\u00f6sungen und plattform\u00fcbergreifende Technologieimplementierung, insbesondere im Bereich E-Commerce und Content, spezialisiert. Das Unternehmen verf\u00fcgt \u00fcber eine exzellente Kundenbasis am US-amerikanischen Markt, vom durch Private Equity finanzierten unabh\u00e4ngigen Softwarehersteller bis zu Fortune-100-Unternehmen. Objectiva verf\u00fcgt neben den US-Standorten in San Diego und Seattle \u00fcber ein zus\u00e4tzliches Vertriebsnetzwerk in den Gro\u00dfr\u00e4umen Chicago, Denver, Indianapolis und Boston. Damit setzt Allgeier den Ausbau der Pr\u00e4senz und des Netzwerks auf dem US-amerikanischen Markt weiter fort. Zus\u00e4tzlich verf\u00fcgt Objectiva \u00fcber zwei chinesische Softwareentwicklungszentren in Beijing und Xi&#8217;an mit rund 450 hochqualifizierte Entwicklern. Mit dem Gewinnen dieser neuen Kollegen baut Allgeier die Kompetenz in der Entwicklung komplexer Softwarel\u00f6sungen f\u00fcr gesch\u00e4ftskritische Unternehmensprozesse weiter aus und setzt die Internationalisierung der Gruppe fort. Neben der Pr\u00e4senz am US-Markt hat Objectiva zugleich attraktive Kundenzug\u00e4nge in China und anderen asiatischen M\u00e4rkten entwickelt. Als Teil der Allgeier Gruppe wird Objectiva in Zusammenarbeit mit den Allgeier Gruppengesellschaften daneben auch seine Aktivit\u00e4ten in Deutschland und Europa ausbauen.<br \/>\n\u00a0<\/p>\n<p>Die Durchf\u00fchrung des Kaufvertrages wird noch im laufenden Monat erwartet. Der Kaufpreis bel\u00e4uft sich auf einen zweistelligen Millionen-Euro-Betrag und ist in einen Betrag, der bei Closing f\u00e4llig wird, und sp\u00e4ter f\u00e4llige Earn-out-Zahlungen aufgeteilt.<br \/>\n\u00a0<\/p>\n<p>Getrieben durch die globale Digitalisierung und die rasante technologische Entwicklung besteht an den weltweiten M\u00e4rkten eine hohe Nachfrage nach hochagiler Software- und Applikationsentwicklung. Themen wie das Internet der Dinge (IoT), Industrie 4.0 und die zielgerichtete Nutzung gro\u00dfer Datenmengen bis hin zur Einbeziehung von k\u00fcnstlicher Intelligenz bedeuten \u00fcber alle Branchen hinweg rasche \u00c4nderungen f\u00fcr viele Gesch\u00e4ftsmodelle und IT-Systeme. Vor dem Hintergrund dieser Marktchancen ist der Erwerb der Objectiva f\u00fcr Allgeier ein n\u00e4chster Schritt f\u00fcr den weiteren deutlichen Ausbau des Gesch\u00e4ftsbereichs Technology. Bereits zu Beginn des Jahres hat Allgeier das globale High End-Softwareentwicklungsgesch\u00e4ft mit der Akquisition des \u00f6sterreichischen Softwareentwicklungsspezialisten ANECON Software Design und Beratung G.m.b.H., Wien, verst\u00e4rkt.<br \/>\n\u00a0<\/p>\n<p>Kontakt:<br \/>\n\u00a0<\/p>\n<p>Allgeier SE<br \/>\nCorporate Communications &amp; Investor Relations<br \/>\nDr. Christopher Gro\u00dfe<br \/>\nWehrlestra\u00dfe 12<br \/>\n81679 M\u00fcnchen<br \/>\nTel.: +49 (0)89\/998421-0<br \/>\nFax: +49 (0)89\/998421-11<br \/>\nE-Mail: ir@allgeier.com<br \/>\nWeb: www.allgeier.com<br \/>\n\u00a0<\/p>\n<p>Allgeier SE ist eines der f\u00fchrenden IT-Unternehmen f\u00fcr digitale Transformation: Mit einer auf Innovationen und Zukunftstrends ausgerichteten Wachstumsstrategie sowie einem integrativen unternehmerischen Modell ergreift Allgeier die Chancen der Digitalisierung. Drei Segmente mit individuellen fachlichen und branchenbezogenen Schwerpunkten arbeiten gemeinsam f\u00fcr rund 3.000 Kunden aus nahezu allen Branchen. Mit rund 8.000 angestellten Mitarbeitern und mehr als 1.400 freiberuflichen Experten bietet Allgeier den Kunden als One-Stop-Shop ein umfassendes L\u00f6sungs- und Leistungsportfolio. Allgeier bildet mit einem hochflexiblen Delivery-Modell das komplette IT-Leistungsspektrum von Onsite \u00fcber Nearshore bis hin zu Offshore ab: Mit starken Standbeinen in Indien und China werden Flexibilit\u00e4t und h\u00f6chste Skalierbarkeit der Leistungen sowie hochqualifiziertes Expertenwissen in der High-End-Softwareentwicklung sichergestellt. Zu den Kunden von Allgeier z\u00e4hlen global arbeitende Konzerne genauso wie innovative mittelst\u00e4ndische Betriebe, die sich durch leistungsstarke IT-L\u00f6sungen, intelligente Software und flexible Personaldienstleistungen strategische Vorteile sichern wollen. Die stark wachsende Gruppe mit Hauptsitz in M\u00fcnchen verf\u00fcgt \u00fcber mehr als 120 Niederlassungen in der DACH-Region, zehn weiteren europ\u00e4ischen L\u00e4ndern sowie in Indien, China, Singapur, Vietnam, Malaysia, Japan, S\u00fcdafrika, Australien, Mexiko und den USA. Im Gesch\u00e4ftsjahr 2017 erzielte Allgeier im fortgef\u00fchrten Gesch\u00e4ft einen Konzernumsatz von 574 Mio. Euro. Die Gesellschaft ist am Regulierten Markt der Frankfurter Wertpapierb\u00f6rse im General Standard gelistet (WKN A2GS63, ISIN DE000A2GS633). Allgeier SE belegt in der L\u00fcnendonk(R)-Sonderanalyse 2017 &#8222;F\u00fchrende deutsche mittelst\u00e4ndische IT-Beratungs- und Systemintegrations-Unternehmen&#8220; den ersten Platz. Allgeier Experts ist nach L\u00fcnendonk(R)-Marktsegmentstudie 2017 &#8222;Der Markt f\u00fcr Rekrutierung, Vermittlung und Steuerung von IT-Freelancern in Deutschland&#8220; unter den TOP 3 IT-Personaldienstleistern in Deutschland. Allgeier SE ist am Regulierten Markt der Frankfurter Wertpapierb\u00f6rse im General Standard gelistet (WKN A2GS63, ISIN DE000A2GS633). Weitere Informationen unter: www.allgeier.com.<\/p>\n<\/div>\n<\/td>\n<\/tr>\n<\/table>\n<p><\/p>\n<div class=\"\">\n<p class=\"\">\n<\/div>\n","protected":false},"excerpt":{"rendered":"<p>ALLGEIER SE \/ Schlagwort(e): Firmen\u00fcbernahme\/Expansion  ALLGEIER SE: Allgeier SE baut mit Akquisition das internationale Softwarenentwicklungsgesch\u00e4ft im Gesch\u00e4ftsbereich Technology in den USA und China aus   08.06.2018 \/ 19:52 CET\/CEST  Ver\u00f6ffentlichung einer Insiderinformationen nach Artikel 17<\/p>\n","protected":false},"author":4,"featured_media":0,"parent":1155,"menu_order":0,"comment_status":"close","ping_status":"closed","template":"","meta":{"_acf_changed":false,"footnotes":""},"categories":[],"tags":[],"class_list":["post-7177","page","type-page","status-publish","hentry"],"acf":[],"yoast_head":"<!-- This site is optimized with the Yoast SEO plugin v27.4 - https:\/\/yoast.com\/product\/yoast-seo-wordpress\/ -->\n<title>ALLGEIER SE: Allgeier SE baut mit Akquisition das internationale Softwarenentwicklungsgesch\u00e4ft im Gesch\u00e4ftsbereich Technology in den USA und China aus - Allgeier SE<\/title>\n<meta name=\"robots\" content=\"index, follow, max-snippet:-1, max-image-preview:large, max-video-preview:-1\" \/>\n<link rel=\"canonical\" href=\"https:\/\/www.allgeier.com\/de\/investor-relations\/adhoc-announcements\/allgeier-se-allgeier-se-baut-mit-akquisition-das-internationale-softwarenentwicklungsgeschaeft-im-geschaeftsbereich-technology-in-den-usa-und-china-aus-2\/\" \/>\n<meta property=\"og:locale\" content=\"de_DE\" \/>\n<meta property=\"og:type\" content=\"article\" \/>\n<meta property=\"og:title\" content=\"ALLGEIER SE: Allgeier SE baut mit Akquisition das internationale Softwarenentwicklungsgesch\u00e4ft im Gesch\u00e4ftsbereich Technology in den USA und China aus - Allgeier SE\" \/>\n<meta property=\"og:description\" content=\"ALLGEIER SE \/ Schlagwort(e): Firmen\u00fcbernahme\/Expansion ALLGEIER SE: Allgeier SE baut mit Akquisition das internationale Softwarenentwicklungsgesch\u00e4ft im Gesch\u00e4ftsbereich Technology in den USA und China aus  08.06.2018 \/ 19:52 CET\/CEST Ver\u00f6ffentlichung einer Insiderinformationen nach Artikel 17\" \/>\n<meta property=\"og:url\" content=\"https:\/\/www.allgeier.com\/de\/investor-relations\/adhoc-announcements\/allgeier-se-allgeier-se-baut-mit-akquisition-das-internationale-softwarenentwicklungsgeschaeft-im-geschaeftsbereich-technology-in-den-usa-und-china-aus-2\/\" \/>\n<meta property=\"og:site_name\" content=\"Allgeier SE\" \/>\n<meta property=\"article:modified_time\" content=\"2025-07-23T10:27:43+00:00\" \/>\n<meta name=\"twitter:card\" content=\"summary_large_image\" \/>\n<meta name=\"twitter:label1\" content=\"Gesch\u00e4tzte Lesezeit\" \/>\n\t<meta name=\"twitter:data1\" content=\"4\u00a0Minuten\" \/>\n<script type=\"application\/ld+json\" class=\"yoast-schema-graph\">{\"@context\":\"https:\\\/\\\/schema.org\",\"@graph\":[{\"@type\":\"WebPage\",\"@id\":\"https:\\\/\\\/www.allgeier.com\\\/de\\\/investor-relations\\\/adhoc-announcements\\\/allgeier-se-allgeier-se-baut-mit-akquisition-das-internationale-softwarenentwicklungsgeschaeft-im-geschaeftsbereich-technology-in-den-usa-und-china-aus-2\\\/\",\"url\":\"https:\\\/\\\/www.allgeier.com\\\/de\\\/investor-relations\\\/adhoc-announcements\\\/allgeier-se-allgeier-se-baut-mit-akquisition-das-internationale-softwarenentwicklungsgeschaeft-im-geschaeftsbereich-technology-in-den-usa-und-china-aus-2\\\/\",\"name\":\"ALLGEIER SE: Allgeier SE baut mit Akquisition das internationale Softwarenentwicklungsgesch\u00e4ft im Gesch\u00e4ftsbereich Technology in den USA und China aus - Allgeier SE\",\"isPartOf\":{\"@id\":\"https:\\\/\\\/www.allgeier.com\\\/de\\\/#website\"},\"datePublished\":\"2018-06-08T17:52:38+00:00\",\"dateModified\":\"2025-07-23T10:27:43+00:00\",\"breadcrumb\":{\"@id\":\"https:\\\/\\\/www.allgeier.com\\\/de\\\/investor-relations\\\/adhoc-announcements\\\/allgeier-se-allgeier-se-baut-mit-akquisition-das-internationale-softwarenentwicklungsgeschaeft-im-geschaeftsbereich-technology-in-den-usa-und-china-aus-2\\\/#breadcrumb\"},\"inLanguage\":\"de\",\"potentialAction\":[{\"@type\":\"ReadAction\",\"target\":[\"https:\\\/\\\/www.allgeier.com\\\/de\\\/investor-relations\\\/adhoc-announcements\\\/allgeier-se-allgeier-se-baut-mit-akquisition-das-internationale-softwarenentwicklungsgeschaeft-im-geschaeftsbereich-technology-in-den-usa-und-china-aus-2\\\/\"]}]},{\"@type\":\"BreadcrumbList\",\"@id\":\"https:\\\/\\\/www.allgeier.com\\\/de\\\/investor-relations\\\/adhoc-announcements\\\/allgeier-se-allgeier-se-baut-mit-akquisition-das-internationale-softwarenentwicklungsgeschaeft-im-geschaeftsbereich-technology-in-den-usa-und-china-aus-2\\\/#breadcrumb\",\"itemListElement\":[{\"@type\":\"ListItem\",\"position\":1,\"name\":\"Home\",\"item\":\"https:\\\/\\\/www.allgeier.com\\\/de\\\/\"},{\"@type\":\"ListItem\",\"position\":2,\"name\":\"Investor Relations\",\"item\":\"https:\\\/\\\/www.allgeier.com\\\/de\\\/investor-relations\\\/\"},{\"@type\":\"ListItem\",\"position\":3,\"name\":\"Ad hoc-Mitteilungen\",\"item\":\"https:\\\/\\\/www.allgeier.com\\\/de\\\/investor-relations\\\/adhoc-announcements\\\/\"},{\"@type\":\"ListItem\",\"position\":4,\"name\":\"ALLGEIER SE: Allgeier SE baut mit Akquisition das internationale Softwarenentwicklungsgesch\u00e4ft im Gesch\u00e4ftsbereich Technology in den USA und China aus\"}]},{\"@type\":\"WebSite\",\"@id\":\"https:\\\/\\\/www.allgeier.com\\\/de\\\/#website\",\"url\":\"https:\\\/\\\/www.allgeier.com\\\/de\\\/\",\"name\":\"Allgeier SE\",\"description\":\"Software &amp; IT Services for digital transformation\",\"potentialAction\":[{\"@type\":\"SearchAction\",\"target\":{\"@type\":\"EntryPoint\",\"urlTemplate\":\"https:\\\/\\\/www.allgeier.com\\\/de\\\/?s={search_term_string}\"},\"query-input\":{\"@type\":\"PropertyValueSpecification\",\"valueRequired\":true,\"valueName\":\"search_term_string\"}}],\"inLanguage\":\"de\"}]}<\/script>\n<!-- \/ Yoast SEO plugin. -->","yoast_head_json":{"title":"ALLGEIER SE: Allgeier SE baut mit Akquisition das internationale Softwarenentwicklungsgesch\u00e4ft im Gesch\u00e4ftsbereich Technology in den USA und China aus - Allgeier SE","robots":{"index":"index","follow":"follow","max-snippet":"max-snippet:-1","max-image-preview":"max-image-preview:large","max-video-preview":"max-video-preview:-1"},"canonical":"https:\/\/www.allgeier.com\/de\/investor-relations\/adhoc-announcements\/allgeier-se-allgeier-se-baut-mit-akquisition-das-internationale-softwarenentwicklungsgeschaeft-im-geschaeftsbereich-technology-in-den-usa-und-china-aus-2\/","og_locale":"de_DE","og_type":"article","og_title":"ALLGEIER SE: Allgeier SE baut mit Akquisition das internationale Softwarenentwicklungsgesch\u00e4ft im Gesch\u00e4ftsbereich Technology in den USA und China aus - Allgeier SE","og_description":"ALLGEIER SE \/ Schlagwort(e): Firmen\u00fcbernahme\/Expansion ALLGEIER SE: Allgeier SE baut mit Akquisition das internationale Softwarenentwicklungsgesch\u00e4ft im Gesch\u00e4ftsbereich Technology in den USA und China aus  08.06.2018 \/ 19:52 CET\/CEST Ver\u00f6ffentlichung einer Insiderinformationen nach Artikel 17","og_url":"https:\/\/www.allgeier.com\/de\/investor-relations\/adhoc-announcements\/allgeier-se-allgeier-se-baut-mit-akquisition-das-internationale-softwarenentwicklungsgeschaeft-im-geschaeftsbereich-technology-in-den-usa-und-china-aus-2\/","og_site_name":"Allgeier SE","article_modified_time":"2025-07-23T10:27:43+00:00","twitter_card":"summary_large_image","twitter_misc":{"Gesch\u00e4tzte Lesezeit":"4\u00a0Minuten"},"schema":{"@context":"https:\/\/schema.org","@graph":[{"@type":"WebPage","@id":"https:\/\/www.allgeier.com\/de\/investor-relations\/adhoc-announcements\/allgeier-se-allgeier-se-baut-mit-akquisition-das-internationale-softwarenentwicklungsgeschaeft-im-geschaeftsbereich-technology-in-den-usa-und-china-aus-2\/","url":"https:\/\/www.allgeier.com\/de\/investor-relations\/adhoc-announcements\/allgeier-se-allgeier-se-baut-mit-akquisition-das-internationale-softwarenentwicklungsgeschaeft-im-geschaeftsbereich-technology-in-den-usa-und-china-aus-2\/","name":"ALLGEIER SE: Allgeier SE baut mit Akquisition das internationale Softwarenentwicklungsgesch\u00e4ft im Gesch\u00e4ftsbereich Technology in den USA und China aus - Allgeier SE","isPartOf":{"@id":"https:\/\/www.allgeier.com\/de\/#website"},"datePublished":"2018-06-08T17:52:38+00:00","dateModified":"2025-07-23T10:27:43+00:00","breadcrumb":{"@id":"https:\/\/www.allgeier.com\/de\/investor-relations\/adhoc-announcements\/allgeier-se-allgeier-se-baut-mit-akquisition-das-internationale-softwarenentwicklungsgeschaeft-im-geschaeftsbereich-technology-in-den-usa-und-china-aus-2\/#breadcrumb"},"inLanguage":"de","potentialAction":[{"@type":"ReadAction","target":["https:\/\/www.allgeier.com\/de\/investor-relations\/adhoc-announcements\/allgeier-se-allgeier-se-baut-mit-akquisition-das-internationale-softwarenentwicklungsgeschaeft-im-geschaeftsbereich-technology-in-den-usa-und-china-aus-2\/"]}]},{"@type":"BreadcrumbList","@id":"https:\/\/www.allgeier.com\/de\/investor-relations\/adhoc-announcements\/allgeier-se-allgeier-se-baut-mit-akquisition-das-internationale-softwarenentwicklungsgeschaeft-im-geschaeftsbereich-technology-in-den-usa-und-china-aus-2\/#breadcrumb","itemListElement":[{"@type":"ListItem","position":1,"name":"Home","item":"https:\/\/www.allgeier.com\/de\/"},{"@type":"ListItem","position":2,"name":"Investor Relations","item":"https:\/\/www.allgeier.com\/de\/investor-relations\/"},{"@type":"ListItem","position":3,"name":"Ad hoc-Mitteilungen","item":"https:\/\/www.allgeier.com\/de\/investor-relations\/adhoc-announcements\/"},{"@type":"ListItem","position":4,"name":"ALLGEIER SE: Allgeier SE baut mit Akquisition das internationale Softwarenentwicklungsgesch\u00e4ft im Gesch\u00e4ftsbereich Technology in den USA und China aus"}]},{"@type":"WebSite","@id":"https:\/\/www.allgeier.com\/de\/#website","url":"https:\/\/www.allgeier.com\/de\/","name":"Allgeier SE","description":"Software &amp; IT Services for digital transformation","potentialAction":[{"@type":"SearchAction","target":{"@type":"EntryPoint","urlTemplate":"https:\/\/www.allgeier.com\/de\/?s={search_term_string}"},"query-input":{"@type":"PropertyValueSpecification","valueRequired":true,"valueName":"search_term_string"}}],"inLanguage":"de"}]}},"_links":{"self":[{"href":"https:\/\/www.allgeier.com\/de\/wp-json\/wp\/v2\/pages\/7177","targetHints":{"allow":["GET"]}}],"collection":[{"href":"https:\/\/www.allgeier.com\/de\/wp-json\/wp\/v2\/pages"}],"about":[{"href":"https:\/\/www.allgeier.com\/de\/wp-json\/wp\/v2\/types\/page"}],"author":[{"embeddable":true,"href":"https:\/\/www.allgeier.com\/de\/wp-json\/wp\/v2\/users\/4"}],"replies":[{"embeddable":true,"href":"https:\/\/www.allgeier.com\/de\/wp-json\/wp\/v2\/comments?post=7177"}],"version-history":[{"count":1,"href":"https:\/\/www.allgeier.com\/de\/wp-json\/wp\/v2\/pages\/7177\/revisions"}],"predecessor-version":[{"id":7178,"href":"https:\/\/www.allgeier.com\/de\/wp-json\/wp\/v2\/pages\/7177\/revisions\/7178"}],"up":[{"embeddable":true,"href":"https:\/\/www.allgeier.com\/de\/wp-json\/wp\/v2\/pages\/1155"}],"wp:attachment":[{"href":"https:\/\/www.allgeier.com\/de\/wp-json\/wp\/v2\/media?parent=7177"}],"wp:term":[{"taxonomy":"category","embeddable":true,"href":"https:\/\/www.allgeier.com\/de\/wp-json\/wp\/v2\/categories?post=7177"},{"taxonomy":"post_tag","embeddable":true,"href":"https:\/\/www.allgeier.com\/de\/wp-json\/wp\/v2\/tags?post=7177"}],"curies":[{"name":"wp","href":"https:\/\/api.w.org\/{rel}","templated":true}]}}