{"id":7179,"date":"2020-10-26T13:07:20","date_gmt":"2020-10-26T14:07:20","guid":{"rendered":"https:\/\/www.allgeier.com\/de\/?page_id=7179"},"modified":"2025-07-23T10:27:44","modified_gmt":"2025-07-23T10:27:44","slug":"allgeier-se-allgeier-verzeichnet-in-den-ersten-neun-monaten-2020-ein-ergebniswachstum-von-54-prozent-bereinigtes-ebitda-2","status":"publish","type":"page","link":"https:\/\/www.allgeier.com\/de\/investor-relations\/adhoc-announcements\/allgeier-se-allgeier-verzeichnet-in-den-ersten-neun-monaten-2020-ein-ergebniswachstum-von-54-prozent-bereinigtes-ebitda-2\/","title":{"rendered":"ALLGEIER SE: Allgeier verzeichnet in den ersten neun Monaten 2020 ein Ergebniswachstum von 54 Prozent (bereinigtes EBITDA)"},"content":{"rendered":"<table border=\"0\">\n<tr>\n<td>\n<p>ALLGEIER SE \/ Schlagwort(e): 9-Monatszahlen\/Prognose<\/p>\n<p>ALLGEIER SE: Allgeier verzeichnet in den ersten neun Monaten 2020 ein Ergebniswachstum von 54 Prozent (bereinigtes EBITDA) <\/p>\n<p>26.10.2020 \/ 15:07 CET\/CEST<\/p>\n<p>Ver\u00f6ffentlichung einer Insiderinformation nach Artikel 17 der Verordnung (EU) Nr. 596\/2014, \u00fcbermittelt durch DGAP &#8211; ein Service der EQS Group AG.<\/p>\n<p>F\u00fcr den Inhalt der Mitteilung ist der Emittent \/ Herausgeber verantwortlich.<\/p>\n<hr \/>\n<div>\n<p><i>M\u00fcnchen, 26. Oktober 2020 &#8211;<\/i> Das Gesch\u00e4ft der Allgeier SE (ISIN DE000A2GS633, WKN A2GS63) zeigt sich in den ersten neun Monaten 2020 mit einer stabilen Umsatzentwicklung auf dem Niveau des Vorjahres weitgehend resilient gegen\u00fcber den Folgen der COVID-19-Pandemie. Aufgrund intensiven Kostenmanagements und der planm\u00e4\u00dfigen Reduzierung von Gesch\u00e4ft mit niedrigeren Margen lag das erzielte EBITDA \u00fcber der uspr\u00fcnglichen Planung f\u00fcr die ersten neun Monate des laufenden Gesch\u00e4ftsjahres. Das Konzernergebnis insbesondere des zweiten Quartals war zum Teil positiv beeinflusst durch tempor\u00e4re Ma\u00dfnahmen zur Kostenkontrolle im Zuge der Bew\u00e4ltigung der COVID-19-Pandemie.<\/p>\n<p>Gesch\u00e4ftsentwicklung in den ersten neun Monaten 2020<\/p>\n<p>Der Umsatz des Allgeier Gesamtkonzerns (fortgef\u00fchrtes und aufgegebenes Gesch\u00e4ft) belief sich in den ersten neun Monaten 2020 (01. Januar 2020 &#8211; 30. September 2020) gem\u00e4\u00df vorl\u00e4ufiger Zahlen auf 585,4 Mio. Euro (Vorjahr: 584,2 Mio. Euro). Die Konzern-Wertsch\u00f6pfung (definiert als Gesamtleistung abz\u00fcglich der den Ums\u00e4tzen direkt zurechenbaren Umsatz- und Personalkosten) erh\u00f6hte sich um 7 Prozent auf 181,3 Mio. Euro (Vorjahr 168,9 Mio. Euro), entsprechend einer Rohmarge von 30,9 Prozent (Vorjahr: 28,9 Prozent).<\/p>\n<p>Das bereinigte Konzern-EBITDA der Periode (EBITDA vor Effekten, die betriebswirtschaftlich als au\u00dferordentlich oder periodenfremd qualifiziert werden) erh\u00f6hte sich um 53 Prozent auf 78,3 Mio. Euro (Vorjahr: 51,0 Mio. Euro). Das Konzern-EBITDA (Ergebnis vor Abschreibungen auf Sachanlagen und Abschreibungen auf immaterielle Verm\u00f6gensgegenst\u00e4nde, Zinsen und Steuern) erh\u00f6hte sich um 51 Prozent auf 67,5 Mio. Euro (Vorjahr: 44,6 Mio. Euro). Das Konzern-EBIT (Ergebnis vor Zinsen und Steuern) erh\u00f6hte sich um 85 Prozent auf 40,5 Mio. Euro (Vorjahr: 21,9 Mio. Euro).<\/p>\n<table border=\"0\">\n<tr>\n<td valign=\"top\">Wichtige Konzernkennzahlen*<\/td>\n<td valign=\"top\">Q1-Q3 2020<\/td>\n<td valign=\"top\">Q1-Q3 2019<\/td>\n<td valign=\"top\">Ver\u00e4nderung<\/td>\n<\/tr>\n<tr>\n<td valign=\"top\">Umsatzerl\u00f6se<\/td>\n<td valign=\"top\">585,4<\/td>\n<td valign=\"top\">584,2<\/td>\n<td valign=\"top\">+ 0 %<\/td>\n<\/tr>\n<tr>\n<td valign=\"top\">Wertsch\u00f6pfung<\/td>\n<td valign=\"top\">181,3<\/td>\n<td valign=\"top\">168,9<\/td>\n<td valign=\"top\">+ 7 %<\/td>\n<\/tr>\n<tr>\n<td valign=\"top\">Bereinigtes EBITDA<\/td>\n<td valign=\"top\">78,3<\/td>\n<td valign=\"top\">51,0<\/td>\n<td valign=\"top\">+ 53 %<\/td>\n<\/tr>\n<tr>\n<td valign=\"top\">EBITDA<\/td>\n<td valign=\"top\">67,5<\/td>\n<td valign=\"top\">44,6<\/td>\n<td valign=\"top\">+ 51 %<\/td>\n<\/tr>\n<tr>\n<td valign=\"top\">EBIT<\/td>\n<td valign=\"top\">40,5<\/td>\n<td valign=\"top\">21,9<\/td>\n<td valign=\"top\">+ 85 %<\/td>\n<\/tr>\n<\/table>\n<div>\u00a0<\/div>\n<p>*Gesamtkonzern nach IFRS (fortgef\u00fchrtes und aufgegebenes Gesch\u00e4ft), Angaben in Mio. EUR (soweit nicht anders vermerkt)<\/p>\n<p>Am 24. September 2020 hat die ordentliche Hauptversammlung der Allgeier SE die Abspaltung des unter der Nagarro SE geb\u00fcndelten globalen Technologieberatungs- und Softwareentwicklungsgesch\u00e4fts von der Allgeier SE beschlossen. Entsprechend wird die Nagarro SE, die abgespalten werden soll, im aufgegebenen Gesch\u00e4ftsbereich als zur Abspaltung gehalten gezeigt.<\/p>\n<p>F\u00fcr das nach der Abspaltung der Nagarro SE verbleibende fortgef\u00fchrte Gesch\u00e4ft der Allgeier SE sank der Umsatz im Vergleich zur Vorjahresperiode in den ersten neun Monaten 2020 um 8 Prozent auf 264 Mio. Euro (Vorjahr: 288 Mio. Euro). Der R\u00fcckgang ist auf den planm\u00e4\u00dfigen Verzicht auf margenschwache Ums\u00e4tze im Bereich IT-Personaldienstleistungen (Allgeier Experts) zur\u00fcckzuf\u00fchren, der in den ersten neun Monaten 2020 eine Umsatzreduzierung von 33 Mio. Euro gegen\u00fcber den ersten neuen Monaten 2019 verzeichnete. Das bereinigte EBITDA des fortgef\u00fchrten Gesch\u00e4fts stieg um 93 Prozent auf 20,3 Mio. Euro an (Vorjahr: 10,5 Mio. Euro). Das EBITDA des fortgef\u00fchrten Gesch\u00e4fts stieg im Berichtszeitraum um 149 Prozent auf 14,3 Mio. Euro (Vorjahr: 5,7 Mio. Euro). Das EBIT des fortgef\u00fchrten Gesch\u00e4fts belief sich auf 2,9 Mio. Euro (Vorjahr: -2,9 Mio. Euro).<\/p>\n<p>Der Umsatz der als zur Abspaltung gehaltenen Nagarro SE stieg um 9 Prozent auf 321 Mio. Euro (Vorjahr: 296 Mio. Euro). Das bereinigte EBITDA der Nagarro SE stieg um 43 Prozent auf 58,0 Mio. Euro (Vorjahr: 40,5 Mio. Euro). Das EBITDA stieg um 37 Prozent auf 53,3 Mio. Euro (Vorjahr: 38,9 Mio. Euro). Das EBIT erh\u00f6hte sich um 51 Prozent auf 37,6 Mio. Euro (Vorjahr: 24,9 Mio. Euro).<\/p>\n<p>Gesch\u00e4ftsentwicklung im dritten Quartal 2020<\/p>\n<p>Im dritten Quartal 2020 (01. Juli 2020 &#8211; 30. September 2020) sank der Umsatz des Gesamtkonzerns (fortgef\u00fchrtes und aufgegebenes Gesch\u00e4ft) gegen\u00fcber dem Vergleichszeitraum des Vorjahres gem\u00e4\u00df vorl\u00e4ufiger Zahlen um 6 Prozent auf 190,7 Mio. Euro (Vorjahr: 203,5 Mio. Euro). Die Konzern-Wertsch\u00f6pfung stieg um 1 Prozent auf 63,5 Mio. Euro (Vorjahr: 62,8 Mio. Euro), was einer Rohmarge von 33,2 Prozent entspricht (Vorjahr: 30,8 Prozent). Das bereinigte Konzern-EBITDA stieg um 37 Prozent auf 30,2 Mio. Euro (Vorjahr: 22,1 Mio. Euro). Das Konzern-EBITDA erh\u00f6hte sich um 28 Prozent 24,2 Mio. Euro (Vorjahr: 18,9 Mio. Euro). Das Konzern-EBIT stieg um 33 Prozent auf 15,1 Mio. Euro (Vorjahr: 11,3 Mio. Euro).<\/p>\n<p>Im fortgef\u00fchrten Gesch\u00e4ft der Allgeier SE reduzierte sich der Umsatz im dritten Quartal 2020 um 14 Prozent auf 85,3 Mio. Euro (Vorjahr: 97,3 Mio. Euro). Wesentlicher Grund war die planm\u00e4\u00dfige Reduzierung des Umsatzes im Bereich IT-Personaldienstleistungen um 15 Mio. Euro gegen\u00fcber dem dritten Quartal 2019. Das bereinigte EBITDA des fortgef\u00fchrten Gesch\u00e4fts stieg um 83 Prozent auf 9,6 Mio. Euro (Vorjahr: 5,2 Mio. Euro).<\/p>\n<p>Im zur Abspaltung gehaltenen Gesch\u00e4ft der Nagarro SE entsprach der Umsatz im dritten Quartal 2020 mit 105,4 Mio. Euro dem Umsatz im dritten Quartal des Vorjahres (Vorjahr: 105,2 Mio. Euro). Das bereinigte EBITDA der Nagarro SE stieg um 23 Prozent auf 20,3 Mio. Euro (Vorjahr: 16,5 Mio. Euro).<br \/>\nEckdaten der Konzern-Bilanz zum 30. September 2020<\/p>\n<p>Das bereinigte Konzerneigenkapital (angepasst um tempor\u00e4re Bilanzierungen aufgrund von IFRS-Anforderungen zum 30. September 2020 im Zusammenhang mit der Abspaltung der Nagarro SE) belief sich zum Bilanzstichtag 30. September 2020 gem\u00e4\u00df vorl\u00e4ufiger Zahlen auf 161 Millionen EUR (31. Dezember 2019: 166 Millionen EUR). Die Ver\u00e4nderung im Eigenkapital wird bestimmt durch das Jahresergebnis, den Erwerb von Anteilen von nicht kontrollierenden Gesellschaftern und Belastungen aus den W\u00e4hrungsumrechnungen sowie die im September 2020 erfolgte Aussch\u00fcttung einer Dividende in H\u00f6he von 5,7 Mio. Euro. Dem Allgeier Konzern standen zum Ende des dritten Quartals 2020 liquide Mittel in H\u00f6he von 125 Mio. Euro zur Verf\u00fcgung (31. Dezember 2019: 97 Mio. Euro). Die Nettofinanzverbindlichkeiten des Konzerns (inkl. der Verbindlichkeiten aus Miet- und Leasingvertr\u00e4gen) fielen zum Stichtag auf 140 Mio. Euro (31. Dezember 2019: 165 Mio. Euro). Die langfristigen Finanzschulden lagen bei 176 Mio. Euro (31. Dezember 2019: 150 Mio. Euro). Die Bilanzsumme betrug zum 30. September 2020 601 Mio. Euro (31. Dezember 2019: 587 Mio. Euro).<\/p>\n<p>Ausblick auf das Ende des Jahres 2020<\/p>\n<p>F\u00fcr das verbleibende Gesch\u00e4ftsjahr 2020 erwartet der Vorstand der Allgeier SE die Fortsetzung der positiven Entwicklung aus den ersten neun Monaten. Der erwartete Umsatz des Allgeier Gesamtkonzerns (fortgef\u00fchrtes und aufgegebenes Gesch\u00e4ft) f\u00fcr das Gesamtjahr 2020 liegt zwischen 779 und 789 Mio. Euro mit einer Rohmarge im Bereich zwischen 30 und 32 Prozent. Das erwartete bereinigte EBITDA des Allgeier Gesamtkonzerns betr\u00e4gt 98 bis 107 Mio. Euro.<\/p>\n<p>F\u00fcr das zur Abspaltung gehaltene Gesch\u00e4ft der Nagarro SE wird f\u00fcr das Gesamtjahr 2020 ein Umsatz zwischen 427 bis 433 Mio. Euro erwartet mit einer Rohmarge im Bereich zwischen 32 und 33 Prozent. Das erwartete bereinigte EBITDA des zur Abspaltung gehaltenen Gesch\u00e4fts der Nagarro SE betr\u00e4gt f\u00fcr das Gesamtjahr 2020 72 bis 77 Mio. Euro.<\/p>\n<p>F\u00fcr das fortgef\u00fchrte Gesch\u00e4ft der Allgeier SE erwartet der Vorstand f\u00fcr das Gesamtjahr 2020 einen Umsatz zwischen 352 und 356 Mio. Euro mit einer Rohmarge im Bereich zwischen 28 und 30 Prozent. Das erwartete bereinigte EBITDA f\u00fcr das fortgef\u00fchrte Gesch\u00e4ft der Allgeier SE f\u00fcr das Gesamtjahr 2020 betr\u00e4gt 26 bis 30 Mio. Euro.<\/p>\n<p>Hinweise<\/p>\n<p>Die freiwillige Zwischeninformation zum 30. September 2020 der Allgeier SE wird am 13. November 2020 ver\u00f6ffentlicht und ist dann unter www.allgeier.com einzusehen.<\/p>\n<p>Alle genannten Zahlen wurden gem\u00e4\u00df IFRS erstellt, sind vorl\u00e4ufig und nicht auditiert.<\/p>\n<p>Es wird ferner darauf hingewiesen, dass Angaben f\u00fcr Zeitr\u00e4ume nach dem 30. September 2020 auf Annahmen und Sch\u00e4tzungen beruhende Erwartungen des Vorstands darstellen. Die k\u00fcnftigen tats\u00e4chlichen Entwicklungen und die k\u00fcnftigen tats\u00e4chlichen Ergebnisse k\u00f6nnen von diesen Annahmen und Sch\u00e4tzungen abweichen. Die Allgeier SE \u00fcbernimmt keine Gew\u00e4hrleistung und keine Haftung daf\u00fcr, dass die k\u00fcnftigen Entwicklungen und die k\u00fcnftig erzielten tats\u00e4chlichen Ergebnisse mit den in dieser Ad-hoc-Mitteilung ge\u00e4u\u00dferten Annahmen und Sch\u00e4tzungen \u00fcbereinstimmen werden.<\/p>\n<p>Dieses Dokument enth\u00e4lt &#8211; in einschl\u00e4gigen Rechnungslegungsrahmen nicht genau bestimmte &#8211; erg\u00e4nzende Finanzkennzahlen, die sogenannte alternative Leistungskennzahlen sind oder sein k\u00f6nnen. Diese erg\u00e4nzenden Finanzkennzahlen k\u00f6nnen als Analyseinstrument nur eingeschr\u00e4nkt tauglich sein und sollten f\u00fcr die Beurteilung der Verm\u00f6gens-, Finanz- und Ertragslage der Allgeier SE nicht isoliert oder als Alternative zu den in den im Konzernabschluss dargestellten und im Einklang mit einschl\u00e4gigen Rechnungslegungsrahmen ermittelten Finanzkennzahlen herangezogen werden. Andere Unternehmen, die alternative Leistungskennzahlen mit einer \u00e4hnlichen Bezeichnung darstellen oder berichten, k\u00f6nnen diese anders berechnen, so dass sie deshalb m\u00f6glicherweise nicht vergleichbar sind. Weitere Informationen zu den von der Allgeier SE verwendeten alternativen Leistungskennzahlen finden Sie im Gesch\u00e4ftsbericht 2019.<\/p>\n<p>Kontakt:<\/p>\n<p>\nAllgeier SE<br \/>\nCorporate Communications &amp; Investor Relations<br \/>\nDr. Christopher Gro\u00dfe<br \/>\nEinsteinstra\u00dfe 172<br \/>\n81677 M\u00fcnchen<br \/>\nTel.: +49 (0)89\/998421-0<br \/>\nFax: +49 (0)89\/998421-11<br \/>\nE-Mail: ir@allgeier.com<br \/>\nWeb: www.allgeier.com<\/p>\n<\/div>\n<hr \/>\n<p>\n26.10.2020 CET\/CEST Die DGAP Distributionsservices umfassen gesetzliche Meldepflichten, Corporate News\/Finanznachrichten und Pressemitteilungen. <br \/>Medienarchiv unter http:\/\/www.dgap.de<\/p>\n<hr \/>\n<\/td>\n<\/tr>\n<\/table>\n<table>\n<tr>\n<td align=\"left\" valign=\"top\">Sprache:<\/td>\n<td align=\"left\" valign=\"top\">Deutsch<\/td>\n<\/tr>\n<tr>\n<td align=\"left\" valign=\"top\">Unternehmen:<\/td>\n<td align=\"left\" valign=\"top\">ALLGEIER SE<\/td>\n<\/tr>\n<tr>\n<td align=\"left\" valign=\"top\" \/>\n<td align=\"left\" valign=\"top\">Einsteinstra\u00dfe 172<\/td>\n<\/tr>\n<tr>\n<td align=\"left\" valign=\"top\" \/>\n<td align=\"left\" valign=\"top\">81677 M\u00fcnchen<\/td>\n<\/tr>\n<tr>\n<td align=\"left\" valign=\"top\" \/>\n<td align=\"left\" valign=\"top\">Deutschland<\/td>\n<\/tr>\n<tr>\n<td align=\"left\" valign=\"top\">Telefon:<\/td>\n<td align=\"left\" valign=\"top\">+49 (0) 89 &#8211; 99 84 21 0<\/td>\n<\/tr>\n<tr>\n<td align=\"left\" valign=\"top\">Fax:<\/td>\n<td align=\"left\" valign=\"top\">+49 (0) 89 &#8211; 99 84 21 11<\/td>\n<\/tr>\n<tr>\n<td align=\"left\" valign=\"top\">E-Mail:<\/td>\n<td align=\"left\" valign=\"top\">info@allgeier.com<\/td>\n<\/tr>\n<tr>\n<td align=\"left\" valign=\"top\">Internet:<\/td>\n<td align=\"left\" valign=\"top\">http:\/\/www.allgeier.com<\/td>\n<\/tr>\n<tr>\n<td align=\"left\" valign=\"top\">ISIN:<\/td>\n<td align=\"left\" valign=\"top\">DE000A2GS633<\/td>\n<\/tr>\n<tr>\n<td align=\"left\" valign=\"top\">WKN:<\/td>\n<td align=\"left\" valign=\"top\">A2GS63<\/td>\n<\/tr>\n<tr>\n<td align=\"left\" valign=\"top\">Indizes:<\/td>\n<td align=\"left\" valign=\"top\">CDAX<\/td>\n<\/tr>\n<tr>\n<td align=\"left\" valign=\"top\">B\u00f6rsen:<\/td>\n<td align=\"left\" valign=\"top\">Regulierter Markt in Frankfurt (General Standard); Freiverkehr in Berlin, D\u00fcsseldorf, Hamburg, Stuttgart, Tradegate Exchange<\/td>\n<\/tr>\n<tr>\n<td align=\"left\" valign=\"top\">EQS News ID:<\/td>\n<td align=\"left\" valign=\"top\">1143051<\/td>\n<\/tr>\n<\/table>\n<p><\/p>\n<table border=\"0\">\n<tr>\n<td align=\"left\" valign=\"top\" colspan=\"2\" \/>\n<\/tr>\n<\/table>\n<table border=\"0\">\n<tr>\n<td align=\"left\" valign=\"top\" colspan=\"2\">\u00a0<\/td>\n<\/tr>\n<tr>\n<td align=\"left\" valign=\"top\">Ende der Mitteilung<\/td>\n<td align=\"left\" valign=\"top\">DGAP News-Service<\/td>\n<\/tr>\n<\/table>\n<table border=\"0\">\n<tr>\n<td>\n<hr \/>\n<\/td>\n<\/tr>\n<\/table>\n<div>\n<p>1143051\u00a0\u00a026.10.2020\u00a0CET\/CEST<\/p>\n<\/div>\n","protected":false},"excerpt":{"rendered":"<p>ALLGEIER SE \/ Schlagwort(e): 9-Monatszahlen\/Prognose  ALLGEIER SE: Allgeier verzeichnet in den ersten neun Monaten 2020 ein Ergebniswachstum von 54 Prozent (bereinigtes EBITDA)  26.10.2020 \/ 15:07 CET\/CEST  Ver\u00f6ffentlichung einer Insiderinformation nach Artikel 17 der Verordnung (EU) Nr. 596\/2014,<\/p>\n","protected":false},"author":4,"featured_media":0,"parent":1155,"menu_order":0,"comment_status":"close","ping_status":"closed","template":"","meta":{"_acf_changed":false,"footnotes":""},"categories":[],"tags":[],"class_list":["post-7179","page","type-page","status-publish","hentry"],"acf":[],"yoast_head":"<!-- This site is optimized with the Yoast SEO plugin v27.4 - https:\/\/yoast.com\/product\/yoast-seo-wordpress\/ -->\n<title>ALLGEIER SE: Allgeier verzeichnet in den ersten neun Monaten 2020 ein Ergebniswachstum von 54 Prozent (bereinigtes EBITDA) - Allgeier SE<\/title>\n<meta name=\"robots\" content=\"index, follow, max-snippet:-1, max-image-preview:large, max-video-preview:-1\" \/>\n<link rel=\"canonical\" href=\"https:\/\/www.allgeier.com\/de\/investor-relations\/adhoc-announcements\/allgeier-se-allgeier-verzeichnet-in-den-ersten-neun-monaten-2020-ein-ergebniswachstum-von-54-prozent-bereinigtes-ebitda-2\/\" \/>\n<meta property=\"og:locale\" content=\"de_DE\" \/>\n<meta property=\"og:type\" content=\"article\" \/>\n<meta property=\"og:title\" content=\"ALLGEIER SE: Allgeier verzeichnet in den ersten neun Monaten 2020 ein Ergebniswachstum von 54 Prozent (bereinigtes EBITDA) - Allgeier SE\" \/>\n<meta property=\"og:description\" content=\"ALLGEIER SE \/ Schlagwort(e): 9-Monatszahlen\/Prognose ALLGEIER SE: Allgeier verzeichnet in den ersten neun Monaten 2020 ein Ergebniswachstum von 54 Prozent (bereinigtes EBITDA) 26.10.2020 \/ 15:07 CET\/CEST Ver\u00f6ffentlichung einer Insiderinformation nach Artikel 17 der Verordnung (EU) Nr. 596\/2014,\" \/>\n<meta property=\"og:url\" content=\"https:\/\/www.allgeier.com\/de\/investor-relations\/adhoc-announcements\/allgeier-se-allgeier-verzeichnet-in-den-ersten-neun-monaten-2020-ein-ergebniswachstum-von-54-prozent-bereinigtes-ebitda-2\/\" \/>\n<meta property=\"og:site_name\" content=\"Allgeier SE\" \/>\n<meta property=\"article:modified_time\" content=\"2025-07-23T10:27:44+00:00\" \/>\n<meta name=\"twitter:card\" content=\"summary_large_image\" \/>\n<meta name=\"twitter:label1\" content=\"Gesch\u00e4tzte Lesezeit\" \/>\n\t<meta name=\"twitter:data1\" content=\"7\u00a0Minuten\" \/>\n<script type=\"application\/ld+json\" class=\"yoast-schema-graph\">{\"@context\":\"https:\\\/\\\/schema.org\",\"@graph\":[{\"@type\":\"WebPage\",\"@id\":\"https:\\\/\\\/www.allgeier.com\\\/de\\\/investor-relations\\\/adhoc-announcements\\\/allgeier-se-allgeier-verzeichnet-in-den-ersten-neun-monaten-2020-ein-ergebniswachstum-von-54-prozent-bereinigtes-ebitda-2\\\/\",\"url\":\"https:\\\/\\\/www.allgeier.com\\\/de\\\/investor-relations\\\/adhoc-announcements\\\/allgeier-se-allgeier-verzeichnet-in-den-ersten-neun-monaten-2020-ein-ergebniswachstum-von-54-prozent-bereinigtes-ebitda-2\\\/\",\"name\":\"ALLGEIER SE: Allgeier verzeichnet in den ersten neun Monaten 2020 ein Ergebniswachstum von 54 Prozent (bereinigtes EBITDA) - Allgeier SE\",\"isPartOf\":{\"@id\":\"https:\\\/\\\/www.allgeier.com\\\/de\\\/#website\"},\"datePublished\":\"2020-10-26T14:07:20+00:00\",\"dateModified\":\"2025-07-23T10:27:44+00:00\",\"breadcrumb\":{\"@id\":\"https:\\\/\\\/www.allgeier.com\\\/de\\\/investor-relations\\\/adhoc-announcements\\\/allgeier-se-allgeier-verzeichnet-in-den-ersten-neun-monaten-2020-ein-ergebniswachstum-von-54-prozent-bereinigtes-ebitda-2\\\/#breadcrumb\"},\"inLanguage\":\"de\",\"potentialAction\":[{\"@type\":\"ReadAction\",\"target\":[\"https:\\\/\\\/www.allgeier.com\\\/de\\\/investor-relations\\\/adhoc-announcements\\\/allgeier-se-allgeier-verzeichnet-in-den-ersten-neun-monaten-2020-ein-ergebniswachstum-von-54-prozent-bereinigtes-ebitda-2\\\/\"]}]},{\"@type\":\"BreadcrumbList\",\"@id\":\"https:\\\/\\\/www.allgeier.com\\\/de\\\/investor-relations\\\/adhoc-announcements\\\/allgeier-se-allgeier-verzeichnet-in-den-ersten-neun-monaten-2020-ein-ergebniswachstum-von-54-prozent-bereinigtes-ebitda-2\\\/#breadcrumb\",\"itemListElement\":[{\"@type\":\"ListItem\",\"position\":1,\"name\":\"Home\",\"item\":\"https:\\\/\\\/www.allgeier.com\\\/de\\\/\"},{\"@type\":\"ListItem\",\"position\":2,\"name\":\"Investor Relations\",\"item\":\"https:\\\/\\\/www.allgeier.com\\\/de\\\/investor-relations\\\/\"},{\"@type\":\"ListItem\",\"position\":3,\"name\":\"Ad hoc-Mitteilungen\",\"item\":\"https:\\\/\\\/www.allgeier.com\\\/de\\\/investor-relations\\\/adhoc-announcements\\\/\"},{\"@type\":\"ListItem\",\"position\":4,\"name\":\"ALLGEIER SE: Allgeier verzeichnet in den ersten neun Monaten 2020 ein Ergebniswachstum von 54 Prozent (bereinigtes EBITDA)\"}]},{\"@type\":\"WebSite\",\"@id\":\"https:\\\/\\\/www.allgeier.com\\\/de\\\/#website\",\"url\":\"https:\\\/\\\/www.allgeier.com\\\/de\\\/\",\"name\":\"Allgeier SE\",\"description\":\"Software &amp; IT Services for digital transformation\",\"potentialAction\":[{\"@type\":\"SearchAction\",\"target\":{\"@type\":\"EntryPoint\",\"urlTemplate\":\"https:\\\/\\\/www.allgeier.com\\\/de\\\/?s={search_term_string}\"},\"query-input\":{\"@type\":\"PropertyValueSpecification\",\"valueRequired\":true,\"valueName\":\"search_term_string\"}}],\"inLanguage\":\"de\"}]}<\/script>\n<!-- \/ Yoast SEO plugin. -->","yoast_head_json":{"title":"ALLGEIER SE: Allgeier verzeichnet in den ersten neun Monaten 2020 ein Ergebniswachstum von 54 Prozent (bereinigtes EBITDA) - Allgeier SE","robots":{"index":"index","follow":"follow","max-snippet":"max-snippet:-1","max-image-preview":"max-image-preview:large","max-video-preview":"max-video-preview:-1"},"canonical":"https:\/\/www.allgeier.com\/de\/investor-relations\/adhoc-announcements\/allgeier-se-allgeier-verzeichnet-in-den-ersten-neun-monaten-2020-ein-ergebniswachstum-von-54-prozent-bereinigtes-ebitda-2\/","og_locale":"de_DE","og_type":"article","og_title":"ALLGEIER SE: Allgeier verzeichnet in den ersten neun Monaten 2020 ein Ergebniswachstum von 54 Prozent (bereinigtes EBITDA) - Allgeier SE","og_description":"ALLGEIER SE \/ Schlagwort(e): 9-Monatszahlen\/Prognose ALLGEIER SE: Allgeier verzeichnet in den ersten neun Monaten 2020 ein Ergebniswachstum von 54 Prozent (bereinigtes EBITDA) 26.10.2020 \/ 15:07 CET\/CEST Ver\u00f6ffentlichung einer Insiderinformation nach Artikel 17 der Verordnung (EU) Nr. 596\/2014,","og_url":"https:\/\/www.allgeier.com\/de\/investor-relations\/adhoc-announcements\/allgeier-se-allgeier-verzeichnet-in-den-ersten-neun-monaten-2020-ein-ergebniswachstum-von-54-prozent-bereinigtes-ebitda-2\/","og_site_name":"Allgeier SE","article_modified_time":"2025-07-23T10:27:44+00:00","twitter_card":"summary_large_image","twitter_misc":{"Gesch\u00e4tzte Lesezeit":"7\u00a0Minuten"},"schema":{"@context":"https:\/\/schema.org","@graph":[{"@type":"WebPage","@id":"https:\/\/www.allgeier.com\/de\/investor-relations\/adhoc-announcements\/allgeier-se-allgeier-verzeichnet-in-den-ersten-neun-monaten-2020-ein-ergebniswachstum-von-54-prozent-bereinigtes-ebitda-2\/","url":"https:\/\/www.allgeier.com\/de\/investor-relations\/adhoc-announcements\/allgeier-se-allgeier-verzeichnet-in-den-ersten-neun-monaten-2020-ein-ergebniswachstum-von-54-prozent-bereinigtes-ebitda-2\/","name":"ALLGEIER SE: Allgeier verzeichnet in den ersten neun Monaten 2020 ein Ergebniswachstum von 54 Prozent (bereinigtes EBITDA) - Allgeier SE","isPartOf":{"@id":"https:\/\/www.allgeier.com\/de\/#website"},"datePublished":"2020-10-26T14:07:20+00:00","dateModified":"2025-07-23T10:27:44+00:00","breadcrumb":{"@id":"https:\/\/www.allgeier.com\/de\/investor-relations\/adhoc-announcements\/allgeier-se-allgeier-verzeichnet-in-den-ersten-neun-monaten-2020-ein-ergebniswachstum-von-54-prozent-bereinigtes-ebitda-2\/#breadcrumb"},"inLanguage":"de","potentialAction":[{"@type":"ReadAction","target":["https:\/\/www.allgeier.com\/de\/investor-relations\/adhoc-announcements\/allgeier-se-allgeier-verzeichnet-in-den-ersten-neun-monaten-2020-ein-ergebniswachstum-von-54-prozent-bereinigtes-ebitda-2\/"]}]},{"@type":"BreadcrumbList","@id":"https:\/\/www.allgeier.com\/de\/investor-relations\/adhoc-announcements\/allgeier-se-allgeier-verzeichnet-in-den-ersten-neun-monaten-2020-ein-ergebniswachstum-von-54-prozent-bereinigtes-ebitda-2\/#breadcrumb","itemListElement":[{"@type":"ListItem","position":1,"name":"Home","item":"https:\/\/www.allgeier.com\/de\/"},{"@type":"ListItem","position":2,"name":"Investor Relations","item":"https:\/\/www.allgeier.com\/de\/investor-relations\/"},{"@type":"ListItem","position":3,"name":"Ad hoc-Mitteilungen","item":"https:\/\/www.allgeier.com\/de\/investor-relations\/adhoc-announcements\/"},{"@type":"ListItem","position":4,"name":"ALLGEIER SE: Allgeier verzeichnet in den ersten neun Monaten 2020 ein Ergebniswachstum von 54 Prozent (bereinigtes EBITDA)"}]},{"@type":"WebSite","@id":"https:\/\/www.allgeier.com\/de\/#website","url":"https:\/\/www.allgeier.com\/de\/","name":"Allgeier SE","description":"Software &amp; IT Services for digital transformation","potentialAction":[{"@type":"SearchAction","target":{"@type":"EntryPoint","urlTemplate":"https:\/\/www.allgeier.com\/de\/?s={search_term_string}"},"query-input":{"@type":"PropertyValueSpecification","valueRequired":true,"valueName":"search_term_string"}}],"inLanguage":"de"}]}},"_links":{"self":[{"href":"https:\/\/www.allgeier.com\/de\/wp-json\/wp\/v2\/pages\/7179","targetHints":{"allow":["GET"]}}],"collection":[{"href":"https:\/\/www.allgeier.com\/de\/wp-json\/wp\/v2\/pages"}],"about":[{"href":"https:\/\/www.allgeier.com\/de\/wp-json\/wp\/v2\/types\/page"}],"author":[{"embeddable":true,"href":"https:\/\/www.allgeier.com\/de\/wp-json\/wp\/v2\/users\/4"}],"replies":[{"embeddable":true,"href":"https:\/\/www.allgeier.com\/de\/wp-json\/wp\/v2\/comments?post=7179"}],"version-history":[{"count":1,"href":"https:\/\/www.allgeier.com\/de\/wp-json\/wp\/v2\/pages\/7179\/revisions"}],"predecessor-version":[{"id":7180,"href":"https:\/\/www.allgeier.com\/de\/wp-json\/wp\/v2\/pages\/7179\/revisions\/7180"}],"up":[{"embeddable":true,"href":"https:\/\/www.allgeier.com\/de\/wp-json\/wp\/v2\/pages\/1155"}],"wp:attachment":[{"href":"https:\/\/www.allgeier.com\/de\/wp-json\/wp\/v2\/media?parent=7179"}],"wp:term":[{"taxonomy":"category","embeddable":true,"href":"https:\/\/www.allgeier.com\/de\/wp-json\/wp\/v2\/categories?post=7179"},{"taxonomy":"post_tag","embeddable":true,"href":"https:\/\/www.allgeier.com\/de\/wp-json\/wp\/v2\/tags?post=7179"}],"curies":[{"name":"wp","href":"https:\/\/api.w.org\/{rel}","templated":true}]}}