{"id":7197,"date":"2020-07-30T14:55:38","date_gmt":"2020-07-30T14:55:38","guid":{"rendered":"https:\/\/www.allgeier.com\/de\/?page_id=7197"},"modified":"2025-07-23T10:27:49","modified_gmt":"2025-07-23T10:27:49","slug":"allgeier-se-allgeier-verzeichnet-im-ersten-halbjahr-2020-stabile-geschaeftsentwicklung-mit-68-prozent-ergebniswachstum-ebitda-2","status":"publish","type":"page","link":"https:\/\/www.allgeier.com\/de\/investor-relations\/adhoc-announcements\/allgeier-se-allgeier-verzeichnet-im-ersten-halbjahr-2020-stabile-geschaeftsentwicklung-mit-68-prozent-ergebniswachstum-ebitda-2\/","title":{"rendered":"Allgeier SE: Allgeier verzeichnet im ersten Halbjahr 2020 stabile Gesch\u00e4ftsentwicklung mit 68 % Prozent Ergebniswachstum (EBITDA)"},"content":{"rendered":"<table border=\"0\">\n<tr>\n<td>\n<p>ALLGEIER SE \/ Schlagwort(e): Halbjahresergebnis<\/p>\n<p>Allgeier SE: Allgeier verzeichnet im ersten Halbjahr 2020 stabile Gesch\u00e4ftsentwicklung mit 68 % Prozent Ergebniswachstum (EBITDA) <\/p>\n<p>30.07.2020 \/ 16:55 CET\/CEST<\/p>\n<p>Ver\u00f6ffentlichung einer Insiderinformation nach Artikel 17 der Verordnung (EU) Nr. 596\/2014, \u00fcbermittelt durch DGAP &#8211; ein Service der EQS Group AG.<\/p>\n<p>F\u00fcr den Inhalt der Mitteilung ist der Emittent \/ Herausgeber verantwortlich.<\/p>\n<hr \/>\n<div>\n<p><i>M\u00fcnchen, 30. Juli 2020 &#8211;<\/i> Allgeier SE (ISIN DE000A2GS633, WKN A2GS63) erzielt im ersten Halbjahr 2020 (01. Januar 2020 &#8211; 30. Juni 2020) gem\u00e4\u00df vorl\u00e4ufiger Zahlen ein Umsatzwachstum auf dem Niveau, wie es urspr\u00fcnglich vor Ausbruch der COVID-19-Pandemie geplant war. Aufgrund geringerer Kosten lag das erzielte EBITDA im Gesamtkonzern sogar deutlich \u00fcber der Planung f\u00fcr das erste Halbjahr. Das Wachstum wurde insbesondere von dem starken EBITDA-Wachstum der zur Abspaltung vorgesehenen Nagarro Gruppe getrieben. Das Konzernergebnis insbesondere des zweiten Quartals war dabei in au\u00dferordentlicher Weise positiv beeinflusst durch tempor\u00e4re Ma\u00dfnahmen zur Kostenkontrolle im Zuge der Bew\u00e4ltigung der COVID-19-Pandemie sowie beeinflusst durch die Entwicklung von Wechselkursen. Insgesamt erwies sich das Gesch\u00e4ft aller wesentlichen Teile des Allgeier Konzerns in der ersten Jahresh\u00e4lfte 2020 als stabil und weitgehend resilient gegen\u00fcber den Folgen der COVID-19-Pandemie. Mit den ergriffenen Ma\u00dfnahmen und der weltweiten Verlagerung der Mitarbeiter ins Homeoffice haben wir den Service f\u00fcr unsere Kunden und die Arbeit in den Projekten in sicherer und produktiver Weise ohne gr\u00f6\u00dfere Einschr\u00e4nkungen fortgesetzt.<\/p>\n<p>Gesch\u00e4ftsentwicklung im ersten Halbjahr 2020<\/p>\n<p>In Summe stieg der Umsatz des Allgeier Konzerns im ersten Halbjahr 2020 gegen\u00fcber den ersten sechs Monaten des Jahres 2019 um 4 Prozent auf 394,8 Mio. Euro (Vorjahr: 380,8 Mio. Euro). Die Konzern-Wertsch\u00f6pfung (definiert als Gesamtleistung abz\u00fcglich der den Ums\u00e4tzen direkt zurechenbaren Umsatz- und Personalkosten) erh\u00f6hte sich in diesem Zeitraum um 11 Prozent auf 117,9 Mio. Euro (Vorjahr: 106,1 Mio. Euro). Das bereinigte Konzern-EBITDA (Ergebnis vor Abschreibungen auf Sachanlagen und Abschreibungen auf immaterielle Verm\u00f6gensgegenst\u00e4nde, Zinsen und Steuern, bereinigt um au\u00dferordentliche und periodenfremde Positionen) der Periode betrug 47,9 Mio. Euro (Vorjahr: 29,0 Mio. Euro), entsprechend einer Steigerung um 65 Prozent gegen\u00fcber dem Vergleichszeitraum des Vorjahres. Das Konzern-EBITDA wuchs im Berichtszeitraum um 68 Prozent auf 43,2 Mio. Euro (Vorjahr: 25,7 Mio. Euro). Das Konzern-EBIT (Ergebnis vor Zinsen und Steuern) betrug 25,5 Mio. Euro (Vorjahr: 10,6 Mio. Euro), was einer Steigerung von 141 Prozent entspricht.<\/p>\n<table border=\"0\">\n<tr>\n<td align=\"left\" valign=\"top\">Wichtige Konzernkennzahlen*<\/td>\n<td align=\"center\" valign=\"top\">1. HJ 2020<\/td>\n<td align=\"center\" valign=\"top\">1. HJ 2019<\/td>\n<td align=\"right\" valign=\"top\">Ver\u00e4nderung<\/td>\n<\/tr>\n<tr>\n<td align=\"left\" valign=\"top\">Umsatzerl\u00f6se<\/td>\n<td align=\"right\" valign=\"top\">394,8<\/td>\n<td align=\"right\" valign=\"top\">380,8<\/td>\n<td align=\"right\" valign=\"top\">+ 4 %<\/td>\n<\/tr>\n<tr>\n<td align=\"left\" valign=\"top\">Wertsch\u00f6pfung<\/td>\n<td align=\"right\" valign=\"top\">117,9<\/td>\n<td align=\"right\" valign=\"top\">106,1<\/td>\n<td align=\"right\" valign=\"top\">+ 11 %<\/td>\n<\/tr>\n<tr>\n<td align=\"left\" valign=\"top\">Bereinigtes EBITDA<\/td>\n<td align=\"right\" valign=\"top\">47,9<\/td>\n<td align=\"right\" valign=\"top\">29,0<\/td>\n<td align=\"right\" valign=\"top\">+ 65 %<\/td>\n<\/tr>\n<tr>\n<td align=\"left\" valign=\"top\">EBITDA<\/td>\n<td align=\"right\" valign=\"top\">43,2<\/td>\n<td align=\"right\" valign=\"top\">25,7<\/td>\n<td align=\"right\" valign=\"top\">+ 68 %<\/td>\n<\/tr>\n<tr>\n<td align=\"left\" valign=\"top\">EBIT<\/td>\n<td align=\"right\" valign=\"top\">25,5<\/td>\n<td align=\"right\" valign=\"top\">10,6<\/td>\n<td align=\"right\" valign=\"top\">+ 141 %<\/td>\n<\/tr>\n<\/table>\n<p>\u00a0<\/p>\n<p>*Gesamt-Konzern nach IFRS, Angaben in Mio. EUR (soweit nicht anders vermerkt)<\/p>\n<p>Der Umsatz der zur Abspaltung vorgesehenen Nagarro Gruppe stieg um 14 Prozent auf 216,0 Mio. Euro (Vorjahr: 188,9 Mio. Euro). Das bereinigte EBITDA der Unternehmenseinheit stieg um 54 Prozent auf 37,2 Mio. Euro (Vorjahr: 24,1 Mio. Euro).<\/p>\n<p>F\u00fcr das nach der beabsichtigten Abspaltung verbleibende Gesch\u00e4ft der Allgeier Gruppe sank der Umsatz im Vergleich zur Vorjahresperiode im ersten Halbjahr 2020 um 7 Prozent auf 178,7 Mio. Euro (Vorjahr: 192,0 Mio. Euro). Der R\u00fcckgang ist auf die planm\u00e4\u00dfige Reduzierung des Umsatzes im Gesch\u00e4ftsbereich Allgeier Experts um 13 Prozent auf 115,3 Mio. Euro zur\u00fcckzuf\u00fchren (Vorjahr: 132,8 Mio. Euro). Das bereinigte EBITDA der nach der beabsichtigten Abspaltung verbleibenden Allgeier Gruppe stieg um 118 Prozent auf 10,7 Mio. Euro an (Vorjahr: 4,9 Mio. Euro).<\/p>\n<p>Gesch\u00e4ftsentwicklung im zweiten Quartal 2020<\/p>\n<p>Im zweiten Quartal 2020 (01. April 2020 &#8211; 30. Juni 2020) steigerte der Allgeier Konzern den Umsatz gegen\u00fcber dem Vergleichszeitraum des Vorjahres leicht auf 192,0 Mio. Euro (Vorjahr: 191,1 Mio. Euro). Im selben Zeitraum stieg die Wertsch\u00f6pfung um 10 Prozent auf 59,4 Mio. Euro (Vorjahr: 54,2 Mio. Euro). Das bereinigte Konzern-EBITDA lag mit 27,0 Mio. Euro um 81 Prozent \u00fcber dem Ergebnis der Vorjahresperiode (Vorjahr: 14,9 Mio. Euro). Das Konzern-EBITDA des zweiten Quartals betrug 25,4 Mio. Euro (Vorjahr: 12,3 Mio. Euro), entsprechend einer Steigerung um 107 Prozent gegen\u00fcber dem Vergleichszeitraum des Vorjahres. Der Konzern-EBIT stieg um 240 Prozent auf 16,3 Mio. Euro (Vorjahr: 4,8 Mio. Euro).<\/p>\n<p>Eckdaten der Bilanz zum 30. Juni 2020<\/p>\n<p>Das Konzerneigenkapital reduzierte sich zum Bilanzstichtag 30. Juni 2020 gem\u00e4\u00df vorl\u00e4ufiger Zahlen auf 159 Mio. Euro (31. Dezember 2019: 166 Mio. Euro). Die Ver\u00e4nderung im Eigenkapital wird bestimmt durch das Jahresergebnis, den Erwerb von Anteilen von nicht kontrollierenden Gesellschaftern und Belastungen aus den W\u00e4hrungsumrechnungen. Dem Allgeier Konzern standen zum Ende des zweiten Quartals 2020 liquide Mittel in H\u00f6he von 119 Mio. Euro zur Verf\u00fcgung (31. Dezember 2019: 97 Mio. Euro). Die Nettofinanzverbindlichkeiten des Konzerns (inkl. der Verbindlichkeiten aus Miet- und Leasingvertr\u00e4gen) fielen zum Stichtag auf 149 Mio. Euro (31. Dezember 2019: 165 Mio. Euro). Die langfristigen Finanzschulden lagen bei 170 Mio. Euro (31. Dezember 2019: 150 Mio. Euro). Die Bilanzsumme betrug zum 30. Juni 2020 604 Mio. Euro (31. Dezember 2019: 587 Mio. Euro).<\/p>\n<p>Ausblick auf die zweite Jahresh\u00e4lfte 2020<\/p>\n<p>Aufgrund der andauernden Unsicherheit \u00fcber die m\u00f6glichen Folgen der weltweiten COVID-19-Pandemie auf die Weltwirtschaft gibt der Vorstand zum derzeitigen Zeitpunkt weiterhin keine Guidance f\u00fcr das verbleibende Gesch\u00e4ftsjahr 2020 ab. Die Auswirkungen der Corona-Krise auf die verschiedenen Gesch\u00e4ftsmodelle der Kunden weltweit f\u00fcr die kommenden Monate k\u00f6nnen aktuell nicht ausreichend klar und seri\u00f6s eingesch\u00e4tzt werden. Aufgrund der hohen Diversifikation des Kundenspektrums des Allgeier Konzerns in Bezug auf Gr\u00f6\u00dfe, Region, Branchen und Gesch\u00e4ftsmodelle sieht der Vorstand keine relevanten Klumpenrisiken und geht davon aus, dass mittel- und langfristig der Bedarf der Kunden f\u00fcr Unterst\u00fctzung bei der Digitalisierung ihrer Gesch\u00e4ftsmodelle weiter deutlich steigen und im Verlauf der aktuellen Corona-Krise eher noch erh\u00f6ht wird.<\/p>\n<p>Hinweise<\/p>\n<p>Der Halbjahresfinanzbericht 2020 der Allgeier SE wird am 14. August 2020 ver\u00f6ffentlicht und ist dann unter www.allgeier.com einzusehen.<\/p>\n<p>Alle genannten Zahlen wurden gem\u00e4\u00df IFRS erstellt, sind vorl\u00e4ufig und nicht auditiert.<\/p>\n<p>Es wird ferner darauf hingewiesen, dass Angaben f\u00fcr Zeitr\u00e4ume nach dem 30. Juni 2020 auf Annahmen und Sch\u00e4tzungen beruhende Erwartungen des Vorstands darstellen. Die k\u00fcnftigen tats\u00e4chlichen Entwicklungen und die k\u00fcnftigen tats\u00e4chlichen Ergebnisse k\u00f6nnen von diesen Annahmen und Sch\u00e4tzungen abweichen. Die Allgeier SE \u00fcbernimmt keine Gew\u00e4hrleistung und keine Haftung daf\u00fcr, dass die k\u00fcnftigen Entwicklungen und die k\u00fcnftig erzielten tats\u00e4chlichen Ergebnisse mit den in dieser Ad-hoc-Mitteilung ge\u00e4u\u00dferten Annahmen und Sch\u00e4tzungen \u00fcbereinstimmen werden.<\/p>\n<p>Dieses Dokument enth\u00e4lt &#8211; in einschl\u00e4gigen Rechnungslegungsrahmen nicht genau bestimmte &#8211; erg\u00e4nzende Finanzkennzahlen, die sogenannte alternative Leistungskennzahlen sind oder sein k\u00f6nnen. Diese erg\u00e4nzenden Finanzkennzahlen k\u00f6nnen als Analyseinstrument nur eingeschr\u00e4nkt tauglich sein und sollten f\u00fcr die Beurteilung der Verm\u00f6gens-, Finanz- und Ertragslage der Allgeier SE nicht isoliert oder als Alternative zu den in den im Konzernabschluss dargestellten und im Einklang mit einschl\u00e4gigen Rechnungslegungsrahmen ermittelten Finanzkennzahlen herangezogen werden. Andere Unternehmen, die alternative Leistungskennzahlen mit einer \u00e4hnlichen Bezeichnung darstellen oder berichten, k\u00f6nnen diese anders berechnen, so dass sie deshalb m\u00f6glicherweise nicht vergleichbar sind. Weitere Informationen zu den von der Allgeier SE verwendeten alternativen Leistungskennzahlen finden Sie im Gesch\u00e4ftsbericht 2019.<\/p>\n<p>Kontakt:<\/p>\n<p>Allgeier SE<br \/>\nCorporate Communications &amp; Investor Relations<br \/>\nDr. Christopher Gro\u00dfe<br \/>\nEinsteinstra\u00dfe 172<br \/>\n81677 M\u00fcnchen<br \/>\nTel.: +49 (0)89\/998421-0<br \/>\nFax: +49 (0)89\/998421-11<br \/>\nE-Mail: ir@allgeier.com<br \/>\nWeb: www.allgeier.com<\/p>\n<p>\u00a0<\/p>\n<\/div>\n<hr \/>\n<p>\n30.07.2020 CET\/CEST Die DGAP Distributionsservices umfassen gesetzliche Meldepflichten, Corporate News\/Finanznachrichten und Pressemitteilungen. <br \/>Medienarchiv unter http:\/\/www.dgap.de<\/p>\n<hr \/>\n<\/td>\n<\/tr>\n<\/table>\n<table>\n<tr>\n<td align=\"left\" valign=\"top\">Sprache:<\/td>\n<td align=\"left\" valign=\"top\">Deutsch<\/td>\n<\/tr>\n<tr>\n<td align=\"left\" valign=\"top\">Unternehmen:<\/td>\n<td align=\"left\" valign=\"top\">ALLGEIER SE<\/td>\n<\/tr>\n<tr>\n<td align=\"left\" valign=\"top\" \/>\n<td align=\"left\" valign=\"top\">Einsteinstra\u00dfe 172<\/td>\n<\/tr>\n<tr>\n<td align=\"left\" valign=\"top\" \/>\n<td align=\"left\" valign=\"top\">81677 M\u00fcnchen<\/td>\n<\/tr>\n<tr>\n<td align=\"left\" valign=\"top\" \/>\n<td align=\"left\" valign=\"top\">Deutschland<\/td>\n<\/tr>\n<tr>\n<td align=\"left\" valign=\"top\">Telefon:<\/td>\n<td align=\"left\" valign=\"top\">+49 (0) 89 &#8211; 99 84 21 0<\/td>\n<\/tr>\n<tr>\n<td align=\"left\" valign=\"top\">Fax:<\/td>\n<td align=\"left\" valign=\"top\">+49 (0) 89 &#8211; 99 84 21 11<\/td>\n<\/tr>\n<tr>\n<td align=\"left\" valign=\"top\">E-Mail:<\/td>\n<td align=\"left\" valign=\"top\">info@allgeier.com<\/td>\n<\/tr>\n<tr>\n<td align=\"left\" valign=\"top\">Internet:<\/td>\n<td align=\"left\" valign=\"top\">http:\/\/www.allgeier.com<\/td>\n<\/tr>\n<tr>\n<td align=\"left\" valign=\"top\">ISIN:<\/td>\n<td align=\"left\" valign=\"top\">DE000A2GS633<\/td>\n<\/tr>\n<tr>\n<td align=\"left\" valign=\"top\">WKN:<\/td>\n<td align=\"left\" valign=\"top\">A2GS63<\/td>\n<\/tr>\n<tr>\n<td align=\"left\" valign=\"top\">Indizes:<\/td>\n<td align=\"left\" valign=\"top\">CDAX<\/td>\n<\/tr>\n<tr>\n<td align=\"left\" valign=\"top\">B\u00f6rsen:<\/td>\n<td align=\"left\" valign=\"top\">Regulierter Markt in Frankfurt (General Standard); Freiverkehr in Berlin, D\u00fcsseldorf, Hamburg, Stuttgart, Tradegate Exchange<\/td>\n<\/tr>\n<tr>\n<td align=\"left\" valign=\"top\">EQS News ID:<\/td>\n<td align=\"left\" valign=\"top\">1106653<\/td>\n<\/tr>\n<\/table>\n<p><\/p>\n<table border=\"0\">\n<tr>\n<td align=\"left\" valign=\"top\" colspan=\"2\" \/>\n<\/tr>\n<\/table>\n<table border=\"0\">\n<tr>\n<td align=\"left\" valign=\"top\" colspan=\"2\">\u00a0<\/td>\n<\/tr>\n<tr>\n<td align=\"left\" valign=\"top\">Ende der Mitteilung<\/td>\n<td align=\"left\" valign=\"top\">DGAP News-Service<\/td>\n<\/tr>\n<\/table>\n<table border=\"0\">\n<tr>\n<td>\n<hr \/>\n<\/td>\n<\/tr>\n<\/table>\n<div>\n<p>1106653\u00a0\u00a030.07.2020\u00a0CET\/CEST<\/p>\n<\/div>\n","protected":false},"excerpt":{"rendered":"<p>ALLGEIER SE \/ Schlagwort(e): Halbjahresergebnis  Allgeier SE: Allgeier verzeichnet im ersten Halbjahr 2020 stabile Gesch\u00e4ftsentwicklung mit 68 % Prozent Ergebniswachstum (EBITDA)  30.07.2020 \/ 16:55 CET\/CEST  Ver\u00f6ffentlichung einer Insiderinformation nach Artikel 17 der Verordnung (EU) Nr. 596\/2014,<\/p>\n","protected":false},"author":4,"featured_media":0,"parent":1155,"menu_order":0,"comment_status":"close","ping_status":"closed","template":"","meta":{"_acf_changed":false,"footnotes":""},"categories":[],"tags":[],"class_list":["post-7197","page","type-page","status-publish","hentry"],"acf":[],"yoast_head":"<!-- This site is optimized with the Yoast SEO plugin v27.4 - https:\/\/yoast.com\/product\/yoast-seo-wordpress\/ -->\n<title>Allgeier SE: Allgeier verzeichnet im ersten Halbjahr 2020 stabile Gesch\u00e4ftsentwicklung mit 68 % Prozent Ergebniswachstum (EBITDA) - Allgeier SE<\/title>\n<meta name=\"robots\" content=\"index, follow, max-snippet:-1, max-image-preview:large, max-video-preview:-1\" \/>\n<link rel=\"canonical\" href=\"https:\/\/www.allgeier.com\/de\/investor-relations\/adhoc-announcements\/allgeier-se-allgeier-verzeichnet-im-ersten-halbjahr-2020-stabile-geschaeftsentwicklung-mit-68-prozent-ergebniswachstum-ebitda-2\/\" \/>\n<meta property=\"og:locale\" content=\"de_DE\" \/>\n<meta property=\"og:type\" content=\"article\" \/>\n<meta property=\"og:title\" content=\"Allgeier SE: Allgeier verzeichnet im ersten Halbjahr 2020 stabile Gesch\u00e4ftsentwicklung mit 68 % Prozent Ergebniswachstum (EBITDA) - Allgeier SE\" \/>\n<meta property=\"og:description\" content=\"ALLGEIER SE \/ Schlagwort(e): Halbjahresergebnis Allgeier SE: Allgeier verzeichnet im ersten Halbjahr 2020 stabile Gesch\u00e4ftsentwicklung mit 68 % Prozent Ergebniswachstum (EBITDA) 30.07.2020 \/ 16:55 CET\/CEST Ver\u00f6ffentlichung einer Insiderinformation nach Artikel 17 der Verordnung (EU) Nr. 596\/2014,\" \/>\n<meta property=\"og:url\" content=\"https:\/\/www.allgeier.com\/de\/investor-relations\/adhoc-announcements\/allgeier-se-allgeier-verzeichnet-im-ersten-halbjahr-2020-stabile-geschaeftsentwicklung-mit-68-prozent-ergebniswachstum-ebitda-2\/\" \/>\n<meta property=\"og:site_name\" content=\"Allgeier SE\" \/>\n<meta property=\"article:modified_time\" content=\"2025-07-23T10:27:49+00:00\" \/>\n<meta name=\"twitter:card\" content=\"summary_large_image\" \/>\n<meta name=\"twitter:label1\" content=\"Gesch\u00e4tzte Lesezeit\" \/>\n\t<meta name=\"twitter:data1\" content=\"6\u00a0Minuten\" \/>\n<script type=\"application\/ld+json\" class=\"yoast-schema-graph\">{\"@context\":\"https:\\\/\\\/schema.org\",\"@graph\":[{\"@type\":\"WebPage\",\"@id\":\"https:\\\/\\\/www.allgeier.com\\\/de\\\/investor-relations\\\/adhoc-announcements\\\/allgeier-se-allgeier-verzeichnet-im-ersten-halbjahr-2020-stabile-geschaeftsentwicklung-mit-68-prozent-ergebniswachstum-ebitda-2\\\/\",\"url\":\"https:\\\/\\\/www.allgeier.com\\\/de\\\/investor-relations\\\/adhoc-announcements\\\/allgeier-se-allgeier-verzeichnet-im-ersten-halbjahr-2020-stabile-geschaeftsentwicklung-mit-68-prozent-ergebniswachstum-ebitda-2\\\/\",\"name\":\"Allgeier SE: Allgeier verzeichnet im ersten Halbjahr 2020 stabile Gesch\u00e4ftsentwicklung mit 68 % Prozent Ergebniswachstum (EBITDA) - Allgeier SE\",\"isPartOf\":{\"@id\":\"https:\\\/\\\/www.allgeier.com\\\/de\\\/#website\"},\"datePublished\":\"2020-07-30T14:55:38+00:00\",\"dateModified\":\"2025-07-23T10:27:49+00:00\",\"breadcrumb\":{\"@id\":\"https:\\\/\\\/www.allgeier.com\\\/de\\\/investor-relations\\\/adhoc-announcements\\\/allgeier-se-allgeier-verzeichnet-im-ersten-halbjahr-2020-stabile-geschaeftsentwicklung-mit-68-prozent-ergebniswachstum-ebitda-2\\\/#breadcrumb\"},\"inLanguage\":\"de\",\"potentialAction\":[{\"@type\":\"ReadAction\",\"target\":[\"https:\\\/\\\/www.allgeier.com\\\/de\\\/investor-relations\\\/adhoc-announcements\\\/allgeier-se-allgeier-verzeichnet-im-ersten-halbjahr-2020-stabile-geschaeftsentwicklung-mit-68-prozent-ergebniswachstum-ebitda-2\\\/\"]}]},{\"@type\":\"BreadcrumbList\",\"@id\":\"https:\\\/\\\/www.allgeier.com\\\/de\\\/investor-relations\\\/adhoc-announcements\\\/allgeier-se-allgeier-verzeichnet-im-ersten-halbjahr-2020-stabile-geschaeftsentwicklung-mit-68-prozent-ergebniswachstum-ebitda-2\\\/#breadcrumb\",\"itemListElement\":[{\"@type\":\"ListItem\",\"position\":1,\"name\":\"Home\",\"item\":\"https:\\\/\\\/www.allgeier.com\\\/de\\\/\"},{\"@type\":\"ListItem\",\"position\":2,\"name\":\"Investor Relations\",\"item\":\"https:\\\/\\\/www.allgeier.com\\\/de\\\/investor-relations\\\/\"},{\"@type\":\"ListItem\",\"position\":3,\"name\":\"Ad hoc-Mitteilungen\",\"item\":\"https:\\\/\\\/www.allgeier.com\\\/de\\\/investor-relations\\\/adhoc-announcements\\\/\"},{\"@type\":\"ListItem\",\"position\":4,\"name\":\"Allgeier SE: Allgeier verzeichnet im ersten Halbjahr 2020 stabile Gesch\u00e4ftsentwicklung mit 68 % Prozent Ergebniswachstum (EBITDA)\"}]},{\"@type\":\"WebSite\",\"@id\":\"https:\\\/\\\/www.allgeier.com\\\/de\\\/#website\",\"url\":\"https:\\\/\\\/www.allgeier.com\\\/de\\\/\",\"name\":\"Allgeier SE\",\"description\":\"Software &amp; IT Services for digital transformation\",\"potentialAction\":[{\"@type\":\"SearchAction\",\"target\":{\"@type\":\"EntryPoint\",\"urlTemplate\":\"https:\\\/\\\/www.allgeier.com\\\/de\\\/?s={search_term_string}\"},\"query-input\":{\"@type\":\"PropertyValueSpecification\",\"valueRequired\":true,\"valueName\":\"search_term_string\"}}],\"inLanguage\":\"de\"}]}<\/script>\n<!-- \/ Yoast SEO plugin. -->","yoast_head_json":{"title":"Allgeier SE: Allgeier verzeichnet im ersten Halbjahr 2020 stabile Gesch\u00e4ftsentwicklung mit 68 % Prozent Ergebniswachstum (EBITDA) - Allgeier SE","robots":{"index":"index","follow":"follow","max-snippet":"max-snippet:-1","max-image-preview":"max-image-preview:large","max-video-preview":"max-video-preview:-1"},"canonical":"https:\/\/www.allgeier.com\/de\/investor-relations\/adhoc-announcements\/allgeier-se-allgeier-verzeichnet-im-ersten-halbjahr-2020-stabile-geschaeftsentwicklung-mit-68-prozent-ergebniswachstum-ebitda-2\/","og_locale":"de_DE","og_type":"article","og_title":"Allgeier SE: Allgeier verzeichnet im ersten Halbjahr 2020 stabile Gesch\u00e4ftsentwicklung mit 68 % Prozent Ergebniswachstum (EBITDA) - Allgeier SE","og_description":"ALLGEIER SE \/ Schlagwort(e): Halbjahresergebnis Allgeier SE: Allgeier verzeichnet im ersten Halbjahr 2020 stabile Gesch\u00e4ftsentwicklung mit 68 % Prozent Ergebniswachstum (EBITDA) 30.07.2020 \/ 16:55 CET\/CEST Ver\u00f6ffentlichung einer Insiderinformation nach Artikel 17 der Verordnung (EU) Nr. 596\/2014,","og_url":"https:\/\/www.allgeier.com\/de\/investor-relations\/adhoc-announcements\/allgeier-se-allgeier-verzeichnet-im-ersten-halbjahr-2020-stabile-geschaeftsentwicklung-mit-68-prozent-ergebniswachstum-ebitda-2\/","og_site_name":"Allgeier SE","article_modified_time":"2025-07-23T10:27:49+00:00","twitter_card":"summary_large_image","twitter_misc":{"Gesch\u00e4tzte Lesezeit":"6\u00a0Minuten"},"schema":{"@context":"https:\/\/schema.org","@graph":[{"@type":"WebPage","@id":"https:\/\/www.allgeier.com\/de\/investor-relations\/adhoc-announcements\/allgeier-se-allgeier-verzeichnet-im-ersten-halbjahr-2020-stabile-geschaeftsentwicklung-mit-68-prozent-ergebniswachstum-ebitda-2\/","url":"https:\/\/www.allgeier.com\/de\/investor-relations\/adhoc-announcements\/allgeier-se-allgeier-verzeichnet-im-ersten-halbjahr-2020-stabile-geschaeftsentwicklung-mit-68-prozent-ergebniswachstum-ebitda-2\/","name":"Allgeier SE: Allgeier verzeichnet im ersten Halbjahr 2020 stabile Gesch\u00e4ftsentwicklung mit 68 % Prozent Ergebniswachstum (EBITDA) - Allgeier SE","isPartOf":{"@id":"https:\/\/www.allgeier.com\/de\/#website"},"datePublished":"2020-07-30T14:55:38+00:00","dateModified":"2025-07-23T10:27:49+00:00","breadcrumb":{"@id":"https:\/\/www.allgeier.com\/de\/investor-relations\/adhoc-announcements\/allgeier-se-allgeier-verzeichnet-im-ersten-halbjahr-2020-stabile-geschaeftsentwicklung-mit-68-prozent-ergebniswachstum-ebitda-2\/#breadcrumb"},"inLanguage":"de","potentialAction":[{"@type":"ReadAction","target":["https:\/\/www.allgeier.com\/de\/investor-relations\/adhoc-announcements\/allgeier-se-allgeier-verzeichnet-im-ersten-halbjahr-2020-stabile-geschaeftsentwicklung-mit-68-prozent-ergebniswachstum-ebitda-2\/"]}]},{"@type":"BreadcrumbList","@id":"https:\/\/www.allgeier.com\/de\/investor-relations\/adhoc-announcements\/allgeier-se-allgeier-verzeichnet-im-ersten-halbjahr-2020-stabile-geschaeftsentwicklung-mit-68-prozent-ergebniswachstum-ebitda-2\/#breadcrumb","itemListElement":[{"@type":"ListItem","position":1,"name":"Home","item":"https:\/\/www.allgeier.com\/de\/"},{"@type":"ListItem","position":2,"name":"Investor Relations","item":"https:\/\/www.allgeier.com\/de\/investor-relations\/"},{"@type":"ListItem","position":3,"name":"Ad hoc-Mitteilungen","item":"https:\/\/www.allgeier.com\/de\/investor-relations\/adhoc-announcements\/"},{"@type":"ListItem","position":4,"name":"Allgeier SE: Allgeier verzeichnet im ersten Halbjahr 2020 stabile Gesch\u00e4ftsentwicklung mit 68 % Prozent Ergebniswachstum (EBITDA)"}]},{"@type":"WebSite","@id":"https:\/\/www.allgeier.com\/de\/#website","url":"https:\/\/www.allgeier.com\/de\/","name":"Allgeier SE","description":"Software &amp; IT Services for digital transformation","potentialAction":[{"@type":"SearchAction","target":{"@type":"EntryPoint","urlTemplate":"https:\/\/www.allgeier.com\/de\/?s={search_term_string}"},"query-input":{"@type":"PropertyValueSpecification","valueRequired":true,"valueName":"search_term_string"}}],"inLanguage":"de"}]}},"_links":{"self":[{"href":"https:\/\/www.allgeier.com\/de\/wp-json\/wp\/v2\/pages\/7197","targetHints":{"allow":["GET"]}}],"collection":[{"href":"https:\/\/www.allgeier.com\/de\/wp-json\/wp\/v2\/pages"}],"about":[{"href":"https:\/\/www.allgeier.com\/de\/wp-json\/wp\/v2\/types\/page"}],"author":[{"embeddable":true,"href":"https:\/\/www.allgeier.com\/de\/wp-json\/wp\/v2\/users\/4"}],"replies":[{"embeddable":true,"href":"https:\/\/www.allgeier.com\/de\/wp-json\/wp\/v2\/comments?post=7197"}],"version-history":[{"count":1,"href":"https:\/\/www.allgeier.com\/de\/wp-json\/wp\/v2\/pages\/7197\/revisions"}],"predecessor-version":[{"id":7198,"href":"https:\/\/www.allgeier.com\/de\/wp-json\/wp\/v2\/pages\/7197\/revisions\/7198"}],"up":[{"embeddable":true,"href":"https:\/\/www.allgeier.com\/de\/wp-json\/wp\/v2\/pages\/1155"}],"wp:attachment":[{"href":"https:\/\/www.allgeier.com\/de\/wp-json\/wp\/v2\/media?parent=7197"}],"wp:term":[{"taxonomy":"category","embeddable":true,"href":"https:\/\/www.allgeier.com\/de\/wp-json\/wp\/v2\/categories?post=7197"},{"taxonomy":"post_tag","embeddable":true,"href":"https:\/\/www.allgeier.com\/de\/wp-json\/wp\/v2\/tags?post=7197"}],"curies":[{"name":"wp","href":"https:\/\/api.w.org\/{rel}","templated":true}]}}