{"id":7203,"date":"2020-03-05T11:47:48","date_gmt":"2020-03-05T12:47:48","guid":{"rendered":"https:\/\/www.allgeier.com\/de\/?page_id=7203"},"modified":"2025-07-23T10:27:50","modified_gmt":"2025-07-23T10:27:50","slug":"allgeier-se-allgeier-ergebnis-waechst-im-geschaeftsjahr-2019-signifikant-2","status":"publish","type":"page","link":"https:\/\/www.allgeier.com\/de\/investor-relations\/adhoc-announcements\/allgeier-se-allgeier-ergebnis-waechst-im-geschaeftsjahr-2019-signifikant-2\/","title":{"rendered":"ALLGEIER SE: Allgeier-Ergebnis w\u00e4chst im Gesch\u00e4ftsjahr 2019 signifikant"},"content":{"rendered":"<table class=\"news_layout style2015\" border=\"0\" cellpadding=\"0\" cellspacing=\"0\">\n<tr>\n<td>\n<div class=\"break-word news_main\">\n<p class=\"lead\"><i>M\u00fcnchen, 05. M\u00e4rz 2020 &#8211;<\/i> Allgeier SE (ISIN DE000A2GS633, WKN A2GS63) verzeichnet gem\u00e4\u00df vorl\u00e4ufiger Zahlen im Gesch\u00e4ftsjahr 2019 (01. Januar 2019 &#8211; 31. Dezember 2019) ein zweistelliges Wachstum in Gesamtleistung und Wertsch\u00f6pfung sowie eine deutlich \u00fcberproportionale Ergebnissteigerung.<\/p>\n<p>Gesch\u00e4ftsentwicklung im Gesamtjahr 2019<\/p>\n<p>Die Gesamtleistung des Konzerns stieg im Gesch\u00e4ftsjahr 2019 gegen\u00fcber dem Vorjahr um 14 Prozent auf 786 Mio. Euro (Vorjahr: 690 Mio. Euro). Dabei erh\u00f6hte sich die Konzern-Wertsch\u00f6pfung (definiert als Gesamtleistung abz\u00fcglich der den Ums\u00e4tzen direkt zurechenbaren Umsatz- und Personalkosten) um 18 Prozent auf 230 Mio. Euro (Vorjahr: 195 Mio. Euro). Das entspricht einer Erh\u00f6hung der Wertsch\u00f6pfungsmarge f\u00fcr den Konzern von 28,3 Prozent im Jahr 2018 auf 29,2 Prozent im Jahr 2019. Das bereinigte Konzern-EBITDA (EBITDA vor Effekten, die betriebswirtschaftlich als au\u00dferordentlich oder periodenfremd qualifiziert werden) stieg im Berichtszeitraum um 34 Prozent auf 74 Mio. Euro (Vorjahr: 55 Mio. Euro). Das Konzern-EBITDA steigerte sich um 59 Prozent auf 71 Mio. Euro (Vorjahr: 45 Mio. Euro). Das Konzern-EBIT stieg um 108 Prozent auf 38 Mio. Euro (Vorjahr: 18 Mio. Euro).<\/p>\n<p>Zu dem im Gesch\u00e4ftsjahr 2019 erzielten Wachstum liefert der Unternehmensbereich bestehend aus Nagarro, iQuest, Objectiva und dem SAP-Gesch\u00e4ft von Allgeier Enterprise Services, f\u00fcr den eine Abspaltung mit dem Ziel einer eigenst\u00e4ndigen B\u00f6rsennotierung angestrebt wird (siehe Ad-hoc-Mitteilung vom 05. November 2019), den ma\u00dfgeblichen Beitrag. Die Gesamtleistung dieses Unternehmensbereichs stieg um 40 Prozent auf 403 Mio. Euro (Vorjahr: 289 Mio. Euro). Ein Teil des Wachstums resultiert dabei aus der Vollkonsolidierung der in 2018 und 2019 erworbenen Unternehmen, insbesondere der in 2018 erworbenen iQuest und Objectiva, die im Vorjahr noch zeitanteilig ab dem Erwerbszeitpunkt konsolidiert waren. In einer Als-ob-Betrachtung f\u00fcr 2018 und 2019 wuchs die Gesamtleistung des Unternehmensbereichs um 23 Prozent auf 405 Mio. Euro (Vorjahr: 329 Mio. Euro). Das EBITDA des Unternehmensbereichs stieg um 52 Prozent auf 55 Mio. Euro (Vorjahr: 36 Mio. Euro).<\/p>\n<p>Eckdaten der Bilanz zum 31. Dezember 2019<\/p>\n<p>Dem Allgeier Konzern standen zum Ende des Gesch\u00e4ftsjahres 2019 liquide Mittel in H\u00f6he von 97 Mio. Euro zur Verf\u00fcgung (Vorjahr: 77 Mio. Euro). Die kurz- und langfristigen Finanzschulden beliefen sich zum Bilanzstichtag auf 165 Mio. Euro (Vorjahr: 182 Mio. Euro). Die nach IFRS 16 zu passivierenden Leasingverbindlichkeiten betrugen 97 Mio. EUR (Vorjahr 69 Mio. EUR). Die Bilanzsumme betrug 590 Mio. Euro (Vorjahr: 536 Mio. Euro).<\/p>\n<p>Ausblick auf das Gesch\u00e4ftsjahr 2020<\/p>\n<p>Die Allgeier SE best\u00e4tigt Stand heute die Guidance f\u00fcr das Gesch\u00e4ftsjahr 2020, die in der Ad-hoc-Mitteilung vom 09. Dezember 2019 ver\u00f6ffentlicht wurde. Diese sieht f\u00fcr den Gesamtkonzern im Gesch\u00e4ftsjahr 2020 einen Umsatz in der Gr\u00f6\u00dfenordnung von 820 bis 840 Millionen Euro vor, was einem Umsatzwachstum zwischen 6 und 8 Prozent entspricht. Hintergrund ist eine weiterhin geplante deutliche Reduzierung von Gesch\u00e4ft mit niedrigen Margen im Bereich Allgeier Experts. Die bereinigte EBITDA-Marge f\u00fcr den Gesamtkonzern soll auf eine Gr\u00f6\u00dfenordnung von 11 bis 12 Prozent ansteigen, was einem bereinigten EBITDA in der Gr\u00f6\u00dfenordnung von 90 bis 100 Millionen Euro entspricht. Eine m\u00f6gliche Beeinflussung dieser Prognosen durch Folgen der aktuellen weltweiten Ausbreitung des Corona-Virus kann heute noch nicht abgesch\u00e4tzt werden.<\/p>\n<p>Hinweis<\/p>\n<p>Alle genannten Zahlen f\u00fcr 2019 wurden gem\u00e4\u00df IFRS unter Anwendung des ab 2019 geltenden Standards IFRS 16 erstellt. Die Vergleichszahlen f\u00fcr 2018 wurden zum Zwecke der Vergleichbarkeit retrograd auf IFRS 16 angepasst. Alle in dieser Mitteilung genannten IFRS-Zahlen beziehen sich auf das Gesch\u00e4ft des gesamten Konzerns. Alle Gesch\u00e4ftszahlen f\u00fcr das Gesch\u00e4ftsjahr 2019 sind vorl\u00e4ufig und vom Konzernabschlusspr\u00fcfer noch nicht abschlie\u00dfend gepr\u00fcft. Es wird ferner darauf hingewiesen, dass s\u00e4mtliche Angaben f\u00fcr das Gesch\u00e4ftsjahr 2020 auf Annahmen und Sch\u00e4tzungen beruhende Erwartungen des Vorstands darstellen. Auch wenn der Vorstand der Ansicht ist, dass diese Annahmen und Sch\u00e4tzungen zutreffend sind, k\u00f6nnen die k\u00fcnftigen tats\u00e4chlichen Entwicklungen und die k\u00fcnftigen tats\u00e4chlichen Ergebnisse von diesen Annahmen und Sch\u00e4tzungen abweichen. Die Allgeier SE \u00fcbernimmt keine Gew\u00e4hrleistung und keine Haftung daf\u00fcr, dass die k\u00fcnftigen Entwicklungen und die k\u00fcnftig erzielten tats\u00e4chlichen Ergebnisse mit den in dieser Ad-hoc-Mitteilung ge\u00e4u\u00dferten Annahmen und Sch\u00e4tzungen \u00fcbereinstimmen werden.<\/p>\n<p>Dieses Dokument enth\u00e4lt &#8211; in einschl\u00e4gigen Rechnungslegungsrahmen nicht genau bestimmte &#8211; erg\u00e4nzende Finanzkennzahlen, die sogenannte alternative Leistungskennzahlen sind oder sein k\u00f6nnen. Diese erg\u00e4nzenden Finanzkennzahlen k\u00f6nnen als Analyseinstrument nur eingeschr\u00e4nkt tauglich sein und sollten f\u00fcr die Beurteilung der Verm\u00f6gens-, Finanz- und Ertragslage der Allgeier SE nicht isoliert oder als Alternative zu den in den im Konzernabschluss dargestellten und im Einklang mit einschl\u00e4gigen Rechnungslegungsrahmen ermittelten Finanzkennzahlen herangezogen werden. Andere Unternehmen, die alternative Leistungskennzahlen mit einer \u00e4hnlichen Bezeichnung darstellen oder berichten, k\u00f6nnen diese anders berechnen, so dass sie deshalb m\u00f6glicherweise nicht vergleichbar sind.<\/p>\n<p>Kontakt:<\/p>\n<p>Allgeier SE<br \/>\nCorporate Communications &amp; Investor Relations<br \/>\nDr. Christopher Gro\u00dfe<br \/>\nEinsteinstra\u00dfe 172<br \/>\n81677 M\u00fcnchen<br \/>\nTel.: +49 (0)89\/998421-0<br \/>\nFax: +49 (0)89\/998421-11<br \/>\nE-Mail: ir@allgeier.com<br \/>\nWeb: www.allgeier.com<\/p>\n<p>Allgeier SE ist eines der f\u00fchrenden Technologie-Unternehmen f\u00fcr digitale Transformation: Allgeier f\u00fchrt seine Kunden durch die Herausforderungen des digitalen Wandels, um deren zuk\u00fcnftigen Erfolg sicherzustellen. F\u00fcr globale Konzerne ebenso wie f\u00fcr f\u00fchrende Unternehmen aus zahlreichen Branchen und M\u00e4rkten erzielt Allgeier Durchbr\u00fcche hin zu neuen digitalen Gesch\u00e4ftsmodellen, definiert strategische Priorit\u00e4ten und realisiert mit hoher Flexibilit\u00e4t und Zugkraft bahnbrechende Projekte, um agile und intelligente Organisationen f\u00fcr das digitale Zeitalter zu gestalten. Mit mehr als 10.600 angestellten Mitarbeitern und \u00fcber 1.200 freiberuflichen Experten bildet Allgeier mit einem hochflexiblen Delivery-Modell das komplette IT-Leistungsspektrum von Onsite \u00fcber Nearshore bis hin zu Offshore ab &#8211; mit starken Standbeinen in Indien, China, Vietnam und Osteuropa. Die rasch wachsende Gruppe mit Hauptsitz in M\u00fcnchen verf\u00fcgt \u00fcber weltweit mehr als 120 Niederlassungen in 28 L\u00e4ndern auf f\u00fcnf Kontinenten. Im Gesch\u00e4ftsjahr 2019 erzielte Allgeier gem\u00e4\u00df vorl\u00e4ufiger Zahlen einen Umsatz von 786 Mio. Euro mit mehr als 2.000 Kunden. Allgeier z\u00e4hlt laut L\u00fcnendonk(R)-Liste 2019 zu den zehn f\u00fchrenden IT-Beratungs- und Systemintegrations-Unternehmen in Deutschland. Allgeier Experts ist nach L\u00fcnendonk(R)-Marktsegmentstudie 2019 &#8222;Der Markt f\u00fcr Rekrutierung, Vermittlung und Steuerung von IT-Freelancern in Deutschland&#8220; unter den TOP 3 IT-Personaldienstleistern in Deutschland. Allgeier SE ist am Regulierten Markt der Frankfurter Wertpapierb\u00f6rse im General Standard gelistet (WKN A2GS63, ISIN DE000A2GS633). Weitere Informationen unter: www.allgeier.com.<\/p>\n<\/div>\n<\/td>\n<\/tr>\n<\/table>\n<p><\/p>\n<div class=\"\">\n<p class=\"\">\n<\/div>\n","protected":false},"excerpt":{"rendered":"<p>ALLGEIER SE \/ Schlagwort(e): Vorl\u00e4ufiges Ergebnis\/Prognose  ALLGEIER SE: Allgeier-Ergebnis w\u00e4chst im Gesch\u00e4ftsjahr 2019 signifikant   05.03.2020 \/ 13:47 CET\/CEST  Ver\u00f6ffentlichung einer Insiderinformation nach Artikel 17 der Verordnung (EU) Nr. 596\/2014, \u00fcbermittelt durch DGAP &#8211; ein Service der<\/p>\n","protected":false},"author":4,"featured_media":0,"parent":1155,"menu_order":0,"comment_status":"close","ping_status":"closed","template":"","meta":{"_acf_changed":false,"footnotes":""},"categories":[],"tags":[],"class_list":["post-7203","page","type-page","status-publish","hentry"],"acf":[],"yoast_head":"<!-- This site is optimized with the Yoast SEO plugin v27.4 - https:\/\/yoast.com\/product\/yoast-seo-wordpress\/ -->\n<title>ALLGEIER SE: Allgeier-Ergebnis w\u00e4chst im Gesch\u00e4ftsjahr 2019 signifikant - Allgeier SE<\/title>\n<meta name=\"robots\" content=\"index, follow, max-snippet:-1, max-image-preview:large, max-video-preview:-1\" \/>\n<link rel=\"canonical\" href=\"https:\/\/www.allgeier.com\/de\/investor-relations\/adhoc-announcements\/allgeier-se-allgeier-ergebnis-waechst-im-geschaeftsjahr-2019-signifikant-2\/\" \/>\n<meta property=\"og:locale\" content=\"de_DE\" \/>\n<meta property=\"og:type\" content=\"article\" \/>\n<meta property=\"og:title\" content=\"ALLGEIER SE: Allgeier-Ergebnis w\u00e4chst im Gesch\u00e4ftsjahr 2019 signifikant - Allgeier SE\" \/>\n<meta property=\"og:description\" content=\"ALLGEIER SE \/ Schlagwort(e): Vorl\u00e4ufiges Ergebnis\/Prognose ALLGEIER SE: Allgeier-Ergebnis w\u00e4chst im Gesch\u00e4ftsjahr 2019 signifikant  05.03.2020 \/ 13:47 CET\/CEST Ver\u00f6ffentlichung einer Insiderinformation nach Artikel 17 der Verordnung (EU) Nr. 596\/2014, \u00fcbermittelt durch DGAP - ein Service der\" \/>\n<meta property=\"og:url\" content=\"https:\/\/www.allgeier.com\/de\/investor-relations\/adhoc-announcements\/allgeier-se-allgeier-ergebnis-waechst-im-geschaeftsjahr-2019-signifikant-2\/\" \/>\n<meta property=\"og:site_name\" content=\"Allgeier SE\" \/>\n<meta property=\"article:modified_time\" content=\"2025-07-23T10:27:50+00:00\" \/>\n<meta name=\"twitter:card\" content=\"summary_large_image\" \/>\n<meta name=\"twitter:label1\" content=\"Gesch\u00e4tzte Lesezeit\" \/>\n\t<meta name=\"twitter:data1\" content=\"5\u00a0Minuten\" \/>\n<script type=\"application\/ld+json\" class=\"yoast-schema-graph\">{\"@context\":\"https:\\\/\\\/schema.org\",\"@graph\":[{\"@type\":\"WebPage\",\"@id\":\"https:\\\/\\\/www.allgeier.com\\\/de\\\/investor-relations\\\/adhoc-announcements\\\/allgeier-se-allgeier-ergebnis-waechst-im-geschaeftsjahr-2019-signifikant-2\\\/\",\"url\":\"https:\\\/\\\/www.allgeier.com\\\/de\\\/investor-relations\\\/adhoc-announcements\\\/allgeier-se-allgeier-ergebnis-waechst-im-geschaeftsjahr-2019-signifikant-2\\\/\",\"name\":\"ALLGEIER SE: Allgeier-Ergebnis w\u00e4chst im Gesch\u00e4ftsjahr 2019 signifikant - Allgeier SE\",\"isPartOf\":{\"@id\":\"https:\\\/\\\/www.allgeier.com\\\/de\\\/#website\"},\"datePublished\":\"2020-03-05T12:47:48+00:00\",\"dateModified\":\"2025-07-23T10:27:50+00:00\",\"breadcrumb\":{\"@id\":\"https:\\\/\\\/www.allgeier.com\\\/de\\\/investor-relations\\\/adhoc-announcements\\\/allgeier-se-allgeier-ergebnis-waechst-im-geschaeftsjahr-2019-signifikant-2\\\/#breadcrumb\"},\"inLanguage\":\"de\",\"potentialAction\":[{\"@type\":\"ReadAction\",\"target\":[\"https:\\\/\\\/www.allgeier.com\\\/de\\\/investor-relations\\\/adhoc-announcements\\\/allgeier-se-allgeier-ergebnis-waechst-im-geschaeftsjahr-2019-signifikant-2\\\/\"]}]},{\"@type\":\"BreadcrumbList\",\"@id\":\"https:\\\/\\\/www.allgeier.com\\\/de\\\/investor-relations\\\/adhoc-announcements\\\/allgeier-se-allgeier-ergebnis-waechst-im-geschaeftsjahr-2019-signifikant-2\\\/#breadcrumb\",\"itemListElement\":[{\"@type\":\"ListItem\",\"position\":1,\"name\":\"Home\",\"item\":\"https:\\\/\\\/www.allgeier.com\\\/de\\\/\"},{\"@type\":\"ListItem\",\"position\":2,\"name\":\"Investor Relations\",\"item\":\"https:\\\/\\\/www.allgeier.com\\\/de\\\/investor-relations\\\/\"},{\"@type\":\"ListItem\",\"position\":3,\"name\":\"Ad hoc-Mitteilungen\",\"item\":\"https:\\\/\\\/www.allgeier.com\\\/de\\\/investor-relations\\\/adhoc-announcements\\\/\"},{\"@type\":\"ListItem\",\"position\":4,\"name\":\"ALLGEIER SE: Allgeier-Ergebnis w\u00e4chst im Gesch\u00e4ftsjahr 2019 signifikant\"}]},{\"@type\":\"WebSite\",\"@id\":\"https:\\\/\\\/www.allgeier.com\\\/de\\\/#website\",\"url\":\"https:\\\/\\\/www.allgeier.com\\\/de\\\/\",\"name\":\"Allgeier SE\",\"description\":\"Software &amp; IT Services for digital transformation\",\"potentialAction\":[{\"@type\":\"SearchAction\",\"target\":{\"@type\":\"EntryPoint\",\"urlTemplate\":\"https:\\\/\\\/www.allgeier.com\\\/de\\\/?s={search_term_string}\"},\"query-input\":{\"@type\":\"PropertyValueSpecification\",\"valueRequired\":true,\"valueName\":\"search_term_string\"}}],\"inLanguage\":\"de\"}]}<\/script>\n<!-- \/ Yoast SEO plugin. -->","yoast_head_json":{"title":"ALLGEIER SE: Allgeier-Ergebnis w\u00e4chst im Gesch\u00e4ftsjahr 2019 signifikant - Allgeier SE","robots":{"index":"index","follow":"follow","max-snippet":"max-snippet:-1","max-image-preview":"max-image-preview:large","max-video-preview":"max-video-preview:-1"},"canonical":"https:\/\/www.allgeier.com\/de\/investor-relations\/adhoc-announcements\/allgeier-se-allgeier-ergebnis-waechst-im-geschaeftsjahr-2019-signifikant-2\/","og_locale":"de_DE","og_type":"article","og_title":"ALLGEIER SE: Allgeier-Ergebnis w\u00e4chst im Gesch\u00e4ftsjahr 2019 signifikant - Allgeier SE","og_description":"ALLGEIER SE \/ Schlagwort(e): Vorl\u00e4ufiges Ergebnis\/Prognose ALLGEIER SE: Allgeier-Ergebnis w\u00e4chst im Gesch\u00e4ftsjahr 2019 signifikant  05.03.2020 \/ 13:47 CET\/CEST Ver\u00f6ffentlichung einer Insiderinformation nach Artikel 17 der Verordnung (EU) Nr. 596\/2014, \u00fcbermittelt durch DGAP - ein Service der","og_url":"https:\/\/www.allgeier.com\/de\/investor-relations\/adhoc-announcements\/allgeier-se-allgeier-ergebnis-waechst-im-geschaeftsjahr-2019-signifikant-2\/","og_site_name":"Allgeier SE","article_modified_time":"2025-07-23T10:27:50+00:00","twitter_card":"summary_large_image","twitter_misc":{"Gesch\u00e4tzte Lesezeit":"5\u00a0Minuten"},"schema":{"@context":"https:\/\/schema.org","@graph":[{"@type":"WebPage","@id":"https:\/\/www.allgeier.com\/de\/investor-relations\/adhoc-announcements\/allgeier-se-allgeier-ergebnis-waechst-im-geschaeftsjahr-2019-signifikant-2\/","url":"https:\/\/www.allgeier.com\/de\/investor-relations\/adhoc-announcements\/allgeier-se-allgeier-ergebnis-waechst-im-geschaeftsjahr-2019-signifikant-2\/","name":"ALLGEIER SE: Allgeier-Ergebnis w\u00e4chst im Gesch\u00e4ftsjahr 2019 signifikant - Allgeier SE","isPartOf":{"@id":"https:\/\/www.allgeier.com\/de\/#website"},"datePublished":"2020-03-05T12:47:48+00:00","dateModified":"2025-07-23T10:27:50+00:00","breadcrumb":{"@id":"https:\/\/www.allgeier.com\/de\/investor-relations\/adhoc-announcements\/allgeier-se-allgeier-ergebnis-waechst-im-geschaeftsjahr-2019-signifikant-2\/#breadcrumb"},"inLanguage":"de","potentialAction":[{"@type":"ReadAction","target":["https:\/\/www.allgeier.com\/de\/investor-relations\/adhoc-announcements\/allgeier-se-allgeier-ergebnis-waechst-im-geschaeftsjahr-2019-signifikant-2\/"]}]},{"@type":"BreadcrumbList","@id":"https:\/\/www.allgeier.com\/de\/investor-relations\/adhoc-announcements\/allgeier-se-allgeier-ergebnis-waechst-im-geschaeftsjahr-2019-signifikant-2\/#breadcrumb","itemListElement":[{"@type":"ListItem","position":1,"name":"Home","item":"https:\/\/www.allgeier.com\/de\/"},{"@type":"ListItem","position":2,"name":"Investor Relations","item":"https:\/\/www.allgeier.com\/de\/investor-relations\/"},{"@type":"ListItem","position":3,"name":"Ad hoc-Mitteilungen","item":"https:\/\/www.allgeier.com\/de\/investor-relations\/adhoc-announcements\/"},{"@type":"ListItem","position":4,"name":"ALLGEIER SE: Allgeier-Ergebnis w\u00e4chst im Gesch\u00e4ftsjahr 2019 signifikant"}]},{"@type":"WebSite","@id":"https:\/\/www.allgeier.com\/de\/#website","url":"https:\/\/www.allgeier.com\/de\/","name":"Allgeier SE","description":"Software &amp; IT Services for digital transformation","potentialAction":[{"@type":"SearchAction","target":{"@type":"EntryPoint","urlTemplate":"https:\/\/www.allgeier.com\/de\/?s={search_term_string}"},"query-input":{"@type":"PropertyValueSpecification","valueRequired":true,"valueName":"search_term_string"}}],"inLanguage":"de"}]}},"_links":{"self":[{"href":"https:\/\/www.allgeier.com\/de\/wp-json\/wp\/v2\/pages\/7203","targetHints":{"allow":["GET"]}}],"collection":[{"href":"https:\/\/www.allgeier.com\/de\/wp-json\/wp\/v2\/pages"}],"about":[{"href":"https:\/\/www.allgeier.com\/de\/wp-json\/wp\/v2\/types\/page"}],"author":[{"embeddable":true,"href":"https:\/\/www.allgeier.com\/de\/wp-json\/wp\/v2\/users\/4"}],"replies":[{"embeddable":true,"href":"https:\/\/www.allgeier.com\/de\/wp-json\/wp\/v2\/comments?post=7203"}],"version-history":[{"count":1,"href":"https:\/\/www.allgeier.com\/de\/wp-json\/wp\/v2\/pages\/7203\/revisions"}],"predecessor-version":[{"id":7204,"href":"https:\/\/www.allgeier.com\/de\/wp-json\/wp\/v2\/pages\/7203\/revisions\/7204"}],"up":[{"embeddable":true,"href":"https:\/\/www.allgeier.com\/de\/wp-json\/wp\/v2\/pages\/1155"}],"wp:attachment":[{"href":"https:\/\/www.allgeier.com\/de\/wp-json\/wp\/v2\/media?parent=7203"}],"wp:term":[{"taxonomy":"category","embeddable":true,"href":"https:\/\/www.allgeier.com\/de\/wp-json\/wp\/v2\/categories?post=7203"},{"taxonomy":"post_tag","embeddable":true,"href":"https:\/\/www.allgeier.com\/de\/wp-json\/wp\/v2\/tags?post=7203"}],"curies":[{"name":"wp","href":"https:\/\/api.w.org\/{rel}","templated":true}]}}