{"id":7213,"date":"2018-08-13T21:32:08","date_gmt":"2018-08-13T21:32:08","guid":{"rendered":"https:\/\/www.allgeier.com\/de\/?page_id=7213"},"modified":"2025-07-23T10:27:50","modified_gmt":"2025-07-23T10:27:50","slug":"allgeier-se-allgeier-baut-das-internationale-softwarenentwicklungsgeschaeft-im-geschaeftsbereich-technology-deutlich-aus-2","status":"publish","type":"page","link":"https:\/\/www.allgeier.com\/de\/investor-relations\/adhoc-announcements\/allgeier-se-allgeier-baut-das-internationale-softwarenentwicklungsgeschaeft-im-geschaeftsbereich-technology-deutlich-aus-2\/","title":{"rendered":"Allgeier SE: Allgeier baut das internationale Softwarenentwicklungsgesch\u00e4ft im Gesch\u00e4ftsbereich Technology deutlich aus"},"content":{"rendered":"<table class=\"news_layout style2015\" border=\"0\" cellpadding=\"0\" cellspacing=\"0\">\n<tr>\n<td>\n<div class=\"break-word news_main\">\n<p style=\"text-align: justify\"><i>M\u00fcnchen, 13. August 2018 &#8211; <\/i>Die Allgeier SE, M\u00fcnchen (ISIN DE000A2GS633, WKN A2GS63), beschleunigt mit einer weiteren Akquisition die Entwicklung zu einem international t\u00e4tigen Softwareentwicklungsunternehmen. Am heutigen Tag hat die Allgeier SE einen Kaufvertrag zum Erwerb der Mehrheit der Gesch\u00e4ftsanteile des Softwareentwicklungsunternehmens iQuest Group unterzeichnet.<br \/>\n\u00a0<\/p>\n<p style=\"text-align: justify\">iQuest ist ein internationales Softwareunternehmen mit rund 700 hochqualifizierten Mitarbeitern, die in den Entwicklungszentren in Cluj, Bukarest, Sibiu, Brasov und Craiova in Rum\u00e4nien sowie an den weiteren Standorten in Deutschland, der Schweiz und Polen t\u00e4tig sind. iQuest wurde 1998 gegr\u00fcndet und erzielte im abgelaufenen Gesch\u00e4ftsjahr einen Umsatz von mehr als 30 Mio. Euro bei einer bereinigten operativen EBITDA-Marge von rund 15 Prozent. Die Gesellschaft erstellt individuelle Softwarel\u00f6sungen f\u00fcr gro\u00dfe internationale Kunden insbesondere aus den Branchen Life Sciences, Telekommunikation, Finanzdienstleistungen, Verkehr und Energie. Mit der Beteiligung baut Allgeier die Kompetenz in der Entwicklung komplexer Softwarel\u00f6sungen f\u00fcr gesch\u00e4ftskritische Unternehmensprozesse weiter aus und setzt die Internationalisierung der Gruppe fort. Mit dem deutlichen Ausbau seiner Nearshoring-Ressourcen innerhalb der EU bietet Allgeier k\u00fcnftig noch h\u00f6here Skalierbarkeit durch ein flexibles, an den Bed\u00fcrfnissen der Kunden orientiertes Service- und Delivery-Modell. Allgeier verf\u00fcgt neben den deutschen Standorten bereits \u00fcber europ\u00e4ische Entwicklungsstandorte in Prag (Tschechische Republik) und Timisoara (Rum\u00e4nien) sowie internationale Entwicklungszentren in Indien, Vietnam und China mit insgesamt \u00fcber 5.000 Software-Experten.<br \/>\n\u00a0<\/p>\n<p style=\"text-align: justify\">Der Erwerb steht unter dem Vorbehalt der Kartellfreigabe in Deutschland sowie weiterer Closing-Bedingungen. Die Durchf\u00fchrung des Kaufvertrags wird in den kommenden vier bis sechs Wochen erwartet. Allgeier wird dann ca. 67 Prozent der Gesch\u00e4ftsanteile f\u00fcr einen Kaufpreis im zweistelligen Millionen-Euro-Bereich erwerben. Cornelius Brody, der Gr\u00fcnder von iQuest, bleibt mit ca. 21 Prozent f\u00fcr die n\u00e4chsten Jahre am Unternehmen beteiligt. Das operative Management h\u00e4lt eine Beteiligung von insgesamt ca. 12 Prozent.<br \/>\n\u00a0<\/p>\n<p style=\"text-align: justify\">Getrieben durch die globale Digitalisierung und die rasante technologische Entwicklung besteht an den weltweiten M\u00e4rkten eine hohe Nachfrage nach hochagiler Software- und Applikationsentwicklung. Themen wie das Internet der Dinge (IoT), Industrie 4.0 und die zielgerichtete Nutzung gro\u00dfer Datenmengen bis zur Einbeziehung k\u00fcnstlicher Intelligenz haben \u00fcber alle Branchen hinweg rasche \u00c4nderungen f\u00fcr Gesch\u00e4ftsmodelle und IT-Systeme zur Folge. Vor dem Hintergrund dieser globalen Marktchancen ist der Erwerb der iQuest f\u00fcr Allgeier der n\u00e4chste Schritt f\u00fcr den weiteren signifikanten Ausbau des Software-Entwicklungs- und -Services-Gesch\u00e4fts. Nach der Integration von ca. 400 SAP-Spezialisten von Ciber im Jahr 2017 hat Allgeier zu Beginn dieses Jahres das globale High End-Softwareentwicklungsgesch\u00e4ft mit der Akquisition des \u00f6sterreichischen Softwareentwicklungsspezialisten ANECON Software Design und Beratung G.m.b.H., Wien, verst\u00e4rkt. Im Juni folgte die Akquisition der Objectiva Software Solutions, Inc., San Diego, Kalifornien, USA mit rund 450 hochqualifizierten Softwareentwicklern an den chinesischen Entwicklungszentren in Beijing und Xi&#8217;an.<br \/>\n\u00a0<\/p>\n<p>Kontakt:<\/p>\n<p>Allgeier SE<br \/>\nCorporate Communications &amp; Investor Relations<br \/>\nDr. Christopher Gro\u00dfe<br \/>\nWehrlestra\u00dfe 12<br \/>\n81679 M\u00fcnchen<br \/>\nTel.: +49 (0)89\/998421-0<br \/>\nFax: +49 (0)89\/998421-11<br \/>\nE-Mail: ir@allgeier.com<br \/>\nWeb: www.allgeier.com<\/p>\n<p style=\"text-align: justify\">Allgeier SE ist eines der f\u00fchrenden IT-Unternehmen f\u00fcr digitale Transformation: Mit einer auf Innovationen und Zukunftstrends ausgerichteten Wachstumsstrategie sowie einem integrativen unternehmerischen Modell ergreift Allgeier die Chancen der Digitalisierung. Vier Segmente mit individuellen fachlichen und branchenbezogenen Schwerpunkten arbeiten gemeinsam f\u00fcr rund 3.000 Kunden aus nahezu allen Branchen. Mit rund 8.000 angestellten Mitarbeitern und mehr als 1.400 freiberuflichen Experten bietet Allgeier den Kunden als One-Stop-Shop ein umfassendes L\u00f6sungs- und Leistungsportfolio. Allgeier bildet mit einem hochflexiblen Delivery-Modell das komplette IT-Leistungsspektrum von Onsite \u00fcber Nearshore bis hin zu Offshore ab: Mit starken Standbeinen in Indien, China und Osteuropa werden Flexibilit\u00e4t und h\u00f6chste Skalierbarkeit der Leistungen sowie hochqualifiziertes Expertenwissen in der High-End-Softwareentwicklung sichergestellt. Zu den Kunden von Allgeier z\u00e4hlen global arbeitende Konzerne genauso wie innovative mittelst\u00e4ndische Betriebe, die sich durch leistungsstarke IT-L\u00f6sungen, intelligente Software und flexible Personalservices strategische Vorteile sichern wollen. Die stark wachsende Gruppe mit Hauptsitz in M\u00fcnchen verf\u00fcgt \u00fcber mehr als 120 Niederlassungen in der DACH-Region, in elf weiteren europ\u00e4ischen L\u00e4ndern sowie in Indien, China, Singapur, Vietnam, Malaysia, Japan, S\u00fcdafrika, Australien, Mexiko und den USA. Im Gesch\u00e4ftsjahr 2017 erzielte Allgeier im fortgef\u00fchrten Gesch\u00e4ft einen Konzernumsatz von 574 Mio. Euro. Allgeier SE z\u00e4hlt gem\u00e4\u00df L\u00fcnendonk(R)-Liste 2018 &#8222;Die 25 f\u00fchrenden IT-Beratungs- und Systemintegrations-Unternehmen in Deutschland&#8220; zu den Top 10 IT-Beratungs- und Individualsoftwareentwicklungsunternehmen in Deutschland. Allgeier Experts ist nach L\u00fcnendonk(R)-Marktsegmentstudie 2017 &#8222;Der Markt f\u00fcr Rekrutierung, Vermittlung und Steuerung von IT-Freelancern in Deutschland&#8220; unter den TOP 3 IT-Personaldienstleistern in Deutschland. Allgeier SE ist am Regulierten Markt der Frankfurter Wertpapierb\u00f6rse im General Standard gelistet (WKN A2GS63, ISIN DE000A2GS633). Weitere Informationen unter: www.allgeier.com.<\/p>\n<p>\u00a0\n<\/p><\/div>\n<\/td>\n<\/tr>\n<\/table>\n<p><\/p>\n<div class=\"\">\n<p class=\"\">\n<\/div>\n","protected":false},"excerpt":{"rendered":"<p>ALLGEIER SE \/ Schlagwort(e): Firmen\u00fcbernahme  Allgeier SE: Allgeier baut das internationale Softwarenentwicklungsgesch\u00e4ft im Gesch\u00e4ftsbereich Technology deutlich aus   13.08.2018 \/ 23:32 CET\/CEST  Ver\u00f6ffentlichung einer Insiderinformationen nach Artikel 17 der Verordnung (EU) Nr. 596\/2014, \u00fcbermittelt<\/p>\n","protected":false},"author":4,"featured_media":0,"parent":1155,"menu_order":0,"comment_status":"close","ping_status":"closed","template":"","meta":{"_acf_changed":false,"footnotes":""},"categories":[],"tags":[],"class_list":["post-7213","page","type-page","status-publish","hentry"],"acf":[],"yoast_head":"<!-- This site is optimized with the Yoast SEO plugin v27.4 - https:\/\/yoast.com\/product\/yoast-seo-wordpress\/ -->\n<title>Allgeier SE: Allgeier baut das internationale Softwarenentwicklungsgesch\u00e4ft im Gesch\u00e4ftsbereich Technology deutlich aus - Allgeier SE<\/title>\n<meta name=\"robots\" content=\"index, follow, max-snippet:-1, max-image-preview:large, max-video-preview:-1\" \/>\n<link rel=\"canonical\" href=\"https:\/\/www.allgeier.com\/de\/investor-relations\/adhoc-announcements\/allgeier-se-allgeier-baut-das-internationale-softwarenentwicklungsgeschaeft-im-geschaeftsbereich-technology-deutlich-aus-2\/\" \/>\n<meta property=\"og:locale\" content=\"de_DE\" \/>\n<meta property=\"og:type\" content=\"article\" \/>\n<meta property=\"og:title\" content=\"Allgeier SE: Allgeier baut das internationale Softwarenentwicklungsgesch\u00e4ft im Gesch\u00e4ftsbereich Technology deutlich aus - Allgeier SE\" \/>\n<meta property=\"og:description\" content=\"ALLGEIER SE \/ Schlagwort(e): Firmen\u00fcbernahme Allgeier SE: Allgeier baut das internationale Softwarenentwicklungsgesch\u00e4ft im Gesch\u00e4ftsbereich Technology deutlich aus  13.08.2018 \/ 23:32 CET\/CEST Ver\u00f6ffentlichung einer Insiderinformationen nach Artikel 17 der Verordnung (EU) Nr. 596\/2014, \u00fcbermittelt\" \/>\n<meta property=\"og:url\" content=\"https:\/\/www.allgeier.com\/de\/investor-relations\/adhoc-announcements\/allgeier-se-allgeier-baut-das-internationale-softwarenentwicklungsgeschaeft-im-geschaeftsbereich-technology-deutlich-aus-2\/\" \/>\n<meta property=\"og:site_name\" content=\"Allgeier SE\" \/>\n<meta property=\"article:modified_time\" content=\"2025-07-23T10:27:50+00:00\" \/>\n<meta name=\"twitter:card\" content=\"summary_large_image\" \/>\n<meta name=\"twitter:label1\" content=\"Gesch\u00e4tzte Lesezeit\" \/>\n\t<meta name=\"twitter:data1\" content=\"4\u00a0Minuten\" \/>\n<script type=\"application\/ld+json\" class=\"yoast-schema-graph\">{\"@context\":\"https:\\\/\\\/schema.org\",\"@graph\":[{\"@type\":\"WebPage\",\"@id\":\"https:\\\/\\\/www.allgeier.com\\\/de\\\/investor-relations\\\/adhoc-announcements\\\/allgeier-se-allgeier-baut-das-internationale-softwarenentwicklungsgeschaeft-im-geschaeftsbereich-technology-deutlich-aus-2\\\/\",\"url\":\"https:\\\/\\\/www.allgeier.com\\\/de\\\/investor-relations\\\/adhoc-announcements\\\/allgeier-se-allgeier-baut-das-internationale-softwarenentwicklungsgeschaeft-im-geschaeftsbereich-technology-deutlich-aus-2\\\/\",\"name\":\"Allgeier SE: Allgeier baut das internationale Softwarenentwicklungsgesch\u00e4ft im Gesch\u00e4ftsbereich Technology deutlich aus - Allgeier SE\",\"isPartOf\":{\"@id\":\"https:\\\/\\\/www.allgeier.com\\\/de\\\/#website\"},\"datePublished\":\"2018-08-13T21:32:08+00:00\",\"dateModified\":\"2025-07-23T10:27:50+00:00\",\"breadcrumb\":{\"@id\":\"https:\\\/\\\/www.allgeier.com\\\/de\\\/investor-relations\\\/adhoc-announcements\\\/allgeier-se-allgeier-baut-das-internationale-softwarenentwicklungsgeschaeft-im-geschaeftsbereich-technology-deutlich-aus-2\\\/#breadcrumb\"},\"inLanguage\":\"de\",\"potentialAction\":[{\"@type\":\"ReadAction\",\"target\":[\"https:\\\/\\\/www.allgeier.com\\\/de\\\/investor-relations\\\/adhoc-announcements\\\/allgeier-se-allgeier-baut-das-internationale-softwarenentwicklungsgeschaeft-im-geschaeftsbereich-technology-deutlich-aus-2\\\/\"]}]},{\"@type\":\"BreadcrumbList\",\"@id\":\"https:\\\/\\\/www.allgeier.com\\\/de\\\/investor-relations\\\/adhoc-announcements\\\/allgeier-se-allgeier-baut-das-internationale-softwarenentwicklungsgeschaeft-im-geschaeftsbereich-technology-deutlich-aus-2\\\/#breadcrumb\",\"itemListElement\":[{\"@type\":\"ListItem\",\"position\":1,\"name\":\"Home\",\"item\":\"https:\\\/\\\/www.allgeier.com\\\/de\\\/\"},{\"@type\":\"ListItem\",\"position\":2,\"name\":\"Investor Relations\",\"item\":\"https:\\\/\\\/www.allgeier.com\\\/de\\\/investor-relations\\\/\"},{\"@type\":\"ListItem\",\"position\":3,\"name\":\"Ad hoc-Mitteilungen\",\"item\":\"https:\\\/\\\/www.allgeier.com\\\/de\\\/investor-relations\\\/adhoc-announcements\\\/\"},{\"@type\":\"ListItem\",\"position\":4,\"name\":\"Allgeier SE: Allgeier baut das internationale Softwarenentwicklungsgesch\u00e4ft im Gesch\u00e4ftsbereich Technology deutlich aus\"}]},{\"@type\":\"WebSite\",\"@id\":\"https:\\\/\\\/www.allgeier.com\\\/de\\\/#website\",\"url\":\"https:\\\/\\\/www.allgeier.com\\\/de\\\/\",\"name\":\"Allgeier SE\",\"description\":\"Software &amp; IT Services for digital transformation\",\"potentialAction\":[{\"@type\":\"SearchAction\",\"target\":{\"@type\":\"EntryPoint\",\"urlTemplate\":\"https:\\\/\\\/www.allgeier.com\\\/de\\\/?s={search_term_string}\"},\"query-input\":{\"@type\":\"PropertyValueSpecification\",\"valueRequired\":true,\"valueName\":\"search_term_string\"}}],\"inLanguage\":\"de\"}]}<\/script>\n<!-- \/ Yoast SEO plugin. -->","yoast_head_json":{"title":"Allgeier SE: Allgeier baut das internationale Softwarenentwicklungsgesch\u00e4ft im Gesch\u00e4ftsbereich Technology deutlich aus - Allgeier SE","robots":{"index":"index","follow":"follow","max-snippet":"max-snippet:-1","max-image-preview":"max-image-preview:large","max-video-preview":"max-video-preview:-1"},"canonical":"https:\/\/www.allgeier.com\/de\/investor-relations\/adhoc-announcements\/allgeier-se-allgeier-baut-das-internationale-softwarenentwicklungsgeschaeft-im-geschaeftsbereich-technology-deutlich-aus-2\/","og_locale":"de_DE","og_type":"article","og_title":"Allgeier SE: Allgeier baut das internationale Softwarenentwicklungsgesch\u00e4ft im Gesch\u00e4ftsbereich Technology deutlich aus - Allgeier SE","og_description":"ALLGEIER SE \/ Schlagwort(e): Firmen\u00fcbernahme Allgeier SE: Allgeier baut das internationale Softwarenentwicklungsgesch\u00e4ft im Gesch\u00e4ftsbereich Technology deutlich aus  13.08.2018 \/ 23:32 CET\/CEST Ver\u00f6ffentlichung einer Insiderinformationen nach Artikel 17 der Verordnung (EU) Nr. 596\/2014, \u00fcbermittelt","og_url":"https:\/\/www.allgeier.com\/de\/investor-relations\/adhoc-announcements\/allgeier-se-allgeier-baut-das-internationale-softwarenentwicklungsgeschaeft-im-geschaeftsbereich-technology-deutlich-aus-2\/","og_site_name":"Allgeier SE","article_modified_time":"2025-07-23T10:27:50+00:00","twitter_card":"summary_large_image","twitter_misc":{"Gesch\u00e4tzte Lesezeit":"4\u00a0Minuten"},"schema":{"@context":"https:\/\/schema.org","@graph":[{"@type":"WebPage","@id":"https:\/\/www.allgeier.com\/de\/investor-relations\/adhoc-announcements\/allgeier-se-allgeier-baut-das-internationale-softwarenentwicklungsgeschaeft-im-geschaeftsbereich-technology-deutlich-aus-2\/","url":"https:\/\/www.allgeier.com\/de\/investor-relations\/adhoc-announcements\/allgeier-se-allgeier-baut-das-internationale-softwarenentwicklungsgeschaeft-im-geschaeftsbereich-technology-deutlich-aus-2\/","name":"Allgeier SE: Allgeier baut das internationale Softwarenentwicklungsgesch\u00e4ft im Gesch\u00e4ftsbereich Technology deutlich aus - Allgeier SE","isPartOf":{"@id":"https:\/\/www.allgeier.com\/de\/#website"},"datePublished":"2018-08-13T21:32:08+00:00","dateModified":"2025-07-23T10:27:50+00:00","breadcrumb":{"@id":"https:\/\/www.allgeier.com\/de\/investor-relations\/adhoc-announcements\/allgeier-se-allgeier-baut-das-internationale-softwarenentwicklungsgeschaeft-im-geschaeftsbereich-technology-deutlich-aus-2\/#breadcrumb"},"inLanguage":"de","potentialAction":[{"@type":"ReadAction","target":["https:\/\/www.allgeier.com\/de\/investor-relations\/adhoc-announcements\/allgeier-se-allgeier-baut-das-internationale-softwarenentwicklungsgeschaeft-im-geschaeftsbereich-technology-deutlich-aus-2\/"]}]},{"@type":"BreadcrumbList","@id":"https:\/\/www.allgeier.com\/de\/investor-relations\/adhoc-announcements\/allgeier-se-allgeier-baut-das-internationale-softwarenentwicklungsgeschaeft-im-geschaeftsbereich-technology-deutlich-aus-2\/#breadcrumb","itemListElement":[{"@type":"ListItem","position":1,"name":"Home","item":"https:\/\/www.allgeier.com\/de\/"},{"@type":"ListItem","position":2,"name":"Investor Relations","item":"https:\/\/www.allgeier.com\/de\/investor-relations\/"},{"@type":"ListItem","position":3,"name":"Ad hoc-Mitteilungen","item":"https:\/\/www.allgeier.com\/de\/investor-relations\/adhoc-announcements\/"},{"@type":"ListItem","position":4,"name":"Allgeier SE: Allgeier baut das internationale Softwarenentwicklungsgesch\u00e4ft im Gesch\u00e4ftsbereich Technology deutlich aus"}]},{"@type":"WebSite","@id":"https:\/\/www.allgeier.com\/de\/#website","url":"https:\/\/www.allgeier.com\/de\/","name":"Allgeier SE","description":"Software &amp; IT Services for digital transformation","potentialAction":[{"@type":"SearchAction","target":{"@type":"EntryPoint","urlTemplate":"https:\/\/www.allgeier.com\/de\/?s={search_term_string}"},"query-input":{"@type":"PropertyValueSpecification","valueRequired":true,"valueName":"search_term_string"}}],"inLanguage":"de"}]}},"_links":{"self":[{"href":"https:\/\/www.allgeier.com\/de\/wp-json\/wp\/v2\/pages\/7213","targetHints":{"allow":["GET"]}}],"collection":[{"href":"https:\/\/www.allgeier.com\/de\/wp-json\/wp\/v2\/pages"}],"about":[{"href":"https:\/\/www.allgeier.com\/de\/wp-json\/wp\/v2\/types\/page"}],"author":[{"embeddable":true,"href":"https:\/\/www.allgeier.com\/de\/wp-json\/wp\/v2\/users\/4"}],"replies":[{"embeddable":true,"href":"https:\/\/www.allgeier.com\/de\/wp-json\/wp\/v2\/comments?post=7213"}],"version-history":[{"count":1,"href":"https:\/\/www.allgeier.com\/de\/wp-json\/wp\/v2\/pages\/7213\/revisions"}],"predecessor-version":[{"id":7214,"href":"https:\/\/www.allgeier.com\/de\/wp-json\/wp\/v2\/pages\/7213\/revisions\/7214"}],"up":[{"embeddable":true,"href":"https:\/\/www.allgeier.com\/de\/wp-json\/wp\/v2\/pages\/1155"}],"wp:attachment":[{"href":"https:\/\/www.allgeier.com\/de\/wp-json\/wp\/v2\/media?parent=7213"}],"wp:term":[{"taxonomy":"category","embeddable":true,"href":"https:\/\/www.allgeier.com\/de\/wp-json\/wp\/v2\/categories?post=7213"},{"taxonomy":"post_tag","embeddable":true,"href":"https:\/\/www.allgeier.com\/de\/wp-json\/wp\/v2\/tags?post=7213"}],"curies":[{"name":"wp","href":"https:\/\/api.w.org\/{rel}","templated":true}]}}