{"id":7220,"date":"2016-04-29T10:32:50","date_gmt":"2016-04-29T10:32:50","guid":{"rendered":"https:\/\/www.allgeier.com\/de\/?page_id=7220"},"modified":"2025-07-23T10:27:51","modified_gmt":"2025-07-23T10:27:51","slug":"allgeier-se-aufsichtsrat-billigt-jahresabschluss-2015-und-schlaegt-dividende-vor-umsatz-und-ergebniswachstum-im-1-quartal-2016-2","status":"publish","type":"page","link":"https:\/\/www.allgeier.com\/de\/investor-relations\/adhoc-announcements\/allgeier-se-aufsichtsrat-billigt-jahresabschluss-2015-und-schlaegt-dividende-vor-umsatz-und-ergebniswachstum-im-1-quartal-2016-2\/","title":{"rendered":"Allgeier SE: Aufsichtsrat billigt Jahresabschluss 2015 und schl\u00e4gt Dividende vor; Umsatz- und Ergebniswachstum im 1. Quartal 2016"},"content":{"rendered":"<p><b>ALLGEIER SE  \/ Schlagwort(e): Jahresergebnis\/Quartalsergebnis<\/b><\/p>\n<p>29.04.2016 12:32<\/p>\n<p>Ver\u00f6ffentlichung einer Ad-hoc-Mitteilung nach \u00a7 15 WpHG, \u00fcbermittelt durch<br \/>\nDGAP &#8211; ein Service der EQS Group AG.<br \/>\nF\u00fcr den Inhalt der Mitteilung ist der Emittent verantwortlich.<\/p>\n<p>&#8212;&#8212;&#8212;&#8212;&#8212;&#8212;&#8212;&#8212;&#8212;&#8212;&#8212;&#8212;&#8212;&#8212;&#8212;&#8212;&#8212;&#8212;&#8212;&#8212;&#8212;&#8212;&#8212;&#8212;&#8212;<\/p>\n<p>M\u00fcnchen, 29.04.2016 &#8211; Der Aufsichtsrat der Allgeier SE (ISIN DE0005086300,<br \/>\nWKN 508630) hat in seiner heutigen Sitzung den testierten Jahres- und<br \/>\nKonzernabschluss der Allgeier SE f\u00fcr das Gesch\u00e4ftsjahr 2015 gebilligt. Der<br \/>\nJahresabschluss ist damit festgestellt. Die finalen Konzernzahlen<br \/>\nentsprechen im Wesentlichen den in der Ad hoc-Mitteilung vom 18. M\u00e4rz 2016<br \/>\nangek\u00fcndigten vorl\u00e4ufigen Zahlen. Die innerhalb des vergangenen<br \/>\nGesch\u00e4ftsjahres ver\u00e4u\u00dferten Gesch\u00e4ftseinheiten b+m Informatik AG, Melsdorf,<br \/>\ndie terna Gruppe mit Sitz in Innsbruck, \u00d6sterreich, sowie der<br \/>\nGesch\u00e4ftsbereich Storage der Allgeier (Schweiz) AG mit Sitz in Thalwil,<br \/>\nSchweiz, werden als aufgegebenes Gesch\u00e4ft gezeigt. Innerhalb des<br \/>\naufgegebenen Gesch\u00e4fts wird aufgrund laufender Verhandlungsgespr\u00e4che \u00fcber<br \/>\neine Ver\u00e4nderung des Gesellschafterkreises zur strategischen<br \/>\nWeiterentwicklung zudem die Talentry GmbH mit Sitz in M\u00fcnchen gezeigt.<\/p>\n<p>Umsatz- und Ergebnisentwicklung nach IFRS<\/p>\n<p>In Summe stieg der Gesamtumsatz des Konzerns aus fortgef\u00fchrtem und<br \/>\naufgegebenem Gesch\u00e4ft im abgelaufenen Gesch\u00e4ftsjahr 2015 (01. Januar 2015<br \/>\nbis 31. Dezember 2015) um 9 Prozent auf 498,9 Mio. Euro (Vorjahr: 456,5<br \/>\nMio. Euro). Das bereinigte Konzern-EBITDA (EBITDA vor Effekten, die<br \/>\nbetriebswirtschaftlich als au\u00dferordentlich oder periodenfremd qualifiziert<br \/>\nwerden) aus fortgef\u00fchrtem und aufgegebenem Gesch\u00e4ft stieg gegen\u00fcber dem<br \/>\nVergleichszeitraum des Vorjahres \u00fcberproportional um 16 Prozent auf 29,3<br \/>\nMio. Euro (Vorjahr: 25,3 Mio. Euro). Das Konzern-EBITDA erh\u00f6hte sich<br \/>\nw\u00e4hrend der Periode um 13 Prozent auf 27,1 Mio. Euro (Vorjahr: 24,0 Mio.<br \/>\nEuro). Das Konzern-EBIT der Periode lag bei 12,7 Mio. Euro und damit um 20<br \/>\nProzent \u00fcber dem Vorjahresergebnis (Vorjahr: 10,5 Mio. Euro). Der Konzern<br \/>\nerzielte ohne die Ver\u00e4u\u00dferungserl\u00f6se ein Ergebnis vor Steuern in H\u00f6he von<br \/>\n8,8 Mio. Euro (Vorjahr: 5,5 Mio. Euro). Aus dem Verkauf der ver\u00e4u\u00dferten<br \/>\nGesch\u00e4ftseinheiten erzielte der Konzern einen Erl\u00f6s vor Steuern von 10,0<br \/>\nMio. Euro. Der Ertragsteueraufwand (ohne Ertragsteuern auf den<br \/>\nVer\u00e4u\u00dferungsgewinn) betrug im Berichtszeitraum 5,6 Mio. Euro (Vorjahr: 5,4<br \/>\nMio. Euro). Der Konzern erzielte somit insgesamt ein Ergebnis der Periode<br \/>\n(einschlie\u00dflich Gewinn aus Ver\u00e4u\u00dferung) von 12,8 Mio. Euro (Vorjahr: 2,6<br \/>\nMio. Euro). Das Ergebnis je Aktie des gesamten Allgeier Konzerns betr\u00e4gt im<br \/>\nBerichtsjahr 2015 1,39 Euro (Vorjahr: 0,23 Euro).<\/p>\n<p>Gesch\u00e4ftsentwicklung im fortgef\u00fchrten Gesch\u00e4ft<\/p>\n<p>Im fortgef\u00fchrten Gesch\u00e4ft des Allgeier Konzerns erh\u00f6hte sich der<br \/>\nKonzernumsatz nach IFRS innerhalb des Gesch\u00e4ftsjahres 2015 auf 452,2 Mio.<br \/>\nEuro (fortgef\u00fchrtes Gesch\u00e4ft des Vorjahres: 384,2 Mio. Euro), was einem<br \/>\nWachstum von 18 Prozent entspricht. Das bereinigte Konzern-EBITDA stieg im<br \/>\nfortgef\u00fchrten Gesch\u00e4ft um 11 Prozent auf 25,3 Mio. Euro (fortgef\u00fchrtes<br \/>\nGesch\u00e4ft des Vorjahres: 22,8 Mio. Euro). Das Konzern-EBITDA des<br \/>\nfortgef\u00fchrten Gesch\u00e4fts konnte im Berichtszeitraum um 10 Prozent auf 23,2<br \/>\nMio. Euro gesteigert werden (fortgef\u00fchrtes Gesch\u00e4ft des Vorjahres: 21,0<br \/>\nMio. Euro). Das Konzern-EBIT der Periode lag im fortgef\u00fchrten Gesch\u00e4ft bei<br \/>\n10,3 Mio. Euro (fortgef\u00fchrtes Gesch\u00e4ft des Vorjahres: 10,3 Mio. Euro). Der<br \/>\nKonzern erzielte ein Ergebnis vor Steuern des fortgef\u00fchrten Gesch\u00e4fts in<br \/>\nH\u00f6he von 6,3 Mio. Euro (fortgef\u00fchrtes Gesch\u00e4ft des Vorjahres: 5,4 Mio.<br \/>\nEuro). Im Ergebnis sind Erl\u00f6se in H\u00f6he von 0,3 Mio. Euro enthalten, die<br \/>\naufgrund missbr\u00e4uchlicher Nutzung von Rechten an Software des Unternehmens<br \/>\ndurch Dritte gegen\u00fcber diesen geltend gemacht wurden. Weitere F\u00e4lle dieser<br \/>\nArt werden juristisch gepr\u00fcft und verfolgt und k\u00f6nnen k\u00fcnftig zu weiteren<br \/>\nErl\u00f6sen im sechs- oder siebenstelligen Bereich f\u00fchren. Das um die<br \/>\nAbschreibungen aus Akquisitionst\u00e4tigkeit bereinigte und mit normalisierten<br \/>\nSteuern gerechnete Ergebnis je Aktie des fortgef\u00fchrten Gesch\u00e4fts betrug im<br \/>\nBerichtsjahr 1,09 Euro (Vorjahr: 1,00 Euro).<\/p>\n<p>Eckdaten der Bilanz zum 31. Dezember 2015<\/p>\n<p>Zum Bilanzstichtag 31. Dezember 2015 betrug das Eigenkapital 115,7 Mio.<br \/>\nEuro (Vorjahr: 100,7 Mio. Euro). Dem Allgeier Konzern standen zum<br \/>\nJahresende 2015 liquide Mittel in H\u00f6he von 83,7 Mio. Euro zur Verf\u00fcgung<br \/>\n(Vorjahr: 98,0 Mio. Euro). Die kurz- und langfristigen Finanzschulden<br \/>\nreduzierten sich zum Stichtag auf 110,7 Mio. Euro (Vorjahr: 125,2 Mio.<br \/>\nEuro). Die Bilanzsumme betrug zum Ende des Gesch\u00e4ftsjahres 2015 328,0 Mio.<br \/>\nEuro (Vorjahr: 329,8 Mio. Euro).<\/p>\n<p>Gewinnverwendung<\/p>\n<p>Der Aufsichtsrat hat heute, am 29. April 2016, beschlossen, der<br \/>\nHauptversammlung vorzuschlagen, aus dem im Jahresabschluss der Allgeier SE<br \/>\nausgewiesenen Bilanzgewinn per 31. Dezember 2015 in H\u00f6he von 34.452.551,90<br \/>\nEuro eine Dividende in H\u00f6he von 0,70 Euro je Aktie an die Aktion\u00e4re<br \/>\nauszusch\u00fctten. Der verbleibende Bilanzgewinn soll auf neue Rechnung<br \/>\nvorgetragen werden.<\/p>\n<p>Umsatz- und Ergebnisentwicklung im ersten Quartal 2016<\/p>\n<p>Im ersten Quartal 2016 (01. Januar 2016 bis 31. M\u00e4rz 2016) lag die<br \/>\nvorl\u00e4ufige Gesamtleistung des fortgef\u00fchrten Gesch\u00e4fts bei 116,1 Mio. Euro<br \/>\nund damit um 14 Prozent \u00fcber dem Wert des Vorjahres (fortgef\u00fchrtes Gesch\u00e4ft<br \/>\ndes Vorjahres: 101,7 Mio. Euro). Das Wachstum resultiert aus organischem<br \/>\nWachstum und der Konsolidierung der im ersten Quartal des Vorjahres noch<br \/>\nnicht erworbenen und konsolidierten Gesellschaften. Das vorl\u00e4ufige<br \/>\nbereinigte Konzern-EBITDA (EBITDA vor Effekten, die betriebswirtschaftlich<br \/>\nals au\u00dferordentlich oder periodenfremd qualifiziert werden) stieg gegen\u00fcber<br \/>\ndem Vergleichszeitraum des Vorjahres um 22 Prozent auf 4,7 Mio. Euro<br \/>\n(fortgef\u00fchrtes Gesch\u00e4ft des Vorjahres: 3,8 Mio. Euro). Nachdem zum Ende des<br \/>\nersten Quartals 2016 anders als im ersten Quartal des Vorjahres keine<br \/>\nnegativen au\u00dferordentlichen Effekte, insbesondere aus W\u00e4hrungsschwankungen,<br \/>\nzu verzeichnen waren, erreichte das vorl\u00e4ufige EBITDA der Periode 5,4 Mio.<br \/>\nEuro (fortgef\u00fchrtes Gesch\u00e4fts des Vorjahres: 2,2 Mio. Euro). Das vorl\u00e4ufige<br \/>\nEBIT erreichte entsprechend 2,6 Mio. Euro (fortgef\u00fchrtes Gesch\u00e4ft des<br \/>\nVorjahres: -0,5 Mio. Euro).<\/p>\n<p>Eckdaten der Bilanz zum 31. M\u00e4rz 2016<\/p>\n<p>Das vorl\u00e4ufige Eigenkapital betrug zum Stichtag 31. M\u00e4rz 2016 114 Mio. Euro<br \/>\n(31. Dezember 2015: 115,7 Mio. Euro). Dem Allgeier Konzern standen zum<br \/>\nBilanzstichtag gem\u00e4\u00df vorl\u00e4ufiger Zahlen liquide Mittel in H\u00f6he von 60,5<br \/>\nMio. Euro zur Verf\u00fcgung (31. Dezember 2015: 83,7 Mio. Euro). Die kurz- und<br \/>\nlangfristigen Finanzschulden beliefen sich zum 31. M\u00e4rz 2016 auf 110,3 Mio.<br \/>\nEuro (31. Dezember 2015: 110,7 Mio. Euro). Die vorl\u00e4ufige Bilanzsumme<br \/>\nbetrug zum 31. M\u00e4rz 2016 320 Mio. Euro (31. Dezember 2015: 328,0 Mio.<br \/>\nEuro).<\/p>\n<p>Hinweis<\/p>\n<p>Die genannten Vorjahresergebnisse des fortgef\u00fchrten Gesch\u00e4fts sind aufgrund<br \/>\nder r\u00fcckwirkenden Bereinigung des Vorjahres um die ver\u00e4u\u00dferten Einheiten<br \/>\nnicht mit dem Allgeier Gesch\u00e4ftsbericht 2014 vergleichbar. Die IFRS-Zahlen<br \/>\ndes ersten Quartals 2016 sind vorl\u00e4ufig. Der Gesch\u00e4ftsbericht 2015 wird am<br \/>\nheutigen 29. April 2016 ver\u00f6ffentlicht und ist dann unter www.allgeier.com<br \/>\neinzusehen. Eine Zwischenmitteilung zum 31. M\u00e4rz 2016 der Allgeier SE wird<br \/>\nam 17. Mai 2016 ver\u00f6ffentlicht und ist dann unter www.allgeier.com<br \/>\neinzusehen.<\/p>\n<p>Kontakt:<\/p>\n<p>Allgeier SE<br \/>\nCorporate Communications &amp; Investor Relations<br \/>\nDr. Christopher Gro\u00dfe<br \/>\nWehrlestra\u00dfe 12<br \/>\n81679 M\u00fcnchen<br \/>\nTel.: +49 (0)89\/998421-0<br \/>\nFax: +49 (0)89\/998421-11<br \/>\nE-Mail: ir@allgeier.com<br \/>\nWeb: www.allgeier.com<\/p>\n<p>Allgeier SE ist eines der f\u00fchrenden IT-Unternehmen f\u00fcr Business<br \/>\nPerformance: Mit einer auf Innovationen und Zukunftstrends ausgerichteten<br \/>\nWachstumsstrategie sowie einem integrativen unternehmerischen Modell<br \/>\nverbindet Allgeier die Vorteile eines internationalen Anbieters mit den<br \/>\nTugenden mittelst\u00e4ndischer Unternehmer. Operative Gesch\u00e4ftsbereiche mit<br \/>\nindividuellen fachlichen oder branchenbezogenen Schwerpunkten arbeiten<br \/>\ngemeinsam f\u00fcr \u00fcber 3.000 Kunden aus nahezu allen Branchen. Mit rund 6.000<br \/>\nangestellten Mitarbeitern und mehr als 1.200 freiberuflichen Experten<br \/>\nbietet Allgeier den Kunden als One-Stop-Shop ein umfassendes L\u00f6sungs- und<br \/>\nLeistungsportfolio. Allgeier bildet mit einem hochflexiblen Delivery-Modell<br \/>\ndas komplette IT-Leistungsspektrum von Onsite \u00fcber Nearshore bis hin zu<br \/>\nOffshore ab: Mit einem starken Standbein in Indien werden Flexibilit\u00e4t und<br \/>\nh\u00f6chste Skalierbarkeit der Leistungen sowie hochqualifiziertes<br \/>\nExpertenwissen in der High-End-Softwareentwicklung sichergestellt. Zu den<br \/>\nKunden von Allgeier z\u00e4hlen global arbeitende Konzerne genauso wie<br \/>\ninnovative mittelst\u00e4ndische Betriebe, die sich durch leistungsstarke<br \/>\nIT-L\u00f6sungen, intelligente Software und flexible Personaldienstleistungen<br \/>\nstrategische Vorteile sichern wollen. Die stark wachsende Gruppe mit<br \/>\nHauptsitz in M\u00fcnchen verf\u00fcgt \u00fcber mehr als 90 Niederlassungen im<br \/>\ndeutschsprachigen Raum, im \u00fcbrigen Europa sowie in Indien, Singapur,<br \/>\nVietnam, Mexiko und den USA. 2015 erzielte Allgeier einen Umsatz von 452<br \/>\nMio. Euro (fortgef\u00fchrtes Gesch\u00e4ft). Allgeier SE belegt in der<br \/>\nL\u00fcnendonk(R)-Liste 2015 &#8222;F\u00fchrende deutsche mittelst\u00e4ndische IT-Beratungs-<br \/>\nund Systemintegrations-Unternehmen&#8220; den ersten Platz. Allgeier Experts ist<br \/>\nnach L\u00fcnendonk(R)-Marktsegmentstudie 2015 &#8222;Der Markt f\u00fcr Rekrutierung,<br \/>\nVermittlung und Steuerung von IT-Freelancern in Deutschland&#8220; unter den TOP<br \/>\n3 IT-Personaldienstleistern in Deutschland. Allgeier SE ist am Regulierten<br \/>\nMarkt der Frankfurter Wertpapierb\u00f6rse im General Standard gelistet (WKN<br \/>\n508630, ISIN DE0005086300). Weitere Informationen unter: www.allgeier.com.<\/p>\n<p>29.04.2016 Die DGAP Distributionsservices umfassen gesetzliche<br \/>\nMeldepflichten, Corporate News\/Finanznachrichten und Pressemitteilungen.<br \/>\nDGAP-Medienarchive unter www.dgap-medientreff.de und www.dgap.de<\/p>\n<p>&#8212;&#8212;&#8212;&#8212;&#8212;&#8212;&#8212;&#8212;&#8212;&#8212;&#8212;&#8212;&#8212;&#8212;&#8212;&#8212;&#8212;&#8212;&#8212;&#8212;&#8212;&#8212;&#8212;&#8212;&#8212;<\/p>\n<p>Sprache:      Deutsch<br \/>\nUnternehmen:  ALLGEIER SE<br \/>\n              Wehrlestra\u00dfe 12<br \/>\n              81679 M\u00fcnchen<br \/>\n              Deutschland<br \/>\nTelefon:      +49 (0) 89 &#8211; 99 84 21 0<br \/>\nFax:          +49 (0) 89 &#8211; 99 84 21 11<br \/>\nE-Mail:       info@allgeier.com<br \/>\nInternet:     http:\/\/www.allgeier.com<br \/>\nISIN:         DE0005086300<br \/>\nWKN:          508630<br \/>\nIndizes:      CDAX<br \/>\nB\u00f6rsen:       Regulierter Markt in Frankfurt (General Standard);<br \/>\n              Freiverkehr in Berlin, D\u00fcsseldorf, Hamburg, Stuttgart<\/p>\n<p>Ende der Mitteilung                             DGAP News-Service<\/p>\n<p>&#8212;&#8212;&#8212;&#8212;&#8212;&#8212;&#8212;&#8212;&#8212;&#8212;&#8212;&#8212;&#8212;&#8212;&#8212;&#8212;&#8212;&#8212;&#8212;&#8212;&#8212;&#8212;&#8212;&#8212;&#8212;<\/p>\n","protected":false},"excerpt":{"rendered":"<p>M\u00fcnchen, 29.04.2016 &#8211; Der Aufsichtsrat der Allgeier SE (ISIN DE0005086300, WKN 508630) hat in seiner heutigen Sitzung den testierten Jahres- und Konzernabschluss der Allgeier SE f\u00fcr das Gesch\u00e4ftsjahr 2015 gebilligt. Der Jahresabschluss ist damit festges<\/p>\n","protected":false},"author":4,"featured_media":0,"parent":1155,"menu_order":0,"comment_status":"close","ping_status":"closed","template":"","meta":{"_acf_changed":false,"footnotes":""},"categories":[],"tags":[],"class_list":["post-7220","page","type-page","status-publish","hentry"],"acf":[],"yoast_head":"<!-- This site is optimized with the Yoast SEO plugin v27.4 - https:\/\/yoast.com\/product\/yoast-seo-wordpress\/ -->\n<title>Allgeier SE: Aufsichtsrat billigt Jahresabschluss 2015 und schl\u00e4gt Dividende vor; Umsatz- und Ergebniswachstum im 1. Quartal 2016 - Allgeier SE<\/title>\n<meta name=\"robots\" content=\"index, follow, max-snippet:-1, max-image-preview:large, max-video-preview:-1\" \/>\n<link rel=\"canonical\" href=\"https:\/\/www.allgeier.com\/de\/investor-relations\/adhoc-announcements\/allgeier-se-aufsichtsrat-billigt-jahresabschluss-2015-und-schlaegt-dividende-vor-umsatz-und-ergebniswachstum-im-1-quartal-2016-2\/\" \/>\n<meta property=\"og:locale\" content=\"de_DE\" \/>\n<meta property=\"og:type\" content=\"article\" \/>\n<meta property=\"og:title\" content=\"Allgeier SE: Aufsichtsrat billigt Jahresabschluss 2015 und schl\u00e4gt Dividende vor; Umsatz- und Ergebniswachstum im 1. Quartal 2016 - Allgeier SE\" \/>\n<meta property=\"og:description\" content=\"M\u00fcnchen, 29.04.2016 - Der Aufsichtsrat der Allgeier SE (ISIN DE0005086300, WKN 508630) hat in seiner heutigen Sitzung den testierten Jahres- und Konzernabschluss der Allgeier SE f\u00fcr das Gesch\u00e4ftsjahr 2015 gebilligt. Der Jahresabschluss ist damit festges\" \/>\n<meta property=\"og:url\" content=\"https:\/\/www.allgeier.com\/de\/investor-relations\/adhoc-announcements\/allgeier-se-aufsichtsrat-billigt-jahresabschluss-2015-und-schlaegt-dividende-vor-umsatz-und-ergebniswachstum-im-1-quartal-2016-2\/\" \/>\n<meta property=\"og:site_name\" content=\"Allgeier SE\" \/>\n<meta property=\"article:modified_time\" content=\"2025-07-23T10:27:51+00:00\" \/>\n<meta name=\"twitter:card\" content=\"summary_large_image\" \/>\n<meta name=\"twitter:label1\" content=\"Gesch\u00e4tzte Lesezeit\" \/>\n\t<meta name=\"twitter:data1\" content=\"7\u00a0Minuten\" \/>\n<script type=\"application\/ld+json\" class=\"yoast-schema-graph\">{\"@context\":\"https:\\\/\\\/schema.org\",\"@graph\":[{\"@type\":\"WebPage\",\"@id\":\"https:\\\/\\\/www.allgeier.com\\\/de\\\/investor-relations\\\/adhoc-announcements\\\/allgeier-se-aufsichtsrat-billigt-jahresabschluss-2015-und-schlaegt-dividende-vor-umsatz-und-ergebniswachstum-im-1-quartal-2016-2\\\/\",\"url\":\"https:\\\/\\\/www.allgeier.com\\\/de\\\/investor-relations\\\/adhoc-announcements\\\/allgeier-se-aufsichtsrat-billigt-jahresabschluss-2015-und-schlaegt-dividende-vor-umsatz-und-ergebniswachstum-im-1-quartal-2016-2\\\/\",\"name\":\"Allgeier SE: Aufsichtsrat billigt Jahresabschluss 2015 und schl\u00e4gt Dividende vor; Umsatz- und Ergebniswachstum im 1. Quartal 2016 - Allgeier SE\",\"isPartOf\":{\"@id\":\"https:\\\/\\\/www.allgeier.com\\\/de\\\/#website\"},\"datePublished\":\"2016-04-29T10:32:50+00:00\",\"dateModified\":\"2025-07-23T10:27:51+00:00\",\"breadcrumb\":{\"@id\":\"https:\\\/\\\/www.allgeier.com\\\/de\\\/investor-relations\\\/adhoc-announcements\\\/allgeier-se-aufsichtsrat-billigt-jahresabschluss-2015-und-schlaegt-dividende-vor-umsatz-und-ergebniswachstum-im-1-quartal-2016-2\\\/#breadcrumb\"},\"inLanguage\":\"de\",\"potentialAction\":[{\"@type\":\"ReadAction\",\"target\":[\"https:\\\/\\\/www.allgeier.com\\\/de\\\/investor-relations\\\/adhoc-announcements\\\/allgeier-se-aufsichtsrat-billigt-jahresabschluss-2015-und-schlaegt-dividende-vor-umsatz-und-ergebniswachstum-im-1-quartal-2016-2\\\/\"]}]},{\"@type\":\"BreadcrumbList\",\"@id\":\"https:\\\/\\\/www.allgeier.com\\\/de\\\/investor-relations\\\/adhoc-announcements\\\/allgeier-se-aufsichtsrat-billigt-jahresabschluss-2015-und-schlaegt-dividende-vor-umsatz-und-ergebniswachstum-im-1-quartal-2016-2\\\/#breadcrumb\",\"itemListElement\":[{\"@type\":\"ListItem\",\"position\":1,\"name\":\"Home\",\"item\":\"https:\\\/\\\/www.allgeier.com\\\/de\\\/\"},{\"@type\":\"ListItem\",\"position\":2,\"name\":\"Investor Relations\",\"item\":\"https:\\\/\\\/www.allgeier.com\\\/de\\\/investor-relations\\\/\"},{\"@type\":\"ListItem\",\"position\":3,\"name\":\"Ad hoc-Mitteilungen\",\"item\":\"https:\\\/\\\/www.allgeier.com\\\/de\\\/investor-relations\\\/adhoc-announcements\\\/\"},{\"@type\":\"ListItem\",\"position\":4,\"name\":\"Allgeier SE: Aufsichtsrat billigt Jahresabschluss 2015 und schl\u00e4gt Dividende vor; Umsatz- und Ergebniswachstum im 1. Quartal 2016\"}]},{\"@type\":\"WebSite\",\"@id\":\"https:\\\/\\\/www.allgeier.com\\\/de\\\/#website\",\"url\":\"https:\\\/\\\/www.allgeier.com\\\/de\\\/\",\"name\":\"Allgeier SE\",\"description\":\"Software &amp; IT Services for digital transformation\",\"potentialAction\":[{\"@type\":\"SearchAction\",\"target\":{\"@type\":\"EntryPoint\",\"urlTemplate\":\"https:\\\/\\\/www.allgeier.com\\\/de\\\/?s={search_term_string}\"},\"query-input\":{\"@type\":\"PropertyValueSpecification\",\"valueRequired\":true,\"valueName\":\"search_term_string\"}}],\"inLanguage\":\"de\"}]}<\/script>\n<!-- \/ Yoast SEO plugin. -->","yoast_head_json":{"title":"Allgeier SE: Aufsichtsrat billigt Jahresabschluss 2015 und schl\u00e4gt Dividende vor; Umsatz- und Ergebniswachstum im 1. Quartal 2016 - Allgeier SE","robots":{"index":"index","follow":"follow","max-snippet":"max-snippet:-1","max-image-preview":"max-image-preview:large","max-video-preview":"max-video-preview:-1"},"canonical":"https:\/\/www.allgeier.com\/de\/investor-relations\/adhoc-announcements\/allgeier-se-aufsichtsrat-billigt-jahresabschluss-2015-und-schlaegt-dividende-vor-umsatz-und-ergebniswachstum-im-1-quartal-2016-2\/","og_locale":"de_DE","og_type":"article","og_title":"Allgeier SE: Aufsichtsrat billigt Jahresabschluss 2015 und schl\u00e4gt Dividende vor; Umsatz- und Ergebniswachstum im 1. Quartal 2016 - Allgeier SE","og_description":"M\u00fcnchen, 29.04.2016 - Der Aufsichtsrat der Allgeier SE (ISIN DE0005086300, WKN 508630) hat in seiner heutigen Sitzung den testierten Jahres- und Konzernabschluss der Allgeier SE f\u00fcr das Gesch\u00e4ftsjahr 2015 gebilligt. Der Jahresabschluss ist damit festges","og_url":"https:\/\/www.allgeier.com\/de\/investor-relations\/adhoc-announcements\/allgeier-se-aufsichtsrat-billigt-jahresabschluss-2015-und-schlaegt-dividende-vor-umsatz-und-ergebniswachstum-im-1-quartal-2016-2\/","og_site_name":"Allgeier SE","article_modified_time":"2025-07-23T10:27:51+00:00","twitter_card":"summary_large_image","twitter_misc":{"Gesch\u00e4tzte Lesezeit":"7\u00a0Minuten"},"schema":{"@context":"https:\/\/schema.org","@graph":[{"@type":"WebPage","@id":"https:\/\/www.allgeier.com\/de\/investor-relations\/adhoc-announcements\/allgeier-se-aufsichtsrat-billigt-jahresabschluss-2015-und-schlaegt-dividende-vor-umsatz-und-ergebniswachstum-im-1-quartal-2016-2\/","url":"https:\/\/www.allgeier.com\/de\/investor-relations\/adhoc-announcements\/allgeier-se-aufsichtsrat-billigt-jahresabschluss-2015-und-schlaegt-dividende-vor-umsatz-und-ergebniswachstum-im-1-quartal-2016-2\/","name":"Allgeier SE: Aufsichtsrat billigt Jahresabschluss 2015 und schl\u00e4gt Dividende vor; Umsatz- und Ergebniswachstum im 1. Quartal 2016 - Allgeier SE","isPartOf":{"@id":"https:\/\/www.allgeier.com\/de\/#website"},"datePublished":"2016-04-29T10:32:50+00:00","dateModified":"2025-07-23T10:27:51+00:00","breadcrumb":{"@id":"https:\/\/www.allgeier.com\/de\/investor-relations\/adhoc-announcements\/allgeier-se-aufsichtsrat-billigt-jahresabschluss-2015-und-schlaegt-dividende-vor-umsatz-und-ergebniswachstum-im-1-quartal-2016-2\/#breadcrumb"},"inLanguage":"de","potentialAction":[{"@type":"ReadAction","target":["https:\/\/www.allgeier.com\/de\/investor-relations\/adhoc-announcements\/allgeier-se-aufsichtsrat-billigt-jahresabschluss-2015-und-schlaegt-dividende-vor-umsatz-und-ergebniswachstum-im-1-quartal-2016-2\/"]}]},{"@type":"BreadcrumbList","@id":"https:\/\/www.allgeier.com\/de\/investor-relations\/adhoc-announcements\/allgeier-se-aufsichtsrat-billigt-jahresabschluss-2015-und-schlaegt-dividende-vor-umsatz-und-ergebniswachstum-im-1-quartal-2016-2\/#breadcrumb","itemListElement":[{"@type":"ListItem","position":1,"name":"Home","item":"https:\/\/www.allgeier.com\/de\/"},{"@type":"ListItem","position":2,"name":"Investor Relations","item":"https:\/\/www.allgeier.com\/de\/investor-relations\/"},{"@type":"ListItem","position":3,"name":"Ad hoc-Mitteilungen","item":"https:\/\/www.allgeier.com\/de\/investor-relations\/adhoc-announcements\/"},{"@type":"ListItem","position":4,"name":"Allgeier SE: Aufsichtsrat billigt Jahresabschluss 2015 und schl\u00e4gt Dividende vor; Umsatz- und Ergebniswachstum im 1. Quartal 2016"}]},{"@type":"WebSite","@id":"https:\/\/www.allgeier.com\/de\/#website","url":"https:\/\/www.allgeier.com\/de\/","name":"Allgeier SE","description":"Software &amp; IT Services for digital transformation","potentialAction":[{"@type":"SearchAction","target":{"@type":"EntryPoint","urlTemplate":"https:\/\/www.allgeier.com\/de\/?s={search_term_string}"},"query-input":{"@type":"PropertyValueSpecification","valueRequired":true,"valueName":"search_term_string"}}],"inLanguage":"de"}]}},"_links":{"self":[{"href":"https:\/\/www.allgeier.com\/de\/wp-json\/wp\/v2\/pages\/7220","targetHints":{"allow":["GET"]}}],"collection":[{"href":"https:\/\/www.allgeier.com\/de\/wp-json\/wp\/v2\/pages"}],"about":[{"href":"https:\/\/www.allgeier.com\/de\/wp-json\/wp\/v2\/types\/page"}],"author":[{"embeddable":true,"href":"https:\/\/www.allgeier.com\/de\/wp-json\/wp\/v2\/users\/4"}],"replies":[{"embeddable":true,"href":"https:\/\/www.allgeier.com\/de\/wp-json\/wp\/v2\/comments?post=7220"}],"version-history":[{"count":1,"href":"https:\/\/www.allgeier.com\/de\/wp-json\/wp\/v2\/pages\/7220\/revisions"}],"predecessor-version":[{"id":7223,"href":"https:\/\/www.allgeier.com\/de\/wp-json\/wp\/v2\/pages\/7220\/revisions\/7223"}],"up":[{"embeddable":true,"href":"https:\/\/www.allgeier.com\/de\/wp-json\/wp\/v2\/pages\/1155"}],"wp:attachment":[{"href":"https:\/\/www.allgeier.com\/de\/wp-json\/wp\/v2\/media?parent=7220"}],"wp:term":[{"taxonomy":"category","embeddable":true,"href":"https:\/\/www.allgeier.com\/de\/wp-json\/wp\/v2\/categories?post=7220"},{"taxonomy":"post_tag","embeddable":true,"href":"https:\/\/www.allgeier.com\/de\/wp-json\/wp\/v2\/tags?post=7220"}],"curies":[{"name":"wp","href":"https:\/\/api.w.org\/{rel}","templated":true}]}}