{"id":7232,"date":"2017-10-26T15:06:03","date_gmt":"2017-10-26T15:06:03","guid":{"rendered":"https:\/\/www.allgeier.com\/de\/?page_id=7232"},"modified":"2025-07-23T10:27:51","modified_gmt":"2025-07-23T10:27:51","slug":"allgeier-se-allgeier-erzielt-ergebnissteigerung-und-zweistelliges-umsatzwachstum-im-dritten-quartal-2017-2","status":"publish","type":"page","link":"https:\/\/www.allgeier.com\/de\/investor-relations\/adhoc-announcements\/allgeier-se-allgeier-erzielt-ergebnissteigerung-und-zweistelliges-umsatzwachstum-im-dritten-quartal-2017-2\/","title":{"rendered":"Allgeier SE: Allgeier erzielt Ergebnissteigerung und zweistelliges Umsatzwachstum im dritten Quartal 2017"},"content":{"rendered":"<table class=\"news_layout style2015\" border=\"0\" cellpadding=\"0\" cellspacing=\"0\">\n<tr>\n<td>\n<div class=\"break-word news_main\">\n<p style=\"text-align: justify\"><i>M\u00fcnchen, 26. Oktober 2017 &#8211;<\/i> Allgeier SE (ISIN DE000A2GS633, WKN A2GS63), M\u00fcnchen, verzeichnet gem\u00e4\u00df vorl\u00e4ufiger Zahlen in den ersten neun Monaten des Gesch\u00e4ftsjahres 2017 (01. Januar 2017 &#8211; 30. September 2017) ein zweistelliges Wachstum in der Gesamtleistung. Im dritten Quartal 2017 beginnen sich die erheblichen Wachstumsinvestitionen, die das Ergebnis des ersten Halbjahres 2017 belastet hatten, auszuzahlen. So erzielte Allgeier im dritten Quartal 2017 ein Ergebnis, das planm\u00e4\u00dfig wieder deutlich h\u00f6her ist als in den Quartalen des ersten Halbjahres.<br \/>\n\u00a0<\/p>\n<p>Gesch\u00e4ftsentwicklung im dritten Quartal 2017<br \/>\n\u00a0<\/p>\n<p style=\"text-align: justify\">Im dritten Quartal 2017 (01. Juli 2017 &#8211; 30. September 2017) verzeichnete der Konzern einen Anstieg der Gesamtleistung gegen\u00fcber dem Vergleichszeitraum des Vorjahres um 16 Prozent auf 147 Mio. Euro (Vorjahr: 126 Mio. Euro, alle Vorjahresangaben beziehen sich auf das fortgef\u00fchrte Gesch\u00e4ft). Das bereinigte Konzern-EBITDA (EBITDA vor Effekten, die betriebswirtschaftlich als au\u00dferordentlich oder periodenfremd qualifiziert werden) lag mit 10,2 Mio. Euro um 8 Prozent \u00fcber dem Vorjahresergebnis (Vorjahr: 9,5 Mio. Euro). Das Konzern-EBITDA betrug 10,0 Mio. Euro und lag damit um 9 Prozent \u00fcber dem Ergebnis des dritten Quartals des Vorjahres (Vorjahr: 9,2 Mio. Euro). Das Konzern-EBIT (Ergebnis vor Zinsen und Steuern) betrug 7,0 Mio. Euro (Vorjahr: 6,7 Mio. Euro).<br \/>\n\u00a0<\/p>\n<p>Gesch\u00e4ftsentwicklung in den ersten neun Monaten 2017<br \/>\n\u00a0<\/p>\n<p style=\"text-align: justify\">In Summe stieg die Gesamtleistung im Konzern in den ersten neun Monaten 2017 gegen\u00fcber den ersten neun Monaten des Jahres 2016 um 15 Prozent auf 423 Mio. Euro (Vorjahr: 367 Mio. Euro).<br \/>\n\u00a0<\/p>\n<p style=\"text-align: justify\">Die Wertsch\u00f6pfung (Gesamtleistung abz\u00fcglich direkte Personal- und sonstige Kosten) stieg in den ersten neun Monaten 2017 gem\u00e4\u00df vorl\u00e4ufiger Zahlen um 16 Prozent. Die Ergebnislage war, wie in der Ad-hoc-Mitteilung vom 08. August 2017 dargestellt, im ersten Halbjahr 2017 durch erhebliche Investitionen in neue Mitarbeiter beeinflusst. Im dritten Quartal beginnt sich die Ergebnislage plangem\u00e4\u00df durch steigende Ums\u00e4tze zu normalisieren.<br \/>\n\u00a0<\/p>\n<p style=\"text-align: justify\">Das bereinigte Konzern-EBITDA (EBITDA vor Effekten, die betriebswirtschaftlich als au\u00dferordentlich oder periodenfremd qualifiziert werden) der ersten neun Monate 2017 betrug 19,7 Mio. Euro (Vorjahr: 24,8 Mio. Euro). Das Konzern-EBITDA lag bei 20,1 Mio. Euro (Vorjahr: 22,6 Mio. Euro). Das Konzern-EBIT (Ergebnis vor Zinsen und Steuern) betrug 10,9 Mio. Euro (Vorjahr: 14,8 Mio. Euro).<br \/>\n\u00a0<\/p>\n<p>Eckdaten der Bilanz zum 30. September 2017<br \/>\n\u00a0<\/p>\n<p style=\"text-align: justify\">Das Eigenkapital betrug zum Stichtag 30. September 2017 124,2 Mio. Euro (31. Dezember 2016: 116,9 Mio. Euro). Dem Allgeier Konzern standen zum Stichtag liquide Mittel in H\u00f6he von 56,2 Mio. Euro zur Verf\u00fcgung (31. Dezember 2016: 71,8 Mio. Euro). Die Bilanzsumme betrug 348,3 Mio. Euro (31. Dezember 2016: 344,4 Mio. Euro).<br \/>\n\u00a0<\/p>\n<p>Hinweis<br \/>\n\u00a0<\/p>\n<p style=\"text-align: justify\">Alle genannten Zahlen sind gem\u00e4\u00df IFRS ermittelt und stellen einen vorl\u00e4ufigen Stand dar, der sich bis zur Ver\u00f6ffentlichung der Zwischeninformation noch ver\u00e4ndern kann. Alle Angaben zum Vorjahr beziehen sich auf das fortgef\u00fchrte Gesch\u00e4ft. Eine freiwillige Zwischeninformation zum 30. September 2017 der Allgeier SE wird am 17. November 2017 ver\u00f6ffentlicht und ist dann unter www.allgeier.com einzusehen.<br \/>\n\u00a0<\/p>\n<p>Kontakt:<\/p>\n<p>Allgeier SE<br \/>\nCorporate Communications &amp; Investor Relations<br \/>\nDr. Christopher Gro\u00dfe<br \/>\nWehrlestra\u00dfe 12<br \/>\n81679 M\u00fcnchen<br \/>\nTel.: +49 (0)89\/998421-0<br \/>\nFax: +49 (0)89\/998421-11<br \/>\nE-Mail: ir@allgeier.com<br \/>\nWeb: www.allgeier.com<br \/>\n\u00a0<\/p>\n<p style=\"text-align: justify\">Allgeier SE ist eines der f\u00fchrenden IT-Unternehmen f\u00fcr digitale Transformation: Mit einer auf Innovationen und Zukunftstrends ausgerichteten Wachstumsstrategie sowie einem integrativen unternehmerischen Modell ergreift Allgeier die Chancen der Digitalisierung. Drei Segmente mit individuellen fachlichen und branchenbezogenen Schwerpunkten arbeiten gemeinsam f\u00fcr rund 3.000 Kunden aus nahezu allen Branchen. Mit \u00fcber 6.800 angestellten Mitarbeitern und mehr als 1.300 freiberuflichen Experten bietet Allgeier den Kunden als One-Stop-Shop ein umfassendes L\u00f6sungs- und Leistungsportfolio. Allgeier bildet mit einem hochflexiblen Delivery-Modell das komplette IT-Leistungsspektrum von Onsite \u00fcber Nearshore bis hin zu Offshore ab: Mit einem starken Standbein in Indien werden Flexibilit\u00e4t und h\u00f6chste Skalierbarkeit der Leistungen sowie hochqualifiziertes Expertenwissen in der High-End-Softwareentwicklung sichergestellt. Zu den Kunden von Allgeier z\u00e4hlen global arbeitende Konzerne genauso wie innovative mittelst\u00e4ndische Betriebe, die sich durch leistungsstarke IT-L\u00f6sungen, intelligente Software und flexible Personaldienstleistungen strategische Vorteile sichern wollen. Die stark wachsende Gruppe mit Hauptsitz in M\u00fcnchen verf\u00fcgt \u00fcber mehr als 100 Niederlassungen in der DACH-Region, in neun weiteren europ\u00e4ischen L\u00e4ndern sowie in Indien, Singapur, Vietnam, Malaysia, Japan, Australien, Mexiko und den USA. 2016 erzielte Allgeier im fortgef\u00fchrten Gesch\u00e4ft einen Umsatz von 498 Mio. Euro. Allgeier SE belegt in der L\u00fcnendonk(R)-Sonderanalyse 2017 &#8222;F\u00fchrende deutsche mittelst\u00e4ndische IT-Beratungs- und Systemintegrations-Unternehmen&#8220; den ersten Platz. Allgeier Experts ist nach L\u00fcnendonk(R)-Marktsegmentstudie 2017 &#8222;Der Markt f\u00fcr Rekrutierung, Vermittlung und Steuerung von IT-Freelancern in Deutschland&#8220; unter den TOP 3 IT-Personaldienstleistern in Deutschland. Allgeier SE ist am Regulierten Markt der Frankfurter Wertpapierb\u00f6rse im General Standard gelistet (WKN A2GS63, ISIN DE000A2GS633). Weitere Informationen unter: www.allgeier.com.<\/p>\n<p>\u00a0\n<\/p><\/div>\n<\/td>\n<\/tr>\n<\/table>\n<p><\/p>\n<div class=\"\">\n<p class=\"\">\n<\/div>\n","protected":false},"excerpt":{"rendered":"<p>ALLGEIER SE \/ Schlagwort(e): Quartals-\/Zwischenmitteilung\/9-Monatszahlen  Allgeier SE: Allgeier erzielt Ergebnissteigerung und zweistelliges Umsatzwachstum im dritten Quartal 2017   26.10.2017 \/ 17:06 CET\/CEST  Ver\u00f6ffentlichung einer Insiderinformation gem\u00e4\u00df Artikel 17 MAR, \u00fcbermittelt durch DGAP<\/p>\n","protected":false},"author":4,"featured_media":0,"parent":1155,"menu_order":0,"comment_status":"close","ping_status":"closed","template":"","meta":{"_acf_changed":false,"footnotes":""},"categories":[],"tags":[],"class_list":["post-7232","page","type-page","status-publish","hentry"],"acf":[],"yoast_head":"<!-- This site is optimized with the Yoast SEO plugin v27.4 - https:\/\/yoast.com\/product\/yoast-seo-wordpress\/ -->\n<title>Allgeier SE: Allgeier erzielt Ergebnissteigerung und zweistelliges Umsatzwachstum im dritten Quartal 2017 - Allgeier SE<\/title>\n<meta name=\"robots\" content=\"index, follow, max-snippet:-1, max-image-preview:large, max-video-preview:-1\" \/>\n<link rel=\"canonical\" href=\"https:\/\/www.allgeier.com\/de\/investor-relations\/adhoc-announcements\/allgeier-se-allgeier-erzielt-ergebnissteigerung-und-zweistelliges-umsatzwachstum-im-dritten-quartal-2017-2\/\" \/>\n<meta property=\"og:locale\" content=\"de_DE\" \/>\n<meta property=\"og:type\" content=\"article\" \/>\n<meta property=\"og:title\" content=\"Allgeier SE: Allgeier erzielt Ergebnissteigerung und zweistelliges Umsatzwachstum im dritten Quartal 2017 - Allgeier SE\" \/>\n<meta property=\"og:description\" content=\"ALLGEIER SE \/ Schlagwort(e): Quartals-\/Zwischenmitteilung\/9-Monatszahlen Allgeier SE: Allgeier erzielt Ergebnissteigerung und zweistelliges Umsatzwachstum im dritten Quartal 2017  26.10.2017 \/ 17:06 CET\/CEST Ver\u00f6ffentlichung einer Insiderinformation gem\u00e4\u00df Artikel 17 MAR, \u00fcbermittelt durch DGAP\" \/>\n<meta property=\"og:url\" content=\"https:\/\/www.allgeier.com\/de\/investor-relations\/adhoc-announcements\/allgeier-se-allgeier-erzielt-ergebnissteigerung-und-zweistelliges-umsatzwachstum-im-dritten-quartal-2017-2\/\" \/>\n<meta property=\"og:site_name\" content=\"Allgeier SE\" \/>\n<meta property=\"article:modified_time\" content=\"2025-07-23T10:27:51+00:00\" \/>\n<meta name=\"twitter:card\" content=\"summary_large_image\" \/>\n<meta name=\"twitter:label1\" content=\"Gesch\u00e4tzte Lesezeit\" \/>\n\t<meta name=\"twitter:data1\" content=\"4\u00a0Minuten\" \/>\n<script type=\"application\/ld+json\" class=\"yoast-schema-graph\">{\"@context\":\"https:\\\/\\\/schema.org\",\"@graph\":[{\"@type\":\"WebPage\",\"@id\":\"https:\\\/\\\/www.allgeier.com\\\/de\\\/investor-relations\\\/adhoc-announcements\\\/allgeier-se-allgeier-erzielt-ergebnissteigerung-und-zweistelliges-umsatzwachstum-im-dritten-quartal-2017-2\\\/\",\"url\":\"https:\\\/\\\/www.allgeier.com\\\/de\\\/investor-relations\\\/adhoc-announcements\\\/allgeier-se-allgeier-erzielt-ergebnissteigerung-und-zweistelliges-umsatzwachstum-im-dritten-quartal-2017-2\\\/\",\"name\":\"Allgeier SE: Allgeier erzielt Ergebnissteigerung und zweistelliges Umsatzwachstum im dritten Quartal 2017 - Allgeier SE\",\"isPartOf\":{\"@id\":\"https:\\\/\\\/www.allgeier.com\\\/de\\\/#website\"},\"datePublished\":\"2017-10-26T15:06:03+00:00\",\"dateModified\":\"2025-07-23T10:27:51+00:00\",\"breadcrumb\":{\"@id\":\"https:\\\/\\\/www.allgeier.com\\\/de\\\/investor-relations\\\/adhoc-announcements\\\/allgeier-se-allgeier-erzielt-ergebnissteigerung-und-zweistelliges-umsatzwachstum-im-dritten-quartal-2017-2\\\/#breadcrumb\"},\"inLanguage\":\"de\",\"potentialAction\":[{\"@type\":\"ReadAction\",\"target\":[\"https:\\\/\\\/www.allgeier.com\\\/de\\\/investor-relations\\\/adhoc-announcements\\\/allgeier-se-allgeier-erzielt-ergebnissteigerung-und-zweistelliges-umsatzwachstum-im-dritten-quartal-2017-2\\\/\"]}]},{\"@type\":\"BreadcrumbList\",\"@id\":\"https:\\\/\\\/www.allgeier.com\\\/de\\\/investor-relations\\\/adhoc-announcements\\\/allgeier-se-allgeier-erzielt-ergebnissteigerung-und-zweistelliges-umsatzwachstum-im-dritten-quartal-2017-2\\\/#breadcrumb\",\"itemListElement\":[{\"@type\":\"ListItem\",\"position\":1,\"name\":\"Home\",\"item\":\"https:\\\/\\\/www.allgeier.com\\\/de\\\/\"},{\"@type\":\"ListItem\",\"position\":2,\"name\":\"Investor Relations\",\"item\":\"https:\\\/\\\/www.allgeier.com\\\/de\\\/investor-relations\\\/\"},{\"@type\":\"ListItem\",\"position\":3,\"name\":\"Ad hoc-Mitteilungen\",\"item\":\"https:\\\/\\\/www.allgeier.com\\\/de\\\/investor-relations\\\/adhoc-announcements\\\/\"},{\"@type\":\"ListItem\",\"position\":4,\"name\":\"Allgeier SE: Allgeier erzielt Ergebnissteigerung und zweistelliges Umsatzwachstum im dritten Quartal 2017\"}]},{\"@type\":\"WebSite\",\"@id\":\"https:\\\/\\\/www.allgeier.com\\\/de\\\/#website\",\"url\":\"https:\\\/\\\/www.allgeier.com\\\/de\\\/\",\"name\":\"Allgeier SE\",\"description\":\"Software &amp; IT Services for digital transformation\",\"potentialAction\":[{\"@type\":\"SearchAction\",\"target\":{\"@type\":\"EntryPoint\",\"urlTemplate\":\"https:\\\/\\\/www.allgeier.com\\\/de\\\/?s={search_term_string}\"},\"query-input\":{\"@type\":\"PropertyValueSpecification\",\"valueRequired\":true,\"valueName\":\"search_term_string\"}}],\"inLanguage\":\"de\"}]}<\/script>\n<!-- \/ Yoast SEO plugin. -->","yoast_head_json":{"title":"Allgeier SE: Allgeier erzielt Ergebnissteigerung und zweistelliges Umsatzwachstum im dritten Quartal 2017 - Allgeier SE","robots":{"index":"index","follow":"follow","max-snippet":"max-snippet:-1","max-image-preview":"max-image-preview:large","max-video-preview":"max-video-preview:-1"},"canonical":"https:\/\/www.allgeier.com\/de\/investor-relations\/adhoc-announcements\/allgeier-se-allgeier-erzielt-ergebnissteigerung-und-zweistelliges-umsatzwachstum-im-dritten-quartal-2017-2\/","og_locale":"de_DE","og_type":"article","og_title":"Allgeier SE: Allgeier erzielt Ergebnissteigerung und zweistelliges Umsatzwachstum im dritten Quartal 2017 - Allgeier SE","og_description":"ALLGEIER SE \/ Schlagwort(e): Quartals-\/Zwischenmitteilung\/9-Monatszahlen Allgeier SE: Allgeier erzielt Ergebnissteigerung und zweistelliges Umsatzwachstum im dritten Quartal 2017  26.10.2017 \/ 17:06 CET\/CEST Ver\u00f6ffentlichung einer Insiderinformation gem\u00e4\u00df Artikel 17 MAR, \u00fcbermittelt durch DGAP","og_url":"https:\/\/www.allgeier.com\/de\/investor-relations\/adhoc-announcements\/allgeier-se-allgeier-erzielt-ergebnissteigerung-und-zweistelliges-umsatzwachstum-im-dritten-quartal-2017-2\/","og_site_name":"Allgeier SE","article_modified_time":"2025-07-23T10:27:51+00:00","twitter_card":"summary_large_image","twitter_misc":{"Gesch\u00e4tzte Lesezeit":"4\u00a0Minuten"},"schema":{"@context":"https:\/\/schema.org","@graph":[{"@type":"WebPage","@id":"https:\/\/www.allgeier.com\/de\/investor-relations\/adhoc-announcements\/allgeier-se-allgeier-erzielt-ergebnissteigerung-und-zweistelliges-umsatzwachstum-im-dritten-quartal-2017-2\/","url":"https:\/\/www.allgeier.com\/de\/investor-relations\/adhoc-announcements\/allgeier-se-allgeier-erzielt-ergebnissteigerung-und-zweistelliges-umsatzwachstum-im-dritten-quartal-2017-2\/","name":"Allgeier SE: Allgeier erzielt Ergebnissteigerung und zweistelliges Umsatzwachstum im dritten Quartal 2017 - Allgeier SE","isPartOf":{"@id":"https:\/\/www.allgeier.com\/de\/#website"},"datePublished":"2017-10-26T15:06:03+00:00","dateModified":"2025-07-23T10:27:51+00:00","breadcrumb":{"@id":"https:\/\/www.allgeier.com\/de\/investor-relations\/adhoc-announcements\/allgeier-se-allgeier-erzielt-ergebnissteigerung-und-zweistelliges-umsatzwachstum-im-dritten-quartal-2017-2\/#breadcrumb"},"inLanguage":"de","potentialAction":[{"@type":"ReadAction","target":["https:\/\/www.allgeier.com\/de\/investor-relations\/adhoc-announcements\/allgeier-se-allgeier-erzielt-ergebnissteigerung-und-zweistelliges-umsatzwachstum-im-dritten-quartal-2017-2\/"]}]},{"@type":"BreadcrumbList","@id":"https:\/\/www.allgeier.com\/de\/investor-relations\/adhoc-announcements\/allgeier-se-allgeier-erzielt-ergebnissteigerung-und-zweistelliges-umsatzwachstum-im-dritten-quartal-2017-2\/#breadcrumb","itemListElement":[{"@type":"ListItem","position":1,"name":"Home","item":"https:\/\/www.allgeier.com\/de\/"},{"@type":"ListItem","position":2,"name":"Investor Relations","item":"https:\/\/www.allgeier.com\/de\/investor-relations\/"},{"@type":"ListItem","position":3,"name":"Ad hoc-Mitteilungen","item":"https:\/\/www.allgeier.com\/de\/investor-relations\/adhoc-announcements\/"},{"@type":"ListItem","position":4,"name":"Allgeier SE: Allgeier erzielt Ergebnissteigerung und zweistelliges Umsatzwachstum im dritten Quartal 2017"}]},{"@type":"WebSite","@id":"https:\/\/www.allgeier.com\/de\/#website","url":"https:\/\/www.allgeier.com\/de\/","name":"Allgeier SE","description":"Software &amp; IT Services for digital transformation","potentialAction":[{"@type":"SearchAction","target":{"@type":"EntryPoint","urlTemplate":"https:\/\/www.allgeier.com\/de\/?s={search_term_string}"},"query-input":{"@type":"PropertyValueSpecification","valueRequired":true,"valueName":"search_term_string"}}],"inLanguage":"de"}]}},"_links":{"self":[{"href":"https:\/\/www.allgeier.com\/de\/wp-json\/wp\/v2\/pages\/7232","targetHints":{"allow":["GET"]}}],"collection":[{"href":"https:\/\/www.allgeier.com\/de\/wp-json\/wp\/v2\/pages"}],"about":[{"href":"https:\/\/www.allgeier.com\/de\/wp-json\/wp\/v2\/types\/page"}],"author":[{"embeddable":true,"href":"https:\/\/www.allgeier.com\/de\/wp-json\/wp\/v2\/users\/4"}],"replies":[{"embeddable":true,"href":"https:\/\/www.allgeier.com\/de\/wp-json\/wp\/v2\/comments?post=7232"}],"version-history":[{"count":1,"href":"https:\/\/www.allgeier.com\/de\/wp-json\/wp\/v2\/pages\/7232\/revisions"}],"predecessor-version":[{"id":7235,"href":"https:\/\/www.allgeier.com\/de\/wp-json\/wp\/v2\/pages\/7232\/revisions\/7235"}],"up":[{"embeddable":true,"href":"https:\/\/www.allgeier.com\/de\/wp-json\/wp\/v2\/pages\/1155"}],"wp:attachment":[{"href":"https:\/\/www.allgeier.com\/de\/wp-json\/wp\/v2\/media?parent=7232"}],"wp:term":[{"taxonomy":"category","embeddable":true,"href":"https:\/\/www.allgeier.com\/de\/wp-json\/wp\/v2\/categories?post=7232"},{"taxonomy":"post_tag","embeddable":true,"href":"https:\/\/www.allgeier.com\/de\/wp-json\/wp\/v2\/tags?post=7232"}],"curies":[{"name":"wp","href":"https:\/\/api.w.org\/{rel}","templated":true}]}}